{"id":2497,"date":"2016-02-18T13:03:31","date_gmt":"2016-02-18T12:03:31","guid":{"rendered":"http:\/\/strony.amuz.krakow.pl\/?page_id=2497"},"modified":"2023-11-29T15:14:16","modified_gmt":"2023-11-29T14:14:16","slug":"dr-pawel-kubica","status":"publish","type":"page","link":"https:\/\/www.amuz.krakow.pl\/en\/wydzialy\/wydzial-ii-instrumentalny\/katedra-kameralistyki\/pracownicy-katedry\/dr-pawel-kubica\/","title":{"rendered":"dr Pawe\u0142 Kubica"},"content":{"rendered":"<p><\/p>\n<p style=\"text-align: justify;\"><a href=\"https:\/\/www.amuz.krakow.pl\/wp-content\/uploads\/2016\/02\/Kubica-Pawe\u0142.jpg\"><img loading=\"lazy\" decoding=\"async\" class=\"alignleft wp-image-2500 size-medium\" src=\"https:\/\/www.amuz.krakow.pl\/wp-content\/uploads\/2016\/02\/Kubica-Pawe\u0142-300x200.jpg\" alt=\"Kubica Pawe\u0142\" width=\"300\" height=\"200\" srcset=\"https:\/\/www.amuz.krakow.pl\/wp-content\/uploads\/2016\/02\/Kubica-Pawe\u0142-300x200.jpg 300w, https:\/\/www.amuz.krakow.pl\/wp-content\/uploads\/2016\/02\/Kubica-Pawe\u0142-1024x682.jpg 1024w\" sizes=\"auto, (max-width: 300px) 100vw, 300px\" \/><\/a>Pawe\u0142 Kubica graduated with distinction from the Music Academy of Krakow in Janusz Olejniczak&#8217;s class in 1996. Prior to this he studied with Jerzy \u0141ukowicz for many years.<br \/>\nHe attended various master classes in Poland and abroad working with such virtuosos as Halina Czerny &#8211; Stefa\u0144ska, Andrzej Jasi\u0144ski, Vlado Perlemuter, Rudolf Buchbinder, Lee Kum Sing, Jean Marc Luisada.<br \/>\nHis first significant achievement came in 1989 when he was awarded Second Prize at the Mi\u0142osz Magin Piano Competition in Paris. Since that time the pianist has won a range of prizes at competitions in Poland and abroad. He won the Stendal Foundation Piano Competition in Detmold (Germany, 1992) and the Special Prize at the I Tansman International Competition of Musical Personalities in \u0141\u00f3d\u017a (1996). In 1998 he won two prizes at the Krzysztof Penderecki International Competition of Contemporary Music in Krak\u00f3w: First Prize in the category of soloists and Special Prize for the best interpretation of a Polish composition. He participated twice in the Fryderyk Chopin International Piano Competition in Warsaw (1995, 2000). In 1997 he was awarded a Cracow Council Scholarship for Creative Personalities.<br \/>\nPawe\u0142 Kubica has been engaged in a solo artistic activity winning the audience&#8217;s attention and critical acclaim in Poland and abroad, e.g. he succesfully performed in England, Austria, France, Germany, Italy, Russia, Slovakia and Serbia.<br \/>\nHe has been invited to participate in notable music events such as Chopin Festival in Nohant (France), International Festival of Contemporary Music \u201cWarsaw Autumn\u201d, Polish Piano Festival in S\u0142upsk, \u201cChopin in autumn colours\u201d in Antonin, International Days of Cracow Composers, Summer Music Festival \u201cWawel at dusk\u201d.<br \/>\nAs a soloist he has performed symphonic concerts, among others with SWF &#8211; Sinfonieorchester, Tomsk Philharmonic Orchestra, The Polish National Radio Symphony Orchestra in Katowice, The Polish Radio Symphony Orchestra, Cracow Philharmonic Or-chestra, Rzesz\u00f3w Philharmonic Orchestra, Polish Baltic Philharmonic Orchestra, Kalisz Philharmonic Orchestra, under direction of such conductors as Arnold \u00d6stman, Wojciech Michniewski, Wojciech Rajski, Micha\u0142 Klauza, Micha\u0142 Nesterowicz, Wojciech Czepiel, Pawe\u0142 Przytocki, Zygmunt Rychert.<br \/>\nAs a chamber musician, he has performed among others with The Silesian String Quartet and the cellist Adam Klocek.<br \/>\nPawe\u0142 Kubica has for many years been engaged with vocal-piano chamber music many a time working as an accompanist at the vocal master classes of Teresa \u017bylis &#8211; Gara, Ryszard Karczykowski, Helena \u0141azarska.<br \/>\nThe pianist performs a wide-ranging repertoire spanning major music periods. He is a noted interpreter of Fryderyk Chopin&#8217;s music. He also devotes himself to contemporary music and has given well-received performances of piano concertos of Krzysztof Penderecki, Woj-ciech Kilar and Henryk Miko\u0142aj G\u00f3recki.<br \/>\nPawe\u0142 Kubica has recorded a CD with Robert Schumann&#8217; s compositions with SWF-Sinfonieorchester conducted by Arnold \u00d6stman. The recording was published by Arte Nova in 1995. In 2011 the \u201cPolish Recordings\u201d company released another album with the participation of Pawe\u0142 Kubica, entitled \u201cMusic and Politics\u201d. It is the record of a gala concert at which the compositions of the President of Croatia Ivo Josipovi\u0107 were performed, in the presence of the composer.<br \/>\nAmong many recordings for the radio and television worth mentioning Robert Schumann&#8217; s Piano Concerto in A minor performed with the Polish Radio Orchestra conducted by Wojciech Rajski in 2002 deserves a special attention as well as recorded live Francis Poulenc\u2019 s Piano Concerto performed with the Polish National Radio Symphony Orchestra in Katowice conducted by Micha\u0142 Klauza in 2013.<\/p>\n<p><a href=\"mailto:pawel.kubica@amuz.krakow.pl\">pawel.kubica@amuz.krakow.pl<\/a><\/p>","protected":false},"excerpt":{"rendered":"<p>Pawe\u0142 Kubica graduated with distinction from the Music Academy of Krakow in Janusz Olejniczak&#8217;s class in 1996. Prior to this he studied with Jerzy \u0141ukowicz for many years. He attended&hellip; <a href=\"https:\/\/www.amuz.krakow.pl\/en\/wydzialy\/wydzial-ii-instrumentalny\/katedra-kameralistyki\/pracownicy-katedry\/dr-pawel-kubica\/\">Continue reading<\/a><\/p>\n","protected":false},"author":72,"featured_media":0,"parent":44250,"menu_order":20,"comment_status":"closed","ping_status":"closed","template":"","meta":{"footnotes":"","_links_to":"","_links_to_target":""},"class_list":["post-2497","page","type-page","status-publish","hentry"],"yoast_head":"<!-- This site is optimized with the Yoast SEO plugin v27.2 - https:\/\/yoast.com\/product\/yoast-seo-wordpress\/ -->\n<title>AMKP - Akademia Muzyczna im. Krzysztofa Pendereckiego w Krakowie<\/title>\n<meta name=\"robots\" content=\"index, follow, max-snippet:-1, max-image-preview:large, max-video-preview:-1\" \/>\n<link rel=\"canonical\" href=\"https:\/\/www.amuz.krakow.pl\/wydzialy\/wydzial-ii-instrumentalny\/katedra-kameralistyki\/pracownicy-katedry\/dr-pawel-kubica\/\" \/>\n<meta property=\"og:locale\" content=\"en_US\" \/>\n<meta property=\"og:type\" content=\"article\" \/>\n<meta property=\"og:title\" content=\"AMKP - Akademia Muzyczna im. Krzysztofa Pendereckiego w Krakowie\" \/>\n<meta property=\"og:description\" content=\"Pawe\u0142 Kubica graduated with distinction from the Music Academy of Krakow in Janusz Olejniczak&#8217;s class in 1996. Prior to this he studied with Jerzy \u0141ukowicz for many years. He attended&hellip; Continue reading\" \/>\n<meta property=\"og:url\" content=\"https:\/\/www.amuz.krakow.pl\/wydzialy\/wydzial-ii-instrumentalny\/katedra-kameralistyki\/pracownicy-katedry\/dr-pawel-kubica\/\" \/>\n<meta property=\"og:site_name\" content=\"Akademia Muzyczna im. Krzysztofa Pendereckiego w Krakowie\" \/>\n<meta property=\"article:publisher\" content=\"https:\/\/www.facebook.com\/amuz.krakow\" \/>\n<meta property=\"article:modified_time\" content=\"2023-11-29T14:14:16+00:00\" \/>\n<meta property=\"og:image\" content=\"https:\/\/www.amuz.krakow.pl\/wp-content\/uploads\/2021\/11\/amkp.jpg\" \/>\n\t<meta property=\"og:image:width\" content=\"1193\" \/>\n\t<meta property=\"og:image:height\" content=\"591\" \/>\n\t<meta property=\"og:image:type\" content=\"image\/jpeg\" \/>\n<meta name=\"twitter:card\" content=\"summary_large_image\" \/>\n<meta name=\"twitter:label1\" content=\"Est. reading time\" \/>\n\t<meta name=\"twitter:data1\" content=\"4 minutes\" \/>\n<script type=\"application\/ld+json\" class=\"yoast-schema-graph\">{\"@context\":\"https:\/\/schema.org\",\"@graph\":[{\"@type\":\"WebPage\",\"@id\":\"https:\/\/www.amuz.krakow.pl\/wydzialy\/wydzial-ii-instrumentalny\/katedra-kameralistyki\/pracownicy-katedry\/dr-pawel-kubica\/\",\"url\":\"https:\/\/www.amuz.krakow.pl\/wydzialy\/wydzial-ii-instrumentalny\/katedra-kameralistyki\/pracownicy-katedry\/dr-pawel-kubica\/\",\"name\":\"AMKP - Akademia Muzyczna im. Krzysztofa Pendereckiego w Krakowie\",\"isPartOf\":{\"@id\":\"https:\/\/www.amuz.krakow.pl\/#website\"},\"datePublished\":\"2016-02-18T12:03:31+00:00\",\"dateModified\":\"2023-11-29T14:14:16+00:00\",\"breadcrumb\":{\"@id\":\"https:\/\/www.amuz.krakow.pl\/wydzialy\/wydzial-ii-instrumentalny\/katedra-kameralistyki\/pracownicy-katedry\/dr-pawel-kubica\/#breadcrumb\"},\"inLanguage\":\"en-US\",\"potentialAction\":[{\"@type\":\"ReadAction\",\"target\":[\"https:\/\/www.amuz.krakow.pl\/wydzialy\/wydzial-ii-instrumentalny\/katedra-kameralistyki\/pracownicy-katedry\/dr-pawel-kubica\/\"]}]},{\"@type\":\"BreadcrumbList\",\"@id\":\"https:\/\/www.amuz.krakow.pl\/wydzialy\/wydzial-ii-instrumentalny\/katedra-kameralistyki\/pracownicy-katedry\/dr-pawel-kubica\/#breadcrumb\",\"itemListElement\":[{\"@type\":\"ListItem\",\"position\":1,\"name\":\"Strona g\u0142\u00f3wna\",\"item\":\"https:\/\/www.amuz.krakow.pl\/\"},{\"@type\":\"ListItem\",\"position\":2,\"name\":\"WYDZIA\u0141Y\",\"item\":\"https:\/\/www.amuz.krakow.pl\/wydzialy\/\"},{\"@type\":\"ListItem\",\"position\":3,\"name\":\"Wydzia\u0142 Instrumentalny\",\"item\":\"https:\/\/www.amuz.krakow.pl\/wydzialy\/wydzial-ii-instrumentalny\/\"},{\"@type\":\"ListItem\",\"position\":4,\"name\":\"Katedra Kameralistyki\",\"item\":\"https:\/\/www.amuz.krakow.pl\/wydzialy\/wydzial-ii-instrumentalny\/katedra-kameralistyki\/\"},{\"@type\":\"ListItem\",\"position\":5,\"name\":\"Pracownicy Katedry\",\"item\":\"https:\/\/www.amuz.krakow.pl\/wydzialy\/wydzial-ii-instrumentalny\/katedra-kameralistyki\/pracownicy-katedry\/\"},{\"@type\":\"ListItem\",\"position\":6,\"name\":\"dr Pawe\u0142 Kubica\"}]},{\"@type\":\"WebSite\",\"@id\":\"https:\/\/www.amuz.krakow.pl\/#website\",\"url\":\"https:\/\/www.amuz.krakow.pl\/\",\"name\":\"Akademia Muzyczna im. Krzysztofa Pendereckiego w Krakowie\",\"description\":\"Oficjalna strona Akademii Muzycznej im. Krzysztofa Pendereckiego w Krakowie (AMKP).\",\"publisher\":{\"@id\":\"https:\/\/www.amuz.krakow.pl\/#organization\"},\"alternateName\":\"AMKP\",\"potentialAction\":[{\"@type\":\"SearchAction\",\"target\":{\"@type\":\"EntryPoint\",\"urlTemplate\":\"https:\/\/www.amuz.krakow.pl\/?s={search_term_string}\"},\"query-input\":{\"@type\":\"PropertyValueSpecification\",\"valueRequired\":true,\"valueName\":\"search_term_string\"}}],\"inLanguage\":\"en-US\"},{\"@type\":\"Organization\",\"@id\":\"https:\/\/www.amuz.krakow.pl\/#organization\",\"name\":\"Akademia Muzyczna im. Krzysztofa Pendereckiego w Krakowie\",\"alternateName\":\"AMKP\",\"url\":\"https:\/\/www.amuz.krakow.pl\/\",\"logo\":{\"@type\":\"ImageObject\",\"inLanguage\":\"en-US\",\"@id\":\"https:\/\/www.amuz.krakow.pl\/#\/schema\/logo\/image\/\",\"url\":\"https:\/\/www.amuz.krakow.pl\/wp-content\/uploads\/2021\/11\/amkp.jpg\",\"contentUrl\":\"https:\/\/www.amuz.krakow.pl\/wp-content\/uploads\/2021\/11\/amkp.jpg\",\"width\":1193,\"height\":591,\"caption\":\"Akademia Muzyczna im. Krzysztofa Pendereckiego w Krakowie\"},\"image\":{\"@id\":\"https:\/\/www.amuz.krakow.pl\/#\/schema\/logo\/image\/\"},\"sameAs\":[\"https:\/\/www.facebook.com\/amuz.krakow\",\"https:\/\/www.instagram.com\/amkpenderecki\/\",\"https:\/\/www.youtube.com\/@amkpenderecki4806\"]}]}<\/script>\n<!-- \/ Yoast SEO plugin. -->","yoast_head_json":{"title":"AMKP - Akademia Muzyczna im. Krzysztofa Pendereckiego w Krakowie","robots":{"index":"index","follow":"follow","max-snippet":"max-snippet:-1","max-image-preview":"max-image-preview:large","max-video-preview":"max-video-preview:-1"},"canonical":"https:\/\/www.amuz.krakow.pl\/wydzialy\/wydzial-ii-instrumentalny\/katedra-kameralistyki\/pracownicy-katedry\/dr-pawel-kubica\/","og_locale":"en_US","og_type":"article","og_title":"AMKP - Akademia Muzyczna im. Krzysztofa Pendereckiego w Krakowie","og_description":"Pawe\u0142 Kubica graduated with distinction from the Music Academy of Krakow in Janusz Olejniczak&#8217;s class in 1996. Prior to this he studied with Jerzy \u0141ukowicz for many years. He attended&hellip; Continue reading","og_url":"https:\/\/www.amuz.krakow.pl\/wydzialy\/wydzial-ii-instrumentalny\/katedra-kameralistyki\/pracownicy-katedry\/dr-pawel-kubica\/","og_site_name":"Akademia Muzyczna im. Krzysztofa Pendereckiego w Krakowie","article_publisher":"https:\/\/www.facebook.com\/amuz.krakow","article_modified_time":"2023-11-29T14:14:16+00:00","og_image":[{"width":1193,"height":591,"url":"https:\/\/www.amuz.krakow.pl\/wp-content\/uploads\/2021\/11\/amkp.jpg","type":"image\/jpeg"}],"twitter_card":"summary_large_image","twitter_misc":{"Est. reading time":"4 minutes"},"schema":{"@context":"https:\/\/schema.org","@graph":[{"@type":"WebPage","@id":"https:\/\/www.amuz.krakow.pl\/wydzialy\/wydzial-ii-instrumentalny\/katedra-kameralistyki\/pracownicy-katedry\/dr-pawel-kubica\/","url":"https:\/\/www.amuz.krakow.pl\/wydzialy\/wydzial-ii-instrumentalny\/katedra-kameralistyki\/pracownicy-katedry\/dr-pawel-kubica\/","name":"AMKP - Akademia Muzyczna im. Krzysztofa Pendereckiego w Krakowie","isPartOf":{"@id":"https:\/\/www.amuz.krakow.pl\/#website"},"datePublished":"2016-02-18T12:03:31+00:00","dateModified":"2023-11-29T14:14:16+00:00","breadcrumb":{"@id":"https:\/\/www.amuz.krakow.pl\/wydzialy\/wydzial-ii-instrumentalny\/katedra-kameralistyki\/pracownicy-katedry\/dr-pawel-kubica\/#breadcrumb"},"inLanguage":"en-US","potentialAction":[{"@type":"ReadAction","target":["https:\/\/www.amuz.krakow.pl\/wydzialy\/wydzial-ii-instrumentalny\/katedra-kameralistyki\/pracownicy-katedry\/dr-pawel-kubica\/"]}]},{"@type":"BreadcrumbList","@id":"https:\/\/www.amuz.krakow.pl\/wydzialy\/wydzial-ii-instrumentalny\/katedra-kameralistyki\/pracownicy-katedry\/dr-pawel-kubica\/#breadcrumb","itemListElement":[{"@type":"ListItem","position":1,"name":"Strona g\u0142\u00f3wna","item":"https:\/\/www.amuz.krakow.pl\/"},{"@type":"ListItem","position":2,"name":"WYDZIA\u0141Y","item":"https:\/\/www.amuz.krakow.pl\/wydzialy\/"},{"@type":"ListItem","position":3,"name":"Wydzia\u0142 Instrumentalny","item":"https:\/\/www.amuz.krakow.pl\/wydzialy\/wydzial-ii-instrumentalny\/"},{"@type":"ListItem","position":4,"name":"Katedra Kameralistyki","item":"https:\/\/www.amuz.krakow.pl\/wydzialy\/wydzial-ii-instrumentalny\/katedra-kameralistyki\/"},{"@type":"ListItem","position":5,"name":"Pracownicy Katedry","item":"https:\/\/www.amuz.krakow.pl\/wydzialy\/wydzial-ii-instrumentalny\/katedra-kameralistyki\/pracownicy-katedry\/"},{"@type":"ListItem","position":6,"name":"dr Pawe\u0142 Kubica"}]},{"@type":"WebSite","@id":"https:\/\/www.amuz.krakow.pl\/#website","url":"https:\/\/www.amuz.krakow.pl\/","name":"Akademia Muzyczna im. Krzysztofa Pendereckiego w Krakowie","description":"Oficjalna strona Akademii Muzycznej im. Krzysztofa Pendereckiego w Krakowie (AMKP).","publisher":{"@id":"https:\/\/www.amuz.krakow.pl\/#organization"},"alternateName":"AMKP","potentialAction":[{"@type":"SearchAction","target":{"@type":"EntryPoint","urlTemplate":"https:\/\/www.amuz.krakow.pl\/?s={search_term_string}"},"query-input":{"@type":"PropertyValueSpecification","valueRequired":true,"valueName":"search_term_string"}}],"inLanguage":"en-US"},{"@type":"Organization","@id":"https:\/\/www.amuz.krakow.pl\/#organization","name":"Akademia Muzyczna im. Krzysztofa Pendereckiego w Krakowie","alternateName":"AMKP","url":"https:\/\/www.amuz.krakow.pl\/","logo":{"@type":"ImageObject","inLanguage":"en-US","@id":"https:\/\/www.amuz.krakow.pl\/#\/schema\/logo\/image\/","url":"https:\/\/www.amuz.krakow.pl\/wp-content\/uploads\/2021\/11\/amkp.jpg","contentUrl":"https:\/\/www.amuz.krakow.pl\/wp-content\/uploads\/2021\/11\/amkp.jpg","width":1193,"height":591,"caption":"Akademia Muzyczna im. Krzysztofa Pendereckiego w Krakowie"},"image":{"@id":"https:\/\/www.amuz.krakow.pl\/#\/schema\/logo\/image\/"},"sameAs":["https:\/\/www.facebook.com\/amuz.krakow","https:\/\/www.instagram.com\/amkpenderecki\/","https:\/\/www.youtube.com\/@amkpenderecki4806"]}]}},"_links":{"self":[{"href":"https:\/\/www.amuz.krakow.pl\/en\/wp-json\/wp\/v2\/pages\/2497","targetHints":{"allow":["GET"]}}],"collection":[{"href":"https:\/\/www.amuz.krakow.pl\/en\/wp-json\/wp\/v2\/pages"}],"about":[{"href":"https:\/\/www.amuz.krakow.pl\/en\/wp-json\/wp\/v2\/types\/page"}],"author":[{"embeddable":true,"href":"https:\/\/www.amuz.krakow.pl\/en\/wp-json\/wp\/v2\/users\/72"}],"replies":[{"embeddable":true,"href":"https:\/\/www.amuz.krakow.pl\/en\/wp-json\/wp\/v2\/comments?post=2497"}],"version-history":[{"count":2,"href":"https:\/\/www.amuz.krakow.pl\/en\/wp-json\/wp\/v2\/pages\/2497\/revisions"}],"predecessor-version":[{"id":41763,"href":"https:\/\/www.amuz.krakow.pl\/en\/wp-json\/wp\/v2\/pages\/2497\/revisions\/41763"}],"up":[{"embeddable":true,"href":"https:\/\/www.amuz.krakow.pl\/en\/wp-json\/wp\/v2\/pages\/44250"}],"wp:attachment":[{"href":"https:\/\/www.amuz.krakow.pl\/en\/wp-json\/wp\/v2\/media?parent=2497"}],"curies":[{"name":"wp","href":"https:\/\/api.w.org\/{rel}","templated":true}]}}