{"id":2474,"date":"2016-02-18T12:56:25","date_gmt":"2016-02-18T11:56:25","guid":{"rendered":"http:\/\/strony.amuz.krakow.pl\/?page_id=2474"},"modified":"2025-03-17T15:26:04","modified_gmt":"2025-03-17T14:26:04","slug":"dr-hab-anna-debowska-jaroszek","status":"publish","type":"page","link":"https:\/\/www.amuz.krakow.pl\/en\/wydzialy\/wydzial-ii-instrumentalny\/katedra-kameralistyki\/pracownicy-katedry\/dr-hab-anna-debowska-jaroszek\/","title":{"rendered":"prof. dr hab. Anna D\u0119bowska-Jaroszek"},"content":{"rendered":"<p><\/p>\n<p style=\"text-align: justify;\"><a href=\"https:\/\/www.amuz.krakow.pl\/wp-content\/uploads\/2016\/02\/D\u0119bowska-Jaroszek-Anna.jpg\"><img loading=\"lazy\" decoding=\"async\" class=\"alignleft wp-image-2476 \" src=\"https:\/\/www.amuz.krakow.pl\/wp-content\/uploads\/2016\/02\/D\u0119bowska-Jaroszek-Anna.jpg\" alt=\"D\u0119bowska-Jaroszek Anna\" width=\"200\" height=\"263\" \/><\/a>Anna D\u0119bowska-Jaroszek, PhD,\u00a0graduated with honors from Krak\u00f3w Music Academy in the piano class of prof. Andrzej Pikul in 1997 and then in 2005 earned the degree of Doctor of Musical Arts and her post-doctoral degree in Musical Arts in 2013. Shortly after her graduation, she began upgrading her skills in piano master classes conducted by\u00a0 K. Kenner, prof. E. Bukojemska, and E. Indjic, as well as in vocal-piano chamber music courses, where she worked under the supervision of\u00a0 H. Ochs, L. Spitzer, and R. Ambroziak.\u00a0Anna D\u0119bowska has participated in the following festivals:\u00a0 Festiwal Pianistyki Polskiej, Tydzie\u0144 Talent\u00f3w, Festiwal M\u0142odych Laureat\u00f3w Konkurs\u00f3w Muzycznych, Dni Karola Szymanowskiego, and Festiwal Krak\u00f3w 2000.\u00a0In 1996 and 1997, she won the Tadeusz \u017bmudzi\u0144ski piano competition (first prize and special prize for the performace of Mazurkas by K. Szymanowski). She has given performances in Poland, Germany, the Netherlands, Sweden, and the USA,\u00a0 including appearances with the Radio Symphonic Orchestra in Krak\u00f3w and the Tarn\u00f3w Chamber Music Orchestra. As an accompanist, she has worked with a number of reputable pedagogists in their master classes, e.g. prof. Alison Pearce (London), prof. Christian El\u00dfner (Drezden), prof. Charlote Lehmann (Hannover), prof. Ryszard Karczykowski, and prof. Helmuth Rilling (in Internationale Bachakademie Stuttgart).\u00a0Anna&#8217;s repertoire includes compositions from Baroque to contemporary music, both solo and chamber music works, including: compositions for violin, viola or cello, vocal works, piano trios, and a selection of opera arias and oratorial works. She successfully combines her artistic activity with the position of Assistant Professor at the Chamber Music Faculty of Krak\u00f3w Music Academy.<\/p>\n<p><a href=\"mailto:anna.debowska.jaroszek@amuz.krakow.pl\">anna.debowska.jaroszek@amuz.krakow.pl<\/a><\/p>","protected":false},"excerpt":{"rendered":"<p>Anna D\u0119bowska-Jaroszek, PhD,\u00a0graduated with honors from Krak\u00f3w Music Academy in the piano class of prof. Andrzej Pikul in 1997 and then in 2005 earned the degree of Doctor of Musical&hellip; <a href=\"https:\/\/www.amuz.krakow.pl\/en\/wydzialy\/wydzial-ii-instrumentalny\/katedra-kameralistyki\/pracownicy-katedry\/dr-hab-anna-debowska-jaroszek\/\">Continue reading<\/a><\/p>\n","protected":false},"author":72,"featured_media":2476,"parent":44250,"menu_order":2,"comment_status":"closed","ping_status":"closed","template":"","meta":{"footnotes":"","_links_to":"","_links_to_target":""},"class_list":["post-2474","page","type-page","status-publish","has-post-thumbnail","hentry"],"yoast_head":"<!-- This site is optimized with the Yoast SEO plugin v27.2 - https:\/\/yoast.com\/product\/yoast-seo-wordpress\/ -->\n<title>AMKP - Akademia Muzyczna im. Krzysztofa Pendereckiego w Krakowie<\/title>\n<meta name=\"robots\" content=\"index, follow, max-snippet:-1, max-image-preview:large, max-video-preview:-1\" \/>\n<link rel=\"canonical\" href=\"https:\/\/www.amuz.krakow.pl\/wydzialy\/wydzial-ii-instrumentalny\/katedra-kameralistyki\/pracownicy-katedry\/dr-hab-anna-debowska-jaroszek\/\" \/>\n<meta property=\"og:locale\" content=\"en_US\" \/>\n<meta property=\"og:type\" content=\"article\" \/>\n<meta property=\"og:title\" content=\"AMKP - Akademia Muzyczna im. Krzysztofa Pendereckiego w Krakowie\" \/>\n<meta property=\"og:description\" content=\"Anna D\u0119bowska-Jaroszek, PhD,\u00a0graduated with honors from Krak\u00f3w Music Academy in the piano class of prof. Andrzej Pikul in 1997 and then in 2005 earned the degree of Doctor of Musical&hellip; Continue reading\" \/>\n<meta property=\"og:url\" content=\"https:\/\/www.amuz.krakow.pl\/wydzialy\/wydzial-ii-instrumentalny\/katedra-kameralistyki\/pracownicy-katedry\/dr-hab-anna-debowska-jaroszek\/\" \/>\n<meta property=\"og:site_name\" content=\"Akademia Muzyczna im. Krzysztofa Pendereckiego w Krakowie\" \/>\n<meta property=\"article:publisher\" content=\"https:\/\/www.facebook.com\/amuz.krakow\" \/>\n<meta property=\"article:modified_time\" content=\"2025-03-17T14:26:04+00:00\" \/>\n<meta property=\"og:image\" content=\"https:\/\/www.amuz.krakow.pl\/wp-content\/uploads\/2016\/02\/D\u0119bowska-Jaroszek-Anna.jpg\" \/>\n\t<meta property=\"og:image:width\" content=\"142\" \/>\n\t<meta property=\"og:image:height\" content=\"186\" \/>\n\t<meta property=\"og:image:type\" content=\"image\/jpeg\" \/>\n<meta name=\"twitter:card\" content=\"summary_large_image\" \/>\n<meta name=\"twitter:label1\" content=\"Est. reading time\" \/>\n\t<meta name=\"twitter:data1\" content=\"2 minutes\" \/>\n<script type=\"application\/ld+json\" class=\"yoast-schema-graph\">{\"@context\":\"https:\/\/schema.org\",\"@graph\":[{\"@type\":\"WebPage\",\"@id\":\"https:\/\/www.amuz.krakow.pl\/wydzialy\/wydzial-ii-instrumentalny\/katedra-kameralistyki\/pracownicy-katedry\/dr-hab-anna-debowska-jaroszek\/\",\"url\":\"https:\/\/www.amuz.krakow.pl\/wydzialy\/wydzial-ii-instrumentalny\/katedra-kameralistyki\/pracownicy-katedry\/dr-hab-anna-debowska-jaroszek\/\",\"name\":\"AMKP - Akademia Muzyczna im. Krzysztofa Pendereckiego w Krakowie\",\"isPartOf\":{\"@id\":\"https:\/\/www.amuz.krakow.pl\/#website\"},\"primaryImageOfPage\":{\"@id\":\"https:\/\/www.amuz.krakow.pl\/wydzialy\/wydzial-ii-instrumentalny\/katedra-kameralistyki\/pracownicy-katedry\/dr-hab-anna-debowska-jaroszek\/#primaryimage\"},\"image\":{\"@id\":\"https:\/\/www.amuz.krakow.pl\/wydzialy\/wydzial-ii-instrumentalny\/katedra-kameralistyki\/pracownicy-katedry\/dr-hab-anna-debowska-jaroszek\/#primaryimage\"},\"thumbnailUrl\":\"https:\/\/www.amuz.krakow.pl\/wp-content\/uploads\/2016\/02\/D\u0119bowska-Jaroszek-Anna.jpg\",\"datePublished\":\"2016-02-18T11:56:25+00:00\",\"dateModified\":\"2025-03-17T14:26:04+00:00\",\"breadcrumb\":{\"@id\":\"https:\/\/www.amuz.krakow.pl\/wydzialy\/wydzial-ii-instrumentalny\/katedra-kameralistyki\/pracownicy-katedry\/dr-hab-anna-debowska-jaroszek\/#breadcrumb\"},\"inLanguage\":\"en-US\",\"potentialAction\":[{\"@type\":\"ReadAction\",\"target\":[\"https:\/\/www.amuz.krakow.pl\/wydzialy\/wydzial-ii-instrumentalny\/katedra-kameralistyki\/pracownicy-katedry\/dr-hab-anna-debowska-jaroszek\/\"]}]},{\"@type\":\"ImageObject\",\"inLanguage\":\"en-US\",\"@id\":\"https:\/\/www.amuz.krakow.pl\/wydzialy\/wydzial-ii-instrumentalny\/katedra-kameralistyki\/pracownicy-katedry\/dr-hab-anna-debowska-jaroszek\/#primaryimage\",\"url\":\"https:\/\/www.amuz.krakow.pl\/wp-content\/uploads\/2016\/02\/D\u0119bowska-Jaroszek-Anna.jpg\",\"contentUrl\":\"https:\/\/www.amuz.krakow.pl\/wp-content\/uploads\/2016\/02\/D\u0119bowska-Jaroszek-Anna.jpg\",\"width\":142,\"height\":186},{\"@type\":\"BreadcrumbList\",\"@id\":\"https:\/\/www.amuz.krakow.pl\/wydzialy\/wydzial-ii-instrumentalny\/katedra-kameralistyki\/pracownicy-katedry\/dr-hab-anna-debowska-jaroszek\/#breadcrumb\",\"itemListElement\":[{\"@type\":\"ListItem\",\"position\":1,\"name\":\"Strona g\u0142\u00f3wna\",\"item\":\"https:\/\/www.amuz.krakow.pl\/\"},{\"@type\":\"ListItem\",\"position\":2,\"name\":\"WYDZIA\u0141Y\",\"item\":\"https:\/\/www.amuz.krakow.pl\/wydzialy\/\"},{\"@type\":\"ListItem\",\"position\":3,\"name\":\"Wydzia\u0142 Instrumentalny\",\"item\":\"https:\/\/www.amuz.krakow.pl\/wydzialy\/wydzial-ii-instrumentalny\/\"},{\"@type\":\"ListItem\",\"position\":4,\"name\":\"Katedra Kameralistyki\",\"item\":\"https:\/\/www.amuz.krakow.pl\/wydzialy\/wydzial-ii-instrumentalny\/katedra-kameralistyki\/\"},{\"@type\":\"ListItem\",\"position\":5,\"name\":\"Pracownicy Katedry\",\"item\":\"https:\/\/www.amuz.krakow.pl\/wydzialy\/wydzial-ii-instrumentalny\/katedra-kameralistyki\/pracownicy-katedry\/\"},{\"@type\":\"ListItem\",\"position\":6,\"name\":\"prof. dr hab. Anna D\u0119bowska-Jaroszek\"}]},{\"@type\":\"WebSite\",\"@id\":\"https:\/\/www.amuz.krakow.pl\/#website\",\"url\":\"https:\/\/www.amuz.krakow.pl\/\",\"name\":\"Akademia Muzyczna im. Krzysztofa Pendereckiego w Krakowie\",\"description\":\"Oficjalna strona Akademii Muzycznej im. Krzysztofa Pendereckiego w Krakowie (AMKP).\",\"publisher\":{\"@id\":\"https:\/\/www.amuz.krakow.pl\/#organization\"},\"alternateName\":\"AMKP\",\"potentialAction\":[{\"@type\":\"SearchAction\",\"target\":{\"@type\":\"EntryPoint\",\"urlTemplate\":\"https:\/\/www.amuz.krakow.pl\/?s={search_term_string}\"},\"query-input\":{\"@type\":\"PropertyValueSpecification\",\"valueRequired\":true,\"valueName\":\"search_term_string\"}}],\"inLanguage\":\"en-US\"},{\"@type\":\"Organization\",\"@id\":\"https:\/\/www.amuz.krakow.pl\/#organization\",\"name\":\"Akademia Muzyczna im. Krzysztofa Pendereckiego w Krakowie\",\"alternateName\":\"AMKP\",\"url\":\"https:\/\/www.amuz.krakow.pl\/\",\"logo\":{\"@type\":\"ImageObject\",\"inLanguage\":\"en-US\",\"@id\":\"https:\/\/www.amuz.krakow.pl\/#\/schema\/logo\/image\/\",\"url\":\"https:\/\/www.amuz.krakow.pl\/wp-content\/uploads\/2021\/11\/amkp.jpg\",\"contentUrl\":\"https:\/\/www.amuz.krakow.pl\/wp-content\/uploads\/2021\/11\/amkp.jpg\",\"width\":1193,\"height\":591,\"caption\":\"Akademia Muzyczna im. Krzysztofa Pendereckiego w Krakowie\"},\"image\":{\"@id\":\"https:\/\/www.amuz.krakow.pl\/#\/schema\/logo\/image\/\"},\"sameAs\":[\"https:\/\/www.facebook.com\/amuz.krakow\",\"https:\/\/www.instagram.com\/amkpenderecki\/\",\"https:\/\/www.youtube.com\/@amkpenderecki4806\"]}]}<\/script>\n<!-- \/ Yoast SEO plugin. -->","yoast_head_json":{"title":"AMKP - Akademia Muzyczna im. Krzysztofa Pendereckiego w Krakowie","robots":{"index":"index","follow":"follow","max-snippet":"max-snippet:-1","max-image-preview":"max-image-preview:large","max-video-preview":"max-video-preview:-1"},"canonical":"https:\/\/www.amuz.krakow.pl\/wydzialy\/wydzial-ii-instrumentalny\/katedra-kameralistyki\/pracownicy-katedry\/dr-hab-anna-debowska-jaroszek\/","og_locale":"en_US","og_type":"article","og_title":"AMKP - Akademia Muzyczna im. Krzysztofa Pendereckiego w Krakowie","og_description":"Anna D\u0119bowska-Jaroszek, PhD,\u00a0graduated with honors from Krak\u00f3w Music Academy in the piano class of prof. Andrzej Pikul in 1997 and then in 2005 earned the degree of Doctor of Musical&hellip; Continue reading","og_url":"https:\/\/www.amuz.krakow.pl\/wydzialy\/wydzial-ii-instrumentalny\/katedra-kameralistyki\/pracownicy-katedry\/dr-hab-anna-debowska-jaroszek\/","og_site_name":"Akademia Muzyczna im. Krzysztofa Pendereckiego w Krakowie","article_publisher":"https:\/\/www.facebook.com\/amuz.krakow","article_modified_time":"2025-03-17T14:26:04+00:00","og_image":[{"width":142,"height":186,"url":"https:\/\/www.amuz.krakow.pl\/wp-content\/uploads\/2016\/02\/D\u0119bowska-Jaroszek-Anna.jpg","type":"image\/jpeg"}],"twitter_card":"summary_large_image","twitter_misc":{"Est. reading time":"2 minutes"},"schema":{"@context":"https:\/\/schema.org","@graph":[{"@type":"WebPage","@id":"https:\/\/www.amuz.krakow.pl\/wydzialy\/wydzial-ii-instrumentalny\/katedra-kameralistyki\/pracownicy-katedry\/dr-hab-anna-debowska-jaroszek\/","url":"https:\/\/www.amuz.krakow.pl\/wydzialy\/wydzial-ii-instrumentalny\/katedra-kameralistyki\/pracownicy-katedry\/dr-hab-anna-debowska-jaroszek\/","name":"AMKP - Akademia Muzyczna im. Krzysztofa Pendereckiego w Krakowie","isPartOf":{"@id":"https:\/\/www.amuz.krakow.pl\/#website"},"primaryImageOfPage":{"@id":"https:\/\/www.amuz.krakow.pl\/wydzialy\/wydzial-ii-instrumentalny\/katedra-kameralistyki\/pracownicy-katedry\/dr-hab-anna-debowska-jaroszek\/#primaryimage"},"image":{"@id":"https:\/\/www.amuz.krakow.pl\/wydzialy\/wydzial-ii-instrumentalny\/katedra-kameralistyki\/pracownicy-katedry\/dr-hab-anna-debowska-jaroszek\/#primaryimage"},"thumbnailUrl":"https:\/\/www.amuz.krakow.pl\/wp-content\/uploads\/2016\/02\/D\u0119bowska-Jaroszek-Anna.jpg","datePublished":"2016-02-18T11:56:25+00:00","dateModified":"2025-03-17T14:26:04+00:00","breadcrumb":{"@id":"https:\/\/www.amuz.krakow.pl\/wydzialy\/wydzial-ii-instrumentalny\/katedra-kameralistyki\/pracownicy-katedry\/dr-hab-anna-debowska-jaroszek\/#breadcrumb"},"inLanguage":"en-US","potentialAction":[{"@type":"ReadAction","target":["https:\/\/www.amuz.krakow.pl\/wydzialy\/wydzial-ii-instrumentalny\/katedra-kameralistyki\/pracownicy-katedry\/dr-hab-anna-debowska-jaroszek\/"]}]},{"@type":"ImageObject","inLanguage":"en-US","@id":"https:\/\/www.amuz.krakow.pl\/wydzialy\/wydzial-ii-instrumentalny\/katedra-kameralistyki\/pracownicy-katedry\/dr-hab-anna-debowska-jaroszek\/#primaryimage","url":"https:\/\/www.amuz.krakow.pl\/wp-content\/uploads\/2016\/02\/D\u0119bowska-Jaroszek-Anna.jpg","contentUrl":"https:\/\/www.amuz.krakow.pl\/wp-content\/uploads\/2016\/02\/D\u0119bowska-Jaroszek-Anna.jpg","width":142,"height":186},{"@type":"BreadcrumbList","@id":"https:\/\/www.amuz.krakow.pl\/wydzialy\/wydzial-ii-instrumentalny\/katedra-kameralistyki\/pracownicy-katedry\/dr-hab-anna-debowska-jaroszek\/#breadcrumb","itemListElement":[{"@type":"ListItem","position":1,"name":"Strona g\u0142\u00f3wna","item":"https:\/\/www.amuz.krakow.pl\/"},{"@type":"ListItem","position":2,"name":"WYDZIA\u0141Y","item":"https:\/\/www.amuz.krakow.pl\/wydzialy\/"},{"@type":"ListItem","position":3,"name":"Wydzia\u0142 Instrumentalny","item":"https:\/\/www.amuz.krakow.pl\/wydzialy\/wydzial-ii-instrumentalny\/"},{"@type":"ListItem","position":4,"name":"Katedra Kameralistyki","item":"https:\/\/www.amuz.krakow.pl\/wydzialy\/wydzial-ii-instrumentalny\/katedra-kameralistyki\/"},{"@type":"ListItem","position":5,"name":"Pracownicy Katedry","item":"https:\/\/www.amuz.krakow.pl\/wydzialy\/wydzial-ii-instrumentalny\/katedra-kameralistyki\/pracownicy-katedry\/"},{"@type":"ListItem","position":6,"name":"prof. dr hab. Anna D\u0119bowska-Jaroszek"}]},{"@type":"WebSite","@id":"https:\/\/www.amuz.krakow.pl\/#website","url":"https:\/\/www.amuz.krakow.pl\/","name":"Akademia Muzyczna im. Krzysztofa Pendereckiego w Krakowie","description":"Oficjalna strona Akademii Muzycznej im. Krzysztofa Pendereckiego w Krakowie (AMKP).","publisher":{"@id":"https:\/\/www.amuz.krakow.pl\/#organization"},"alternateName":"AMKP","potentialAction":[{"@type":"SearchAction","target":{"@type":"EntryPoint","urlTemplate":"https:\/\/www.amuz.krakow.pl\/?s={search_term_string}"},"query-input":{"@type":"PropertyValueSpecification","valueRequired":true,"valueName":"search_term_string"}}],"inLanguage":"en-US"},{"@type":"Organization","@id":"https:\/\/www.amuz.krakow.pl\/#organization","name":"Akademia Muzyczna im. Krzysztofa Pendereckiego w Krakowie","alternateName":"AMKP","url":"https:\/\/www.amuz.krakow.pl\/","logo":{"@type":"ImageObject","inLanguage":"en-US","@id":"https:\/\/www.amuz.krakow.pl\/#\/schema\/logo\/image\/","url":"https:\/\/www.amuz.krakow.pl\/wp-content\/uploads\/2021\/11\/amkp.jpg","contentUrl":"https:\/\/www.amuz.krakow.pl\/wp-content\/uploads\/2021\/11\/amkp.jpg","width":1193,"height":591,"caption":"Akademia Muzyczna im. Krzysztofa Pendereckiego w Krakowie"},"image":{"@id":"https:\/\/www.amuz.krakow.pl\/#\/schema\/logo\/image\/"},"sameAs":["https:\/\/www.facebook.com\/amuz.krakow","https:\/\/www.instagram.com\/amkpenderecki\/","https:\/\/www.youtube.com\/@amkpenderecki4806"]}]}},"_links":{"self":[{"href":"https:\/\/www.amuz.krakow.pl\/en\/wp-json\/wp\/v2\/pages\/2474","targetHints":{"allow":["GET"]}}],"collection":[{"href":"https:\/\/www.amuz.krakow.pl\/en\/wp-json\/wp\/v2\/pages"}],"about":[{"href":"https:\/\/www.amuz.krakow.pl\/en\/wp-json\/wp\/v2\/types\/page"}],"author":[{"embeddable":true,"href":"https:\/\/www.amuz.krakow.pl\/en\/wp-json\/wp\/v2\/users\/72"}],"replies":[{"embeddable":true,"href":"https:\/\/www.amuz.krakow.pl\/en\/wp-json\/wp\/v2\/comments?post=2474"}],"version-history":[{"count":3,"href":"https:\/\/www.amuz.krakow.pl\/en\/wp-json\/wp\/v2\/pages\/2474\/revisions"}],"predecessor-version":[{"id":98736,"href":"https:\/\/www.amuz.krakow.pl\/en\/wp-json\/wp\/v2\/pages\/2474\/revisions\/98736"}],"up":[{"embeddable":true,"href":"https:\/\/www.amuz.krakow.pl\/en\/wp-json\/wp\/v2\/pages\/44250"}],"wp:featuredmedia":[{"embeddable":true,"href":"https:\/\/www.amuz.krakow.pl\/en\/wp-json\/wp\/v2\/media\/2476"}],"wp:attachment":[{"href":"https:\/\/www.amuz.krakow.pl\/en\/wp-json\/wp\/v2\/media?parent=2474"}],"curies":[{"name":"wp","href":"https:\/\/api.w.org\/{rel}","templated":true}]}}