{"id":241,"date":"2015-11-10T01:50:45","date_gmt":"2015-11-10T00:50:45","guid":{"rendered":"http:\/\/strony.amuz.krakow.pl\/?page_id=241"},"modified":"2025-10-16T15:05:03","modified_gmt":"2025-10-16T13:05:03","slug":"wydzial-iii-wokalno-aktorski","status":"publish","type":"page","link":"https:\/\/www.amuz.krakow.pl\/en\/wydzialy\/wydzial-iii-wokalno-aktorski\/","title":{"rendered":"Faculty of Voice and Drama"},"content":{"rendered":"<p><\/p>\n<p style=\"text-align: justify;\">Since its inception, the Department of Voice has been conducting scientific and artistic activities relating to the education of vocalists, preparing them for artistic careers in opera theatres and philharmonics in Poland and abroad. Andrzej Hiolski, an outstanding Polish singer, became the first head of the Department. In the subsequent years, that office was successively held by: Professor Krzysztof Missona, Professor Helena \u0141azarska, Professor Wojciech Jan \u015amietana, Professor Ryszard Karczykowski, Professor Agnieszka Monasterska, Professor Adam Korzeniowski, Reverend Professor Zdzis\u0142aw Madej, and currently is held by Professor Katarzyna Suska-Zag\u00f3ska. Following its guiding principles, the Department organizes the artistic activity and scientific work of its members at the Academy and also supervises the process of education and artistic development of <em>Voice Studies<\/em> students. Its graduates successfully perform on the stages of Polish and foreign opera and music theatres, in philharmonic halls and even on the stages of drama theatres.<\/p>\n<p style=\"text-align: justify;\">For many years, the Department of Voice has been carrying out artistic projects that regularly feature dramatic and musical performances prepared by pedagogues and students. The results achieved as well as distinctions and prizes received by students at national and international vocal competitions testify to the fulfilment of the Department&#8217;s objectives. In 1985, Professor Helena \u0141azarska, as Head of the Department of Voice in Krakow, initiated the Ada Sari International Vocal Competition in Nowy S\u0105cz. She also served as its artistic director for years. Today, it is one of the most prestigious vocal competitions in Europe. For many years, the Department of Voice has been cooperating with the Krakow Opera, which has resulted in many wonderful performances with the participation of students. They included, among others, the following opera works: <em>Carmen<\/em> by G. Bizet, <em>Freisch\u00fctz<\/em> by C. M. von Weber, <em>The Magic Flute<\/em> by W. A. Mozart, <em>The Conspirators<\/em> by F. Schubert, <em>Orfeo ed Euridice<\/em> by Ch. W. Gluck, <em>The Marriage of Figaro<\/em> by W. A. Mozart and opera galas during the carnival. Numerous master classes have been held in the past 20 years. The artists who have been invited to give them include Leopold Spitzer, Helena \u0141azarska, Teresa \u017bylis-Gara, Paul Esswood, Mariusz Kwiecie\u0144, Piotr Becza\u0142a, Micha\u0142 Znaniecki, Ewa Podle\u015b, Rannweig Braga- Postl, Teru Yoshihara, Ryszard Karczykowski. Pursuing the goal of broadening the performance competences of students and graduates of the Faculty of Voice and Drama, the Department of Voice also engages in artistic cooperation with many renowned cultural institutions in Ma\u0142opolska and other regions, including, among others, Capella Cracoviensis. That artistic collaboration allows the Department to be open to a multifaceted interpretation of early music in the course of joint projects carried out with outstanding artists. Voice studies provide young art students with development opportunities on many levels. The strongest emphasis is placed on developing the vocal technique and artistic personality. The curriculum is designed to examine all epochs and styles during a five-year course of study. At the same time, students attend classes that teach the basics of acting with respect to verse, prose, recitation and stage movement. Throughout the entire course of study, there is also a strong focus on group activities &#8211; vocal ensembles &#8211; which enable the students to work on <em>a cappella <\/em>music and oratorio and song music, as well as on opera ensembles aimed at staging operas in their entirety or in fragments, in full stage form. Great importance is also attached to performance practice. Students participate in many concerts and broadcasts organised by the Academy. Every year, world-renowned vocalists are invited to give master classes and scientific seminars. The pedagogues place great emphasis on shaping the musical abilities and preferences of each student individually and prepare the future graduates for independent artistic work as soloists.<\/p>\n<p style=\"text-align: justify;\"><strong>Deans of the Faculty of Voice and Drama<\/strong><\/p>\n<p style=\"text-align: justify;\">Professor\u00a0Stanis\u0142awa Hoffmanowa<br \/>\nProfessor\u00a0Helena Szubert-S\u0142ysz (7\u00a0terms)<br \/>\nAssistant Professor Izabella Jasi\u0144ska-Buszewicz<br \/>\nProfessor\u00a0Andrzej Buszewicz<br \/>\nAssistant Professor (second level) Maria Rydzewska, Professor\u00a0of AM<br \/>\nProfessor Adam Korzeniowski, PhD (habil.)<br \/>\nProfessor Agnieszka Monasterska, PhD<br \/>\ncurrently \u2013 Professor Jacek Ozimkowski, PhD (habil.)<\/p>\n<p style=\"text-align: justify;\"><strong>Vocal teachers associated with the Department of Voice since its inception:<\/strong><\/p>\n<p style=\"text-align: justify;\">W\u0142odzimierz Kaczmar<br \/>\nAnna Kaczmar<br \/>\nBronis\u0142aw Romaniszyn<br \/>\nZofia Stachurska<br \/>\nStanis\u0142awa Argasi\u0144ska<br \/>\nBarbara Walczy\u0144ska<br \/>\nProfessor Helena \u0141azarska<br \/>\nProfessor Henryka Januszewska<br \/>\nBarbara Niewiadomska<br \/>\nProfessor Wojciech Jan \u015amietana<br \/>\nDaniel Kaleta<br \/>\nFranciszek Delekta<br \/>\nProfessor Adam Szybowski<br \/>\nChristian Elssner<br \/>\nZdzis\u0142awa Donat<br \/>\nBogus\u0142aw Szynalski<br \/>\nSemen Szkurhan<br \/>\nZofia Kilanowicz<br \/>\nProfessor\u00a0Monika Swarowska-Walawska, PhD<\/p>\n<p><\/p>","protected":false},"excerpt":{"rendered":"<p>Since its inception, the Department of Voice has been conducting scientific and artistic activities relating to the education of vocalists, preparing them for artistic careers in opera theatres and philharmonics&hellip; <a href=\"https:\/\/www.amuz.krakow.pl\/en\/wydzialy\/wydzial-iii-wokalno-aktorski\/\">Continue reading<\/a><\/p>\n","protected":false},"author":72,"featured_media":0,"parent":226,"menu_order":4,"comment_status":"closed","ping_status":"closed","template":"","meta":{"footnotes":"","_links_to":"","_links_to_target":""},"class_list":["post-241","page","type-page","status-publish","hentry"],"yoast_head":"<!-- This site is optimized with the Yoast SEO plugin v27.4 - https:\/\/yoast.com\/product\/yoast-seo-wordpress\/ -->\n<title>AMKP - Akademia Muzyczna im. Krzysztofa Pendereckiego w Krakowie<\/title>\n<meta name=\"robots\" content=\"index, follow, max-snippet:-1, max-image-preview:large, max-video-preview:-1\" \/>\n<link rel=\"canonical\" href=\"https:\/\/www.amuz.krakow.pl\/wydzialy\/wydzial-iii-wokalno-aktorski\/\" \/>\n<meta property=\"og:locale\" content=\"en_US\" \/>\n<meta property=\"og:type\" content=\"article\" \/>\n<meta property=\"og:title\" content=\"AMKP - Akademia Muzyczna im. Krzysztofa Pendereckiego w Krakowie\" \/>\n<meta property=\"og:description\" content=\"Since its inception, the Department of Voice has been conducting scientific and artistic activities relating to the education of vocalists, preparing them for artistic careers in opera theatres and philharmonics&hellip; Continue reading\" \/>\n<meta property=\"og:url\" content=\"https:\/\/www.amuz.krakow.pl\/wydzialy\/wydzial-iii-wokalno-aktorski\/\" \/>\n<meta property=\"og:site_name\" content=\"Akademia Muzyczna im. Krzysztofa Pendereckiego w Krakowie\" \/>\n<meta property=\"article:publisher\" content=\"https:\/\/www.facebook.com\/amuz.krakow\" \/>\n<meta property=\"article:modified_time\" content=\"2025-10-16T13:05:03+00:00\" \/>\n<meta property=\"og:image\" content=\"https:\/\/www.amuz.krakow.pl\/wp-content\/uploads\/2021\/11\/amkp.jpg\" \/>\n\t<meta property=\"og:image:width\" content=\"1193\" \/>\n\t<meta property=\"og:image:height\" content=\"591\" \/>\n\t<meta property=\"og:image:type\" content=\"image\/jpeg\" \/>\n<meta name=\"twitter:card\" content=\"summary_large_image\" \/>\n<meta name=\"twitter:label1\" content=\"Est. reading time\" \/>\n\t<meta name=\"twitter:data1\" content=\"5 minutes\" \/>\n<script type=\"application\/ld+json\" class=\"yoast-schema-graph\">{\"@context\":\"https:\\\/\\\/schema.org\",\"@graph\":[{\"@type\":\"WebPage\",\"@id\":\"https:\\\/\\\/www.amuz.krakow.pl\\\/wydzialy\\\/wydzial-iii-wokalno-aktorski\\\/\",\"url\":\"https:\\\/\\\/www.amuz.krakow.pl\\\/wydzialy\\\/wydzial-iii-wokalno-aktorski\\\/\",\"name\":\"AMKP - Akademia Muzyczna im. Krzysztofa Pendereckiego w Krakowie\",\"isPartOf\":{\"@id\":\"https:\\\/\\\/www.amuz.krakow.pl\\\/#website\"},\"datePublished\":\"2015-11-10T00:50:45+00:00\",\"dateModified\":\"2025-10-16T13:05:03+00:00\",\"breadcrumb\":{\"@id\":\"https:\\\/\\\/www.amuz.krakow.pl\\\/wydzialy\\\/wydzial-iii-wokalno-aktorski\\\/#breadcrumb\"},\"inLanguage\":\"en-US\",\"potentialAction\":[{\"@type\":\"ReadAction\",\"target\":[\"https:\\\/\\\/www.amuz.krakow.pl\\\/wydzialy\\\/wydzial-iii-wokalno-aktorski\\\/\"]}]},{\"@type\":\"BreadcrumbList\",\"@id\":\"https:\\\/\\\/www.amuz.krakow.pl\\\/wydzialy\\\/wydzial-iii-wokalno-aktorski\\\/#breadcrumb\",\"itemListElement\":[{\"@type\":\"ListItem\",\"position\":1,\"name\":\"Strona g\u0142\u00f3wna\",\"item\":\"https:\\\/\\\/www.amuz.krakow.pl\\\/\"},{\"@type\":\"ListItem\",\"position\":2,\"name\":\"WYDZIA\u0141Y\",\"item\":\"https:\\\/\\\/www.amuz.krakow.pl\\\/wydzialy\\\/\"},{\"@type\":\"ListItem\",\"position\":3,\"name\":\"Wydzia\u0142 Wokalno-Aktorski\"}]},{\"@type\":\"WebSite\",\"@id\":\"https:\\\/\\\/www.amuz.krakow.pl\\\/#website\",\"url\":\"https:\\\/\\\/www.amuz.krakow.pl\\\/\",\"name\":\"Akademia Muzyczna im. Krzysztofa Pendereckiego w Krakowie\",\"description\":\"Oficjalna strona Akademii Muzycznej im. Krzysztofa Pendereckiego w Krakowie (AMKP).\",\"publisher\":{\"@id\":\"https:\\\/\\\/www.amuz.krakow.pl\\\/#organization\"},\"alternateName\":\"AMKP\",\"potentialAction\":[{\"@type\":\"SearchAction\",\"target\":{\"@type\":\"EntryPoint\",\"urlTemplate\":\"https:\\\/\\\/www.amuz.krakow.pl\\\/?s={search_term_string}\"},\"query-input\":{\"@type\":\"PropertyValueSpecification\",\"valueRequired\":true,\"valueName\":\"search_term_string\"}}],\"inLanguage\":\"en-US\"},{\"@type\":\"Organization\",\"@id\":\"https:\\\/\\\/www.amuz.krakow.pl\\\/#organization\",\"name\":\"Akademia Muzyczna im. Krzysztofa Pendereckiego w Krakowie\",\"alternateName\":\"AMKP\",\"url\":\"https:\\\/\\\/www.amuz.krakow.pl\\\/\",\"logo\":{\"@type\":\"ImageObject\",\"inLanguage\":\"en-US\",\"@id\":\"https:\\\/\\\/www.amuz.krakow.pl\\\/#\\\/schema\\\/logo\\\/image\\\/\",\"url\":\"https:\\\/\\\/www.amuz.krakow.pl\\\/wp-content\\\/uploads\\\/2021\\\/11\\\/amkp.jpg\",\"contentUrl\":\"https:\\\/\\\/www.amuz.krakow.pl\\\/wp-content\\\/uploads\\\/2021\\\/11\\\/amkp.jpg\",\"width\":1193,\"height\":591,\"caption\":\"Akademia Muzyczna im. Krzysztofa Pendereckiego w Krakowie\"},\"image\":{\"@id\":\"https:\\\/\\\/www.amuz.krakow.pl\\\/#\\\/schema\\\/logo\\\/image\\\/\"},\"sameAs\":[\"https:\\\/\\\/www.facebook.com\\\/amuz.krakow\",\"https:\\\/\\\/www.instagram.com\\\/amkpenderecki\\\/\",\"https:\\\/\\\/www.youtube.com\\\/@amkpenderecki4806\"]}]}<\/script>\n<!-- \/ Yoast SEO plugin. -->","yoast_head_json":{"title":"AMKP - Akademia Muzyczna im. Krzysztofa Pendereckiego w Krakowie","robots":{"index":"index","follow":"follow","max-snippet":"max-snippet:-1","max-image-preview":"max-image-preview:large","max-video-preview":"max-video-preview:-1"},"canonical":"https:\/\/www.amuz.krakow.pl\/wydzialy\/wydzial-iii-wokalno-aktorski\/","og_locale":"en_US","og_type":"article","og_title":"AMKP - Akademia Muzyczna im. Krzysztofa Pendereckiego w Krakowie","og_description":"Since its inception, the Department of Voice has been conducting scientific and artistic activities relating to the education of vocalists, preparing them for artistic careers in opera theatres and philharmonics&hellip; Continue reading","og_url":"https:\/\/www.amuz.krakow.pl\/wydzialy\/wydzial-iii-wokalno-aktorski\/","og_site_name":"Akademia Muzyczna im. Krzysztofa Pendereckiego w Krakowie","article_publisher":"https:\/\/www.facebook.com\/amuz.krakow","article_modified_time":"2025-10-16T13:05:03+00:00","og_image":[{"width":1193,"height":591,"url":"https:\/\/www.amuz.krakow.pl\/wp-content\/uploads\/2021\/11\/amkp.jpg","type":"image\/jpeg"}],"twitter_card":"summary_large_image","twitter_misc":{"Est. reading time":"5 minutes"},"schema":{"@context":"https:\/\/schema.org","@graph":[{"@type":"WebPage","@id":"https:\/\/www.amuz.krakow.pl\/wydzialy\/wydzial-iii-wokalno-aktorski\/","url":"https:\/\/www.amuz.krakow.pl\/wydzialy\/wydzial-iii-wokalno-aktorski\/","name":"AMKP - Akademia Muzyczna im. Krzysztofa Pendereckiego w Krakowie","isPartOf":{"@id":"https:\/\/www.amuz.krakow.pl\/#website"},"datePublished":"2015-11-10T00:50:45+00:00","dateModified":"2025-10-16T13:05:03+00:00","breadcrumb":{"@id":"https:\/\/www.amuz.krakow.pl\/wydzialy\/wydzial-iii-wokalno-aktorski\/#breadcrumb"},"inLanguage":"en-US","potentialAction":[{"@type":"ReadAction","target":["https:\/\/www.amuz.krakow.pl\/wydzialy\/wydzial-iii-wokalno-aktorski\/"]}]},{"@type":"BreadcrumbList","@id":"https:\/\/www.amuz.krakow.pl\/wydzialy\/wydzial-iii-wokalno-aktorski\/#breadcrumb","itemListElement":[{"@type":"ListItem","position":1,"name":"Strona g\u0142\u00f3wna","item":"https:\/\/www.amuz.krakow.pl\/"},{"@type":"ListItem","position":2,"name":"WYDZIA\u0141Y","item":"https:\/\/www.amuz.krakow.pl\/wydzialy\/"},{"@type":"ListItem","position":3,"name":"Wydzia\u0142 Wokalno-Aktorski"}]},{"@type":"WebSite","@id":"https:\/\/www.amuz.krakow.pl\/#website","url":"https:\/\/www.amuz.krakow.pl\/","name":"Akademia Muzyczna im. Krzysztofa Pendereckiego w Krakowie","description":"Oficjalna strona Akademii Muzycznej im. Krzysztofa Pendereckiego w Krakowie (AMKP).","publisher":{"@id":"https:\/\/www.amuz.krakow.pl\/#organization"},"alternateName":"AMKP","potentialAction":[{"@type":"SearchAction","target":{"@type":"EntryPoint","urlTemplate":"https:\/\/www.amuz.krakow.pl\/?s={search_term_string}"},"query-input":{"@type":"PropertyValueSpecification","valueRequired":true,"valueName":"search_term_string"}}],"inLanguage":"en-US"},{"@type":"Organization","@id":"https:\/\/www.amuz.krakow.pl\/#organization","name":"Akademia Muzyczna im. Krzysztofa Pendereckiego w Krakowie","alternateName":"AMKP","url":"https:\/\/www.amuz.krakow.pl\/","logo":{"@type":"ImageObject","inLanguage":"en-US","@id":"https:\/\/www.amuz.krakow.pl\/#\/schema\/logo\/image\/","url":"https:\/\/www.amuz.krakow.pl\/wp-content\/uploads\/2021\/11\/amkp.jpg","contentUrl":"https:\/\/www.amuz.krakow.pl\/wp-content\/uploads\/2021\/11\/amkp.jpg","width":1193,"height":591,"caption":"Akademia Muzyczna im. Krzysztofa Pendereckiego w Krakowie"},"image":{"@id":"https:\/\/www.amuz.krakow.pl\/#\/schema\/logo\/image\/"},"sameAs":["https:\/\/www.facebook.com\/amuz.krakow","https:\/\/www.instagram.com\/amkpenderecki\/","https:\/\/www.youtube.com\/@amkpenderecki4806"]}]}},"_links":{"self":[{"href":"https:\/\/www.amuz.krakow.pl\/en\/wp-json\/wp\/v2\/pages\/241","targetHints":{"allow":["GET"]}}],"collection":[{"href":"https:\/\/www.amuz.krakow.pl\/en\/wp-json\/wp\/v2\/pages"}],"about":[{"href":"https:\/\/www.amuz.krakow.pl\/en\/wp-json\/wp\/v2\/types\/page"}],"author":[{"embeddable":true,"href":"https:\/\/www.amuz.krakow.pl\/en\/wp-json\/wp\/v2\/users\/72"}],"replies":[{"embeddable":true,"href":"https:\/\/www.amuz.krakow.pl\/en\/wp-json\/wp\/v2\/comments?post=241"}],"version-history":[{"count":14,"href":"https:\/\/www.amuz.krakow.pl\/en\/wp-json\/wp\/v2\/pages\/241\/revisions"}],"predecessor-version":[{"id":102506,"href":"https:\/\/www.amuz.krakow.pl\/en\/wp-json\/wp\/v2\/pages\/241\/revisions\/102506"}],"up":[{"embeddable":true,"href":"https:\/\/www.amuz.krakow.pl\/en\/wp-json\/wp\/v2\/pages\/226"}],"wp:attachment":[{"href":"https:\/\/www.amuz.krakow.pl\/en\/wp-json\/wp\/v2\/media?parent=241"}],"curies":[{"name":"wp","href":"https:\/\/api.w.org\/{rel}","templated":true}]}}