{"id":2396,"date":"2016-02-17T23:47:57","date_gmt":"2016-02-17T22:47:57","guid":{"rendered":"http:\/\/strony.amuz.krakow.pl\/?page_id=2396"},"modified":"2026-03-16T11:03:36","modified_gmt":"2026-03-16T10:03:36","slug":"senat","status":"publish","type":"page","link":"https:\/\/www.amuz.krakow.pl\/en\/organy-uczelni\/senat\/senat\/","title":{"rendered":"Senate"},"content":{"rendered":"<p><\/p>\n<p style=\"text-align: center;\"><span style=\"font-size: 12pt;\"><strong>Senate of the Krzysztof Penderecki Academy of Music in Krakow<br \/>\nterm of office 2024 \u2013 2028\u00a0<\/strong><\/span><\/p>\n<p><strong>Head of the Senate<\/strong><\/p>\n<p>HM Rector prof. dr hab. Mariusz Sielski<\/p>\n<p><strong>Vice-Rectors<\/strong><\/p>\n<p>prof. dr hab. Piotr Lato &#8211; Vice Rector for Artistic and Scientific Affairs<br \/>\ndr hab. Piotr R\u00f3\u017ca\u0144ski, prof. AMKP &#8211; Vice Rector for Teaching and International Cooperation<br \/>\ndr Maria Wilczek-Krupa &#8211; Vice Rector for Students and Promotion<\/p>\n<p><strong>Deans<\/strong><\/p>\n<p>dr\u00a0hab. Agnieszka Draus, prof.\u00a0AMKP \u2013 Dean of the Faculty of Composition, Interpretation and Music Education<br \/>\nprof. dr\u00a0hab. Jan Kalinowski \u2013 Dean of the Instrumental Faculty<br \/>\nprof. dr\u00a0hab. Jacek Ozimkowski \u2013 Dean of the Faculty of Voice and Drama<\/p>\n<p><strong>Academic representatives:<\/strong><\/p>\n<p><strong>Faculty of Composition, Interpretation and Music Education<\/strong><\/p>\n<p>prof.\u00a0dr\u00a0hab. Wid\u0142ak Wojciech<br \/>\ndr\u00a0hab. Mateusz Bie\u0144, prof.\u00a0AMKP<br \/>\ndr hab. Renata Borowiecka, prof. AMKP<br \/>\ndr\u00a0hab. Ma\u0142gorzata Janicka-S\u0142ysz, prof.\u00a0AMKP<br \/>\ndr hab. Anna Kalarus, prof. AMKP<br \/>\ndr\u00a0hab. Daniel Prajzner<br \/>\ndr hab. Marcin Strzelecki<\/p>\n<p><strong>Instrumental Faculty<\/strong><\/p>\n<p>prof. dr hab. Danuta Augustyn<br \/>\nprof. dr hab. Zdzis\u0142aw \u0141apin\u0301ski<br \/>\nprof. dr hab. Tomasz Sobaniec<br \/>\nprof. dr hab. Marek Szlezer<br \/>\ndr hab. Anna Armatys-Borrelli, prof. AMKP<br \/>\ndr\u00a0hab. S\u0142awomir Cierpik, prof. AMKP<br \/>\ndr\u00a0hab. Monika Gardo\u0144-Preinl, prof. AMKP<br \/>\ndr hab. Milena K\u0119dra, prof. AMKP<br \/>\ndr hab. Zbigniew Pilch, prof. AMKP<br \/>\ndr\u00a0hab. Monika Wili\u0144ska-Tarcholik, prof. AMKP<br \/>\ndr hab. Piotr K\u0119dzierski<br \/>\ndr hab. Piotr Kowal<br \/>\ndr Justyna Danczowska<br \/>\ndr Wioletta Fluda-Tkaczyk<br \/>\ndr Justyna Pi\u0119ko\u015b-K\u0119dzierska<\/p>\n<p><strong>Faculty of Voice and Drama<\/strong><\/p>\n<p>prof.\u00a0dr\u00a0hab. Agnieszka Monasterska<br \/>\nprof.\u00a0dr\u00a0hab. Maria Seremet-Dziewi\u0119cka<br \/>\ndr hab. Dominika Peszko<\/p>\n<p><strong>Non-academic employees representatives:<\/strong><\/p>\n<p>mgr Katarzyna Druzga\u0142a<br \/>\nmgr Wioletta Filar-Figlarska<\/p>\n<p><strong>Students representatives:<\/strong><\/p>\n<p>Zuzanna Haberka \u2013 President of the AMKP Student Government<br \/>\nSzymon Maziarz \u2013 Vice-President of the AMKP Student Government<br \/>\nMaksymilian Frach<br \/>\nArtem Kozyra<br \/>\nAleksandra Orze\u0142<br \/>\nKacper Staniak<br \/>\nDominik \u015alazyk<br \/>\nStanis\u0142aw Wid\u0142ak<\/p>\n<p><strong>Doctoral Students representative:<\/strong><\/p>\n<p>mgr Anna Rusin<\/p>\n<p><strong>Members the Senate meetings in an advisory capacity:<\/strong><\/p>\n<p>prof.\u00a0dr\u00a0h.c. Kaja Danczowska<strong><br \/>\n<\/strong>prof. dr h.c. Barbara \u015awi\u0105tek-\u017belazna \u2013 Rector in the 1999-2002 term<\/p>\n<p>dr Artur Wolanin &#8211; Chancellor<br \/>\nmgr Gra\u017cyna Sroka \u2013 Bursar<br \/>\nmgr Anna Krzyn\u00f3wek \u2013 Head of the Library<br \/>\nmgr El\u017cbieta Hoffman \u2013 representative of NSZZ \u201eSolidarno\u015b\u0107\u201d<\/p>","protected":false},"excerpt":{"rendered":"<p>Senate of the Krzysztof Penderecki Academy of Music in Krakow term of office 2024 \u2013 2028\u00a0 Head of the Senate HM Rector prof. dr hab. Mariusz Sielski Vice-Rectors prof. dr&hellip; <a href=\"https:\/\/www.amuz.krakow.pl\/en\/organy-uczelni\/senat\/senat\/\">Continue reading<\/a><\/p>\n","protected":false},"author":72,"featured_media":0,"parent":802,"menu_order":1,"comment_status":"closed","ping_status":"closed","template":"","meta":{"footnotes":"","_links_to":"","_links_to_target":""},"class_list":["post-2396","page","type-page","status-publish","hentry"],"yoast_head":"<!-- This site is optimized with the Yoast SEO plugin v27.2 - https:\/\/yoast.com\/product\/yoast-seo-wordpress\/ -->\n<title>AMKP - Akademia Muzyczna im. Krzysztofa Pendereckiego w Krakowie<\/title>\n<meta name=\"robots\" content=\"index, follow, max-snippet:-1, max-image-preview:large, max-video-preview:-1\" \/>\n<link rel=\"canonical\" href=\"https:\/\/www.amuz.krakow.pl\/organy-uczelni\/senat\/senat\/\" \/>\n<meta property=\"og:locale\" content=\"en_US\" \/>\n<meta property=\"og:type\" content=\"article\" \/>\n<meta property=\"og:title\" content=\"AMKP - Akademia Muzyczna im. Krzysztofa Pendereckiego w Krakowie\" \/>\n<meta property=\"og:description\" content=\"Senate of the Krzysztof Penderecki Academy of Music in Krakow term of office 2024 \u2013 2028\u00a0 Head of the Senate HM Rector prof. dr hab. Mariusz Sielski Vice-Rectors prof. dr&hellip; Continue reading\" \/>\n<meta property=\"og:url\" content=\"https:\/\/www.amuz.krakow.pl\/organy-uczelni\/senat\/senat\/\" \/>\n<meta property=\"og:site_name\" content=\"Akademia Muzyczna im. Krzysztofa Pendereckiego w Krakowie\" \/>\n<meta property=\"article:publisher\" content=\"https:\/\/www.facebook.com\/amuz.krakow\" \/>\n<meta property=\"article:modified_time\" content=\"2026-03-16T10:03:36+00:00\" \/>\n<meta property=\"og:image\" content=\"https:\/\/www.amuz.krakow.pl\/wp-content\/uploads\/2021\/11\/amkp.jpg\" \/>\n\t<meta property=\"og:image:width\" content=\"1193\" \/>\n\t<meta property=\"og:image:height\" content=\"591\" \/>\n\t<meta property=\"og:image:type\" content=\"image\/jpeg\" \/>\n<meta name=\"twitter:card\" content=\"summary_large_image\" \/>\n<meta name=\"twitter:label1\" content=\"Est. reading time\" \/>\n\t<meta name=\"twitter:data1\" content=\"2 minutes\" \/>\n<script type=\"application\/ld+json\" class=\"yoast-schema-graph\">{\"@context\":\"https:\/\/schema.org\",\"@graph\":[{\"@type\":\"WebPage\",\"@id\":\"https:\/\/www.amuz.krakow.pl\/organy-uczelni\/senat\/senat\/\",\"url\":\"https:\/\/www.amuz.krakow.pl\/organy-uczelni\/senat\/senat\/\",\"name\":\"AMKP - Akademia Muzyczna im. Krzysztofa Pendereckiego w Krakowie\",\"isPartOf\":{\"@id\":\"https:\/\/www.amuz.krakow.pl\/#website\"},\"datePublished\":\"2016-02-17T22:47:57+00:00\",\"dateModified\":\"2026-03-16T10:03:36+00:00\",\"breadcrumb\":{\"@id\":\"https:\/\/www.amuz.krakow.pl\/organy-uczelni\/senat\/senat\/#breadcrumb\"},\"inLanguage\":\"en-US\",\"potentialAction\":[{\"@type\":\"ReadAction\",\"target\":[\"https:\/\/www.amuz.krakow.pl\/organy-uczelni\/senat\/senat\/\"]}]},{\"@type\":\"BreadcrumbList\",\"@id\":\"https:\/\/www.amuz.krakow.pl\/organy-uczelni\/senat\/senat\/#breadcrumb\",\"itemListElement\":[{\"@type\":\"ListItem\",\"position\":1,\"name\":\"Strona g\u0142\u00f3wna\",\"item\":\"https:\/\/www.amuz.krakow.pl\/\"},{\"@type\":\"ListItem\",\"position\":2,\"name\":\"Organy Uczelni\",\"item\":\"https:\/\/www.amuz.krakow.pl\/organy-uczelni\/\"},{\"@type\":\"ListItem\",\"position\":3,\"name\":\"Senat\",\"item\":\"https:\/\/www.amuz.krakow.pl\/organy-uczelni\/senat\/\"},{\"@type\":\"ListItem\",\"position\":4,\"name\":\"Senat\"}]},{\"@type\":\"WebSite\",\"@id\":\"https:\/\/www.amuz.krakow.pl\/#website\",\"url\":\"https:\/\/www.amuz.krakow.pl\/\",\"name\":\"Akademia Muzyczna im. Krzysztofa Pendereckiego w Krakowie\",\"description\":\"Oficjalna strona Akademii Muzycznej im. Krzysztofa Pendereckiego w Krakowie (AMKP).\",\"publisher\":{\"@id\":\"https:\/\/www.amuz.krakow.pl\/#organization\"},\"alternateName\":\"AMKP\",\"potentialAction\":[{\"@type\":\"SearchAction\",\"target\":{\"@type\":\"EntryPoint\",\"urlTemplate\":\"https:\/\/www.amuz.krakow.pl\/?s={search_term_string}\"},\"query-input\":{\"@type\":\"PropertyValueSpecification\",\"valueRequired\":true,\"valueName\":\"search_term_string\"}}],\"inLanguage\":\"en-US\"},{\"@type\":\"Organization\",\"@id\":\"https:\/\/www.amuz.krakow.pl\/#organization\",\"name\":\"Akademia Muzyczna im. Krzysztofa Pendereckiego w Krakowie\",\"alternateName\":\"AMKP\",\"url\":\"https:\/\/www.amuz.krakow.pl\/\",\"logo\":{\"@type\":\"ImageObject\",\"inLanguage\":\"en-US\",\"@id\":\"https:\/\/www.amuz.krakow.pl\/#\/schema\/logo\/image\/\",\"url\":\"https:\/\/www.amuz.krakow.pl\/wp-content\/uploads\/2021\/11\/amkp.jpg\",\"contentUrl\":\"https:\/\/www.amuz.krakow.pl\/wp-content\/uploads\/2021\/11\/amkp.jpg\",\"width\":1193,\"height\":591,\"caption\":\"Akademia Muzyczna im. Krzysztofa Pendereckiego w Krakowie\"},\"image\":{\"@id\":\"https:\/\/www.amuz.krakow.pl\/#\/schema\/logo\/image\/\"},\"sameAs\":[\"https:\/\/www.facebook.com\/amuz.krakow\",\"https:\/\/www.instagram.com\/amkpenderecki\/\",\"https:\/\/www.youtube.com\/@amkpenderecki4806\"]}]}<\/script>\n<!-- \/ Yoast SEO plugin. -->","yoast_head_json":{"title":"AMKP - Akademia Muzyczna im. Krzysztofa Pendereckiego w Krakowie","robots":{"index":"index","follow":"follow","max-snippet":"max-snippet:-1","max-image-preview":"max-image-preview:large","max-video-preview":"max-video-preview:-1"},"canonical":"https:\/\/www.amuz.krakow.pl\/organy-uczelni\/senat\/senat\/","og_locale":"en_US","og_type":"article","og_title":"AMKP - Akademia Muzyczna im. Krzysztofa Pendereckiego w Krakowie","og_description":"Senate of the Krzysztof Penderecki Academy of Music in Krakow term of office 2024 \u2013 2028\u00a0 Head of the Senate HM Rector prof. dr hab. Mariusz Sielski Vice-Rectors prof. dr&hellip; Continue reading","og_url":"https:\/\/www.amuz.krakow.pl\/organy-uczelni\/senat\/senat\/","og_site_name":"Akademia Muzyczna im. Krzysztofa Pendereckiego w Krakowie","article_publisher":"https:\/\/www.facebook.com\/amuz.krakow","article_modified_time":"2026-03-16T10:03:36+00:00","og_image":[{"width":1193,"height":591,"url":"https:\/\/www.amuz.krakow.pl\/wp-content\/uploads\/2021\/11\/amkp.jpg","type":"image\/jpeg"}],"twitter_card":"summary_large_image","twitter_misc":{"Est. reading time":"2 minutes"},"schema":{"@context":"https:\/\/schema.org","@graph":[{"@type":"WebPage","@id":"https:\/\/www.amuz.krakow.pl\/organy-uczelni\/senat\/senat\/","url":"https:\/\/www.amuz.krakow.pl\/organy-uczelni\/senat\/senat\/","name":"AMKP - Akademia Muzyczna im. Krzysztofa Pendereckiego w Krakowie","isPartOf":{"@id":"https:\/\/www.amuz.krakow.pl\/#website"},"datePublished":"2016-02-17T22:47:57+00:00","dateModified":"2026-03-16T10:03:36+00:00","breadcrumb":{"@id":"https:\/\/www.amuz.krakow.pl\/organy-uczelni\/senat\/senat\/#breadcrumb"},"inLanguage":"en-US","potentialAction":[{"@type":"ReadAction","target":["https:\/\/www.amuz.krakow.pl\/organy-uczelni\/senat\/senat\/"]}]},{"@type":"BreadcrumbList","@id":"https:\/\/www.amuz.krakow.pl\/organy-uczelni\/senat\/senat\/#breadcrumb","itemListElement":[{"@type":"ListItem","position":1,"name":"Strona g\u0142\u00f3wna","item":"https:\/\/www.amuz.krakow.pl\/"},{"@type":"ListItem","position":2,"name":"Organy Uczelni","item":"https:\/\/www.amuz.krakow.pl\/organy-uczelni\/"},{"@type":"ListItem","position":3,"name":"Senat","item":"https:\/\/www.amuz.krakow.pl\/organy-uczelni\/senat\/"},{"@type":"ListItem","position":4,"name":"Senat"}]},{"@type":"WebSite","@id":"https:\/\/www.amuz.krakow.pl\/#website","url":"https:\/\/www.amuz.krakow.pl\/","name":"Akademia Muzyczna im. Krzysztofa Pendereckiego w Krakowie","description":"Oficjalna strona Akademii Muzycznej im. Krzysztofa Pendereckiego w Krakowie (AMKP).","publisher":{"@id":"https:\/\/www.amuz.krakow.pl\/#organization"},"alternateName":"AMKP","potentialAction":[{"@type":"SearchAction","target":{"@type":"EntryPoint","urlTemplate":"https:\/\/www.amuz.krakow.pl\/?s={search_term_string}"},"query-input":{"@type":"PropertyValueSpecification","valueRequired":true,"valueName":"search_term_string"}}],"inLanguage":"en-US"},{"@type":"Organization","@id":"https:\/\/www.amuz.krakow.pl\/#organization","name":"Akademia Muzyczna im. Krzysztofa Pendereckiego w Krakowie","alternateName":"AMKP","url":"https:\/\/www.amuz.krakow.pl\/","logo":{"@type":"ImageObject","inLanguage":"en-US","@id":"https:\/\/www.amuz.krakow.pl\/#\/schema\/logo\/image\/","url":"https:\/\/www.amuz.krakow.pl\/wp-content\/uploads\/2021\/11\/amkp.jpg","contentUrl":"https:\/\/www.amuz.krakow.pl\/wp-content\/uploads\/2021\/11\/amkp.jpg","width":1193,"height":591,"caption":"Akademia Muzyczna im. Krzysztofa Pendereckiego w Krakowie"},"image":{"@id":"https:\/\/www.amuz.krakow.pl\/#\/schema\/logo\/image\/"},"sameAs":["https:\/\/www.facebook.com\/amuz.krakow","https:\/\/www.instagram.com\/amkpenderecki\/","https:\/\/www.youtube.com\/@amkpenderecki4806"]}]}},"_links":{"self":[{"href":"https:\/\/www.amuz.krakow.pl\/en\/wp-json\/wp\/v2\/pages\/2396","targetHints":{"allow":["GET"]}}],"collection":[{"href":"https:\/\/www.amuz.krakow.pl\/en\/wp-json\/wp\/v2\/pages"}],"about":[{"href":"https:\/\/www.amuz.krakow.pl\/en\/wp-json\/wp\/v2\/types\/page"}],"author":[{"embeddable":true,"href":"https:\/\/www.amuz.krakow.pl\/en\/wp-json\/wp\/v2\/users\/72"}],"replies":[{"embeddable":true,"href":"https:\/\/www.amuz.krakow.pl\/en\/wp-json\/wp\/v2\/comments?post=2396"}],"version-history":[{"count":89,"href":"https:\/\/www.amuz.krakow.pl\/en\/wp-json\/wp\/v2\/pages\/2396\/revisions"}],"predecessor-version":[{"id":116332,"href":"https:\/\/www.amuz.krakow.pl\/en\/wp-json\/wp\/v2\/pages\/2396\/revisions\/116332"}],"up":[{"embeddable":true,"href":"https:\/\/www.amuz.krakow.pl\/en\/wp-json\/wp\/v2\/pages\/802"}],"wp:attachment":[{"href":"https:\/\/www.amuz.krakow.pl\/en\/wp-json\/wp\/v2\/media?parent=2396"}],"curies":[{"name":"wp","href":"https:\/\/api.w.org\/{rel}","templated":true}]}}