{"id":2342,"date":"2016-02-17T23:22:12","date_gmt":"2016-02-17T22:22:12","guid":{"rendered":"http:\/\/strony.amuz.krakow.pl\/?page_id=2342"},"modified":"2020-11-26T20:25:31","modified_gmt":"2020-11-26T19:25:31","slug":"dr-hab-lukasz-zyta","status":"publish","type":"page","link":"https:\/\/www.amuz.krakow.pl\/en\/wydzialy\/wydzial-ii-instrumentalny\/katedra-jazzu\/pracownicy-katedry\/dr-hab-lukasz-zyta\/","title":{"rendered":"dr hab. \u0141ukasz \u017byta"},"content":{"rendered":"<p><\/p>\n<div id=\"v1replybody1\">\n<div>\n<figure id=\"attachment_44748\" aria-describedby=\"caption-attachment-44748\" style=\"width: 300px\" class=\"wp-caption alignleft\"><a href=\"https:\/\/www.amuz.krakow.pl\/wydzialy\/wydzial-ii-instrumentalny\/katedra-jazzu\/pracownicy-katedry\/dr-hab-lukasz-zyta\/zyta-lukasz-fot-maria-jarzyna\/\" rel=\"attachment wp-att-44748\"><img loading=\"lazy\" decoding=\"async\" class=\"size-medium wp-image-44748\" src=\"https:\/\/www.amuz.krakow.pl\/wp-content\/uploads\/2020\/11\/Zyta-Lukasz-fot.-Maria-Jarzyna-300x200.jpg\" alt=\"\" width=\"300\" height=\"200\" srcset=\"https:\/\/www.amuz.krakow.pl\/wp-content\/uploads\/2020\/11\/Zyta-Lukasz-fot.-Maria-Jarzyna-300x200.jpg 300w, https:\/\/www.amuz.krakow.pl\/wp-content\/uploads\/2020\/11\/Zyta-Lukasz-fot.-Maria-Jarzyna-scaled.jpg 2048w, https:\/\/www.amuz.krakow.pl\/wp-content\/uploads\/2020\/11\/Zyta-Lukasz-fot.-Maria-Jarzyna-768x512.jpg 768w, https:\/\/www.amuz.krakow.pl\/wp-content\/uploads\/2020\/11\/Zyta-Lukasz-fot.-Maria-Jarzyna-1536x1024.jpg 1536w\" sizes=\"auto, (max-width: 300px) 100vw, 300px\" \/><\/a><figcaption id=\"caption-attachment-44748\" class=\"wp-caption-text\">photo by Maria Jarzyna<\/figcaption><\/figure>\n<p style=\"text-align: justify;\">\u0141ukasz \u017byta &#8211; received his initial musical education at the Arthur Rubinstein Primary and Secondary School of Music in Bydgoszcz, Poland.<br \/>\nHe studied at and received his Master&#8217;s Degree from the Jazz Institute of the Karol Szymanowski Academy of Music in Katowice, Poland in 1998.<br \/>\nHis debut on the jazz stage was in 1993 &#8211; at Krakow&#8217;s Jazz Juniors competition &#8211; as a member of the group Youth Formation. He was awarded First Prize at that same competition in 1995, when he appeared with the group Joint Venture, with whom he went on to take top honors at the Jazz Standards Festival in Siedlce (1996), as well as a Most Promising Group award at the European Jazz Competition in Hoeilaart, Belgium (1996). In 1998, he was First Prize Laureate at the Jazz Drummers&#8217; Competition in Grodzisk Mazowiecki, as well as receiving an Individual Distinction at the \u201cJazz On The Oder\u201d Festival in Wroc\u0142aw.<br \/>\nHe has performed, toured and\/or recorded with a wide range of musicians, including a number of internationally renowned artists, many of whom he continues to work with on a regular basis. He has worked or works with a number of Poland&#8217;s leading jazz musicians, including saxophonists Janusz Muniak, Jan Ptaszyn Wr\u00f3blewski, Tomasz Szukalski, Zbigniew Namys\u0142owski, Andrzej Olejniczak, Henryk Mi\u015bkiewicz, Piotr Baron and Kuba Wi\u0119cek; guitarist Jaros\u0142aw \u015amietana; trumpeter Piotr Wojtasik, trombonist Grzegorz Nag\u00f3rski, pianists Kuba Stankiewicz, Micha\u0142 Tokaj and Piotr Wyle\u017co\u0142, as well as bassists Andrzej Cudzich and Darek \u201eOles\u201d Oleszkiewicz, Jacek Niedziela, Micha\u0142 Bara\u0144ski among many others. His experience in accompanying vocalists is extensive, having worked with a range of singers that\u00a0 represents several generations of Poland&#8217;s vocal jazz scene \u2013 Ewa Bem, Urszula Dudziak, Gra\u017cyna Augu\u015bcik, Iza Zaj\u0105c, and currently with Aga Zaryan. Some of the other artists he has worked with are: Lee Konitz, Bennie Maupin, Ishmael Wadada, Leo Smith, Dino Saluzzi, Dayna Stephens, Stephen Riley, David Murray, Chris Cheek, David Friedman, Bobby Watson, Brad Terry, Ingrid Jensen, Timucin Sahin, William Galison, Matt Pavolka, Jaromir Honzak, David Doruzka, Steve Logan, Josefine Lindstrand, and others.<br \/>\nHe has performed at many festivals in Poland: Jazz Jamboree, Jazz nad Odra\u0328, Komeda Jazz Festival, Festiwal Pianisto\u0301w Jazzowych, Od Nowa Jazz Festival, Jazz Juniors, Muzeum Jazz Festival, Lublin Jazz Festival, Pomorska Jesien\u0301 Jazzowa, M\u0142yn Jazz Festival, Sopot Jazz Festival, Sopot Molo Jazz Festival, RCK Pro Jazz Festival,\u00a0 Silesian Jazz Meeting, Starzy i M\u0142odzi czyli Jazz w Krakowie, Tarno\u0301w International Jazz Contest, Palm Jazz Festival, Ladies Jazz Festival, Zakopian\u0301ska Wiosna Jazzowa, Drums Fuzje etc.<br \/>\nand abroad:Ankara Jazz Festival, Berlin Jazz Festival, Brno Jazz Festival, Cheltenham Jazz Festival, Dusseldorf Jazz Rally, Edinburgh Jazz &amp; Blues Festival, Getxo Jazz Festival, Izmir European Jazz Festival, Jazzahead (Bremen), Nine Gates Jazz Festival (Pekin), Roma Jazz Festival, St. Moritz Jazz Festival, Tokyo Jazz Festival, Trutnov Jazz Festival, Utsav Jazz Festival (New Delhi), White Nights Jazz Festival (St. Petersburg)<br \/>\nAs a sideman he recorded over 50 CDs.<br \/>\nSince 2007 he is a drum teacher at the jazz faculty at the Academy of Music in Krakow.<\/p>\n<p><a href=\"mailto:lukasz.zyta@amuz.krakow.pl\">lukasz.zyta@amuz.krakow.pl<\/a><\/p>\n<\/div>\n<\/div>\n<p><\/p>","protected":false},"excerpt":{"rendered":"<p>\u0141ukasz \u017byta &#8211; received his initial musical education at the Arthur Rubinstein Primary and Secondary School of Music in Bydgoszcz, Poland. He studied at and received his Master&#8217;s Degree from&hellip; <a href=\"https:\/\/www.amuz.krakow.pl\/en\/wydzialy\/wydzial-ii-instrumentalny\/katedra-jazzu\/pracownicy-katedry\/dr-hab-lukasz-zyta\/\">Continue reading<\/a><\/p>\n","protected":false},"author":72,"featured_media":0,"parent":2279,"menu_order":55,"comment_status":"closed","ping_status":"closed","template":"","meta":{"footnotes":"","_links_to":"","_links_to_target":""},"class_list":["post-2342","page","type-page","status-publish","hentry"],"yoast_head":"<!-- This site is optimized with the Yoast SEO plugin v27.2 - https:\/\/yoast.com\/product\/yoast-seo-wordpress\/ -->\n<title>AMKP - Akademia Muzyczna im. Krzysztofa Pendereckiego w Krakowie<\/title>\n<meta name=\"robots\" content=\"index, follow, max-snippet:-1, max-image-preview:large, max-video-preview:-1\" \/>\n<link rel=\"canonical\" href=\"https:\/\/www.amuz.krakow.pl\/wydzialy\/wydzial-ii-instrumentalny\/katedra-jazzu\/pracownicy-katedry\/dr-hab-lukasz-zyta\/\" \/>\n<meta property=\"og:locale\" content=\"en_US\" \/>\n<meta property=\"og:type\" content=\"article\" \/>\n<meta property=\"og:title\" content=\"AMKP - Akademia Muzyczna im. Krzysztofa Pendereckiego w Krakowie\" \/>\n<meta property=\"og:description\" content=\"\u0141ukasz \u017byta &#8211; received his initial musical education at the Arthur Rubinstein Primary and Secondary School of Music in Bydgoszcz, Poland. He studied at and received his Master&#8217;s Degree from&hellip; Continue reading\" \/>\n<meta property=\"og:url\" content=\"https:\/\/www.amuz.krakow.pl\/wydzialy\/wydzial-ii-instrumentalny\/katedra-jazzu\/pracownicy-katedry\/dr-hab-lukasz-zyta\/\" \/>\n<meta property=\"og:site_name\" content=\"Akademia Muzyczna im. Krzysztofa Pendereckiego w Krakowie\" \/>\n<meta property=\"article:publisher\" content=\"https:\/\/www.facebook.com\/amuz.krakow\" \/>\n<meta property=\"article:modified_time\" content=\"2020-11-26T19:25:31+00:00\" \/>\n<meta property=\"og:image\" content=\"https:\/\/www.amuz.krakow.pl\/wp-content\/uploads\/2020\/11\/Zyta-Lukasz-fot.-Maria-Jarzyna-300x200.jpg\" \/>\n<meta name=\"twitter:card\" content=\"summary_large_image\" \/>\n<meta name=\"twitter:label1\" content=\"Est. reading time\" \/>\n\t<meta name=\"twitter:data1\" content=\"5 minutes\" \/>\n<script type=\"application\/ld+json\" class=\"yoast-schema-graph\">{\"@context\":\"https:\/\/schema.org\",\"@graph\":[{\"@type\":\"WebPage\",\"@id\":\"https:\/\/www.amuz.krakow.pl\/wydzialy\/wydzial-ii-instrumentalny\/katedra-jazzu\/pracownicy-katedry\/dr-hab-lukasz-zyta\/\",\"url\":\"https:\/\/www.amuz.krakow.pl\/wydzialy\/wydzial-ii-instrumentalny\/katedra-jazzu\/pracownicy-katedry\/dr-hab-lukasz-zyta\/\",\"name\":\"AMKP - Akademia Muzyczna im. Krzysztofa Pendereckiego w Krakowie\",\"isPartOf\":{\"@id\":\"https:\/\/www.amuz.krakow.pl\/#website\"},\"primaryImageOfPage\":{\"@id\":\"https:\/\/www.amuz.krakow.pl\/wydzialy\/wydzial-ii-instrumentalny\/katedra-jazzu\/pracownicy-katedry\/dr-hab-lukasz-zyta\/#primaryimage\"},\"image\":{\"@id\":\"https:\/\/www.amuz.krakow.pl\/wydzialy\/wydzial-ii-instrumentalny\/katedra-jazzu\/pracownicy-katedry\/dr-hab-lukasz-zyta\/#primaryimage\"},\"thumbnailUrl\":\"https:\/\/www.amuz.krakow.pl\/wp-content\/uploads\/2020\/11\/Zyta-Lukasz-fot.-Maria-Jarzyna-300x200.jpg\",\"datePublished\":\"2016-02-17T22:22:12+00:00\",\"dateModified\":\"2020-11-26T19:25:31+00:00\",\"breadcrumb\":{\"@id\":\"https:\/\/www.amuz.krakow.pl\/wydzialy\/wydzial-ii-instrumentalny\/katedra-jazzu\/pracownicy-katedry\/dr-hab-lukasz-zyta\/#breadcrumb\"},\"inLanguage\":\"en-US\",\"potentialAction\":[{\"@type\":\"ReadAction\",\"target\":[\"https:\/\/www.amuz.krakow.pl\/wydzialy\/wydzial-ii-instrumentalny\/katedra-jazzu\/pracownicy-katedry\/dr-hab-lukasz-zyta\/\"]}]},{\"@type\":\"ImageObject\",\"inLanguage\":\"en-US\",\"@id\":\"https:\/\/www.amuz.krakow.pl\/wydzialy\/wydzial-ii-instrumentalny\/katedra-jazzu\/pracownicy-katedry\/dr-hab-lukasz-zyta\/#primaryimage\",\"url\":\"https:\/\/www.amuz.krakow.pl\/wp-content\/uploads\/2020\/11\/Zyta-Lukasz-fot.-Maria-Jarzyna-300x200.jpg\",\"contentUrl\":\"https:\/\/www.amuz.krakow.pl\/wp-content\/uploads\/2020\/11\/Zyta-Lukasz-fot.-Maria-Jarzyna-300x200.jpg\"},{\"@type\":\"BreadcrumbList\",\"@id\":\"https:\/\/www.amuz.krakow.pl\/wydzialy\/wydzial-ii-instrumentalny\/katedra-jazzu\/pracownicy-katedry\/dr-hab-lukasz-zyta\/#breadcrumb\",\"itemListElement\":[{\"@type\":\"ListItem\",\"position\":1,\"name\":\"Strona g\u0142\u00f3wna\",\"item\":\"https:\/\/www.amuz.krakow.pl\/\"},{\"@type\":\"ListItem\",\"position\":2,\"name\":\"WYDZIA\u0141Y\",\"item\":\"https:\/\/www.amuz.krakow.pl\/wydzialy\/\"},{\"@type\":\"ListItem\",\"position\":3,\"name\":\"Wydzia\u0142 Instrumentalny\",\"item\":\"https:\/\/www.amuz.krakow.pl\/wydzialy\/wydzial-ii-instrumentalny\/\"},{\"@type\":\"ListItem\",\"position\":4,\"name\":\"Katedra Jazzu\",\"item\":\"https:\/\/www.amuz.krakow.pl\/wydzialy\/wydzial-ii-instrumentalny\/katedra-jazzu\/\"},{\"@type\":\"ListItem\",\"position\":5,\"name\":\"Pracownicy Katedry\",\"item\":\"https:\/\/www.amuz.krakow.pl\/wydzialy\/wydzial-ii-instrumentalny\/katedra-jazzu\/pracownicy-katedry\/\"},{\"@type\":\"ListItem\",\"position\":6,\"name\":\"dr hab. \u0141ukasz \u017byta\"}]},{\"@type\":\"WebSite\",\"@id\":\"https:\/\/www.amuz.krakow.pl\/#website\",\"url\":\"https:\/\/www.amuz.krakow.pl\/\",\"name\":\"Akademia Muzyczna im. Krzysztofa Pendereckiego w Krakowie\",\"description\":\"Oficjalna strona Akademii Muzycznej im. Krzysztofa Pendereckiego w Krakowie (AMKP).\",\"publisher\":{\"@id\":\"https:\/\/www.amuz.krakow.pl\/#organization\"},\"alternateName\":\"AMKP\",\"potentialAction\":[{\"@type\":\"SearchAction\",\"target\":{\"@type\":\"EntryPoint\",\"urlTemplate\":\"https:\/\/www.amuz.krakow.pl\/?s={search_term_string}\"},\"query-input\":{\"@type\":\"PropertyValueSpecification\",\"valueRequired\":true,\"valueName\":\"search_term_string\"}}],\"inLanguage\":\"en-US\"},{\"@type\":\"Organization\",\"@id\":\"https:\/\/www.amuz.krakow.pl\/#organization\",\"name\":\"Akademia Muzyczna im. Krzysztofa Pendereckiego w Krakowie\",\"alternateName\":\"AMKP\",\"url\":\"https:\/\/www.amuz.krakow.pl\/\",\"logo\":{\"@type\":\"ImageObject\",\"inLanguage\":\"en-US\",\"@id\":\"https:\/\/www.amuz.krakow.pl\/#\/schema\/logo\/image\/\",\"url\":\"https:\/\/www.amuz.krakow.pl\/wp-content\/uploads\/2021\/11\/amkp.jpg\",\"contentUrl\":\"https:\/\/www.amuz.krakow.pl\/wp-content\/uploads\/2021\/11\/amkp.jpg\",\"width\":1193,\"height\":591,\"caption\":\"Akademia Muzyczna im. Krzysztofa Pendereckiego w Krakowie\"},\"image\":{\"@id\":\"https:\/\/www.amuz.krakow.pl\/#\/schema\/logo\/image\/\"},\"sameAs\":[\"https:\/\/www.facebook.com\/amuz.krakow\",\"https:\/\/www.instagram.com\/amkpenderecki\/\",\"https:\/\/www.youtube.com\/@amkpenderecki4806\"]}]}<\/script>\n<!-- \/ Yoast SEO plugin. -->","yoast_head_json":{"title":"AMKP - Akademia Muzyczna im. Krzysztofa Pendereckiego w Krakowie","robots":{"index":"index","follow":"follow","max-snippet":"max-snippet:-1","max-image-preview":"max-image-preview:large","max-video-preview":"max-video-preview:-1"},"canonical":"https:\/\/www.amuz.krakow.pl\/wydzialy\/wydzial-ii-instrumentalny\/katedra-jazzu\/pracownicy-katedry\/dr-hab-lukasz-zyta\/","og_locale":"en_US","og_type":"article","og_title":"AMKP - Akademia Muzyczna im. Krzysztofa Pendereckiego w Krakowie","og_description":"\u0141ukasz \u017byta &#8211; received his initial musical education at the Arthur Rubinstein Primary and Secondary School of Music in Bydgoszcz, Poland. He studied at and received his Master&#8217;s Degree from&hellip; Continue reading","og_url":"https:\/\/www.amuz.krakow.pl\/wydzialy\/wydzial-ii-instrumentalny\/katedra-jazzu\/pracownicy-katedry\/dr-hab-lukasz-zyta\/","og_site_name":"Akademia Muzyczna im. Krzysztofa Pendereckiego w Krakowie","article_publisher":"https:\/\/www.facebook.com\/amuz.krakow","article_modified_time":"2020-11-26T19:25:31+00:00","og_image":[{"url":"https:\/\/www.amuz.krakow.pl\/wp-content\/uploads\/2020\/11\/Zyta-Lukasz-fot.-Maria-Jarzyna-300x200.jpg","type":"","width":"","height":""}],"twitter_card":"summary_large_image","twitter_misc":{"Est. reading time":"5 minutes"},"schema":{"@context":"https:\/\/schema.org","@graph":[{"@type":"WebPage","@id":"https:\/\/www.amuz.krakow.pl\/wydzialy\/wydzial-ii-instrumentalny\/katedra-jazzu\/pracownicy-katedry\/dr-hab-lukasz-zyta\/","url":"https:\/\/www.amuz.krakow.pl\/wydzialy\/wydzial-ii-instrumentalny\/katedra-jazzu\/pracownicy-katedry\/dr-hab-lukasz-zyta\/","name":"AMKP - Akademia Muzyczna im. Krzysztofa Pendereckiego w Krakowie","isPartOf":{"@id":"https:\/\/www.amuz.krakow.pl\/#website"},"primaryImageOfPage":{"@id":"https:\/\/www.amuz.krakow.pl\/wydzialy\/wydzial-ii-instrumentalny\/katedra-jazzu\/pracownicy-katedry\/dr-hab-lukasz-zyta\/#primaryimage"},"image":{"@id":"https:\/\/www.amuz.krakow.pl\/wydzialy\/wydzial-ii-instrumentalny\/katedra-jazzu\/pracownicy-katedry\/dr-hab-lukasz-zyta\/#primaryimage"},"thumbnailUrl":"https:\/\/www.amuz.krakow.pl\/wp-content\/uploads\/2020\/11\/Zyta-Lukasz-fot.-Maria-Jarzyna-300x200.jpg","datePublished":"2016-02-17T22:22:12+00:00","dateModified":"2020-11-26T19:25:31+00:00","breadcrumb":{"@id":"https:\/\/www.amuz.krakow.pl\/wydzialy\/wydzial-ii-instrumentalny\/katedra-jazzu\/pracownicy-katedry\/dr-hab-lukasz-zyta\/#breadcrumb"},"inLanguage":"en-US","potentialAction":[{"@type":"ReadAction","target":["https:\/\/www.amuz.krakow.pl\/wydzialy\/wydzial-ii-instrumentalny\/katedra-jazzu\/pracownicy-katedry\/dr-hab-lukasz-zyta\/"]}]},{"@type":"ImageObject","inLanguage":"en-US","@id":"https:\/\/www.amuz.krakow.pl\/wydzialy\/wydzial-ii-instrumentalny\/katedra-jazzu\/pracownicy-katedry\/dr-hab-lukasz-zyta\/#primaryimage","url":"https:\/\/www.amuz.krakow.pl\/wp-content\/uploads\/2020\/11\/Zyta-Lukasz-fot.-Maria-Jarzyna-300x200.jpg","contentUrl":"https:\/\/www.amuz.krakow.pl\/wp-content\/uploads\/2020\/11\/Zyta-Lukasz-fot.-Maria-Jarzyna-300x200.jpg"},{"@type":"BreadcrumbList","@id":"https:\/\/www.amuz.krakow.pl\/wydzialy\/wydzial-ii-instrumentalny\/katedra-jazzu\/pracownicy-katedry\/dr-hab-lukasz-zyta\/#breadcrumb","itemListElement":[{"@type":"ListItem","position":1,"name":"Strona g\u0142\u00f3wna","item":"https:\/\/www.amuz.krakow.pl\/"},{"@type":"ListItem","position":2,"name":"WYDZIA\u0141Y","item":"https:\/\/www.amuz.krakow.pl\/wydzialy\/"},{"@type":"ListItem","position":3,"name":"Wydzia\u0142 Instrumentalny","item":"https:\/\/www.amuz.krakow.pl\/wydzialy\/wydzial-ii-instrumentalny\/"},{"@type":"ListItem","position":4,"name":"Katedra Jazzu","item":"https:\/\/www.amuz.krakow.pl\/wydzialy\/wydzial-ii-instrumentalny\/katedra-jazzu\/"},{"@type":"ListItem","position":5,"name":"Pracownicy Katedry","item":"https:\/\/www.amuz.krakow.pl\/wydzialy\/wydzial-ii-instrumentalny\/katedra-jazzu\/pracownicy-katedry\/"},{"@type":"ListItem","position":6,"name":"dr hab. \u0141ukasz \u017byta"}]},{"@type":"WebSite","@id":"https:\/\/www.amuz.krakow.pl\/#website","url":"https:\/\/www.amuz.krakow.pl\/","name":"Akademia Muzyczna im. Krzysztofa Pendereckiego w Krakowie","description":"Oficjalna strona Akademii Muzycznej im. Krzysztofa Pendereckiego w Krakowie (AMKP).","publisher":{"@id":"https:\/\/www.amuz.krakow.pl\/#organization"},"alternateName":"AMKP","potentialAction":[{"@type":"SearchAction","target":{"@type":"EntryPoint","urlTemplate":"https:\/\/www.amuz.krakow.pl\/?s={search_term_string}"},"query-input":{"@type":"PropertyValueSpecification","valueRequired":true,"valueName":"search_term_string"}}],"inLanguage":"en-US"},{"@type":"Organization","@id":"https:\/\/www.amuz.krakow.pl\/#organization","name":"Akademia Muzyczna im. Krzysztofa Pendereckiego w Krakowie","alternateName":"AMKP","url":"https:\/\/www.amuz.krakow.pl\/","logo":{"@type":"ImageObject","inLanguage":"en-US","@id":"https:\/\/www.amuz.krakow.pl\/#\/schema\/logo\/image\/","url":"https:\/\/www.amuz.krakow.pl\/wp-content\/uploads\/2021\/11\/amkp.jpg","contentUrl":"https:\/\/www.amuz.krakow.pl\/wp-content\/uploads\/2021\/11\/amkp.jpg","width":1193,"height":591,"caption":"Akademia Muzyczna im. Krzysztofa Pendereckiego w Krakowie"},"image":{"@id":"https:\/\/www.amuz.krakow.pl\/#\/schema\/logo\/image\/"},"sameAs":["https:\/\/www.facebook.com\/amuz.krakow","https:\/\/www.instagram.com\/amkpenderecki\/","https:\/\/www.youtube.com\/@amkpenderecki4806"]}]}},"_links":{"self":[{"href":"https:\/\/www.amuz.krakow.pl\/en\/wp-json\/wp\/v2\/pages\/2342","targetHints":{"allow":["GET"]}}],"collection":[{"href":"https:\/\/www.amuz.krakow.pl\/en\/wp-json\/wp\/v2\/pages"}],"about":[{"href":"https:\/\/www.amuz.krakow.pl\/en\/wp-json\/wp\/v2\/types\/page"}],"author":[{"embeddable":true,"href":"https:\/\/www.amuz.krakow.pl\/en\/wp-json\/wp\/v2\/users\/72"}],"replies":[{"embeddable":true,"href":"https:\/\/www.amuz.krakow.pl\/en\/wp-json\/wp\/v2\/comments?post=2342"}],"version-history":[{"count":5,"href":"https:\/\/www.amuz.krakow.pl\/en\/wp-json\/wp\/v2\/pages\/2342\/revisions"}],"predecessor-version":[{"id":44749,"href":"https:\/\/www.amuz.krakow.pl\/en\/wp-json\/wp\/v2\/pages\/2342\/revisions\/44749"}],"up":[{"embeddable":true,"href":"https:\/\/www.amuz.krakow.pl\/en\/wp-json\/wp\/v2\/pages\/2279"}],"wp:attachment":[{"href":"https:\/\/www.amuz.krakow.pl\/en\/wp-json\/wp\/v2\/media?parent=2342"}],"curies":[{"name":"wp","href":"https:\/\/api.w.org\/{rel}","templated":true}]}}