{"id":2319,"date":"2016-02-17T23:11:30","date_gmt":"2016-02-17T22:11:30","guid":{"rendered":"http:\/\/strony.amuz.krakow.pl\/?page_id=2319"},"modified":"2024-06-14T12:42:48","modified_gmt":"2024-06-14T10:42:48","slug":"dr-hab-joachim-mencel","status":"publish","type":"page","link":"https:\/\/www.amuz.krakow.pl\/en\/wydzialy\/wydzial-ii-instrumentalny\/katedra-jazzu\/pracownicy-katedry\/dr-hab-joachim-mencel\/","title":{"rendered":"prof. dr hab. Joachim Mencel"},"content":{"rendered":"<p><\/p>\n<div id=\"v1replybody1\">\n<div>\n<figure id=\"attachment_44713\" aria-describedby=\"caption-attachment-44713\" style=\"width: 300px\" class=\"wp-caption alignleft\"><a href=\"https:\/\/www.amuz.krakow.pl\/wydzialy\/wydzial-ii-instrumentalny\/katedra-jazzu\/pracownicy-katedry\/dr-hab-joachim-mencel\/joachim-mencel2\/\" rel=\"attachment wp-att-44713\"><img loading=\"lazy\" decoding=\"async\" class=\"size-medium wp-image-44713\" src=\"https:\/\/www.amuz.krakow.pl\/wp-content\/uploads\/2020\/11\/Joachim-Mencel2-300x200.jpg\" alt=\"\" width=\"300\" height=\"200\" srcset=\"https:\/\/www.amuz.krakow.pl\/wp-content\/uploads\/2020\/11\/Joachim-Mencel2-300x200.jpg 300w, https:\/\/www.amuz.krakow.pl\/wp-content\/uploads\/2020\/11\/Joachim-Mencel2-768x512.jpg 768w, https:\/\/www.amuz.krakow.pl\/wp-content\/uploads\/2020\/11\/Joachim-Mencel2-1536x1024.jpg 1536w, https:\/\/www.amuz.krakow.pl\/wp-content\/uploads\/2020\/11\/Joachim-Mencel2.jpg 2000w\" sizes=\"auto, (max-width: 300px) 100vw, 300px\" \/><\/a><figcaption id=\"caption-attachment-44713\" class=\"wp-caption-text\">photo &#8211; private archive<\/figcaption><\/figure>\n<p style=\"text-align: justify;\">Joachim Mencel \u2013 pianist, lyricist, composer, music producer, PhD \u2013 assistant professor at the Academy of Music in Krakow, decorated with, among others Silver Cross of Merit and Bronze Medal for Merit to Culture Gloria Artis, called the \u201cromantic of Polish jazz pianism\u201d.<br \/>\nHe graduated from the Jazz and Popular Music Department of the Music Academy in Katowice. He played, among others in the bands of Janusz Muniak (CD \u201cContemplation\u201d), Andrzej Cudzich (CD \u201cSimple Way\u201d) and Nigel Kennedy. He regularly cooperates with the American clarinettist Brad Terrym (albums \u201cAll about spring\u201d, \u201cColorado\u201d, \u201cLive in Fort Andross\u201d). A respected arranger of vocal music, he wrote and arranged songs for Ewa Bem (all songs on the album \u201cKakadu\u201d), Mieczys\u0142aw Szcze\u015bniak, Anna Maria Jopek and the bands New Life and El Greco. Mencel is the author of a jazz cantata for choir, orchestra and soloists \u201cLove explained everything to me\u201d, as well as music for films, ballet spectacles and pantomime.<br \/>\nCurrently, he performs solo with the program of songs for piano and lyre, and also performs with his quintet, with which he performs his own compositions inspired by folk dances. In 2018, For Tune released an album with this material called \u201cArtisena\u201d.<br \/>\nJoachim Mencel has performed in many countries of Europe, America, Africa and Asia, including with the author\u2019s project jmTrio (CD \u201cInterludium\u201d). In addition, he collaborated with many respected musicians, including Lee Konitz, Dino Saluzzi, Richard Galliano, Dave Liebman, David Friedman, Eddie Henderson, Ronnie Burrage, Charlie Mariano, Rufus Reid, Terry Clarke, Zbigniew Namys\u0142owski, Vitold Rek, Jaros\u0142aw \u015amietana.<br \/>\nIn April 2019 in New York, Joachim Mencel recorded music for the album &#8220;Brooklyn Eye&#8221;, which was released by the American label Origin. The leader&#8217;s own compositions were played by outstanding musicians whom Mencel appreciates and admires for many years: Steve Cardenas, Scott Colley and Rudy Royston.<\/p>\n<p><a href=\"mailto:joachim.mencel@amuz.krakow.pl\">joachim.mencel@amuz.krakow.pl<\/a><\/p>\n<\/div>\n<\/div>\n<p><\/p>","protected":false},"excerpt":{"rendered":"<p>Joachim Mencel \u2013 pianist, lyricist, composer, music producer, PhD \u2013 assistant professor at the Academy of Music in Krakow, decorated with, among others Silver Cross of Merit and Bronze Medal&hellip; <a href=\"https:\/\/www.amuz.krakow.pl\/en\/wydzialy\/wydzial-ii-instrumentalny\/katedra-jazzu\/pracownicy-katedry\/dr-hab-joachim-mencel\/\">Continue reading<\/a><\/p>\n","protected":false},"author":72,"featured_media":0,"parent":2279,"menu_order":4,"comment_status":"closed","ping_status":"closed","template":"","meta":{"footnotes":"","_links_to":"","_links_to_target":""},"class_list":["post-2319","page","type-page","status-publish","hentry"],"yoast_head":"<!-- This site is optimized with the Yoast SEO plugin v27.2 - https:\/\/yoast.com\/product\/yoast-seo-wordpress\/ -->\n<title>AMKP - Akademia Muzyczna im. Krzysztofa Pendereckiego w Krakowie<\/title>\n<meta name=\"robots\" content=\"index, follow, max-snippet:-1, max-image-preview:large, max-video-preview:-1\" \/>\n<link rel=\"canonical\" href=\"https:\/\/www.amuz.krakow.pl\/wydzialy\/wydzial-ii-instrumentalny\/katedra-jazzu\/pracownicy-katedry\/dr-hab-joachim-mencel\/\" \/>\n<meta property=\"og:locale\" content=\"en_US\" \/>\n<meta property=\"og:type\" content=\"article\" \/>\n<meta property=\"og:title\" content=\"AMKP - Akademia Muzyczna im. Krzysztofa Pendereckiego w Krakowie\" \/>\n<meta property=\"og:description\" content=\"Joachim Mencel \u2013 pianist, lyricist, composer, music producer, PhD \u2013 assistant professor at the Academy of Music in Krakow, decorated with, among others Silver Cross of Merit and Bronze Medal&hellip; Continue reading\" \/>\n<meta property=\"og:url\" content=\"https:\/\/www.amuz.krakow.pl\/wydzialy\/wydzial-ii-instrumentalny\/katedra-jazzu\/pracownicy-katedry\/dr-hab-joachim-mencel\/\" \/>\n<meta property=\"og:site_name\" content=\"Akademia Muzyczna im. Krzysztofa Pendereckiego w Krakowie\" \/>\n<meta property=\"article:publisher\" content=\"https:\/\/www.facebook.com\/amuz.krakow\" \/>\n<meta property=\"article:modified_time\" content=\"2024-06-14T10:42:48+00:00\" \/>\n<meta property=\"og:image\" content=\"https:\/\/www.amuz.krakow.pl\/wp-content\/uploads\/2020\/11\/Joachim-Mencel2-300x200.jpg\" \/>\n<meta name=\"twitter:card\" content=\"summary_large_image\" \/>\n<meta name=\"twitter:label1\" content=\"Est. reading time\" \/>\n\t<meta name=\"twitter:data1\" content=\"2 minutes\" \/>\n<script type=\"application\/ld+json\" class=\"yoast-schema-graph\">{\"@context\":\"https:\/\/schema.org\",\"@graph\":[{\"@type\":\"WebPage\",\"@id\":\"https:\/\/www.amuz.krakow.pl\/wydzialy\/wydzial-ii-instrumentalny\/katedra-jazzu\/pracownicy-katedry\/dr-hab-joachim-mencel\/\",\"url\":\"https:\/\/www.amuz.krakow.pl\/wydzialy\/wydzial-ii-instrumentalny\/katedra-jazzu\/pracownicy-katedry\/dr-hab-joachim-mencel\/\",\"name\":\"AMKP - Akademia Muzyczna im. Krzysztofa Pendereckiego w Krakowie\",\"isPartOf\":{\"@id\":\"https:\/\/www.amuz.krakow.pl\/#website\"},\"primaryImageOfPage\":{\"@id\":\"https:\/\/www.amuz.krakow.pl\/wydzialy\/wydzial-ii-instrumentalny\/katedra-jazzu\/pracownicy-katedry\/dr-hab-joachim-mencel\/#primaryimage\"},\"image\":{\"@id\":\"https:\/\/www.amuz.krakow.pl\/wydzialy\/wydzial-ii-instrumentalny\/katedra-jazzu\/pracownicy-katedry\/dr-hab-joachim-mencel\/#primaryimage\"},\"thumbnailUrl\":\"https:\/\/www.amuz.krakow.pl\/wp-content\/uploads\/2020\/11\/Joachim-Mencel2-300x200.jpg\",\"datePublished\":\"2016-02-17T22:11:30+00:00\",\"dateModified\":\"2024-06-14T10:42:48+00:00\",\"breadcrumb\":{\"@id\":\"https:\/\/www.amuz.krakow.pl\/wydzialy\/wydzial-ii-instrumentalny\/katedra-jazzu\/pracownicy-katedry\/dr-hab-joachim-mencel\/#breadcrumb\"},\"inLanguage\":\"en-US\",\"potentialAction\":[{\"@type\":\"ReadAction\",\"target\":[\"https:\/\/www.amuz.krakow.pl\/wydzialy\/wydzial-ii-instrumentalny\/katedra-jazzu\/pracownicy-katedry\/dr-hab-joachim-mencel\/\"]}]},{\"@type\":\"ImageObject\",\"inLanguage\":\"en-US\",\"@id\":\"https:\/\/www.amuz.krakow.pl\/wydzialy\/wydzial-ii-instrumentalny\/katedra-jazzu\/pracownicy-katedry\/dr-hab-joachim-mencel\/#primaryimage\",\"url\":\"https:\/\/www.amuz.krakow.pl\/wp-content\/uploads\/2020\/11\/Joachim-Mencel2-300x200.jpg\",\"contentUrl\":\"https:\/\/www.amuz.krakow.pl\/wp-content\/uploads\/2020\/11\/Joachim-Mencel2-300x200.jpg\"},{\"@type\":\"BreadcrumbList\",\"@id\":\"https:\/\/www.amuz.krakow.pl\/wydzialy\/wydzial-ii-instrumentalny\/katedra-jazzu\/pracownicy-katedry\/dr-hab-joachim-mencel\/#breadcrumb\",\"itemListElement\":[{\"@type\":\"ListItem\",\"position\":1,\"name\":\"Strona g\u0142\u00f3wna\",\"item\":\"https:\/\/www.amuz.krakow.pl\/\"},{\"@type\":\"ListItem\",\"position\":2,\"name\":\"WYDZIA\u0141Y\",\"item\":\"https:\/\/www.amuz.krakow.pl\/wydzialy\/\"},{\"@type\":\"ListItem\",\"position\":3,\"name\":\"Wydzia\u0142 Instrumentalny\",\"item\":\"https:\/\/www.amuz.krakow.pl\/wydzialy\/wydzial-ii-instrumentalny\/\"},{\"@type\":\"ListItem\",\"position\":4,\"name\":\"Katedra Jazzu\",\"item\":\"https:\/\/www.amuz.krakow.pl\/wydzialy\/wydzial-ii-instrumentalny\/katedra-jazzu\/\"},{\"@type\":\"ListItem\",\"position\":5,\"name\":\"Pracownicy Katedry\",\"item\":\"https:\/\/www.amuz.krakow.pl\/wydzialy\/wydzial-ii-instrumentalny\/katedra-jazzu\/pracownicy-katedry\/\"},{\"@type\":\"ListItem\",\"position\":6,\"name\":\"prof. dr hab. Joachim Mencel\"}]},{\"@type\":\"WebSite\",\"@id\":\"https:\/\/www.amuz.krakow.pl\/#website\",\"url\":\"https:\/\/www.amuz.krakow.pl\/\",\"name\":\"Akademia Muzyczna im. Krzysztofa Pendereckiego w Krakowie\",\"description\":\"Oficjalna strona Akademii Muzycznej im. Krzysztofa Pendereckiego w Krakowie (AMKP).\",\"publisher\":{\"@id\":\"https:\/\/www.amuz.krakow.pl\/#organization\"},\"alternateName\":\"AMKP\",\"potentialAction\":[{\"@type\":\"SearchAction\",\"target\":{\"@type\":\"EntryPoint\",\"urlTemplate\":\"https:\/\/www.amuz.krakow.pl\/?s={search_term_string}\"},\"query-input\":{\"@type\":\"PropertyValueSpecification\",\"valueRequired\":true,\"valueName\":\"search_term_string\"}}],\"inLanguage\":\"en-US\"},{\"@type\":\"Organization\",\"@id\":\"https:\/\/www.amuz.krakow.pl\/#organization\",\"name\":\"Akademia Muzyczna im. Krzysztofa Pendereckiego w Krakowie\",\"alternateName\":\"AMKP\",\"url\":\"https:\/\/www.amuz.krakow.pl\/\",\"logo\":{\"@type\":\"ImageObject\",\"inLanguage\":\"en-US\",\"@id\":\"https:\/\/www.amuz.krakow.pl\/#\/schema\/logo\/image\/\",\"url\":\"https:\/\/www.amuz.krakow.pl\/wp-content\/uploads\/2021\/11\/amkp.jpg\",\"contentUrl\":\"https:\/\/www.amuz.krakow.pl\/wp-content\/uploads\/2021\/11\/amkp.jpg\",\"width\":1193,\"height\":591,\"caption\":\"Akademia Muzyczna im. Krzysztofa Pendereckiego w Krakowie\"},\"image\":{\"@id\":\"https:\/\/www.amuz.krakow.pl\/#\/schema\/logo\/image\/\"},\"sameAs\":[\"https:\/\/www.facebook.com\/amuz.krakow\",\"https:\/\/www.instagram.com\/amkpenderecki\/\",\"https:\/\/www.youtube.com\/@amkpenderecki4806\"]}]}<\/script>\n<!-- \/ Yoast SEO plugin. -->","yoast_head_json":{"title":"AMKP - Akademia Muzyczna im. Krzysztofa Pendereckiego w Krakowie","robots":{"index":"index","follow":"follow","max-snippet":"max-snippet:-1","max-image-preview":"max-image-preview:large","max-video-preview":"max-video-preview:-1"},"canonical":"https:\/\/www.amuz.krakow.pl\/wydzialy\/wydzial-ii-instrumentalny\/katedra-jazzu\/pracownicy-katedry\/dr-hab-joachim-mencel\/","og_locale":"en_US","og_type":"article","og_title":"AMKP - Akademia Muzyczna im. Krzysztofa Pendereckiego w Krakowie","og_description":"Joachim Mencel \u2013 pianist, lyricist, composer, music producer, PhD \u2013 assistant professor at the Academy of Music in Krakow, decorated with, among others Silver Cross of Merit and Bronze Medal&hellip; Continue reading","og_url":"https:\/\/www.amuz.krakow.pl\/wydzialy\/wydzial-ii-instrumentalny\/katedra-jazzu\/pracownicy-katedry\/dr-hab-joachim-mencel\/","og_site_name":"Akademia Muzyczna im. Krzysztofa Pendereckiego w Krakowie","article_publisher":"https:\/\/www.facebook.com\/amuz.krakow","article_modified_time":"2024-06-14T10:42:48+00:00","og_image":[{"url":"https:\/\/www.amuz.krakow.pl\/wp-content\/uploads\/2020\/11\/Joachim-Mencel2-300x200.jpg","type":"","width":"","height":""}],"twitter_card":"summary_large_image","twitter_misc":{"Est. reading time":"2 minutes"},"schema":{"@context":"https:\/\/schema.org","@graph":[{"@type":"WebPage","@id":"https:\/\/www.amuz.krakow.pl\/wydzialy\/wydzial-ii-instrumentalny\/katedra-jazzu\/pracownicy-katedry\/dr-hab-joachim-mencel\/","url":"https:\/\/www.amuz.krakow.pl\/wydzialy\/wydzial-ii-instrumentalny\/katedra-jazzu\/pracownicy-katedry\/dr-hab-joachim-mencel\/","name":"AMKP - Akademia Muzyczna im. Krzysztofa Pendereckiego w Krakowie","isPartOf":{"@id":"https:\/\/www.amuz.krakow.pl\/#website"},"primaryImageOfPage":{"@id":"https:\/\/www.amuz.krakow.pl\/wydzialy\/wydzial-ii-instrumentalny\/katedra-jazzu\/pracownicy-katedry\/dr-hab-joachim-mencel\/#primaryimage"},"image":{"@id":"https:\/\/www.amuz.krakow.pl\/wydzialy\/wydzial-ii-instrumentalny\/katedra-jazzu\/pracownicy-katedry\/dr-hab-joachim-mencel\/#primaryimage"},"thumbnailUrl":"https:\/\/www.amuz.krakow.pl\/wp-content\/uploads\/2020\/11\/Joachim-Mencel2-300x200.jpg","datePublished":"2016-02-17T22:11:30+00:00","dateModified":"2024-06-14T10:42:48+00:00","breadcrumb":{"@id":"https:\/\/www.amuz.krakow.pl\/wydzialy\/wydzial-ii-instrumentalny\/katedra-jazzu\/pracownicy-katedry\/dr-hab-joachim-mencel\/#breadcrumb"},"inLanguage":"en-US","potentialAction":[{"@type":"ReadAction","target":["https:\/\/www.amuz.krakow.pl\/wydzialy\/wydzial-ii-instrumentalny\/katedra-jazzu\/pracownicy-katedry\/dr-hab-joachim-mencel\/"]}]},{"@type":"ImageObject","inLanguage":"en-US","@id":"https:\/\/www.amuz.krakow.pl\/wydzialy\/wydzial-ii-instrumentalny\/katedra-jazzu\/pracownicy-katedry\/dr-hab-joachim-mencel\/#primaryimage","url":"https:\/\/www.amuz.krakow.pl\/wp-content\/uploads\/2020\/11\/Joachim-Mencel2-300x200.jpg","contentUrl":"https:\/\/www.amuz.krakow.pl\/wp-content\/uploads\/2020\/11\/Joachim-Mencel2-300x200.jpg"},{"@type":"BreadcrumbList","@id":"https:\/\/www.amuz.krakow.pl\/wydzialy\/wydzial-ii-instrumentalny\/katedra-jazzu\/pracownicy-katedry\/dr-hab-joachim-mencel\/#breadcrumb","itemListElement":[{"@type":"ListItem","position":1,"name":"Strona g\u0142\u00f3wna","item":"https:\/\/www.amuz.krakow.pl\/"},{"@type":"ListItem","position":2,"name":"WYDZIA\u0141Y","item":"https:\/\/www.amuz.krakow.pl\/wydzialy\/"},{"@type":"ListItem","position":3,"name":"Wydzia\u0142 Instrumentalny","item":"https:\/\/www.amuz.krakow.pl\/wydzialy\/wydzial-ii-instrumentalny\/"},{"@type":"ListItem","position":4,"name":"Katedra Jazzu","item":"https:\/\/www.amuz.krakow.pl\/wydzialy\/wydzial-ii-instrumentalny\/katedra-jazzu\/"},{"@type":"ListItem","position":5,"name":"Pracownicy Katedry","item":"https:\/\/www.amuz.krakow.pl\/wydzialy\/wydzial-ii-instrumentalny\/katedra-jazzu\/pracownicy-katedry\/"},{"@type":"ListItem","position":6,"name":"prof. dr hab. Joachim Mencel"}]},{"@type":"WebSite","@id":"https:\/\/www.amuz.krakow.pl\/#website","url":"https:\/\/www.amuz.krakow.pl\/","name":"Akademia Muzyczna im. Krzysztofa Pendereckiego w Krakowie","description":"Oficjalna strona Akademii Muzycznej im. Krzysztofa Pendereckiego w Krakowie (AMKP).","publisher":{"@id":"https:\/\/www.amuz.krakow.pl\/#organization"},"alternateName":"AMKP","potentialAction":[{"@type":"SearchAction","target":{"@type":"EntryPoint","urlTemplate":"https:\/\/www.amuz.krakow.pl\/?s={search_term_string}"},"query-input":{"@type":"PropertyValueSpecification","valueRequired":true,"valueName":"search_term_string"}}],"inLanguage":"en-US"},{"@type":"Organization","@id":"https:\/\/www.amuz.krakow.pl\/#organization","name":"Akademia Muzyczna im. Krzysztofa Pendereckiego w Krakowie","alternateName":"AMKP","url":"https:\/\/www.amuz.krakow.pl\/","logo":{"@type":"ImageObject","inLanguage":"en-US","@id":"https:\/\/www.amuz.krakow.pl\/#\/schema\/logo\/image\/","url":"https:\/\/www.amuz.krakow.pl\/wp-content\/uploads\/2021\/11\/amkp.jpg","contentUrl":"https:\/\/www.amuz.krakow.pl\/wp-content\/uploads\/2021\/11\/amkp.jpg","width":1193,"height":591,"caption":"Akademia Muzyczna im. Krzysztofa Pendereckiego w Krakowie"},"image":{"@id":"https:\/\/www.amuz.krakow.pl\/#\/schema\/logo\/image\/"},"sameAs":["https:\/\/www.facebook.com\/amuz.krakow","https:\/\/www.instagram.com\/amkpenderecki\/","https:\/\/www.youtube.com\/@amkpenderecki4806"]}]}},"_links":{"self":[{"href":"https:\/\/www.amuz.krakow.pl\/en\/wp-json\/wp\/v2\/pages\/2319","targetHints":{"allow":["GET"]}}],"collection":[{"href":"https:\/\/www.amuz.krakow.pl\/en\/wp-json\/wp\/v2\/pages"}],"about":[{"href":"https:\/\/www.amuz.krakow.pl\/en\/wp-json\/wp\/v2\/types\/page"}],"author":[{"embeddable":true,"href":"https:\/\/www.amuz.krakow.pl\/en\/wp-json\/wp\/v2\/users\/72"}],"replies":[{"embeddable":true,"href":"https:\/\/www.amuz.krakow.pl\/en\/wp-json\/wp\/v2\/comments?post=2319"}],"version-history":[{"count":7,"href":"https:\/\/www.amuz.krakow.pl\/en\/wp-json\/wp\/v2\/pages\/2319\/revisions"}],"predecessor-version":[{"id":88238,"href":"https:\/\/www.amuz.krakow.pl\/en\/wp-json\/wp\/v2\/pages\/2319\/revisions\/88238"}],"up":[{"embeddable":true,"href":"https:\/\/www.amuz.krakow.pl\/en\/wp-json\/wp\/v2\/pages\/2279"}],"wp:attachment":[{"href":"https:\/\/www.amuz.krakow.pl\/en\/wp-json\/wp\/v2\/media?parent=2319"}],"curies":[{"name":"wp","href":"https:\/\/api.w.org\/{rel}","templated":true}]}}