{"id":2301,"date":"2016-02-17T10:20:11","date_gmt":"2016-02-17T09:20:11","guid":{"rendered":"http:\/\/strony.amuz.krakow.pl\/?page_id=2301"},"modified":"2026-03-18T12:45:21","modified_gmt":"2026-03-18T11:45:21","slug":"dr-hab-danuta-augustyn","status":"publish","type":"page","link":"https:\/\/www.amuz.krakow.pl\/en\/wydzialy\/wydzial-ii-instrumentalny\/katedra-perkusji-i-muzyki-wspolczesnej\/pracownicy\/dr-hab-danuta-augustyn\/","title":{"rendered":"prof. dr hab. Danuta Augustyn"},"content":{"rendered":"<p><a href=\"https:\/\/www.amuz.krakow.pl\/wp-content\/uploads\/2016\/02\/Augustyn-Danuta.jpg\"><img loading=\"lazy\" decoding=\"async\" class=\"wp-image-2302 aligncenter\" src=\"https:\/\/www.amuz.krakow.pl\/wp-content\/uploads\/2016\/02\/Augustyn-Danuta-300x225.jpg\" alt=\"Augustyn Danuta\" width=\"300\" height=\"225\" srcset=\"https:\/\/www.amuz.krakow.pl\/wp-content\/uploads\/2016\/02\/Augustyn-Danuta-300x225.jpg 300w, https:\/\/www.amuz.krakow.pl\/wp-content\/uploads\/2016\/02\/Augustyn-Danuta-1024x768.jpg 1024w\" sizes=\"auto, (max-width: 300px) 100vw, 300px\" \/><\/a><\/p>\n<p style=\"text-align: justify;\">Danuta Augustyn is a violinist and a chamber musician, as well as a Professor in the Department of Percussion and Contemporary Music at the Krzysztof Penderecki Academy of Music in Krakow, Poland.<\/p>\n<p style=\"text-align: justify;\">In 1998, she graduated with distinction from the Academy of Music in Krak\u00f3w, where she studied violin playing under the academic supervision of professor Mieczys\u0142aw Szlezer. In 2000, she was granted an honours degree at the Accademia Musicale Chigiana in Sienna under the professorship of Piero Farulli with the Quartetto Italiano. In 2004, she earned an honours degree in the master classes conducted by the Melos Quartet from Staatliche Hochschule f\u00fcr Musik und Darstellende Kunst in Stuttgart.<\/p>\n<p style=\"text-align: justify;\">In 2011 she earned a degree of <em>doktor<\/em> in Musical Arts (Instrumental Studies) from Academy of Music in Krak\u00f3w, in 2018 &#8211; the degree of <em>doktor habilitowany<\/em>, and in 2025 &#8211; the title of professor of musical arts.<\/p>\n<p style=\"text-align: justify;\">Since 1997, she has also been a violinist with the Daf\u00f4 String Quartet. The ensemble has received numerous awards for performing and recording contemporary music in national and international competitions (1999 &#8211; the Fryderyk Music Award\u00a0 for the CD album \u2018The Polish String Quartets of the 20<sup>th<\/sup> Century, Part I, PWM\/DUX,\u2019 2002 &#8211; the Fryderyk Music Award for the CD album \u2018The Polish String Quartets of the 20<sup>th<\/sup> Century, Part II, PWM\/DUX,\u2019 an award from Supersonic Pizzicato for \u2018Penderecki \u2013 String Quartets, String Trio, Clarinet Quartet\u2019 containing the first registration of III String Quartet, Gold Record DVD and the Fryderyk Music Award for \u2018CD\/DVD \u0141ukaszewski&amp;Bembinow: Christmas carols and songs,\u2019 2009 \u2013 the Fryderyk Music Award in the category \u2018Album of the Year Contemporary Music\u2019 for \u2018Pawe\u0142 Mykietyn: Speechless Song\u2019 recorded with the Daf\u00f4 String Quartet).<\/p>\n<p style=\"text-align: justify;\">The Daf\u00f4 String Quartet has participated in numerous festivals in Poland and abroad, performing with the members of the Melos Quartet, the Silesian String Quartet, Olga Pasiecznik, Janusz Olejniczak, Andrea Nannoni, Krzysztof Meyer, Urszula Kryger, Agata Zubel, Jerzy Artysz, Andreas Higi, and David Krakauer.<\/p>\n<p style=\"text-align: justify;\">Dr. Augustyn has toured Europe with the American band Lambchop and participated in the concerts of the Bester Quartet as well as various theatrical projects.\u00a0 Finally, she has been a violinist in the Sinfonietta Cracovia under the baton of Robert Kabara (2007-2014) and Jurek Dyba\u0142 (since May 2014).<\/p>\n<p>Since 2007, she has been a violinist and associate principal second violin in the Orchestra of Royal Capital City of Krak\u00f3w Sinfonietta Cracovia, under the baton of Robert Kabara, followed by Jurek Dyba\u0142 (Vienna Philharmonic and Vienna State Opera), and currently Rafa\u0142 Kokot.<\/p>\n<p><a href=\"mailto:danuta.augustyn@amuz.krakow.pl\">danuta.augustyn@amuz.krakow.pl<\/a><\/p>","protected":false},"excerpt":{"rendered":"<p>Danuta Augustyn is a violinist and a chamber musician, as well as a Professor in the Department of Percussion and Contemporary Music at the Krzysztof Penderecki Academy of Music in&hellip; <a href=\"https:\/\/www.amuz.krakow.pl\/en\/wydzialy\/wydzial-ii-instrumentalny\/katedra-perkusji-i-muzyki-wspolczesnej\/pracownicy\/dr-hab-danuta-augustyn\/\">Continue reading<\/a><\/p>\n","protected":false},"author":72,"featured_media":2302,"parent":43993,"menu_order":1,"comment_status":"closed","ping_status":"closed","template":"","meta":{"footnotes":"","_links_to":"","_links_to_target":""},"class_list":["post-2301","page","type-page","status-publish","has-post-thumbnail","hentry"],"yoast_head":"<!-- This site is optimized with the Yoast SEO plugin v27.2 - https:\/\/yoast.com\/product\/yoast-seo-wordpress\/ -->\n<title>AMKP - Akademia Muzyczna im. Krzysztofa Pendereckiego w Krakowie<\/title>\n<meta name=\"robots\" content=\"index, follow, max-snippet:-1, max-image-preview:large, max-video-preview:-1\" \/>\n<link rel=\"canonical\" href=\"https:\/\/www.amuz.krakow.pl\/wydzialy\/wydzial-ii-instrumentalny\/katedra-perkusji-i-muzyki-wspolczesnej\/pracownicy\/dr-hab-danuta-augustyn\/\" \/>\n<meta property=\"og:locale\" content=\"en_US\" \/>\n<meta property=\"og:type\" content=\"article\" \/>\n<meta property=\"og:title\" content=\"AMKP - Akademia Muzyczna im. Krzysztofa Pendereckiego w Krakowie\" \/>\n<meta property=\"og:description\" content=\"Danuta Augustyn is a violinist and a chamber musician, as well as a Professor in the Department of Percussion and Contemporary Music at the Krzysztof Penderecki Academy of Music in&hellip; Continue reading\" \/>\n<meta property=\"og:url\" content=\"https:\/\/www.amuz.krakow.pl\/wydzialy\/wydzial-ii-instrumentalny\/katedra-perkusji-i-muzyki-wspolczesnej\/pracownicy\/dr-hab-danuta-augustyn\/\" \/>\n<meta property=\"og:site_name\" content=\"Akademia Muzyczna im. Krzysztofa Pendereckiego w Krakowie\" \/>\n<meta property=\"article:publisher\" content=\"https:\/\/www.facebook.com\/amuz.krakow\" \/>\n<meta property=\"article:modified_time\" content=\"2026-03-18T11:45:21+00:00\" \/>\n<meta property=\"og:image\" content=\"https:\/\/www.amuz.krakow.pl\/wp-content\/uploads\/2016\/02\/Augustyn-Danuta.jpg\" \/>\n\t<meta property=\"og:image:width\" content=\"3264\" \/>\n\t<meta property=\"og:image:height\" content=\"2448\" \/>\n\t<meta property=\"og:image:type\" content=\"image\/jpeg\" \/>\n<meta name=\"twitter:card\" content=\"summary_large_image\" \/>\n<meta name=\"twitter:label1\" content=\"Est. reading time\" \/>\n\t<meta name=\"twitter:data1\" content=\"3 minutes\" \/>\n<script type=\"application\/ld+json\" class=\"yoast-schema-graph\">{\"@context\":\"https:\/\/schema.org\",\"@graph\":[{\"@type\":\"WebPage\",\"@id\":\"https:\/\/www.amuz.krakow.pl\/wydzialy\/wydzial-ii-instrumentalny\/katedra-perkusji-i-muzyki-wspolczesnej\/pracownicy\/dr-hab-danuta-augustyn\/\",\"url\":\"https:\/\/www.amuz.krakow.pl\/wydzialy\/wydzial-ii-instrumentalny\/katedra-perkusji-i-muzyki-wspolczesnej\/pracownicy\/dr-hab-danuta-augustyn\/\",\"name\":\"AMKP - Akademia Muzyczna im. Krzysztofa Pendereckiego w Krakowie\",\"isPartOf\":{\"@id\":\"https:\/\/www.amuz.krakow.pl\/#website\"},\"primaryImageOfPage\":{\"@id\":\"https:\/\/www.amuz.krakow.pl\/wydzialy\/wydzial-ii-instrumentalny\/katedra-perkusji-i-muzyki-wspolczesnej\/pracownicy\/dr-hab-danuta-augustyn\/#primaryimage\"},\"image\":{\"@id\":\"https:\/\/www.amuz.krakow.pl\/wydzialy\/wydzial-ii-instrumentalny\/katedra-perkusji-i-muzyki-wspolczesnej\/pracownicy\/dr-hab-danuta-augustyn\/#primaryimage\"},\"thumbnailUrl\":\"https:\/\/www.amuz.krakow.pl\/wp-content\/uploads\/2016\/02\/Augustyn-Danuta.jpg\",\"datePublished\":\"2016-02-17T09:20:11+00:00\",\"dateModified\":\"2026-03-18T11:45:21+00:00\",\"breadcrumb\":{\"@id\":\"https:\/\/www.amuz.krakow.pl\/wydzialy\/wydzial-ii-instrumentalny\/katedra-perkusji-i-muzyki-wspolczesnej\/pracownicy\/dr-hab-danuta-augustyn\/#breadcrumb\"},\"inLanguage\":\"en-US\",\"potentialAction\":[{\"@type\":\"ReadAction\",\"target\":[\"https:\/\/www.amuz.krakow.pl\/wydzialy\/wydzial-ii-instrumentalny\/katedra-perkusji-i-muzyki-wspolczesnej\/pracownicy\/dr-hab-danuta-augustyn\/\"]}]},{\"@type\":\"ImageObject\",\"inLanguage\":\"en-US\",\"@id\":\"https:\/\/www.amuz.krakow.pl\/wydzialy\/wydzial-ii-instrumentalny\/katedra-perkusji-i-muzyki-wspolczesnej\/pracownicy\/dr-hab-danuta-augustyn\/#primaryimage\",\"url\":\"https:\/\/www.amuz.krakow.pl\/wp-content\/uploads\/2016\/02\/Augustyn-Danuta.jpg\",\"contentUrl\":\"https:\/\/www.amuz.krakow.pl\/wp-content\/uploads\/2016\/02\/Augustyn-Danuta.jpg\",\"width\":3264,\"height\":2448},{\"@type\":\"BreadcrumbList\",\"@id\":\"https:\/\/www.amuz.krakow.pl\/wydzialy\/wydzial-ii-instrumentalny\/katedra-perkusji-i-muzyki-wspolczesnej\/pracownicy\/dr-hab-danuta-augustyn\/#breadcrumb\",\"itemListElement\":[{\"@type\":\"ListItem\",\"position\":1,\"name\":\"Strona g\u0142\u00f3wna\",\"item\":\"https:\/\/www.amuz.krakow.pl\/\"},{\"@type\":\"ListItem\",\"position\":2,\"name\":\"WYDZIA\u0141Y\",\"item\":\"https:\/\/www.amuz.krakow.pl\/wydzialy\/\"},{\"@type\":\"ListItem\",\"position\":3,\"name\":\"Wydzia\u0142 Instrumentalny\",\"item\":\"https:\/\/www.amuz.krakow.pl\/wydzialy\/wydzial-ii-instrumentalny\/\"},{\"@type\":\"ListItem\",\"position\":4,\"name\":\"Katedra Perkusji i&nbsp;Muzyki Wsp\u00f3\u0142czesnej\",\"item\":\"https:\/\/www.amuz.krakow.pl\/wydzialy\/wydzial-ii-instrumentalny\/katedra-perkusji-i-muzyki-wspolczesnej\/\"},{\"@type\":\"ListItem\",\"position\":5,\"name\":\"Pracownicy Katedry\",\"item\":\"https:\/\/www.amuz.krakow.pl\/wydzialy\/wydzial-ii-instrumentalny\/katedra-perkusji-i-muzyki-wspolczesnej\/pracownicy\/\"},{\"@type\":\"ListItem\",\"position\":6,\"name\":\"prof. dr hab. Danuta Augustyn\"}]},{\"@type\":\"WebSite\",\"@id\":\"https:\/\/www.amuz.krakow.pl\/#website\",\"url\":\"https:\/\/www.amuz.krakow.pl\/\",\"name\":\"Akademia Muzyczna im. Krzysztofa Pendereckiego w Krakowie\",\"description\":\"Oficjalna strona Akademii Muzycznej im. Krzysztofa Pendereckiego w Krakowie (AMKP).\",\"publisher\":{\"@id\":\"https:\/\/www.amuz.krakow.pl\/#organization\"},\"alternateName\":\"AMKP\",\"potentialAction\":[{\"@type\":\"SearchAction\",\"target\":{\"@type\":\"EntryPoint\",\"urlTemplate\":\"https:\/\/www.amuz.krakow.pl\/?s={search_term_string}\"},\"query-input\":{\"@type\":\"PropertyValueSpecification\",\"valueRequired\":true,\"valueName\":\"search_term_string\"}}],\"inLanguage\":\"en-US\"},{\"@type\":\"Organization\",\"@id\":\"https:\/\/www.amuz.krakow.pl\/#organization\",\"name\":\"Akademia Muzyczna im. Krzysztofa Pendereckiego w Krakowie\",\"alternateName\":\"AMKP\",\"url\":\"https:\/\/www.amuz.krakow.pl\/\",\"logo\":{\"@type\":\"ImageObject\",\"inLanguage\":\"en-US\",\"@id\":\"https:\/\/www.amuz.krakow.pl\/#\/schema\/logo\/image\/\",\"url\":\"https:\/\/www.amuz.krakow.pl\/wp-content\/uploads\/2021\/11\/amkp.jpg\",\"contentUrl\":\"https:\/\/www.amuz.krakow.pl\/wp-content\/uploads\/2021\/11\/amkp.jpg\",\"width\":1193,\"height\":591,\"caption\":\"Akademia Muzyczna im. Krzysztofa Pendereckiego w Krakowie\"},\"image\":{\"@id\":\"https:\/\/www.amuz.krakow.pl\/#\/schema\/logo\/image\/\"},\"sameAs\":[\"https:\/\/www.facebook.com\/amuz.krakow\",\"https:\/\/www.instagram.com\/amkpenderecki\/\",\"https:\/\/www.youtube.com\/@amkpenderecki4806\"]}]}<\/script>\n<!-- \/ Yoast SEO plugin. -->","yoast_head_json":{"title":"AMKP - Akademia Muzyczna im. Krzysztofa Pendereckiego w Krakowie","robots":{"index":"index","follow":"follow","max-snippet":"max-snippet:-1","max-image-preview":"max-image-preview:large","max-video-preview":"max-video-preview:-1"},"canonical":"https:\/\/www.amuz.krakow.pl\/wydzialy\/wydzial-ii-instrumentalny\/katedra-perkusji-i-muzyki-wspolczesnej\/pracownicy\/dr-hab-danuta-augustyn\/","og_locale":"en_US","og_type":"article","og_title":"AMKP - Akademia Muzyczna im. Krzysztofa Pendereckiego w Krakowie","og_description":"Danuta Augustyn is a violinist and a chamber musician, as well as a Professor in the Department of Percussion and Contemporary Music at the Krzysztof Penderecki Academy of Music in&hellip; Continue reading","og_url":"https:\/\/www.amuz.krakow.pl\/wydzialy\/wydzial-ii-instrumentalny\/katedra-perkusji-i-muzyki-wspolczesnej\/pracownicy\/dr-hab-danuta-augustyn\/","og_site_name":"Akademia Muzyczna im. Krzysztofa Pendereckiego w Krakowie","article_publisher":"https:\/\/www.facebook.com\/amuz.krakow","article_modified_time":"2026-03-18T11:45:21+00:00","og_image":[{"width":3264,"height":2448,"url":"https:\/\/www.amuz.krakow.pl\/wp-content\/uploads\/2016\/02\/Augustyn-Danuta.jpg","type":"image\/jpeg"}],"twitter_card":"summary_large_image","twitter_misc":{"Est. reading time":"3 minutes"},"schema":{"@context":"https:\/\/schema.org","@graph":[{"@type":"WebPage","@id":"https:\/\/www.amuz.krakow.pl\/wydzialy\/wydzial-ii-instrumentalny\/katedra-perkusji-i-muzyki-wspolczesnej\/pracownicy\/dr-hab-danuta-augustyn\/","url":"https:\/\/www.amuz.krakow.pl\/wydzialy\/wydzial-ii-instrumentalny\/katedra-perkusji-i-muzyki-wspolczesnej\/pracownicy\/dr-hab-danuta-augustyn\/","name":"AMKP - Akademia Muzyczna im. Krzysztofa Pendereckiego w Krakowie","isPartOf":{"@id":"https:\/\/www.amuz.krakow.pl\/#website"},"primaryImageOfPage":{"@id":"https:\/\/www.amuz.krakow.pl\/wydzialy\/wydzial-ii-instrumentalny\/katedra-perkusji-i-muzyki-wspolczesnej\/pracownicy\/dr-hab-danuta-augustyn\/#primaryimage"},"image":{"@id":"https:\/\/www.amuz.krakow.pl\/wydzialy\/wydzial-ii-instrumentalny\/katedra-perkusji-i-muzyki-wspolczesnej\/pracownicy\/dr-hab-danuta-augustyn\/#primaryimage"},"thumbnailUrl":"https:\/\/www.amuz.krakow.pl\/wp-content\/uploads\/2016\/02\/Augustyn-Danuta.jpg","datePublished":"2016-02-17T09:20:11+00:00","dateModified":"2026-03-18T11:45:21+00:00","breadcrumb":{"@id":"https:\/\/www.amuz.krakow.pl\/wydzialy\/wydzial-ii-instrumentalny\/katedra-perkusji-i-muzyki-wspolczesnej\/pracownicy\/dr-hab-danuta-augustyn\/#breadcrumb"},"inLanguage":"en-US","potentialAction":[{"@type":"ReadAction","target":["https:\/\/www.amuz.krakow.pl\/wydzialy\/wydzial-ii-instrumentalny\/katedra-perkusji-i-muzyki-wspolczesnej\/pracownicy\/dr-hab-danuta-augustyn\/"]}]},{"@type":"ImageObject","inLanguage":"en-US","@id":"https:\/\/www.amuz.krakow.pl\/wydzialy\/wydzial-ii-instrumentalny\/katedra-perkusji-i-muzyki-wspolczesnej\/pracownicy\/dr-hab-danuta-augustyn\/#primaryimage","url":"https:\/\/www.amuz.krakow.pl\/wp-content\/uploads\/2016\/02\/Augustyn-Danuta.jpg","contentUrl":"https:\/\/www.amuz.krakow.pl\/wp-content\/uploads\/2016\/02\/Augustyn-Danuta.jpg","width":3264,"height":2448},{"@type":"BreadcrumbList","@id":"https:\/\/www.amuz.krakow.pl\/wydzialy\/wydzial-ii-instrumentalny\/katedra-perkusji-i-muzyki-wspolczesnej\/pracownicy\/dr-hab-danuta-augustyn\/#breadcrumb","itemListElement":[{"@type":"ListItem","position":1,"name":"Strona g\u0142\u00f3wna","item":"https:\/\/www.amuz.krakow.pl\/"},{"@type":"ListItem","position":2,"name":"WYDZIA\u0141Y","item":"https:\/\/www.amuz.krakow.pl\/wydzialy\/"},{"@type":"ListItem","position":3,"name":"Wydzia\u0142 Instrumentalny","item":"https:\/\/www.amuz.krakow.pl\/wydzialy\/wydzial-ii-instrumentalny\/"},{"@type":"ListItem","position":4,"name":"Katedra Perkusji i&nbsp;Muzyki Wsp\u00f3\u0142czesnej","item":"https:\/\/www.amuz.krakow.pl\/wydzialy\/wydzial-ii-instrumentalny\/katedra-perkusji-i-muzyki-wspolczesnej\/"},{"@type":"ListItem","position":5,"name":"Pracownicy Katedry","item":"https:\/\/www.amuz.krakow.pl\/wydzialy\/wydzial-ii-instrumentalny\/katedra-perkusji-i-muzyki-wspolczesnej\/pracownicy\/"},{"@type":"ListItem","position":6,"name":"prof. dr hab. Danuta Augustyn"}]},{"@type":"WebSite","@id":"https:\/\/www.amuz.krakow.pl\/#website","url":"https:\/\/www.amuz.krakow.pl\/","name":"Akademia Muzyczna im. Krzysztofa Pendereckiego w Krakowie","description":"Oficjalna strona Akademii Muzycznej im. Krzysztofa Pendereckiego w Krakowie (AMKP).","publisher":{"@id":"https:\/\/www.amuz.krakow.pl\/#organization"},"alternateName":"AMKP","potentialAction":[{"@type":"SearchAction","target":{"@type":"EntryPoint","urlTemplate":"https:\/\/www.amuz.krakow.pl\/?s={search_term_string}"},"query-input":{"@type":"PropertyValueSpecification","valueRequired":true,"valueName":"search_term_string"}}],"inLanguage":"en-US"},{"@type":"Organization","@id":"https:\/\/www.amuz.krakow.pl\/#organization","name":"Akademia Muzyczna im. Krzysztofa Pendereckiego w Krakowie","alternateName":"AMKP","url":"https:\/\/www.amuz.krakow.pl\/","logo":{"@type":"ImageObject","inLanguage":"en-US","@id":"https:\/\/www.amuz.krakow.pl\/#\/schema\/logo\/image\/","url":"https:\/\/www.amuz.krakow.pl\/wp-content\/uploads\/2021\/11\/amkp.jpg","contentUrl":"https:\/\/www.amuz.krakow.pl\/wp-content\/uploads\/2021\/11\/amkp.jpg","width":1193,"height":591,"caption":"Akademia Muzyczna im. Krzysztofa Pendereckiego w Krakowie"},"image":{"@id":"https:\/\/www.amuz.krakow.pl\/#\/schema\/logo\/image\/"},"sameAs":["https:\/\/www.facebook.com\/amuz.krakow","https:\/\/www.instagram.com\/amkpenderecki\/","https:\/\/www.youtube.com\/@amkpenderecki4806"]}]}},"_links":{"self":[{"href":"https:\/\/www.amuz.krakow.pl\/en\/wp-json\/wp\/v2\/pages\/2301","targetHints":{"allow":["GET"]}}],"collection":[{"href":"https:\/\/www.amuz.krakow.pl\/en\/wp-json\/wp\/v2\/pages"}],"about":[{"href":"https:\/\/www.amuz.krakow.pl\/en\/wp-json\/wp\/v2\/types\/page"}],"author":[{"embeddable":true,"href":"https:\/\/www.amuz.krakow.pl\/en\/wp-json\/wp\/v2\/users\/72"}],"replies":[{"embeddable":true,"href":"https:\/\/www.amuz.krakow.pl\/en\/wp-json\/wp\/v2\/comments?post=2301"}],"version-history":[{"count":14,"href":"https:\/\/www.amuz.krakow.pl\/en\/wp-json\/wp\/v2\/pages\/2301\/revisions"}],"predecessor-version":[{"id":116573,"href":"https:\/\/www.amuz.krakow.pl\/en\/wp-json\/wp\/v2\/pages\/2301\/revisions\/116573"}],"up":[{"embeddable":true,"href":"https:\/\/www.amuz.krakow.pl\/en\/wp-json\/wp\/v2\/pages\/43993"}],"wp:featuredmedia":[{"embeddable":true,"href":"https:\/\/www.amuz.krakow.pl\/en\/wp-json\/wp\/v2\/media\/2302"}],"wp:attachment":[{"href":"https:\/\/www.amuz.krakow.pl\/en\/wp-json\/wp\/v2\/media?parent=2301"}],"curies":[{"name":"wp","href":"https:\/\/api.w.org\/{rel}","templated":true}]}}