{"id":230,"date":"2015-11-10T01:42:36","date_gmt":"2015-11-10T00:42:36","guid":{"rendered":"http:\/\/strony.amuz.krakow.pl\/?page_id=230"},"modified":"2025-11-24T11:48:40","modified_gmt":"2025-11-24T10:48:40","slug":"wydzial-ii-instrumentalny","status":"publish","type":"page","link":"https:\/\/www.amuz.krakow.pl\/en\/wydzialy\/wydzial-ii-instrumentalny\/","title":{"rendered":"Instrumental Faculty"},"content":{"rendered":"<p><\/p>\n<p style=\"text-align: justify;\">The history of the Instrumental Faculty dates back to the times of Franciszek Mirecki&#8217;s Music School and Hall of Residence (1841-1873), the Music School of the Music Society (1867-1888) and the Conservatoire of the Music Society (1888-1939). For decades, generation after generation of instrumentalists were taught there by a group of eminent pedagogues, such as Jan Chmielewski, Adolf Peters, Leopold Bobilewicz, Egon Petri, Seweryn Eisenberger, Jan Drozdowski, Jerzy Lalewicz, Wiktor \u0141abu\u0144ski, Kazimierz Krzyszta\u0142owicz, Boles\u0142aw Domaniewski and others.<\/p>\n<p style=\"text-align: justify;\">The teaching staff of the post-war Faculty (established in 1946) comprised, for a number of years, of academic teachers coming from Krakow and other places in Poland. They included, among others, Eugenia Umi\u0144ska, Zbigniew Drzewiecki, Jan Ekier, Bronis\u0142aw Rutkowski, Jan Hoffman, Henryk Sztompka, Witold Herman, Ludwik Stefa\u0144ski, Ludwik Lutak, J\u00f3zef Stojko, Karol Skar\u017cy\u0144ski, Czes\u0142aw Peciulewicz, Edward Szcze\u015bniak, W\u0142adys\u0142aw Kosieradzki, Wac\u0142aw Chudziak, Zenon Feli\u0144ski, Zofia Adamska, Jan Tawroszewicz, Jan Jargo\u0144, J\u00f3zef Mikulski, Zbigniew Szlezer, Tadeusz \u017bmudzi\u0144ski and many others.<\/p>\n<p style=\"text-align: justify;\">Today, the mission of the Instrumental Faculty is to ensure multifaceted education of instrumental musicians in the spirit of combining rich traditions with new achievements of the performing arts.<\/p>\n<p style=\"text-align: justify;\">The most important goal of the highly qualified teaching staff is to improve the instrumental and other core competences of students, to prepare them for independent careers in the music profession and to shape their artistic personalities. What plays a crucial role in the teaching process is the master-student relationship, and the tasks set for the students are selected according to the individual needs of each of them.<\/p>\n<p style=\"text-align: justify;\">One of the important objectives of the Faculty is to shape the tastes and improve the competences of music consumers through active participation in the cultural life of the city and the region. The Instrumental Faculty&#8217;s teachers continuously support the music education institutions at lower levels.<\/p>\n<p style=\"text-align: justify;\">Of the 158 staff members at the Faculty, 36 hold the title of Professor, 58 hold the title of Associate Professor [PhD habil.] (including 20 professors of the Academy) and 48 the title of Doctor (data at February 2022).\u00a0 They carry out artistic and research activities in 11 Departments assigned to the Faculty, and an important element of their work is providing students with opportunities to present their artistic and scientific achievements during concerts, festivals and thematic sessions.<\/p>\n<p style=\"text-align: justify;\">The Instrumental Faculty is also actively involved in the educational courses of the\u00a0<a href=\"https:\/\/www.amuz.krakow.pl\/doktoranci\/studia-doktoranckie\/\">Doctoral School<\/a>\u00a0and offers a two-year\u00a0<a href=\"https:\/\/www.amuz.krakow.pl\/studia-podyplomowe\/podyplomowe-studia-na-wydziale-instrumentalnym\/\">postgraduate programme<\/a>. The Faculty maintains dynamic and extensive relations with foreign pedagogues and universities. There are student\u00a0<a href=\"https:\/\/www.amuz.krakow.pl\/en\/studenci\/kola-naukowe\/\">research groups<\/a> actively operating at the Faculty, which continue to undertake new innovative research and artistic initiatives.<\/p>\n<p style=\"text-align: justify;\">At present, within the field of instrumental music, the Instrumental Faculty offers 30 specialities in the bachelor&#8217;s degree programme and 38 specialities in the master&#8217;s degree programme. The master&#8217;s programme is provided in a modular system. Depending on the speciality, the available modules include:<\/p>\n<p style=\"text-align: justify;\">\u2013\u00a0soloist module,<br \/>\n\u2013 chamber music module,<br \/>\n\u2013 orchestral module,<br \/>\n\u2013 tutor module (for pianists),<br \/>\n\u2013 contemporary music performance module.<\/p>\n<p style=\"text-align: justify;\">In recent years, the educational offer has been enhanced by introducing new specialities into the bachelor&#8217;s programme (playing the guitar in the field of jazz music) and into the master&#8217;s programme (playing the violone and playing the historical piano).<\/p>\n<p style=\"text-align: justify;\">Pedagogues who have served as Dean of the Instrumental Faculty since 1946 (in chronological order):<\/p>\n<p style=\"text-align: justify;\">Professor Jan Hoffman (1946-1949)<br \/>\nProfessor Karol Klein (1949-1950)<br \/>\nProfessor Bronis\u0142aw Rutkowski (1950-1951)<br \/>\nProfessor J\u00f3zef Chwedczuk (1951-1954)<br \/>\nProfessor Jan Hoffman (1954-1955)<br \/>\nProfessor J\u00f3zef Chwedczuk (1955- 1969)<br \/>\nProfessor Jan Jargo\u0144 (1969- 1972)<br \/>\nProfessor Zbigniew Je\u017cewski (1972-1975)<br \/>\nProfessor Krzysztof Missona (1975-1978)<br \/>\nProfessor Zbigniew Szlezer (1978-1981)<br \/>\nProfessor Janusz Dolny (1981-1987)<br \/>\nProfessor Leszek Werner (1987- 1993)<br \/>\nProfessor Andrzej Godek (1993- 1996)<br \/>\nProfessor Andrzej Pikul (1996- 1999)<br \/>\nProfessor Zbigniew Kamionka (1999-2005)<br \/>\nProfessor Miros\u0142awa Semeniuk-Podraza (2005-2012)<br \/>\nProfessor Zbigniew Kamionka (2012-2016)<br \/>\nProfessor Mariusz Sielski (2016-2024).<\/p>\n<p style=\"text-align: justify;\">In the present term, the office of <strong>Dean<\/strong> is held by prof. dr hab. Jan Kalinowski, with dr hab. Monika Wili\u0144ska-Tarcholik, prof. AMKP, dr hab. Monika Gardo\u0144-Preinl, prof. AMKP, and prof. dr hab. Wies\u0142aw Suru\u0142o, serving as <strong>Associate Deans<\/strong>.<\/p>\n<p><\/p>","protected":false},"excerpt":{"rendered":"<p>The history of the Instrumental Faculty dates back to the times of Franciszek Mirecki&#8217;s Music School and Hall of Residence (1841-1873), the Music School of the Music Society (1867-1888) and&hellip; <a href=\"https:\/\/www.amuz.krakow.pl\/en\/wydzialy\/wydzial-ii-instrumentalny\/\">Continue reading<\/a><\/p>\n","protected":false},"author":72,"featured_media":0,"parent":226,"menu_order":3,"comment_status":"closed","ping_status":"closed","template":"","meta":{"footnotes":"","_links_to":"","_links_to_target":""},"class_list":["post-230","page","type-page","status-publish","hentry"],"yoast_head":"<!-- This site is optimized with the Yoast SEO plugin v27.4 - https:\/\/yoast.com\/product\/yoast-seo-wordpress\/ -->\n<title>AMKP - Akademia Muzyczna im. Krzysztofa Pendereckiego w Krakowie<\/title>\n<meta name=\"robots\" content=\"index, follow, max-snippet:-1, max-image-preview:large, max-video-preview:-1\" \/>\n<link rel=\"canonical\" href=\"https:\/\/www.amuz.krakow.pl\/wydzialy\/wydzial-ii-instrumentalny\/\" \/>\n<meta property=\"og:locale\" content=\"en_US\" \/>\n<meta property=\"og:type\" content=\"article\" \/>\n<meta property=\"og:title\" content=\"AMKP - Akademia Muzyczna im. Krzysztofa Pendereckiego w Krakowie\" \/>\n<meta property=\"og:description\" content=\"The history of the Instrumental Faculty dates back to the times of Franciszek Mirecki&#8217;s Music School and Hall of Residence (1841-1873), the Music School of the Music Society (1867-1888) and&hellip; Continue reading\" \/>\n<meta property=\"og:url\" content=\"https:\/\/www.amuz.krakow.pl\/wydzialy\/wydzial-ii-instrumentalny\/\" \/>\n<meta property=\"og:site_name\" content=\"Akademia Muzyczna im. Krzysztofa Pendereckiego w Krakowie\" \/>\n<meta property=\"article:publisher\" content=\"https:\/\/www.facebook.com\/amuz.krakow\" \/>\n<meta property=\"article:modified_time\" content=\"2025-11-24T10:48:40+00:00\" \/>\n<meta property=\"og:image\" content=\"https:\/\/www.amuz.krakow.pl\/wp-content\/uploads\/2021\/11\/amkp.jpg\" \/>\n\t<meta property=\"og:image:width\" content=\"1193\" \/>\n\t<meta property=\"og:image:height\" content=\"591\" \/>\n\t<meta property=\"og:image:type\" content=\"image\/jpeg\" \/>\n<meta name=\"twitter:card\" content=\"summary_large_image\" \/>\n<meta name=\"twitter:label1\" content=\"Est. reading time\" \/>\n\t<meta name=\"twitter:data1\" content=\"4 minutes\" \/>\n<script type=\"application\/ld+json\" class=\"yoast-schema-graph\">{\"@context\":\"https:\\\/\\\/schema.org\",\"@graph\":[{\"@type\":\"WebPage\",\"@id\":\"https:\\\/\\\/www.amuz.krakow.pl\\\/wydzialy\\\/wydzial-ii-instrumentalny\\\/\",\"url\":\"https:\\\/\\\/www.amuz.krakow.pl\\\/wydzialy\\\/wydzial-ii-instrumentalny\\\/\",\"name\":\"AMKP - Akademia Muzyczna im. Krzysztofa Pendereckiego w Krakowie\",\"isPartOf\":{\"@id\":\"https:\\\/\\\/www.amuz.krakow.pl\\\/#website\"},\"datePublished\":\"2015-11-10T00:42:36+00:00\",\"dateModified\":\"2025-11-24T10:48:40+00:00\",\"breadcrumb\":{\"@id\":\"https:\\\/\\\/www.amuz.krakow.pl\\\/wydzialy\\\/wydzial-ii-instrumentalny\\\/#breadcrumb\"},\"inLanguage\":\"en-US\",\"potentialAction\":[{\"@type\":\"ReadAction\",\"target\":[\"https:\\\/\\\/www.amuz.krakow.pl\\\/wydzialy\\\/wydzial-ii-instrumentalny\\\/\"]}]},{\"@type\":\"BreadcrumbList\",\"@id\":\"https:\\\/\\\/www.amuz.krakow.pl\\\/wydzialy\\\/wydzial-ii-instrumentalny\\\/#breadcrumb\",\"itemListElement\":[{\"@type\":\"ListItem\",\"position\":1,\"name\":\"Strona g\u0142\u00f3wna\",\"item\":\"https:\\\/\\\/www.amuz.krakow.pl\\\/\"},{\"@type\":\"ListItem\",\"position\":2,\"name\":\"WYDZIA\u0141Y\",\"item\":\"https:\\\/\\\/www.amuz.krakow.pl\\\/wydzialy\\\/\"},{\"@type\":\"ListItem\",\"position\":3,\"name\":\"Wydzia\u0142 Instrumentalny\"}]},{\"@type\":\"WebSite\",\"@id\":\"https:\\\/\\\/www.amuz.krakow.pl\\\/#website\",\"url\":\"https:\\\/\\\/www.amuz.krakow.pl\\\/\",\"name\":\"Akademia Muzyczna im. Krzysztofa Pendereckiego w Krakowie\",\"description\":\"Oficjalna strona Akademii Muzycznej im. Krzysztofa Pendereckiego w Krakowie (AMKP).\",\"publisher\":{\"@id\":\"https:\\\/\\\/www.amuz.krakow.pl\\\/#organization\"},\"alternateName\":\"AMKP\",\"potentialAction\":[{\"@type\":\"SearchAction\",\"target\":{\"@type\":\"EntryPoint\",\"urlTemplate\":\"https:\\\/\\\/www.amuz.krakow.pl\\\/?s={search_term_string}\"},\"query-input\":{\"@type\":\"PropertyValueSpecification\",\"valueRequired\":true,\"valueName\":\"search_term_string\"}}],\"inLanguage\":\"en-US\"},{\"@type\":\"Organization\",\"@id\":\"https:\\\/\\\/www.amuz.krakow.pl\\\/#organization\",\"name\":\"Akademia Muzyczna im. Krzysztofa Pendereckiego w Krakowie\",\"alternateName\":\"AMKP\",\"url\":\"https:\\\/\\\/www.amuz.krakow.pl\\\/\",\"logo\":{\"@type\":\"ImageObject\",\"inLanguage\":\"en-US\",\"@id\":\"https:\\\/\\\/www.amuz.krakow.pl\\\/#\\\/schema\\\/logo\\\/image\\\/\",\"url\":\"https:\\\/\\\/www.amuz.krakow.pl\\\/wp-content\\\/uploads\\\/2021\\\/11\\\/amkp.jpg\",\"contentUrl\":\"https:\\\/\\\/www.amuz.krakow.pl\\\/wp-content\\\/uploads\\\/2021\\\/11\\\/amkp.jpg\",\"width\":1193,\"height\":591,\"caption\":\"Akademia Muzyczna im. Krzysztofa Pendereckiego w Krakowie\"},\"image\":{\"@id\":\"https:\\\/\\\/www.amuz.krakow.pl\\\/#\\\/schema\\\/logo\\\/image\\\/\"},\"sameAs\":[\"https:\\\/\\\/www.facebook.com\\\/amuz.krakow\",\"https:\\\/\\\/www.instagram.com\\\/amkpenderecki\\\/\",\"https:\\\/\\\/www.youtube.com\\\/@amkpenderecki4806\"]}]}<\/script>\n<!-- \/ Yoast SEO plugin. -->","yoast_head_json":{"title":"AMKP - Akademia Muzyczna im. Krzysztofa Pendereckiego w Krakowie","robots":{"index":"index","follow":"follow","max-snippet":"max-snippet:-1","max-image-preview":"max-image-preview:large","max-video-preview":"max-video-preview:-1"},"canonical":"https:\/\/www.amuz.krakow.pl\/wydzialy\/wydzial-ii-instrumentalny\/","og_locale":"en_US","og_type":"article","og_title":"AMKP - Akademia Muzyczna im. Krzysztofa Pendereckiego w Krakowie","og_description":"The history of the Instrumental Faculty dates back to the times of Franciszek Mirecki&#8217;s Music School and Hall of Residence (1841-1873), the Music School of the Music Society (1867-1888) and&hellip; Continue reading","og_url":"https:\/\/www.amuz.krakow.pl\/wydzialy\/wydzial-ii-instrumentalny\/","og_site_name":"Akademia Muzyczna im. Krzysztofa Pendereckiego w Krakowie","article_publisher":"https:\/\/www.facebook.com\/amuz.krakow","article_modified_time":"2025-11-24T10:48:40+00:00","og_image":[{"width":1193,"height":591,"url":"https:\/\/www.amuz.krakow.pl\/wp-content\/uploads\/2021\/11\/amkp.jpg","type":"image\/jpeg"}],"twitter_card":"summary_large_image","twitter_misc":{"Est. reading time":"4 minutes"},"schema":{"@context":"https:\/\/schema.org","@graph":[{"@type":"WebPage","@id":"https:\/\/www.amuz.krakow.pl\/wydzialy\/wydzial-ii-instrumentalny\/","url":"https:\/\/www.amuz.krakow.pl\/wydzialy\/wydzial-ii-instrumentalny\/","name":"AMKP - Akademia Muzyczna im. Krzysztofa Pendereckiego w Krakowie","isPartOf":{"@id":"https:\/\/www.amuz.krakow.pl\/#website"},"datePublished":"2015-11-10T00:42:36+00:00","dateModified":"2025-11-24T10:48:40+00:00","breadcrumb":{"@id":"https:\/\/www.amuz.krakow.pl\/wydzialy\/wydzial-ii-instrumentalny\/#breadcrumb"},"inLanguage":"en-US","potentialAction":[{"@type":"ReadAction","target":["https:\/\/www.amuz.krakow.pl\/wydzialy\/wydzial-ii-instrumentalny\/"]}]},{"@type":"BreadcrumbList","@id":"https:\/\/www.amuz.krakow.pl\/wydzialy\/wydzial-ii-instrumentalny\/#breadcrumb","itemListElement":[{"@type":"ListItem","position":1,"name":"Strona g\u0142\u00f3wna","item":"https:\/\/www.amuz.krakow.pl\/"},{"@type":"ListItem","position":2,"name":"WYDZIA\u0141Y","item":"https:\/\/www.amuz.krakow.pl\/wydzialy\/"},{"@type":"ListItem","position":3,"name":"Wydzia\u0142 Instrumentalny"}]},{"@type":"WebSite","@id":"https:\/\/www.amuz.krakow.pl\/#website","url":"https:\/\/www.amuz.krakow.pl\/","name":"Akademia Muzyczna im. Krzysztofa Pendereckiego w Krakowie","description":"Oficjalna strona Akademii Muzycznej im. Krzysztofa Pendereckiego w Krakowie (AMKP).","publisher":{"@id":"https:\/\/www.amuz.krakow.pl\/#organization"},"alternateName":"AMKP","potentialAction":[{"@type":"SearchAction","target":{"@type":"EntryPoint","urlTemplate":"https:\/\/www.amuz.krakow.pl\/?s={search_term_string}"},"query-input":{"@type":"PropertyValueSpecification","valueRequired":true,"valueName":"search_term_string"}}],"inLanguage":"en-US"},{"@type":"Organization","@id":"https:\/\/www.amuz.krakow.pl\/#organization","name":"Akademia Muzyczna im. Krzysztofa Pendereckiego w Krakowie","alternateName":"AMKP","url":"https:\/\/www.amuz.krakow.pl\/","logo":{"@type":"ImageObject","inLanguage":"en-US","@id":"https:\/\/www.amuz.krakow.pl\/#\/schema\/logo\/image\/","url":"https:\/\/www.amuz.krakow.pl\/wp-content\/uploads\/2021\/11\/amkp.jpg","contentUrl":"https:\/\/www.amuz.krakow.pl\/wp-content\/uploads\/2021\/11\/amkp.jpg","width":1193,"height":591,"caption":"Akademia Muzyczna im. Krzysztofa Pendereckiego w Krakowie"},"image":{"@id":"https:\/\/www.amuz.krakow.pl\/#\/schema\/logo\/image\/"},"sameAs":["https:\/\/www.facebook.com\/amuz.krakow","https:\/\/www.instagram.com\/amkpenderecki\/","https:\/\/www.youtube.com\/@amkpenderecki4806"]}]}},"_links":{"self":[{"href":"https:\/\/www.amuz.krakow.pl\/en\/wp-json\/wp\/v2\/pages\/230","targetHints":{"allow":["GET"]}}],"collection":[{"href":"https:\/\/www.amuz.krakow.pl\/en\/wp-json\/wp\/v2\/pages"}],"about":[{"href":"https:\/\/www.amuz.krakow.pl\/en\/wp-json\/wp\/v2\/types\/page"}],"author":[{"embeddable":true,"href":"https:\/\/www.amuz.krakow.pl\/en\/wp-json\/wp\/v2\/users\/72"}],"replies":[{"embeddable":true,"href":"https:\/\/www.amuz.krakow.pl\/en\/wp-json\/wp\/v2\/comments?post=230"}],"version-history":[{"count":16,"href":"https:\/\/www.amuz.krakow.pl\/en\/wp-json\/wp\/v2\/pages\/230\/revisions"}],"predecessor-version":[{"id":33854,"href":"https:\/\/www.amuz.krakow.pl\/en\/wp-json\/wp\/v2\/pages\/230\/revisions\/33854"}],"up":[{"embeddable":true,"href":"https:\/\/www.amuz.krakow.pl\/en\/wp-json\/wp\/v2\/pages\/226"}],"wp:attachment":[{"href":"https:\/\/www.amuz.krakow.pl\/en\/wp-json\/wp\/v2\/media?parent=230"}],"curies":[{"name":"wp","href":"https:\/\/api.w.org\/{rel}","templated":true}]}}