{"id":2297,"date":"2016-02-17T10:17:17","date_gmt":"2016-02-17T09:17:17","guid":{"rendered":"http:\/\/strony.amuz.krakow.pl\/?page_id=2297"},"modified":"2025-04-16T14:52:55","modified_gmt":"2025-04-16T12:52:55","slug":"prof-dr-hab-tomasz-sobaniec","status":"publish","type":"page","link":"https:\/\/www.amuz.krakow.pl\/en\/wydzialy\/wydzial-ii-instrumentalny\/katedra-perkusji-i-muzyki-wspolczesnej\/pracownicy\/prof-dr-hab-tomasz-sobaniec\/","title":{"rendered":"prof. dr hab. Tomasz Sobaniec"},"content":{"rendered":"<p><a href=\"https:\/\/www.amuz.krakow.pl\/wp-content\/uploads\/2016\/02\/Sobaniec-Tomasz.jpg\"><img loading=\"lazy\" decoding=\"async\" class=\"alignleft wp-image-2298 size-medium\" src=\"https:\/\/www.amuz.krakow.pl\/wp-content\/uploads\/2016\/02\/Sobaniec-Tomasz-200x300.jpg\" alt=\"Sobaniec Tomasz\" width=\"200\" height=\"300\" srcset=\"https:\/\/www.amuz.krakow.pl\/wp-content\/uploads\/2016\/02\/Sobaniec-Tomasz-200x300.jpg 200w, https:\/\/www.amuz.krakow.pl\/wp-content\/uploads\/2016\/02\/Sobaniec-Tomasz-682x1024.jpg 682w, https:\/\/www.amuz.krakow.pl\/wp-content\/uploads\/2016\/02\/Sobaniec-Tomasz.jpg 1664w\" sizes=\"auto, (max-width: 200px) 100vw, 200px\" \/><\/a><\/p>\n<p style=\"text-align: justify;\">Prof. DMA Tomasz Sobaniec<br \/>\nborn in 1969, Wadowice (Poland). Graduated with honours from secondary School of Music in Bielsko-Bia\u0142a, in percussion class of L. Sojka. In 1994 received a diploma of Music Academy in Cracow in class of DMA S.Welanyk. His diploma recital included \u201cConcertino for Marimba and Orchestra\u201d by Paul Creston and was performed with Cracow Philharmonics (first performance in Cracow, Poland).<br \/>\nTomasz participated in many contemporary music festivals as a chamber musician.\u00a0 In 1990-2000 he collaborated with Cracow Percussion Group (Krakowska Grupa Perkusyjna) taking part in contemporary music events such as: Cracow \u2013 <em>Cracow Composers Days<\/em>\u00a0 (<em>Dni Kompozytor\u00f3w Krakowskich)<\/em>,\u00a0 Opole \u2013 <em>Percussion Music Days<\/em> (<em>Dni Muzyki Perkusyjnej)<\/em>, Pozna\u0144 &#8211; <em>International Festival of Contemporary Music <\/em><em>Poznan Music Spring<\/em><em> (Pozna\u0144ska Wiosna Muzyczna)<\/em>, Warszawa <em>International Festival of Contemporary Music Warsaw Autumn\u00a0 (Warszawska Jesie\u0144)<\/em>, Bratislava &#8211; <em>Festiwal \u201eMelos-Etos\u201d,<\/em> Prague &#8211; <em>New Music Marathon<\/em>, Berlin &#8211;\u00a0 <em>Inventionen<\/em>.<br \/>\nAs a member of \u201eOvertime\u201d jazz band was awarded with\u00a0 II prize at\u00a0 Jazz\u00a0 Juniors Festival in\u00a0 Cracow (1990). Tomasz took part in International Percussion Courses in Bydgoszcz (1989, 1991) and studied with outstanding percussion artists e.g.: J. Beck, S. Schick, A. Otte, N.J. \u017divkovi\u0107, J. M. Collet, K. Szymanowski and J. Pomianowski. For many year he also cooperated with contemporary music ensemble MW2.<br \/>\nSince 1992 he has been a member of\u00a0 Capella Cracoviensis \u2013 chamber music orchestra, and what is more, Tomasz is also a cofounder and artist at Barock Tune and Alta Cappella \u2013 early music ensembles playing historical wind and percussion instruments. Other ensembles\u00a0 he cooperates with are: Wroclaw Baroque Orchestra, Arte\u00a0 Dei Suonatori, {oh!} Historical Orchestra, La Tempesta, Estravaganza Consort, Diletto, Harmonia Sacra, Consortium\u00a0 Sedinum, Trondheim Barokk, Concerto de Bassus, Musica Aeterna Bratislava, Musica\u00a0 Florea\u00a0 Praha, Il Giardino D\u2019Amore, Capella di Ospedale Della Pieta Venezia.<br \/>\nAs an orchestral musician, Tomasz has played in Cracow Philharmonic, Beethoveen Academy Orchestra, and Sinfonietta Cracovia performing with great condutors: J. Maksymiuk, J. Krenz, K. Kord, J. Kaspszyk, T. Struga\u0142a, G. Chmura, A. Wit,\u00a0 G. Nowak, W. Michniewski, T. Wojciechowski, W. Rajski, M. Pijarowski, M.J. B\u0142aszczyk, S. Krawczy\u0144ski, M. Dworzy\u0144ski, M. Nesterowicz, H. Rilling,\u00a0 A. Parrott, P. McCreesh,\u00a0 P. Goodwin, Ch. Rousset, V. Dumestre, A. Spering, P. Esswood, F. Bonizzoni, M. Gester,\u00a0 A. Moccia, F. Hauk, H. Max, Ch. Eschenbach,\u00a0 J. N. Axelrod, K. Zehnder, M. Valdes, L. Wicki, M. Caldi, V. Ponkin, M. Zilm, P. D. Ponelle,\u00a0 Ch. O. Munroe, E. G. Jensen , E.Pid\u00f2.<br \/>\nTomasz Sobaniec has also premiered numerous compositions dedicated to himself by: M. Mengjiqi, D. Eddleman, N. Housni,\u00a0\u00a0 H. Ayanbod, K. Kruk, J. P\u0142onka and P. Sarnecki. Among most important premieres one can find pieces by famous Polish composers:\u00a0 K. Moszuma\u0144ska-Nazar, K. Penderecki, M. Stachowski, B. Schaeffer, K. Meyer, Z. Bujarski,\u00a0 A. Kaczy\u0144ski, H. J. Botor, M. Jab\u0142o\u0144ski, Sz. Tesarowicz, A. Dudzi\u0144ska, M. Pomianowska and composers from other countries: N. van De Vate, K. Lamont, K. Y. Chin. He also participated in premiere recordings of compositions by: K. Moszuma\u0144ska-Nazar, K. Penderecki, A. Walaci\u0144ski, \u0141. Farcinkiewicz, B. Hobson, T. Br\u00e4m, H.G.F. Pfl\u00fcger, J. Bartley, S. Kmotorka, B. Frost &amp; D. Bjarnason, G. Donizetti, A. Benda, A. Melani.<br \/>\nTomasz Sobaniec toured at most of European countries and USA, Japan, South Korea, China, Taiwan. In 2000 he performer alongside with world known cellist Yo-Yo Ma, Maria Pomianowska and Micha\u0142 Kulenty at <em>Silk Road <\/em>project during Asian Culture Festiwal in Niigata (Japan).<br \/>\nIn 2017 he was nominated twice to <em>Fryderyk<\/em> prize for recordings by O. A. Ivanschiz &#8211; {oh!} Orkiestra Historyczna and in 2020 for M. Gom\u00f3\u0142ka \u2013 Opera Omnia vols 3&amp;4 \u2013 Polish Radio Choir. He took part in album recordings for many recording studios such as: Polskie Radio, DUX, Musicon, CD Accord, Dalmafon, MTJ, Angelus Silesius, Channel Classics, Naxos, Vienna Modern Masters, Arion, Enchiriadis, Cadenza, Avi-music, Bedroom Community,\u00a0 \u00cbvoe Records, Equinox Music, IMC Music Publisher and SACEM.<br \/>\nSince 1995 Tomasz Sobaniec works in Academy of Music in Cracow at Contemporary Music, Jazz and percussion department. In 2011 his thesis \u201cPercussion &#8211; a characteristic trait\u00a0 in the music of Krystyna Moszuma\u0144ska-Nazar\u201d was published by his alma mater. He was also a lecturer at International Percussion Master Courses \u201eCross Drumming nad Nilem\u201d in Kolbuszowa (2012, 2013), Summer Arts Manufacture (Letnia Manufaktura Sztuki) &#8211; Niepo\u0142omice (2017) and Percussion Seminars organised by Academy of Music in Bydgoszcz (2014, 2017). He was also a jury at percussion competitions and regional percussion auditions by Centre of Artistic Education (Poland CEA). Due to his academic profile he was a reviewer of doctoral and habilitation thesis in percussion and jazz percussion.<br \/>\nMr. Sobaniec is highly engaged in many social activities connected with cultural field. In 2013 he foundered and became a member of Ma\u0142opolska Manufaktura Sztuki Association. Moreover, he takes part in organising the cycle <em>BRIDGES<\/em> <em>(MOSTY)<\/em>, hich takes place every year at the Academy of Music in Cracow. This year he became an artistic director of <em>Hebd\u00f3w Arts Encounters<\/em>.<br \/>\nFor his artistic and didactic achievements he was awarded with a KEN medal (National Education Comitee Award) Honoris Gratia (President of Cracow City) and Academy of Music in Cracow Rector award.<br \/>\nIn 2020 Tomasz Sobaniec\u00a0 received the title of Professor of Musical Arts.<br \/>\nArtist plays Polish marimba by MIDO, Swiss cymbals and gongs by PAISTE and uses American sticks and mallets by Pro\u00b7Mark.<\/p>\n<p><a href=\"mailto:tomasz.sobaniec@amuz.krakow.pl\">tomasz.sobaniec@amuz.krakow.pl<\/a><\/p>\n<p><a href=\"http:\/\/www.altacappella.pl\/\">www.altacappella.pl<\/a><\/p>\n<p><a href=\"http:\/\/www.capellacracoviensis.pl\/\">www.capellacracoviensis.pl<\/a><\/p>","protected":false},"excerpt":{"rendered":"<p>Prof. DMA Tomasz Sobaniec born in 1969, Wadowice (Poland). Graduated with honours from secondary School of Music in Bielsko-Bia\u0142a, in percussion class of L. Sojka. In 1994 received a diploma&hellip; <a href=\"https:\/\/www.amuz.krakow.pl\/en\/wydzialy\/wydzial-ii-instrumentalny\/katedra-perkusji-i-muzyki-wspolczesnej\/pracownicy\/prof-dr-hab-tomasz-sobaniec\/\">Continue reading<\/a><\/p>\n","protected":false},"author":72,"featured_media":2298,"parent":43993,"menu_order":2,"comment_status":"closed","ping_status":"closed","template":"","meta":{"footnotes":"","_links_to":"","_links_to_target":""},"class_list":["post-2297","page","type-page","status-publish","has-post-thumbnail","hentry"],"yoast_head":"<!-- This site is optimized with the Yoast SEO plugin v27.2 - https:\/\/yoast.com\/product\/yoast-seo-wordpress\/ -->\n<title>AMKP - Akademia Muzyczna im. Krzysztofa Pendereckiego w Krakowie<\/title>\n<meta name=\"robots\" content=\"index, follow, max-snippet:-1, max-image-preview:large, max-video-preview:-1\" \/>\n<link rel=\"canonical\" href=\"https:\/\/www.amuz.krakow.pl\/wydzialy\/wydzial-ii-instrumentalny\/katedra-perkusji-i-muzyki-wspolczesnej\/pracownicy\/prof-dr-hab-tomasz-sobaniec\/\" \/>\n<meta property=\"og:locale\" content=\"en_US\" \/>\n<meta property=\"og:type\" content=\"article\" \/>\n<meta property=\"og:title\" content=\"AMKP - Akademia Muzyczna im. Krzysztofa Pendereckiego w Krakowie\" \/>\n<meta property=\"og:description\" content=\"Prof. DMA Tomasz Sobaniec born in 1969, Wadowice (Poland). Graduated with honours from secondary School of Music in Bielsko-Bia\u0142a, in percussion class of L. Sojka. In 1994 received a diploma&hellip; Continue reading\" \/>\n<meta property=\"og:url\" content=\"https:\/\/www.amuz.krakow.pl\/wydzialy\/wydzial-ii-instrumentalny\/katedra-perkusji-i-muzyki-wspolczesnej\/pracownicy\/prof-dr-hab-tomasz-sobaniec\/\" \/>\n<meta property=\"og:site_name\" content=\"Akademia Muzyczna im. Krzysztofa Pendereckiego w Krakowie\" \/>\n<meta property=\"article:publisher\" content=\"https:\/\/www.facebook.com\/amuz.krakow\" \/>\n<meta property=\"article:modified_time\" content=\"2025-04-16T12:52:55+00:00\" \/>\n<meta property=\"og:image\" content=\"https:\/\/www.amuz.krakow.pl\/wp-content\/uploads\/2016\/02\/Sobaniec-Tomasz.jpg\" \/>\n\t<meta property=\"og:image:width\" content=\"1664\" \/>\n\t<meta property=\"og:image:height\" content=\"2500\" \/>\n\t<meta property=\"og:image:type\" content=\"image\/jpeg\" \/>\n<meta name=\"twitter:card\" content=\"summary_large_image\" \/>\n<meta name=\"twitter:label1\" content=\"Est. reading time\" \/>\n\t<meta name=\"twitter:data1\" content=\"5 minutes\" \/>\n<script type=\"application\/ld+json\" class=\"yoast-schema-graph\">{\"@context\":\"https:\/\/schema.org\",\"@graph\":[{\"@type\":\"WebPage\",\"@id\":\"https:\/\/www.amuz.krakow.pl\/wydzialy\/wydzial-ii-instrumentalny\/katedra-perkusji-i-muzyki-wspolczesnej\/pracownicy\/prof-dr-hab-tomasz-sobaniec\/\",\"url\":\"https:\/\/www.amuz.krakow.pl\/wydzialy\/wydzial-ii-instrumentalny\/katedra-perkusji-i-muzyki-wspolczesnej\/pracownicy\/prof-dr-hab-tomasz-sobaniec\/\",\"name\":\"AMKP - Akademia Muzyczna im. Krzysztofa Pendereckiego w Krakowie\",\"isPartOf\":{\"@id\":\"https:\/\/www.amuz.krakow.pl\/#website\"},\"primaryImageOfPage\":{\"@id\":\"https:\/\/www.amuz.krakow.pl\/wydzialy\/wydzial-ii-instrumentalny\/katedra-perkusji-i-muzyki-wspolczesnej\/pracownicy\/prof-dr-hab-tomasz-sobaniec\/#primaryimage\"},\"image\":{\"@id\":\"https:\/\/www.amuz.krakow.pl\/wydzialy\/wydzial-ii-instrumentalny\/katedra-perkusji-i-muzyki-wspolczesnej\/pracownicy\/prof-dr-hab-tomasz-sobaniec\/#primaryimage\"},\"thumbnailUrl\":\"https:\/\/www.amuz.krakow.pl\/wp-content\/uploads\/2016\/02\/Sobaniec-Tomasz.jpg\",\"datePublished\":\"2016-02-17T09:17:17+00:00\",\"dateModified\":\"2025-04-16T12:52:55+00:00\",\"breadcrumb\":{\"@id\":\"https:\/\/www.amuz.krakow.pl\/wydzialy\/wydzial-ii-instrumentalny\/katedra-perkusji-i-muzyki-wspolczesnej\/pracownicy\/prof-dr-hab-tomasz-sobaniec\/#breadcrumb\"},\"inLanguage\":\"en-US\",\"potentialAction\":[{\"@type\":\"ReadAction\",\"target\":[\"https:\/\/www.amuz.krakow.pl\/wydzialy\/wydzial-ii-instrumentalny\/katedra-perkusji-i-muzyki-wspolczesnej\/pracownicy\/prof-dr-hab-tomasz-sobaniec\/\"]}]},{\"@type\":\"ImageObject\",\"inLanguage\":\"en-US\",\"@id\":\"https:\/\/www.amuz.krakow.pl\/wydzialy\/wydzial-ii-instrumentalny\/katedra-perkusji-i-muzyki-wspolczesnej\/pracownicy\/prof-dr-hab-tomasz-sobaniec\/#primaryimage\",\"url\":\"https:\/\/www.amuz.krakow.pl\/wp-content\/uploads\/2016\/02\/Sobaniec-Tomasz.jpg\",\"contentUrl\":\"https:\/\/www.amuz.krakow.pl\/wp-content\/uploads\/2016\/02\/Sobaniec-Tomasz.jpg\",\"width\":1664,\"height\":2500},{\"@type\":\"BreadcrumbList\",\"@id\":\"https:\/\/www.amuz.krakow.pl\/wydzialy\/wydzial-ii-instrumentalny\/katedra-perkusji-i-muzyki-wspolczesnej\/pracownicy\/prof-dr-hab-tomasz-sobaniec\/#breadcrumb\",\"itemListElement\":[{\"@type\":\"ListItem\",\"position\":1,\"name\":\"Strona g\u0142\u00f3wna\",\"item\":\"https:\/\/www.amuz.krakow.pl\/\"},{\"@type\":\"ListItem\",\"position\":2,\"name\":\"WYDZIA\u0141Y\",\"item\":\"https:\/\/www.amuz.krakow.pl\/wydzialy\/\"},{\"@type\":\"ListItem\",\"position\":3,\"name\":\"Wydzia\u0142 Instrumentalny\",\"item\":\"https:\/\/www.amuz.krakow.pl\/wydzialy\/wydzial-ii-instrumentalny\/\"},{\"@type\":\"ListItem\",\"position\":4,\"name\":\"Katedra Perkusji i&nbsp;Muzyki Wsp\u00f3\u0142czesnej\",\"item\":\"https:\/\/www.amuz.krakow.pl\/wydzialy\/wydzial-ii-instrumentalny\/katedra-perkusji-i-muzyki-wspolczesnej\/\"},{\"@type\":\"ListItem\",\"position\":5,\"name\":\"Pracownicy Katedry\",\"item\":\"https:\/\/www.amuz.krakow.pl\/wydzialy\/wydzial-ii-instrumentalny\/katedra-perkusji-i-muzyki-wspolczesnej\/pracownicy\/\"},{\"@type\":\"ListItem\",\"position\":6,\"name\":\"prof. dr hab. Tomasz Sobaniec\"}]},{\"@type\":\"WebSite\",\"@id\":\"https:\/\/www.amuz.krakow.pl\/#website\",\"url\":\"https:\/\/www.amuz.krakow.pl\/\",\"name\":\"Akademia Muzyczna im. Krzysztofa Pendereckiego w Krakowie\",\"description\":\"Oficjalna strona Akademii Muzycznej im. Krzysztofa Pendereckiego w Krakowie (AMKP).\",\"publisher\":{\"@id\":\"https:\/\/www.amuz.krakow.pl\/#organization\"},\"alternateName\":\"AMKP\",\"potentialAction\":[{\"@type\":\"SearchAction\",\"target\":{\"@type\":\"EntryPoint\",\"urlTemplate\":\"https:\/\/www.amuz.krakow.pl\/?s={search_term_string}\"},\"query-input\":{\"@type\":\"PropertyValueSpecification\",\"valueRequired\":true,\"valueName\":\"search_term_string\"}}],\"inLanguage\":\"en-US\"},{\"@type\":\"Organization\",\"@id\":\"https:\/\/www.amuz.krakow.pl\/#organization\",\"name\":\"Akademia Muzyczna im. Krzysztofa Pendereckiego w Krakowie\",\"alternateName\":\"AMKP\",\"url\":\"https:\/\/www.amuz.krakow.pl\/\",\"logo\":{\"@type\":\"ImageObject\",\"inLanguage\":\"en-US\",\"@id\":\"https:\/\/www.amuz.krakow.pl\/#\/schema\/logo\/image\/\",\"url\":\"https:\/\/www.amuz.krakow.pl\/wp-content\/uploads\/2021\/11\/amkp.jpg\",\"contentUrl\":\"https:\/\/www.amuz.krakow.pl\/wp-content\/uploads\/2021\/11\/amkp.jpg\",\"width\":1193,\"height\":591,\"caption\":\"Akademia Muzyczna im. Krzysztofa Pendereckiego w Krakowie\"},\"image\":{\"@id\":\"https:\/\/www.amuz.krakow.pl\/#\/schema\/logo\/image\/\"},\"sameAs\":[\"https:\/\/www.facebook.com\/amuz.krakow\",\"https:\/\/www.instagram.com\/amkpenderecki\/\",\"https:\/\/www.youtube.com\/@amkpenderecki4806\"]}]}<\/script>\n<!-- \/ Yoast SEO plugin. -->","yoast_head_json":{"title":"AMKP - Akademia Muzyczna im. Krzysztofa Pendereckiego w Krakowie","robots":{"index":"index","follow":"follow","max-snippet":"max-snippet:-1","max-image-preview":"max-image-preview:large","max-video-preview":"max-video-preview:-1"},"canonical":"https:\/\/www.amuz.krakow.pl\/wydzialy\/wydzial-ii-instrumentalny\/katedra-perkusji-i-muzyki-wspolczesnej\/pracownicy\/prof-dr-hab-tomasz-sobaniec\/","og_locale":"en_US","og_type":"article","og_title":"AMKP - Akademia Muzyczna im. Krzysztofa Pendereckiego w Krakowie","og_description":"Prof. DMA Tomasz Sobaniec born in 1969, Wadowice (Poland). Graduated with honours from secondary School of Music in Bielsko-Bia\u0142a, in percussion class of L. Sojka. In 1994 received a diploma&hellip; Continue reading","og_url":"https:\/\/www.amuz.krakow.pl\/wydzialy\/wydzial-ii-instrumentalny\/katedra-perkusji-i-muzyki-wspolczesnej\/pracownicy\/prof-dr-hab-tomasz-sobaniec\/","og_site_name":"Akademia Muzyczna im. Krzysztofa Pendereckiego w Krakowie","article_publisher":"https:\/\/www.facebook.com\/amuz.krakow","article_modified_time":"2025-04-16T12:52:55+00:00","og_image":[{"width":1664,"height":2500,"url":"https:\/\/www.amuz.krakow.pl\/wp-content\/uploads\/2016\/02\/Sobaniec-Tomasz.jpg","type":"image\/jpeg"}],"twitter_card":"summary_large_image","twitter_misc":{"Est. reading time":"5 minutes"},"schema":{"@context":"https:\/\/schema.org","@graph":[{"@type":"WebPage","@id":"https:\/\/www.amuz.krakow.pl\/wydzialy\/wydzial-ii-instrumentalny\/katedra-perkusji-i-muzyki-wspolczesnej\/pracownicy\/prof-dr-hab-tomasz-sobaniec\/","url":"https:\/\/www.amuz.krakow.pl\/wydzialy\/wydzial-ii-instrumentalny\/katedra-perkusji-i-muzyki-wspolczesnej\/pracownicy\/prof-dr-hab-tomasz-sobaniec\/","name":"AMKP - Akademia Muzyczna im. Krzysztofa Pendereckiego w Krakowie","isPartOf":{"@id":"https:\/\/www.amuz.krakow.pl\/#website"},"primaryImageOfPage":{"@id":"https:\/\/www.amuz.krakow.pl\/wydzialy\/wydzial-ii-instrumentalny\/katedra-perkusji-i-muzyki-wspolczesnej\/pracownicy\/prof-dr-hab-tomasz-sobaniec\/#primaryimage"},"image":{"@id":"https:\/\/www.amuz.krakow.pl\/wydzialy\/wydzial-ii-instrumentalny\/katedra-perkusji-i-muzyki-wspolczesnej\/pracownicy\/prof-dr-hab-tomasz-sobaniec\/#primaryimage"},"thumbnailUrl":"https:\/\/www.amuz.krakow.pl\/wp-content\/uploads\/2016\/02\/Sobaniec-Tomasz.jpg","datePublished":"2016-02-17T09:17:17+00:00","dateModified":"2025-04-16T12:52:55+00:00","breadcrumb":{"@id":"https:\/\/www.amuz.krakow.pl\/wydzialy\/wydzial-ii-instrumentalny\/katedra-perkusji-i-muzyki-wspolczesnej\/pracownicy\/prof-dr-hab-tomasz-sobaniec\/#breadcrumb"},"inLanguage":"en-US","potentialAction":[{"@type":"ReadAction","target":["https:\/\/www.amuz.krakow.pl\/wydzialy\/wydzial-ii-instrumentalny\/katedra-perkusji-i-muzyki-wspolczesnej\/pracownicy\/prof-dr-hab-tomasz-sobaniec\/"]}]},{"@type":"ImageObject","inLanguage":"en-US","@id":"https:\/\/www.amuz.krakow.pl\/wydzialy\/wydzial-ii-instrumentalny\/katedra-perkusji-i-muzyki-wspolczesnej\/pracownicy\/prof-dr-hab-tomasz-sobaniec\/#primaryimage","url":"https:\/\/www.amuz.krakow.pl\/wp-content\/uploads\/2016\/02\/Sobaniec-Tomasz.jpg","contentUrl":"https:\/\/www.amuz.krakow.pl\/wp-content\/uploads\/2016\/02\/Sobaniec-Tomasz.jpg","width":1664,"height":2500},{"@type":"BreadcrumbList","@id":"https:\/\/www.amuz.krakow.pl\/wydzialy\/wydzial-ii-instrumentalny\/katedra-perkusji-i-muzyki-wspolczesnej\/pracownicy\/prof-dr-hab-tomasz-sobaniec\/#breadcrumb","itemListElement":[{"@type":"ListItem","position":1,"name":"Strona g\u0142\u00f3wna","item":"https:\/\/www.amuz.krakow.pl\/"},{"@type":"ListItem","position":2,"name":"WYDZIA\u0141Y","item":"https:\/\/www.amuz.krakow.pl\/wydzialy\/"},{"@type":"ListItem","position":3,"name":"Wydzia\u0142 Instrumentalny","item":"https:\/\/www.amuz.krakow.pl\/wydzialy\/wydzial-ii-instrumentalny\/"},{"@type":"ListItem","position":4,"name":"Katedra Perkusji i&nbsp;Muzyki Wsp\u00f3\u0142czesnej","item":"https:\/\/www.amuz.krakow.pl\/wydzialy\/wydzial-ii-instrumentalny\/katedra-perkusji-i-muzyki-wspolczesnej\/"},{"@type":"ListItem","position":5,"name":"Pracownicy Katedry","item":"https:\/\/www.amuz.krakow.pl\/wydzialy\/wydzial-ii-instrumentalny\/katedra-perkusji-i-muzyki-wspolczesnej\/pracownicy\/"},{"@type":"ListItem","position":6,"name":"prof. dr hab. Tomasz Sobaniec"}]},{"@type":"WebSite","@id":"https:\/\/www.amuz.krakow.pl\/#website","url":"https:\/\/www.amuz.krakow.pl\/","name":"Akademia Muzyczna im. Krzysztofa Pendereckiego w Krakowie","description":"Oficjalna strona Akademii Muzycznej im. Krzysztofa Pendereckiego w Krakowie (AMKP).","publisher":{"@id":"https:\/\/www.amuz.krakow.pl\/#organization"},"alternateName":"AMKP","potentialAction":[{"@type":"SearchAction","target":{"@type":"EntryPoint","urlTemplate":"https:\/\/www.amuz.krakow.pl\/?s={search_term_string}"},"query-input":{"@type":"PropertyValueSpecification","valueRequired":true,"valueName":"search_term_string"}}],"inLanguage":"en-US"},{"@type":"Organization","@id":"https:\/\/www.amuz.krakow.pl\/#organization","name":"Akademia Muzyczna im. Krzysztofa Pendereckiego w Krakowie","alternateName":"AMKP","url":"https:\/\/www.amuz.krakow.pl\/","logo":{"@type":"ImageObject","inLanguage":"en-US","@id":"https:\/\/www.amuz.krakow.pl\/#\/schema\/logo\/image\/","url":"https:\/\/www.amuz.krakow.pl\/wp-content\/uploads\/2021\/11\/amkp.jpg","contentUrl":"https:\/\/www.amuz.krakow.pl\/wp-content\/uploads\/2021\/11\/amkp.jpg","width":1193,"height":591,"caption":"Akademia Muzyczna im. Krzysztofa Pendereckiego w Krakowie"},"image":{"@id":"https:\/\/www.amuz.krakow.pl\/#\/schema\/logo\/image\/"},"sameAs":["https:\/\/www.facebook.com\/amuz.krakow","https:\/\/www.instagram.com\/amkpenderecki\/","https:\/\/www.youtube.com\/@amkpenderecki4806"]}]}},"_links":{"self":[{"href":"https:\/\/www.amuz.krakow.pl\/en\/wp-json\/wp\/v2\/pages\/2297","targetHints":{"allow":["GET"]}}],"collection":[{"href":"https:\/\/www.amuz.krakow.pl\/en\/wp-json\/wp\/v2\/pages"}],"about":[{"href":"https:\/\/www.amuz.krakow.pl\/en\/wp-json\/wp\/v2\/types\/page"}],"author":[{"embeddable":true,"href":"https:\/\/www.amuz.krakow.pl\/en\/wp-json\/wp\/v2\/users\/72"}],"replies":[{"embeddable":true,"href":"https:\/\/www.amuz.krakow.pl\/en\/wp-json\/wp\/v2\/comments?post=2297"}],"version-history":[{"count":12,"href":"https:\/\/www.amuz.krakow.pl\/en\/wp-json\/wp\/v2\/pages\/2297\/revisions"}],"predecessor-version":[{"id":65670,"href":"https:\/\/www.amuz.krakow.pl\/en\/wp-json\/wp\/v2\/pages\/2297\/revisions\/65670"}],"up":[{"embeddable":true,"href":"https:\/\/www.amuz.krakow.pl\/en\/wp-json\/wp\/v2\/pages\/43993"}],"wp:featuredmedia":[{"embeddable":true,"href":"https:\/\/www.amuz.krakow.pl\/en\/wp-json\/wp\/v2\/media\/2298"}],"wp:attachment":[{"href":"https:\/\/www.amuz.krakow.pl\/en\/wp-json\/wp\/v2\/media?parent=2297"}],"curies":[{"name":"wp","href":"https:\/\/api.w.org\/{rel}","templated":true}]}}