{"id":228,"date":"2015-11-10T01:42:16","date_gmt":"2015-11-10T00:42:16","guid":{"rendered":"http:\/\/strony.amuz.krakow.pl\/?page_id=228"},"modified":"2025-06-10T14:40:08","modified_gmt":"2025-06-10T12:40:08","slug":"wydzial-i-tworczosci-interpretacji-i-edukacji-muzycznej","status":"publish","type":"page","link":"https:\/\/www.amuz.krakow.pl\/en\/wydzialy\/wydzial-i-tworczosci-interpretacji-i-edukacji-muzycznej\/","title":{"rendered":"Faculty of Composition, Interpretation and Music Education"},"content":{"rendered":"<p><\/p>\n<p style=\"text-align: justify;\"><strong>Faculty of Composition, Interpretation and Music Education <\/strong>is one of the top arts faculties in our country. In the years 2013-2017, <strong>it was the highest-rated music faculty in Poland (outstanding scientific category A+)<\/strong> and was in the elite group of less than 4% of units rated in that category out of nearly a thousand scientific units in total that were subject to the parametric evaluation as regards their scientific and research activities. In the last parametric evaluation (2017), <strong>the Faculty maintained its high position and was again classified in scientific category A+.<\/strong><\/p>\n<p style=\"text-align: justify;\">The Faculty was established in 2004 as a result of a merger of two organisational units of the Academy of Music in Krak\u00f3w: the Faculty of Composition, Conducting and Music Theory (I) and the Faculty of Music Education, Choral Conducting and Church Music (IV). Regina Ch\u0142opicka, PhD, Professor of AM, became its first Dean (2004-2005). For the subsequent two terms (2005-2008 and 2008-2012), that office was held by Professor Rafa\u0142 Jacek Delekta, PhD. He was followed by Professor Wojciech Wid\u0142ak, PhD, who served as Dean of the Faculty between 2012 and 2020. In 2020, Agnieszka Draus, PhD, took over as Dean of the Composition, Interpretation and Music Education Faculty.<\/p>\n<p style=\"text-align: justify;\">In its present form, the Faculty of Composition, Interpretation and Music Education continues the rich tradition of:<\/p>\n<p style=\"text-align: justify;\"><strong>\u2013 Krakow school of composition<\/strong>\u00a0known and valued in the world thanks to, among others, the outstanding artist Professor Dr h.c. mult. Krzysztof Penderecki and Professor Bogus\u0142aw Schaeffer (1929-2019) as well as the graduates of their classes,<\/p>\n<p style=\"text-align: justify;\"><strong>\u2013 Krakow theoretical school<\/strong>\u00a0centred around Professor Dr h.c. mult. Mieczys\u0142aw Tomaszewski, PhD (1921-2019) and several generations of his students,<\/p>\n<p style=\"text-align: justify;\"><strong>\u2013 Krakow concept of music education<\/strong>\u00a0originating from the tradition of the composer and choral scholar Professor Stanis\u0142aw Wiechowicz (1893-1963) and Assistant Professor Adam Rieger (1909-1998).<\/p>\n<p style=\"text-align: justify;\">It was here, in the city of Karol Wojty\u0142a &#8211; Saint John Paul II, that a unique programme of study in church music was introduced in 2008 and has been run jointly by the Academy of Music in Krak\u00f3w and the Pontifical University of John Paul II; the Religious Music Department of Faculty I is part of the Interuniversity Institute of Church Music co-created by the two institutions.<\/p>\n<p style=\"text-align: justify;\">The Faculty of Composition, Interpretation and Music Education is constantly developing in line with the needs of the process of education of qualified artists-musicians in <strong>undergraduate<\/strong> (bachelor&#8217;s degree) and <strong>graduate<\/strong> (master&#8217;s degree) <strong>programmes<\/strong>, as well as in <strong>post-graduate programmes.<\/strong> \u00a0The academic teachers of the Faculty take part in the <strong>training of new scientific and artistic staff<\/strong> through the doctoral school and promotion proceedings in the extramural mode.<\/p>\n<p style=\"text-align: justify;\">In the academic year 2019\/2020, a competitive course entitled <strong><em>The New Model of Music Teacher Education at the Academy of Music in Krak\u00f3w <\/em><\/strong>was launched within the <em>Artistic Education in the Field of Music<\/em> programme of study, which was awarded <strong>first place<\/strong> in the ranking of 28 Polish universities participating in the competition of the Operational Programme Knowledge Education Development 2014-2020, co-financed from the European Social Fund. The project is carried out with the support of the National Centre for Research and Development.<\/p>\n<p style=\"text-align: justify;\">Faculty I offers\u00a0study programmes in the following fields:<\/p>\n<p style=\"text-align: justify;\"><strong>Composition and theory of music<br \/>\n<\/strong>majors available in the bachelor\u2019s degree programme:<\/p>\n<ul>\n<li>composition<\/li>\n<li>theory of music<\/li>\n<li>sound engineering<\/li>\n<\/ul>\n<p>majors available in the master\u2019s degree programme:<\/p>\n<ul>\n<li>composition<\/li>\n<li>theory of music<\/li>\n<\/ul>\n<p style=\"text-align: justify;\"><strong>Conducting<br \/>\n<\/strong>(bachelor&#8217;s and master&#8217;s degree programme)<\/p>\n<p style=\"text-align: justify;\"><strong>Artistic Education in the Field of Music<br \/>\n<\/strong>majors available in the bachelor\u2019s degree programme:<\/p>\n<ul>\n<li style=\"text-align: justify;\">leading vocal and vocal-instrumental ensembles<\/li>\n<li style=\"text-align: justify;\">conducting wind bands<\/li>\n<li>artistic education<\/li>\n<li style=\"text-align: justify;\">rhythmics<\/li>\n<\/ul>\n<p style=\"text-align: justify;\">majors available in the master\u2019s degree programme:<\/p>\n<ul>\n<li style=\"text-align: justify;\">leading vocal and vocal-instrumental ensembles<\/li>\n<li style=\"text-align: justify;\">conducting wind bands<\/li>\n<li style=\"text-align: justify;\">teaching music theory classes<\/li>\n<li style=\"text-align: justify;\">rhythmics<\/li>\n<\/ul>\n<p><\/p>","protected":false},"excerpt":{"rendered":"<p>Faculty of Composition, Interpretation and Music Education is one of the top arts faculties in our country. In the years 2013-2017, it was the highest-rated music faculty in Poland (outstanding&hellip; <a href=\"https:\/\/www.amuz.krakow.pl\/en\/wydzialy\/wydzial-i-tworczosci-interpretacji-i-edukacji-muzycznej\/\">Continue reading<\/a><\/p>\n","protected":false},"author":72,"featured_media":0,"parent":226,"menu_order":1,"comment_status":"closed","ping_status":"closed","template":"","meta":{"footnotes":"","_links_to":"","_links_to_target":""},"class_list":["post-228","page","type-page","status-publish","hentry"],"yoast_head":"<!-- This site is optimized with the Yoast SEO plugin v27.2 - https:\/\/yoast.com\/product\/yoast-seo-wordpress\/ -->\n<title>AMKP - Akademia Muzyczna im. Krzysztofa Pendereckiego w Krakowie<\/title>\n<meta name=\"robots\" content=\"index, follow, max-snippet:-1, max-image-preview:large, max-video-preview:-1\" \/>\n<link rel=\"canonical\" href=\"https:\/\/www.amuz.krakow.pl\/wydzialy\/wydzial-i-tworczosci-interpretacji-i-edukacji-muzycznej\/\" \/>\n<meta property=\"og:locale\" content=\"en_US\" \/>\n<meta property=\"og:type\" content=\"article\" \/>\n<meta property=\"og:title\" content=\"AMKP - Akademia Muzyczna im. Krzysztofa Pendereckiego w Krakowie\" \/>\n<meta property=\"og:description\" content=\"Faculty of Composition, Interpretation and Music Education is one of the top arts faculties in our country. In the years 2013-2017, it was the highest-rated music faculty in Poland (outstanding&hellip; Continue reading\" \/>\n<meta property=\"og:url\" content=\"https:\/\/www.amuz.krakow.pl\/wydzialy\/wydzial-i-tworczosci-interpretacji-i-edukacji-muzycznej\/\" \/>\n<meta property=\"og:site_name\" content=\"Akademia Muzyczna im. Krzysztofa Pendereckiego w Krakowie\" \/>\n<meta property=\"article:publisher\" content=\"https:\/\/www.facebook.com\/amuz.krakow\" \/>\n<meta property=\"article:modified_time\" content=\"2025-06-10T12:40:08+00:00\" \/>\n<meta property=\"og:image\" content=\"https:\/\/www.amuz.krakow.pl\/wp-content\/uploads\/2021\/11\/amkp.jpg\" \/>\n\t<meta property=\"og:image:width\" content=\"1193\" \/>\n\t<meta property=\"og:image:height\" content=\"591\" \/>\n\t<meta property=\"og:image:type\" content=\"image\/jpeg\" \/>\n<meta name=\"twitter:card\" content=\"summary_large_image\" \/>\n<meta name=\"twitter:label1\" content=\"Est. reading time\" \/>\n\t<meta name=\"twitter:data1\" content=\"3 minutes\" \/>\n<script type=\"application\/ld+json\" class=\"yoast-schema-graph\">{\"@context\":\"https:\/\/schema.org\",\"@graph\":[{\"@type\":\"WebPage\",\"@id\":\"https:\/\/www.amuz.krakow.pl\/wydzialy\/wydzial-i-tworczosci-interpretacji-i-edukacji-muzycznej\/\",\"url\":\"https:\/\/www.amuz.krakow.pl\/wydzialy\/wydzial-i-tworczosci-interpretacji-i-edukacji-muzycznej\/\",\"name\":\"AMKP - Akademia Muzyczna im. Krzysztofa Pendereckiego w Krakowie\",\"isPartOf\":{\"@id\":\"https:\/\/www.amuz.krakow.pl\/#website\"},\"datePublished\":\"2015-11-10T00:42:16+00:00\",\"dateModified\":\"2025-06-10T12:40:08+00:00\",\"breadcrumb\":{\"@id\":\"https:\/\/www.amuz.krakow.pl\/wydzialy\/wydzial-i-tworczosci-interpretacji-i-edukacji-muzycznej\/#breadcrumb\"},\"inLanguage\":\"en-US\",\"potentialAction\":[{\"@type\":\"ReadAction\",\"target\":[\"https:\/\/www.amuz.krakow.pl\/wydzialy\/wydzial-i-tworczosci-interpretacji-i-edukacji-muzycznej\/\"]}]},{\"@type\":\"BreadcrumbList\",\"@id\":\"https:\/\/www.amuz.krakow.pl\/wydzialy\/wydzial-i-tworczosci-interpretacji-i-edukacji-muzycznej\/#breadcrumb\",\"itemListElement\":[{\"@type\":\"ListItem\",\"position\":1,\"name\":\"Strona g\u0142\u00f3wna\",\"item\":\"https:\/\/www.amuz.krakow.pl\/\"},{\"@type\":\"ListItem\",\"position\":2,\"name\":\"WYDZIA\u0141Y\",\"item\":\"https:\/\/www.amuz.krakow.pl\/wydzialy\/\"},{\"@type\":\"ListItem\",\"position\":3,\"name\":\"Wydzia\u0142 Tw\u00f3rczo\u015bci, Interpretacji i Edukacji Muzycznej\"}]},{\"@type\":\"WebSite\",\"@id\":\"https:\/\/www.amuz.krakow.pl\/#website\",\"url\":\"https:\/\/www.amuz.krakow.pl\/\",\"name\":\"Akademia Muzyczna im. Krzysztofa Pendereckiego w Krakowie\",\"description\":\"Oficjalna strona Akademii Muzycznej im. Krzysztofa Pendereckiego w Krakowie (AMKP).\",\"publisher\":{\"@id\":\"https:\/\/www.amuz.krakow.pl\/#organization\"},\"alternateName\":\"AMKP\",\"potentialAction\":[{\"@type\":\"SearchAction\",\"target\":{\"@type\":\"EntryPoint\",\"urlTemplate\":\"https:\/\/www.amuz.krakow.pl\/?s={search_term_string}\"},\"query-input\":{\"@type\":\"PropertyValueSpecification\",\"valueRequired\":true,\"valueName\":\"search_term_string\"}}],\"inLanguage\":\"en-US\"},{\"@type\":\"Organization\",\"@id\":\"https:\/\/www.amuz.krakow.pl\/#organization\",\"name\":\"Akademia Muzyczna im. Krzysztofa Pendereckiego w Krakowie\",\"alternateName\":\"AMKP\",\"url\":\"https:\/\/www.amuz.krakow.pl\/\",\"logo\":{\"@type\":\"ImageObject\",\"inLanguage\":\"en-US\",\"@id\":\"https:\/\/www.amuz.krakow.pl\/#\/schema\/logo\/image\/\",\"url\":\"https:\/\/www.amuz.krakow.pl\/wp-content\/uploads\/2021\/11\/amkp.jpg\",\"contentUrl\":\"https:\/\/www.amuz.krakow.pl\/wp-content\/uploads\/2021\/11\/amkp.jpg\",\"width\":1193,\"height\":591,\"caption\":\"Akademia Muzyczna im. Krzysztofa Pendereckiego w Krakowie\"},\"image\":{\"@id\":\"https:\/\/www.amuz.krakow.pl\/#\/schema\/logo\/image\/\"},\"sameAs\":[\"https:\/\/www.facebook.com\/amuz.krakow\",\"https:\/\/www.instagram.com\/amkpenderecki\/\",\"https:\/\/www.youtube.com\/@amkpenderecki4806\"]}]}<\/script>\n<!-- \/ Yoast SEO plugin. -->","yoast_head_json":{"title":"AMKP - Akademia Muzyczna im. Krzysztofa Pendereckiego w Krakowie","robots":{"index":"index","follow":"follow","max-snippet":"max-snippet:-1","max-image-preview":"max-image-preview:large","max-video-preview":"max-video-preview:-1"},"canonical":"https:\/\/www.amuz.krakow.pl\/wydzialy\/wydzial-i-tworczosci-interpretacji-i-edukacji-muzycznej\/","og_locale":"en_US","og_type":"article","og_title":"AMKP - Akademia Muzyczna im. Krzysztofa Pendereckiego w Krakowie","og_description":"Faculty of Composition, Interpretation and Music Education is one of the top arts faculties in our country. In the years 2013-2017, it was the highest-rated music faculty in Poland (outstanding&hellip; Continue reading","og_url":"https:\/\/www.amuz.krakow.pl\/wydzialy\/wydzial-i-tworczosci-interpretacji-i-edukacji-muzycznej\/","og_site_name":"Akademia Muzyczna im. Krzysztofa Pendereckiego w Krakowie","article_publisher":"https:\/\/www.facebook.com\/amuz.krakow","article_modified_time":"2025-06-10T12:40:08+00:00","og_image":[{"width":1193,"height":591,"url":"https:\/\/www.amuz.krakow.pl\/wp-content\/uploads\/2021\/11\/amkp.jpg","type":"image\/jpeg"}],"twitter_card":"summary_large_image","twitter_misc":{"Est. reading time":"3 minutes"},"schema":{"@context":"https:\/\/schema.org","@graph":[{"@type":"WebPage","@id":"https:\/\/www.amuz.krakow.pl\/wydzialy\/wydzial-i-tworczosci-interpretacji-i-edukacji-muzycznej\/","url":"https:\/\/www.amuz.krakow.pl\/wydzialy\/wydzial-i-tworczosci-interpretacji-i-edukacji-muzycznej\/","name":"AMKP - Akademia Muzyczna im. Krzysztofa Pendereckiego w Krakowie","isPartOf":{"@id":"https:\/\/www.amuz.krakow.pl\/#website"},"datePublished":"2015-11-10T00:42:16+00:00","dateModified":"2025-06-10T12:40:08+00:00","breadcrumb":{"@id":"https:\/\/www.amuz.krakow.pl\/wydzialy\/wydzial-i-tworczosci-interpretacji-i-edukacji-muzycznej\/#breadcrumb"},"inLanguage":"en-US","potentialAction":[{"@type":"ReadAction","target":["https:\/\/www.amuz.krakow.pl\/wydzialy\/wydzial-i-tworczosci-interpretacji-i-edukacji-muzycznej\/"]}]},{"@type":"BreadcrumbList","@id":"https:\/\/www.amuz.krakow.pl\/wydzialy\/wydzial-i-tworczosci-interpretacji-i-edukacji-muzycznej\/#breadcrumb","itemListElement":[{"@type":"ListItem","position":1,"name":"Strona g\u0142\u00f3wna","item":"https:\/\/www.amuz.krakow.pl\/"},{"@type":"ListItem","position":2,"name":"WYDZIA\u0141Y","item":"https:\/\/www.amuz.krakow.pl\/wydzialy\/"},{"@type":"ListItem","position":3,"name":"Wydzia\u0142 Tw\u00f3rczo\u015bci, Interpretacji i Edukacji Muzycznej"}]},{"@type":"WebSite","@id":"https:\/\/www.amuz.krakow.pl\/#website","url":"https:\/\/www.amuz.krakow.pl\/","name":"Akademia Muzyczna im. Krzysztofa Pendereckiego w Krakowie","description":"Oficjalna strona Akademii Muzycznej im. Krzysztofa Pendereckiego w Krakowie (AMKP).","publisher":{"@id":"https:\/\/www.amuz.krakow.pl\/#organization"},"alternateName":"AMKP","potentialAction":[{"@type":"SearchAction","target":{"@type":"EntryPoint","urlTemplate":"https:\/\/www.amuz.krakow.pl\/?s={search_term_string}"},"query-input":{"@type":"PropertyValueSpecification","valueRequired":true,"valueName":"search_term_string"}}],"inLanguage":"en-US"},{"@type":"Organization","@id":"https:\/\/www.amuz.krakow.pl\/#organization","name":"Akademia Muzyczna im. Krzysztofa Pendereckiego w Krakowie","alternateName":"AMKP","url":"https:\/\/www.amuz.krakow.pl\/","logo":{"@type":"ImageObject","inLanguage":"en-US","@id":"https:\/\/www.amuz.krakow.pl\/#\/schema\/logo\/image\/","url":"https:\/\/www.amuz.krakow.pl\/wp-content\/uploads\/2021\/11\/amkp.jpg","contentUrl":"https:\/\/www.amuz.krakow.pl\/wp-content\/uploads\/2021\/11\/amkp.jpg","width":1193,"height":591,"caption":"Akademia Muzyczna im. Krzysztofa Pendereckiego w Krakowie"},"image":{"@id":"https:\/\/www.amuz.krakow.pl\/#\/schema\/logo\/image\/"},"sameAs":["https:\/\/www.facebook.com\/amuz.krakow","https:\/\/www.instagram.com\/amkpenderecki\/","https:\/\/www.youtube.com\/@amkpenderecki4806"]}]}},"_links":{"self":[{"href":"https:\/\/www.amuz.krakow.pl\/en\/wp-json\/wp\/v2\/pages\/228","targetHints":{"allow":["GET"]}}],"collection":[{"href":"https:\/\/www.amuz.krakow.pl\/en\/wp-json\/wp\/v2\/pages"}],"about":[{"href":"https:\/\/www.amuz.krakow.pl\/en\/wp-json\/wp\/v2\/types\/page"}],"author":[{"embeddable":true,"href":"https:\/\/www.amuz.krakow.pl\/en\/wp-json\/wp\/v2\/users\/72"}],"replies":[{"embeddable":true,"href":"https:\/\/www.amuz.krakow.pl\/en\/wp-json\/wp\/v2\/comments?post=228"}],"version-history":[{"count":13,"href":"https:\/\/www.amuz.krakow.pl\/en\/wp-json\/wp\/v2\/pages\/228\/revisions"}],"predecessor-version":[{"id":90930,"href":"https:\/\/www.amuz.krakow.pl\/en\/wp-json\/wp\/v2\/pages\/228\/revisions\/90930"}],"up":[{"embeddable":true,"href":"https:\/\/www.amuz.krakow.pl\/en\/wp-json\/wp\/v2\/pages\/226"}],"wp:attachment":[{"href":"https:\/\/www.amuz.krakow.pl\/en\/wp-json\/wp\/v2\/media?parent=228"}],"curies":[{"name":"wp","href":"https:\/\/api.w.org\/{rel}","templated":true}]}}