{"id":2266,"date":"2016-02-16T23:58:41","date_gmt":"2016-02-16T22:58:41","guid":{"rendered":"http:\/\/strony.amuz.krakow.pl\/?page_id=2266"},"modified":"2025-12-09T12:27:23","modified_gmt":"2025-12-09T11:27:23","slug":"dr-hab-tadeusz-tomaszewski","status":"publish","type":"page","link":"https:\/\/www.amuz.krakow.pl\/en\/wydzialy\/wydzial-ii-instrumentalny\/katedra-instrumentow-detych-i-akordeonu\/zaklad-instrumentow-detych-blaszanych\/dr-hab-tadeusz-tomaszewski\/","title":{"rendered":"dr hab. Tadeusz Tomaszewski, prof. AMKP"},"content":{"rendered":"<p><figure id=\"attachment_45367\" aria-describedby=\"caption-attachment-45367\" style=\"width: 200px\" class=\"wp-caption alignleft\"><a href=\"https:\/\/www.amuz.krakow.pl\/wydzialy\/wydzial-ii-instrumentalny\/katedra-instrumentow-detych-blaszanych\/pracownicy-katedry\/dr-hab-tadeusz-tomaszewski\/tadeusz-tomaszewski-2\/\" rel=\"attachment wp-att-45367\"><img loading=\"lazy\" decoding=\"async\" class=\"size-medium wp-image-45367\" src=\"https:\/\/www.amuz.krakow.pl\/wp-content\/uploads\/2020\/12\/Tadeusz-Tomaszewski-200x300.jpg\" alt=\"\" width=\"200\" height=\"300\" srcset=\"https:\/\/www.amuz.krakow.pl\/wp-content\/uploads\/2020\/12\/Tadeusz-Tomaszewski-200x300.jpg 200w, https:\/\/www.amuz.krakow.pl\/wp-content\/uploads\/2020\/12\/Tadeusz-Tomaszewski-scaled.jpg 1365w, https:\/\/www.amuz.krakow.pl\/wp-content\/uploads\/2020\/12\/Tadeusz-Tomaszewski-768x1152.jpg 768w, https:\/\/www.amuz.krakow.pl\/wp-content\/uploads\/2020\/12\/Tadeusz-Tomaszewski-1024x1536.jpg 1024w\" sizes=\"auto, (max-width: 200px) 100vw, 200px\" \/><\/a><figcaption id=\"caption-attachment-45367\" class=\"wp-caption-text\">photo by Dariusz Rok<\/figcaption><\/figure><\/p>\n<p style=\"text-align: justify;\">Born 1976, french horn player . He graduated from S. Moniuszko music<br \/>\nschool and K. Szymanowski music school in Katowice. As a secondary school student he was being awarded at many reviews and wind instrument competitions \u2013 in Cz\u0119stochowa and Opole, among others. As a member of a wind quintet he placed 2nd in the Chamber Music Competition in Wroc\u0142aw in 1992.<br \/>\nIn 1994 he won 3rd prize at the 1st National Young French Horn Players<br \/>\nFestival in \u0141\u00f3d\u017a. In 1995 he participated in musical workshops at the International French Horn Festival in Budapest. While at the Academy of Music in Krak\u00f3w, he participated in the courses held as part of the<br \/>\nInternational Bach Academy, hosted by H. Rilling in Stuttgart and in<br \/>\nworkshops dedicated to chamber and orchestral music in Sweden. In 1998, as a member of a wind quintet, he won 3rd prize at the International K. Bacewicz Chamber Music Competition and 2nd prize at the 2nd National Young French Horn Players Festival in \u0141\u00f3d\u017a. He also received the Minister of Culture and Art scholarship. In 2000 he graduated from the Academy of Music in Krak\u00f3w, where he was in the class of senior lecturer Kazimierz Pamu\u0142a. He worked with the Capella Cracoviensis, Sinfonietta Cracovia and Sinfonia Varsovia orchestras. He is currently employed in the National Polish Radio Symphonic Orchestra in Katowice as first French and is a member of the Krak\u00f3w Wind Quintet and Silesian Trio He is an active teacher. In the years of 2003-2006 he was a French horn teacher in the Stanis\u0142aw Moniuszko General Primary and Secondary State Music School in Bielsko-Bia\u0142a. Since 2012 he has been a teacher at the Academy of Music in Krak\u00f3w, where he achieved title Habilitated Doctor of Musical Arts in 2019 and in 2020 took the position of university professor AMKP.<\/p>\n<p><a href=\"mailto:tadeusz.tomaszewski@amuz.krakow.pl\">tadeusz.tomaszewski@amuz.krakow.pl<\/a><\/p>","protected":false},"excerpt":{"rendered":"<p>Born 1976, french horn player . He graduated from S. Moniuszko music school and K. Szymanowski music school in Katowice. As a secondary school student he was being awarded at&hellip; <a href=\"https:\/\/www.amuz.krakow.pl\/en\/wydzialy\/wydzial-ii-instrumentalny\/katedra-instrumentow-detych-i-akordeonu\/zaklad-instrumentow-detych-blaszanych\/dr-hab-tadeusz-tomaszewski\/\">Continue reading<\/a><\/p>\n","protected":false},"author":72,"featured_media":0,"parent":878,"menu_order":40,"comment_status":"closed","ping_status":"closed","template":"","meta":{"footnotes":"","_links_to":"","_links_to_target":""},"class_list":["post-2266","page","type-page","status-publish","hentry"],"yoast_head":"<!-- This site is optimized with the Yoast SEO plugin v27.2 - https:\/\/yoast.com\/product\/yoast-seo-wordpress\/ -->\n<title>AMKP - Akademia Muzyczna im. Krzysztofa Pendereckiego w Krakowie<\/title>\n<meta name=\"robots\" content=\"index, follow, max-snippet:-1, max-image-preview:large, max-video-preview:-1\" \/>\n<link rel=\"canonical\" href=\"https:\/\/www.amuz.krakow.pl\/wydzialy\/wydzial-ii-instrumentalny\/katedra-instrumentow-detych-i-akordeonu\/zaklad-instrumentow-detych-blaszanych\/dr-hab-tadeusz-tomaszewski\/\" \/>\n<meta property=\"og:locale\" content=\"en_US\" \/>\n<meta property=\"og:type\" content=\"article\" \/>\n<meta property=\"og:title\" content=\"AMKP - Akademia Muzyczna im. Krzysztofa Pendereckiego w Krakowie\" \/>\n<meta property=\"og:description\" content=\"Born 1976, french horn player . He graduated from S. Moniuszko music school and K. Szymanowski music school in Katowice. As a secondary school student he was being awarded at&hellip; Continue reading\" \/>\n<meta property=\"og:url\" content=\"https:\/\/www.amuz.krakow.pl\/wydzialy\/wydzial-ii-instrumentalny\/katedra-instrumentow-detych-i-akordeonu\/zaklad-instrumentow-detych-blaszanych\/dr-hab-tadeusz-tomaszewski\/\" \/>\n<meta property=\"og:site_name\" content=\"Akademia Muzyczna im. Krzysztofa Pendereckiego w Krakowie\" \/>\n<meta property=\"article:publisher\" content=\"https:\/\/www.facebook.com\/amuz.krakow\" \/>\n<meta property=\"article:modified_time\" content=\"2025-12-09T11:27:23+00:00\" \/>\n<meta property=\"og:image\" content=\"https:\/\/www.amuz.krakow.pl\/wp-content\/uploads\/2020\/12\/Tadeusz-Tomaszewski-scaled.jpg\" \/>\n\t<meta property=\"og:image:width\" content=\"1365\" \/>\n\t<meta property=\"og:image:height\" content=\"2048\" \/>\n\t<meta property=\"og:image:type\" content=\"image\/jpeg\" \/>\n<meta name=\"twitter:card\" content=\"summary_large_image\" \/>\n<meta name=\"twitter:label1\" content=\"Est. reading time\" \/>\n\t<meta name=\"twitter:data1\" content=\"2 minutes\" \/>\n<script type=\"application\/ld+json\" class=\"yoast-schema-graph\">{\"@context\":\"https:\/\/schema.org\",\"@graph\":[{\"@type\":\"WebPage\",\"@id\":\"https:\/\/www.amuz.krakow.pl\/wydzialy\/wydzial-ii-instrumentalny\/katedra-instrumentow-detych-i-akordeonu\/zaklad-instrumentow-detych-blaszanych\/dr-hab-tadeusz-tomaszewski\/\",\"url\":\"https:\/\/www.amuz.krakow.pl\/wydzialy\/wydzial-ii-instrumentalny\/katedra-instrumentow-detych-i-akordeonu\/zaklad-instrumentow-detych-blaszanych\/dr-hab-tadeusz-tomaszewski\/\",\"name\":\"AMKP - Akademia Muzyczna im. Krzysztofa Pendereckiego w Krakowie\",\"isPartOf\":{\"@id\":\"https:\/\/www.amuz.krakow.pl\/#website\"},\"primaryImageOfPage\":{\"@id\":\"https:\/\/www.amuz.krakow.pl\/wydzialy\/wydzial-ii-instrumentalny\/katedra-instrumentow-detych-i-akordeonu\/zaklad-instrumentow-detych-blaszanych\/dr-hab-tadeusz-tomaszewski\/#primaryimage\"},\"image\":{\"@id\":\"https:\/\/www.amuz.krakow.pl\/wydzialy\/wydzial-ii-instrumentalny\/katedra-instrumentow-detych-i-akordeonu\/zaklad-instrumentow-detych-blaszanych\/dr-hab-tadeusz-tomaszewski\/#primaryimage\"},\"thumbnailUrl\":\"https:\/\/www.amuz.krakow.pl\/wp-content\/uploads\/2020\/12\/Tadeusz-Tomaszewski-200x300.jpg\",\"datePublished\":\"2016-02-16T22:58:41+00:00\",\"dateModified\":\"2025-12-09T11:27:23+00:00\",\"breadcrumb\":{\"@id\":\"https:\/\/www.amuz.krakow.pl\/wydzialy\/wydzial-ii-instrumentalny\/katedra-instrumentow-detych-i-akordeonu\/zaklad-instrumentow-detych-blaszanych\/dr-hab-tadeusz-tomaszewski\/#breadcrumb\"},\"inLanguage\":\"en-US\",\"potentialAction\":[{\"@type\":\"ReadAction\",\"target\":[\"https:\/\/www.amuz.krakow.pl\/wydzialy\/wydzial-ii-instrumentalny\/katedra-instrumentow-detych-i-akordeonu\/zaklad-instrumentow-detych-blaszanych\/dr-hab-tadeusz-tomaszewski\/\"]}]},{\"@type\":\"ImageObject\",\"inLanguage\":\"en-US\",\"@id\":\"https:\/\/www.amuz.krakow.pl\/wydzialy\/wydzial-ii-instrumentalny\/katedra-instrumentow-detych-i-akordeonu\/zaklad-instrumentow-detych-blaszanych\/dr-hab-tadeusz-tomaszewski\/#primaryimage\",\"url\":\"https:\/\/www.amuz.krakow.pl\/wp-content\/uploads\/2020\/12\/Tadeusz-Tomaszewski-200x300.jpg\",\"contentUrl\":\"https:\/\/www.amuz.krakow.pl\/wp-content\/uploads\/2020\/12\/Tadeusz-Tomaszewski-200x300.jpg\"},{\"@type\":\"BreadcrumbList\",\"@id\":\"https:\/\/www.amuz.krakow.pl\/wydzialy\/wydzial-ii-instrumentalny\/katedra-instrumentow-detych-i-akordeonu\/zaklad-instrumentow-detych-blaszanych\/dr-hab-tadeusz-tomaszewski\/#breadcrumb\",\"itemListElement\":[{\"@type\":\"ListItem\",\"position\":1,\"name\":\"Strona g\u0142\u00f3wna\",\"item\":\"https:\/\/www.amuz.krakow.pl\/\"},{\"@type\":\"ListItem\",\"position\":2,\"name\":\"WYDZIA\u0141Y\",\"item\":\"https:\/\/www.amuz.krakow.pl\/wydzialy\/\"},{\"@type\":\"ListItem\",\"position\":3,\"name\":\"Wydzia\u0142 Instrumentalny\",\"item\":\"https:\/\/www.amuz.krakow.pl\/wydzialy\/wydzial-ii-instrumentalny\/\"},{\"@type\":\"ListItem\",\"position\":4,\"name\":\"Katedra Instrument\u00f3w D\u0119tych i Akordeonu\",\"item\":\"https:\/\/www.amuz.krakow.pl\/wydzialy\/wydzial-ii-instrumentalny\/katedra-instrumentow-detych-i-akordeonu\/\"},{\"@type\":\"ListItem\",\"position\":5,\"name\":\"Zak\u0142ad Instrument\u00f3w D\u0119tych Blaszanych\",\"item\":\"https:\/\/www.amuz.krakow.pl\/wydzialy\/wydzial-ii-instrumentalny\/katedra-instrumentow-detych-i-akordeonu\/zaklad-instrumentow-detych-blaszanych\/\"},{\"@type\":\"ListItem\",\"position\":6,\"name\":\"dr hab. Tadeusz Tomaszewski, prof. AMKP\"}]},{\"@type\":\"WebSite\",\"@id\":\"https:\/\/www.amuz.krakow.pl\/#website\",\"url\":\"https:\/\/www.amuz.krakow.pl\/\",\"name\":\"Akademia Muzyczna im. Krzysztofa Pendereckiego w Krakowie\",\"description\":\"Oficjalna strona Akademii Muzycznej im. Krzysztofa Pendereckiego w Krakowie (AMKP).\",\"publisher\":{\"@id\":\"https:\/\/www.amuz.krakow.pl\/#organization\"},\"alternateName\":\"AMKP\",\"potentialAction\":[{\"@type\":\"SearchAction\",\"target\":{\"@type\":\"EntryPoint\",\"urlTemplate\":\"https:\/\/www.amuz.krakow.pl\/?s={search_term_string}\"},\"query-input\":{\"@type\":\"PropertyValueSpecification\",\"valueRequired\":true,\"valueName\":\"search_term_string\"}}],\"inLanguage\":\"en-US\"},{\"@type\":\"Organization\",\"@id\":\"https:\/\/www.amuz.krakow.pl\/#organization\",\"name\":\"Akademia Muzyczna im. Krzysztofa Pendereckiego w Krakowie\",\"alternateName\":\"AMKP\",\"url\":\"https:\/\/www.amuz.krakow.pl\/\",\"logo\":{\"@type\":\"ImageObject\",\"inLanguage\":\"en-US\",\"@id\":\"https:\/\/www.amuz.krakow.pl\/#\/schema\/logo\/image\/\",\"url\":\"https:\/\/www.amuz.krakow.pl\/wp-content\/uploads\/2021\/11\/amkp.jpg\",\"contentUrl\":\"https:\/\/www.amuz.krakow.pl\/wp-content\/uploads\/2021\/11\/amkp.jpg\",\"width\":1193,\"height\":591,\"caption\":\"Akademia Muzyczna im. Krzysztofa Pendereckiego w Krakowie\"},\"image\":{\"@id\":\"https:\/\/www.amuz.krakow.pl\/#\/schema\/logo\/image\/\"},\"sameAs\":[\"https:\/\/www.facebook.com\/amuz.krakow\",\"https:\/\/www.instagram.com\/amkpenderecki\/\",\"https:\/\/www.youtube.com\/@amkpenderecki4806\"]}]}<\/script>\n<!-- \/ Yoast SEO plugin. -->","yoast_head_json":{"title":"AMKP - Akademia Muzyczna im. Krzysztofa Pendereckiego w Krakowie","robots":{"index":"index","follow":"follow","max-snippet":"max-snippet:-1","max-image-preview":"max-image-preview:large","max-video-preview":"max-video-preview:-1"},"canonical":"https:\/\/www.amuz.krakow.pl\/wydzialy\/wydzial-ii-instrumentalny\/katedra-instrumentow-detych-i-akordeonu\/zaklad-instrumentow-detych-blaszanych\/dr-hab-tadeusz-tomaszewski\/","og_locale":"en_US","og_type":"article","og_title":"AMKP - Akademia Muzyczna im. Krzysztofa Pendereckiego w Krakowie","og_description":"Born 1976, french horn player . He graduated from S. Moniuszko music school and K. Szymanowski music school in Katowice. As a secondary school student he was being awarded at&hellip; Continue reading","og_url":"https:\/\/www.amuz.krakow.pl\/wydzialy\/wydzial-ii-instrumentalny\/katedra-instrumentow-detych-i-akordeonu\/zaklad-instrumentow-detych-blaszanych\/dr-hab-tadeusz-tomaszewski\/","og_site_name":"Akademia Muzyczna im. Krzysztofa Pendereckiego w Krakowie","article_publisher":"https:\/\/www.facebook.com\/amuz.krakow","article_modified_time":"2025-12-09T11:27:23+00:00","og_image":[{"width":1365,"height":2048,"url":"https:\/\/www.amuz.krakow.pl\/wp-content\/uploads\/2020\/12\/Tadeusz-Tomaszewski-scaled.jpg","type":"image\/jpeg"}],"twitter_card":"summary_large_image","twitter_misc":{"Est. reading time":"2 minutes"},"schema":{"@context":"https:\/\/schema.org","@graph":[{"@type":"WebPage","@id":"https:\/\/www.amuz.krakow.pl\/wydzialy\/wydzial-ii-instrumentalny\/katedra-instrumentow-detych-i-akordeonu\/zaklad-instrumentow-detych-blaszanych\/dr-hab-tadeusz-tomaszewski\/","url":"https:\/\/www.amuz.krakow.pl\/wydzialy\/wydzial-ii-instrumentalny\/katedra-instrumentow-detych-i-akordeonu\/zaklad-instrumentow-detych-blaszanych\/dr-hab-tadeusz-tomaszewski\/","name":"AMKP - Akademia Muzyczna im. Krzysztofa Pendereckiego w Krakowie","isPartOf":{"@id":"https:\/\/www.amuz.krakow.pl\/#website"},"primaryImageOfPage":{"@id":"https:\/\/www.amuz.krakow.pl\/wydzialy\/wydzial-ii-instrumentalny\/katedra-instrumentow-detych-i-akordeonu\/zaklad-instrumentow-detych-blaszanych\/dr-hab-tadeusz-tomaszewski\/#primaryimage"},"image":{"@id":"https:\/\/www.amuz.krakow.pl\/wydzialy\/wydzial-ii-instrumentalny\/katedra-instrumentow-detych-i-akordeonu\/zaklad-instrumentow-detych-blaszanych\/dr-hab-tadeusz-tomaszewski\/#primaryimage"},"thumbnailUrl":"https:\/\/www.amuz.krakow.pl\/wp-content\/uploads\/2020\/12\/Tadeusz-Tomaszewski-200x300.jpg","datePublished":"2016-02-16T22:58:41+00:00","dateModified":"2025-12-09T11:27:23+00:00","breadcrumb":{"@id":"https:\/\/www.amuz.krakow.pl\/wydzialy\/wydzial-ii-instrumentalny\/katedra-instrumentow-detych-i-akordeonu\/zaklad-instrumentow-detych-blaszanych\/dr-hab-tadeusz-tomaszewski\/#breadcrumb"},"inLanguage":"en-US","potentialAction":[{"@type":"ReadAction","target":["https:\/\/www.amuz.krakow.pl\/wydzialy\/wydzial-ii-instrumentalny\/katedra-instrumentow-detych-i-akordeonu\/zaklad-instrumentow-detych-blaszanych\/dr-hab-tadeusz-tomaszewski\/"]}]},{"@type":"ImageObject","inLanguage":"en-US","@id":"https:\/\/www.amuz.krakow.pl\/wydzialy\/wydzial-ii-instrumentalny\/katedra-instrumentow-detych-i-akordeonu\/zaklad-instrumentow-detych-blaszanych\/dr-hab-tadeusz-tomaszewski\/#primaryimage","url":"https:\/\/www.amuz.krakow.pl\/wp-content\/uploads\/2020\/12\/Tadeusz-Tomaszewski-200x300.jpg","contentUrl":"https:\/\/www.amuz.krakow.pl\/wp-content\/uploads\/2020\/12\/Tadeusz-Tomaszewski-200x300.jpg"},{"@type":"BreadcrumbList","@id":"https:\/\/www.amuz.krakow.pl\/wydzialy\/wydzial-ii-instrumentalny\/katedra-instrumentow-detych-i-akordeonu\/zaklad-instrumentow-detych-blaszanych\/dr-hab-tadeusz-tomaszewski\/#breadcrumb","itemListElement":[{"@type":"ListItem","position":1,"name":"Strona g\u0142\u00f3wna","item":"https:\/\/www.amuz.krakow.pl\/"},{"@type":"ListItem","position":2,"name":"WYDZIA\u0141Y","item":"https:\/\/www.amuz.krakow.pl\/wydzialy\/"},{"@type":"ListItem","position":3,"name":"Wydzia\u0142 Instrumentalny","item":"https:\/\/www.amuz.krakow.pl\/wydzialy\/wydzial-ii-instrumentalny\/"},{"@type":"ListItem","position":4,"name":"Katedra Instrument\u00f3w D\u0119tych i Akordeonu","item":"https:\/\/www.amuz.krakow.pl\/wydzialy\/wydzial-ii-instrumentalny\/katedra-instrumentow-detych-i-akordeonu\/"},{"@type":"ListItem","position":5,"name":"Zak\u0142ad Instrument\u00f3w D\u0119tych Blaszanych","item":"https:\/\/www.amuz.krakow.pl\/wydzialy\/wydzial-ii-instrumentalny\/katedra-instrumentow-detych-i-akordeonu\/zaklad-instrumentow-detych-blaszanych\/"},{"@type":"ListItem","position":6,"name":"dr hab. Tadeusz Tomaszewski, prof. AMKP"}]},{"@type":"WebSite","@id":"https:\/\/www.amuz.krakow.pl\/#website","url":"https:\/\/www.amuz.krakow.pl\/","name":"Akademia Muzyczna im. Krzysztofa Pendereckiego w Krakowie","description":"Oficjalna strona Akademii Muzycznej im. Krzysztofa Pendereckiego w Krakowie (AMKP).","publisher":{"@id":"https:\/\/www.amuz.krakow.pl\/#organization"},"alternateName":"AMKP","potentialAction":[{"@type":"SearchAction","target":{"@type":"EntryPoint","urlTemplate":"https:\/\/www.amuz.krakow.pl\/?s={search_term_string}"},"query-input":{"@type":"PropertyValueSpecification","valueRequired":true,"valueName":"search_term_string"}}],"inLanguage":"en-US"},{"@type":"Organization","@id":"https:\/\/www.amuz.krakow.pl\/#organization","name":"Akademia Muzyczna im. Krzysztofa Pendereckiego w Krakowie","alternateName":"AMKP","url":"https:\/\/www.amuz.krakow.pl\/","logo":{"@type":"ImageObject","inLanguage":"en-US","@id":"https:\/\/www.amuz.krakow.pl\/#\/schema\/logo\/image\/","url":"https:\/\/www.amuz.krakow.pl\/wp-content\/uploads\/2021\/11\/amkp.jpg","contentUrl":"https:\/\/www.amuz.krakow.pl\/wp-content\/uploads\/2021\/11\/amkp.jpg","width":1193,"height":591,"caption":"Akademia Muzyczna im. Krzysztofa Pendereckiego w Krakowie"},"image":{"@id":"https:\/\/www.amuz.krakow.pl\/#\/schema\/logo\/image\/"},"sameAs":["https:\/\/www.facebook.com\/amuz.krakow","https:\/\/www.instagram.com\/amkpenderecki\/","https:\/\/www.youtube.com\/@amkpenderecki4806"]}]}},"_links":{"self":[{"href":"https:\/\/www.amuz.krakow.pl\/en\/wp-json\/wp\/v2\/pages\/2266","targetHints":{"allow":["GET"]}}],"collection":[{"href":"https:\/\/www.amuz.krakow.pl\/en\/wp-json\/wp\/v2\/pages"}],"about":[{"href":"https:\/\/www.amuz.krakow.pl\/en\/wp-json\/wp\/v2\/types\/page"}],"author":[{"embeddable":true,"href":"https:\/\/www.amuz.krakow.pl\/en\/wp-json\/wp\/v2\/users\/72"}],"replies":[{"embeddable":true,"href":"https:\/\/www.amuz.krakow.pl\/en\/wp-json\/wp\/v2\/comments?post=2266"}],"version-history":[{"count":9,"href":"https:\/\/www.amuz.krakow.pl\/en\/wp-json\/wp\/v2\/pages\/2266\/revisions"}],"predecessor-version":[{"id":111600,"href":"https:\/\/www.amuz.krakow.pl\/en\/wp-json\/wp\/v2\/pages\/2266\/revisions\/111600"}],"up":[{"embeddable":true,"href":"https:\/\/www.amuz.krakow.pl\/en\/wp-json\/wp\/v2\/pages\/878"}],"wp:attachment":[{"href":"https:\/\/www.amuz.krakow.pl\/en\/wp-json\/wp\/v2\/media?parent=2266"}],"curies":[{"name":"wp","href":"https:\/\/api.w.org\/{rel}","templated":true}]}}