{"id":2256,"date":"2016-02-16T23:55:49","date_gmt":"2016-02-16T22:55:49","guid":{"rendered":"http:\/\/strony.amuz.krakow.pl\/?page_id=2256"},"modified":"2026-02-16T10:56:47","modified_gmt":"2026-02-16T09:56:47","slug":"dr-hab-zdzislaw-stolarczyk","status":"publish","type":"page","link":"https:\/\/www.amuz.krakow.pl\/en\/wydzialy\/wydzial-ii-instrumentalny\/katedra-instrumentow-detych-i-akordeonu\/zaklad-kameralistyki-instrumentow-detych\/dr-hab-zdzislaw-stolarczyk\/","title":{"rendered":"prof. dr hab. Zdzis\u0142aw Stolarczyk"},"content":{"rendered":"<p><figure id=\"attachment_42834\" aria-describedby=\"caption-attachment-42834\" style=\"width: 200px\" class=\"wp-caption alignleft\"><a href=\"https:\/\/www.amuz.krakow.pl\/wydzialy\/wydzial-ii-instrumentalny\/katedra-instrumentow-detych-blaszanych\/pracownicy-katedry\/dr-hab-zdzislaw-stolarczyk\/stolarczyk-zdzislaw\/\" rel=\"attachment wp-att-42834\"><img loading=\"lazy\" decoding=\"async\" class=\"wp-image-42834 size-medium\" src=\"https:\/\/www.amuz.krakow.pl\/wp-content\/uploads\/2020\/10\/Stolarczyk-Zdzislaw-200x300.jpg\" alt=\"\" width=\"200\" height=\"300\" srcset=\"https:\/\/www.amuz.krakow.pl\/wp-content\/uploads\/2020\/10\/Stolarczyk-Zdzislaw-200x300.jpg 200w, https:\/\/www.amuz.krakow.pl\/wp-content\/uploads\/2020\/10\/Stolarczyk-Zdzislaw-scaled.jpg 1365w, https:\/\/www.amuz.krakow.pl\/wp-content\/uploads\/2020\/10\/Stolarczyk-Zdzislaw-768x1152.jpg 768w, https:\/\/www.amuz.krakow.pl\/wp-content\/uploads\/2020\/10\/Stolarczyk-Zdzislaw-1024x1536.jpg 1024w\" sizes=\"auto, (max-width: 200px) 100vw, 200px\" \/><\/a><figcaption id=\"caption-attachment-42834\" class=\"wp-caption-text\">photo private archive<\/figcaption><\/figure><\/p>\n<p style=\"text-align: justify;\">Graduated from the Academy of Music in Katowice (1981), in the class of trombone of Prof. Roman Siwek. In 1978 he won the 1st prize at the National Competition for Young Trombone Players in Pabianice. In 1979 he joined the National Polish Radio Symphony Orchestra in Katowice as bass trombone player, he cooperates with orchestras such as: the National Philharmonics, Sinfonia Varsovia, Sinfonietta Cracovia. As an orchestral musician he performed in the most renown music halls of the world under the baton of conductors such as: C. Abbado, L. Bernstein, G. Chmura, Sir Ch. Groves, K. Kord, K. Masur, L. Maazel, M.Rostropovich, S. Skrowaczewski, J. Semkow, A. Wit. As a soloist and chamber musician he gives concerts in Poland and abroad (Cuba, Germany, the Czech Republic). Among his most important performances were appearances at the World Festival of Youth and Students in Havana, Warsaw Autumn Festival, Trombone Festival in Warsaw and the International Brass Instruments Competition in Gda\u0144sk. He is frequently invited as member of the jury panel for national and international wind instruments competitions (Gda\u0144sk, Brno, Czerniowce). Consultant of the Centre of Artistic Education and expert of the Ministry of Education and Sport in the field of teachers\u2019 professional promotion. Founder and head of the Polish Trombone Society (2005) as well as member of the International Trombone Association. He is assistant professor at the Academy of Music in Krak\u00f3w (since 1998) and teaches trombone at the State Music School in Bielsko-Bia\u0142a (since 1985).<\/p>\n<p><a href=\"mailto:zdzislaw.stolarczyk@amuz.krakow.pl\">zdzislaw.stolarczyk@amuz.krakow.pl<\/a><\/p>","protected":false},"excerpt":{"rendered":"<p>Graduated from the Academy of Music in Katowice (1981), in the class of trombone of Prof. Roman Siwek. In 1978 he won the 1st prize at the National Competition for&hellip; <a href=\"https:\/\/www.amuz.krakow.pl\/en\/wydzialy\/wydzial-ii-instrumentalny\/katedra-instrumentow-detych-i-akordeonu\/zaklad-kameralistyki-instrumentow-detych\/dr-hab-zdzislaw-stolarczyk\/\">Continue reading<\/a><\/p>\n","protected":false},"author":72,"featured_media":84127,"parent":96587,"menu_order":5,"comment_status":"closed","ping_status":"closed","template":"","meta":{"footnotes":"","_links_to":"","_links_to_target":""},"class_list":["post-2256","page","type-page","status-publish","has-post-thumbnail","hentry"],"yoast_head":"<!-- This site is optimized with the Yoast SEO plugin v27.2 - https:\/\/yoast.com\/product\/yoast-seo-wordpress\/ -->\n<title>AMKP - Akademia Muzyczna im. Krzysztofa Pendereckiego w Krakowie<\/title>\n<meta name=\"robots\" content=\"index, follow, max-snippet:-1, max-image-preview:large, max-video-preview:-1\" \/>\n<link rel=\"canonical\" href=\"https:\/\/www.amuz.krakow.pl\/wydzialy\/wydzial-ii-instrumentalny\/katedra-instrumentow-detych-i-akordeonu\/zaklad-kameralistyki-instrumentow-detych\/dr-hab-zdzislaw-stolarczyk\/\" \/>\n<meta property=\"og:locale\" content=\"en_US\" \/>\n<meta property=\"og:type\" content=\"article\" \/>\n<meta property=\"og:title\" content=\"AMKP - Akademia Muzyczna im. Krzysztofa Pendereckiego w Krakowie\" \/>\n<meta property=\"og:description\" content=\"Graduated from the Academy of Music in Katowice (1981), in the class of trombone of Prof. Roman Siwek. In 1978 he won the 1st prize at the National Competition for&hellip; Continue reading\" \/>\n<meta property=\"og:url\" content=\"https:\/\/www.amuz.krakow.pl\/wydzialy\/wydzial-ii-instrumentalny\/katedra-instrumentow-detych-i-akordeonu\/zaklad-kameralistyki-instrumentow-detych\/dr-hab-zdzislaw-stolarczyk\/\" \/>\n<meta property=\"og:site_name\" content=\"Akademia Muzyczna im. Krzysztofa Pendereckiego w Krakowie\" \/>\n<meta property=\"article:publisher\" content=\"https:\/\/www.facebook.com\/amuz.krakow\" \/>\n<meta property=\"article:modified_time\" content=\"2026-02-16T09:56:47+00:00\" \/>\n<meta property=\"og:image\" content=\"https:\/\/www.amuz.krakow.pl\/wp-content\/uploads\/2024\/03\/Stolarczyk-Zdzislaw_kafel-scaled.jpg\" \/>\n\t<meta property=\"og:image:width\" content=\"2048\" \/>\n\t<meta property=\"og:image:height\" content=\"1024\" \/>\n\t<meta property=\"og:image:type\" content=\"image\/jpeg\" \/>\n<meta name=\"twitter:card\" content=\"summary_large_image\" \/>\n<meta name=\"twitter:label1\" content=\"Est. reading time\" \/>\n\t<meta name=\"twitter:data1\" content=\"3 minutes\" \/>\n<script type=\"application\/ld+json\" class=\"yoast-schema-graph\">{\"@context\":\"https:\/\/schema.org\",\"@graph\":[{\"@type\":\"WebPage\",\"@id\":\"https:\/\/www.amuz.krakow.pl\/wydzialy\/wydzial-ii-instrumentalny\/katedra-instrumentow-detych-i-akordeonu\/zaklad-kameralistyki-instrumentow-detych\/dr-hab-zdzislaw-stolarczyk\/\",\"url\":\"https:\/\/www.amuz.krakow.pl\/wydzialy\/wydzial-ii-instrumentalny\/katedra-instrumentow-detych-i-akordeonu\/zaklad-kameralistyki-instrumentow-detych\/dr-hab-zdzislaw-stolarczyk\/\",\"name\":\"AMKP - Akademia Muzyczna im. Krzysztofa Pendereckiego w Krakowie\",\"isPartOf\":{\"@id\":\"https:\/\/www.amuz.krakow.pl\/#website\"},\"primaryImageOfPage\":{\"@id\":\"https:\/\/www.amuz.krakow.pl\/wydzialy\/wydzial-ii-instrumentalny\/katedra-instrumentow-detych-i-akordeonu\/zaklad-kameralistyki-instrumentow-detych\/dr-hab-zdzislaw-stolarczyk\/#primaryimage\"},\"image\":{\"@id\":\"https:\/\/www.amuz.krakow.pl\/wydzialy\/wydzial-ii-instrumentalny\/katedra-instrumentow-detych-i-akordeonu\/zaklad-kameralistyki-instrumentow-detych\/dr-hab-zdzislaw-stolarczyk\/#primaryimage\"},\"thumbnailUrl\":\"https:\/\/www.amuz.krakow.pl\/wp-content\/uploads\/2024\/03\/Stolarczyk-Zdzislaw_kafel-scaled.jpg\",\"datePublished\":\"2016-02-16T22:55:49+00:00\",\"dateModified\":\"2026-02-16T09:56:47+00:00\",\"breadcrumb\":{\"@id\":\"https:\/\/www.amuz.krakow.pl\/wydzialy\/wydzial-ii-instrumentalny\/katedra-instrumentow-detych-i-akordeonu\/zaklad-kameralistyki-instrumentow-detych\/dr-hab-zdzislaw-stolarczyk\/#breadcrumb\"},\"inLanguage\":\"en-US\",\"potentialAction\":[{\"@type\":\"ReadAction\",\"target\":[\"https:\/\/www.amuz.krakow.pl\/wydzialy\/wydzial-ii-instrumentalny\/katedra-instrumentow-detych-i-akordeonu\/zaklad-kameralistyki-instrumentow-detych\/dr-hab-zdzislaw-stolarczyk\/\"]}]},{\"@type\":\"ImageObject\",\"inLanguage\":\"en-US\",\"@id\":\"https:\/\/www.amuz.krakow.pl\/wydzialy\/wydzial-ii-instrumentalny\/katedra-instrumentow-detych-i-akordeonu\/zaklad-kameralistyki-instrumentow-detych\/dr-hab-zdzislaw-stolarczyk\/#primaryimage\",\"url\":\"https:\/\/www.amuz.krakow.pl\/wp-content\/uploads\/2024\/03\/Stolarczyk-Zdzislaw_kafel-scaled.jpg\",\"contentUrl\":\"https:\/\/www.amuz.krakow.pl\/wp-content\/uploads\/2024\/03\/Stolarczyk-Zdzislaw_kafel-scaled.jpg\",\"width\":2048,\"height\":1024},{\"@type\":\"BreadcrumbList\",\"@id\":\"https:\/\/www.amuz.krakow.pl\/wydzialy\/wydzial-ii-instrumentalny\/katedra-instrumentow-detych-i-akordeonu\/zaklad-kameralistyki-instrumentow-detych\/dr-hab-zdzislaw-stolarczyk\/#breadcrumb\",\"itemListElement\":[{\"@type\":\"ListItem\",\"position\":1,\"name\":\"Strona g\u0142\u00f3wna\",\"item\":\"https:\/\/www.amuz.krakow.pl\/\"},{\"@type\":\"ListItem\",\"position\":2,\"name\":\"WYDZIA\u0141Y\",\"item\":\"https:\/\/www.amuz.krakow.pl\/wydzialy\/\"},{\"@type\":\"ListItem\",\"position\":3,\"name\":\"Wydzia\u0142 Instrumentalny\",\"item\":\"https:\/\/www.amuz.krakow.pl\/wydzialy\/wydzial-ii-instrumentalny\/\"},{\"@type\":\"ListItem\",\"position\":4,\"name\":\"Katedra Instrument\u00f3w D\u0119tych i Akordeonu\",\"item\":\"https:\/\/www.amuz.krakow.pl\/wydzialy\/wydzial-ii-instrumentalny\/katedra-instrumentow-detych-i-akordeonu\/\"},{\"@type\":\"ListItem\",\"position\":5,\"name\":\"Zak\u0142ad Kameralistyki Instrument\u00f3w D\u0119tych\",\"item\":\"https:\/\/www.amuz.krakow.pl\/wydzialy\/wydzial-ii-instrumentalny\/katedra-instrumentow-detych-i-akordeonu\/zaklad-kameralistyki-instrumentow-detych\/\"},{\"@type\":\"ListItem\",\"position\":6,\"name\":\"prof. dr hab. Zdzis\u0142aw Stolarczyk\"}]},{\"@type\":\"WebSite\",\"@id\":\"https:\/\/www.amuz.krakow.pl\/#website\",\"url\":\"https:\/\/www.amuz.krakow.pl\/\",\"name\":\"Akademia Muzyczna im. Krzysztofa Pendereckiego w Krakowie\",\"description\":\"Oficjalna strona Akademii Muzycznej im. Krzysztofa Pendereckiego w Krakowie (AMKP).\",\"publisher\":{\"@id\":\"https:\/\/www.amuz.krakow.pl\/#organization\"},\"alternateName\":\"AMKP\",\"potentialAction\":[{\"@type\":\"SearchAction\",\"target\":{\"@type\":\"EntryPoint\",\"urlTemplate\":\"https:\/\/www.amuz.krakow.pl\/?s={search_term_string}\"},\"query-input\":{\"@type\":\"PropertyValueSpecification\",\"valueRequired\":true,\"valueName\":\"search_term_string\"}}],\"inLanguage\":\"en-US\"},{\"@type\":\"Organization\",\"@id\":\"https:\/\/www.amuz.krakow.pl\/#organization\",\"name\":\"Akademia Muzyczna im. Krzysztofa Pendereckiego w Krakowie\",\"alternateName\":\"AMKP\",\"url\":\"https:\/\/www.amuz.krakow.pl\/\",\"logo\":{\"@type\":\"ImageObject\",\"inLanguage\":\"en-US\",\"@id\":\"https:\/\/www.amuz.krakow.pl\/#\/schema\/logo\/image\/\",\"url\":\"https:\/\/www.amuz.krakow.pl\/wp-content\/uploads\/2021\/11\/amkp.jpg\",\"contentUrl\":\"https:\/\/www.amuz.krakow.pl\/wp-content\/uploads\/2021\/11\/amkp.jpg\",\"width\":1193,\"height\":591,\"caption\":\"Akademia Muzyczna im. Krzysztofa Pendereckiego w Krakowie\"},\"image\":{\"@id\":\"https:\/\/www.amuz.krakow.pl\/#\/schema\/logo\/image\/\"},\"sameAs\":[\"https:\/\/www.facebook.com\/amuz.krakow\",\"https:\/\/www.instagram.com\/amkpenderecki\/\",\"https:\/\/www.youtube.com\/@amkpenderecki4806\"]}]}<\/script>\n<!-- \/ Yoast SEO plugin. -->","yoast_head_json":{"title":"AMKP - Akademia Muzyczna im. Krzysztofa Pendereckiego w Krakowie","robots":{"index":"index","follow":"follow","max-snippet":"max-snippet:-1","max-image-preview":"max-image-preview:large","max-video-preview":"max-video-preview:-1"},"canonical":"https:\/\/www.amuz.krakow.pl\/wydzialy\/wydzial-ii-instrumentalny\/katedra-instrumentow-detych-i-akordeonu\/zaklad-kameralistyki-instrumentow-detych\/dr-hab-zdzislaw-stolarczyk\/","og_locale":"en_US","og_type":"article","og_title":"AMKP - Akademia Muzyczna im. Krzysztofa Pendereckiego w Krakowie","og_description":"Graduated from the Academy of Music in Katowice (1981), in the class of trombone of Prof. Roman Siwek. In 1978 he won the 1st prize at the National Competition for&hellip; Continue reading","og_url":"https:\/\/www.amuz.krakow.pl\/wydzialy\/wydzial-ii-instrumentalny\/katedra-instrumentow-detych-i-akordeonu\/zaklad-kameralistyki-instrumentow-detych\/dr-hab-zdzislaw-stolarczyk\/","og_site_name":"Akademia Muzyczna im. Krzysztofa Pendereckiego w Krakowie","article_publisher":"https:\/\/www.facebook.com\/amuz.krakow","article_modified_time":"2026-02-16T09:56:47+00:00","og_image":[{"width":2048,"height":1024,"url":"https:\/\/www.amuz.krakow.pl\/wp-content\/uploads\/2024\/03\/Stolarczyk-Zdzislaw_kafel-scaled.jpg","type":"image\/jpeg"}],"twitter_card":"summary_large_image","twitter_misc":{"Est. reading time":"3 minutes"},"schema":{"@context":"https:\/\/schema.org","@graph":[{"@type":"WebPage","@id":"https:\/\/www.amuz.krakow.pl\/wydzialy\/wydzial-ii-instrumentalny\/katedra-instrumentow-detych-i-akordeonu\/zaklad-kameralistyki-instrumentow-detych\/dr-hab-zdzislaw-stolarczyk\/","url":"https:\/\/www.amuz.krakow.pl\/wydzialy\/wydzial-ii-instrumentalny\/katedra-instrumentow-detych-i-akordeonu\/zaklad-kameralistyki-instrumentow-detych\/dr-hab-zdzislaw-stolarczyk\/","name":"AMKP - Akademia Muzyczna im. Krzysztofa Pendereckiego w Krakowie","isPartOf":{"@id":"https:\/\/www.amuz.krakow.pl\/#website"},"primaryImageOfPage":{"@id":"https:\/\/www.amuz.krakow.pl\/wydzialy\/wydzial-ii-instrumentalny\/katedra-instrumentow-detych-i-akordeonu\/zaklad-kameralistyki-instrumentow-detych\/dr-hab-zdzislaw-stolarczyk\/#primaryimage"},"image":{"@id":"https:\/\/www.amuz.krakow.pl\/wydzialy\/wydzial-ii-instrumentalny\/katedra-instrumentow-detych-i-akordeonu\/zaklad-kameralistyki-instrumentow-detych\/dr-hab-zdzislaw-stolarczyk\/#primaryimage"},"thumbnailUrl":"https:\/\/www.amuz.krakow.pl\/wp-content\/uploads\/2024\/03\/Stolarczyk-Zdzislaw_kafel-scaled.jpg","datePublished":"2016-02-16T22:55:49+00:00","dateModified":"2026-02-16T09:56:47+00:00","breadcrumb":{"@id":"https:\/\/www.amuz.krakow.pl\/wydzialy\/wydzial-ii-instrumentalny\/katedra-instrumentow-detych-i-akordeonu\/zaklad-kameralistyki-instrumentow-detych\/dr-hab-zdzislaw-stolarczyk\/#breadcrumb"},"inLanguage":"en-US","potentialAction":[{"@type":"ReadAction","target":["https:\/\/www.amuz.krakow.pl\/wydzialy\/wydzial-ii-instrumentalny\/katedra-instrumentow-detych-i-akordeonu\/zaklad-kameralistyki-instrumentow-detych\/dr-hab-zdzislaw-stolarczyk\/"]}]},{"@type":"ImageObject","inLanguage":"en-US","@id":"https:\/\/www.amuz.krakow.pl\/wydzialy\/wydzial-ii-instrumentalny\/katedra-instrumentow-detych-i-akordeonu\/zaklad-kameralistyki-instrumentow-detych\/dr-hab-zdzislaw-stolarczyk\/#primaryimage","url":"https:\/\/www.amuz.krakow.pl\/wp-content\/uploads\/2024\/03\/Stolarczyk-Zdzislaw_kafel-scaled.jpg","contentUrl":"https:\/\/www.amuz.krakow.pl\/wp-content\/uploads\/2024\/03\/Stolarczyk-Zdzislaw_kafel-scaled.jpg","width":2048,"height":1024},{"@type":"BreadcrumbList","@id":"https:\/\/www.amuz.krakow.pl\/wydzialy\/wydzial-ii-instrumentalny\/katedra-instrumentow-detych-i-akordeonu\/zaklad-kameralistyki-instrumentow-detych\/dr-hab-zdzislaw-stolarczyk\/#breadcrumb","itemListElement":[{"@type":"ListItem","position":1,"name":"Strona g\u0142\u00f3wna","item":"https:\/\/www.amuz.krakow.pl\/"},{"@type":"ListItem","position":2,"name":"WYDZIA\u0141Y","item":"https:\/\/www.amuz.krakow.pl\/wydzialy\/"},{"@type":"ListItem","position":3,"name":"Wydzia\u0142 Instrumentalny","item":"https:\/\/www.amuz.krakow.pl\/wydzialy\/wydzial-ii-instrumentalny\/"},{"@type":"ListItem","position":4,"name":"Katedra Instrument\u00f3w D\u0119tych i Akordeonu","item":"https:\/\/www.amuz.krakow.pl\/wydzialy\/wydzial-ii-instrumentalny\/katedra-instrumentow-detych-i-akordeonu\/"},{"@type":"ListItem","position":5,"name":"Zak\u0142ad Kameralistyki Instrument\u00f3w D\u0119tych","item":"https:\/\/www.amuz.krakow.pl\/wydzialy\/wydzial-ii-instrumentalny\/katedra-instrumentow-detych-i-akordeonu\/zaklad-kameralistyki-instrumentow-detych\/"},{"@type":"ListItem","position":6,"name":"prof. dr hab. Zdzis\u0142aw Stolarczyk"}]},{"@type":"WebSite","@id":"https:\/\/www.amuz.krakow.pl\/#website","url":"https:\/\/www.amuz.krakow.pl\/","name":"Akademia Muzyczna im. Krzysztofa Pendereckiego w Krakowie","description":"Oficjalna strona Akademii Muzycznej im. Krzysztofa Pendereckiego w Krakowie (AMKP).","publisher":{"@id":"https:\/\/www.amuz.krakow.pl\/#organization"},"alternateName":"AMKP","potentialAction":[{"@type":"SearchAction","target":{"@type":"EntryPoint","urlTemplate":"https:\/\/www.amuz.krakow.pl\/?s={search_term_string}"},"query-input":{"@type":"PropertyValueSpecification","valueRequired":true,"valueName":"search_term_string"}}],"inLanguage":"en-US"},{"@type":"Organization","@id":"https:\/\/www.amuz.krakow.pl\/#organization","name":"Akademia Muzyczna im. Krzysztofa Pendereckiego w Krakowie","alternateName":"AMKP","url":"https:\/\/www.amuz.krakow.pl\/","logo":{"@type":"ImageObject","inLanguage":"en-US","@id":"https:\/\/www.amuz.krakow.pl\/#\/schema\/logo\/image\/","url":"https:\/\/www.amuz.krakow.pl\/wp-content\/uploads\/2021\/11\/amkp.jpg","contentUrl":"https:\/\/www.amuz.krakow.pl\/wp-content\/uploads\/2021\/11\/amkp.jpg","width":1193,"height":591,"caption":"Akademia Muzyczna im. Krzysztofa Pendereckiego w Krakowie"},"image":{"@id":"https:\/\/www.amuz.krakow.pl\/#\/schema\/logo\/image\/"},"sameAs":["https:\/\/www.facebook.com\/amuz.krakow","https:\/\/www.instagram.com\/amkpenderecki\/","https:\/\/www.youtube.com\/@amkpenderecki4806"]}]}},"_links":{"self":[{"href":"https:\/\/www.amuz.krakow.pl\/en\/wp-json\/wp\/v2\/pages\/2256","targetHints":{"allow":["GET"]}}],"collection":[{"href":"https:\/\/www.amuz.krakow.pl\/en\/wp-json\/wp\/v2\/pages"}],"about":[{"href":"https:\/\/www.amuz.krakow.pl\/en\/wp-json\/wp\/v2\/types\/page"}],"author":[{"embeddable":true,"href":"https:\/\/www.amuz.krakow.pl\/en\/wp-json\/wp\/v2\/users\/72"}],"replies":[{"embeddable":true,"href":"https:\/\/www.amuz.krakow.pl\/en\/wp-json\/wp\/v2\/comments?post=2256"}],"version-history":[{"count":11,"href":"https:\/\/www.amuz.krakow.pl\/en\/wp-json\/wp\/v2\/pages\/2256\/revisions"}],"predecessor-version":[{"id":114722,"href":"https:\/\/www.amuz.krakow.pl\/en\/wp-json\/wp\/v2\/pages\/2256\/revisions\/114722"}],"up":[{"embeddable":true,"href":"https:\/\/www.amuz.krakow.pl\/en\/wp-json\/wp\/v2\/pages\/96587"}],"wp:featuredmedia":[{"embeddable":true,"href":"https:\/\/www.amuz.krakow.pl\/en\/wp-json\/wp\/v2\/media\/84127"}],"wp:attachment":[{"href":"https:\/\/www.amuz.krakow.pl\/en\/wp-json\/wp\/v2\/media?parent=2256"}],"curies":[{"name":"wp","href":"https:\/\/api.w.org\/{rel}","templated":true}]}}