{"id":22493,"date":"2018-02-23T21:49:51","date_gmt":"2018-02-23T20:49:51","guid":{"rendered":"https:\/\/www.amuz.krakow.pl\/?page_id=22493"},"modified":"2025-10-15T13:45:47","modified_gmt":"2025-10-15T11:45:47","slug":"incoming-academic-staff","status":"publish","type":"page","link":"https:\/\/www.amuz.krakow.pl\/en\/erasmus\/dla-pracownikow-akademickich-sta-stt\/incoming-academic-staff\/","title":{"rendered":"Incoming Academic Staff"},"content":{"rendered":"<p><\/p>\n<p style=\"text-align: justify;\"><b><span lang=\"EN-GB\">Mobility of Teaching Staff (STA, STT)<\/span><\/b><\/p>\n<p style=\"text-align: justify;\"><b><span lang=\"EN-GB\">STEP 1: it is highly recommended to contact the Head of proper Department to ask about the teaching or training possibilities before sending the documents to the International Cooperation Centre.<\/span><\/b><\/p>\n<p style=\"text-align: justify;\"><span lang=\"EN-GB\">STEP 2: please send your artistic CV and the proposal of a standard Erasmus+ Teaching Programme to the International Cooperation Centre to dr Karolina Jarosz at <a class=\"moz-txt-link-abbreviated\" title=\"Ten zewn\u0119trzny odno\u015bnik otworzy si\u0119 w nowym oknie\" href=\"karolina.jarosz@amuz.krakow.pl\" target=\"_blank\" rel=\"noopener noreferrer\">karolina.jarosz@amuz.krakow.pl<\/a><\/span><\/p>\n<p style=\"text-align: justify;\"><span lang=\"EN-GB\">STEP 3: the final decision, depending on availability of time of each Department, belongs to the Head and it is confirmed by the Dean and the Vice-Rector for International Cooperation.<\/span><\/p>\n<p style=\"text-align: justify;\"><b><span lang=\"EN-GB\">Mobility for Training of Administrative Staff (STT)<\/span><\/b><\/p>\n<p style=\"text-align: justify;\"><span lang=\"EN-GB\">STEP 1:<\/span>\u00a0please send the proposal of a standard Erasmus+ Staff Training Programme to the International Cooperation Centre to dr Karolina Jarosz at\u00a0<a class=\"moz-txt-link-abbreviated\" title=\"Ten zewn\u0119trzny odno\u015bnik otworzy si\u0119 w nowym oknie\" href=\"karolina.jarosz@amuz.krakow.pl\" target=\"_blank\" rel=\"noopener noreferrer\">karolina.jarosz@amuz.krakow.pl<\/a><\/p>\n<p style=\"text-align: justify;\"><span lang=\"EN-GB\">STEP 2: the final decision,\u00a0<\/span><span lang=\"EN-GB\">depending on schedule availability,\u00a0belongs to the Vice-Rector for International Cooperation.<\/span><\/p>\n<p style=\"text-align: justify;\"><strong><span lang=\"EN-GB\">OUR DATA<\/span><\/strong><\/p>\n<p style=\"text-align: justify;\"><strong><span lang=\"EN-GB\">Name of the institution<\/span><\/strong><span lang=\"EN-GB\"><br \/>\nAkademia Muzyczna im. Krzystzofa Pendereckiego w Krakowie<br \/>\n<em>The Krzysztof Penderecki Academy of Music in Krak\u00f3w<\/em><\/span><\/p>\n<p style=\"text-align: justify;\"><strong><span lang=\"EN-GB\">Erasmus Institutional Code<\/span><\/strong><span lang=\"EN-GB\"><br \/>\nPL KRAKOW09<\/span><\/p>\n<p style=\"text-align: justify;\"><strong><span lang=\"EN-GB\">PIC<br \/>\n<\/span><\/strong><strong><span lang=\"EN-GB\">949486441<\/span><\/strong><\/p>\n<p style=\"text-align: justify;\"><strong><span lang=\"EN-GB\">Erasmus Charter<br \/>\n<\/span><\/strong><strong><span lang=\"EN-GB\">50419-EPP-1-2014-1-PL-EPPKA3-ECHE<\/span><\/strong><\/p>\n<p style=\"text-align: justify;\"><strong><span lang=\"EN-GB\">Erasmus+ Institutional Coordinator<\/span><\/strong><\/p>\n<p style=\"text-align: justify;\"><span lang=\"EN-GB\"><strong>dr Karolina Jarosz<\/strong><br \/>\nInternational Coordinator<br \/>\nInternational Office<br \/>\n<a title=\"Ten zewn\u0119trzny odno\u015bnik otworzy si\u0119 w nowym oknie\" href=\"https:\/\/www.amuz.krakow.pl\/en\/erasmus\/incoming-students\/karolina.jarosz@amuz.krakow.pl\" target=\"_blank\" rel=\"noopener noreferrer\">karolina.jarosz@amuz.krakow.pl<\/a><br \/>\n<\/span>tel. +48 882 468 994<\/p>\n<p style=\"text-align: justify;\"><span lang=\"EN-GB\">\u00a0<\/span><\/p>\n<p style=\"text-align: justify;\"><strong><span lang=\"EN-GB\">Address<\/span><\/strong><span class=\"apple-converted-space\"><span lang=\"EN-GB\"><br \/>\n<\/span><\/span><span lang=\"EN-GB\">ul. \u015bw. Tomasza 43 PL 31-027 Krak\u00f3w, Poland<\/span><\/p>\n<p><\/p>","protected":false},"excerpt":{"rendered":"<p>Mobility of Teaching Staff (STA, STT) STEP 1: it is highly recommended to contact the Head of proper Department to ask about the teaching or training possibilities before sending the&hellip; <a href=\"https:\/\/www.amuz.krakow.pl\/en\/erasmus\/dla-pracownikow-akademickich-sta-stt\/incoming-academic-staff\/\">Continue reading<\/a><\/p>\n","protected":false},"author":72,"featured_media":0,"parent":6469,"menu_order":3,"comment_status":"closed","ping_status":"closed","template":"","meta":{"footnotes":"","_links_to":"","_links_to_target":""},"class_list":["post-22493","page","type-page","status-publish","hentry"],"yoast_head":"<!-- This site is optimized with the Yoast SEO plugin v27.4 - https:\/\/yoast.com\/product\/yoast-seo-wordpress\/ -->\n<title>AMKP - Akademia Muzyczna im. Krzysztofa Pendereckiego w Krakowie<\/title>\n<meta name=\"robots\" content=\"index, follow, max-snippet:-1, max-image-preview:large, max-video-preview:-1\" \/>\n<link rel=\"canonical\" href=\"https:\/\/www.amuz.krakow.pl\/erasmus\/dla-pracownikow-akademickich-sta-stt\/incoming-academic-staff\/\" \/>\n<meta property=\"og:locale\" content=\"en_US\" \/>\n<meta property=\"og:type\" content=\"article\" \/>\n<meta property=\"og:title\" content=\"AMKP - Akademia Muzyczna im. Krzysztofa Pendereckiego w Krakowie\" \/>\n<meta property=\"og:description\" content=\"Mobility of Teaching Staff (STA, STT) STEP 1: it is highly recommended to contact the Head of proper Department to ask about the teaching or training possibilities before sending the&hellip; Continue reading\" \/>\n<meta property=\"og:url\" content=\"https:\/\/www.amuz.krakow.pl\/erasmus\/dla-pracownikow-akademickich-sta-stt\/incoming-academic-staff\/\" \/>\n<meta property=\"og:site_name\" content=\"Akademia Muzyczna im. Krzysztofa Pendereckiego w Krakowie\" \/>\n<meta property=\"article:publisher\" content=\"https:\/\/www.facebook.com\/amuz.krakow\" \/>\n<meta property=\"article:modified_time\" content=\"2025-10-15T11:45:47+00:00\" \/>\n<meta property=\"og:image\" content=\"https:\/\/www.amuz.krakow.pl\/wp-content\/uploads\/2021\/11\/amkp.jpg\" \/>\n\t<meta property=\"og:image:width\" content=\"1193\" \/>\n\t<meta property=\"og:image:height\" content=\"591\" \/>\n\t<meta property=\"og:image:type\" content=\"image\/jpeg\" \/>\n<meta name=\"twitter:card\" content=\"summary_large_image\" \/>\n<meta name=\"twitter:label1\" content=\"Est. reading time\" \/>\n\t<meta name=\"twitter:data1\" content=\"2 minutes\" \/>\n<script type=\"application\/ld+json\" class=\"yoast-schema-graph\">{\"@context\":\"https:\\\/\\\/schema.org\",\"@graph\":[{\"@type\":\"WebPage\",\"@id\":\"https:\\\/\\\/www.amuz.krakow.pl\\\/erasmus\\\/dla-pracownikow-akademickich-sta-stt\\\/incoming-academic-staff\\\/\",\"url\":\"https:\\\/\\\/www.amuz.krakow.pl\\\/erasmus\\\/dla-pracownikow-akademickich-sta-stt\\\/incoming-academic-staff\\\/\",\"name\":\"AMKP - Akademia Muzyczna im. Krzysztofa Pendereckiego w Krakowie\",\"isPartOf\":{\"@id\":\"https:\\\/\\\/www.amuz.krakow.pl\\\/#website\"},\"datePublished\":\"2018-02-23T20:49:51+00:00\",\"dateModified\":\"2025-10-15T11:45:47+00:00\",\"breadcrumb\":{\"@id\":\"https:\\\/\\\/www.amuz.krakow.pl\\\/erasmus\\\/dla-pracownikow-akademickich-sta-stt\\\/incoming-academic-staff\\\/#breadcrumb\"},\"inLanguage\":\"en-US\",\"potentialAction\":[{\"@type\":\"ReadAction\",\"target\":[\"https:\\\/\\\/www.amuz.krakow.pl\\\/erasmus\\\/dla-pracownikow-akademickich-sta-stt\\\/incoming-academic-staff\\\/\"]}]},{\"@type\":\"BreadcrumbList\",\"@id\":\"https:\\\/\\\/www.amuz.krakow.pl\\\/erasmus\\\/dla-pracownikow-akademickich-sta-stt\\\/incoming-academic-staff\\\/#breadcrumb\",\"itemListElement\":[{\"@type\":\"ListItem\",\"position\":1,\"name\":\"Strona g\u0142\u00f3wna\",\"item\":\"https:\\\/\\\/www.amuz.krakow.pl\\\/\"},{\"@type\":\"ListItem\",\"position\":2,\"name\":\"ERASMUS+\",\"item\":\"https:\\\/\\\/www.amuz.krakow.pl\\\/erasmus\\\/\"},{\"@type\":\"ListItem\",\"position\":3,\"name\":\"Dla pracownik\u00f3w\",\"item\":\"https:\\\/\\\/www.amuz.krakow.pl\\\/erasmus\\\/dla-pracownikow-akademickich-sta-stt\\\/\"},{\"@type\":\"ListItem\",\"position\":4,\"name\":\"Incoming Academic Staff\"}]},{\"@type\":\"WebSite\",\"@id\":\"https:\\\/\\\/www.amuz.krakow.pl\\\/#website\",\"url\":\"https:\\\/\\\/www.amuz.krakow.pl\\\/\",\"name\":\"Akademia Muzyczna im. Krzysztofa Pendereckiego w Krakowie\",\"description\":\"Oficjalna strona Akademii Muzycznej im. Krzysztofa Pendereckiego w Krakowie (AMKP).\",\"publisher\":{\"@id\":\"https:\\\/\\\/www.amuz.krakow.pl\\\/#organization\"},\"alternateName\":\"AMKP\",\"potentialAction\":[{\"@type\":\"SearchAction\",\"target\":{\"@type\":\"EntryPoint\",\"urlTemplate\":\"https:\\\/\\\/www.amuz.krakow.pl\\\/?s={search_term_string}\"},\"query-input\":{\"@type\":\"PropertyValueSpecification\",\"valueRequired\":true,\"valueName\":\"search_term_string\"}}],\"inLanguage\":\"en-US\"},{\"@type\":\"Organization\",\"@id\":\"https:\\\/\\\/www.amuz.krakow.pl\\\/#organization\",\"name\":\"Akademia Muzyczna im. Krzysztofa Pendereckiego w Krakowie\",\"alternateName\":\"AMKP\",\"url\":\"https:\\\/\\\/www.amuz.krakow.pl\\\/\",\"logo\":{\"@type\":\"ImageObject\",\"inLanguage\":\"en-US\",\"@id\":\"https:\\\/\\\/www.amuz.krakow.pl\\\/#\\\/schema\\\/logo\\\/image\\\/\",\"url\":\"https:\\\/\\\/www.amuz.krakow.pl\\\/wp-content\\\/uploads\\\/2021\\\/11\\\/amkp.jpg\",\"contentUrl\":\"https:\\\/\\\/www.amuz.krakow.pl\\\/wp-content\\\/uploads\\\/2021\\\/11\\\/amkp.jpg\",\"width\":1193,\"height\":591,\"caption\":\"Akademia Muzyczna im. Krzysztofa Pendereckiego w Krakowie\"},\"image\":{\"@id\":\"https:\\\/\\\/www.amuz.krakow.pl\\\/#\\\/schema\\\/logo\\\/image\\\/\"},\"sameAs\":[\"https:\\\/\\\/www.facebook.com\\\/amuz.krakow\",\"https:\\\/\\\/www.instagram.com\\\/amkpenderecki\\\/\",\"https:\\\/\\\/www.youtube.com\\\/@amkpenderecki4806\"]}]}<\/script>\n<!-- \/ Yoast SEO plugin. -->","yoast_head_json":{"title":"AMKP - Akademia Muzyczna im. Krzysztofa Pendereckiego w Krakowie","robots":{"index":"index","follow":"follow","max-snippet":"max-snippet:-1","max-image-preview":"max-image-preview:large","max-video-preview":"max-video-preview:-1"},"canonical":"https:\/\/www.amuz.krakow.pl\/erasmus\/dla-pracownikow-akademickich-sta-stt\/incoming-academic-staff\/","og_locale":"en_US","og_type":"article","og_title":"AMKP - Akademia Muzyczna im. Krzysztofa Pendereckiego w Krakowie","og_description":"Mobility of Teaching Staff (STA, STT) STEP 1: it is highly recommended to contact the Head of proper Department to ask about the teaching or training possibilities before sending the&hellip; Continue reading","og_url":"https:\/\/www.amuz.krakow.pl\/erasmus\/dla-pracownikow-akademickich-sta-stt\/incoming-academic-staff\/","og_site_name":"Akademia Muzyczna im. Krzysztofa Pendereckiego w Krakowie","article_publisher":"https:\/\/www.facebook.com\/amuz.krakow","article_modified_time":"2025-10-15T11:45:47+00:00","og_image":[{"width":1193,"height":591,"url":"https:\/\/www.amuz.krakow.pl\/wp-content\/uploads\/2021\/11\/amkp.jpg","type":"image\/jpeg"}],"twitter_card":"summary_large_image","twitter_misc":{"Est. reading time":"2 minutes"},"schema":{"@context":"https:\/\/schema.org","@graph":[{"@type":"WebPage","@id":"https:\/\/www.amuz.krakow.pl\/erasmus\/dla-pracownikow-akademickich-sta-stt\/incoming-academic-staff\/","url":"https:\/\/www.amuz.krakow.pl\/erasmus\/dla-pracownikow-akademickich-sta-stt\/incoming-academic-staff\/","name":"AMKP - Akademia Muzyczna im. Krzysztofa Pendereckiego w Krakowie","isPartOf":{"@id":"https:\/\/www.amuz.krakow.pl\/#website"},"datePublished":"2018-02-23T20:49:51+00:00","dateModified":"2025-10-15T11:45:47+00:00","breadcrumb":{"@id":"https:\/\/www.amuz.krakow.pl\/erasmus\/dla-pracownikow-akademickich-sta-stt\/incoming-academic-staff\/#breadcrumb"},"inLanguage":"en-US","potentialAction":[{"@type":"ReadAction","target":["https:\/\/www.amuz.krakow.pl\/erasmus\/dla-pracownikow-akademickich-sta-stt\/incoming-academic-staff\/"]}]},{"@type":"BreadcrumbList","@id":"https:\/\/www.amuz.krakow.pl\/erasmus\/dla-pracownikow-akademickich-sta-stt\/incoming-academic-staff\/#breadcrumb","itemListElement":[{"@type":"ListItem","position":1,"name":"Strona g\u0142\u00f3wna","item":"https:\/\/www.amuz.krakow.pl\/"},{"@type":"ListItem","position":2,"name":"ERASMUS+","item":"https:\/\/www.amuz.krakow.pl\/erasmus\/"},{"@type":"ListItem","position":3,"name":"Dla pracownik\u00f3w","item":"https:\/\/www.amuz.krakow.pl\/erasmus\/dla-pracownikow-akademickich-sta-stt\/"},{"@type":"ListItem","position":4,"name":"Incoming Academic Staff"}]},{"@type":"WebSite","@id":"https:\/\/www.amuz.krakow.pl\/#website","url":"https:\/\/www.amuz.krakow.pl\/","name":"Akademia Muzyczna im. Krzysztofa Pendereckiego w Krakowie","description":"Oficjalna strona Akademii Muzycznej im. Krzysztofa Pendereckiego w Krakowie (AMKP).","publisher":{"@id":"https:\/\/www.amuz.krakow.pl\/#organization"},"alternateName":"AMKP","potentialAction":[{"@type":"SearchAction","target":{"@type":"EntryPoint","urlTemplate":"https:\/\/www.amuz.krakow.pl\/?s={search_term_string}"},"query-input":{"@type":"PropertyValueSpecification","valueRequired":true,"valueName":"search_term_string"}}],"inLanguage":"en-US"},{"@type":"Organization","@id":"https:\/\/www.amuz.krakow.pl\/#organization","name":"Akademia Muzyczna im. Krzysztofa Pendereckiego w Krakowie","alternateName":"AMKP","url":"https:\/\/www.amuz.krakow.pl\/","logo":{"@type":"ImageObject","inLanguage":"en-US","@id":"https:\/\/www.amuz.krakow.pl\/#\/schema\/logo\/image\/","url":"https:\/\/www.amuz.krakow.pl\/wp-content\/uploads\/2021\/11\/amkp.jpg","contentUrl":"https:\/\/www.amuz.krakow.pl\/wp-content\/uploads\/2021\/11\/amkp.jpg","width":1193,"height":591,"caption":"Akademia Muzyczna im. Krzysztofa Pendereckiego w Krakowie"},"image":{"@id":"https:\/\/www.amuz.krakow.pl\/#\/schema\/logo\/image\/"},"sameAs":["https:\/\/www.facebook.com\/amuz.krakow","https:\/\/www.instagram.com\/amkpenderecki\/","https:\/\/www.youtube.com\/@amkpenderecki4806"]}]}},"_links":{"self":[{"href":"https:\/\/www.amuz.krakow.pl\/en\/wp-json\/wp\/v2\/pages\/22493","targetHints":{"allow":["GET"]}}],"collection":[{"href":"https:\/\/www.amuz.krakow.pl\/en\/wp-json\/wp\/v2\/pages"}],"about":[{"href":"https:\/\/www.amuz.krakow.pl\/en\/wp-json\/wp\/v2\/types\/page"}],"author":[{"embeddable":true,"href":"https:\/\/www.amuz.krakow.pl\/en\/wp-json\/wp\/v2\/users\/72"}],"replies":[{"embeddable":true,"href":"https:\/\/www.amuz.krakow.pl\/en\/wp-json\/wp\/v2\/comments?post=22493"}],"version-history":[{"count":13,"href":"https:\/\/www.amuz.krakow.pl\/en\/wp-json\/wp\/v2\/pages\/22493\/revisions"}],"predecessor-version":[{"id":108335,"href":"https:\/\/www.amuz.krakow.pl\/en\/wp-json\/wp\/v2\/pages\/22493\/revisions\/108335"}],"up":[{"embeddable":true,"href":"https:\/\/www.amuz.krakow.pl\/en\/wp-json\/wp\/v2\/pages\/6469"}],"wp:attachment":[{"href":"https:\/\/www.amuz.krakow.pl\/en\/wp-json\/wp\/v2\/media?parent=22493"}],"curies":[{"name":"wp","href":"https:\/\/api.w.org\/{rel}","templated":true}]}}