{"id":2209,"date":"2016-02-16T23:28:17","date_gmt":"2016-02-16T22:28:17","guid":{"rendered":"http:\/\/strony.amuz.krakow.pl\/?page_id=2209"},"modified":"2025-03-19T15:49:03","modified_gmt":"2025-03-19T14:49:03","slug":"dr-hab-pawel-solecki","status":"publish","type":"page","link":"https:\/\/www.amuz.krakow.pl\/en\/wydzialy\/wydzial-ii-instrumentalny\/katedra-instrumentow-detych-i-akordeonu\/zaklad-kameralistyki-instrumentow-detych\/dr-hab-pawel-solecki\/","title":{"rendered":"prof. dr hab. Pawe\u0142 Solecki"},"content":{"rendered":"<p><figure id=\"attachment_38161\" aria-describedby=\"caption-attachment-38161\" style=\"width: 193px\" class=\"wp-caption alignleft\"><a href=\"https:\/\/www.amuz.krakow.pl\/wp-content\/uploads\/2020\/04\/Pawe\u0142-Solecki-scaled.jpg\"><img loading=\"lazy\" decoding=\"async\" class=\" wp-image-38161\" src=\"https:\/\/www.amuz.krakow.pl\/wp-content\/uploads\/2020\/04\/Pawe\u0142-Solecki-200x300.jpg\" alt=\"\" width=\"193\" height=\"290\" srcset=\"https:\/\/www.amuz.krakow.pl\/wp-content\/uploads\/2020\/04\/Pawe\u0142-Solecki-200x300.jpg 200w, https:\/\/www.amuz.krakow.pl\/wp-content\/uploads\/2020\/04\/Pawe\u0142-Solecki-scaled.jpg 1365w, https:\/\/www.amuz.krakow.pl\/wp-content\/uploads\/2020\/04\/Pawe\u0142-Solecki-768x1152.jpg 768w, https:\/\/www.amuz.krakow.pl\/wp-content\/uploads\/2020\/04\/Pawe\u0142-Solecki-1024x1536.jpg 1024w\" sizes=\"auto, (max-width: 193px) 100vw, 193px\" \/><\/a><figcaption id=\"caption-attachment-38161\" class=\"wp-caption-text\">photo by Dariusz Rok<\/figcaption><\/figure><\/p>\n<p style=\"text-align: justify;\">Bassoonist, in 1998 graduated from the Academy of Music in Cracow in the class of prof. K. Siudmak with excellent results. He is a laureate of national music competitions and a scholarship holder of several foundations, including: International Music Camp (USA1989), Youth Arts Foundation 1989-91, European Mozart Foundation in 1994-95, where he worked, among others under the guidance of Milan Turkovi\u010d and Jessy Read. Finalist of the International Competition of Musical Individualities A.\u00a0Tansman in \u0141\u00f3d\u017a (1998) and participant in the International Competition &#8220;Prague Spring&#8221; (2002). In 1996 he performed at the prestigious festival in Schwetzingen as part of the Polish-German Musical Meetings. In the 2004\/05 season he was the first bassoonist of the Lebanese National Symphony Orchestra in Beirut. In 1996-2011 he was the first bassoonist of the Capella Cracoviensis chamber orchestra. He collaborates with the Beethoven Academy Orchestra and the AUKSO Chamber Orchestra. He is a member of both the Cracow Reed Trio with which in 2005 he recorded a CD with the music of Polish composers for the DUX label, and a year later for the Polish Bach Society the Trio Sonata in E flat major BWV 525 J.S. Bach, as well as the Cracow Wind Quintet, which in 2016 and 2018, together with the outstanding Polish pianist Beata Bili\u0144ska and saxophonist Pawe\u0142 Gusnar, recorded two CDs &#8211; <em>Quint (et) essence<\/em> and the <em>Cracow Wind Quintet and Guests<\/em>, nominated for the Fryderyk Award 2017 and 2020 in the category &#8211; Album of the Year &#8211; Chamber music. He has numerous premieres of works by Polish composers dedicated to Trio and Quintet, such as: <em>Fonoplasticon<\/em> by \u00a0Z. Bargielski, <em>Burlesca<\/em> by M. G\u00f3recki, <em>Wind Quartet<\/em> by P. \u0141ukaszewski or <em>Concertino for reed trio and strings <\/em>by K. Herdzin, which he recorded on a CD &#8211; <em>Herdzin &#8211; Concerto &amp; Concertino<\/em>, nominated for the Fryderyk Award 2019 in two categories &#8211; Album of the Year &#8211; Contemporary Music and the Most Outstanding Recording of Polish Music. In 2018, he performed with the Cracow Reed Trio at the Polish Library in Paris. He also performs as a composer. In 2016, the Bassoon Quartet No. 1 was released by the <em>Contra<\/em> music publishing house.<br \/>\nHe is the initiator of the summer Bassoon Workshops in the palace in Rybna, which he runs together with prof. dr hab. M. Bara\u0144ski.From November 2006, he also cooperates with the Cracow poet and singer &#8211; Basia St\u0119pniak-Wilk.In 2017 he obtained the degree of habilitated doctor. Currently, he works as a lecturer at the Music Academy in Cracow and performs in the country and abroad as a chamber soloist.<\/p>\n<p><a href=\"mailto:pawel.solecki@amuz.krakow.pl\">pawel.solecki@amuz.krakow.pl<\/a><\/p>","protected":false},"excerpt":{"rendered":"<p>Bassoonist, in 1998 graduated from the Academy of Music in Cracow in the class of prof. K. Siudmak with excellent results. He is a laureate of national music competitions and&hellip; <a href=\"https:\/\/www.amuz.krakow.pl\/en\/wydzialy\/wydzial-ii-instrumentalny\/katedra-instrumentow-detych-i-akordeonu\/zaklad-kameralistyki-instrumentow-detych\/dr-hab-pawel-solecki\/\">Continue reading<\/a><\/p>\n","protected":false},"author":72,"featured_media":38161,"parent":96587,"menu_order":4,"comment_status":"closed","ping_status":"closed","template":"","meta":{"footnotes":"","_links_to":"","_links_to_target":""},"class_list":["post-2209","page","type-page","status-publish","has-post-thumbnail","hentry"],"yoast_head":"<!-- This site is optimized with the Yoast SEO plugin v27.2 - https:\/\/yoast.com\/product\/yoast-seo-wordpress\/ -->\n<title>AMKP - Akademia Muzyczna im. Krzysztofa Pendereckiego w Krakowie<\/title>\n<meta name=\"robots\" content=\"index, follow, max-snippet:-1, max-image-preview:large, max-video-preview:-1\" \/>\n<link rel=\"canonical\" href=\"https:\/\/www.amuz.krakow.pl\/wydzialy\/wydzial-ii-instrumentalny\/katedra-instrumentow-detych-i-akordeonu\/zaklad-kameralistyki-instrumentow-detych\/dr-hab-pawel-solecki\/\" \/>\n<meta property=\"og:locale\" content=\"en_US\" \/>\n<meta property=\"og:type\" content=\"article\" \/>\n<meta property=\"og:title\" content=\"AMKP - Akademia Muzyczna im. Krzysztofa Pendereckiego w Krakowie\" \/>\n<meta property=\"og:description\" content=\"Bassoonist, in 1998 graduated from the Academy of Music in Cracow in the class of prof. K. Siudmak with excellent results. He is a laureate of national music competitions and&hellip; Continue reading\" \/>\n<meta property=\"og:url\" content=\"https:\/\/www.amuz.krakow.pl\/wydzialy\/wydzial-ii-instrumentalny\/katedra-instrumentow-detych-i-akordeonu\/zaklad-kameralistyki-instrumentow-detych\/dr-hab-pawel-solecki\/\" \/>\n<meta property=\"og:site_name\" content=\"Akademia Muzyczna im. Krzysztofa Pendereckiego w Krakowie\" \/>\n<meta property=\"article:publisher\" content=\"https:\/\/www.facebook.com\/amuz.krakow\" \/>\n<meta property=\"article:modified_time\" content=\"2025-03-19T14:49:03+00:00\" \/>\n<meta property=\"og:image\" content=\"https:\/\/www.amuz.krakow.pl\/wp-content\/uploads\/2020\/04\/Pawe\u0142-Solecki-scaled.jpg\" \/>\n\t<meta property=\"og:image:width\" content=\"1365\" \/>\n\t<meta property=\"og:image:height\" content=\"2048\" \/>\n\t<meta property=\"og:image:type\" content=\"image\/jpeg\" \/>\n<meta name=\"twitter:card\" content=\"summary_large_image\" \/>\n<meta name=\"twitter:label1\" content=\"Est. reading time\" \/>\n\t<meta name=\"twitter:data1\" content=\"3 minutes\" \/>\n<script type=\"application\/ld+json\" class=\"yoast-schema-graph\">{\"@context\":\"https:\/\/schema.org\",\"@graph\":[{\"@type\":\"WebPage\",\"@id\":\"https:\/\/www.amuz.krakow.pl\/wydzialy\/wydzial-ii-instrumentalny\/katedra-instrumentow-detych-i-akordeonu\/zaklad-kameralistyki-instrumentow-detych\/dr-hab-pawel-solecki\/\",\"url\":\"https:\/\/www.amuz.krakow.pl\/wydzialy\/wydzial-ii-instrumentalny\/katedra-instrumentow-detych-i-akordeonu\/zaklad-kameralistyki-instrumentow-detych\/dr-hab-pawel-solecki\/\",\"name\":\"AMKP - Akademia Muzyczna im. Krzysztofa Pendereckiego w Krakowie\",\"isPartOf\":{\"@id\":\"https:\/\/www.amuz.krakow.pl\/#website\"},\"primaryImageOfPage\":{\"@id\":\"https:\/\/www.amuz.krakow.pl\/wydzialy\/wydzial-ii-instrumentalny\/katedra-instrumentow-detych-i-akordeonu\/zaklad-kameralistyki-instrumentow-detych\/dr-hab-pawel-solecki\/#primaryimage\"},\"image\":{\"@id\":\"https:\/\/www.amuz.krakow.pl\/wydzialy\/wydzial-ii-instrumentalny\/katedra-instrumentow-detych-i-akordeonu\/zaklad-kameralistyki-instrumentow-detych\/dr-hab-pawel-solecki\/#primaryimage\"},\"thumbnailUrl\":\"https:\/\/www.amuz.krakow.pl\/wp-content\/uploads\/2020\/04\/Pawe\u0142-Solecki-scaled.jpg\",\"datePublished\":\"2016-02-16T22:28:17+00:00\",\"dateModified\":\"2025-03-19T14:49:03+00:00\",\"breadcrumb\":{\"@id\":\"https:\/\/www.amuz.krakow.pl\/wydzialy\/wydzial-ii-instrumentalny\/katedra-instrumentow-detych-i-akordeonu\/zaklad-kameralistyki-instrumentow-detych\/dr-hab-pawel-solecki\/#breadcrumb\"},\"inLanguage\":\"en-US\",\"potentialAction\":[{\"@type\":\"ReadAction\",\"target\":[\"https:\/\/www.amuz.krakow.pl\/wydzialy\/wydzial-ii-instrumentalny\/katedra-instrumentow-detych-i-akordeonu\/zaklad-kameralistyki-instrumentow-detych\/dr-hab-pawel-solecki\/\"]}]},{\"@type\":\"ImageObject\",\"inLanguage\":\"en-US\",\"@id\":\"https:\/\/www.amuz.krakow.pl\/wydzialy\/wydzial-ii-instrumentalny\/katedra-instrumentow-detych-i-akordeonu\/zaklad-kameralistyki-instrumentow-detych\/dr-hab-pawel-solecki\/#primaryimage\",\"url\":\"https:\/\/www.amuz.krakow.pl\/wp-content\/uploads\/2020\/04\/Pawe\u0142-Solecki-scaled.jpg\",\"contentUrl\":\"https:\/\/www.amuz.krakow.pl\/wp-content\/uploads\/2020\/04\/Pawe\u0142-Solecki-scaled.jpg\",\"width\":1365,\"height\":2048,\"caption\":\"fot. Dariusz Rok\"},{\"@type\":\"BreadcrumbList\",\"@id\":\"https:\/\/www.amuz.krakow.pl\/wydzialy\/wydzial-ii-instrumentalny\/katedra-instrumentow-detych-i-akordeonu\/zaklad-kameralistyki-instrumentow-detych\/dr-hab-pawel-solecki\/#breadcrumb\",\"itemListElement\":[{\"@type\":\"ListItem\",\"position\":1,\"name\":\"Strona g\u0142\u00f3wna\",\"item\":\"https:\/\/www.amuz.krakow.pl\/\"},{\"@type\":\"ListItem\",\"position\":2,\"name\":\"WYDZIA\u0141Y\",\"item\":\"https:\/\/www.amuz.krakow.pl\/wydzialy\/\"},{\"@type\":\"ListItem\",\"position\":3,\"name\":\"Wydzia\u0142 Instrumentalny\",\"item\":\"https:\/\/www.amuz.krakow.pl\/wydzialy\/wydzial-ii-instrumentalny\/\"},{\"@type\":\"ListItem\",\"position\":4,\"name\":\"Katedra Instrument\u00f3w D\u0119tych i Akordeonu\",\"item\":\"https:\/\/www.amuz.krakow.pl\/wydzialy\/wydzial-ii-instrumentalny\/katedra-instrumentow-detych-i-akordeonu\/\"},{\"@type\":\"ListItem\",\"position\":5,\"name\":\"Zak\u0142ad Kameralistyki Instrument\u00f3w D\u0119tych\",\"item\":\"https:\/\/www.amuz.krakow.pl\/wydzialy\/wydzial-ii-instrumentalny\/katedra-instrumentow-detych-i-akordeonu\/zaklad-kameralistyki-instrumentow-detych\/\"},{\"@type\":\"ListItem\",\"position\":6,\"name\":\"prof. dr hab. Pawe\u0142 Solecki\"}]},{\"@type\":\"WebSite\",\"@id\":\"https:\/\/www.amuz.krakow.pl\/#website\",\"url\":\"https:\/\/www.amuz.krakow.pl\/\",\"name\":\"Akademia Muzyczna im. Krzysztofa Pendereckiego w Krakowie\",\"description\":\"Oficjalna strona Akademii Muzycznej im. Krzysztofa Pendereckiego w Krakowie (AMKP).\",\"publisher\":{\"@id\":\"https:\/\/www.amuz.krakow.pl\/#organization\"},\"alternateName\":\"AMKP\",\"potentialAction\":[{\"@type\":\"SearchAction\",\"target\":{\"@type\":\"EntryPoint\",\"urlTemplate\":\"https:\/\/www.amuz.krakow.pl\/?s={search_term_string}\"},\"query-input\":{\"@type\":\"PropertyValueSpecification\",\"valueRequired\":true,\"valueName\":\"search_term_string\"}}],\"inLanguage\":\"en-US\"},{\"@type\":\"Organization\",\"@id\":\"https:\/\/www.amuz.krakow.pl\/#organization\",\"name\":\"Akademia Muzyczna im. Krzysztofa Pendereckiego w Krakowie\",\"alternateName\":\"AMKP\",\"url\":\"https:\/\/www.amuz.krakow.pl\/\",\"logo\":{\"@type\":\"ImageObject\",\"inLanguage\":\"en-US\",\"@id\":\"https:\/\/www.amuz.krakow.pl\/#\/schema\/logo\/image\/\",\"url\":\"https:\/\/www.amuz.krakow.pl\/wp-content\/uploads\/2021\/11\/amkp.jpg\",\"contentUrl\":\"https:\/\/www.amuz.krakow.pl\/wp-content\/uploads\/2021\/11\/amkp.jpg\",\"width\":1193,\"height\":591,\"caption\":\"Akademia Muzyczna im. Krzysztofa Pendereckiego w Krakowie\"},\"image\":{\"@id\":\"https:\/\/www.amuz.krakow.pl\/#\/schema\/logo\/image\/\"},\"sameAs\":[\"https:\/\/www.facebook.com\/amuz.krakow\",\"https:\/\/www.instagram.com\/amkpenderecki\/\",\"https:\/\/www.youtube.com\/@amkpenderecki4806\"]}]}<\/script>\n<!-- \/ Yoast SEO plugin. -->","yoast_head_json":{"title":"AMKP - Akademia Muzyczna im. Krzysztofa Pendereckiego w Krakowie","robots":{"index":"index","follow":"follow","max-snippet":"max-snippet:-1","max-image-preview":"max-image-preview:large","max-video-preview":"max-video-preview:-1"},"canonical":"https:\/\/www.amuz.krakow.pl\/wydzialy\/wydzial-ii-instrumentalny\/katedra-instrumentow-detych-i-akordeonu\/zaklad-kameralistyki-instrumentow-detych\/dr-hab-pawel-solecki\/","og_locale":"en_US","og_type":"article","og_title":"AMKP - Akademia Muzyczna im. Krzysztofa Pendereckiego w Krakowie","og_description":"Bassoonist, in 1998 graduated from the Academy of Music in Cracow in the class of prof. K. Siudmak with excellent results. He is a laureate of national music competitions and&hellip; Continue reading","og_url":"https:\/\/www.amuz.krakow.pl\/wydzialy\/wydzial-ii-instrumentalny\/katedra-instrumentow-detych-i-akordeonu\/zaklad-kameralistyki-instrumentow-detych\/dr-hab-pawel-solecki\/","og_site_name":"Akademia Muzyczna im. Krzysztofa Pendereckiego w Krakowie","article_publisher":"https:\/\/www.facebook.com\/amuz.krakow","article_modified_time":"2025-03-19T14:49:03+00:00","og_image":[{"width":1365,"height":2048,"url":"https:\/\/www.amuz.krakow.pl\/wp-content\/uploads\/2020\/04\/Pawe\u0142-Solecki-scaled.jpg","type":"image\/jpeg"}],"twitter_card":"summary_large_image","twitter_misc":{"Est. reading time":"3 minutes"},"schema":{"@context":"https:\/\/schema.org","@graph":[{"@type":"WebPage","@id":"https:\/\/www.amuz.krakow.pl\/wydzialy\/wydzial-ii-instrumentalny\/katedra-instrumentow-detych-i-akordeonu\/zaklad-kameralistyki-instrumentow-detych\/dr-hab-pawel-solecki\/","url":"https:\/\/www.amuz.krakow.pl\/wydzialy\/wydzial-ii-instrumentalny\/katedra-instrumentow-detych-i-akordeonu\/zaklad-kameralistyki-instrumentow-detych\/dr-hab-pawel-solecki\/","name":"AMKP - Akademia Muzyczna im. Krzysztofa Pendereckiego w Krakowie","isPartOf":{"@id":"https:\/\/www.amuz.krakow.pl\/#website"},"primaryImageOfPage":{"@id":"https:\/\/www.amuz.krakow.pl\/wydzialy\/wydzial-ii-instrumentalny\/katedra-instrumentow-detych-i-akordeonu\/zaklad-kameralistyki-instrumentow-detych\/dr-hab-pawel-solecki\/#primaryimage"},"image":{"@id":"https:\/\/www.amuz.krakow.pl\/wydzialy\/wydzial-ii-instrumentalny\/katedra-instrumentow-detych-i-akordeonu\/zaklad-kameralistyki-instrumentow-detych\/dr-hab-pawel-solecki\/#primaryimage"},"thumbnailUrl":"https:\/\/www.amuz.krakow.pl\/wp-content\/uploads\/2020\/04\/Pawe\u0142-Solecki-scaled.jpg","datePublished":"2016-02-16T22:28:17+00:00","dateModified":"2025-03-19T14:49:03+00:00","breadcrumb":{"@id":"https:\/\/www.amuz.krakow.pl\/wydzialy\/wydzial-ii-instrumentalny\/katedra-instrumentow-detych-i-akordeonu\/zaklad-kameralistyki-instrumentow-detych\/dr-hab-pawel-solecki\/#breadcrumb"},"inLanguage":"en-US","potentialAction":[{"@type":"ReadAction","target":["https:\/\/www.amuz.krakow.pl\/wydzialy\/wydzial-ii-instrumentalny\/katedra-instrumentow-detych-i-akordeonu\/zaklad-kameralistyki-instrumentow-detych\/dr-hab-pawel-solecki\/"]}]},{"@type":"ImageObject","inLanguage":"en-US","@id":"https:\/\/www.amuz.krakow.pl\/wydzialy\/wydzial-ii-instrumentalny\/katedra-instrumentow-detych-i-akordeonu\/zaklad-kameralistyki-instrumentow-detych\/dr-hab-pawel-solecki\/#primaryimage","url":"https:\/\/www.amuz.krakow.pl\/wp-content\/uploads\/2020\/04\/Pawe\u0142-Solecki-scaled.jpg","contentUrl":"https:\/\/www.amuz.krakow.pl\/wp-content\/uploads\/2020\/04\/Pawe\u0142-Solecki-scaled.jpg","width":1365,"height":2048,"caption":"fot. Dariusz Rok"},{"@type":"BreadcrumbList","@id":"https:\/\/www.amuz.krakow.pl\/wydzialy\/wydzial-ii-instrumentalny\/katedra-instrumentow-detych-i-akordeonu\/zaklad-kameralistyki-instrumentow-detych\/dr-hab-pawel-solecki\/#breadcrumb","itemListElement":[{"@type":"ListItem","position":1,"name":"Strona g\u0142\u00f3wna","item":"https:\/\/www.amuz.krakow.pl\/"},{"@type":"ListItem","position":2,"name":"WYDZIA\u0141Y","item":"https:\/\/www.amuz.krakow.pl\/wydzialy\/"},{"@type":"ListItem","position":3,"name":"Wydzia\u0142 Instrumentalny","item":"https:\/\/www.amuz.krakow.pl\/wydzialy\/wydzial-ii-instrumentalny\/"},{"@type":"ListItem","position":4,"name":"Katedra Instrument\u00f3w D\u0119tych i Akordeonu","item":"https:\/\/www.amuz.krakow.pl\/wydzialy\/wydzial-ii-instrumentalny\/katedra-instrumentow-detych-i-akordeonu\/"},{"@type":"ListItem","position":5,"name":"Zak\u0142ad Kameralistyki Instrument\u00f3w D\u0119tych","item":"https:\/\/www.amuz.krakow.pl\/wydzialy\/wydzial-ii-instrumentalny\/katedra-instrumentow-detych-i-akordeonu\/zaklad-kameralistyki-instrumentow-detych\/"},{"@type":"ListItem","position":6,"name":"prof. dr hab. Pawe\u0142 Solecki"}]},{"@type":"WebSite","@id":"https:\/\/www.amuz.krakow.pl\/#website","url":"https:\/\/www.amuz.krakow.pl\/","name":"Akademia Muzyczna im. Krzysztofa Pendereckiego w Krakowie","description":"Oficjalna strona Akademii Muzycznej im. Krzysztofa Pendereckiego w Krakowie (AMKP).","publisher":{"@id":"https:\/\/www.amuz.krakow.pl\/#organization"},"alternateName":"AMKP","potentialAction":[{"@type":"SearchAction","target":{"@type":"EntryPoint","urlTemplate":"https:\/\/www.amuz.krakow.pl\/?s={search_term_string}"},"query-input":{"@type":"PropertyValueSpecification","valueRequired":true,"valueName":"search_term_string"}}],"inLanguage":"en-US"},{"@type":"Organization","@id":"https:\/\/www.amuz.krakow.pl\/#organization","name":"Akademia Muzyczna im. Krzysztofa Pendereckiego w Krakowie","alternateName":"AMKP","url":"https:\/\/www.amuz.krakow.pl\/","logo":{"@type":"ImageObject","inLanguage":"en-US","@id":"https:\/\/www.amuz.krakow.pl\/#\/schema\/logo\/image\/","url":"https:\/\/www.amuz.krakow.pl\/wp-content\/uploads\/2021\/11\/amkp.jpg","contentUrl":"https:\/\/www.amuz.krakow.pl\/wp-content\/uploads\/2021\/11\/amkp.jpg","width":1193,"height":591,"caption":"Akademia Muzyczna im. Krzysztofa Pendereckiego w Krakowie"},"image":{"@id":"https:\/\/www.amuz.krakow.pl\/#\/schema\/logo\/image\/"},"sameAs":["https:\/\/www.facebook.com\/amuz.krakow","https:\/\/www.instagram.com\/amkpenderecki\/","https:\/\/www.youtube.com\/@amkpenderecki4806"]}]}},"_links":{"self":[{"href":"https:\/\/www.amuz.krakow.pl\/en\/wp-json\/wp\/v2\/pages\/2209","targetHints":{"allow":["GET"]}}],"collection":[{"href":"https:\/\/www.amuz.krakow.pl\/en\/wp-json\/wp\/v2\/pages"}],"about":[{"href":"https:\/\/www.amuz.krakow.pl\/en\/wp-json\/wp\/v2\/types\/page"}],"author":[{"embeddable":true,"href":"https:\/\/www.amuz.krakow.pl\/en\/wp-json\/wp\/v2\/users\/72"}],"replies":[{"embeddable":true,"href":"https:\/\/www.amuz.krakow.pl\/en\/wp-json\/wp\/v2\/comments?post=2209"}],"version-history":[{"count":11,"href":"https:\/\/www.amuz.krakow.pl\/en\/wp-json\/wp\/v2\/pages\/2209\/revisions"}],"predecessor-version":[{"id":99316,"href":"https:\/\/www.amuz.krakow.pl\/en\/wp-json\/wp\/v2\/pages\/2209\/revisions\/99316"}],"up":[{"embeddable":true,"href":"https:\/\/www.amuz.krakow.pl\/en\/wp-json\/wp\/v2\/pages\/96587"}],"wp:featuredmedia":[{"embeddable":true,"href":"https:\/\/www.amuz.krakow.pl\/en\/wp-json\/wp\/v2\/media\/38161"}],"wp:attachment":[{"href":"https:\/\/www.amuz.krakow.pl\/en\/wp-json\/wp\/v2\/media?parent=2209"}],"curies":[{"name":"wp","href":"https:\/\/api.w.org\/{rel}","templated":true}]}}