{"id":2194,"date":"2016-02-16T23:22:25","date_gmt":"2016-02-16T22:22:25","guid":{"rendered":"http:\/\/strony.amuz.krakow.pl\/?page_id=2194"},"modified":"2025-12-15T13:15:56","modified_gmt":"2025-12-15T12:15:56","slug":"dr-piotr-lato","status":"publish","type":"page","link":"https:\/\/www.amuz.krakow.pl\/en\/wydzialy\/wydzial-ii-instrumentalny\/katedra-instrumentow-detych-i-akordeonu\/pracownicy-katedry\/dr-piotr-lato\/","title":{"rendered":"prof. dr hab. Piotr Lato &#8211; HEAD"},"content":{"rendered":"<p><figure id=\"attachment_8373\" aria-describedby=\"caption-attachment-8373\" style=\"width: 201px\" class=\"wp-caption alignleft\"><a href=\"https:\/\/www.amuz.krakow.pl\/wp-content\/uploads\/2016\/02\/Lato-Piotr2.jpg\"><img loading=\"lazy\" decoding=\"async\" class=\"wp-image-8373 \" src=\"https:\/\/www.amuz.krakow.pl\/wp-content\/uploads\/2016\/02\/Lato-Piotr2-202x300.jpg\" alt=\"Lato Piotr2\" width=\"201\" height=\"299\" srcset=\"https:\/\/www.amuz.krakow.pl\/wp-content\/uploads\/2016\/02\/Lato-Piotr2-202x300.jpg 202w, https:\/\/www.amuz.krakow.pl\/wp-content\/uploads\/2016\/02\/Lato-Piotr2-768x1140.jpg 768w, https:\/\/www.amuz.krakow.pl\/wp-content\/uploads\/2016\/02\/Lato-Piotr2-690x1024.jpg 690w\" sizes=\"auto, (max-width: 201px) 100vw, 201px\" \/><\/a><figcaption id=\"caption-attachment-8373\" class=\"wp-caption-text\">fot. Adam Go\u0142da<\/figcaption><\/figure><\/p>\n<p style=\"text-align: justify;\">Piotr Lato\u00a0is a recipient of numerous awards and distinctions: he entered the semi-finals of the Prague Spring International Clarinet Competition in 2002, received third prize at the 4th Johannes Brahms International Chamber Music Competition in Gda\u0144sk in 2006, and very recently second prize at the MEDICI International Music Competition for Chamber Music.<\/p>\n<p>In recognition of his artistic and academic achievements, he has been awarded honorary badges and scholarships, such as the Order of Merit in the Service of Polish Culture (2016), the Ars Quaerendi Ma\u0142opolska Voivodeship \u2018for outstanding commitment to dissemination and promotion of culture\u2019 (2019), the Bronze Cross of Merit (2019), creative scholarship of the Minister of Culture and National Heritage (2020), the Order of Honoris Gratia by the City of Krak\u00f3w (2021), Medal of the Commission for National Education (2022) and Medal of Merit to Culture Gloria Artis (2024).<\/p>\n<p>He has taken part in many national and international festivals, e.g. the Ludwig van Beethoven Easter Festival, Krak\u00f3w Film Music Festival, the Music in Old Krak\u00f3w. He has been involved in numerous CD, television and radio recordings for DUX, Centaur Records, Le Foxx Music, Universal Music and others.<\/p>\n<p>In demand as a teacher, he has served as an assistant professor at the Krzysztof Penderecki Academy of Music in Krakow since 2006. In 2011, he obtained the Doctor of Philosophy degree in instrumental art and the Post-doctoral degree of Musical Arts five years later. Since 2020 he has been the chair of the Woodwinds and Accordion Faculty and was promoted to the position of associate professor. Since 2024 he has been Vice Rector for Art and Research Affairs. He is also a clarinet teacher at the W\u0142adys\u0142aw \u017bele\u0144ski Secondary State School of Music in Krak\u00f3w.<\/p>\n<p><a href=\"https:\/\/piotrlato.pl\/\">Official website<\/a><\/p>\n<p><a href=\"mailto:piotr.lato@amuz.krakow.pl\">piotr.lato@amuz.krakow.pl<\/a><\/p>\n<p><a href=\"https:\/\/www.selmer.fr\/blogs\/artistes\/piotr-lato\" target=\"_blank\" rel=\"noopener\"><img loading=\"lazy\" decoding=\"async\" class=\"alignleft wp-image-27015\" src=\"https:\/\/www.amuz.krakow.pl\/wp-content\/uploads\/2018\/11\/SELMER_logo_w-300x219.jpg\" alt=\"\" width=\"180\" height=\"131\" srcset=\"https:\/\/www.amuz.krakow.pl\/wp-content\/uploads\/2018\/11\/SELMER_logo_w-300x219.jpg 300w, https:\/\/www.amuz.krakow.pl\/wp-content\/uploads\/2018\/11\/SELMER_logo_w-768x561.jpg 768w, https:\/\/www.amuz.krakow.pl\/wp-content\/uploads\/2018\/11\/SELMER_logo_w.jpg 2048w\" sizes=\"auto, (max-width: 180px) 100vw, 180px\" \/><\/a><a href=\"https:\/\/chedeville.com\/artists\/piotr-lato\/\" target=\"_blank\" rel=\"attachment noopener wp-att-46942\"><img loading=\"lazy\" decoding=\"async\" class=\"alignleft wp-image-46942 size-full\" src=\"https:\/\/www.amuz.krakow.pl\/wp-content\/uploads\/2021\/02\/chedeville_dark_logo.png\" alt=\"\" width=\"238\" height=\"121\" \/><\/a><a href=\"https:\/\/www.jewelmusic.com\/eddie-daniels-ligatures\/\" target=\"_blank\" rel=\"noopener\"><img loading=\"lazy\" decoding=\"async\" class=\"alignleft wp-image-70903\" src=\"https:\/\/www.amuz.krakow.pl\/wp-content\/uploads\/2023\/02\/Eddi-Daniels-Expressions.png\" alt=\"\" width=\"351\" height=\"150\" srcset=\"https:\/\/www.amuz.krakow.pl\/wp-content\/uploads\/2023\/02\/Eddi-Daniels-Expressions.png 1005w, https:\/\/www.amuz.krakow.pl\/wp-content\/uploads\/2023\/02\/Eddi-Daniels-Expressions-300x128.png 300w, https:\/\/www.amuz.krakow.pl\/wp-content\/uploads\/2023\/02\/Eddi-Daniels-Expressions-768x329.png 768w\" sizes=\"auto, (max-width: 351px) 100vw, 351px\" \/><\/a><\/p>\n<p>&nbsp;<\/p>","protected":false},"excerpt":{"rendered":"<p>Piotr Lato\u00a0is a recipient of numerous awards and distinctions: he entered the semi-finals of the Prague Spring International Clarinet Competition in 2002, received third prize at the 4th Johannes Brahms&hellip; <a href=\"https:\/\/www.amuz.krakow.pl\/en\/wydzialy\/wydzial-ii-instrumentalny\/katedra-instrumentow-detych-i-akordeonu\/pracownicy-katedry\/dr-piotr-lato\/\">Continue reading<\/a><\/p>\n","protected":false},"author":72,"featured_media":84124,"parent":2139,"menu_order":-2,"comment_status":"closed","ping_status":"closed","template":"","meta":{"footnotes":"","_links_to":"","_links_to_target":""},"class_list":["post-2194","page","type-page","status-publish","has-post-thumbnail","hentry"],"yoast_head":"<!-- This site is optimized with the Yoast SEO plugin v27.2 - https:\/\/yoast.com\/product\/yoast-seo-wordpress\/ -->\n<title>AMKP - Akademia Muzyczna im. Krzysztofa Pendereckiego w Krakowie<\/title>\n<meta name=\"robots\" content=\"index, follow, max-snippet:-1, max-image-preview:large, max-video-preview:-1\" \/>\n<link rel=\"canonical\" href=\"https:\/\/www.amuz.krakow.pl\/wydzialy\/wydzial-ii-instrumentalny\/katedra-instrumentow-detych-i-akordeonu\/pracownicy-katedry\/dr-piotr-lato\/\" \/>\n<meta property=\"og:locale\" content=\"en_US\" \/>\n<meta property=\"og:type\" content=\"article\" \/>\n<meta property=\"og:title\" content=\"AMKP - Akademia Muzyczna im. Krzysztofa Pendereckiego w Krakowie\" \/>\n<meta property=\"og:description\" content=\"Piotr Lato\u00a0is a recipient of numerous awards and distinctions: he entered the semi-finals of the Prague Spring International Clarinet Competition in 2002, received third prize at the 4th Johannes Brahms&hellip; Continue reading\" \/>\n<meta property=\"og:url\" content=\"https:\/\/www.amuz.krakow.pl\/wydzialy\/wydzial-ii-instrumentalny\/katedra-instrumentow-detych-i-akordeonu\/pracownicy-katedry\/dr-piotr-lato\/\" \/>\n<meta property=\"og:site_name\" content=\"Akademia Muzyczna im. Krzysztofa Pendereckiego w Krakowie\" \/>\n<meta property=\"article:publisher\" content=\"https:\/\/www.facebook.com\/amuz.krakow\" \/>\n<meta property=\"article:modified_time\" content=\"2025-12-15T12:15:56+00:00\" \/>\n<meta property=\"og:image\" content=\"https:\/\/www.amuz.krakow.pl\/wp-content\/uploads\/2024\/03\/Lato-Piotr2_kafel-scaled.jpg\" \/>\n\t<meta property=\"og:image:width\" content=\"2048\" \/>\n\t<meta property=\"og:image:height\" content=\"1024\" \/>\n\t<meta property=\"og:image:type\" content=\"image\/jpeg\" \/>\n<meta name=\"twitter:card\" content=\"summary_large_image\" \/>\n<meta name=\"twitter:label1\" content=\"Est. reading time\" \/>\n\t<meta name=\"twitter:data1\" content=\"3 minutes\" \/>\n<script type=\"application\/ld+json\" class=\"yoast-schema-graph\">{\"@context\":\"https:\/\/schema.org\",\"@graph\":[{\"@type\":\"WebPage\",\"@id\":\"https:\/\/www.amuz.krakow.pl\/wydzialy\/wydzial-ii-instrumentalny\/katedra-instrumentow-detych-i-akordeonu\/pracownicy-katedry\/dr-piotr-lato\/\",\"url\":\"https:\/\/www.amuz.krakow.pl\/wydzialy\/wydzial-ii-instrumentalny\/katedra-instrumentow-detych-i-akordeonu\/pracownicy-katedry\/dr-piotr-lato\/\",\"name\":\"AMKP - Akademia Muzyczna im. Krzysztofa Pendereckiego w Krakowie\",\"isPartOf\":{\"@id\":\"https:\/\/www.amuz.krakow.pl\/#website\"},\"primaryImageOfPage\":{\"@id\":\"https:\/\/www.amuz.krakow.pl\/wydzialy\/wydzial-ii-instrumentalny\/katedra-instrumentow-detych-i-akordeonu\/pracownicy-katedry\/dr-piotr-lato\/#primaryimage\"},\"image\":{\"@id\":\"https:\/\/www.amuz.krakow.pl\/wydzialy\/wydzial-ii-instrumentalny\/katedra-instrumentow-detych-i-akordeonu\/pracownicy-katedry\/dr-piotr-lato\/#primaryimage\"},\"thumbnailUrl\":\"https:\/\/www.amuz.krakow.pl\/wp-content\/uploads\/2024\/03\/Lato-Piotr2_kafel-scaled.jpg\",\"datePublished\":\"2016-02-16T22:22:25+00:00\",\"dateModified\":\"2025-12-15T12:15:56+00:00\",\"breadcrumb\":{\"@id\":\"https:\/\/www.amuz.krakow.pl\/wydzialy\/wydzial-ii-instrumentalny\/katedra-instrumentow-detych-i-akordeonu\/pracownicy-katedry\/dr-piotr-lato\/#breadcrumb\"},\"inLanguage\":\"en-US\",\"potentialAction\":[{\"@type\":\"ReadAction\",\"target\":[\"https:\/\/www.amuz.krakow.pl\/wydzialy\/wydzial-ii-instrumentalny\/katedra-instrumentow-detych-i-akordeonu\/pracownicy-katedry\/dr-piotr-lato\/\"]}]},{\"@type\":\"ImageObject\",\"inLanguage\":\"en-US\",\"@id\":\"https:\/\/www.amuz.krakow.pl\/wydzialy\/wydzial-ii-instrumentalny\/katedra-instrumentow-detych-i-akordeonu\/pracownicy-katedry\/dr-piotr-lato\/#primaryimage\",\"url\":\"https:\/\/www.amuz.krakow.pl\/wp-content\/uploads\/2024\/03\/Lato-Piotr2_kafel-scaled.jpg\",\"contentUrl\":\"https:\/\/www.amuz.krakow.pl\/wp-content\/uploads\/2024\/03\/Lato-Piotr2_kafel-scaled.jpg\",\"width\":2048,\"height\":1024},{\"@type\":\"BreadcrumbList\",\"@id\":\"https:\/\/www.amuz.krakow.pl\/wydzialy\/wydzial-ii-instrumentalny\/katedra-instrumentow-detych-i-akordeonu\/pracownicy-katedry\/dr-piotr-lato\/#breadcrumb\",\"itemListElement\":[{\"@type\":\"ListItem\",\"position\":1,\"name\":\"Strona g\u0142\u00f3wna\",\"item\":\"https:\/\/www.amuz.krakow.pl\/\"},{\"@type\":\"ListItem\",\"position\":2,\"name\":\"WYDZIA\u0141Y\",\"item\":\"https:\/\/www.amuz.krakow.pl\/wydzialy\/\"},{\"@type\":\"ListItem\",\"position\":3,\"name\":\"Wydzia\u0142 Instrumentalny\",\"item\":\"https:\/\/www.amuz.krakow.pl\/wydzialy\/wydzial-ii-instrumentalny\/\"},{\"@type\":\"ListItem\",\"position\":4,\"name\":\"Katedra Instrument\u00f3w D\u0119tych i Akordeonu\",\"item\":\"https:\/\/www.amuz.krakow.pl\/wydzialy\/wydzial-ii-instrumentalny\/katedra-instrumentow-detych-i-akordeonu\/\"},{\"@type\":\"ListItem\",\"position\":5,\"name\":\"Pracownicy Katedry\",\"item\":\"https:\/\/www.amuz.krakow.pl\/wydzialy\/wydzial-ii-instrumentalny\/katedra-instrumentow-detych-i-akordeonu\/pracownicy-katedry\/\"},{\"@type\":\"ListItem\",\"position\":6,\"name\":\"prof. dr hab. Piotr Lato &#8211; Kierownik Katedry\"}]},{\"@type\":\"WebSite\",\"@id\":\"https:\/\/www.amuz.krakow.pl\/#website\",\"url\":\"https:\/\/www.amuz.krakow.pl\/\",\"name\":\"Akademia Muzyczna im. Krzysztofa Pendereckiego w Krakowie\",\"description\":\"Oficjalna strona Akademii Muzycznej im. Krzysztofa Pendereckiego w Krakowie (AMKP).\",\"publisher\":{\"@id\":\"https:\/\/www.amuz.krakow.pl\/#organization\"},\"alternateName\":\"AMKP\",\"potentialAction\":[{\"@type\":\"SearchAction\",\"target\":{\"@type\":\"EntryPoint\",\"urlTemplate\":\"https:\/\/www.amuz.krakow.pl\/?s={search_term_string}\"},\"query-input\":{\"@type\":\"PropertyValueSpecification\",\"valueRequired\":true,\"valueName\":\"search_term_string\"}}],\"inLanguage\":\"en-US\"},{\"@type\":\"Organization\",\"@id\":\"https:\/\/www.amuz.krakow.pl\/#organization\",\"name\":\"Akademia Muzyczna im. Krzysztofa Pendereckiego w Krakowie\",\"alternateName\":\"AMKP\",\"url\":\"https:\/\/www.amuz.krakow.pl\/\",\"logo\":{\"@type\":\"ImageObject\",\"inLanguage\":\"en-US\",\"@id\":\"https:\/\/www.amuz.krakow.pl\/#\/schema\/logo\/image\/\",\"url\":\"https:\/\/www.amuz.krakow.pl\/wp-content\/uploads\/2021\/11\/amkp.jpg\",\"contentUrl\":\"https:\/\/www.amuz.krakow.pl\/wp-content\/uploads\/2021\/11\/amkp.jpg\",\"width\":1193,\"height\":591,\"caption\":\"Akademia Muzyczna im. Krzysztofa Pendereckiego w Krakowie\"},\"image\":{\"@id\":\"https:\/\/www.amuz.krakow.pl\/#\/schema\/logo\/image\/\"},\"sameAs\":[\"https:\/\/www.facebook.com\/amuz.krakow\",\"https:\/\/www.instagram.com\/amkpenderecki\/\",\"https:\/\/www.youtube.com\/@amkpenderecki4806\"]}]}<\/script>\n<!-- \/ Yoast SEO plugin. -->","yoast_head_json":{"title":"AMKP - Akademia Muzyczna im. Krzysztofa Pendereckiego w Krakowie","robots":{"index":"index","follow":"follow","max-snippet":"max-snippet:-1","max-image-preview":"max-image-preview:large","max-video-preview":"max-video-preview:-1"},"canonical":"https:\/\/www.amuz.krakow.pl\/wydzialy\/wydzial-ii-instrumentalny\/katedra-instrumentow-detych-i-akordeonu\/pracownicy-katedry\/dr-piotr-lato\/","og_locale":"en_US","og_type":"article","og_title":"AMKP - Akademia Muzyczna im. Krzysztofa Pendereckiego w Krakowie","og_description":"Piotr Lato\u00a0is a recipient of numerous awards and distinctions: he entered the semi-finals of the Prague Spring International Clarinet Competition in 2002, received third prize at the 4th Johannes Brahms&hellip; Continue reading","og_url":"https:\/\/www.amuz.krakow.pl\/wydzialy\/wydzial-ii-instrumentalny\/katedra-instrumentow-detych-i-akordeonu\/pracownicy-katedry\/dr-piotr-lato\/","og_site_name":"Akademia Muzyczna im. Krzysztofa Pendereckiego w Krakowie","article_publisher":"https:\/\/www.facebook.com\/amuz.krakow","article_modified_time":"2025-12-15T12:15:56+00:00","og_image":[{"width":2048,"height":1024,"url":"https:\/\/www.amuz.krakow.pl\/wp-content\/uploads\/2024\/03\/Lato-Piotr2_kafel-scaled.jpg","type":"image\/jpeg"}],"twitter_card":"summary_large_image","twitter_misc":{"Est. reading time":"3 minutes"},"schema":{"@context":"https:\/\/schema.org","@graph":[{"@type":"WebPage","@id":"https:\/\/www.amuz.krakow.pl\/wydzialy\/wydzial-ii-instrumentalny\/katedra-instrumentow-detych-i-akordeonu\/pracownicy-katedry\/dr-piotr-lato\/","url":"https:\/\/www.amuz.krakow.pl\/wydzialy\/wydzial-ii-instrumentalny\/katedra-instrumentow-detych-i-akordeonu\/pracownicy-katedry\/dr-piotr-lato\/","name":"AMKP - Akademia Muzyczna im. Krzysztofa Pendereckiego w Krakowie","isPartOf":{"@id":"https:\/\/www.amuz.krakow.pl\/#website"},"primaryImageOfPage":{"@id":"https:\/\/www.amuz.krakow.pl\/wydzialy\/wydzial-ii-instrumentalny\/katedra-instrumentow-detych-i-akordeonu\/pracownicy-katedry\/dr-piotr-lato\/#primaryimage"},"image":{"@id":"https:\/\/www.amuz.krakow.pl\/wydzialy\/wydzial-ii-instrumentalny\/katedra-instrumentow-detych-i-akordeonu\/pracownicy-katedry\/dr-piotr-lato\/#primaryimage"},"thumbnailUrl":"https:\/\/www.amuz.krakow.pl\/wp-content\/uploads\/2024\/03\/Lato-Piotr2_kafel-scaled.jpg","datePublished":"2016-02-16T22:22:25+00:00","dateModified":"2025-12-15T12:15:56+00:00","breadcrumb":{"@id":"https:\/\/www.amuz.krakow.pl\/wydzialy\/wydzial-ii-instrumentalny\/katedra-instrumentow-detych-i-akordeonu\/pracownicy-katedry\/dr-piotr-lato\/#breadcrumb"},"inLanguage":"en-US","potentialAction":[{"@type":"ReadAction","target":["https:\/\/www.amuz.krakow.pl\/wydzialy\/wydzial-ii-instrumentalny\/katedra-instrumentow-detych-i-akordeonu\/pracownicy-katedry\/dr-piotr-lato\/"]}]},{"@type":"ImageObject","inLanguage":"en-US","@id":"https:\/\/www.amuz.krakow.pl\/wydzialy\/wydzial-ii-instrumentalny\/katedra-instrumentow-detych-i-akordeonu\/pracownicy-katedry\/dr-piotr-lato\/#primaryimage","url":"https:\/\/www.amuz.krakow.pl\/wp-content\/uploads\/2024\/03\/Lato-Piotr2_kafel-scaled.jpg","contentUrl":"https:\/\/www.amuz.krakow.pl\/wp-content\/uploads\/2024\/03\/Lato-Piotr2_kafel-scaled.jpg","width":2048,"height":1024},{"@type":"BreadcrumbList","@id":"https:\/\/www.amuz.krakow.pl\/wydzialy\/wydzial-ii-instrumentalny\/katedra-instrumentow-detych-i-akordeonu\/pracownicy-katedry\/dr-piotr-lato\/#breadcrumb","itemListElement":[{"@type":"ListItem","position":1,"name":"Strona g\u0142\u00f3wna","item":"https:\/\/www.amuz.krakow.pl\/"},{"@type":"ListItem","position":2,"name":"WYDZIA\u0141Y","item":"https:\/\/www.amuz.krakow.pl\/wydzialy\/"},{"@type":"ListItem","position":3,"name":"Wydzia\u0142 Instrumentalny","item":"https:\/\/www.amuz.krakow.pl\/wydzialy\/wydzial-ii-instrumentalny\/"},{"@type":"ListItem","position":4,"name":"Katedra Instrument\u00f3w D\u0119tych i Akordeonu","item":"https:\/\/www.amuz.krakow.pl\/wydzialy\/wydzial-ii-instrumentalny\/katedra-instrumentow-detych-i-akordeonu\/"},{"@type":"ListItem","position":5,"name":"Pracownicy Katedry","item":"https:\/\/www.amuz.krakow.pl\/wydzialy\/wydzial-ii-instrumentalny\/katedra-instrumentow-detych-i-akordeonu\/pracownicy-katedry\/"},{"@type":"ListItem","position":6,"name":"prof. dr hab. Piotr Lato &#8211; Kierownik Katedry"}]},{"@type":"WebSite","@id":"https:\/\/www.amuz.krakow.pl\/#website","url":"https:\/\/www.amuz.krakow.pl\/","name":"Akademia Muzyczna im. Krzysztofa Pendereckiego w Krakowie","description":"Oficjalna strona Akademii Muzycznej im. Krzysztofa Pendereckiego w Krakowie (AMKP).","publisher":{"@id":"https:\/\/www.amuz.krakow.pl\/#organization"},"alternateName":"AMKP","potentialAction":[{"@type":"SearchAction","target":{"@type":"EntryPoint","urlTemplate":"https:\/\/www.amuz.krakow.pl\/?s={search_term_string}"},"query-input":{"@type":"PropertyValueSpecification","valueRequired":true,"valueName":"search_term_string"}}],"inLanguage":"en-US"},{"@type":"Organization","@id":"https:\/\/www.amuz.krakow.pl\/#organization","name":"Akademia Muzyczna im. Krzysztofa Pendereckiego w Krakowie","alternateName":"AMKP","url":"https:\/\/www.amuz.krakow.pl\/","logo":{"@type":"ImageObject","inLanguage":"en-US","@id":"https:\/\/www.amuz.krakow.pl\/#\/schema\/logo\/image\/","url":"https:\/\/www.amuz.krakow.pl\/wp-content\/uploads\/2021\/11\/amkp.jpg","contentUrl":"https:\/\/www.amuz.krakow.pl\/wp-content\/uploads\/2021\/11\/amkp.jpg","width":1193,"height":591,"caption":"Akademia Muzyczna im. Krzysztofa Pendereckiego w Krakowie"},"image":{"@id":"https:\/\/www.amuz.krakow.pl\/#\/schema\/logo\/image\/"},"sameAs":["https:\/\/www.facebook.com\/amuz.krakow","https:\/\/www.instagram.com\/amkpenderecki\/","https:\/\/www.youtube.com\/@amkpenderecki4806"]}]}},"_links":{"self":[{"href":"https:\/\/www.amuz.krakow.pl\/en\/wp-json\/wp\/v2\/pages\/2194","targetHints":{"allow":["GET"]}}],"collection":[{"href":"https:\/\/www.amuz.krakow.pl\/en\/wp-json\/wp\/v2\/pages"}],"about":[{"href":"https:\/\/www.amuz.krakow.pl\/en\/wp-json\/wp\/v2\/types\/page"}],"author":[{"embeddable":true,"href":"https:\/\/www.amuz.krakow.pl\/en\/wp-json\/wp\/v2\/users\/72"}],"replies":[{"embeddable":true,"href":"https:\/\/www.amuz.krakow.pl\/en\/wp-json\/wp\/v2\/comments?post=2194"}],"version-history":[{"count":30,"href":"https:\/\/www.amuz.krakow.pl\/en\/wp-json\/wp\/v2\/pages\/2194\/revisions"}],"predecessor-version":[{"id":111899,"href":"https:\/\/www.amuz.krakow.pl\/en\/wp-json\/wp\/v2\/pages\/2194\/revisions\/111899"}],"up":[{"embeddable":true,"href":"https:\/\/www.amuz.krakow.pl\/en\/wp-json\/wp\/v2\/pages\/2139"}],"wp:featuredmedia":[{"embeddable":true,"href":"https:\/\/www.amuz.krakow.pl\/en\/wp-json\/wp\/v2\/media\/84124"}],"wp:attachment":[{"href":"https:\/\/www.amuz.krakow.pl\/en\/wp-json\/wp\/v2\/media?parent=2194"}],"curies":[{"name":"wp","href":"https:\/\/api.w.org\/{rel}","templated":true}]}}