{"id":21876,"date":"2018-02-05T22:20:33","date_gmt":"2018-02-05T21:20:33","guid":{"rendered":"https:\/\/www.amuz.krakow.pl\/?page_id=21876"},"modified":"2026-03-17T13:13:54","modified_gmt":"2026-03-17T12:13:54","slug":"wieslaw-surulo-flet","status":"publish","type":"page","link":"https:\/\/www.amuz.krakow.pl\/en\/letnia-akademia-muzyczna\/wykaz-kursow\/instrumenty-dete\/wieslaw-surulo-flet\/","title":{"rendered":"Wies\u0142aw Suru\u0142o &#8211; flute"},"content":{"rendered":"<p><figure id=\"attachment_24107\" aria-describedby=\"caption-attachment-24107\" style=\"width: 200px\" class=\"wp-caption alignleft\"><a href=\"https:\/\/www.amuz.krakow.pl\/wp-content\/uploads\/2018\/05\/WSuru\u0142o-fot.-J.Ga\u0142ka-J.Krzepkowska.jpg\" target=\"_blank\" rel=\"noopener\"><img loading=\"lazy\" decoding=\"async\" class=\"wp-image-24107\" src=\"https:\/\/www.amuz.krakow.pl\/wp-content\/uploads\/2018\/05\/WSuru\u0142o-fot.-J.Ga\u0142ka-J.Krzepkowska.jpg\" alt=\"\" width=\"200\" height=\"300\" srcset=\"https:\/\/www.amuz.krakow.pl\/wp-content\/uploads\/2018\/05\/WSuru\u0142o-fot.-J.Ga\u0142ka-J.Krzepkowska.jpg 1365w, https:\/\/www.amuz.krakow.pl\/wp-content\/uploads\/2018\/05\/WSuru\u0142o-fot.-J.Ga\u0142ka-J.Krzepkowska-200x300.jpg 200w, https:\/\/www.amuz.krakow.pl\/wp-content\/uploads\/2018\/05\/WSuru\u0142o-fot.-J.Ga\u0142ka-J.Krzepkowska-768x1152.jpg 768w\" sizes=\"auto, (max-width: 200px) 100vw, 200px\" \/><\/a><figcaption id=\"caption-attachment-24107\" class=\"wp-caption-text\">Photo by J.Ga\u0142ka, J.Krzepkowska<\/figcaption><\/figure><\/p>\n<p style=\"text-align: justify;\">In 1995 he graduated from the Academy of Music in Krakow &#8211; class of Professor Kazimierz Moszy\u0144ski.\u00a0 He improved his skills under the guidance of Prof. Meinhart Niedermayr at the Vienna Conservatory. Participant of the master classes conducted by Meinhart Niedermayr and\u00a0 Peter-Lukas Graf, of the BachAkademie Stuttgart orchestral courses under the direction of Helmuth Rilling and of the International Orchesterkurs Attergau conducted by Sir Jehudi Menuhin. Laureate of the second prize at the 3<sup>rd<\/sup> National Flute Competition in 1995 (Krakow), of\u00a0distinctions at the 4<sup>th<\/sup> National InterUniversity Chamber Music Competition in 1996 (Bydgoszcz) in the wind quintet category, and participant of the 2<sup>nd<\/sup> edition of the Aleksander Tansman International Festival and Competition of Musical Personalities in 1998 (\u0141\u00f3d\u017a).<br \/>\nHe collaborates with the Polskie Wydawnictwo Muzyczne (PWM), for which he recorded a\u00a0selection of works for the flute by Polish composers. He made recordings for the Polish Radio and Polish Television. He is active as a concert soloist and chamber musician. He works full-time as teacher of music, conducting numerous courses and methodological workshops. He sits on the jury of many competitions, including those under the patronage of the Centre for Artistic Education. He\u00a0took part in the following festivals: the International Festival of Chamber Music in Zakopane, the Baroque Festival in Spisz, Przemyska Jesie\u0144 Muzyczna [Musical Autumn in Przemy\u015bl], and the International Festival of Organ Music in the Pelplin Cathedral.<br \/>\nSince 1994, he has been working as a soloist in the Krakow Opera, and since 2007 &#8211; as a lecturer at the Academy of Music in Krakow. \u00a0As a Haynes Ambassador Clinician, Wieslaw plays a 5% gold Custom Wm.S. Haynes Flute.<\/p>\n<p><\/p>","protected":false},"excerpt":{"rendered":"<p>In 1995 he graduated from the Academy of Music in Krakow &#8211; class of Professor Kazimierz Moszy\u0144ski.\u00a0 He improved his skills under the guidance of Prof. Meinhart Niedermayr at the&hellip; <a href=\"https:\/\/www.amuz.krakow.pl\/en\/letnia-akademia-muzyczna\/wykaz-kursow\/instrumenty-dete\/wieslaw-surulo-flet\/\">Continue reading<\/a><\/p>\n","protected":false},"author":72,"featured_media":24107,"parent":47055,"menu_order":1,"comment_status":"closed","ping_status":"closed","template":"","meta":{"footnotes":"","_links_to":"","_links_to_target":""},"class_list":["post-21876","page","type-page","status-publish","has-post-thumbnail","hentry"],"yoast_head":"<!-- This site is optimized with the Yoast SEO plugin v27.4 - https:\/\/yoast.com\/product\/yoast-seo-wordpress\/ -->\n<title>AMKP - Akademia Muzyczna im. Krzysztofa Pendereckiego w Krakowie<\/title>\n<meta name=\"robots\" content=\"index, follow, max-snippet:-1, max-image-preview:large, max-video-preview:-1\" \/>\n<link rel=\"canonical\" href=\"https:\/\/www.amuz.krakow.pl\/letnia-akademia-muzyczna\/wykaz-kursow\/instrumenty-dete\/wieslaw-surulo-flet\/\" \/>\n<meta property=\"og:locale\" content=\"en_US\" \/>\n<meta property=\"og:type\" content=\"article\" \/>\n<meta property=\"og:title\" content=\"Wies\u0142aw Suru\u0142o - flet\" \/>\n<meta property=\"og:description\" content=\"dr hab. Wies\u0142aw Suru\u0142o (Polska): w roku 1995 uko\u0144czy\u0142 studia w Akademii Muzycznej w Krakowie w klasie fletu Prof. Kazimierza Moszy\u0144skiego.\u00a0 Swoje umiej\u0119tno\u015bci doskonali\u0142 pod kierunkiem Prof. Meinharta Niedermayra w Wiede\u0144skim Konserwatorium.\u00a0 Bra\u0142 udzia\u0142 w kursach mistrzowskich prowadzonych przez Meinharta Niedermayra, Petera-Lukasa Grafa oraz kursach orkiestrowych BachAkademie Stuttgart pod kierunkiem Helmutha Rillinga oraz International Orchesterkurs Attergau prowadzonego przez Sir Jehudi Menuhina.\u00a0 Jest laureatem II nagrody na III Og\u00f3lnopolskim Konkursie Fletowym w r. 1995 (Krak\u00f3w), wyr\u00f3\u017cnienia na IV Og\u00f3lnopolskim Mi\u0119dzyuczelnianym Konkursie Zespo\u0142\u00f3w Kameralnych w r. 1996 (Bydgoszcz) w kategorii kwintetu d\u0119tego i uczestnikiem II Mi\u0119dzynarodowego Konkursu Indywidualno\u015bci Muzycznych im. Aleksandra Tansmana w r. 1998 (\u0141\u00f3d\u017a).\u00a0 Wsp\u00f3\u0142pracuje z\u00a0Polskim Wydawnictwem Muzycznym, dla kt\u00f3rego dokona\u0142 nagrania wyboru utwor\u00f3w na flet kompozytor\u00f3w polskich.\u00a0 Dokona\u0142 tak\u017ce nagra\u0144 dla Polskiego Radia oraz Telewizji Polskiej, prowadzi dzia\u0142alno\u015b\u0107 koncertow\u0105 jako solista i kameralista. Dzia\u0142a aktywnie jako pedagog prowadz\u0105c liczne kursy i warsztaty metodyczne. Zasiada w jury wielu konkurs\u00f3w, r\u00f3wnie\u017c tych pod patronatem Centrum Edukacji Artystycznych. Bra\u0142 udzia\u0142 w festiwalach:\u00a0 Mi\u0119dzynarodowy Festiwal Muzyki Kameralnej w Zakopanem, Festiwal Barok na Spiszu, Przemyska Jesie\u0144 Muzyczna, Mi\u0119dzynarodowy Festiwal Muzyki Organowej w Katedrze w Pelplinie.\u00a0 Od roku 1994 jest solist\u0105 Opery Krakowskiej, a od roku 2007 wyk\u0142adowc\u0105 w Akademii Muzycznej w Krakowie. Wies\u0142aw Suru\u0142o wsp\u00f3\u0142pracuje z firm\u0105 Wm.S. Haynes jako Haynes Ambassador Clinician, gra na 5% Gold Custom Wm.S. Haynes, wykonanym na zam\u00f3wienie.\" \/>\n<meta property=\"og:url\" content=\"https:\/\/www.amuz.krakow.pl\/letnia-akademia-muzyczna\/wykaz-kursow\/instrumenty-dete\/wieslaw-surulo-flet\/\" \/>\n<meta property=\"og:site_name\" content=\"Akademia Muzyczna im. Krzysztofa Pendereckiego w Krakowie\" \/>\n<meta property=\"article:publisher\" content=\"https:\/\/www.facebook.com\/amuz.krakow\" \/>\n<meta property=\"article:modified_time\" content=\"2026-03-17T12:13:54+00:00\" \/>\n<meta property=\"og:image\" content=\"https:\/\/www.amuz.krakow.pl\/wp-content\/uploads\/2018\/05\/WSuru\u0142o-fot.-J.Ga\u0142ka-J.Krzepkowska.jpg\" \/>\n\t<meta property=\"og:image:width\" content=\"1365\" \/>\n\t<meta property=\"og:image:height\" content=\"2048\" \/>\n\t<meta property=\"og:image:type\" content=\"image\/jpeg\" \/>\n<meta name=\"twitter:card\" content=\"summary_large_image\" \/>\n<meta name=\"twitter:label1\" content=\"Est. reading time\" \/>\n\t<meta name=\"twitter:data1\" content=\"3 minutes\" \/>\n<script type=\"application\/ld+json\" class=\"yoast-schema-graph\">{\"@context\":\"https:\\\/\\\/schema.org\",\"@graph\":[{\"@type\":\"WebPage\",\"@id\":\"https:\\\/\\\/www.amuz.krakow.pl\\\/letnia-akademia-muzyczna\\\/wykaz-kursow\\\/instrumenty-dete\\\/wieslaw-surulo-flet\\\/\",\"url\":\"https:\\\/\\\/www.amuz.krakow.pl\\\/letnia-akademia-muzyczna\\\/wykaz-kursow\\\/instrumenty-dete\\\/wieslaw-surulo-flet\\\/\",\"name\":\"AMKP - Akademia Muzyczna im. Krzysztofa Pendereckiego w Krakowie\",\"isPartOf\":{\"@id\":\"https:\\\/\\\/www.amuz.krakow.pl\\\/#website\"},\"primaryImageOfPage\":{\"@id\":\"https:\\\/\\\/www.amuz.krakow.pl\\\/letnia-akademia-muzyczna\\\/wykaz-kursow\\\/instrumenty-dete\\\/wieslaw-surulo-flet\\\/#primaryimage\"},\"image\":{\"@id\":\"https:\\\/\\\/www.amuz.krakow.pl\\\/letnia-akademia-muzyczna\\\/wykaz-kursow\\\/instrumenty-dete\\\/wieslaw-surulo-flet\\\/#primaryimage\"},\"thumbnailUrl\":\"https:\\\/\\\/www.amuz.krakow.pl\\\/wp-content\\\/uploads\\\/2018\\\/05\\\/WSuru\u0142o-fot.-J.Ga\u0142ka-J.Krzepkowska.jpg\",\"datePublished\":\"2018-02-05T21:20:33+00:00\",\"dateModified\":\"2026-03-17T12:13:54+00:00\",\"breadcrumb\":{\"@id\":\"https:\\\/\\\/www.amuz.krakow.pl\\\/letnia-akademia-muzyczna\\\/wykaz-kursow\\\/instrumenty-dete\\\/wieslaw-surulo-flet\\\/#breadcrumb\"},\"inLanguage\":\"en-US\",\"potentialAction\":[{\"@type\":\"ReadAction\",\"target\":[\"https:\\\/\\\/www.amuz.krakow.pl\\\/letnia-akademia-muzyczna\\\/wykaz-kursow\\\/instrumenty-dete\\\/wieslaw-surulo-flet\\\/\"]}]},{\"@type\":\"ImageObject\",\"inLanguage\":\"en-US\",\"@id\":\"https:\\\/\\\/www.amuz.krakow.pl\\\/letnia-akademia-muzyczna\\\/wykaz-kursow\\\/instrumenty-dete\\\/wieslaw-surulo-flet\\\/#primaryimage\",\"url\":\"https:\\\/\\\/www.amuz.krakow.pl\\\/wp-content\\\/uploads\\\/2018\\\/05\\\/WSuru\u0142o-fot.-J.Ga\u0142ka-J.Krzepkowska.jpg\",\"contentUrl\":\"https:\\\/\\\/www.amuz.krakow.pl\\\/wp-content\\\/uploads\\\/2018\\\/05\\\/WSuru\u0142o-fot.-J.Ga\u0142ka-J.Krzepkowska.jpg\",\"width\":1365,\"height\":2048},{\"@type\":\"BreadcrumbList\",\"@id\":\"https:\\\/\\\/www.amuz.krakow.pl\\\/letnia-akademia-muzyczna\\\/wykaz-kursow\\\/instrumenty-dete\\\/wieslaw-surulo-flet\\\/#breadcrumb\",\"itemListElement\":[{\"@type\":\"ListItem\",\"position\":1,\"name\":\"Strona g\u0142\u00f3wna\",\"item\":\"https:\\\/\\\/www.amuz.krakow.pl\\\/\"},{\"@type\":\"ListItem\",\"position\":2,\"name\":\"Letnia Akademia Muzyczna\",\"item\":\"https:\\\/\\\/www.amuz.krakow.pl\\\/letnia-akademia-muzyczna\\\/\"},{\"@type\":\"ListItem\",\"position\":3,\"name\":\"Wykaz kurs\u00f3w\",\"item\":\"https:\\\/\\\/www.amuz.krakow.pl\\\/letnia-akademia-muzyczna\\\/wykaz-kursow\\\/\"},{\"@type\":\"ListItem\",\"position\":4,\"name\":\"Instrumenty d\u0119te\",\"item\":\"https:\\\/\\\/www.amuz.krakow.pl\\\/letnia-akademia-muzyczna\\\/wykaz-kursow\\\/instrumenty-dete\\\/\"},{\"@type\":\"ListItem\",\"position\":5,\"name\":\"Wies\u0142aw Suru\u0142o &#8211; flet\"}]},{\"@type\":\"WebSite\",\"@id\":\"https:\\\/\\\/www.amuz.krakow.pl\\\/#website\",\"url\":\"https:\\\/\\\/www.amuz.krakow.pl\\\/\",\"name\":\"Akademia Muzyczna im. Krzysztofa Pendereckiego w Krakowie\",\"description\":\"Oficjalna strona Akademii Muzycznej im. Krzysztofa Pendereckiego w Krakowie (AMKP).\",\"publisher\":{\"@id\":\"https:\\\/\\\/www.amuz.krakow.pl\\\/#organization\"},\"alternateName\":\"AMKP\",\"potentialAction\":[{\"@type\":\"SearchAction\",\"target\":{\"@type\":\"EntryPoint\",\"urlTemplate\":\"https:\\\/\\\/www.amuz.krakow.pl\\\/?s={search_term_string}\"},\"query-input\":{\"@type\":\"PropertyValueSpecification\",\"valueRequired\":true,\"valueName\":\"search_term_string\"}}],\"inLanguage\":\"en-US\"},{\"@type\":\"Organization\",\"@id\":\"https:\\\/\\\/www.amuz.krakow.pl\\\/#organization\",\"name\":\"Akademia Muzyczna im. Krzysztofa Pendereckiego w Krakowie\",\"alternateName\":\"AMKP\",\"url\":\"https:\\\/\\\/www.amuz.krakow.pl\\\/\",\"logo\":{\"@type\":\"ImageObject\",\"inLanguage\":\"en-US\",\"@id\":\"https:\\\/\\\/www.amuz.krakow.pl\\\/#\\\/schema\\\/logo\\\/image\\\/\",\"url\":\"https:\\\/\\\/www.amuz.krakow.pl\\\/wp-content\\\/uploads\\\/2021\\\/11\\\/amkp.jpg\",\"contentUrl\":\"https:\\\/\\\/www.amuz.krakow.pl\\\/wp-content\\\/uploads\\\/2021\\\/11\\\/amkp.jpg\",\"width\":1193,\"height\":591,\"caption\":\"Akademia Muzyczna im. Krzysztofa Pendereckiego w Krakowie\"},\"image\":{\"@id\":\"https:\\\/\\\/www.amuz.krakow.pl\\\/#\\\/schema\\\/logo\\\/image\\\/\"},\"sameAs\":[\"https:\\\/\\\/www.facebook.com\\\/amuz.krakow\",\"https:\\\/\\\/www.instagram.com\\\/amkpenderecki\\\/\",\"https:\\\/\\\/www.youtube.com\\\/@amkpenderecki4806\"]}]}<\/script>\n<!-- \/ Yoast SEO plugin. -->","yoast_head_json":{"title":"AMKP - Akademia Muzyczna im. Krzysztofa Pendereckiego w Krakowie","robots":{"index":"index","follow":"follow","max-snippet":"max-snippet:-1","max-image-preview":"max-image-preview:large","max-video-preview":"max-video-preview:-1"},"canonical":"https:\/\/www.amuz.krakow.pl\/letnia-akademia-muzyczna\/wykaz-kursow\/instrumenty-dete\/wieslaw-surulo-flet\/","og_locale":"en_US","og_type":"article","og_title":"Wies\u0142aw Suru\u0142o - flet","og_description":"dr hab. Wies\u0142aw Suru\u0142o (Polska): w roku 1995 uko\u0144czy\u0142 studia w Akademii Muzycznej w Krakowie w klasie fletu Prof. Kazimierza Moszy\u0144skiego.\u00a0 Swoje umiej\u0119tno\u015bci doskonali\u0142 pod kierunkiem Prof. Meinharta Niedermayra w Wiede\u0144skim Konserwatorium.\u00a0 Bra\u0142 udzia\u0142 w kursach mistrzowskich prowadzonych przez Meinharta Niedermayra, Petera-Lukasa Grafa oraz kursach orkiestrowych BachAkademie Stuttgart pod kierunkiem Helmutha Rillinga oraz International Orchesterkurs Attergau prowadzonego przez Sir Jehudi Menuhina.\u00a0 Jest laureatem II nagrody na III Og\u00f3lnopolskim Konkursie Fletowym w r. 1995 (Krak\u00f3w), wyr\u00f3\u017cnienia na IV Og\u00f3lnopolskim Mi\u0119dzyuczelnianym Konkursie Zespo\u0142\u00f3w Kameralnych w r. 1996 (Bydgoszcz) w kategorii kwintetu d\u0119tego i uczestnikiem II Mi\u0119dzynarodowego Konkursu Indywidualno\u015bci Muzycznych im. Aleksandra Tansmana w r. 1998 (\u0141\u00f3d\u017a).\u00a0 Wsp\u00f3\u0142pracuje z\u00a0Polskim Wydawnictwem Muzycznym, dla kt\u00f3rego dokona\u0142 nagrania wyboru utwor\u00f3w na flet kompozytor\u00f3w polskich.\u00a0 Dokona\u0142 tak\u017ce nagra\u0144 dla Polskiego Radia oraz Telewizji Polskiej, prowadzi dzia\u0142alno\u015b\u0107 koncertow\u0105 jako solista i kameralista. Dzia\u0142a aktywnie jako pedagog prowadz\u0105c liczne kursy i warsztaty metodyczne. Zasiada w jury wielu konkurs\u00f3w, r\u00f3wnie\u017c tych pod patronatem Centrum Edukacji Artystycznych. Bra\u0142 udzia\u0142 w festiwalach:\u00a0 Mi\u0119dzynarodowy Festiwal Muzyki Kameralnej w Zakopanem, Festiwal Barok na Spiszu, Przemyska Jesie\u0144 Muzyczna, Mi\u0119dzynarodowy Festiwal Muzyki Organowej w Katedrze w Pelplinie.\u00a0 Od roku 1994 jest solist\u0105 Opery Krakowskiej, a od roku 2007 wyk\u0142adowc\u0105 w Akademii Muzycznej w Krakowie. Wies\u0142aw Suru\u0142o wsp\u00f3\u0142pracuje z firm\u0105 Wm.S. Haynes jako Haynes Ambassador Clinician, gra na 5% Gold Custom Wm.S. Haynes, wykonanym na zam\u00f3wienie.","og_url":"https:\/\/www.amuz.krakow.pl\/letnia-akademia-muzyczna\/wykaz-kursow\/instrumenty-dete\/wieslaw-surulo-flet\/","og_site_name":"Akademia Muzyczna im. Krzysztofa Pendereckiego w Krakowie","article_publisher":"https:\/\/www.facebook.com\/amuz.krakow","article_modified_time":"2026-03-17T12:13:54+00:00","og_image":[{"width":1365,"height":2048,"url":"https:\/\/www.amuz.krakow.pl\/wp-content\/uploads\/2018\/05\/WSuru\u0142o-fot.-J.Ga\u0142ka-J.Krzepkowska.jpg","type":"image\/jpeg"}],"twitter_card":"summary_large_image","twitter_misc":{"Est. reading time":"3 minutes"},"schema":{"@context":"https:\/\/schema.org","@graph":[{"@type":"WebPage","@id":"https:\/\/www.amuz.krakow.pl\/letnia-akademia-muzyczna\/wykaz-kursow\/instrumenty-dete\/wieslaw-surulo-flet\/","url":"https:\/\/www.amuz.krakow.pl\/letnia-akademia-muzyczna\/wykaz-kursow\/instrumenty-dete\/wieslaw-surulo-flet\/","name":"AMKP - Akademia Muzyczna im. Krzysztofa Pendereckiego w Krakowie","isPartOf":{"@id":"https:\/\/www.amuz.krakow.pl\/#website"},"primaryImageOfPage":{"@id":"https:\/\/www.amuz.krakow.pl\/letnia-akademia-muzyczna\/wykaz-kursow\/instrumenty-dete\/wieslaw-surulo-flet\/#primaryimage"},"image":{"@id":"https:\/\/www.amuz.krakow.pl\/letnia-akademia-muzyczna\/wykaz-kursow\/instrumenty-dete\/wieslaw-surulo-flet\/#primaryimage"},"thumbnailUrl":"https:\/\/www.amuz.krakow.pl\/wp-content\/uploads\/2018\/05\/WSuru\u0142o-fot.-J.Ga\u0142ka-J.Krzepkowska.jpg","datePublished":"2018-02-05T21:20:33+00:00","dateModified":"2026-03-17T12:13:54+00:00","breadcrumb":{"@id":"https:\/\/www.amuz.krakow.pl\/letnia-akademia-muzyczna\/wykaz-kursow\/instrumenty-dete\/wieslaw-surulo-flet\/#breadcrumb"},"inLanguage":"en-US","potentialAction":[{"@type":"ReadAction","target":["https:\/\/www.amuz.krakow.pl\/letnia-akademia-muzyczna\/wykaz-kursow\/instrumenty-dete\/wieslaw-surulo-flet\/"]}]},{"@type":"ImageObject","inLanguage":"en-US","@id":"https:\/\/www.amuz.krakow.pl\/letnia-akademia-muzyczna\/wykaz-kursow\/instrumenty-dete\/wieslaw-surulo-flet\/#primaryimage","url":"https:\/\/www.amuz.krakow.pl\/wp-content\/uploads\/2018\/05\/WSuru\u0142o-fot.-J.Ga\u0142ka-J.Krzepkowska.jpg","contentUrl":"https:\/\/www.amuz.krakow.pl\/wp-content\/uploads\/2018\/05\/WSuru\u0142o-fot.-J.Ga\u0142ka-J.Krzepkowska.jpg","width":1365,"height":2048},{"@type":"BreadcrumbList","@id":"https:\/\/www.amuz.krakow.pl\/letnia-akademia-muzyczna\/wykaz-kursow\/instrumenty-dete\/wieslaw-surulo-flet\/#breadcrumb","itemListElement":[{"@type":"ListItem","position":1,"name":"Strona g\u0142\u00f3wna","item":"https:\/\/www.amuz.krakow.pl\/"},{"@type":"ListItem","position":2,"name":"Letnia Akademia Muzyczna","item":"https:\/\/www.amuz.krakow.pl\/letnia-akademia-muzyczna\/"},{"@type":"ListItem","position":3,"name":"Wykaz kurs\u00f3w","item":"https:\/\/www.amuz.krakow.pl\/letnia-akademia-muzyczna\/wykaz-kursow\/"},{"@type":"ListItem","position":4,"name":"Instrumenty d\u0119te","item":"https:\/\/www.amuz.krakow.pl\/letnia-akademia-muzyczna\/wykaz-kursow\/instrumenty-dete\/"},{"@type":"ListItem","position":5,"name":"Wies\u0142aw Suru\u0142o &#8211; flet"}]},{"@type":"WebSite","@id":"https:\/\/www.amuz.krakow.pl\/#website","url":"https:\/\/www.amuz.krakow.pl\/","name":"Akademia Muzyczna im. Krzysztofa Pendereckiego w Krakowie","description":"Oficjalna strona Akademii Muzycznej im. Krzysztofa Pendereckiego w Krakowie (AMKP).","publisher":{"@id":"https:\/\/www.amuz.krakow.pl\/#organization"},"alternateName":"AMKP","potentialAction":[{"@type":"SearchAction","target":{"@type":"EntryPoint","urlTemplate":"https:\/\/www.amuz.krakow.pl\/?s={search_term_string}"},"query-input":{"@type":"PropertyValueSpecification","valueRequired":true,"valueName":"search_term_string"}}],"inLanguage":"en-US"},{"@type":"Organization","@id":"https:\/\/www.amuz.krakow.pl\/#organization","name":"Akademia Muzyczna im. Krzysztofa Pendereckiego w Krakowie","alternateName":"AMKP","url":"https:\/\/www.amuz.krakow.pl\/","logo":{"@type":"ImageObject","inLanguage":"en-US","@id":"https:\/\/www.amuz.krakow.pl\/#\/schema\/logo\/image\/","url":"https:\/\/www.amuz.krakow.pl\/wp-content\/uploads\/2021\/11\/amkp.jpg","contentUrl":"https:\/\/www.amuz.krakow.pl\/wp-content\/uploads\/2021\/11\/amkp.jpg","width":1193,"height":591,"caption":"Akademia Muzyczna im. Krzysztofa Pendereckiego w Krakowie"},"image":{"@id":"https:\/\/www.amuz.krakow.pl\/#\/schema\/logo\/image\/"},"sameAs":["https:\/\/www.facebook.com\/amuz.krakow","https:\/\/www.instagram.com\/amkpenderecki\/","https:\/\/www.youtube.com\/@amkpenderecki4806"]}]}},"_links":{"self":[{"href":"https:\/\/www.amuz.krakow.pl\/en\/wp-json\/wp\/v2\/pages\/21876","targetHints":{"allow":["GET"]}}],"collection":[{"href":"https:\/\/www.amuz.krakow.pl\/en\/wp-json\/wp\/v2\/pages"}],"about":[{"href":"https:\/\/www.amuz.krakow.pl\/en\/wp-json\/wp\/v2\/types\/page"}],"author":[{"embeddable":true,"href":"https:\/\/www.amuz.krakow.pl\/en\/wp-json\/wp\/v2\/users\/72"}],"replies":[{"embeddable":true,"href":"https:\/\/www.amuz.krakow.pl\/en\/wp-json\/wp\/v2\/comments?post=21876"}],"version-history":[{"count":9,"href":"https:\/\/www.amuz.krakow.pl\/en\/wp-json\/wp\/v2\/pages\/21876\/revisions"}],"predecessor-version":[{"id":71514,"href":"https:\/\/www.amuz.krakow.pl\/en\/wp-json\/wp\/v2\/pages\/21876\/revisions\/71514"}],"up":[{"embeddable":true,"href":"https:\/\/www.amuz.krakow.pl\/en\/wp-json\/wp\/v2\/pages\/47055"}],"wp:featuredmedia":[{"embeddable":true,"href":"https:\/\/www.amuz.krakow.pl\/en\/wp-json\/wp\/v2\/media\/24107"}],"wp:attachment":[{"href":"https:\/\/www.amuz.krakow.pl\/en\/wp-json\/wp\/v2\/media?parent=21876"}],"curies":[{"name":"wp","href":"https:\/\/api.w.org\/{rel}","templated":true}]}}