{"id":21874,"date":"2018-02-05T22:18:48","date_gmt":"2018-02-05T21:18:48","guid":{"rendered":"https:\/\/www.amuz.krakow.pl\/?page_id=21874"},"modified":"2026-04-08T13:28:46","modified_gmt":"2026-04-08T11:28:46","slug":"jan-kalinowski-wiolonczela","status":"publish","type":"page","link":"https:\/\/www.amuz.krakow.pl\/en\/letnia-akademia-muzyczna\/wykaz-kursow\/instrumenty-smyczkowe\/jan-kalinowski-wiolonczela\/","title":{"rendered":"Jan Kalinowski &#8211; cello"},"content":{"rendered":"<p><figure id=\"attachment_116940\" aria-describedby=\"caption-attachment-116940\" style=\"width: 300px\" class=\"wp-caption aligncenter\"><a href=\"https:\/\/www.amuz.krakow.pl\/wp-content\/uploads\/2026\/03\/Jan-Kalinowski_-fot.-Anita-Wasik-Plocinska-scaled.jpg\" target=\"_blank\" rel=\"noopener\"><img loading=\"lazy\" decoding=\"async\" class=\"wp-image-116940 size-medium\" src=\"https:\/\/www.amuz.krakow.pl\/wp-content\/uploads\/2026\/03\/Jan-Kalinowski_-fot.-Anita-Wasik-Plocinska-300x200.jpg\" alt=\"\" width=\"300\" height=\"200\" srcset=\"https:\/\/www.amuz.krakow.pl\/wp-content\/uploads\/2026\/03\/Jan-Kalinowski_-fot.-Anita-Wasik-Plocinska-300x200.jpg 300w, https:\/\/www.amuz.krakow.pl\/wp-content\/uploads\/2026\/03\/Jan-Kalinowski_-fot.-Anita-Wasik-Plocinska-scaled.jpg 2048w, https:\/\/www.amuz.krakow.pl\/wp-content\/uploads\/2026\/03\/Jan-Kalinowski_-fot.-Anita-Wasik-Plocinska-768x512.jpg 768w, https:\/\/www.amuz.krakow.pl\/wp-content\/uploads\/2026\/03\/Jan-Kalinowski_-fot.-Anita-Wasik-Plocinska-1536x1024.jpg 1536w\" sizes=\"auto, (max-width: 300px) 100vw, 300px\" \/><\/a><figcaption id=\"caption-attachment-116940\" class=\"wp-caption-text\">photo by Anita Wa\u0328sik-P\u0142ocin\u0301ska<\/figcaption><\/figure><\/p>\n<p>He studied at the Krzysztof Penderecki Music Academy in Krakow, at the \u00c9cole Normale de Musique in Paris and the Staatliche Hochschule f\u00fcr Musik und Darstellende Kunst in Stuttgart under the guidance of Professors: Witold Herman, Paul Julien and Peter Buck. He has also taken part in master classes given by David Geringas, Ivan Monighetti and Arto Noras. Jan Kalinowski recorded for radio and television. As a solist he has been performing under the baton of many renowned conductors, such as: Rauf Abdullayev, \u0141ukasz Borowicz, Wojciech Czepiel, Jacek Rafa\u0142 Delekta, Micha\u0142 Dworzy\u0144ski, Jacek Kasprzyk, Adam Klocek, Pawe\u0142 Kotla, Jurek Dyba\u0142, Pawe\u0142 Kapu\u0142a, Pawe\u0142 Przytocki, Daniel Rajskin, Jacek Rogala, Maciej Tworek and Antoni Wit.<\/p>\n<p>He performed on the most prestigious stages in the world, including Seoul Arts Center in Seoul, Alfred Newman Hall in Los Angeles, Carnegie Hall in New York, Palacio de Bellas Artes in Mexico, Salle Cortot in Paris, St. Martin-in-the-Fields in London, and Concertgebouw in Amsterdam. He made a few-weeks-long tours promoting Polish music in such countries and regions, as: Middle East (2006); Caucasus (2013); Georgia (2014); USA and South Korea (2015); Mexico (2015; 2016); Brazil and Argentina (2016; 2017); USA (2017); China (2018).<\/p>\n<p>In 2001 he started working together with pianist Marek Szlezer. Since then, they have been performing in Poland and abroad as Cracow Duo. The ensembles\u2019s albums have received numerous awards and distinctions: Aleksander Tansman \u2013 works for cello and piano (DUX, 2009), Fryderyk Chopin \u2013 chamber works (DUX, 2010; with the participation of Bart\u0142omiej Nizio\u0142; La Clef de ResMusica award and nomination for the Program 3 PR Polish Music Lovers Awards), Krzysztof Penderecki \u2013 chamber works vol. I (DUX, 2014, Gramophone Editor\u2019s Choice award). The musicians took part in the recording of the album\u00a0<em>real life song<\/em>\u00a0by Joanna Freszel (DUX, 2015, Prix de la SACD award). In 2018, the\u00a0<em>Polish Music Experience<\/em>\u00a0album, recorded with the accompaniment of orchestra Sinfonietta Cracovia under the baton of Jurek Dyba\u0142 was released by Warner Classics. In 2021, on the 20th anniversary of the Cracow Duo, musicians recorded an album entitled Classics &amp; Discoveries (DUX, 2021), composed from the most famous pieces for cello and piano combined with lesser-known extraordinary musical discoveries. They also published\u00a0<em>Dedications vol. 1-3 series\u00a0<\/em>(DUX, 2013, 2023), which is a registration of works written for Cracow Duo by Polish contemporary composers.\u00a0Recordings of musicians, in addition to favorable reviews have received numerous nominations for the Fryderyk Award (Polish Phonographic Industry Award). In 2024 they received the Golden Diploma in the Chamber Ensemble category and the Bronze Diploma in the Phonograph Record category of the 4th International Competition \u201cMusical Eagles\u201d.<\/p>\n<p>He is fascinated with music written by rarely performed Polish composers. He tirelessly performs works by Fryderyk Chopin, Aleksander Tansman, Karol Szymanowski, Zygmunt Stojowski, Szymon Laks, Ludomir R\u00f3\u017cycki and Tadeusz Majerski, among others, and a number of contemporary works, written especially for Marek Szlezer and him by many Polish and foreign authors. Krzysztof Meyer (2017), Marta Ptaszy\u0144ska (2019) and Piotr Moss (2020) have dedicated their instrumental concerts to them.<\/p>\n<p>In 2014 DUX Recording Producers released a CD with his original project called\u00a0<em>Polish cello music<\/em>. Jan Kalinowski also recorded Johann Sebastian Bach\u2019s 5th Suite for the Bach Society and took part in the recording of the album: Krzysztof Penderecki \u2013 chamber works vol. II Violoncello Totale (DUX, 2017).<\/p>\n<p>In 2022 he was awarded the title of professor. Since 2024, he has been the Dean of the Instrumental Faculty at the Krzysztof Penderecki Academy of Music in Krakow. For his artistic activity and commitment to promote Polish music, he was awarded the honorary badge\u00a0<em>Meritorious for Polish Culture<\/em>\u00a0by the Minister of Culture and National Heritage.<\/p>\n<p>Jan Kalinowski has been playing on the cello made by Wojciech Topa since 2012.<\/p>\n<p><a href=\"https:\/\/www.jankalinowski.com\/en\/home\" target=\"_blank\" rel=\"noopener\">Official website<\/a><\/p>","protected":false},"excerpt":{"rendered":"<p>He studied at the Krzysztof Penderecki Music Academy in Krakow, at the \u00c9cole Normale de Musique in Paris and the Staatliche Hochschule f\u00fcr Musik und Darstellende Kunst in Stuttgart under&hellip; <a href=\"https:\/\/www.amuz.krakow.pl\/en\/letnia-akademia-muzyczna\/wykaz-kursow\/instrumenty-smyczkowe\/jan-kalinowski-wiolonczela\/\">Continue reading<\/a><\/p>\n","protected":false},"author":72,"featured_media":116940,"parent":47052,"menu_order":47,"comment_status":"closed","ping_status":"closed","template":"","meta":{"footnotes":"","_links_to":"","_links_to_target":""},"class_list":["post-21874","page","type-page","status-publish","has-post-thumbnail","hentry"],"yoast_head":"<!-- This site is optimized with the Yoast SEO plugin v27.4 - https:\/\/yoast.com\/product\/yoast-seo-wordpress\/ -->\n<title>AMKP - Akademia Muzyczna im. Krzysztofa Pendereckiego w Krakowie<\/title>\n<meta name=\"robots\" content=\"index, follow, max-snippet:-1, max-image-preview:large, max-video-preview:-1\" \/>\n<link rel=\"canonical\" href=\"https:\/\/www.amuz.krakow.pl\/letnia-akademia-muzyczna\/wykaz-kursow\/instrumenty-smyczkowe\/jan-kalinowski-wiolonczela\/\" \/>\n<meta property=\"og:locale\" content=\"en_US\" \/>\n<meta property=\"og:type\" content=\"article\" \/>\n<meta property=\"og:title\" content=\"Jan Kalinowski - wiolonczela\" \/>\n<meta property=\"og:description\" content=\"(ur. 1982) kszta\u0142ci\u0142 si\u0119 w Akademii Muzycznej w\u00a0Krakowie, \u00c9cole Normale de Musique w Pary\u017cu i Staatliche Hochschule f\u00fcr Musik und Darstellende Kunst w Stuttgarcie pod kierunkiem m.in. prof.: Witolda Hermana, Paula Julien i Petera Bucka. Uczestniczy\u0142 w kursach mistrzowskich u tak znanych artyst\u00f3w jak: David Geringas, Ivan Monighetti i Arto Noras. Jest stypendyst\u0105 fundacji polskich i zagranicznych, a\u00a0tak\u017ce Miasta Krakowa, Wojew\u00f3dztwa Ma\u0142opolskiego oraz Ministerstwa Kultury i\u00a0Dziedzictwa Narodowego. Wraz z\u00a0Markiem Szlezerem od 2001 r. wsp\u00f3\u0142tworzy zesp\u00f3\u0142 \u201eCracow Duo\u201d, koncertuj\u0105c w\u00a0Polsce i\u00a0na \u015bwiecie. W roku 2015 arty\u015bci zadebiutowali m.in. w Seoul Arts Center w Seulu, Alfred Newman Hall w Los Angeles oraz w nowojorskiej Carnegie Hall gdzie wykonali koncert z okazji 205. rocznicy urodzin Fryderyka Chopina. Arty\u015bci odbyli dwie trasy koncertowe po Meksyku i Ameryce Po\u0142udniowej, kt\u00f3re zainaugurowa\u0142 ich debiut w sali koncertowej Palacio de Bellas Artes. W 2017 roku odbyli miesi\u0119czne tourn\u00e9e po Stanach Zjednoczonych. Wielu polskich i zagranicznych kompozytor\u00f3w po\u015bwi\u0119ci\u0142o im swoje utwory m.in. Krzysztof Meyer, kt\u00f3rego Musica concertante na wiolonczel\u0119, fortepian, orkiestr\u0119 smyczkow\u0105 i perkusj\u0119 arty\u015bci prawykonali z Sinfoniett\u0105 Cracovia pod dyrekcj\u0105 Jurka Dyba\u0142a w grudniu 2017 roku. Do znacz\u0105cych dokona\u0144 Jana Kalinowskiego nale\u017c\u0105 liczne nagrania dla radia i telewizji oraz dla wytw\u00f3rni DUX. Wraz z Markiem Szlezerem nagra\u0142 dla tej wytworni w 2009 r. p\u0142yt\u0119 kompaktow\u0105 z utworami Tansmana, kt\u00f3ra otrzyma\u0142a nagrod\u0119 francuskiej krytyki La Clef de ResMusica. Kolejna p\u0142yta monograficzna z kompletem dzie\u0142 kameralnych Chopina, nagrana wraz z Bart\u0142omiejem Nizio\u0142em i Markiem Szlezerem otrzyma\u0142a nominacj\u0119 do Narody Akademii Fonograficznej Fryderyk. W 2013 r. nagra\u0142 p\u0142yt\u0119 Polsk\u0105 muzyka wiolonczelowa zawieraj\u0105c\u0105 utwory na sk\u0142ady od jednej do o\u015bmiu wiolonczel. W 2014 r. ukaza\u0142a si\u0119 p\u0142yta\u00a0Dedykacje\u00a0nagrana wraz z pianist\u0105 Markiem Szlezerem, z utworami napisanymi dla artyst\u00f3w przez krakowskich kompozytor\u00f3w. Nast\u0119pna p\u0142yta\u00a0Krzysztof Penderecki - utwory kameralne, opublikowana z okazji 80. urodzin maestro, otrzyma\u0142a nagrod\u0119\u00a0Gramophone Editor\u2019s Choice\u00a0w lutym 2015 r. i nominacj\u0119 do Narody Akademii Fonograficznej Fryderyk 2015. P\u0142yta Joanny Freszel\u00a0real life song, nagrana z udzia\u0142em artysty otrzyma\u0142a dwie nominacje do Nagrody Akademii Fonograficznej Fryderyk 2016. Jan Kalinowski jako solista wyst\u0119powa\u0142 m.in. pod batut\u0105 Raufa Abdullayeva, \u0141ukasza Borowicza, Wojciecha Czepiela, Jacka Rafa\u0142a Delekty, Jurka Dyba\u0142a, Micha\u0142a Dworzy\u0144skiego, Jacka Kaspszyka, Adama Klocka, Paw\u0142a Kotli, Paw\u0142a Przytockiego, Daniela Rajskina i Macieja Tworka. Jan Kalinowski jest adiunktem Akademii Muzycznej w Krakowie, gdzie w roku 2015 otrzyma\u0142 tytu\u0142 doktora habilitowanego sztuk muzycznych. Prowadzi\u0142 kursy w ramach wymiany mi\u0119dzyuczelnianej (m.in. w Bremie, Karlsruhe, Mannheimie, Brukseli, Bratys\u0142awie, Fermo i Tbilisi). Jan Kalinowski gra na instrumencie Wojciecha Topy z roku 2014.\" \/>\n<meta property=\"og:url\" content=\"https:\/\/www.amuz.krakow.pl\/letnia-akademia-muzyczna\/wykaz-kursow\/instrumenty-smyczkowe\/jan-kalinowski-wiolonczela\/\" \/>\n<meta property=\"og:site_name\" content=\"Akademia Muzyczna im. Krzysztofa Pendereckiego w Krakowie\" \/>\n<meta property=\"article:publisher\" content=\"https:\/\/www.facebook.com\/amuz.krakow\" \/>\n<meta property=\"article:modified_time\" content=\"2026-04-08T11:28:46+00:00\" \/>\n<meta property=\"og:image\" content=\"https:\/\/www.amuz.krakow.pl\/wp-content\/uploads\/2018\/02\/4.jpg\" \/>\n\t<meta property=\"og:image:width\" content=\"825\" \/>\n\t<meta property=\"og:image:height\" content=\"1100\" \/>\n\t<meta property=\"og:image:type\" content=\"image\/jpeg\" \/>\n<meta name=\"twitter:card\" content=\"summary_large_image\" \/>\n<meta name=\"twitter:label1\" content=\"Est. reading time\" \/>\n\t<meta name=\"twitter:data1\" content=\"5 minutes\" \/>\n<script type=\"application\/ld+json\" class=\"yoast-schema-graph\">{\"@context\":\"https:\\\/\\\/schema.org\",\"@graph\":[{\"@type\":\"WebPage\",\"@id\":\"https:\\\/\\\/www.amuz.krakow.pl\\\/letnia-akademia-muzyczna\\\/wykaz-kursow\\\/instrumenty-smyczkowe\\\/jan-kalinowski-wiolonczela\\\/\",\"url\":\"https:\\\/\\\/www.amuz.krakow.pl\\\/letnia-akademia-muzyczna\\\/wykaz-kursow\\\/instrumenty-smyczkowe\\\/jan-kalinowski-wiolonczela\\\/\",\"name\":\"AMKP - Akademia Muzyczna im. Krzysztofa Pendereckiego w Krakowie\",\"isPartOf\":{\"@id\":\"https:\\\/\\\/www.amuz.krakow.pl\\\/#website\"},\"primaryImageOfPage\":{\"@id\":\"https:\\\/\\\/www.amuz.krakow.pl\\\/letnia-akademia-muzyczna\\\/wykaz-kursow\\\/instrumenty-smyczkowe\\\/jan-kalinowski-wiolonczela\\\/#primaryimage\"},\"image\":{\"@id\":\"https:\\\/\\\/www.amuz.krakow.pl\\\/letnia-akademia-muzyczna\\\/wykaz-kursow\\\/instrumenty-smyczkowe\\\/jan-kalinowski-wiolonczela\\\/#primaryimage\"},\"thumbnailUrl\":\"https:\\\/\\\/www.amuz.krakow.pl\\\/wp-content\\\/uploads\\\/2026\\\/03\\\/Jan-Kalinowski_-fot.-Anita-Wasik-Plocinska-scaled.jpg\",\"datePublished\":\"2018-02-05T21:18:48+00:00\",\"dateModified\":\"2026-04-08T11:28:46+00:00\",\"breadcrumb\":{\"@id\":\"https:\\\/\\\/www.amuz.krakow.pl\\\/letnia-akademia-muzyczna\\\/wykaz-kursow\\\/instrumenty-smyczkowe\\\/jan-kalinowski-wiolonczela\\\/#breadcrumb\"},\"inLanguage\":\"en-US\",\"potentialAction\":[{\"@type\":\"ReadAction\",\"target\":[\"https:\\\/\\\/www.amuz.krakow.pl\\\/letnia-akademia-muzyczna\\\/wykaz-kursow\\\/instrumenty-smyczkowe\\\/jan-kalinowski-wiolonczela\\\/\"]}]},{\"@type\":\"ImageObject\",\"inLanguage\":\"en-US\",\"@id\":\"https:\\\/\\\/www.amuz.krakow.pl\\\/letnia-akademia-muzyczna\\\/wykaz-kursow\\\/instrumenty-smyczkowe\\\/jan-kalinowski-wiolonczela\\\/#primaryimage\",\"url\":\"https:\\\/\\\/www.amuz.krakow.pl\\\/wp-content\\\/uploads\\\/2026\\\/03\\\/Jan-Kalinowski_-fot.-Anita-Wasik-Plocinska-scaled.jpg\",\"contentUrl\":\"https:\\\/\\\/www.amuz.krakow.pl\\\/wp-content\\\/uploads\\\/2026\\\/03\\\/Jan-Kalinowski_-fot.-Anita-Wasik-Plocinska-scaled.jpg\",\"width\":2048,\"height\":1365,\"caption\":\"fot. Anita Wa\u0328sik-P\u0142ocin\u0301ska\"},{\"@type\":\"BreadcrumbList\",\"@id\":\"https:\\\/\\\/www.amuz.krakow.pl\\\/letnia-akademia-muzyczna\\\/wykaz-kursow\\\/instrumenty-smyczkowe\\\/jan-kalinowski-wiolonczela\\\/#breadcrumb\",\"itemListElement\":[{\"@type\":\"ListItem\",\"position\":1,\"name\":\"Strona g\u0142\u00f3wna\",\"item\":\"https:\\\/\\\/www.amuz.krakow.pl\\\/\"},{\"@type\":\"ListItem\",\"position\":2,\"name\":\"Letnia Akademia Muzyczna\",\"item\":\"https:\\\/\\\/www.amuz.krakow.pl\\\/letnia-akademia-muzyczna\\\/\"},{\"@type\":\"ListItem\",\"position\":3,\"name\":\"Wykaz kurs\u00f3w\",\"item\":\"https:\\\/\\\/www.amuz.krakow.pl\\\/letnia-akademia-muzyczna\\\/wykaz-kursow\\\/\"},{\"@type\":\"ListItem\",\"position\":4,\"name\":\"Instrumenty strunowe\",\"item\":\"https:\\\/\\\/www.amuz.krakow.pl\\\/letnia-akademia-muzyczna\\\/wykaz-kursow\\\/instrumenty-smyczkowe\\\/\"},{\"@type\":\"ListItem\",\"position\":5,\"name\":\"Jan Kalinowski &#8211; wiolonczela\"}]},{\"@type\":\"WebSite\",\"@id\":\"https:\\\/\\\/www.amuz.krakow.pl\\\/#website\",\"url\":\"https:\\\/\\\/www.amuz.krakow.pl\\\/\",\"name\":\"Akademia Muzyczna im. Krzysztofa Pendereckiego w Krakowie\",\"description\":\"Oficjalna strona Akademii Muzycznej im. Krzysztofa Pendereckiego w Krakowie (AMKP).\",\"publisher\":{\"@id\":\"https:\\\/\\\/www.amuz.krakow.pl\\\/#organization\"},\"alternateName\":\"AMKP\",\"potentialAction\":[{\"@type\":\"SearchAction\",\"target\":{\"@type\":\"EntryPoint\",\"urlTemplate\":\"https:\\\/\\\/www.amuz.krakow.pl\\\/?s={search_term_string}\"},\"query-input\":{\"@type\":\"PropertyValueSpecification\",\"valueRequired\":true,\"valueName\":\"search_term_string\"}}],\"inLanguage\":\"en-US\"},{\"@type\":\"Organization\",\"@id\":\"https:\\\/\\\/www.amuz.krakow.pl\\\/#organization\",\"name\":\"Akademia Muzyczna im. Krzysztofa Pendereckiego w Krakowie\",\"alternateName\":\"AMKP\",\"url\":\"https:\\\/\\\/www.amuz.krakow.pl\\\/\",\"logo\":{\"@type\":\"ImageObject\",\"inLanguage\":\"en-US\",\"@id\":\"https:\\\/\\\/www.amuz.krakow.pl\\\/#\\\/schema\\\/logo\\\/image\\\/\",\"url\":\"https:\\\/\\\/www.amuz.krakow.pl\\\/wp-content\\\/uploads\\\/2021\\\/11\\\/amkp.jpg\",\"contentUrl\":\"https:\\\/\\\/www.amuz.krakow.pl\\\/wp-content\\\/uploads\\\/2021\\\/11\\\/amkp.jpg\",\"width\":1193,\"height\":591,\"caption\":\"Akademia Muzyczna im. Krzysztofa Pendereckiego w Krakowie\"},\"image\":{\"@id\":\"https:\\\/\\\/www.amuz.krakow.pl\\\/#\\\/schema\\\/logo\\\/image\\\/\"},\"sameAs\":[\"https:\\\/\\\/www.facebook.com\\\/amuz.krakow\",\"https:\\\/\\\/www.instagram.com\\\/amkpenderecki\\\/\",\"https:\\\/\\\/www.youtube.com\\\/@amkpenderecki4806\"]}]}<\/script>\n<!-- \/ Yoast SEO plugin. -->","yoast_head_json":{"title":"AMKP - Akademia Muzyczna im. Krzysztofa Pendereckiego w Krakowie","robots":{"index":"index","follow":"follow","max-snippet":"max-snippet:-1","max-image-preview":"max-image-preview:large","max-video-preview":"max-video-preview:-1"},"canonical":"https:\/\/www.amuz.krakow.pl\/letnia-akademia-muzyczna\/wykaz-kursow\/instrumenty-smyczkowe\/jan-kalinowski-wiolonczela\/","og_locale":"en_US","og_type":"article","og_title":"Jan Kalinowski - wiolonczela","og_description":"(ur. 1982) kszta\u0142ci\u0142 si\u0119 w Akademii Muzycznej w\u00a0Krakowie, \u00c9cole Normale de Musique w Pary\u017cu i Staatliche Hochschule f\u00fcr Musik und Darstellende Kunst w Stuttgarcie pod kierunkiem m.in. prof.: Witolda Hermana, Paula Julien i Petera Bucka. Uczestniczy\u0142 w kursach mistrzowskich u tak znanych artyst\u00f3w jak: David Geringas, Ivan Monighetti i Arto Noras. Jest stypendyst\u0105 fundacji polskich i zagranicznych, a\u00a0tak\u017ce Miasta Krakowa, Wojew\u00f3dztwa Ma\u0142opolskiego oraz Ministerstwa Kultury i\u00a0Dziedzictwa Narodowego. Wraz z\u00a0Markiem Szlezerem od 2001 r. wsp\u00f3\u0142tworzy zesp\u00f3\u0142 \u201eCracow Duo\u201d, koncertuj\u0105c w\u00a0Polsce i\u00a0na \u015bwiecie. W roku 2015 arty\u015bci zadebiutowali m.in. w Seoul Arts Center w Seulu, Alfred Newman Hall w Los Angeles oraz w nowojorskiej Carnegie Hall gdzie wykonali koncert z okazji 205. rocznicy urodzin Fryderyka Chopina. Arty\u015bci odbyli dwie trasy koncertowe po Meksyku i Ameryce Po\u0142udniowej, kt\u00f3re zainaugurowa\u0142 ich debiut w sali koncertowej Palacio de Bellas Artes. W 2017 roku odbyli miesi\u0119czne tourn\u00e9e po Stanach Zjednoczonych. Wielu polskich i zagranicznych kompozytor\u00f3w po\u015bwi\u0119ci\u0142o im swoje utwory m.in. Krzysztof Meyer, kt\u00f3rego Musica concertante na wiolonczel\u0119, fortepian, orkiestr\u0119 smyczkow\u0105 i perkusj\u0119 arty\u015bci prawykonali z Sinfoniett\u0105 Cracovia pod dyrekcj\u0105 Jurka Dyba\u0142a w grudniu 2017 roku. Do znacz\u0105cych dokona\u0144 Jana Kalinowskiego nale\u017c\u0105 liczne nagrania dla radia i telewizji oraz dla wytw\u00f3rni DUX. Wraz z Markiem Szlezerem nagra\u0142 dla tej wytworni w 2009 r. p\u0142yt\u0119 kompaktow\u0105 z utworami Tansmana, kt\u00f3ra otrzyma\u0142a nagrod\u0119 francuskiej krytyki La Clef de ResMusica. Kolejna p\u0142yta monograficzna z kompletem dzie\u0142 kameralnych Chopina, nagrana wraz z Bart\u0142omiejem Nizio\u0142em i Markiem Szlezerem otrzyma\u0142a nominacj\u0119 do Narody Akademii Fonograficznej Fryderyk. W 2013 r. nagra\u0142 p\u0142yt\u0119 Polsk\u0105 muzyka wiolonczelowa zawieraj\u0105c\u0105 utwory na sk\u0142ady od jednej do o\u015bmiu wiolonczel. W 2014 r. ukaza\u0142a si\u0119 p\u0142yta\u00a0Dedykacje\u00a0nagrana wraz z pianist\u0105 Markiem Szlezerem, z utworami napisanymi dla artyst\u00f3w przez krakowskich kompozytor\u00f3w. Nast\u0119pna p\u0142yta\u00a0Krzysztof Penderecki - utwory kameralne, opublikowana z okazji 80. urodzin maestro, otrzyma\u0142a nagrod\u0119\u00a0Gramophone Editor\u2019s Choice\u00a0w lutym 2015 r. i nominacj\u0119 do Narody Akademii Fonograficznej Fryderyk 2015. P\u0142yta Joanny Freszel\u00a0real life song, nagrana z udzia\u0142em artysty otrzyma\u0142a dwie nominacje do Nagrody Akademii Fonograficznej Fryderyk 2016. Jan Kalinowski jako solista wyst\u0119powa\u0142 m.in. pod batut\u0105 Raufa Abdullayeva, \u0141ukasza Borowicza, Wojciecha Czepiela, Jacka Rafa\u0142a Delekty, Jurka Dyba\u0142a, Micha\u0142a Dworzy\u0144skiego, Jacka Kaspszyka, Adama Klocka, Paw\u0142a Kotli, Paw\u0142a Przytockiego, Daniela Rajskina i Macieja Tworka. Jan Kalinowski jest adiunktem Akademii Muzycznej w Krakowie, gdzie w roku 2015 otrzyma\u0142 tytu\u0142 doktora habilitowanego sztuk muzycznych. Prowadzi\u0142 kursy w ramach wymiany mi\u0119dzyuczelnianej (m.in. w Bremie, Karlsruhe, Mannheimie, Brukseli, Bratys\u0142awie, Fermo i Tbilisi). Jan Kalinowski gra na instrumencie Wojciecha Topy z roku 2014.","og_url":"https:\/\/www.amuz.krakow.pl\/letnia-akademia-muzyczna\/wykaz-kursow\/instrumenty-smyczkowe\/jan-kalinowski-wiolonczela\/","og_site_name":"Akademia Muzyczna im. Krzysztofa Pendereckiego w Krakowie","article_publisher":"https:\/\/www.facebook.com\/amuz.krakow","article_modified_time":"2026-04-08T11:28:46+00:00","og_image":[{"width":825,"height":1100,"url":"https:\/\/www.amuz.krakow.pl\/wp-content\/uploads\/2018\/02\/4.jpg","type":"image\/jpeg"}],"twitter_card":"summary_large_image","twitter_misc":{"Est. reading time":"5 minutes"},"schema":{"@context":"https:\/\/schema.org","@graph":[{"@type":"WebPage","@id":"https:\/\/www.amuz.krakow.pl\/letnia-akademia-muzyczna\/wykaz-kursow\/instrumenty-smyczkowe\/jan-kalinowski-wiolonczela\/","url":"https:\/\/www.amuz.krakow.pl\/letnia-akademia-muzyczna\/wykaz-kursow\/instrumenty-smyczkowe\/jan-kalinowski-wiolonczela\/","name":"AMKP - Akademia Muzyczna im. Krzysztofa Pendereckiego w Krakowie","isPartOf":{"@id":"https:\/\/www.amuz.krakow.pl\/#website"},"primaryImageOfPage":{"@id":"https:\/\/www.amuz.krakow.pl\/letnia-akademia-muzyczna\/wykaz-kursow\/instrumenty-smyczkowe\/jan-kalinowski-wiolonczela\/#primaryimage"},"image":{"@id":"https:\/\/www.amuz.krakow.pl\/letnia-akademia-muzyczna\/wykaz-kursow\/instrumenty-smyczkowe\/jan-kalinowski-wiolonczela\/#primaryimage"},"thumbnailUrl":"https:\/\/www.amuz.krakow.pl\/wp-content\/uploads\/2026\/03\/Jan-Kalinowski_-fot.-Anita-Wasik-Plocinska-scaled.jpg","datePublished":"2018-02-05T21:18:48+00:00","dateModified":"2026-04-08T11:28:46+00:00","breadcrumb":{"@id":"https:\/\/www.amuz.krakow.pl\/letnia-akademia-muzyczna\/wykaz-kursow\/instrumenty-smyczkowe\/jan-kalinowski-wiolonczela\/#breadcrumb"},"inLanguage":"en-US","potentialAction":[{"@type":"ReadAction","target":["https:\/\/www.amuz.krakow.pl\/letnia-akademia-muzyczna\/wykaz-kursow\/instrumenty-smyczkowe\/jan-kalinowski-wiolonczela\/"]}]},{"@type":"ImageObject","inLanguage":"en-US","@id":"https:\/\/www.amuz.krakow.pl\/letnia-akademia-muzyczna\/wykaz-kursow\/instrumenty-smyczkowe\/jan-kalinowski-wiolonczela\/#primaryimage","url":"https:\/\/www.amuz.krakow.pl\/wp-content\/uploads\/2026\/03\/Jan-Kalinowski_-fot.-Anita-Wasik-Plocinska-scaled.jpg","contentUrl":"https:\/\/www.amuz.krakow.pl\/wp-content\/uploads\/2026\/03\/Jan-Kalinowski_-fot.-Anita-Wasik-Plocinska-scaled.jpg","width":2048,"height":1365,"caption":"fot. Anita Wa\u0328sik-P\u0142ocin\u0301ska"},{"@type":"BreadcrumbList","@id":"https:\/\/www.amuz.krakow.pl\/letnia-akademia-muzyczna\/wykaz-kursow\/instrumenty-smyczkowe\/jan-kalinowski-wiolonczela\/#breadcrumb","itemListElement":[{"@type":"ListItem","position":1,"name":"Strona g\u0142\u00f3wna","item":"https:\/\/www.amuz.krakow.pl\/"},{"@type":"ListItem","position":2,"name":"Letnia Akademia Muzyczna","item":"https:\/\/www.amuz.krakow.pl\/letnia-akademia-muzyczna\/"},{"@type":"ListItem","position":3,"name":"Wykaz kurs\u00f3w","item":"https:\/\/www.amuz.krakow.pl\/letnia-akademia-muzyczna\/wykaz-kursow\/"},{"@type":"ListItem","position":4,"name":"Instrumenty strunowe","item":"https:\/\/www.amuz.krakow.pl\/letnia-akademia-muzyczna\/wykaz-kursow\/instrumenty-smyczkowe\/"},{"@type":"ListItem","position":5,"name":"Jan Kalinowski &#8211; wiolonczela"}]},{"@type":"WebSite","@id":"https:\/\/www.amuz.krakow.pl\/#website","url":"https:\/\/www.amuz.krakow.pl\/","name":"Akademia Muzyczna im. Krzysztofa Pendereckiego w Krakowie","description":"Oficjalna strona Akademii Muzycznej im. Krzysztofa Pendereckiego w Krakowie (AMKP).","publisher":{"@id":"https:\/\/www.amuz.krakow.pl\/#organization"},"alternateName":"AMKP","potentialAction":[{"@type":"SearchAction","target":{"@type":"EntryPoint","urlTemplate":"https:\/\/www.amuz.krakow.pl\/?s={search_term_string}"},"query-input":{"@type":"PropertyValueSpecification","valueRequired":true,"valueName":"search_term_string"}}],"inLanguage":"en-US"},{"@type":"Organization","@id":"https:\/\/www.amuz.krakow.pl\/#organization","name":"Akademia Muzyczna im. Krzysztofa Pendereckiego w Krakowie","alternateName":"AMKP","url":"https:\/\/www.amuz.krakow.pl\/","logo":{"@type":"ImageObject","inLanguage":"en-US","@id":"https:\/\/www.amuz.krakow.pl\/#\/schema\/logo\/image\/","url":"https:\/\/www.amuz.krakow.pl\/wp-content\/uploads\/2021\/11\/amkp.jpg","contentUrl":"https:\/\/www.amuz.krakow.pl\/wp-content\/uploads\/2021\/11\/amkp.jpg","width":1193,"height":591,"caption":"Akademia Muzyczna im. Krzysztofa Pendereckiego w Krakowie"},"image":{"@id":"https:\/\/www.amuz.krakow.pl\/#\/schema\/logo\/image\/"},"sameAs":["https:\/\/www.facebook.com\/amuz.krakow","https:\/\/www.instagram.com\/amkpenderecki\/","https:\/\/www.youtube.com\/@amkpenderecki4806"]}]}},"_links":{"self":[{"href":"https:\/\/www.amuz.krakow.pl\/en\/wp-json\/wp\/v2\/pages\/21874","targetHints":{"allow":["GET"]}}],"collection":[{"href":"https:\/\/www.amuz.krakow.pl\/en\/wp-json\/wp\/v2\/pages"}],"about":[{"href":"https:\/\/www.amuz.krakow.pl\/en\/wp-json\/wp\/v2\/types\/page"}],"author":[{"embeddable":true,"href":"https:\/\/www.amuz.krakow.pl\/en\/wp-json\/wp\/v2\/users\/72"}],"replies":[{"embeddable":true,"href":"https:\/\/www.amuz.krakow.pl\/en\/wp-json\/wp\/v2\/comments?post=21874"}],"version-history":[{"count":5,"href":"https:\/\/www.amuz.krakow.pl\/en\/wp-json\/wp\/v2\/pages\/21874\/revisions"}],"predecessor-version":[{"id":118042,"href":"https:\/\/www.amuz.krakow.pl\/en\/wp-json\/wp\/v2\/pages\/21874\/revisions\/118042"}],"up":[{"embeddable":true,"href":"https:\/\/www.amuz.krakow.pl\/en\/wp-json\/wp\/v2\/pages\/47052"}],"wp:featuredmedia":[{"embeddable":true,"href":"https:\/\/www.amuz.krakow.pl\/en\/wp-json\/wp\/v2\/media\/116940"}],"wp:attachment":[{"href":"https:\/\/www.amuz.krakow.pl\/en\/wp-json\/wp\/v2\/media?parent=21874"}],"curies":[{"name":"wp","href":"https:\/\/api.w.org\/{rel}","templated":true}]}}