{"id":21870,"date":"2018-02-05T22:14:02","date_gmt":"2018-02-05T21:14:02","guid":{"rendered":"https:\/\/www.amuz.krakow.pl\/?page_id=21870"},"modified":"2026-04-01T16:00:50","modified_gmt":"2026-04-01T14:00:50","slug":"piotr-machnik-fortepian","status":"publish","type":"page","link":"https:\/\/www.amuz.krakow.pl\/en\/letnia-akademia-muzyczna\/wykaz-kursow\/instrumenty-klawiszowe\/piotr-machnik-fortepian\/","title":{"rendered":"Piotr Machnik &#8211; piano"},"content":{"rendered":"<p><\/p>\n<p style=\"text-align: justify;\"><a href=\"https:\/\/www.amuz.krakow.pl\/wp-content\/uploads\/2018\/02\/Piotr_Machnik_fot.-Piotr-Markowski.jpg\"><img loading=\"lazy\" decoding=\"async\" class=\" wp-image-22055 alignleft\" src=\"https:\/\/www.amuz.krakow.pl\/wp-content\/uploads\/2018\/02\/Piotr_Machnik_fot.-Piotr-Markowski.jpg\" alt=\"\" width=\"270\" height=\"180\" srcset=\"https:\/\/www.amuz.krakow.pl\/wp-content\/uploads\/2018\/02\/Piotr_Machnik_fot.-Piotr-Markowski.jpg 3888w, https:\/\/www.amuz.krakow.pl\/wp-content\/uploads\/2018\/02\/Piotr_Machnik_fot.-Piotr-Markowski-300x200.jpg 300w, https:\/\/www.amuz.krakow.pl\/wp-content\/uploads\/2018\/02\/Piotr_Machnik_fot.-Piotr-Markowski-768x512.jpg 768w, https:\/\/www.amuz.krakow.pl\/wp-content\/uploads\/2018\/02\/Piotr_Machnik_fot.-Piotr-Markowski-1024x683.jpg 1024w\" sizes=\"auto, (max-width: 270px) 100vw, 270px\" \/><\/a>Piotr Machnik graduated with distinction from the piano class of Professor Stefan Wojtas at the Krakow Academy of Music in 1999. Subsequently he perfected his skills under Eugene Indijc in Paris. He also received artistic guidance from Rudolf Buchbinder and Krystian Zimerman.<br \/>\nHe has received scholarships from the French Government and from the President of the city of Krakow. He was also awarded scholarships on two occasions by the Polish Minister of Culture and National Heritage, and twice by the Frederic Chopin Institute in Warsaw.<br \/>\nHe has won many prizes at national and international piano competitions, including the Chopin competitions in Marianske Lazne (the Czech Republic, 1999; 2nd prize) and in Ankara (Turkey, 1999; 2nd prize). However the most important success for him was winning the<br \/>\ngrand prix, gold medal and the special prize in the prestigious Maria Canals piano competition in Barcelona (2004). The following year he won the 1st prize and the special prize at the 32nd \u201cPalma d&#8217;Oro\u201d piano competition in Finale Ligure \u2013 Italy.<br \/>\nPiotr has performed both in Poland and abroad. He has given numerous concerts in Germany, Japan, Austria, the Czech Republic, Finland, France, Georgia, Italy, Kuwait, Serbia, Spain and Switzerland. He has performed piano concertos with orchestras such as Capella Cracoviensis, Sinfonietta Cracovia, Kyoto City Philharmony Symphonic Orchestra, The North Bohemia Orchestra, Bilkent Symphony Orchestra, Orquestra Simfonica del Valles and S\u00fcd-West Rundfunk Orchester Stuttgart. Recently his experience and expertise has led him to being invited to join the jury at international piano competitions.<br \/>\nHe has released three CD&#8217;s to date, one with the music of Frederic Chopin, recorded on a Pleyel piano built in 1847 which have been played by Chopin himself (at present this instrument is situated in the museum of the Jagiellonian University in Krakow). The other CD, \u201cSonARTe\u201d, contains sonatas by Brahms, Haydn and Prokofiev. The most recent one consists of three cycles by Claude Debussy.<br \/>\nFrom 1999-2008 Piotr Machnik worked as an assistant to professor Ewa Bukojemska in the piano department at the Krakow Academy of Music, but since completing his PhD in 2008 has been running his own piano class there.<\/p>\n<p><\/p>","protected":false},"excerpt":{"rendered":"<p>Piotr Machnik graduated with distinction from the piano class of Professor Stefan Wojtas at the Krakow Academy of Music in 1999. Subsequently he perfected his skills under Eugene Indijc in&hellip; <a href=\"https:\/\/www.amuz.krakow.pl\/en\/letnia-akademia-muzyczna\/wykaz-kursow\/instrumenty-klawiszowe\/piotr-machnik-fortepian\/\">Continue reading<\/a><\/p>\n","protected":false},"author":72,"featured_media":22055,"parent":47050,"menu_order":9,"comment_status":"closed","ping_status":"closed","template":"","meta":{"footnotes":"","_links_to":"","_links_to_target":""},"class_list":["post-21870","page","type-page","status-publish","has-post-thumbnail","hentry"],"yoast_head":"<!-- This site is optimized with the Yoast SEO plugin v27.2 - https:\/\/yoast.com\/product\/yoast-seo-wordpress\/ -->\n<title>AMKP - Akademia Muzyczna im. Krzysztofa Pendereckiego w Krakowie<\/title>\n<meta name=\"robots\" content=\"index, follow, max-snippet:-1, max-image-preview:large, max-video-preview:-1\" \/>\n<link rel=\"canonical\" href=\"https:\/\/www.amuz.krakow.pl\/letnia-akademia-muzyczna\/wykaz-kursow\/instrumenty-klawiszowe\/piotr-machnik-fortepian\/\" \/>\n<meta property=\"og:locale\" content=\"en_US\" \/>\n<meta property=\"og:type\" content=\"article\" \/>\n<meta property=\"og:title\" content=\"Piotr Machnik - fortepian\" \/>\n<meta property=\"og:description\" content=\"Piotr Machnik \u2013 uko\u0144czy\u0142 z wyr\u00f3\u017cnieniem Akademi\u0119 Muzyczn\u0105 w Krakowie, w klasie prof. Stefana Wojtasa. Studia podyplomowe kontynuowa\u0142 w Pary\u017cu, pod kierunkiem Eugene Indijca. Uczestniczy\u0142 tak\u017ce w pianistycznych kursach mistrzowskich Rudolfa Buchbindera w Zurychu. By\u0142 stypendyst\u0105 rz\u0105du francuskiego, polskiego Ministra Kultury i Dziedzictwa Narodowego, Towarzystwa im. F.Chopina w Warszawie, oraz Prezydenta Miasta Krakowa. Jest laureatem licznych krajowych i mi\u0119dzynarodowych konkurs\u00f3w pianistycznych i festiwali. Zdobywa\u0142 nagrody m.in. w monograficznych konkursach chopinowskich w Maria\u0144skich \u0141a\u017aniach (1999; II nagroda) i Ankarze (1999; II nagroda), w presti\u017cowym konkursie pianistycznym im. Marii Canals w Barcelonie (2004; Grand Prix i nagroda specjalna), oraz w konkursie \u201ePalma d\u2019Oro\u201d, w Finale Ligure (W\u0142ochy 2005; I miejsce i nagroda specjalna). Koncertuje zar\u00f3wno w kraju, jak i za granic\u0105, zasiadaj\u0105c r\u00f3wnie\u017c w jury konkurs\u00f3w. Wyst\u0119powa\u0142 wielokrotnie w Niemczech, Japonii, Szwajcarii, Austrii, Francji, W\u0142oszech, Hiszpanii, Finlandii, Czechach, Kuwejcie, Turcji, Serbii i Gruzji. Wyst\u0119powa\u0142 zar\u00f3wno solo, jak i z towarzyszeniem m.in. takich orkiestr, jak: Capella Cracoviensis, Sinfonietta Cracovia, Kyoto City Philharmony Symphonic Orchestra, The North Bohemia Orchestra, Bilkent Symphony Orchestra, Orquestra Sinfonica del Valles oraz Sud-West Rundfunk Orchester Stuttgart. W dorobku fonograficznym PIOTRA MACHNIKA znajduj\u0105 si\u0119 trzy p\u0142yty CD. Od uko\u0144czenia studi\u00f3w zatrudniony jest w Katedrze Fortepianu Akademii Muzycznej w Krakowie; od roku 2008 prowadzi w\u0142asn\u0105 klas\u0119 fortepianu na stanowisku adiunkta. W 2015 roku otrzyma\u0142 stopie\u0144 naukowy doktora habilitowanego.\" \/>\n<meta property=\"og:url\" content=\"https:\/\/www.amuz.krakow.pl\/letnia-akademia-muzyczna\/wykaz-kursow\/instrumenty-klawiszowe\/piotr-machnik-fortepian\/\" \/>\n<meta property=\"og:site_name\" content=\"Akademia Muzyczna im. Krzysztofa Pendereckiego w Krakowie\" \/>\n<meta property=\"article:publisher\" content=\"https:\/\/www.facebook.com\/amuz.krakow\" \/>\n<meta property=\"article:modified_time\" content=\"2026-04-01T14:00:50+00:00\" \/>\n<meta property=\"og:image\" content=\"https:\/\/www.amuz.krakow.pl\/wp-content\/uploads\/2018\/02\/Piotr_Machnik_fot.-Piotr-Markowski-1024x683.jpg\" \/>\n\t<meta property=\"og:image:width\" content=\"1024\" \/>\n\t<meta property=\"og:image:height\" content=\"683\" \/>\n\t<meta property=\"og:image:type\" content=\"image\/jpeg\" \/>\n<meta name=\"twitter:card\" content=\"summary_large_image\" \/>\n<meta name=\"twitter:label1\" content=\"Est. reading time\" \/>\n\t<meta name=\"twitter:data1\" content=\"2 minutes\" \/>\n<script type=\"application\/ld+json\" class=\"yoast-schema-graph\">{\"@context\":\"https:\/\/schema.org\",\"@graph\":[{\"@type\":\"WebPage\",\"@id\":\"https:\/\/www.amuz.krakow.pl\/letnia-akademia-muzyczna\/wykaz-kursow\/instrumenty-klawiszowe\/piotr-machnik-fortepian\/\",\"url\":\"https:\/\/www.amuz.krakow.pl\/letnia-akademia-muzyczna\/wykaz-kursow\/instrumenty-klawiszowe\/piotr-machnik-fortepian\/\",\"name\":\"AMKP - Akademia Muzyczna im. Krzysztofa Pendereckiego w Krakowie\",\"isPartOf\":{\"@id\":\"https:\/\/www.amuz.krakow.pl\/#website\"},\"primaryImageOfPage\":{\"@id\":\"https:\/\/www.amuz.krakow.pl\/letnia-akademia-muzyczna\/wykaz-kursow\/instrumenty-klawiszowe\/piotr-machnik-fortepian\/#primaryimage\"},\"image\":{\"@id\":\"https:\/\/www.amuz.krakow.pl\/letnia-akademia-muzyczna\/wykaz-kursow\/instrumenty-klawiszowe\/piotr-machnik-fortepian\/#primaryimage\"},\"thumbnailUrl\":\"https:\/\/www.amuz.krakow.pl\/wp-content\/uploads\/2018\/02\/Piotr_Machnik_fot.-Piotr-Markowski.jpg\",\"datePublished\":\"2018-02-05T21:14:02+00:00\",\"dateModified\":\"2026-04-01T14:00:50+00:00\",\"breadcrumb\":{\"@id\":\"https:\/\/www.amuz.krakow.pl\/letnia-akademia-muzyczna\/wykaz-kursow\/instrumenty-klawiszowe\/piotr-machnik-fortepian\/#breadcrumb\"},\"inLanguage\":\"en-US\",\"potentialAction\":[{\"@type\":\"ReadAction\",\"target\":[\"https:\/\/www.amuz.krakow.pl\/letnia-akademia-muzyczna\/wykaz-kursow\/instrumenty-klawiszowe\/piotr-machnik-fortepian\/\"]}]},{\"@type\":\"ImageObject\",\"inLanguage\":\"en-US\",\"@id\":\"https:\/\/www.amuz.krakow.pl\/letnia-akademia-muzyczna\/wykaz-kursow\/instrumenty-klawiszowe\/piotr-machnik-fortepian\/#primaryimage\",\"url\":\"https:\/\/www.amuz.krakow.pl\/wp-content\/uploads\/2018\/02\/Piotr_Machnik_fot.-Piotr-Markowski.jpg\",\"contentUrl\":\"https:\/\/www.amuz.krakow.pl\/wp-content\/uploads\/2018\/02\/Piotr_Machnik_fot.-Piotr-Markowski.jpg\",\"width\":3888,\"height\":2592},{\"@type\":\"BreadcrumbList\",\"@id\":\"https:\/\/www.amuz.krakow.pl\/letnia-akademia-muzyczna\/wykaz-kursow\/instrumenty-klawiszowe\/piotr-machnik-fortepian\/#breadcrumb\",\"itemListElement\":[{\"@type\":\"ListItem\",\"position\":1,\"name\":\"Strona g\u0142\u00f3wna\",\"item\":\"https:\/\/www.amuz.krakow.pl\/\"},{\"@type\":\"ListItem\",\"position\":2,\"name\":\"Letnia Akademia Muzyczna\",\"item\":\"https:\/\/www.amuz.krakow.pl\/letnia-akademia-muzyczna\/\"},{\"@type\":\"ListItem\",\"position\":3,\"name\":\"Wykaz kurs\u00f3w\",\"item\":\"https:\/\/www.amuz.krakow.pl\/letnia-akademia-muzyczna\/wykaz-kursow\/\"},{\"@type\":\"ListItem\",\"position\":4,\"name\":\"Instrumenty klawiszowe\",\"item\":\"https:\/\/www.amuz.krakow.pl\/letnia-akademia-muzyczna\/wykaz-kursow\/instrumenty-klawiszowe\/\"},{\"@type\":\"ListItem\",\"position\":5,\"name\":\"Piotr Machnik &#8211; fortepian\"}]},{\"@type\":\"WebSite\",\"@id\":\"https:\/\/www.amuz.krakow.pl\/#website\",\"url\":\"https:\/\/www.amuz.krakow.pl\/\",\"name\":\"Akademia Muzyczna im. Krzysztofa Pendereckiego w Krakowie\",\"description\":\"Oficjalna strona Akademii Muzycznej im. Krzysztofa Pendereckiego w Krakowie (AMKP).\",\"publisher\":{\"@id\":\"https:\/\/www.amuz.krakow.pl\/#organization\"},\"alternateName\":\"AMKP\",\"potentialAction\":[{\"@type\":\"SearchAction\",\"target\":{\"@type\":\"EntryPoint\",\"urlTemplate\":\"https:\/\/www.amuz.krakow.pl\/?s={search_term_string}\"},\"query-input\":{\"@type\":\"PropertyValueSpecification\",\"valueRequired\":true,\"valueName\":\"search_term_string\"}}],\"inLanguage\":\"en-US\"},{\"@type\":\"Organization\",\"@id\":\"https:\/\/www.amuz.krakow.pl\/#organization\",\"name\":\"Akademia Muzyczna im. Krzysztofa Pendereckiego w Krakowie\",\"alternateName\":\"AMKP\",\"url\":\"https:\/\/www.amuz.krakow.pl\/\",\"logo\":{\"@type\":\"ImageObject\",\"inLanguage\":\"en-US\",\"@id\":\"https:\/\/www.amuz.krakow.pl\/#\/schema\/logo\/image\/\",\"url\":\"https:\/\/www.amuz.krakow.pl\/wp-content\/uploads\/2021\/11\/amkp.jpg\",\"contentUrl\":\"https:\/\/www.amuz.krakow.pl\/wp-content\/uploads\/2021\/11\/amkp.jpg\",\"width\":1193,\"height\":591,\"caption\":\"Akademia Muzyczna im. Krzysztofa Pendereckiego w Krakowie\"},\"image\":{\"@id\":\"https:\/\/www.amuz.krakow.pl\/#\/schema\/logo\/image\/\"},\"sameAs\":[\"https:\/\/www.facebook.com\/amuz.krakow\",\"https:\/\/www.instagram.com\/amkpenderecki\/\",\"https:\/\/www.youtube.com\/@amkpenderecki4806\"]}]}<\/script>\n<!-- \/ Yoast SEO plugin. -->","yoast_head_json":{"title":"AMKP - Akademia Muzyczna im. Krzysztofa Pendereckiego w Krakowie","robots":{"index":"index","follow":"follow","max-snippet":"max-snippet:-1","max-image-preview":"max-image-preview:large","max-video-preview":"max-video-preview:-1"},"canonical":"https:\/\/www.amuz.krakow.pl\/letnia-akademia-muzyczna\/wykaz-kursow\/instrumenty-klawiszowe\/piotr-machnik-fortepian\/","og_locale":"en_US","og_type":"article","og_title":"Piotr Machnik - fortepian","og_description":"Piotr Machnik \u2013 uko\u0144czy\u0142 z wyr\u00f3\u017cnieniem Akademi\u0119 Muzyczn\u0105 w Krakowie, w klasie prof. Stefana Wojtasa. Studia podyplomowe kontynuowa\u0142 w Pary\u017cu, pod kierunkiem Eugene Indijca. Uczestniczy\u0142 tak\u017ce w pianistycznych kursach mistrzowskich Rudolfa Buchbindera w Zurychu. By\u0142 stypendyst\u0105 rz\u0105du francuskiego, polskiego Ministra Kultury i Dziedzictwa Narodowego, Towarzystwa im. F.Chopina w Warszawie, oraz Prezydenta Miasta Krakowa. Jest laureatem licznych krajowych i mi\u0119dzynarodowych konkurs\u00f3w pianistycznych i festiwali. Zdobywa\u0142 nagrody m.in. w monograficznych konkursach chopinowskich w Maria\u0144skich \u0141a\u017aniach (1999; II nagroda) i Ankarze (1999; II nagroda), w presti\u017cowym konkursie pianistycznym im. Marii Canals w Barcelonie (2004; Grand Prix i nagroda specjalna), oraz w konkursie \u201ePalma d\u2019Oro\u201d, w Finale Ligure (W\u0142ochy 2005; I miejsce i nagroda specjalna). Koncertuje zar\u00f3wno w kraju, jak i za granic\u0105, zasiadaj\u0105c r\u00f3wnie\u017c w jury konkurs\u00f3w. Wyst\u0119powa\u0142 wielokrotnie w Niemczech, Japonii, Szwajcarii, Austrii, Francji, W\u0142oszech, Hiszpanii, Finlandii, Czechach, Kuwejcie, Turcji, Serbii i Gruzji. Wyst\u0119powa\u0142 zar\u00f3wno solo, jak i z towarzyszeniem m.in. takich orkiestr, jak: Capella Cracoviensis, Sinfonietta Cracovia, Kyoto City Philharmony Symphonic Orchestra, The North Bohemia Orchestra, Bilkent Symphony Orchestra, Orquestra Sinfonica del Valles oraz Sud-West Rundfunk Orchester Stuttgart. W dorobku fonograficznym PIOTRA MACHNIKA znajduj\u0105 si\u0119 trzy p\u0142yty CD. Od uko\u0144czenia studi\u00f3w zatrudniony jest w Katedrze Fortepianu Akademii Muzycznej w Krakowie; od roku 2008 prowadzi w\u0142asn\u0105 klas\u0119 fortepianu na stanowisku adiunkta. W 2015 roku otrzyma\u0142 stopie\u0144 naukowy doktora habilitowanego.","og_url":"https:\/\/www.amuz.krakow.pl\/letnia-akademia-muzyczna\/wykaz-kursow\/instrumenty-klawiszowe\/piotr-machnik-fortepian\/","og_site_name":"Akademia Muzyczna im. Krzysztofa Pendereckiego w Krakowie","article_publisher":"https:\/\/www.facebook.com\/amuz.krakow","article_modified_time":"2026-04-01T14:00:50+00:00","og_image":[{"width":1024,"height":683,"url":"https:\/\/www.amuz.krakow.pl\/wp-content\/uploads\/2018\/02\/Piotr_Machnik_fot.-Piotr-Markowski-1024x683.jpg","type":"image\/jpeg"}],"twitter_card":"summary_large_image","twitter_misc":{"Est. reading time":"2 minutes"},"schema":{"@context":"https:\/\/schema.org","@graph":[{"@type":"WebPage","@id":"https:\/\/www.amuz.krakow.pl\/letnia-akademia-muzyczna\/wykaz-kursow\/instrumenty-klawiszowe\/piotr-machnik-fortepian\/","url":"https:\/\/www.amuz.krakow.pl\/letnia-akademia-muzyczna\/wykaz-kursow\/instrumenty-klawiszowe\/piotr-machnik-fortepian\/","name":"AMKP - Akademia Muzyczna im. Krzysztofa Pendereckiego w Krakowie","isPartOf":{"@id":"https:\/\/www.amuz.krakow.pl\/#website"},"primaryImageOfPage":{"@id":"https:\/\/www.amuz.krakow.pl\/letnia-akademia-muzyczna\/wykaz-kursow\/instrumenty-klawiszowe\/piotr-machnik-fortepian\/#primaryimage"},"image":{"@id":"https:\/\/www.amuz.krakow.pl\/letnia-akademia-muzyczna\/wykaz-kursow\/instrumenty-klawiszowe\/piotr-machnik-fortepian\/#primaryimage"},"thumbnailUrl":"https:\/\/www.amuz.krakow.pl\/wp-content\/uploads\/2018\/02\/Piotr_Machnik_fot.-Piotr-Markowski.jpg","datePublished":"2018-02-05T21:14:02+00:00","dateModified":"2026-04-01T14:00:50+00:00","breadcrumb":{"@id":"https:\/\/www.amuz.krakow.pl\/letnia-akademia-muzyczna\/wykaz-kursow\/instrumenty-klawiszowe\/piotr-machnik-fortepian\/#breadcrumb"},"inLanguage":"en-US","potentialAction":[{"@type":"ReadAction","target":["https:\/\/www.amuz.krakow.pl\/letnia-akademia-muzyczna\/wykaz-kursow\/instrumenty-klawiszowe\/piotr-machnik-fortepian\/"]}]},{"@type":"ImageObject","inLanguage":"en-US","@id":"https:\/\/www.amuz.krakow.pl\/letnia-akademia-muzyczna\/wykaz-kursow\/instrumenty-klawiszowe\/piotr-machnik-fortepian\/#primaryimage","url":"https:\/\/www.amuz.krakow.pl\/wp-content\/uploads\/2018\/02\/Piotr_Machnik_fot.-Piotr-Markowski.jpg","contentUrl":"https:\/\/www.amuz.krakow.pl\/wp-content\/uploads\/2018\/02\/Piotr_Machnik_fot.-Piotr-Markowski.jpg","width":3888,"height":2592},{"@type":"BreadcrumbList","@id":"https:\/\/www.amuz.krakow.pl\/letnia-akademia-muzyczna\/wykaz-kursow\/instrumenty-klawiszowe\/piotr-machnik-fortepian\/#breadcrumb","itemListElement":[{"@type":"ListItem","position":1,"name":"Strona g\u0142\u00f3wna","item":"https:\/\/www.amuz.krakow.pl\/"},{"@type":"ListItem","position":2,"name":"Letnia Akademia Muzyczna","item":"https:\/\/www.amuz.krakow.pl\/letnia-akademia-muzyczna\/"},{"@type":"ListItem","position":3,"name":"Wykaz kurs\u00f3w","item":"https:\/\/www.amuz.krakow.pl\/letnia-akademia-muzyczna\/wykaz-kursow\/"},{"@type":"ListItem","position":4,"name":"Instrumenty klawiszowe","item":"https:\/\/www.amuz.krakow.pl\/letnia-akademia-muzyczna\/wykaz-kursow\/instrumenty-klawiszowe\/"},{"@type":"ListItem","position":5,"name":"Piotr Machnik &#8211; fortepian"}]},{"@type":"WebSite","@id":"https:\/\/www.amuz.krakow.pl\/#website","url":"https:\/\/www.amuz.krakow.pl\/","name":"Akademia Muzyczna im. Krzysztofa Pendereckiego w Krakowie","description":"Oficjalna strona Akademii Muzycznej im. Krzysztofa Pendereckiego w Krakowie (AMKP).","publisher":{"@id":"https:\/\/www.amuz.krakow.pl\/#organization"},"alternateName":"AMKP","potentialAction":[{"@type":"SearchAction","target":{"@type":"EntryPoint","urlTemplate":"https:\/\/www.amuz.krakow.pl\/?s={search_term_string}"},"query-input":{"@type":"PropertyValueSpecification","valueRequired":true,"valueName":"search_term_string"}}],"inLanguage":"en-US"},{"@type":"Organization","@id":"https:\/\/www.amuz.krakow.pl\/#organization","name":"Akademia Muzyczna im. Krzysztofa Pendereckiego w Krakowie","alternateName":"AMKP","url":"https:\/\/www.amuz.krakow.pl\/","logo":{"@type":"ImageObject","inLanguage":"en-US","@id":"https:\/\/www.amuz.krakow.pl\/#\/schema\/logo\/image\/","url":"https:\/\/www.amuz.krakow.pl\/wp-content\/uploads\/2021\/11\/amkp.jpg","contentUrl":"https:\/\/www.amuz.krakow.pl\/wp-content\/uploads\/2021\/11\/amkp.jpg","width":1193,"height":591,"caption":"Akademia Muzyczna im. Krzysztofa Pendereckiego w Krakowie"},"image":{"@id":"https:\/\/www.amuz.krakow.pl\/#\/schema\/logo\/image\/"},"sameAs":["https:\/\/www.facebook.com\/amuz.krakow","https:\/\/www.instagram.com\/amkpenderecki\/","https:\/\/www.youtube.com\/@amkpenderecki4806"]}]}},"_links":{"self":[{"href":"https:\/\/www.amuz.krakow.pl\/en\/wp-json\/wp\/v2\/pages\/21870","targetHints":{"allow":["GET"]}}],"collection":[{"href":"https:\/\/www.amuz.krakow.pl\/en\/wp-json\/wp\/v2\/pages"}],"about":[{"href":"https:\/\/www.amuz.krakow.pl\/en\/wp-json\/wp\/v2\/types\/page"}],"author":[{"embeddable":true,"href":"https:\/\/www.amuz.krakow.pl\/en\/wp-json\/wp\/v2\/users\/72"}],"replies":[{"embeddable":true,"href":"https:\/\/www.amuz.krakow.pl\/en\/wp-json\/wp\/v2\/comments?post=21870"}],"version-history":[{"count":7,"href":"https:\/\/www.amuz.krakow.pl\/en\/wp-json\/wp\/v2\/pages\/21870\/revisions"}],"predecessor-version":[{"id":57941,"href":"https:\/\/www.amuz.krakow.pl\/en\/wp-json\/wp\/v2\/pages\/21870\/revisions\/57941"}],"up":[{"embeddable":true,"href":"https:\/\/www.amuz.krakow.pl\/en\/wp-json\/wp\/v2\/pages\/47050"}],"wp:featuredmedia":[{"embeddable":true,"href":"https:\/\/www.amuz.krakow.pl\/en\/wp-json\/wp\/v2\/media\/22055"}],"wp:attachment":[{"href":"https:\/\/www.amuz.krakow.pl\/en\/wp-json\/wp\/v2\/media?parent=21870"}],"curies":[{"name":"wp","href":"https:\/\/api.w.org\/{rel}","templated":true}]}}