{"id":2186,"date":"2016-02-16T23:18:07","date_gmt":"2016-02-16T22:18:07","guid":{"rendered":"http:\/\/strony.amuz.krakow.pl\/?page_id=2186"},"modified":"2025-12-10T09:58:04","modified_gmt":"2025-12-10T08:58:04","slug":"prof-dr-hab-pawel-paluch","status":"publish","type":"page","link":"https:\/\/www.amuz.krakow.pl\/en\/wydzialy\/wydzial-ii-instrumentalny\/katedra-instrumentow-detych-i-akordeonu\/pracownicy-katedry\/prof-dr-hab-pawel-paluch\/","title":{"rendered":"prof. dr hab. Pawe\u0142 Paluch (contract)"},"content":{"rendered":"<p><figure id=\"attachment_49455\" aria-describedby=\"caption-attachment-49455\" style=\"width: 199px\" class=\"wp-caption alignleft\"><a href=\"https:\/\/www.amuz.krakow.pl\/wp-content\/uploads\/2021\/04\/Pawel-Paluch-scaled.jpg\"><img loading=\"lazy\" decoding=\"async\" class=\"wp-image-49455\" src=\"https:\/\/www.amuz.krakow.pl\/wp-content\/uploads\/2021\/04\/Pawel-Paluch-scaled.jpg\" alt=\"\" width=\"199\" height=\"299\" srcset=\"https:\/\/www.amuz.krakow.pl\/wp-content\/uploads\/2021\/04\/Pawel-Paluch-scaled.jpg 1365w, https:\/\/www.amuz.krakow.pl\/wp-content\/uploads\/2021\/04\/Pawel-Paluch-200x300.jpg 200w, https:\/\/www.amuz.krakow.pl\/wp-content\/uploads\/2021\/04\/Pawel-Paluch-768x1152.jpg 768w, https:\/\/www.amuz.krakow.pl\/wp-content\/uploads\/2021\/04\/Pawel-Paluch-1024x1536.jpg 1024w\" sizes=\"auto, (max-width: 199px) 100vw, 199px\" \/><\/a><figcaption id=\"caption-attachment-49455\" class=\"wp-caption-text\">photo by Witos\u0142aw Rusinek<\/figcaption><\/figure><\/p>\n<p style=\"text-align: justify;\">Professor dr hab. Pawe\u0142 Paluch graduated in the class of the accordion from master degree studies in instrumental music at the Academy of Music in Krak\u00f3w in 1987. In 1994 he received his doctoral degree from the Council of the Instrumental Faculty of the Chopin Academy of Music in Warsaw, and in 2002 he obtained higher doctorate (Habilitazion) in musical arts from the Council of the Instrumental Faculty of the G. &amp; K. Bacewicz Academy of Music in \u0141\u00f3d\u017a. In 2020 the President of the Republic of Poland made him Professor of Arts.<\/p>\n<p style=\"text-align: justify;\">He was assistant (1988\u201394) and assistant professor (1995\u20132003) at the Department of Musical Education of the Higher College of Teacher Training (WSP) and later the Institute of Music in Rzesz\u00f3w. Beginning with 2003, he was associate professor at the Faculty of Music (2014\u201319) at the University of Rzesz\u00f3w. He was also assistant (1989\u201394) and assistant professor (from 1994) at the Instrumental Faculty of the Academy of Music in Krak\u00f3w. Currently he holds the post of professor at both the academies. In 1995 he also began teaching at the Music School No. 1 in Rzesz\u00f3w (as certified teacher since 2010). He has also been Teacher Training Consultant in Accordion in Artistic Schools (1995\u20132000); member of the Main Board of the Polish Accordionists Association (1990\u20132000); expert of teacher examination and qualification boards for the Ministry of National Education (from 2001) and of the Central Committee for Professional Teacher Qualifications; at the WSP (today: the University of Rzesz\u00f3w) in Rzesz\u00f3w he has held the following positions: had of the Department for Studying Music of the Regions at the Institute of Music (2007\u201319), member of the editorial board of Muzyka academic journal (Zeszyty Naukowe UR), Deputy Dean of the Faculty of Pedagogy and Art (2005\u201308), member of the Programme Council of the University of the Third Age (2007\u201308), and the deputy director (2008\u201310) and director (2010\u201313) of the Institute of Music, as well as a member of the Senate Committee for Staff Development, Academic Research, and International Cooperation (2008\u201312). Since 1995 he has been the musical director of Resovia Saltans Song and Dance Ensemble, and from 2019 a member of the Academic Council of the Humanities College of the University of Rzesz\u00f3w. In 1990\u20132019 he was also a member of the Intercollegiate Department of the Accordion of the Academy of Music (currently the Chopin University of Music) in Warsaw. He has been the degree tutor of several dozens of BA and MA students, and of four doctors of arts. His Forma sonatowa w literaturze akordeonowej (literally: \u201cThe sonata form in accordion literature\u201d) was published by AMFC, Warszawa 2003. He composed around 30 works and arranged over one hundred pieces for various performing forces.<\/p>\n<p style=\"text-align: justify;\">Winner of multiple awards and prizes at national and international competitions, Pawe\u0142 Paluch boasts the 1st Prize at the International Phonographic Competition in Prague in 1981, the 3rd Prize at the Polish Accordion Competition in Bia\u0142ystok in 1985, and the 1st Prize at the International Accordion Competition Klingenthal in Germany (GDR) in 1985.<\/p>\n<p style=\"text-align: justify;\">Pawe\u0142 Paluch has performed several hundred concerts as chamber musician and soloist (also with symphony orchestras) in Poland and abroad. He has released CDs and DVDs, and made recordings for the radio and the TV. Frequently invited to serve in regional, national, and international festival and competition juries, he has also conducted auditions for the Centre for Artistic Education and conducted accordion workshops and seminars in music schools throughout the country. His students have won key prizes, distinctions, and honours at Polish and international competitions and festivals, and also at CEA auditions.<\/p>\n<p style=\"text-align: justify;\">The artistic, educational, and community services have won Pawe\u0142 Paluch a range of honours, notably the Decoration for Merit to Culture (1995), Silver Medal for Long Service (2013), and the prizes of the rectors of the University of Rzesz\u00f3w and the Academy of Music in Krak\u00f3w (2014), and the director of the Music Schools No. 1 in Rzesz\u00f3w, as well as the Minister of Culture and National Heritage Diploma (2013) and the Medal of the Commission of National Education (2019).<\/p>\n<p style=\"text-align: justify;\"><a href=\"mailto:pawel.paluch@amuz.krakow.pl\">pawel.paluch@amuz.krakow.pl<\/a><\/p>\n<p><\/p>","protected":false},"excerpt":{"rendered":"<p>Professor dr hab. Pawe\u0142 Paluch graduated in the class of the accordion from master degree studies in instrumental music at the Academy of Music in Krak\u00f3w in 1987. In 1994&hellip; <a href=\"https:\/\/www.amuz.krakow.pl\/en\/wydzialy\/wydzial-ii-instrumentalny\/katedra-instrumentow-detych-i-akordeonu\/pracownicy-katedry\/prof-dr-hab-pawel-paluch\/\">Continue reading<\/a><\/p>\n","protected":false},"author":72,"featured_media":0,"parent":2139,"menu_order":60,"comment_status":"closed","ping_status":"closed","template":"","meta":{"footnotes":"","_links_to":"","_links_to_target":""},"class_list":["post-2186","page","type-page","status-publish","hentry"],"yoast_head":"<!-- This site is optimized with the Yoast SEO plugin v27.2 - https:\/\/yoast.com\/product\/yoast-seo-wordpress\/ -->\n<title>AMKP - Akademia Muzyczna im. Krzysztofa Pendereckiego w Krakowie<\/title>\n<meta name=\"robots\" content=\"index, follow, max-snippet:-1, max-image-preview:large, max-video-preview:-1\" \/>\n<link rel=\"canonical\" href=\"https:\/\/www.amuz.krakow.pl\/wydzialy\/wydzial-ii-instrumentalny\/katedra-instrumentow-detych-i-akordeonu\/pracownicy-katedry\/prof-dr-hab-pawel-paluch\/\" \/>\n<meta property=\"og:locale\" content=\"en_US\" \/>\n<meta property=\"og:type\" content=\"article\" \/>\n<meta property=\"og:title\" content=\"AMKP - Akademia Muzyczna im. Krzysztofa Pendereckiego w Krakowie\" \/>\n<meta property=\"og:description\" content=\"Professor dr hab. Pawe\u0142 Paluch graduated in the class of the accordion from master degree studies in instrumental music at the Academy of Music in Krak\u00f3w in 1987. In 1994&hellip; Continue reading\" \/>\n<meta property=\"og:url\" content=\"https:\/\/www.amuz.krakow.pl\/wydzialy\/wydzial-ii-instrumentalny\/katedra-instrumentow-detych-i-akordeonu\/pracownicy-katedry\/prof-dr-hab-pawel-paluch\/\" \/>\n<meta property=\"og:site_name\" content=\"Akademia Muzyczna im. Krzysztofa Pendereckiego w Krakowie\" \/>\n<meta property=\"article:publisher\" content=\"https:\/\/www.facebook.com\/amuz.krakow\" \/>\n<meta property=\"article:modified_time\" content=\"2025-12-10T08:58:04+00:00\" \/>\n<meta property=\"og:image\" content=\"https:\/\/www.amuz.krakow.pl\/wp-content\/uploads\/2021\/04\/Pawel-Paluch-scaled.jpg\" \/>\n\t<meta property=\"og:image:width\" content=\"1365\" \/>\n\t<meta property=\"og:image:height\" content=\"2048\" \/>\n\t<meta property=\"og:image:type\" content=\"image\/jpeg\" \/>\n<meta name=\"twitter:card\" content=\"summary_large_image\" \/>\n<meta name=\"twitter:label1\" content=\"Est. reading time\" \/>\n\t<meta name=\"twitter:data1\" content=\"4 minutes\" \/>\n<script type=\"application\/ld+json\" class=\"yoast-schema-graph\">{\"@context\":\"https:\/\/schema.org\",\"@graph\":[{\"@type\":\"WebPage\",\"@id\":\"https:\/\/www.amuz.krakow.pl\/wydzialy\/wydzial-ii-instrumentalny\/katedra-instrumentow-detych-i-akordeonu\/pracownicy-katedry\/prof-dr-hab-pawel-paluch\/\",\"url\":\"https:\/\/www.amuz.krakow.pl\/wydzialy\/wydzial-ii-instrumentalny\/katedra-instrumentow-detych-i-akordeonu\/pracownicy-katedry\/prof-dr-hab-pawel-paluch\/\",\"name\":\"AMKP - Akademia Muzyczna im. Krzysztofa Pendereckiego w Krakowie\",\"isPartOf\":{\"@id\":\"https:\/\/www.amuz.krakow.pl\/#website\"},\"primaryImageOfPage\":{\"@id\":\"https:\/\/www.amuz.krakow.pl\/wydzialy\/wydzial-ii-instrumentalny\/katedra-instrumentow-detych-i-akordeonu\/pracownicy-katedry\/prof-dr-hab-pawel-paluch\/#primaryimage\"},\"image\":{\"@id\":\"https:\/\/www.amuz.krakow.pl\/wydzialy\/wydzial-ii-instrumentalny\/katedra-instrumentow-detych-i-akordeonu\/pracownicy-katedry\/prof-dr-hab-pawel-paluch\/#primaryimage\"},\"thumbnailUrl\":\"https:\/\/www.amuz.krakow.pl\/wp-content\/uploads\/2021\/04\/Pawel-Paluch-scaled.jpg\",\"datePublished\":\"2016-02-16T22:18:07+00:00\",\"dateModified\":\"2025-12-10T08:58:04+00:00\",\"breadcrumb\":{\"@id\":\"https:\/\/www.amuz.krakow.pl\/wydzialy\/wydzial-ii-instrumentalny\/katedra-instrumentow-detych-i-akordeonu\/pracownicy-katedry\/prof-dr-hab-pawel-paluch\/#breadcrumb\"},\"inLanguage\":\"en-US\",\"potentialAction\":[{\"@type\":\"ReadAction\",\"target\":[\"https:\/\/www.amuz.krakow.pl\/wydzialy\/wydzial-ii-instrumentalny\/katedra-instrumentow-detych-i-akordeonu\/pracownicy-katedry\/prof-dr-hab-pawel-paluch\/\"]}]},{\"@type\":\"ImageObject\",\"inLanguage\":\"en-US\",\"@id\":\"https:\/\/www.amuz.krakow.pl\/wydzialy\/wydzial-ii-instrumentalny\/katedra-instrumentow-detych-i-akordeonu\/pracownicy-katedry\/prof-dr-hab-pawel-paluch\/#primaryimage\",\"url\":\"https:\/\/www.amuz.krakow.pl\/wp-content\/uploads\/2021\/04\/Pawel-Paluch-scaled.jpg\",\"contentUrl\":\"https:\/\/www.amuz.krakow.pl\/wp-content\/uploads\/2021\/04\/Pawel-Paluch-scaled.jpg\"},{\"@type\":\"BreadcrumbList\",\"@id\":\"https:\/\/www.amuz.krakow.pl\/wydzialy\/wydzial-ii-instrumentalny\/katedra-instrumentow-detych-i-akordeonu\/pracownicy-katedry\/prof-dr-hab-pawel-paluch\/#breadcrumb\",\"itemListElement\":[{\"@type\":\"ListItem\",\"position\":1,\"name\":\"Strona g\u0142\u00f3wna\",\"item\":\"https:\/\/www.amuz.krakow.pl\/\"},{\"@type\":\"ListItem\",\"position\":2,\"name\":\"WYDZIA\u0141Y\",\"item\":\"https:\/\/www.amuz.krakow.pl\/wydzialy\/\"},{\"@type\":\"ListItem\",\"position\":3,\"name\":\"Wydzia\u0142 Instrumentalny\",\"item\":\"https:\/\/www.amuz.krakow.pl\/wydzialy\/wydzial-ii-instrumentalny\/\"},{\"@type\":\"ListItem\",\"position\":4,\"name\":\"Katedra Instrument\u00f3w D\u0119tych i Akordeonu\",\"item\":\"https:\/\/www.amuz.krakow.pl\/wydzialy\/wydzial-ii-instrumentalny\/katedra-instrumentow-detych-i-akordeonu\/\"},{\"@type\":\"ListItem\",\"position\":5,\"name\":\"Pracownicy Katedry\",\"item\":\"https:\/\/www.amuz.krakow.pl\/wydzialy\/wydzial-ii-instrumentalny\/katedra-instrumentow-detych-i-akordeonu\/pracownicy-katedry\/\"},{\"@type\":\"ListItem\",\"position\":6,\"name\":\"prof. dr hab. Pawe\u0142 Paluch (wsp\u00f3\u0142praca)\"}]},{\"@type\":\"WebSite\",\"@id\":\"https:\/\/www.amuz.krakow.pl\/#website\",\"url\":\"https:\/\/www.amuz.krakow.pl\/\",\"name\":\"Akademia Muzyczna im. Krzysztofa Pendereckiego w Krakowie\",\"description\":\"Oficjalna strona Akademii Muzycznej im. Krzysztofa Pendereckiego w Krakowie (AMKP).\",\"publisher\":{\"@id\":\"https:\/\/www.amuz.krakow.pl\/#organization\"},\"alternateName\":\"AMKP\",\"potentialAction\":[{\"@type\":\"SearchAction\",\"target\":{\"@type\":\"EntryPoint\",\"urlTemplate\":\"https:\/\/www.amuz.krakow.pl\/?s={search_term_string}\"},\"query-input\":{\"@type\":\"PropertyValueSpecification\",\"valueRequired\":true,\"valueName\":\"search_term_string\"}}],\"inLanguage\":\"en-US\"},{\"@type\":\"Organization\",\"@id\":\"https:\/\/www.amuz.krakow.pl\/#organization\",\"name\":\"Akademia Muzyczna im. Krzysztofa Pendereckiego w Krakowie\",\"alternateName\":\"AMKP\",\"url\":\"https:\/\/www.amuz.krakow.pl\/\",\"logo\":{\"@type\":\"ImageObject\",\"inLanguage\":\"en-US\",\"@id\":\"https:\/\/www.amuz.krakow.pl\/#\/schema\/logo\/image\/\",\"url\":\"https:\/\/www.amuz.krakow.pl\/wp-content\/uploads\/2021\/11\/amkp.jpg\",\"contentUrl\":\"https:\/\/www.amuz.krakow.pl\/wp-content\/uploads\/2021\/11\/amkp.jpg\",\"width\":1193,\"height\":591,\"caption\":\"Akademia Muzyczna im. Krzysztofa Pendereckiego w Krakowie\"},\"image\":{\"@id\":\"https:\/\/www.amuz.krakow.pl\/#\/schema\/logo\/image\/\"},\"sameAs\":[\"https:\/\/www.facebook.com\/amuz.krakow\",\"https:\/\/www.instagram.com\/amkpenderecki\/\",\"https:\/\/www.youtube.com\/@amkpenderecki4806\"]}]}<\/script>\n<!-- \/ Yoast SEO plugin. -->","yoast_head_json":{"title":"AMKP - Akademia Muzyczna im. Krzysztofa Pendereckiego w Krakowie","robots":{"index":"index","follow":"follow","max-snippet":"max-snippet:-1","max-image-preview":"max-image-preview:large","max-video-preview":"max-video-preview:-1"},"canonical":"https:\/\/www.amuz.krakow.pl\/wydzialy\/wydzial-ii-instrumentalny\/katedra-instrumentow-detych-i-akordeonu\/pracownicy-katedry\/prof-dr-hab-pawel-paluch\/","og_locale":"en_US","og_type":"article","og_title":"AMKP - Akademia Muzyczna im. Krzysztofa Pendereckiego w Krakowie","og_description":"Professor dr hab. Pawe\u0142 Paluch graduated in the class of the accordion from master degree studies in instrumental music at the Academy of Music in Krak\u00f3w in 1987. In 1994&hellip; Continue reading","og_url":"https:\/\/www.amuz.krakow.pl\/wydzialy\/wydzial-ii-instrumentalny\/katedra-instrumentow-detych-i-akordeonu\/pracownicy-katedry\/prof-dr-hab-pawel-paluch\/","og_site_name":"Akademia Muzyczna im. Krzysztofa Pendereckiego w Krakowie","article_publisher":"https:\/\/www.facebook.com\/amuz.krakow","article_modified_time":"2025-12-10T08:58:04+00:00","og_image":[{"width":1365,"height":2048,"url":"https:\/\/www.amuz.krakow.pl\/wp-content\/uploads\/2021\/04\/Pawel-Paluch-scaled.jpg","type":"image\/jpeg"}],"twitter_card":"summary_large_image","twitter_misc":{"Est. reading time":"4 minutes"},"schema":{"@context":"https:\/\/schema.org","@graph":[{"@type":"WebPage","@id":"https:\/\/www.amuz.krakow.pl\/wydzialy\/wydzial-ii-instrumentalny\/katedra-instrumentow-detych-i-akordeonu\/pracownicy-katedry\/prof-dr-hab-pawel-paluch\/","url":"https:\/\/www.amuz.krakow.pl\/wydzialy\/wydzial-ii-instrumentalny\/katedra-instrumentow-detych-i-akordeonu\/pracownicy-katedry\/prof-dr-hab-pawel-paluch\/","name":"AMKP - Akademia Muzyczna im. Krzysztofa Pendereckiego w Krakowie","isPartOf":{"@id":"https:\/\/www.amuz.krakow.pl\/#website"},"primaryImageOfPage":{"@id":"https:\/\/www.amuz.krakow.pl\/wydzialy\/wydzial-ii-instrumentalny\/katedra-instrumentow-detych-i-akordeonu\/pracownicy-katedry\/prof-dr-hab-pawel-paluch\/#primaryimage"},"image":{"@id":"https:\/\/www.amuz.krakow.pl\/wydzialy\/wydzial-ii-instrumentalny\/katedra-instrumentow-detych-i-akordeonu\/pracownicy-katedry\/prof-dr-hab-pawel-paluch\/#primaryimage"},"thumbnailUrl":"https:\/\/www.amuz.krakow.pl\/wp-content\/uploads\/2021\/04\/Pawel-Paluch-scaled.jpg","datePublished":"2016-02-16T22:18:07+00:00","dateModified":"2025-12-10T08:58:04+00:00","breadcrumb":{"@id":"https:\/\/www.amuz.krakow.pl\/wydzialy\/wydzial-ii-instrumentalny\/katedra-instrumentow-detych-i-akordeonu\/pracownicy-katedry\/prof-dr-hab-pawel-paluch\/#breadcrumb"},"inLanguage":"en-US","potentialAction":[{"@type":"ReadAction","target":["https:\/\/www.amuz.krakow.pl\/wydzialy\/wydzial-ii-instrumentalny\/katedra-instrumentow-detych-i-akordeonu\/pracownicy-katedry\/prof-dr-hab-pawel-paluch\/"]}]},{"@type":"ImageObject","inLanguage":"en-US","@id":"https:\/\/www.amuz.krakow.pl\/wydzialy\/wydzial-ii-instrumentalny\/katedra-instrumentow-detych-i-akordeonu\/pracownicy-katedry\/prof-dr-hab-pawel-paluch\/#primaryimage","url":"https:\/\/www.amuz.krakow.pl\/wp-content\/uploads\/2021\/04\/Pawel-Paluch-scaled.jpg","contentUrl":"https:\/\/www.amuz.krakow.pl\/wp-content\/uploads\/2021\/04\/Pawel-Paluch-scaled.jpg"},{"@type":"BreadcrumbList","@id":"https:\/\/www.amuz.krakow.pl\/wydzialy\/wydzial-ii-instrumentalny\/katedra-instrumentow-detych-i-akordeonu\/pracownicy-katedry\/prof-dr-hab-pawel-paluch\/#breadcrumb","itemListElement":[{"@type":"ListItem","position":1,"name":"Strona g\u0142\u00f3wna","item":"https:\/\/www.amuz.krakow.pl\/"},{"@type":"ListItem","position":2,"name":"WYDZIA\u0141Y","item":"https:\/\/www.amuz.krakow.pl\/wydzialy\/"},{"@type":"ListItem","position":3,"name":"Wydzia\u0142 Instrumentalny","item":"https:\/\/www.amuz.krakow.pl\/wydzialy\/wydzial-ii-instrumentalny\/"},{"@type":"ListItem","position":4,"name":"Katedra Instrument\u00f3w D\u0119tych i Akordeonu","item":"https:\/\/www.amuz.krakow.pl\/wydzialy\/wydzial-ii-instrumentalny\/katedra-instrumentow-detych-i-akordeonu\/"},{"@type":"ListItem","position":5,"name":"Pracownicy Katedry","item":"https:\/\/www.amuz.krakow.pl\/wydzialy\/wydzial-ii-instrumentalny\/katedra-instrumentow-detych-i-akordeonu\/pracownicy-katedry\/"},{"@type":"ListItem","position":6,"name":"prof. dr hab. Pawe\u0142 Paluch (wsp\u00f3\u0142praca)"}]},{"@type":"WebSite","@id":"https:\/\/www.amuz.krakow.pl\/#website","url":"https:\/\/www.amuz.krakow.pl\/","name":"Akademia Muzyczna im. Krzysztofa Pendereckiego w Krakowie","description":"Oficjalna strona Akademii Muzycznej im. Krzysztofa Pendereckiego w Krakowie (AMKP).","publisher":{"@id":"https:\/\/www.amuz.krakow.pl\/#organization"},"alternateName":"AMKP","potentialAction":[{"@type":"SearchAction","target":{"@type":"EntryPoint","urlTemplate":"https:\/\/www.amuz.krakow.pl\/?s={search_term_string}"},"query-input":{"@type":"PropertyValueSpecification","valueRequired":true,"valueName":"search_term_string"}}],"inLanguage":"en-US"},{"@type":"Organization","@id":"https:\/\/www.amuz.krakow.pl\/#organization","name":"Akademia Muzyczna im. Krzysztofa Pendereckiego w Krakowie","alternateName":"AMKP","url":"https:\/\/www.amuz.krakow.pl\/","logo":{"@type":"ImageObject","inLanguage":"en-US","@id":"https:\/\/www.amuz.krakow.pl\/#\/schema\/logo\/image\/","url":"https:\/\/www.amuz.krakow.pl\/wp-content\/uploads\/2021\/11\/amkp.jpg","contentUrl":"https:\/\/www.amuz.krakow.pl\/wp-content\/uploads\/2021\/11\/amkp.jpg","width":1193,"height":591,"caption":"Akademia Muzyczna im. Krzysztofa Pendereckiego w Krakowie"},"image":{"@id":"https:\/\/www.amuz.krakow.pl\/#\/schema\/logo\/image\/"},"sameAs":["https:\/\/www.facebook.com\/amuz.krakow","https:\/\/www.instagram.com\/amkpenderecki\/","https:\/\/www.youtube.com\/@amkpenderecki4806"]}]}},"_links":{"self":[{"href":"https:\/\/www.amuz.krakow.pl\/en\/wp-json\/wp\/v2\/pages\/2186","targetHints":{"allow":["GET"]}}],"collection":[{"href":"https:\/\/www.amuz.krakow.pl\/en\/wp-json\/wp\/v2\/pages"}],"about":[{"href":"https:\/\/www.amuz.krakow.pl\/en\/wp-json\/wp\/v2\/types\/page"}],"author":[{"embeddable":true,"href":"https:\/\/www.amuz.krakow.pl\/en\/wp-json\/wp\/v2\/users\/72"}],"replies":[{"embeddable":true,"href":"https:\/\/www.amuz.krakow.pl\/en\/wp-json\/wp\/v2\/comments?post=2186"}],"version-history":[{"count":8,"href":"https:\/\/www.amuz.krakow.pl\/en\/wp-json\/wp\/v2\/pages\/2186\/revisions"}],"predecessor-version":[{"id":111706,"href":"https:\/\/www.amuz.krakow.pl\/en\/wp-json\/wp\/v2\/pages\/2186\/revisions\/111706"}],"up":[{"embeddable":true,"href":"https:\/\/www.amuz.krakow.pl\/en\/wp-json\/wp\/v2\/pages\/2139"}],"wp:attachment":[{"href":"https:\/\/www.amuz.krakow.pl\/en\/wp-json\/wp\/v2\/media?parent=2186"}],"curies":[{"name":"wp","href":"https:\/\/api.w.org\/{rel}","templated":true}]}}