{"id":21853,"date":"2018-02-05T22:06:02","date_gmt":"2018-02-05T21:06:02","guid":{"rendered":"https:\/\/www.amuz.krakow.pl\/?page_id=21853"},"modified":"2026-04-08T13:33:40","modified_gmt":"2026-04-08T11:33:40","slug":"piotr-lato-klarnet","status":"publish","type":"page","link":"https:\/\/www.amuz.krakow.pl\/en\/letnia-akademia-muzyczna\/wykaz-kursow\/instrumenty-dete\/piotr-lato-klarnet\/","title":{"rendered":"Piotr Lato &#8211; clarinet"},"content":{"rendered":"<p><figure id=\"attachment_8373\" aria-describedby=\"caption-attachment-8373\" style=\"width: 201px\" class=\"wp-caption alignleft\"><a href=\"https:\/\/www.amuz.krakow.pl\/wp-content\/uploads\/2016\/02\/Lato-Piotr2.jpg\" target=\"_blank\" rel=\"noopener\"><img loading=\"lazy\" decoding=\"async\" class=\"wp-image-8373\" src=\"https:\/\/www.amuz.krakow.pl\/wp-content\/uploads\/2016\/02\/Lato-Piotr2-202x300.jpg\" alt=\"Lato Piotr2\" width=\"201\" height=\"299\" srcset=\"https:\/\/www.amuz.krakow.pl\/wp-content\/uploads\/2016\/02\/Lato-Piotr2-202x300.jpg 202w, https:\/\/www.amuz.krakow.pl\/wp-content\/uploads\/2016\/02\/Lato-Piotr2-768x1140.jpg 768w, https:\/\/www.amuz.krakow.pl\/wp-content\/uploads\/2016\/02\/Lato-Piotr2-690x1024.jpg 690w\" sizes=\"auto, (max-width: 201px) 100vw, 201px\" \/><\/a><figcaption id=\"caption-attachment-8373\" class=\"wp-caption-text\">fot. Adam Go\u0142da<\/figcaption><\/figure><\/p>\n<p style=\"text-align: justify;\">Piotr Lato is a recipient of numerous awards and distinctions: he entered the semi-finals of the <em>Prague Spring <\/em>International Clarinet Competition in 2002, received third prize at the 4th Johannes Brahms International Chamber Music Competition in Gda\u0144sk in 2006, and very recently second prize at the MEDICI International Music Competition for Chamber Music.<\/p>\n<p style=\"text-align: justify;\">In recognition of his artistic and academic achievements, he has been awarded honorary badges and scholarships, such as the Order of Merit in the Service of Polish Culture (2016), the <em>Ars <\/em><em>Quaerendi<\/em><em>\u00a0<\/em>Ma\u0142opolska\u00a0Voivodeship \u2018for outstanding commitment to dissemination and promotion of culture\u2019 (2019), the Bronze Cross of Merit (2019), creative scholarship of the Minister of Culture and National Heritage (2020), the Order of <em>Honoris Gratia<\/em> by the City of Krak\u00f3w (2021) and Medal of the Commission for National Education (2022).<\/p>\n<p style=\"text-align: justify;\">He has taken part in many national and international festivals, e.g. the Ludwig van Beethoven Easter Festival, Krak\u00f3w Film Music Festival, the Music in Old Krak\u00f3w.<em>\u00a0<\/em>He has been involved in numerous CD, television and radio recordings for DUX, Centaur Records, Le Foxx Music, Universal Music and others.<\/p>\n<p style=\"text-align: justify;\">In demand as a teacher, he has served as an assistant professor at the Krzysztof Penderecki Academy of Music in Krakow since 2006. In 2011, he obtained the Doctor of Philosophy degree in instrumental art and the Post-doctoral degree of Musical Arts five years later. Since 2020 he has been the chair of the Woodwinds and Accordion Faculty and was promoted to the position of associate professor. He is also a clarinet teacher at the W\u0142adys\u0142aw\u00a0\u017bele\u0144ski Secondary State School of Music in Krak\u00f3w.<\/p>\n<p style=\"text-align: justify;\">Piotr Lato joined the Beethoven Academy Orchestra as principal clarinet in 2004. He appears regularly as a soloist, with many orchestras and ensembles. He is a signed artist of Henri Selmer Paris, MARCA Reeds, \u00a0Eddie Daniels Expressions Ligatures\u00a0and Chedeville USA.<\/p>\n<p><a href=\"https:\/\/www.selmer.fr\/\"><img loading=\"lazy\" decoding=\"async\" class=\"alignleft wp-image-27015\" src=\"https:\/\/www.amuz.krakow.pl\/wp-content\/uploads\/2018\/11\/SELMER_logo_w-300x219.jpg\" alt=\"\" width=\"180\" height=\"131\" srcset=\"https:\/\/www.amuz.krakow.pl\/wp-content\/uploads\/2018\/11\/SELMER_logo_w-300x219.jpg 300w, https:\/\/www.amuz.krakow.pl\/wp-content\/uploads\/2018\/11\/SELMER_logo_w-768x561.jpg 768w, https:\/\/www.amuz.krakow.pl\/wp-content\/uploads\/2018\/11\/SELMER_logo_w.jpg 2048w\" sizes=\"auto, (max-width: 180px) 100vw, 180px\" \/><\/a>\u00a0<a href=\"https:\/\/www.marcareeds.com\/\"><img loading=\"lazy\" decoding=\"async\" class=\"alignleft wp-image-27016\" src=\"https:\/\/www.amuz.krakow.pl\/wp-content\/uploads\/2018\/11\/logo_MARCA_Noir-297x300.jpg\" alt=\"\" width=\"150\" height=\"151\" srcset=\"https:\/\/www.amuz.krakow.pl\/wp-content\/uploads\/2018\/11\/logo_MARCA_Noir-297x300.jpg 297w, https:\/\/www.amuz.krakow.pl\/wp-content\/uploads\/2018\/11\/logo_MARCA_Noir-150x150.jpg 150w, https:\/\/www.amuz.krakow.pl\/wp-content\/uploads\/2018\/11\/logo_MARCA_Noir-768x775.jpg 768w, https:\/\/www.amuz.krakow.pl\/wp-content\/uploads\/2018\/11\/logo_MARCA_Noir.jpg 2000w\" sizes=\"auto, (max-width: 150px) 100vw, 150px\" \/><\/a><a href=\"https:\/\/chedeville.com\/artists\/piotr-lato\/\" rel=\"attachment wp-att-46942\"><img loading=\"lazy\" decoding=\"async\" class=\"alignleft wp-image-46942 size-full\" src=\"https:\/\/www.amuz.krakow.pl\/wp-content\/uploads\/2021\/02\/chedeville_dark_logo.png\" alt=\"\" width=\"238\" height=\"121\" \/><\/a><a href=\"https:\/\/chedeville.com\/artists\/piotr-lato\/\" rel=\"attachment wp-att-46942\">\u00a0<\/a><a href=\"https:\/\/www.jewelmusic.com\/eddie-daniels-ligatures\/\" target=\"_blank\" rel=\"noopener\"><img loading=\"lazy\" decoding=\"async\" class=\"alignleft wp-image-70903\" src=\"https:\/\/www.amuz.krakow.pl\/wp-content\/uploads\/2023\/02\/Eddi-Daniels-Expressions.png\" alt=\"\" width=\"300\" height=\"128\" srcset=\"https:\/\/www.amuz.krakow.pl\/wp-content\/uploads\/2023\/02\/Eddi-Daniels-Expressions.png 1005w, https:\/\/www.amuz.krakow.pl\/wp-content\/uploads\/2023\/02\/Eddi-Daniels-Expressions-300x128.png 300w, https:\/\/www.amuz.krakow.pl\/wp-content\/uploads\/2023\/02\/Eddi-Daniels-Expressions-768x329.png 768w\" sizes=\"auto, (max-width: 300px) 100vw, 300px\" \/><\/a><\/p>","protected":false},"excerpt":{"rendered":"<p>Piotr Lato is a recipient of numerous awards and distinctions: he entered the semi-finals of the Prague Spring International Clarinet Competition in 2002, received third prize at the 4th Johannes&hellip; <a href=\"https:\/\/www.amuz.krakow.pl\/en\/letnia-akademia-muzyczna\/wykaz-kursow\/instrumenty-dete\/piotr-lato-klarnet\/\">Continue reading<\/a><\/p>\n","protected":false},"author":72,"featured_media":84124,"parent":47055,"menu_order":15,"comment_status":"closed","ping_status":"closed","template":"","meta":{"footnotes":"","_links_to":"","_links_to_target":""},"class_list":["post-21853","page","type-page","status-publish","has-post-thumbnail","hentry"],"yoast_head":"<!-- This site is optimized with the Yoast SEO plugin v27.4 - https:\/\/yoast.com\/product\/yoast-seo-wordpress\/ -->\n<title>AMKP - Akademia Muzyczna im. Krzysztofa Pendereckiego w Krakowie<\/title>\n<meta name=\"robots\" content=\"index, follow, max-snippet:-1, max-image-preview:large, max-video-preview:-1\" \/>\n<link rel=\"canonical\" href=\"https:\/\/www.amuz.krakow.pl\/letnia-akademia-muzyczna\/wykaz-kursow\/instrumenty-dete\/piotr-lato-klarnet\/\" \/>\n<meta property=\"og:locale\" content=\"en_US\" \/>\n<meta property=\"og:type\" content=\"article\" \/>\n<meta property=\"og:title\" content=\"Piotr Lato - klarnet\" \/>\n<meta property=\"og:description\" content=\"Uko\u0144czy\u0142 Akademi\u0119 Muzyczn\u0105 w\u00a0Krakowie w\u00a0klasie klarnetu prof.\u00a0Andrzeja Godka z\u00a0wynikiem celuj\u0105cym. Uzyska\u0142 szereg nagr\u00f3d i\u00a0wyr\u00f3\u017cnie\u0144 w\u00a0konkursach muzycznych, m.in.\u00a0jest laureatem I\u00a0nagrody w\u00a0Og\u00f3lnopolskich Przes\u0142uchaniach Szk\u00f3\u0142 Muzycznych II st. klas instrument\u00f3w d\u0119tych drewnianych w\u00a0Olsztynie (1996), III nagrody w\u00a0XI Akademickim Konkursie Klarnetowym im.\u00a0K. Kurpi\u0144skiego we\u00a0W\u0142oszakowicach (2000), oraz\u00a0III nagrody w\u00a0IV Mi\u0119dzynarodowym Konkursie Muzyki Kameralnej im.\u00a0Johannesa Brahmsa w\u00a0Gda\u0144sku (2006). W\u00a02002\u00a0roku zosta\u0142 p\u00f3\u0142finalist\u0105 Mi\u0119dzynarodowego Konkursu Klarnetowego \u201ePraska Wiosna\u201d w\u00a0Pradze a\u00a0w 2003\u00a0zakwalifikowa\u0142 si\u0119 i\u00a0uczestniczy\u0142 w\u00a0Mi\u0119dzynarodowym Konkursie Klarnetowym ARD w\u00a0Monachium. Za\u00a0swoje osi\u0105gni\u0119cia muzyczne dwukrotnie otrzyma\u0142 stypendium Ministra Kultury (2000-2002), oraz\u00a0Stypendium Tw\u00f3rcze Miasta Krakowa (2003). Bra\u0142 udzia\u0142 w\u00a0wielu festiwalach krajowych i\u00a0zagranicznych: Mi\u0119dzynarodowy Festiwal Muzyczny Eurosilesia, Mi\u0119dzynarodowy Festiwal Muzyka w\u00a0Starym Krakowie, Mi\u0119dzynarodowy Festiwal Pogranicza Muzyki Wsp\u00f3\u0142czesnej, Wielkanocny Festiwal Ludwiga van Beethovena, Festiwal Youmg Euro Classic, Mi\u0119dzynarodowy Festiwal Muzyki Wsp\u00f3\u0142czesnej \u2013 12\u00a0Dni Muzyki Kompozytor\u00f3w Krakowskich, Festiwal Polskiej Muzyki Wsp\u00f3\u0142czesnej \u2013 Musica Polonica Nova, Mi\u0119dzynarodowy Festiwal Muzyki Kameralnej \u201eMuzyka na\u00a0Szczytach\u201d i\u00a0innych. By\u0142 uczestnikiem wielu kurs\u00f3w klarnetowych, m.in.\u00a0kursu interpretacyjno \u2013 kompozytorskiego prowadzonego przez\u00a0K. Stockhausena. Zrealizowa\u0142 szereg nagra\u0144 p\u0142ytowych, telewizyjnych i\u00a0radiowych dla wytw\u00f3rni krajowych i\u00a0zagranicznych: DUX, Centaur Reccord, Le Foxx Music, Universal Music i\u00a0innych. Prowadzi dzia\u0142alno\u015b\u0107 pedagogiczn\u0105 w\u00a0Pa\u0144stwowej Szkole Muzycznej II st. im.\u00a0W\u0142adys\u0142awa \u017bele\u0144skiego w\u00a0Krakowie. Od\u00a02006\u00a0roku asystent w\u00a0klasie klarnetu prof.\u00a0Andrzeja Godka w\u00a0Akademii Muzycznej w\u00a0Krakowie. W\u00a02011\u00a0roku uzyska\u0142 stopie\u0144 doktora sztuk muzycznych w\u00a0zakresie dyscypliny artystycznej instrumentalistyka i\u00a0zosta\u0142 zatrudniony na\u00a0stanowisku adiunkta. Od\u00a02004\u00a0roku pe\u0142ni funkcj\u0119 pierwszego klarnecisty Orkiestry Akademii Beethovenowskiej. Go\u015bcinnie wsp\u00f3\u0142pracuje z\u00a0wieloma orkiestrami i\u00a0zespo\u0142ami, r\u00f3wnocze\u015bnie prowadz\u0105c dzia\u0142alno\u015b\u0107 koncertow\u0105 solow\u0105 i\u00a0kameraln\u0105.\u00a0W 2016\u00a0roku uzyska\u0142 stopie\u0144 doktora habilitowanego sztuki. Jest artyst\u0105 firm Henri Selmer Paris oraz\u00a0MARCA Reeds.\" \/>\n<meta property=\"og:url\" content=\"https:\/\/www.amuz.krakow.pl\/letnia-akademia-muzyczna\/wykaz-kursow\/instrumenty-dete\/piotr-lato-klarnet\/\" \/>\n<meta property=\"og:site_name\" content=\"Akademia Muzyczna im. Krzysztofa Pendereckiego w Krakowie\" \/>\n<meta property=\"article:publisher\" content=\"https:\/\/www.facebook.com\/amuz.krakow\" \/>\n<meta property=\"article:modified_time\" content=\"2026-04-08T11:33:40+00:00\" \/>\n<meta property=\"og:image\" content=\"https:\/\/www.amuz.krakow.pl\/wp-content\/uploads\/2016\/02\/Lato-Piotr2-690x1024.jpg\" \/>\n\t<meta property=\"og:image:width\" content=\"690\" \/>\n\t<meta property=\"og:image:height\" content=\"1024\" \/>\n\t<meta property=\"og:image:type\" content=\"image\/jpeg\" \/>\n<meta name=\"twitter:card\" content=\"summary_large_image\" \/>\n<meta name=\"twitter:label1\" content=\"Est. reading time\" \/>\n\t<meta name=\"twitter:data1\" content=\"4 minutes\" \/>\n<script type=\"application\/ld+json\" class=\"yoast-schema-graph\">{\"@context\":\"https:\\\/\\\/schema.org\",\"@graph\":[{\"@type\":\"WebPage\",\"@id\":\"https:\\\/\\\/www.amuz.krakow.pl\\\/letnia-akademia-muzyczna\\\/wykaz-kursow\\\/instrumenty-dete\\\/piotr-lato-klarnet\\\/\",\"url\":\"https:\\\/\\\/www.amuz.krakow.pl\\\/letnia-akademia-muzyczna\\\/wykaz-kursow\\\/instrumenty-dete\\\/piotr-lato-klarnet\\\/\",\"name\":\"AMKP - Akademia Muzyczna im. Krzysztofa Pendereckiego w Krakowie\",\"isPartOf\":{\"@id\":\"https:\\\/\\\/www.amuz.krakow.pl\\\/#website\"},\"primaryImageOfPage\":{\"@id\":\"https:\\\/\\\/www.amuz.krakow.pl\\\/letnia-akademia-muzyczna\\\/wykaz-kursow\\\/instrumenty-dete\\\/piotr-lato-klarnet\\\/#primaryimage\"},\"image\":{\"@id\":\"https:\\\/\\\/www.amuz.krakow.pl\\\/letnia-akademia-muzyczna\\\/wykaz-kursow\\\/instrumenty-dete\\\/piotr-lato-klarnet\\\/#primaryimage\"},\"thumbnailUrl\":\"https:\\\/\\\/www.amuz.krakow.pl\\\/wp-content\\\/uploads\\\/2024\\\/03\\\/Lato-Piotr2_kafel-scaled.jpg\",\"datePublished\":\"2018-02-05T21:06:02+00:00\",\"dateModified\":\"2026-04-08T11:33:40+00:00\",\"breadcrumb\":{\"@id\":\"https:\\\/\\\/www.amuz.krakow.pl\\\/letnia-akademia-muzyczna\\\/wykaz-kursow\\\/instrumenty-dete\\\/piotr-lato-klarnet\\\/#breadcrumb\"},\"inLanguage\":\"en-US\",\"potentialAction\":[{\"@type\":\"ReadAction\",\"target\":[\"https:\\\/\\\/www.amuz.krakow.pl\\\/letnia-akademia-muzyczna\\\/wykaz-kursow\\\/instrumenty-dete\\\/piotr-lato-klarnet\\\/\"]}]},{\"@type\":\"ImageObject\",\"inLanguage\":\"en-US\",\"@id\":\"https:\\\/\\\/www.amuz.krakow.pl\\\/letnia-akademia-muzyczna\\\/wykaz-kursow\\\/instrumenty-dete\\\/piotr-lato-klarnet\\\/#primaryimage\",\"url\":\"https:\\\/\\\/www.amuz.krakow.pl\\\/wp-content\\\/uploads\\\/2024\\\/03\\\/Lato-Piotr2_kafel-scaled.jpg\",\"contentUrl\":\"https:\\\/\\\/www.amuz.krakow.pl\\\/wp-content\\\/uploads\\\/2024\\\/03\\\/Lato-Piotr2_kafel-scaled.jpg\",\"width\":2048,\"height\":1024},{\"@type\":\"BreadcrumbList\",\"@id\":\"https:\\\/\\\/www.amuz.krakow.pl\\\/letnia-akademia-muzyczna\\\/wykaz-kursow\\\/instrumenty-dete\\\/piotr-lato-klarnet\\\/#breadcrumb\",\"itemListElement\":[{\"@type\":\"ListItem\",\"position\":1,\"name\":\"Strona g\u0142\u00f3wna\",\"item\":\"https:\\\/\\\/www.amuz.krakow.pl\\\/\"},{\"@type\":\"ListItem\",\"position\":2,\"name\":\"Letnia Akademia Muzyczna\",\"item\":\"https:\\\/\\\/www.amuz.krakow.pl\\\/letnia-akademia-muzyczna\\\/\"},{\"@type\":\"ListItem\",\"position\":3,\"name\":\"Wykaz kurs\u00f3w\",\"item\":\"https:\\\/\\\/www.amuz.krakow.pl\\\/letnia-akademia-muzyczna\\\/wykaz-kursow\\\/\"},{\"@type\":\"ListItem\",\"position\":4,\"name\":\"Instrumenty d\u0119te\",\"item\":\"https:\\\/\\\/www.amuz.krakow.pl\\\/letnia-akademia-muzyczna\\\/wykaz-kursow\\\/instrumenty-dete\\\/\"},{\"@type\":\"ListItem\",\"position\":5,\"name\":\"Piotr Lato &#8211; klarnet\"}]},{\"@type\":\"WebSite\",\"@id\":\"https:\\\/\\\/www.amuz.krakow.pl\\\/#website\",\"url\":\"https:\\\/\\\/www.amuz.krakow.pl\\\/\",\"name\":\"Akademia Muzyczna im. Krzysztofa Pendereckiego w Krakowie\",\"description\":\"Oficjalna strona Akademii Muzycznej im. Krzysztofa Pendereckiego w Krakowie (AMKP).\",\"publisher\":{\"@id\":\"https:\\\/\\\/www.amuz.krakow.pl\\\/#organization\"},\"alternateName\":\"AMKP\",\"potentialAction\":[{\"@type\":\"SearchAction\",\"target\":{\"@type\":\"EntryPoint\",\"urlTemplate\":\"https:\\\/\\\/www.amuz.krakow.pl\\\/?s={search_term_string}\"},\"query-input\":{\"@type\":\"PropertyValueSpecification\",\"valueRequired\":true,\"valueName\":\"search_term_string\"}}],\"inLanguage\":\"en-US\"},{\"@type\":\"Organization\",\"@id\":\"https:\\\/\\\/www.amuz.krakow.pl\\\/#organization\",\"name\":\"Akademia Muzyczna im. Krzysztofa Pendereckiego w Krakowie\",\"alternateName\":\"AMKP\",\"url\":\"https:\\\/\\\/www.amuz.krakow.pl\\\/\",\"logo\":{\"@type\":\"ImageObject\",\"inLanguage\":\"en-US\",\"@id\":\"https:\\\/\\\/www.amuz.krakow.pl\\\/#\\\/schema\\\/logo\\\/image\\\/\",\"url\":\"https:\\\/\\\/www.amuz.krakow.pl\\\/wp-content\\\/uploads\\\/2021\\\/11\\\/amkp.jpg\",\"contentUrl\":\"https:\\\/\\\/www.amuz.krakow.pl\\\/wp-content\\\/uploads\\\/2021\\\/11\\\/amkp.jpg\",\"width\":1193,\"height\":591,\"caption\":\"Akademia Muzyczna im. Krzysztofa Pendereckiego w Krakowie\"},\"image\":{\"@id\":\"https:\\\/\\\/www.amuz.krakow.pl\\\/#\\\/schema\\\/logo\\\/image\\\/\"},\"sameAs\":[\"https:\\\/\\\/www.facebook.com\\\/amuz.krakow\",\"https:\\\/\\\/www.instagram.com\\\/amkpenderecki\\\/\",\"https:\\\/\\\/www.youtube.com\\\/@amkpenderecki4806\"]}]}<\/script>\n<!-- \/ Yoast SEO plugin. -->","yoast_head_json":{"title":"AMKP - Akademia Muzyczna im. Krzysztofa Pendereckiego w Krakowie","robots":{"index":"index","follow":"follow","max-snippet":"max-snippet:-1","max-image-preview":"max-image-preview:large","max-video-preview":"max-video-preview:-1"},"canonical":"https:\/\/www.amuz.krakow.pl\/letnia-akademia-muzyczna\/wykaz-kursow\/instrumenty-dete\/piotr-lato-klarnet\/","og_locale":"en_US","og_type":"article","og_title":"Piotr Lato - klarnet","og_description":"Uko\u0144czy\u0142 Akademi\u0119 Muzyczn\u0105 w\u00a0Krakowie w\u00a0klasie klarnetu prof.\u00a0Andrzeja Godka z\u00a0wynikiem celuj\u0105cym. Uzyska\u0142 szereg nagr\u00f3d i\u00a0wyr\u00f3\u017cnie\u0144 w\u00a0konkursach muzycznych, m.in.\u00a0jest laureatem I\u00a0nagrody w\u00a0Og\u00f3lnopolskich Przes\u0142uchaniach Szk\u00f3\u0142 Muzycznych II st. klas instrument\u00f3w d\u0119tych drewnianych w\u00a0Olsztynie (1996), III nagrody w\u00a0XI Akademickim Konkursie Klarnetowym im.\u00a0K. Kurpi\u0144skiego we\u00a0W\u0142oszakowicach (2000), oraz\u00a0III nagrody w\u00a0IV Mi\u0119dzynarodowym Konkursie Muzyki Kameralnej im.\u00a0Johannesa Brahmsa w\u00a0Gda\u0144sku (2006). W\u00a02002\u00a0roku zosta\u0142 p\u00f3\u0142finalist\u0105 Mi\u0119dzynarodowego Konkursu Klarnetowego \u201ePraska Wiosna\u201d w\u00a0Pradze a\u00a0w 2003\u00a0zakwalifikowa\u0142 si\u0119 i\u00a0uczestniczy\u0142 w\u00a0Mi\u0119dzynarodowym Konkursie Klarnetowym ARD w\u00a0Monachium. Za\u00a0swoje osi\u0105gni\u0119cia muzyczne dwukrotnie otrzyma\u0142 stypendium Ministra Kultury (2000-2002), oraz\u00a0Stypendium Tw\u00f3rcze Miasta Krakowa (2003). Bra\u0142 udzia\u0142 w\u00a0wielu festiwalach krajowych i\u00a0zagranicznych: Mi\u0119dzynarodowy Festiwal Muzyczny Eurosilesia, Mi\u0119dzynarodowy Festiwal Muzyka w\u00a0Starym Krakowie, Mi\u0119dzynarodowy Festiwal Pogranicza Muzyki Wsp\u00f3\u0142czesnej, Wielkanocny Festiwal Ludwiga van Beethovena, Festiwal Youmg Euro Classic, Mi\u0119dzynarodowy Festiwal Muzyki Wsp\u00f3\u0142czesnej \u2013 12\u00a0Dni Muzyki Kompozytor\u00f3w Krakowskich, Festiwal Polskiej Muzyki Wsp\u00f3\u0142czesnej \u2013 Musica Polonica Nova, Mi\u0119dzynarodowy Festiwal Muzyki Kameralnej \u201eMuzyka na\u00a0Szczytach\u201d i\u00a0innych. By\u0142 uczestnikiem wielu kurs\u00f3w klarnetowych, m.in.\u00a0kursu interpretacyjno \u2013 kompozytorskiego prowadzonego przez\u00a0K. Stockhausena. Zrealizowa\u0142 szereg nagra\u0144 p\u0142ytowych, telewizyjnych i\u00a0radiowych dla wytw\u00f3rni krajowych i\u00a0zagranicznych: DUX, Centaur Reccord, Le Foxx Music, Universal Music i\u00a0innych. Prowadzi dzia\u0142alno\u015b\u0107 pedagogiczn\u0105 w\u00a0Pa\u0144stwowej Szkole Muzycznej II st. im.\u00a0W\u0142adys\u0142awa \u017bele\u0144skiego w\u00a0Krakowie. Od\u00a02006\u00a0roku asystent w\u00a0klasie klarnetu prof.\u00a0Andrzeja Godka w\u00a0Akademii Muzycznej w\u00a0Krakowie. W\u00a02011\u00a0roku uzyska\u0142 stopie\u0144 doktora sztuk muzycznych w\u00a0zakresie dyscypliny artystycznej instrumentalistyka i\u00a0zosta\u0142 zatrudniony na\u00a0stanowisku adiunkta. Od\u00a02004\u00a0roku pe\u0142ni funkcj\u0119 pierwszego klarnecisty Orkiestry Akademii Beethovenowskiej. Go\u015bcinnie wsp\u00f3\u0142pracuje z\u00a0wieloma orkiestrami i\u00a0zespo\u0142ami, r\u00f3wnocze\u015bnie prowadz\u0105c dzia\u0142alno\u015b\u0107 koncertow\u0105 solow\u0105 i\u00a0kameraln\u0105.\u00a0W 2016\u00a0roku uzyska\u0142 stopie\u0144 doktora habilitowanego sztuki. Jest artyst\u0105 firm Henri Selmer Paris oraz\u00a0MARCA Reeds.","og_url":"https:\/\/www.amuz.krakow.pl\/letnia-akademia-muzyczna\/wykaz-kursow\/instrumenty-dete\/piotr-lato-klarnet\/","og_site_name":"Akademia Muzyczna im. Krzysztofa Pendereckiego w Krakowie","article_publisher":"https:\/\/www.facebook.com\/amuz.krakow","article_modified_time":"2026-04-08T11:33:40+00:00","og_image":[{"width":690,"height":1024,"url":"https:\/\/www.amuz.krakow.pl\/wp-content\/uploads\/2016\/02\/Lato-Piotr2-690x1024.jpg","type":"image\/jpeg"}],"twitter_card":"summary_large_image","twitter_misc":{"Est. reading time":"4 minutes"},"schema":{"@context":"https:\/\/schema.org","@graph":[{"@type":"WebPage","@id":"https:\/\/www.amuz.krakow.pl\/letnia-akademia-muzyczna\/wykaz-kursow\/instrumenty-dete\/piotr-lato-klarnet\/","url":"https:\/\/www.amuz.krakow.pl\/letnia-akademia-muzyczna\/wykaz-kursow\/instrumenty-dete\/piotr-lato-klarnet\/","name":"AMKP - Akademia Muzyczna im. Krzysztofa Pendereckiego w Krakowie","isPartOf":{"@id":"https:\/\/www.amuz.krakow.pl\/#website"},"primaryImageOfPage":{"@id":"https:\/\/www.amuz.krakow.pl\/letnia-akademia-muzyczna\/wykaz-kursow\/instrumenty-dete\/piotr-lato-klarnet\/#primaryimage"},"image":{"@id":"https:\/\/www.amuz.krakow.pl\/letnia-akademia-muzyczna\/wykaz-kursow\/instrumenty-dete\/piotr-lato-klarnet\/#primaryimage"},"thumbnailUrl":"https:\/\/www.amuz.krakow.pl\/wp-content\/uploads\/2024\/03\/Lato-Piotr2_kafel-scaled.jpg","datePublished":"2018-02-05T21:06:02+00:00","dateModified":"2026-04-08T11:33:40+00:00","breadcrumb":{"@id":"https:\/\/www.amuz.krakow.pl\/letnia-akademia-muzyczna\/wykaz-kursow\/instrumenty-dete\/piotr-lato-klarnet\/#breadcrumb"},"inLanguage":"en-US","potentialAction":[{"@type":"ReadAction","target":["https:\/\/www.amuz.krakow.pl\/letnia-akademia-muzyczna\/wykaz-kursow\/instrumenty-dete\/piotr-lato-klarnet\/"]}]},{"@type":"ImageObject","inLanguage":"en-US","@id":"https:\/\/www.amuz.krakow.pl\/letnia-akademia-muzyczna\/wykaz-kursow\/instrumenty-dete\/piotr-lato-klarnet\/#primaryimage","url":"https:\/\/www.amuz.krakow.pl\/wp-content\/uploads\/2024\/03\/Lato-Piotr2_kafel-scaled.jpg","contentUrl":"https:\/\/www.amuz.krakow.pl\/wp-content\/uploads\/2024\/03\/Lato-Piotr2_kafel-scaled.jpg","width":2048,"height":1024},{"@type":"BreadcrumbList","@id":"https:\/\/www.amuz.krakow.pl\/letnia-akademia-muzyczna\/wykaz-kursow\/instrumenty-dete\/piotr-lato-klarnet\/#breadcrumb","itemListElement":[{"@type":"ListItem","position":1,"name":"Strona g\u0142\u00f3wna","item":"https:\/\/www.amuz.krakow.pl\/"},{"@type":"ListItem","position":2,"name":"Letnia Akademia Muzyczna","item":"https:\/\/www.amuz.krakow.pl\/letnia-akademia-muzyczna\/"},{"@type":"ListItem","position":3,"name":"Wykaz kurs\u00f3w","item":"https:\/\/www.amuz.krakow.pl\/letnia-akademia-muzyczna\/wykaz-kursow\/"},{"@type":"ListItem","position":4,"name":"Instrumenty d\u0119te","item":"https:\/\/www.amuz.krakow.pl\/letnia-akademia-muzyczna\/wykaz-kursow\/instrumenty-dete\/"},{"@type":"ListItem","position":5,"name":"Piotr Lato &#8211; klarnet"}]},{"@type":"WebSite","@id":"https:\/\/www.amuz.krakow.pl\/#website","url":"https:\/\/www.amuz.krakow.pl\/","name":"Akademia Muzyczna im. Krzysztofa Pendereckiego w Krakowie","description":"Oficjalna strona Akademii Muzycznej im. Krzysztofa Pendereckiego w Krakowie (AMKP).","publisher":{"@id":"https:\/\/www.amuz.krakow.pl\/#organization"},"alternateName":"AMKP","potentialAction":[{"@type":"SearchAction","target":{"@type":"EntryPoint","urlTemplate":"https:\/\/www.amuz.krakow.pl\/?s={search_term_string}"},"query-input":{"@type":"PropertyValueSpecification","valueRequired":true,"valueName":"search_term_string"}}],"inLanguage":"en-US"},{"@type":"Organization","@id":"https:\/\/www.amuz.krakow.pl\/#organization","name":"Akademia Muzyczna im. Krzysztofa Pendereckiego w Krakowie","alternateName":"AMKP","url":"https:\/\/www.amuz.krakow.pl\/","logo":{"@type":"ImageObject","inLanguage":"en-US","@id":"https:\/\/www.amuz.krakow.pl\/#\/schema\/logo\/image\/","url":"https:\/\/www.amuz.krakow.pl\/wp-content\/uploads\/2021\/11\/amkp.jpg","contentUrl":"https:\/\/www.amuz.krakow.pl\/wp-content\/uploads\/2021\/11\/amkp.jpg","width":1193,"height":591,"caption":"Akademia Muzyczna im. Krzysztofa Pendereckiego w Krakowie"},"image":{"@id":"https:\/\/www.amuz.krakow.pl\/#\/schema\/logo\/image\/"},"sameAs":["https:\/\/www.facebook.com\/amuz.krakow","https:\/\/www.instagram.com\/amkpenderecki\/","https:\/\/www.youtube.com\/@amkpenderecki4806"]}]}},"_links":{"self":[{"href":"https:\/\/www.amuz.krakow.pl\/en\/wp-json\/wp\/v2\/pages\/21853","targetHints":{"allow":["GET"]}}],"collection":[{"href":"https:\/\/www.amuz.krakow.pl\/en\/wp-json\/wp\/v2\/pages"}],"about":[{"href":"https:\/\/www.amuz.krakow.pl\/en\/wp-json\/wp\/v2\/types\/page"}],"author":[{"embeddable":true,"href":"https:\/\/www.amuz.krakow.pl\/en\/wp-json\/wp\/v2\/users\/72"}],"replies":[{"embeddable":true,"href":"https:\/\/www.amuz.krakow.pl\/en\/wp-json\/wp\/v2\/comments?post=21853"}],"version-history":[{"count":7,"href":"https:\/\/www.amuz.krakow.pl\/en\/wp-json\/wp\/v2\/pages\/21853\/revisions"}],"predecessor-version":[{"id":71517,"href":"https:\/\/www.amuz.krakow.pl\/en\/wp-json\/wp\/v2\/pages\/21853\/revisions\/71517"}],"up":[{"embeddable":true,"href":"https:\/\/www.amuz.krakow.pl\/en\/wp-json\/wp\/v2\/pages\/47055"}],"wp:featuredmedia":[{"embeddable":true,"href":"https:\/\/www.amuz.krakow.pl\/en\/wp-json\/wp\/v2\/media\/84124"}],"wp:attachment":[{"href":"https:\/\/www.amuz.krakow.pl\/en\/wp-json\/wp\/v2\/media?parent=21853"}],"curies":[{"name":"wp","href":"https:\/\/api.w.org\/{rel}","templated":true}]}}