{"id":21845,"date":"2018-02-05T22:00:40","date_gmt":"2018-02-05T21:00:40","guid":{"rendered":"https:\/\/www.amuz.krakow.pl\/?page_id=21845"},"modified":"2026-04-01T16:00:40","modified_gmt":"2026-04-01T14:00:40","slug":"gajusz-keska-fortepian","status":"publish","type":"page","link":"https:\/\/www.amuz.krakow.pl\/en\/letnia-akademia-muzyczna\/wykaz-kursow\/instrumenty-klawiszowe\/gajusz-keska-fortepian\/","title":{"rendered":"Gajusz K\u0119ska &#8211; piano"},"content":{"rendered":"<p><figure id=\"attachment_75612\" aria-describedby=\"caption-attachment-75612\" style=\"width: 200px\" class=\"wp-caption alignleft\"><a href=\"https:\/\/www.amuz.krakow.pl\/wp-content\/uploads\/2023\/06\/Gajusz-Keska_fot.-Tomasz-Pluta.jpg\" target=\"_blank\" rel=\"noopener\"><img loading=\"lazy\" decoding=\"async\" class=\"wp-image-75612 size-medium\" src=\"https:\/\/www.amuz.krakow.pl\/wp-content\/uploads\/2023\/06\/Gajusz-Keska_fot.-Tomasz-Pluta-200x300.jpg\" alt=\"\" width=\"200\" height=\"300\" srcset=\"https:\/\/www.amuz.krakow.pl\/wp-content\/uploads\/2023\/06\/Gajusz-Keska_fot.-Tomasz-Pluta-200x300.jpg 200w, https:\/\/www.amuz.krakow.pl\/wp-content\/uploads\/2023\/06\/Gajusz-Keska_fot.-Tomasz-Pluta.jpg 533w\" sizes=\"auto, (max-width: 200px) 100vw, 200px\" \/><\/a><figcaption id=\"caption-attachment-75612\" class=\"wp-caption-text\">photo by Tomasz Pluta<\/figcaption><\/figure><\/p>\n<p style=\"text-align: justify;\">His study in Academy of Music in Cracow in piano class of Professor Andrzej Pikul he finished in 2002 with distinction. In the same year he started post graduated study in master piano class of Professor Willem Brons in Sweelinck Conservatorium in Amsterdam, which he finished in 2005 as well with distinction (the highest mark). In March 2010 he got his PhD in music in Academy of Music in Cracow where nowadays he is leading his own piano class in piano department. In 2017 he got his habilitation title. His students are prizewinners of national and international piano competitions.<\/p>\n<p style=\"text-align: justify;\">He is a prize winner of national and international piano competition: National Polish Piano Competition EPTA in Cracow, International Piano Competition for Young Pianists in Gaillard in France, Polish Music Festival \u201cWeek of Talent\u201d in Tarn\u00f3w, Piano Competition \u201cTadeusz \u017bmudzi\u0144ski im Memoriam\u201d in Cracow, Special Prize for the best performance of romantic music in International Piano Masterclass in Tel-Hai in Israel, International Pacific Piano Competition in Vancouver in Canada and International Piano Competition \u201cCiutat de Mallorca\u201d in Palma de Mallorca.<\/p>\n<p style=\"text-align: justify;\">He was a scholarship holder of Polish Minister of Culture and Art, J\u0171tting Foundation in Stendal, Maestro Hans Vonk, Schumann-Schimmel van Outeren Foundation in Holland.<\/p>\n<p style=\"text-align: justify;\">Gajusz K\u0119ska performs wide repertoire as a soloist and chamber music player and regularly plays in prestigious halls during festivals and concerts in most of the countries of Europe and China, Canada, Japan, Chile, Peru, Argentina, Equador and Israel. The most important of them are: International Chopin Festival \u201eChopin Tage\u201d in Leipzig, Festival \u201ePolish days\u201d in Prague, Polish Composers Festival in Atma, \u201eInternational Woche Festival\u201d in Stefaniensall in Graz, Jutting Foundation Festival in Stendal, Gala Concert in Bosendorfersall in Vienna promotion Poland as a member of European Union, Recanti Auditorium in Tel-Aviv, Polish Embassy in Tokyo, Polish Master Pianist Festival in S\u0142upsk, Gateway Theater in Vancouver, Holland Music Session in Holland, Auditorio Forteza in Palma de Mallorca, Vriendenkrans Music Festival in Concertgebouw in Amsterdam, Festival of Prizewinners of Music Competitions in Philharmonic Hall in Katowice, Chopin Recitals in the house of F. Chopin in \u017belazowa Wola, Teatro Oriente and Centrum Culturale de Providencia in Santiago de Chile, St. Giles Cathedra in Edinburgh, Rainbow Theatre in Inverness, Teatro del Lago \u2013 during \u201cSemanas Musicales\u201d Festival in Frutillar (Chile), Auditorium Ricardo Palma in Lima and in Teatro Sucre in Quito, National Philharmony of Belarus in Minsk, \u201cIguazu en Concierto Music Festival\u201d in Iguazu (Argentina).<\/p>\n<p style=\"text-align: justify;\">In 2013 his debut CD with Piano Sonatas of K. Szymanowski for nominated for ICMA 2013, for Fryderyk Prize 2013 and got Prize from Spanish music magazine \u201cScherzo\u201d.<\/p>\n<p style=\"text-align: justify;\">From 2015 he is creator and director of International Competition for Young Pianist \u201cChopin at Wawel\u201d in Krakow, Poland. Since the same year Gajusz K\u0119ska is coorganizer and artistic director of international masterclasses Academy of Talent in \u0141\u0105cko, Poland.<\/p>\n<p><\/p>","protected":false},"excerpt":{"rendered":"<p>His study in Academy of Music in Cracow in piano class of Professor Andrzej Pikul he finished in 2002 with distinction. In the same year he started post graduated study&hellip; <a href=\"https:\/\/www.amuz.krakow.pl\/en\/letnia-akademia-muzyczna\/wykaz-kursow\/instrumenty-klawiszowe\/gajusz-keska-fortepian\/\">Continue reading<\/a><\/p>\n","protected":false},"author":72,"featured_media":75613,"parent":47050,"menu_order":7,"comment_status":"closed","ping_status":"closed","template":"","meta":{"footnotes":"","_links_to":"","_links_to_target":""},"class_list":["post-21845","page","type-page","status-publish","has-post-thumbnail","hentry"],"yoast_head":"<!-- This site is optimized with the Yoast SEO plugin v27.4 - https:\/\/yoast.com\/product\/yoast-seo-wordpress\/ -->\n<title>AMKP - Akademia Muzyczna im. Krzysztofa Pendereckiego w Krakowie<\/title>\n<meta name=\"robots\" content=\"index, follow, max-snippet:-1, max-image-preview:large, max-video-preview:-1\" \/>\n<link rel=\"canonical\" href=\"https:\/\/www.amuz.krakow.pl\/letnia-akademia-muzyczna\/wykaz-kursow\/instrumenty-klawiszowe\/gajusz-keska-fortepian\/\" \/>\n<meta property=\"og:locale\" content=\"en_US\" \/>\n<meta property=\"og:type\" content=\"article\" \/>\n<meta property=\"og:title\" content=\"Gajusz K\u0119ska - fortepian\" \/>\n<meta property=\"og:description\" content=\"Studia w Akademii Muzycznej w Krakowie w klasie fortepianu Prof. Andrzeja Pikula uko\u0144czy\u0142 w roku 2002 z wynikiem celuj\u0105cym. W tym samym roku rozpocz\u0105\u0142 studia podyplomowe w mistrzowskiej klasie Prof. Willema Bronsa w Sweelinck Conservatorium w Amsterdamie, kt\u00f3re nast\u0119pnie uko\u0144czy\u0142 w czerwcu 2005 roku z wyr\u00f3\u017cnieniem (najwy\u017csza punktacja). Pe\u0142ni obowi\u0105zki adiunkta w Katedrze Fortepianu w Akademii Muzycznej w Krakowie, gdzie otrzymawszy w 2010 roku tytu\u0142 doktora sztuki i 2017 roku tytu\u0142 doktora habilitowanego prowadzi klas\u0119 fortepianu. Jego uczniowie i studenci s\u0105 laureatami wielu krajowych i mi\u0119dzynarodowych konkurs\u00f3w. Jest laureatem krajowych i mi\u0119dzynarodowych konkurs\u00f3w muzycznych i pianistycznych, m. in.: Og\u00f3lnopolski Konkurs Pianistyczny EPTA w Krakowie, Mi\u0119dzynarodowy Konkurs M\u0142odych Pianist\u00f3w w Gaillard we Francji, Og\u00f3lnopolski Festiwal &quot;Tydzie\u0144 Talent\u00f3w&quot; w Tarnowie, Konkursie im. Tadeusza \u017bmudzi\u0144skiego w Krakowie, Mi\u0119dzynarodowy Kurs Mistrzowski w Tel-Hai w Izraelu, International Pacific Piano Competition&quot; w Vancouver w Kanadzie, Mi\u0119dzynarodowy Konkurs Pianistyczny &quot;Ciutat de Mallorca&quot; na Majorce. Otrzyma\u0142 presti\u017cowe stypendia, m. in.: Ministra Kultury i Sztuki, Fundacji J\u0171tting Stichting w Stendal (Niemcy), Maestro Hansa Vonk&#039;a w Amsterdamie, Fundacji &quot;Schumann-Schimmel van Outeren&quot; w Holandii. Koncertuje z r\u00f3\u017cnorodnym repertuarem jako solista i kameralista regularnie wyst\u0119puje w presti\u017cowych salach koncertowych na festiwalach i koncertach w wielu krajach Europy, jak r\u00f3wnie\u017c w Kanadzie, Japonii, Chinach, Argentynie, Peru, Ekwadorze, Chile i Izraelu, a najwa\u017cniejsze z nich to: Festiwal Chopinowski w Lipsku, Festiwal &quot;Dni Polskie w Pradze&quot;, Festiwal Kompozytor\u00f3w Polskich w &quot;Atmie&quot; w Zakopanem, International Woche w Grazu (Austria) w Stefaniensall, Galowy Koncert promuj\u0105cy Polsk\u0119 jako jednego z kraj\u00f3w ubiegaj\u0105cych si\u0119 o cz\u0142onkostwo w Unii Europejskiej w Bosendorfersall we Wiedniu, Recanti Auditorium w Tel-Avivie, Festiwal Pianistyki Polskiej w S\u0142upsku, Gateway Theater w Vancouver, Kanada, Holland Music Session w Holandii (koncerty solowe i kameralne), Auditorio Forteza w Palma de Mallorca, Vriendenkrans Music Festival w Amsterdamie w Concertgebouw (Kleine Zaal) oraz Bachzaal w Amsterdamie, &quot;Festiwal Laureat\u00f3w Konkurs\u00f3w Muzycznych&quot; w Filharmonii w Katowicach, \u017belazowa Wola - recitale Chopinowskie w domu Fryderyka Chopina, Teatro Oriente, Centrum Culturale de Providencia w Santiago de Chile,\u00a0 Katedra St. Giles w Edynburgu i Rainbow Theatre w Inverness w ramach obchod\u00f3w Roku Chopinowskiego w Szkocji, Festiwal \u201eSemanas Musicales\u201d we Frutillar (Wielka Sala Teatro del Lago), Auditorium Ricardo Palma w Limie, Teatro Sucre w Quito, Festiwal Iguazu en Concierto (Argentyna), Filharmonia Narodowa w Mi\u0144sku. W 2012 roku ukaza\u0142a si\u0119 jego debiutancka p\u0142yta z kompletem Sonat fortepianowych Karola Szymanowskiego wydana przez wytw\u00f3rni\u0119 p\u0142ytow\u0105 DUX, kt\u00f3ra otrzyma\u0142a Nominacj\u0119 do Fryderyka 2013, Nominacj\u0119 do nagrody ICMA 2013 oraz Nagrod\u0119 hiszpa\u0144skiego magazynu \u201eScherzo\u201d. W 2015 zorganizowa\u0142 pierwsz\u0105 edycj\u0119 Og\u00f3lnopolskiego Konkursu M\u0142odych Pianist\u00f3w \u201eChopin pod Wawelem\u201d (obecnie w formacie mi\u0119dzynarodowym), kt\u00f3rego jest pomys\u0142odawc\u0105 i dyrektorem artystycznym. Od tego samego roku jest wsp\u00f3\u0142organizatorem i\u00a0 tw\u00f3rc\u0105 idei Ma\u0142opolskiej Akademii Talent\u00f3w (kursy i festiwal) odbywaj\u0105cej si\u0119 rokrocznie w \u0141\u0105cku, gdzie pe\u0142ni funkcj\u0119 dyrektora artystycznego kurs\u00f3w mistrzowskich.\" \/>\n<meta property=\"og:url\" content=\"https:\/\/www.amuz.krakow.pl\/letnia-akademia-muzyczna\/wykaz-kursow\/instrumenty-klawiszowe\/gajusz-keska-fortepian\/\" \/>\n<meta property=\"og:site_name\" content=\"Akademia Muzyczna im. Krzysztofa Pendereckiego w Krakowie\" \/>\n<meta property=\"article:publisher\" content=\"https:\/\/www.facebook.com\/amuz.krakow\" \/>\n<meta property=\"article:modified_time\" content=\"2026-04-01T14:00:40+00:00\" \/>\n<meta property=\"og:image\" content=\"https:\/\/www.amuz.krakow.pl\/wp-content\/uploads\/2018\/02\/Gajusz-K\u0119ska_fot.-archiwum-artysty-1-768x1024.jpg\" \/>\n\t<meta property=\"og:image:width\" content=\"768\" \/>\n\t<meta property=\"og:image:height\" content=\"1024\" \/>\n\t<meta property=\"og:image:type\" content=\"image\/jpeg\" \/>\n<meta name=\"twitter:card\" content=\"summary_large_image\" \/>\n<meta name=\"twitter:label1\" content=\"Est. reading time\" \/>\n\t<meta name=\"twitter:data1\" content=\"4 minutes\" \/>\n<script type=\"application\/ld+json\" class=\"yoast-schema-graph\">{\"@context\":\"https:\\\/\\\/schema.org\",\"@graph\":[{\"@type\":\"WebPage\",\"@id\":\"https:\\\/\\\/www.amuz.krakow.pl\\\/letnia-akademia-muzyczna\\\/wykaz-kursow\\\/instrumenty-klawiszowe\\\/gajusz-keska-fortepian\\\/\",\"url\":\"https:\\\/\\\/www.amuz.krakow.pl\\\/letnia-akademia-muzyczna\\\/wykaz-kursow\\\/instrumenty-klawiszowe\\\/gajusz-keska-fortepian\\\/\",\"name\":\"AMKP - Akademia Muzyczna im. Krzysztofa Pendereckiego w Krakowie\",\"isPartOf\":{\"@id\":\"https:\\\/\\\/www.amuz.krakow.pl\\\/#website\"},\"primaryImageOfPage\":{\"@id\":\"https:\\\/\\\/www.amuz.krakow.pl\\\/letnia-akademia-muzyczna\\\/wykaz-kursow\\\/instrumenty-klawiszowe\\\/gajusz-keska-fortepian\\\/#primaryimage\"},\"image\":{\"@id\":\"https:\\\/\\\/www.amuz.krakow.pl\\\/letnia-akademia-muzyczna\\\/wykaz-kursow\\\/instrumenty-klawiszowe\\\/gajusz-keska-fortepian\\\/#primaryimage\"},\"thumbnailUrl\":\"https:\\\/\\\/www.amuz.krakow.pl\\\/wp-content\\\/uploads\\\/2023\\\/06\\\/Gajusz-Keska_fot.-Tomasz-Pluta_miniatura.jpg\",\"datePublished\":\"2018-02-05T21:00:40+00:00\",\"dateModified\":\"2026-04-01T14:00:40+00:00\",\"breadcrumb\":{\"@id\":\"https:\\\/\\\/www.amuz.krakow.pl\\\/letnia-akademia-muzyczna\\\/wykaz-kursow\\\/instrumenty-klawiszowe\\\/gajusz-keska-fortepian\\\/#breadcrumb\"},\"inLanguage\":\"en-US\",\"potentialAction\":[{\"@type\":\"ReadAction\",\"target\":[\"https:\\\/\\\/www.amuz.krakow.pl\\\/letnia-akademia-muzyczna\\\/wykaz-kursow\\\/instrumenty-klawiszowe\\\/gajusz-keska-fortepian\\\/\"]}]},{\"@type\":\"ImageObject\",\"inLanguage\":\"en-US\",\"@id\":\"https:\\\/\\\/www.amuz.krakow.pl\\\/letnia-akademia-muzyczna\\\/wykaz-kursow\\\/instrumenty-klawiszowe\\\/gajusz-keska-fortepian\\\/#primaryimage\",\"url\":\"https:\\\/\\\/www.amuz.krakow.pl\\\/wp-content\\\/uploads\\\/2023\\\/06\\\/Gajusz-Keska_fot.-Tomasz-Pluta_miniatura.jpg\",\"contentUrl\":\"https:\\\/\\\/www.amuz.krakow.pl\\\/wp-content\\\/uploads\\\/2023\\\/06\\\/Gajusz-Keska_fot.-Tomasz-Pluta_miniatura.jpg\",\"width\":532,\"height\":308},{\"@type\":\"BreadcrumbList\",\"@id\":\"https:\\\/\\\/www.amuz.krakow.pl\\\/letnia-akademia-muzyczna\\\/wykaz-kursow\\\/instrumenty-klawiszowe\\\/gajusz-keska-fortepian\\\/#breadcrumb\",\"itemListElement\":[{\"@type\":\"ListItem\",\"position\":1,\"name\":\"Strona g\u0142\u00f3wna\",\"item\":\"https:\\\/\\\/www.amuz.krakow.pl\\\/\"},{\"@type\":\"ListItem\",\"position\":2,\"name\":\"Letnia Akademia Muzyczna\",\"item\":\"https:\\\/\\\/www.amuz.krakow.pl\\\/letnia-akademia-muzyczna\\\/\"},{\"@type\":\"ListItem\",\"position\":3,\"name\":\"Wykaz kurs\u00f3w\",\"item\":\"https:\\\/\\\/www.amuz.krakow.pl\\\/letnia-akademia-muzyczna\\\/wykaz-kursow\\\/\"},{\"@type\":\"ListItem\",\"position\":4,\"name\":\"Instrumenty klawiszowe\",\"item\":\"https:\\\/\\\/www.amuz.krakow.pl\\\/letnia-akademia-muzyczna\\\/wykaz-kursow\\\/instrumenty-klawiszowe\\\/\"},{\"@type\":\"ListItem\",\"position\":5,\"name\":\"Gajusz K\u0119ska &#8211; fortepian\"}]},{\"@type\":\"WebSite\",\"@id\":\"https:\\\/\\\/www.amuz.krakow.pl\\\/#website\",\"url\":\"https:\\\/\\\/www.amuz.krakow.pl\\\/\",\"name\":\"Akademia Muzyczna im. Krzysztofa Pendereckiego w Krakowie\",\"description\":\"Oficjalna strona Akademii Muzycznej im. Krzysztofa Pendereckiego w Krakowie (AMKP).\",\"publisher\":{\"@id\":\"https:\\\/\\\/www.amuz.krakow.pl\\\/#organization\"},\"alternateName\":\"AMKP\",\"potentialAction\":[{\"@type\":\"SearchAction\",\"target\":{\"@type\":\"EntryPoint\",\"urlTemplate\":\"https:\\\/\\\/www.amuz.krakow.pl\\\/?s={search_term_string}\"},\"query-input\":{\"@type\":\"PropertyValueSpecification\",\"valueRequired\":true,\"valueName\":\"search_term_string\"}}],\"inLanguage\":\"en-US\"},{\"@type\":\"Organization\",\"@id\":\"https:\\\/\\\/www.amuz.krakow.pl\\\/#organization\",\"name\":\"Akademia Muzyczna im. Krzysztofa Pendereckiego w Krakowie\",\"alternateName\":\"AMKP\",\"url\":\"https:\\\/\\\/www.amuz.krakow.pl\\\/\",\"logo\":{\"@type\":\"ImageObject\",\"inLanguage\":\"en-US\",\"@id\":\"https:\\\/\\\/www.amuz.krakow.pl\\\/#\\\/schema\\\/logo\\\/image\\\/\",\"url\":\"https:\\\/\\\/www.amuz.krakow.pl\\\/wp-content\\\/uploads\\\/2021\\\/11\\\/amkp.jpg\",\"contentUrl\":\"https:\\\/\\\/www.amuz.krakow.pl\\\/wp-content\\\/uploads\\\/2021\\\/11\\\/amkp.jpg\",\"width\":1193,\"height\":591,\"caption\":\"Akademia Muzyczna im. Krzysztofa Pendereckiego w Krakowie\"},\"image\":{\"@id\":\"https:\\\/\\\/www.amuz.krakow.pl\\\/#\\\/schema\\\/logo\\\/image\\\/\"},\"sameAs\":[\"https:\\\/\\\/www.facebook.com\\\/amuz.krakow\",\"https:\\\/\\\/www.instagram.com\\\/amkpenderecki\\\/\",\"https:\\\/\\\/www.youtube.com\\\/@amkpenderecki4806\"]}]}<\/script>\n<!-- \/ Yoast SEO plugin. -->","yoast_head_json":{"title":"AMKP - Akademia Muzyczna im. Krzysztofa Pendereckiego w Krakowie","robots":{"index":"index","follow":"follow","max-snippet":"max-snippet:-1","max-image-preview":"max-image-preview:large","max-video-preview":"max-video-preview:-1"},"canonical":"https:\/\/www.amuz.krakow.pl\/letnia-akademia-muzyczna\/wykaz-kursow\/instrumenty-klawiszowe\/gajusz-keska-fortepian\/","og_locale":"en_US","og_type":"article","og_title":"Gajusz K\u0119ska - fortepian","og_description":"Studia w Akademii Muzycznej w Krakowie w klasie fortepianu Prof. Andrzeja Pikula uko\u0144czy\u0142 w roku 2002 z wynikiem celuj\u0105cym. W tym samym roku rozpocz\u0105\u0142 studia podyplomowe w mistrzowskiej klasie Prof. Willema Bronsa w Sweelinck Conservatorium w Amsterdamie, kt\u00f3re nast\u0119pnie uko\u0144czy\u0142 w czerwcu 2005 roku z wyr\u00f3\u017cnieniem (najwy\u017csza punktacja). Pe\u0142ni obowi\u0105zki adiunkta w Katedrze Fortepianu w Akademii Muzycznej w Krakowie, gdzie otrzymawszy w 2010 roku tytu\u0142 doktora sztuki i 2017 roku tytu\u0142 doktora habilitowanego prowadzi klas\u0119 fortepianu. Jego uczniowie i studenci s\u0105 laureatami wielu krajowych i mi\u0119dzynarodowych konkurs\u00f3w. Jest laureatem krajowych i mi\u0119dzynarodowych konkurs\u00f3w muzycznych i pianistycznych, m. in.: Og\u00f3lnopolski Konkurs Pianistyczny EPTA w Krakowie, Mi\u0119dzynarodowy Konkurs M\u0142odych Pianist\u00f3w w Gaillard we Francji, Og\u00f3lnopolski Festiwal \"Tydzie\u0144 Talent\u00f3w\" w Tarnowie, Konkursie im. Tadeusza \u017bmudzi\u0144skiego w Krakowie, Mi\u0119dzynarodowy Kurs Mistrzowski w Tel-Hai w Izraelu, International Pacific Piano Competition\" w Vancouver w Kanadzie, Mi\u0119dzynarodowy Konkurs Pianistyczny \"Ciutat de Mallorca\" na Majorce. Otrzyma\u0142 presti\u017cowe stypendia, m. in.: Ministra Kultury i Sztuki, Fundacji J\u0171tting Stichting w Stendal (Niemcy), Maestro Hansa Vonk'a w Amsterdamie, Fundacji \"Schumann-Schimmel van Outeren\" w Holandii. Koncertuje z r\u00f3\u017cnorodnym repertuarem jako solista i kameralista regularnie wyst\u0119puje w presti\u017cowych salach koncertowych na festiwalach i koncertach w wielu krajach Europy, jak r\u00f3wnie\u017c w Kanadzie, Japonii, Chinach, Argentynie, Peru, Ekwadorze, Chile i Izraelu, a najwa\u017cniejsze z nich to: Festiwal Chopinowski w Lipsku, Festiwal \"Dni Polskie w Pradze\", Festiwal Kompozytor\u00f3w Polskich w \"Atmie\" w Zakopanem, International Woche w Grazu (Austria) w Stefaniensall, Galowy Koncert promuj\u0105cy Polsk\u0119 jako jednego z kraj\u00f3w ubiegaj\u0105cych si\u0119 o cz\u0142onkostwo w Unii Europejskiej w Bosendorfersall we Wiedniu, Recanti Auditorium w Tel-Avivie, Festiwal Pianistyki Polskiej w S\u0142upsku, Gateway Theater w Vancouver, Kanada, Holland Music Session w Holandii (koncerty solowe i kameralne), Auditorio Forteza w Palma de Mallorca, Vriendenkrans Music Festival w Amsterdamie w Concertgebouw (Kleine Zaal) oraz Bachzaal w Amsterdamie, \"Festiwal Laureat\u00f3w Konkurs\u00f3w Muzycznych\" w Filharmonii w Katowicach, \u017belazowa Wola - recitale Chopinowskie w domu Fryderyka Chopina, Teatro Oriente, Centrum Culturale de Providencia w Santiago de Chile,\u00a0 Katedra St. Giles w Edynburgu i Rainbow Theatre w Inverness w ramach obchod\u00f3w Roku Chopinowskiego w Szkocji, Festiwal \u201eSemanas Musicales\u201d we Frutillar (Wielka Sala Teatro del Lago), Auditorium Ricardo Palma w Limie, Teatro Sucre w Quito, Festiwal Iguazu en Concierto (Argentyna), Filharmonia Narodowa w Mi\u0144sku. W 2012 roku ukaza\u0142a si\u0119 jego debiutancka p\u0142yta z kompletem Sonat fortepianowych Karola Szymanowskiego wydana przez wytw\u00f3rni\u0119 p\u0142ytow\u0105 DUX, kt\u00f3ra otrzyma\u0142a Nominacj\u0119 do Fryderyka 2013, Nominacj\u0119 do nagrody ICMA 2013 oraz Nagrod\u0119 hiszpa\u0144skiego magazynu \u201eScherzo\u201d. W 2015 zorganizowa\u0142 pierwsz\u0105 edycj\u0119 Og\u00f3lnopolskiego Konkursu M\u0142odych Pianist\u00f3w \u201eChopin pod Wawelem\u201d (obecnie w formacie mi\u0119dzynarodowym), kt\u00f3rego jest pomys\u0142odawc\u0105 i dyrektorem artystycznym. Od tego samego roku jest wsp\u00f3\u0142organizatorem i\u00a0 tw\u00f3rc\u0105 idei Ma\u0142opolskiej Akademii Talent\u00f3w (kursy i festiwal) odbywaj\u0105cej si\u0119 rokrocznie w \u0141\u0105cku, gdzie pe\u0142ni funkcj\u0119 dyrektora artystycznego kurs\u00f3w mistrzowskich.","og_url":"https:\/\/www.amuz.krakow.pl\/letnia-akademia-muzyczna\/wykaz-kursow\/instrumenty-klawiszowe\/gajusz-keska-fortepian\/","og_site_name":"Akademia Muzyczna im. Krzysztofa Pendereckiego w Krakowie","article_publisher":"https:\/\/www.facebook.com\/amuz.krakow","article_modified_time":"2026-04-01T14:00:40+00:00","og_image":[{"width":768,"height":1024,"url":"https:\/\/www.amuz.krakow.pl\/wp-content\/uploads\/2018\/02\/Gajusz-K\u0119ska_fot.-archiwum-artysty-1-768x1024.jpg","type":"image\/jpeg"}],"twitter_card":"summary_large_image","twitter_misc":{"Est. reading time":"4 minutes"},"schema":{"@context":"https:\/\/schema.org","@graph":[{"@type":"WebPage","@id":"https:\/\/www.amuz.krakow.pl\/letnia-akademia-muzyczna\/wykaz-kursow\/instrumenty-klawiszowe\/gajusz-keska-fortepian\/","url":"https:\/\/www.amuz.krakow.pl\/letnia-akademia-muzyczna\/wykaz-kursow\/instrumenty-klawiszowe\/gajusz-keska-fortepian\/","name":"AMKP - Akademia Muzyczna im. Krzysztofa Pendereckiego w Krakowie","isPartOf":{"@id":"https:\/\/www.amuz.krakow.pl\/#website"},"primaryImageOfPage":{"@id":"https:\/\/www.amuz.krakow.pl\/letnia-akademia-muzyczna\/wykaz-kursow\/instrumenty-klawiszowe\/gajusz-keska-fortepian\/#primaryimage"},"image":{"@id":"https:\/\/www.amuz.krakow.pl\/letnia-akademia-muzyczna\/wykaz-kursow\/instrumenty-klawiszowe\/gajusz-keska-fortepian\/#primaryimage"},"thumbnailUrl":"https:\/\/www.amuz.krakow.pl\/wp-content\/uploads\/2023\/06\/Gajusz-Keska_fot.-Tomasz-Pluta_miniatura.jpg","datePublished":"2018-02-05T21:00:40+00:00","dateModified":"2026-04-01T14:00:40+00:00","breadcrumb":{"@id":"https:\/\/www.amuz.krakow.pl\/letnia-akademia-muzyczna\/wykaz-kursow\/instrumenty-klawiszowe\/gajusz-keska-fortepian\/#breadcrumb"},"inLanguage":"en-US","potentialAction":[{"@type":"ReadAction","target":["https:\/\/www.amuz.krakow.pl\/letnia-akademia-muzyczna\/wykaz-kursow\/instrumenty-klawiszowe\/gajusz-keska-fortepian\/"]}]},{"@type":"ImageObject","inLanguage":"en-US","@id":"https:\/\/www.amuz.krakow.pl\/letnia-akademia-muzyczna\/wykaz-kursow\/instrumenty-klawiszowe\/gajusz-keska-fortepian\/#primaryimage","url":"https:\/\/www.amuz.krakow.pl\/wp-content\/uploads\/2023\/06\/Gajusz-Keska_fot.-Tomasz-Pluta_miniatura.jpg","contentUrl":"https:\/\/www.amuz.krakow.pl\/wp-content\/uploads\/2023\/06\/Gajusz-Keska_fot.-Tomasz-Pluta_miniatura.jpg","width":532,"height":308},{"@type":"BreadcrumbList","@id":"https:\/\/www.amuz.krakow.pl\/letnia-akademia-muzyczna\/wykaz-kursow\/instrumenty-klawiszowe\/gajusz-keska-fortepian\/#breadcrumb","itemListElement":[{"@type":"ListItem","position":1,"name":"Strona g\u0142\u00f3wna","item":"https:\/\/www.amuz.krakow.pl\/"},{"@type":"ListItem","position":2,"name":"Letnia Akademia Muzyczna","item":"https:\/\/www.amuz.krakow.pl\/letnia-akademia-muzyczna\/"},{"@type":"ListItem","position":3,"name":"Wykaz kurs\u00f3w","item":"https:\/\/www.amuz.krakow.pl\/letnia-akademia-muzyczna\/wykaz-kursow\/"},{"@type":"ListItem","position":4,"name":"Instrumenty klawiszowe","item":"https:\/\/www.amuz.krakow.pl\/letnia-akademia-muzyczna\/wykaz-kursow\/instrumenty-klawiszowe\/"},{"@type":"ListItem","position":5,"name":"Gajusz K\u0119ska &#8211; fortepian"}]},{"@type":"WebSite","@id":"https:\/\/www.amuz.krakow.pl\/#website","url":"https:\/\/www.amuz.krakow.pl\/","name":"Akademia Muzyczna im. Krzysztofa Pendereckiego w Krakowie","description":"Oficjalna strona Akademii Muzycznej im. Krzysztofa Pendereckiego w Krakowie (AMKP).","publisher":{"@id":"https:\/\/www.amuz.krakow.pl\/#organization"},"alternateName":"AMKP","potentialAction":[{"@type":"SearchAction","target":{"@type":"EntryPoint","urlTemplate":"https:\/\/www.amuz.krakow.pl\/?s={search_term_string}"},"query-input":{"@type":"PropertyValueSpecification","valueRequired":true,"valueName":"search_term_string"}}],"inLanguage":"en-US"},{"@type":"Organization","@id":"https:\/\/www.amuz.krakow.pl\/#organization","name":"Akademia Muzyczna im. Krzysztofa Pendereckiego w Krakowie","alternateName":"AMKP","url":"https:\/\/www.amuz.krakow.pl\/","logo":{"@type":"ImageObject","inLanguage":"en-US","@id":"https:\/\/www.amuz.krakow.pl\/#\/schema\/logo\/image\/","url":"https:\/\/www.amuz.krakow.pl\/wp-content\/uploads\/2021\/11\/amkp.jpg","contentUrl":"https:\/\/www.amuz.krakow.pl\/wp-content\/uploads\/2021\/11\/amkp.jpg","width":1193,"height":591,"caption":"Akademia Muzyczna im. Krzysztofa Pendereckiego w Krakowie"},"image":{"@id":"https:\/\/www.amuz.krakow.pl\/#\/schema\/logo\/image\/"},"sameAs":["https:\/\/www.facebook.com\/amuz.krakow","https:\/\/www.instagram.com\/amkpenderecki\/","https:\/\/www.youtube.com\/@amkpenderecki4806"]}]}},"_links":{"self":[{"href":"https:\/\/www.amuz.krakow.pl\/en\/wp-json\/wp\/v2\/pages\/21845","targetHints":{"allow":["GET"]}}],"collection":[{"href":"https:\/\/www.amuz.krakow.pl\/en\/wp-json\/wp\/v2\/pages"}],"about":[{"href":"https:\/\/www.amuz.krakow.pl\/en\/wp-json\/wp\/v2\/types\/page"}],"author":[{"embeddable":true,"href":"https:\/\/www.amuz.krakow.pl\/en\/wp-json\/wp\/v2\/users\/72"}],"replies":[{"embeddable":true,"href":"https:\/\/www.amuz.krakow.pl\/en\/wp-json\/wp\/v2\/comments?post=21845"}],"version-history":[{"count":4,"href":"https:\/\/www.amuz.krakow.pl\/en\/wp-json\/wp\/v2\/pages\/21845\/revisions"}],"predecessor-version":[{"id":75634,"href":"https:\/\/www.amuz.krakow.pl\/en\/wp-json\/wp\/v2\/pages\/21845\/revisions\/75634"}],"up":[{"embeddable":true,"href":"https:\/\/www.amuz.krakow.pl\/en\/wp-json\/wp\/v2\/pages\/47050"}],"wp:featuredmedia":[{"embeddable":true,"href":"https:\/\/www.amuz.krakow.pl\/en\/wp-json\/wp\/v2\/media\/75613"}],"wp:attachment":[{"href":"https:\/\/www.amuz.krakow.pl\/en\/wp-json\/wp\/v2\/media?parent=21845"}],"curies":[{"name":"wp","href":"https:\/\/api.w.org\/{rel}","templated":true}]}}