{"id":2131,"date":"2016-02-16T22:47:34","date_gmt":"2016-02-16T21:47:34","guid":{"rendered":"http:\/\/strony.amuz.krakow.pl\/?page_id=2131"},"modified":"2021-03-21T21:02:13","modified_gmt":"2021-03-21T20:02:13","slug":"dr-hab-krzysztof-firlus","status":"publish","type":"page","link":"https:\/\/www.amuz.krakow.pl\/en\/wydzialy\/wydzial-ii-instrumentalny\/katedra-wiolonczeli-i-kontrabasu\/pracownicy-katedry\/dr-hab-krzysztof-firlus\/","title":{"rendered":"dr hab. Krzysztof Firlus"},"content":{"rendered":"<p><figure id=\"attachment_46805\" aria-describedby=\"caption-attachment-46805\" style=\"width: 300px\" class=\"wp-caption alignleft\"><a href=\"https:\/\/www.amuz.krakow.pl\/wydzialy\/wydzial-ii-instrumentalny\/katedra-wiolonczeli-i-kontrabasu\/pracownicy-katedry\/dr-krzysztof-firlus\/krzysztof-firlus\/\" rel=\"attachment wp-att-46805\"><img loading=\"lazy\" decoding=\"async\" class=\"size-medium wp-image-46805\" src=\"https:\/\/www.amuz.krakow.pl\/wp-content\/uploads\/2021\/02\/Krzysztof-Firlus-300x200.jpg\" alt=\"\" width=\"300\" height=\"200\" srcset=\"https:\/\/www.amuz.krakow.pl\/wp-content\/uploads\/2021\/02\/Krzysztof-Firlus-300x200.jpg 300w, https:\/\/www.amuz.krakow.pl\/wp-content\/uploads\/2021\/02\/Krzysztof-Firlus-scaled.jpg 2048w, https:\/\/www.amuz.krakow.pl\/wp-content\/uploads\/2021\/02\/Krzysztof-Firlus-768x512.jpg 768w, https:\/\/www.amuz.krakow.pl\/wp-content\/uploads\/2021\/02\/Krzysztof-Firlus-1536x1024.jpg 1536w\" sizes=\"auto, (max-width: 300px) 100vw, 300px\" \/><\/a><figcaption id=\"caption-attachment-46805\" class=\"wp-caption-text\">photo by \u0141ukasz Rajchert<\/figcaption><\/figure><\/p>\n<p style=\"text-align: justify;\">Krzysztof FIRLUS is pursuing a two-fold career, as a viola da gamba and double bass player, performing on both instruments as a soloist as well as in chamber ensembles and orchestras. He studied the viola da gamba with Professor Vittorio Ghielmi at the Mozarteum University in Salzburg and with Mark Caudle at the Academy of Music in Katowice. He has been associated with the National Polish Radio Symphony Orchestra in Katowice. He has also worked with the Silesian Quartet, Le Po\u00e8me Harmonique, BachAkademie Stuttgart, Capella Cracoviensis, Leila Schayegh, Aline Zylberajch, Marek Toporowski, Martyna Pastuszka, or Marcin \u015awi\u0105tkiewicz.<br \/>\nHe has held a Scholarship for Creators of Culture of the Minister of Culture and National Heritage, a grant from the \u201cM\u0142oda Polska\u201d (Young Poland) scholarship programme, and has won prizes at international and national competitions (Andernach, Brno, Wroc\u0142aw, \u017bory, Pozna\u0144, \u0141\u00f3d\u017a, D\u0105browa G\u00f3rnicza). His extensive discography includes, among others, the first viola da gamba solo CD <em>Gamba Sonatas<\/em>, excellently reviewed by international critics, which he recorded with his wife Anna Firlus and which was nominated for the \u201cFryderyk 2019\u201d Award, <em>C.F. Abel \u2013 Sonatas from the Maltzan Collection<\/em>, conteining world premiere recordings of C.F. Abel sonatas discovered in Pozna\u0144 University Library (nominated for the International Classical Music Award and \u201eFryderyk 2020\u201d Award), \u00a0<em>Music of French Masters \u2013 Music of the Warsaw<\/em> Castle with the {oh!} Orkiestra Historyczna (solo part in the concerto for viola da gamba <em>Le Ph\u00e9nix<\/em> by Michel Corrette), <em>Telemann \u2013 Solos &amp; Trios<\/em> with the Extempore Ensemble, <em>Tansman \u2013 from Trio to Octet <\/em>(with the Silesian Quartet), <em>Progressive Baroque<\/em> with the Nikola Ko\u0142odziejczyk Orchestra (the \u201cFryderyk 2016\u201d Award), <em>Music in Dresden in the Times of Augustus II the Strong<\/em> (with Martyna Pastuszka and Marcin \u015awi\u0105tkiewicz) and <em>Lithuanian birbyne and Seventeenth Century Music of Poland and<\/em> <em>Lithuania<\/em> (with Marek Toporowski and Ensemble Reversio).<br \/>\nCurrently, Krzysztof Firlus runs a viola da gamba class at the Academy of Music in Katowice and a double bass class at the Academy of Music in Krak\u00f3w.<\/p>\n<p><a href=\"mailto:krzysztof.firlus@amuz.krakow.pl\">krzysztof.firlus@amuz.krakow.pl<\/a><\/p>","protected":false},"excerpt":{"rendered":"<p>Krzysztof FIRLUS is pursuing a two-fold career, as a viola da gamba and double bass player, performing on both instruments as a soloist as well as in chamber ensembles and&hellip; <a href=\"https:\/\/www.amuz.krakow.pl\/en\/wydzialy\/wydzial-ii-instrumentalny\/katedra-wiolonczeli-i-kontrabasu\/pracownicy-katedry\/dr-hab-krzysztof-firlus\/\">Continue reading<\/a><\/p>\n","protected":false},"author":72,"featured_media":0,"parent":2092,"menu_order":3,"comment_status":"closed","ping_status":"closed","template":"","meta":{"footnotes":"","_links_to":"","_links_to_target":""},"class_list":["post-2131","page","type-page","status-publish","hentry"],"yoast_head":"<!-- This site is optimized with the Yoast SEO plugin v27.4 - https:\/\/yoast.com\/product\/yoast-seo-wordpress\/ -->\n<title>AMKP - Akademia Muzyczna im. Krzysztofa Pendereckiego w Krakowie<\/title>\n<meta name=\"robots\" content=\"index, follow, max-snippet:-1, max-image-preview:large, max-video-preview:-1\" \/>\n<link rel=\"canonical\" href=\"https:\/\/www.amuz.krakow.pl\/wydzialy\/wydzial-ii-instrumentalny\/katedra-wiolonczeli-i-kontrabasu\/pracownicy-katedry\/dr-hab-krzysztof-firlus\/\" \/>\n<meta property=\"og:locale\" content=\"en_US\" \/>\n<meta property=\"og:type\" content=\"article\" \/>\n<meta property=\"og:title\" content=\"AMKP - Akademia Muzyczna im. Krzysztofa Pendereckiego w Krakowie\" \/>\n<meta property=\"og:description\" content=\"Krzysztof FIRLUS is pursuing a two-fold career, as a viola da gamba and double bass player, performing on both instruments as a soloist as well as in chamber ensembles and&hellip; Continue reading\" \/>\n<meta property=\"og:url\" content=\"https:\/\/www.amuz.krakow.pl\/wydzialy\/wydzial-ii-instrumentalny\/katedra-wiolonczeli-i-kontrabasu\/pracownicy-katedry\/dr-hab-krzysztof-firlus\/\" \/>\n<meta property=\"og:site_name\" content=\"Akademia Muzyczna im. Krzysztofa Pendereckiego w Krakowie\" \/>\n<meta property=\"article:publisher\" content=\"https:\/\/www.facebook.com\/amuz.krakow\" \/>\n<meta property=\"article:modified_time\" content=\"2021-03-21T20:02:13+00:00\" \/>\n<meta property=\"og:image\" content=\"https:\/\/www.amuz.krakow.pl\/wp-content\/uploads\/2021\/02\/Krzysztof-Firlus-300x200.jpg\" \/>\n<meta name=\"twitter:card\" content=\"summary_large_image\" \/>\n<meta name=\"twitter:label1\" content=\"Est. reading time\" \/>\n\t<meta name=\"twitter:data1\" content=\"2 minutes\" \/>\n<script type=\"application\/ld+json\" class=\"yoast-schema-graph\">{\"@context\":\"https:\\\/\\\/schema.org\",\"@graph\":[{\"@type\":\"WebPage\",\"@id\":\"https:\\\/\\\/www.amuz.krakow.pl\\\/wydzialy\\\/wydzial-ii-instrumentalny\\\/katedra-wiolonczeli-i-kontrabasu\\\/pracownicy-katedry\\\/dr-hab-krzysztof-firlus\\\/\",\"url\":\"https:\\\/\\\/www.amuz.krakow.pl\\\/wydzialy\\\/wydzial-ii-instrumentalny\\\/katedra-wiolonczeli-i-kontrabasu\\\/pracownicy-katedry\\\/dr-hab-krzysztof-firlus\\\/\",\"name\":\"AMKP - Akademia Muzyczna im. Krzysztofa Pendereckiego w Krakowie\",\"isPartOf\":{\"@id\":\"https:\\\/\\\/www.amuz.krakow.pl\\\/#website\"},\"primaryImageOfPage\":{\"@id\":\"https:\\\/\\\/www.amuz.krakow.pl\\\/wydzialy\\\/wydzial-ii-instrumentalny\\\/katedra-wiolonczeli-i-kontrabasu\\\/pracownicy-katedry\\\/dr-hab-krzysztof-firlus\\\/#primaryimage\"},\"image\":{\"@id\":\"https:\\\/\\\/www.amuz.krakow.pl\\\/wydzialy\\\/wydzial-ii-instrumentalny\\\/katedra-wiolonczeli-i-kontrabasu\\\/pracownicy-katedry\\\/dr-hab-krzysztof-firlus\\\/#primaryimage\"},\"thumbnailUrl\":\"https:\\\/\\\/www.amuz.krakow.pl\\\/wp-content\\\/uploads\\\/2021\\\/02\\\/Krzysztof-Firlus-300x200.jpg\",\"datePublished\":\"2016-02-16T21:47:34+00:00\",\"dateModified\":\"2021-03-21T20:02:13+00:00\",\"breadcrumb\":{\"@id\":\"https:\\\/\\\/www.amuz.krakow.pl\\\/wydzialy\\\/wydzial-ii-instrumentalny\\\/katedra-wiolonczeli-i-kontrabasu\\\/pracownicy-katedry\\\/dr-hab-krzysztof-firlus\\\/#breadcrumb\"},\"inLanguage\":\"en-US\",\"potentialAction\":[{\"@type\":\"ReadAction\",\"target\":[\"https:\\\/\\\/www.amuz.krakow.pl\\\/wydzialy\\\/wydzial-ii-instrumentalny\\\/katedra-wiolonczeli-i-kontrabasu\\\/pracownicy-katedry\\\/dr-hab-krzysztof-firlus\\\/\"]}]},{\"@type\":\"ImageObject\",\"inLanguage\":\"en-US\",\"@id\":\"https:\\\/\\\/www.amuz.krakow.pl\\\/wydzialy\\\/wydzial-ii-instrumentalny\\\/katedra-wiolonczeli-i-kontrabasu\\\/pracownicy-katedry\\\/dr-hab-krzysztof-firlus\\\/#primaryimage\",\"url\":\"https:\\\/\\\/www.amuz.krakow.pl\\\/wp-content\\\/uploads\\\/2021\\\/02\\\/Krzysztof-Firlus-300x200.jpg\",\"contentUrl\":\"https:\\\/\\\/www.amuz.krakow.pl\\\/wp-content\\\/uploads\\\/2021\\\/02\\\/Krzysztof-Firlus-300x200.jpg\"},{\"@type\":\"BreadcrumbList\",\"@id\":\"https:\\\/\\\/www.amuz.krakow.pl\\\/wydzialy\\\/wydzial-ii-instrumentalny\\\/katedra-wiolonczeli-i-kontrabasu\\\/pracownicy-katedry\\\/dr-hab-krzysztof-firlus\\\/#breadcrumb\",\"itemListElement\":[{\"@type\":\"ListItem\",\"position\":1,\"name\":\"Strona g\u0142\u00f3wna\",\"item\":\"https:\\\/\\\/www.amuz.krakow.pl\\\/\"},{\"@type\":\"ListItem\",\"position\":2,\"name\":\"WYDZIA\u0141Y\",\"item\":\"https:\\\/\\\/www.amuz.krakow.pl\\\/wydzialy\\\/\"},{\"@type\":\"ListItem\",\"position\":3,\"name\":\"Wydzia\u0142 Instrumentalny\",\"item\":\"https:\\\/\\\/www.amuz.krakow.pl\\\/wydzialy\\\/wydzial-ii-instrumentalny\\\/\"},{\"@type\":\"ListItem\",\"position\":4,\"name\":\"Katedra Wiolonczeli i Kontrabasu\",\"item\":\"https:\\\/\\\/www.amuz.krakow.pl\\\/wydzialy\\\/wydzial-ii-instrumentalny\\\/katedra-wiolonczeli-i-kontrabasu\\\/\"},{\"@type\":\"ListItem\",\"position\":5,\"name\":\"Pracownicy Katedry\",\"item\":\"https:\\\/\\\/www.amuz.krakow.pl\\\/wydzialy\\\/wydzial-ii-instrumentalny\\\/katedra-wiolonczeli-i-kontrabasu\\\/pracownicy-katedry\\\/\"},{\"@type\":\"ListItem\",\"position\":6,\"name\":\"dr hab. Krzysztof Firlus\"}]},{\"@type\":\"WebSite\",\"@id\":\"https:\\\/\\\/www.amuz.krakow.pl\\\/#website\",\"url\":\"https:\\\/\\\/www.amuz.krakow.pl\\\/\",\"name\":\"Akademia Muzyczna im. Krzysztofa Pendereckiego w Krakowie\",\"description\":\"Oficjalna strona Akademii Muzycznej im. Krzysztofa Pendereckiego w Krakowie (AMKP).\",\"publisher\":{\"@id\":\"https:\\\/\\\/www.amuz.krakow.pl\\\/#organization\"},\"alternateName\":\"AMKP\",\"potentialAction\":[{\"@type\":\"SearchAction\",\"target\":{\"@type\":\"EntryPoint\",\"urlTemplate\":\"https:\\\/\\\/www.amuz.krakow.pl\\\/?s={search_term_string}\"},\"query-input\":{\"@type\":\"PropertyValueSpecification\",\"valueRequired\":true,\"valueName\":\"search_term_string\"}}],\"inLanguage\":\"en-US\"},{\"@type\":\"Organization\",\"@id\":\"https:\\\/\\\/www.amuz.krakow.pl\\\/#organization\",\"name\":\"Akademia Muzyczna im. Krzysztofa Pendereckiego w Krakowie\",\"alternateName\":\"AMKP\",\"url\":\"https:\\\/\\\/www.amuz.krakow.pl\\\/\",\"logo\":{\"@type\":\"ImageObject\",\"inLanguage\":\"en-US\",\"@id\":\"https:\\\/\\\/www.amuz.krakow.pl\\\/#\\\/schema\\\/logo\\\/image\\\/\",\"url\":\"https:\\\/\\\/www.amuz.krakow.pl\\\/wp-content\\\/uploads\\\/2021\\\/11\\\/amkp.jpg\",\"contentUrl\":\"https:\\\/\\\/www.amuz.krakow.pl\\\/wp-content\\\/uploads\\\/2021\\\/11\\\/amkp.jpg\",\"width\":1193,\"height\":591,\"caption\":\"Akademia Muzyczna im. Krzysztofa Pendereckiego w Krakowie\"},\"image\":{\"@id\":\"https:\\\/\\\/www.amuz.krakow.pl\\\/#\\\/schema\\\/logo\\\/image\\\/\"},\"sameAs\":[\"https:\\\/\\\/www.facebook.com\\\/amuz.krakow\",\"https:\\\/\\\/www.instagram.com\\\/amkpenderecki\\\/\",\"https:\\\/\\\/www.youtube.com\\\/@amkpenderecki4806\"]}]}<\/script>\n<!-- \/ Yoast SEO plugin. -->","yoast_head_json":{"title":"AMKP - Akademia Muzyczna im. Krzysztofa Pendereckiego w Krakowie","robots":{"index":"index","follow":"follow","max-snippet":"max-snippet:-1","max-image-preview":"max-image-preview:large","max-video-preview":"max-video-preview:-1"},"canonical":"https:\/\/www.amuz.krakow.pl\/wydzialy\/wydzial-ii-instrumentalny\/katedra-wiolonczeli-i-kontrabasu\/pracownicy-katedry\/dr-hab-krzysztof-firlus\/","og_locale":"en_US","og_type":"article","og_title":"AMKP - Akademia Muzyczna im. Krzysztofa Pendereckiego w Krakowie","og_description":"Krzysztof FIRLUS is pursuing a two-fold career, as a viola da gamba and double bass player, performing on both instruments as a soloist as well as in chamber ensembles and&hellip; Continue reading","og_url":"https:\/\/www.amuz.krakow.pl\/wydzialy\/wydzial-ii-instrumentalny\/katedra-wiolonczeli-i-kontrabasu\/pracownicy-katedry\/dr-hab-krzysztof-firlus\/","og_site_name":"Akademia Muzyczna im. Krzysztofa Pendereckiego w Krakowie","article_publisher":"https:\/\/www.facebook.com\/amuz.krakow","article_modified_time":"2021-03-21T20:02:13+00:00","og_image":[{"url":"https:\/\/www.amuz.krakow.pl\/wp-content\/uploads\/2021\/02\/Krzysztof-Firlus-300x200.jpg","type":"","width":"","height":""}],"twitter_card":"summary_large_image","twitter_misc":{"Est. reading time":"2 minutes"},"schema":{"@context":"https:\/\/schema.org","@graph":[{"@type":"WebPage","@id":"https:\/\/www.amuz.krakow.pl\/wydzialy\/wydzial-ii-instrumentalny\/katedra-wiolonczeli-i-kontrabasu\/pracownicy-katedry\/dr-hab-krzysztof-firlus\/","url":"https:\/\/www.amuz.krakow.pl\/wydzialy\/wydzial-ii-instrumentalny\/katedra-wiolonczeli-i-kontrabasu\/pracownicy-katedry\/dr-hab-krzysztof-firlus\/","name":"AMKP - Akademia Muzyczna im. Krzysztofa Pendereckiego w Krakowie","isPartOf":{"@id":"https:\/\/www.amuz.krakow.pl\/#website"},"primaryImageOfPage":{"@id":"https:\/\/www.amuz.krakow.pl\/wydzialy\/wydzial-ii-instrumentalny\/katedra-wiolonczeli-i-kontrabasu\/pracownicy-katedry\/dr-hab-krzysztof-firlus\/#primaryimage"},"image":{"@id":"https:\/\/www.amuz.krakow.pl\/wydzialy\/wydzial-ii-instrumentalny\/katedra-wiolonczeli-i-kontrabasu\/pracownicy-katedry\/dr-hab-krzysztof-firlus\/#primaryimage"},"thumbnailUrl":"https:\/\/www.amuz.krakow.pl\/wp-content\/uploads\/2021\/02\/Krzysztof-Firlus-300x200.jpg","datePublished":"2016-02-16T21:47:34+00:00","dateModified":"2021-03-21T20:02:13+00:00","breadcrumb":{"@id":"https:\/\/www.amuz.krakow.pl\/wydzialy\/wydzial-ii-instrumentalny\/katedra-wiolonczeli-i-kontrabasu\/pracownicy-katedry\/dr-hab-krzysztof-firlus\/#breadcrumb"},"inLanguage":"en-US","potentialAction":[{"@type":"ReadAction","target":["https:\/\/www.amuz.krakow.pl\/wydzialy\/wydzial-ii-instrumentalny\/katedra-wiolonczeli-i-kontrabasu\/pracownicy-katedry\/dr-hab-krzysztof-firlus\/"]}]},{"@type":"ImageObject","inLanguage":"en-US","@id":"https:\/\/www.amuz.krakow.pl\/wydzialy\/wydzial-ii-instrumentalny\/katedra-wiolonczeli-i-kontrabasu\/pracownicy-katedry\/dr-hab-krzysztof-firlus\/#primaryimage","url":"https:\/\/www.amuz.krakow.pl\/wp-content\/uploads\/2021\/02\/Krzysztof-Firlus-300x200.jpg","contentUrl":"https:\/\/www.amuz.krakow.pl\/wp-content\/uploads\/2021\/02\/Krzysztof-Firlus-300x200.jpg"},{"@type":"BreadcrumbList","@id":"https:\/\/www.amuz.krakow.pl\/wydzialy\/wydzial-ii-instrumentalny\/katedra-wiolonczeli-i-kontrabasu\/pracownicy-katedry\/dr-hab-krzysztof-firlus\/#breadcrumb","itemListElement":[{"@type":"ListItem","position":1,"name":"Strona g\u0142\u00f3wna","item":"https:\/\/www.amuz.krakow.pl\/"},{"@type":"ListItem","position":2,"name":"WYDZIA\u0141Y","item":"https:\/\/www.amuz.krakow.pl\/wydzialy\/"},{"@type":"ListItem","position":3,"name":"Wydzia\u0142 Instrumentalny","item":"https:\/\/www.amuz.krakow.pl\/wydzialy\/wydzial-ii-instrumentalny\/"},{"@type":"ListItem","position":4,"name":"Katedra Wiolonczeli i Kontrabasu","item":"https:\/\/www.amuz.krakow.pl\/wydzialy\/wydzial-ii-instrumentalny\/katedra-wiolonczeli-i-kontrabasu\/"},{"@type":"ListItem","position":5,"name":"Pracownicy Katedry","item":"https:\/\/www.amuz.krakow.pl\/wydzialy\/wydzial-ii-instrumentalny\/katedra-wiolonczeli-i-kontrabasu\/pracownicy-katedry\/"},{"@type":"ListItem","position":6,"name":"dr hab. Krzysztof Firlus"}]},{"@type":"WebSite","@id":"https:\/\/www.amuz.krakow.pl\/#website","url":"https:\/\/www.amuz.krakow.pl\/","name":"Akademia Muzyczna im. Krzysztofa Pendereckiego w Krakowie","description":"Oficjalna strona Akademii Muzycznej im. Krzysztofa Pendereckiego w Krakowie (AMKP).","publisher":{"@id":"https:\/\/www.amuz.krakow.pl\/#organization"},"alternateName":"AMKP","potentialAction":[{"@type":"SearchAction","target":{"@type":"EntryPoint","urlTemplate":"https:\/\/www.amuz.krakow.pl\/?s={search_term_string}"},"query-input":{"@type":"PropertyValueSpecification","valueRequired":true,"valueName":"search_term_string"}}],"inLanguage":"en-US"},{"@type":"Organization","@id":"https:\/\/www.amuz.krakow.pl\/#organization","name":"Akademia Muzyczna im. Krzysztofa Pendereckiego w Krakowie","alternateName":"AMKP","url":"https:\/\/www.amuz.krakow.pl\/","logo":{"@type":"ImageObject","inLanguage":"en-US","@id":"https:\/\/www.amuz.krakow.pl\/#\/schema\/logo\/image\/","url":"https:\/\/www.amuz.krakow.pl\/wp-content\/uploads\/2021\/11\/amkp.jpg","contentUrl":"https:\/\/www.amuz.krakow.pl\/wp-content\/uploads\/2021\/11\/amkp.jpg","width":1193,"height":591,"caption":"Akademia Muzyczna im. Krzysztofa Pendereckiego w Krakowie"},"image":{"@id":"https:\/\/www.amuz.krakow.pl\/#\/schema\/logo\/image\/"},"sameAs":["https:\/\/www.facebook.com\/amuz.krakow","https:\/\/www.instagram.com\/amkpenderecki\/","https:\/\/www.youtube.com\/@amkpenderecki4806"]}]}},"_links":{"self":[{"href":"https:\/\/www.amuz.krakow.pl\/en\/wp-json\/wp\/v2\/pages\/2131","targetHints":{"allow":["GET"]}}],"collection":[{"href":"https:\/\/www.amuz.krakow.pl\/en\/wp-json\/wp\/v2\/pages"}],"about":[{"href":"https:\/\/www.amuz.krakow.pl\/en\/wp-json\/wp\/v2\/types\/page"}],"author":[{"embeddable":true,"href":"https:\/\/www.amuz.krakow.pl\/en\/wp-json\/wp\/v2\/users\/72"}],"replies":[{"embeddable":true,"href":"https:\/\/www.amuz.krakow.pl\/en\/wp-json\/wp\/v2\/comments?post=2131"}],"version-history":[{"count":8,"href":"https:\/\/www.amuz.krakow.pl\/en\/wp-json\/wp\/v2\/pages\/2131\/revisions"}],"predecessor-version":[{"id":48257,"href":"https:\/\/www.amuz.krakow.pl\/en\/wp-json\/wp\/v2\/pages\/2131\/revisions\/48257"}],"up":[{"embeddable":true,"href":"https:\/\/www.amuz.krakow.pl\/en\/wp-json\/wp\/v2\/pages\/2092"}],"wp:attachment":[{"href":"https:\/\/www.amuz.krakow.pl\/en\/wp-json\/wp\/v2\/media?parent=2131"}],"curies":[{"name":"wp","href":"https:\/\/api.w.org\/{rel}","templated":true}]}}