{"id":2116,"date":"2016-02-16T22:41:49","date_gmt":"2016-02-16T21:41:49","guid":{"rendered":"http:\/\/strony.amuz.krakow.pl\/?page_id=2116"},"modified":"2026-03-24T11:34:13","modified_gmt":"2026-03-24T10:34:13","slug":"dr-hab-jan-kalinowski","status":"publish","type":"page","link":"https:\/\/www.amuz.krakow.pl\/en\/wydzialy\/wydzial-ii-instrumentalny\/katedra-wiolonczeli-i-kontrabasu\/pracownicy-katedry\/dr-hab-jan-kalinowski\/","title":{"rendered":"prof. dr hab. Jan Kalinowski"},"content":{"rendered":"<p><figure id=\"attachment_116940\" aria-describedby=\"caption-attachment-116940\" style=\"width: 300px\" class=\"wp-caption aligncenter\"><a href=\"https:\/\/www.amuz.krakow.pl\/wp-content\/uploads\/2026\/03\/Jan-Kalinowski_-fot.-Anita-Wasik-Plocinska-scaled.jpg\" target=\"_blank\" rel=\"noopener\"><img loading=\"lazy\" decoding=\"async\" class=\"wp-image-116940 size-medium\" src=\"https:\/\/www.amuz.krakow.pl\/wp-content\/uploads\/2026\/03\/Jan-Kalinowski_-fot.-Anita-Wasik-Plocinska-300x200.jpg\" alt=\"\" width=\"300\" height=\"200\" srcset=\"https:\/\/www.amuz.krakow.pl\/wp-content\/uploads\/2026\/03\/Jan-Kalinowski_-fot.-Anita-Wasik-Plocinska-300x200.jpg 300w, https:\/\/www.amuz.krakow.pl\/wp-content\/uploads\/2026\/03\/Jan-Kalinowski_-fot.-Anita-Wasik-Plocinska-scaled.jpg 2048w, https:\/\/www.amuz.krakow.pl\/wp-content\/uploads\/2026\/03\/Jan-Kalinowski_-fot.-Anita-Wasik-Plocinska-768x512.jpg 768w, https:\/\/www.amuz.krakow.pl\/wp-content\/uploads\/2026\/03\/Jan-Kalinowski_-fot.-Anita-Wasik-Plocinska-1536x1024.jpg 1536w\" sizes=\"auto, (max-width: 300px) 100vw, 300px\" \/><\/a><figcaption id=\"caption-attachment-116940\" class=\"wp-caption-text\">photo by Anita W\u0105sik-P\u0142oci\u0144ska<\/figcaption><\/figure><\/p>\n<p>He studied at the Krzysztof Penderecki Music Academy in Krakow, at the \u00c9cole Normale de Musique in Paris and the Staatliche Hochschule f\u00fcr Musik und Darstellende Kunst in Stuttgart under the guidance of Professors: Witold Herman, Paul Julien and Peter Buck. He has also taken part in master classes given by David Geringas, Ivan Monighetti and Arto Noras. Jan Kalinowski recorded for radio and television. As a solist he has been performing under the baton of many renowned conductors, such as: Rauf Abdullayev, \u0141ukasz Borowicz, Wojciech Czepiel, Jacek Rafa\u0142 Delekta, Micha\u0142 Dworzy\u0144ski, Jacek Kasprzyk, Adam Klocek, Pawe\u0142 Kotla, Jurek Dyba\u0142, Pawe\u0142 Kapu\u0142a, Pawe\u0142 Przytocki, Daniel Rajskin, Jacek Rogala, Maciej Tworek and Antoni Wit.<\/p>\n<p>He performed on the most prestigious stages in the world, including Seoul Arts Center in Seoul, Alfred Newman Hall in Los Angeles, Carnegie Hall in New York, Palacio de Bellas Artes in Mexico, Salle Cortot in Paris, St. Martin-in-the-Fields in London, and Concertgebouw in Amsterdam. He made a few-weeks-long tours promoting Polish music in such countries and regions, as: Middle East (2006); Caucasus (2013); Georgia (2014); USA and South Korea (2015); Mexico (2015; 2016); Brazil and Argentina (2016; 2017); USA (2017); China (2018).<\/p>\n<p>In 2001 he started working together with pianist Marek Szlezer. Since then, they have been performing in Poland and abroad as Cracow Duo. The ensembles&#8217;s albums have received numerous awards and distinctions: Aleksander Tansman \u2013 works for cello and piano (DUX, 2009), Fryderyk Chopin \u2013 chamber works (DUX, 2010; with the participation of Bart\u0142omiej Nizio\u0142; La Clef de ResMusica award and nomination for the Program 3 PR Polish Music Lovers Awards), Krzysztof Penderecki \u2013 chamber works vol. I (DUX, 2014, Gramophone Editor&#8217;s Choice award). The musicians took part in the recording of the album <em>real life song<\/em> by Joanna Freszel (DUX, 2015, Prix de la SACD award). In 2018, the <em>Polish Music Experience<\/em> album, recorded with the accompaniment of orchestra Sinfonietta Cracovia under the baton of Jurek Dyba\u0142 was released by Warner Classics. In 2021, on the 20th anniversary of the Cracow Duo, musicians recorded an album entitled Classics &amp; Discoveries (DUX, 2021), composed from the most famous pieces for cello and piano combined with lesser-known extraordinary musical discoveries. They also published <em>Dedications vol. 1-3 series <\/em>(DUX, 2013, 2023), which is a registration of works written for Cracow Duo by Polish contemporary composers.\u00a0Recordings of musicians, in addition to favorable reviews have received numerous nominations for the Fryderyk Award (Polish Phonographic Industry Award). In 2024 they received the Golden Diploma in the Chamber Ensemble category and the Bronze Diploma in the Phonograph Record category of the 4th International Competition &#8220;Musical Eagles&#8221;.<\/p>\n<p>He is fascinated with music written by rarely performed Polish composers. He tirelessly performs works by Fryderyk Chopin, Aleksander Tansman, Karol Szymanowski, Zygmunt Stojowski, Szymon Laks, Ludomir R\u00f3\u017cycki and Tadeusz Majerski, among others, and a number of contemporary works, written especially for Marek Szlezer and him by many Polish and foreign authors. Krzysztof Meyer (2017), Marta Ptaszy\u0144ska (2019) and Piotr Moss (2020) have dedicated their instrumental concerts to them.<\/p>\n<p>In 2014 DUX Recording Producers released a CD with his original project called <em>Polish cello music<\/em>. Jan Kalinowski also recorded Johann Sebastian Bach&#8217;s 5th Suite for the Bach Society and took part in the recording of the album: Krzysztof Penderecki &#8211; chamber works vol. II Violoncello Totale (DUX, 2017).<\/p>\n<p>In 2022 he was awarded the title of professor. Since 2024, he has been the Dean of the Instrumental Faculty at the Krzysztof Penderecki Academy of Music in Krakow. For his artistic activity and commitment to promote Polish music, he was awarded the honorary badge <em>Meritorious for Polish Culture<\/em> by the Minister of Culture and National Heritage.<\/p>\n<p>Jan Kalinowski has been playing on the cello made by Wojciech Topa since 2012.<\/p>\n<p><a href=\"https:\/\/www.jankalinowski.com\/en\/home\" target=\"_blank\" rel=\"noopener\">Official website<\/a><\/p>\n<p><a href=\"mailto:jan.kalinowski@amuz.krakow.pl\">jan.kalinowski@amuz.krakow.pl<\/a><\/p>\n<p>&nbsp;<\/p>","protected":false},"excerpt":{"rendered":"<p>He studied at the Krzysztof Penderecki Music Academy in Krakow, at the \u00c9cole Normale de Musique in Paris and the Staatliche Hochschule f\u00fcr Musik und Darstellende Kunst in Stuttgart under&hellip; <a href=\"https:\/\/www.amuz.krakow.pl\/en\/wydzialy\/wydzial-ii-instrumentalny\/katedra-wiolonczeli-i-kontrabasu\/pracownicy-katedry\/dr-hab-jan-kalinowski\/\">Continue reading<\/a><\/p>\n","protected":false},"author":72,"featured_media":116940,"parent":2092,"menu_order":2,"comment_status":"closed","ping_status":"closed","template":"","meta":{"footnotes":"","_links_to":"","_links_to_target":""},"class_list":["post-2116","page","type-page","status-publish","has-post-thumbnail","hentry"],"yoast_head":"<!-- This site is optimized with the Yoast SEO plugin v27.4 - https:\/\/yoast.com\/product\/yoast-seo-wordpress\/ -->\n<title>AMKP - Akademia Muzyczna im. Krzysztofa Pendereckiego w Krakowie<\/title>\n<meta name=\"robots\" content=\"index, follow, max-snippet:-1, max-image-preview:large, max-video-preview:-1\" \/>\n<link rel=\"canonical\" href=\"https:\/\/www.amuz.krakow.pl\/wydzialy\/wydzial-ii-instrumentalny\/katedra-wiolonczeli-i-kontrabasu\/pracownicy-katedry\/dr-hab-jan-kalinowski\/\" \/>\n<meta property=\"og:locale\" content=\"en_US\" \/>\n<meta property=\"og:type\" content=\"article\" \/>\n<meta property=\"og:title\" content=\"AMKP - Akademia Muzyczna im. Krzysztofa Pendereckiego w Krakowie\" \/>\n<meta property=\"og:description\" content=\"He studied at the Krzysztof Penderecki Music Academy in Krakow, at the \u00c9cole Normale de Musique in Paris and the Staatliche Hochschule f\u00fcr Musik und Darstellende Kunst in Stuttgart under&hellip; Continue reading\" \/>\n<meta property=\"og:url\" content=\"https:\/\/www.amuz.krakow.pl\/wydzialy\/wydzial-ii-instrumentalny\/katedra-wiolonczeli-i-kontrabasu\/pracownicy-katedry\/dr-hab-jan-kalinowski\/\" \/>\n<meta property=\"og:site_name\" content=\"Akademia Muzyczna im. Krzysztofa Pendereckiego w Krakowie\" \/>\n<meta property=\"article:publisher\" content=\"https:\/\/www.facebook.com\/amuz.krakow\" \/>\n<meta property=\"article:modified_time\" content=\"2026-03-24T10:34:13+00:00\" \/>\n<meta property=\"og:image\" content=\"https:\/\/www.amuz.krakow.pl\/wp-content\/uploads\/2026\/03\/Jan-Kalinowski_-fot.-Anita-Wasik-Plocinska-scaled.jpg\" \/>\n\t<meta property=\"og:image:width\" content=\"2048\" \/>\n\t<meta property=\"og:image:height\" content=\"1365\" \/>\n\t<meta property=\"og:image:type\" content=\"image\/jpeg\" \/>\n<meta name=\"twitter:card\" content=\"summary_large_image\" \/>\n<meta name=\"twitter:label1\" content=\"Est. reading time\" \/>\n\t<meta name=\"twitter:data1\" content=\"5 minutes\" \/>\n<script type=\"application\/ld+json\" class=\"yoast-schema-graph\">{\"@context\":\"https:\\\/\\\/schema.org\",\"@graph\":[{\"@type\":\"WebPage\",\"@id\":\"https:\\\/\\\/www.amuz.krakow.pl\\\/wydzialy\\\/wydzial-ii-instrumentalny\\\/katedra-wiolonczeli-i-kontrabasu\\\/pracownicy-katedry\\\/dr-hab-jan-kalinowski\\\/\",\"url\":\"https:\\\/\\\/www.amuz.krakow.pl\\\/wydzialy\\\/wydzial-ii-instrumentalny\\\/katedra-wiolonczeli-i-kontrabasu\\\/pracownicy-katedry\\\/dr-hab-jan-kalinowski\\\/\",\"name\":\"AMKP - Akademia Muzyczna im. Krzysztofa Pendereckiego w Krakowie\",\"isPartOf\":{\"@id\":\"https:\\\/\\\/www.amuz.krakow.pl\\\/#website\"},\"primaryImageOfPage\":{\"@id\":\"https:\\\/\\\/www.amuz.krakow.pl\\\/wydzialy\\\/wydzial-ii-instrumentalny\\\/katedra-wiolonczeli-i-kontrabasu\\\/pracownicy-katedry\\\/dr-hab-jan-kalinowski\\\/#primaryimage\"},\"image\":{\"@id\":\"https:\\\/\\\/www.amuz.krakow.pl\\\/wydzialy\\\/wydzial-ii-instrumentalny\\\/katedra-wiolonczeli-i-kontrabasu\\\/pracownicy-katedry\\\/dr-hab-jan-kalinowski\\\/#primaryimage\"},\"thumbnailUrl\":\"https:\\\/\\\/www.amuz.krakow.pl\\\/wp-content\\\/uploads\\\/2026\\\/03\\\/Jan-Kalinowski_-fot.-Anita-Wasik-Plocinska-scaled.jpg\",\"datePublished\":\"2016-02-16T21:41:49+00:00\",\"dateModified\":\"2026-03-24T10:34:13+00:00\",\"breadcrumb\":{\"@id\":\"https:\\\/\\\/www.amuz.krakow.pl\\\/wydzialy\\\/wydzial-ii-instrumentalny\\\/katedra-wiolonczeli-i-kontrabasu\\\/pracownicy-katedry\\\/dr-hab-jan-kalinowski\\\/#breadcrumb\"},\"inLanguage\":\"en-US\",\"potentialAction\":[{\"@type\":\"ReadAction\",\"target\":[\"https:\\\/\\\/www.amuz.krakow.pl\\\/wydzialy\\\/wydzial-ii-instrumentalny\\\/katedra-wiolonczeli-i-kontrabasu\\\/pracownicy-katedry\\\/dr-hab-jan-kalinowski\\\/\"]}]},{\"@type\":\"ImageObject\",\"inLanguage\":\"en-US\",\"@id\":\"https:\\\/\\\/www.amuz.krakow.pl\\\/wydzialy\\\/wydzial-ii-instrumentalny\\\/katedra-wiolonczeli-i-kontrabasu\\\/pracownicy-katedry\\\/dr-hab-jan-kalinowski\\\/#primaryimage\",\"url\":\"https:\\\/\\\/www.amuz.krakow.pl\\\/wp-content\\\/uploads\\\/2026\\\/03\\\/Jan-Kalinowski_-fot.-Anita-Wasik-Plocinska-scaled.jpg\",\"contentUrl\":\"https:\\\/\\\/www.amuz.krakow.pl\\\/wp-content\\\/uploads\\\/2026\\\/03\\\/Jan-Kalinowski_-fot.-Anita-Wasik-Plocinska-scaled.jpg\",\"width\":2048,\"height\":1365,\"caption\":\"fot. Anita Wa\u0328sik-P\u0142ocin\u0301ska\"},{\"@type\":\"BreadcrumbList\",\"@id\":\"https:\\\/\\\/www.amuz.krakow.pl\\\/wydzialy\\\/wydzial-ii-instrumentalny\\\/katedra-wiolonczeli-i-kontrabasu\\\/pracownicy-katedry\\\/dr-hab-jan-kalinowski\\\/#breadcrumb\",\"itemListElement\":[{\"@type\":\"ListItem\",\"position\":1,\"name\":\"Strona g\u0142\u00f3wna\",\"item\":\"https:\\\/\\\/www.amuz.krakow.pl\\\/\"},{\"@type\":\"ListItem\",\"position\":2,\"name\":\"WYDZIA\u0141Y\",\"item\":\"https:\\\/\\\/www.amuz.krakow.pl\\\/wydzialy\\\/\"},{\"@type\":\"ListItem\",\"position\":3,\"name\":\"Wydzia\u0142 Instrumentalny\",\"item\":\"https:\\\/\\\/www.amuz.krakow.pl\\\/wydzialy\\\/wydzial-ii-instrumentalny\\\/\"},{\"@type\":\"ListItem\",\"position\":4,\"name\":\"Katedra Wiolonczeli i Kontrabasu\",\"item\":\"https:\\\/\\\/www.amuz.krakow.pl\\\/wydzialy\\\/wydzial-ii-instrumentalny\\\/katedra-wiolonczeli-i-kontrabasu\\\/\"},{\"@type\":\"ListItem\",\"position\":5,\"name\":\"Pracownicy Katedry\",\"item\":\"https:\\\/\\\/www.amuz.krakow.pl\\\/wydzialy\\\/wydzial-ii-instrumentalny\\\/katedra-wiolonczeli-i-kontrabasu\\\/pracownicy-katedry\\\/\"},{\"@type\":\"ListItem\",\"position\":6,\"name\":\"prof. dr hab. Jan Kalinowski\"}]},{\"@type\":\"WebSite\",\"@id\":\"https:\\\/\\\/www.amuz.krakow.pl\\\/#website\",\"url\":\"https:\\\/\\\/www.amuz.krakow.pl\\\/\",\"name\":\"Akademia Muzyczna im. Krzysztofa Pendereckiego w Krakowie\",\"description\":\"Oficjalna strona Akademii Muzycznej im. Krzysztofa Pendereckiego w Krakowie (AMKP).\",\"publisher\":{\"@id\":\"https:\\\/\\\/www.amuz.krakow.pl\\\/#organization\"},\"alternateName\":\"AMKP\",\"potentialAction\":[{\"@type\":\"SearchAction\",\"target\":{\"@type\":\"EntryPoint\",\"urlTemplate\":\"https:\\\/\\\/www.amuz.krakow.pl\\\/?s={search_term_string}\"},\"query-input\":{\"@type\":\"PropertyValueSpecification\",\"valueRequired\":true,\"valueName\":\"search_term_string\"}}],\"inLanguage\":\"en-US\"},{\"@type\":\"Organization\",\"@id\":\"https:\\\/\\\/www.amuz.krakow.pl\\\/#organization\",\"name\":\"Akademia Muzyczna im. Krzysztofa Pendereckiego w Krakowie\",\"alternateName\":\"AMKP\",\"url\":\"https:\\\/\\\/www.amuz.krakow.pl\\\/\",\"logo\":{\"@type\":\"ImageObject\",\"inLanguage\":\"en-US\",\"@id\":\"https:\\\/\\\/www.amuz.krakow.pl\\\/#\\\/schema\\\/logo\\\/image\\\/\",\"url\":\"https:\\\/\\\/www.amuz.krakow.pl\\\/wp-content\\\/uploads\\\/2021\\\/11\\\/amkp.jpg\",\"contentUrl\":\"https:\\\/\\\/www.amuz.krakow.pl\\\/wp-content\\\/uploads\\\/2021\\\/11\\\/amkp.jpg\",\"width\":1193,\"height\":591,\"caption\":\"Akademia Muzyczna im. Krzysztofa Pendereckiego w Krakowie\"},\"image\":{\"@id\":\"https:\\\/\\\/www.amuz.krakow.pl\\\/#\\\/schema\\\/logo\\\/image\\\/\"},\"sameAs\":[\"https:\\\/\\\/www.facebook.com\\\/amuz.krakow\",\"https:\\\/\\\/www.instagram.com\\\/amkpenderecki\\\/\",\"https:\\\/\\\/www.youtube.com\\\/@amkpenderecki4806\"]}]}<\/script>\n<!-- \/ Yoast SEO plugin. -->","yoast_head_json":{"title":"AMKP - Akademia Muzyczna im. Krzysztofa Pendereckiego w Krakowie","robots":{"index":"index","follow":"follow","max-snippet":"max-snippet:-1","max-image-preview":"max-image-preview:large","max-video-preview":"max-video-preview:-1"},"canonical":"https:\/\/www.amuz.krakow.pl\/wydzialy\/wydzial-ii-instrumentalny\/katedra-wiolonczeli-i-kontrabasu\/pracownicy-katedry\/dr-hab-jan-kalinowski\/","og_locale":"en_US","og_type":"article","og_title":"AMKP - Akademia Muzyczna im. Krzysztofa Pendereckiego w Krakowie","og_description":"He studied at the Krzysztof Penderecki Music Academy in Krakow, at the \u00c9cole Normale de Musique in Paris and the Staatliche Hochschule f\u00fcr Musik und Darstellende Kunst in Stuttgart under&hellip; Continue reading","og_url":"https:\/\/www.amuz.krakow.pl\/wydzialy\/wydzial-ii-instrumentalny\/katedra-wiolonczeli-i-kontrabasu\/pracownicy-katedry\/dr-hab-jan-kalinowski\/","og_site_name":"Akademia Muzyczna im. Krzysztofa Pendereckiego w Krakowie","article_publisher":"https:\/\/www.facebook.com\/amuz.krakow","article_modified_time":"2026-03-24T10:34:13+00:00","og_image":[{"width":2048,"height":1365,"url":"https:\/\/www.amuz.krakow.pl\/wp-content\/uploads\/2026\/03\/Jan-Kalinowski_-fot.-Anita-Wasik-Plocinska-scaled.jpg","type":"image\/jpeg"}],"twitter_card":"summary_large_image","twitter_misc":{"Est. reading time":"5 minutes"},"schema":{"@context":"https:\/\/schema.org","@graph":[{"@type":"WebPage","@id":"https:\/\/www.amuz.krakow.pl\/wydzialy\/wydzial-ii-instrumentalny\/katedra-wiolonczeli-i-kontrabasu\/pracownicy-katedry\/dr-hab-jan-kalinowski\/","url":"https:\/\/www.amuz.krakow.pl\/wydzialy\/wydzial-ii-instrumentalny\/katedra-wiolonczeli-i-kontrabasu\/pracownicy-katedry\/dr-hab-jan-kalinowski\/","name":"AMKP - Akademia Muzyczna im. Krzysztofa Pendereckiego w Krakowie","isPartOf":{"@id":"https:\/\/www.amuz.krakow.pl\/#website"},"primaryImageOfPage":{"@id":"https:\/\/www.amuz.krakow.pl\/wydzialy\/wydzial-ii-instrumentalny\/katedra-wiolonczeli-i-kontrabasu\/pracownicy-katedry\/dr-hab-jan-kalinowski\/#primaryimage"},"image":{"@id":"https:\/\/www.amuz.krakow.pl\/wydzialy\/wydzial-ii-instrumentalny\/katedra-wiolonczeli-i-kontrabasu\/pracownicy-katedry\/dr-hab-jan-kalinowski\/#primaryimage"},"thumbnailUrl":"https:\/\/www.amuz.krakow.pl\/wp-content\/uploads\/2026\/03\/Jan-Kalinowski_-fot.-Anita-Wasik-Plocinska-scaled.jpg","datePublished":"2016-02-16T21:41:49+00:00","dateModified":"2026-03-24T10:34:13+00:00","breadcrumb":{"@id":"https:\/\/www.amuz.krakow.pl\/wydzialy\/wydzial-ii-instrumentalny\/katedra-wiolonczeli-i-kontrabasu\/pracownicy-katedry\/dr-hab-jan-kalinowski\/#breadcrumb"},"inLanguage":"en-US","potentialAction":[{"@type":"ReadAction","target":["https:\/\/www.amuz.krakow.pl\/wydzialy\/wydzial-ii-instrumentalny\/katedra-wiolonczeli-i-kontrabasu\/pracownicy-katedry\/dr-hab-jan-kalinowski\/"]}]},{"@type":"ImageObject","inLanguage":"en-US","@id":"https:\/\/www.amuz.krakow.pl\/wydzialy\/wydzial-ii-instrumentalny\/katedra-wiolonczeli-i-kontrabasu\/pracownicy-katedry\/dr-hab-jan-kalinowski\/#primaryimage","url":"https:\/\/www.amuz.krakow.pl\/wp-content\/uploads\/2026\/03\/Jan-Kalinowski_-fot.-Anita-Wasik-Plocinska-scaled.jpg","contentUrl":"https:\/\/www.amuz.krakow.pl\/wp-content\/uploads\/2026\/03\/Jan-Kalinowski_-fot.-Anita-Wasik-Plocinska-scaled.jpg","width":2048,"height":1365,"caption":"fot. Anita Wa\u0328sik-P\u0142ocin\u0301ska"},{"@type":"BreadcrumbList","@id":"https:\/\/www.amuz.krakow.pl\/wydzialy\/wydzial-ii-instrumentalny\/katedra-wiolonczeli-i-kontrabasu\/pracownicy-katedry\/dr-hab-jan-kalinowski\/#breadcrumb","itemListElement":[{"@type":"ListItem","position":1,"name":"Strona g\u0142\u00f3wna","item":"https:\/\/www.amuz.krakow.pl\/"},{"@type":"ListItem","position":2,"name":"WYDZIA\u0141Y","item":"https:\/\/www.amuz.krakow.pl\/wydzialy\/"},{"@type":"ListItem","position":3,"name":"Wydzia\u0142 Instrumentalny","item":"https:\/\/www.amuz.krakow.pl\/wydzialy\/wydzial-ii-instrumentalny\/"},{"@type":"ListItem","position":4,"name":"Katedra Wiolonczeli i Kontrabasu","item":"https:\/\/www.amuz.krakow.pl\/wydzialy\/wydzial-ii-instrumentalny\/katedra-wiolonczeli-i-kontrabasu\/"},{"@type":"ListItem","position":5,"name":"Pracownicy Katedry","item":"https:\/\/www.amuz.krakow.pl\/wydzialy\/wydzial-ii-instrumentalny\/katedra-wiolonczeli-i-kontrabasu\/pracownicy-katedry\/"},{"@type":"ListItem","position":6,"name":"prof. dr hab. Jan Kalinowski"}]},{"@type":"WebSite","@id":"https:\/\/www.amuz.krakow.pl\/#website","url":"https:\/\/www.amuz.krakow.pl\/","name":"Akademia Muzyczna im. Krzysztofa Pendereckiego w Krakowie","description":"Oficjalna strona Akademii Muzycznej im. Krzysztofa Pendereckiego w Krakowie (AMKP).","publisher":{"@id":"https:\/\/www.amuz.krakow.pl\/#organization"},"alternateName":"AMKP","potentialAction":[{"@type":"SearchAction","target":{"@type":"EntryPoint","urlTemplate":"https:\/\/www.amuz.krakow.pl\/?s={search_term_string}"},"query-input":{"@type":"PropertyValueSpecification","valueRequired":true,"valueName":"search_term_string"}}],"inLanguage":"en-US"},{"@type":"Organization","@id":"https:\/\/www.amuz.krakow.pl\/#organization","name":"Akademia Muzyczna im. Krzysztofa Pendereckiego w Krakowie","alternateName":"AMKP","url":"https:\/\/www.amuz.krakow.pl\/","logo":{"@type":"ImageObject","inLanguage":"en-US","@id":"https:\/\/www.amuz.krakow.pl\/#\/schema\/logo\/image\/","url":"https:\/\/www.amuz.krakow.pl\/wp-content\/uploads\/2021\/11\/amkp.jpg","contentUrl":"https:\/\/www.amuz.krakow.pl\/wp-content\/uploads\/2021\/11\/amkp.jpg","width":1193,"height":591,"caption":"Akademia Muzyczna im. Krzysztofa Pendereckiego w Krakowie"},"image":{"@id":"https:\/\/www.amuz.krakow.pl\/#\/schema\/logo\/image\/"},"sameAs":["https:\/\/www.facebook.com\/amuz.krakow","https:\/\/www.instagram.com\/amkpenderecki\/","https:\/\/www.youtube.com\/@amkpenderecki4806"]}]}},"_links":{"self":[{"href":"https:\/\/www.amuz.krakow.pl\/en\/wp-json\/wp\/v2\/pages\/2116","targetHints":{"allow":["GET"]}}],"collection":[{"href":"https:\/\/www.amuz.krakow.pl\/en\/wp-json\/wp\/v2\/pages"}],"about":[{"href":"https:\/\/www.amuz.krakow.pl\/en\/wp-json\/wp\/v2\/types\/page"}],"author":[{"embeddable":true,"href":"https:\/\/www.amuz.krakow.pl\/en\/wp-json\/wp\/v2\/users\/72"}],"replies":[{"embeddable":true,"href":"https:\/\/www.amuz.krakow.pl\/en\/wp-json\/wp\/v2\/comments?post=2116"}],"version-history":[{"count":17,"href":"https:\/\/www.amuz.krakow.pl\/en\/wp-json\/wp\/v2\/pages\/2116\/revisions"}],"predecessor-version":[{"id":116943,"href":"https:\/\/www.amuz.krakow.pl\/en\/wp-json\/wp\/v2\/pages\/2116\/revisions\/116943"}],"up":[{"embeddable":true,"href":"https:\/\/www.amuz.krakow.pl\/en\/wp-json\/wp\/v2\/pages\/2092"}],"wp:featuredmedia":[{"embeddable":true,"href":"https:\/\/www.amuz.krakow.pl\/en\/wp-json\/wp\/v2\/media\/116940"}],"wp:attachment":[{"href":"https:\/\/www.amuz.krakow.pl\/en\/wp-json\/wp\/v2\/media?parent=2116"}],"curies":[{"name":"wp","href":"https:\/\/api.w.org\/{rel}","templated":true}]}}