{"id":2111,"date":"2016-02-16T22:39:51","date_gmt":"2016-02-16T21:39:51","guid":{"rendered":"http:\/\/strony.amuz.krakow.pl\/?page_id=2111"},"modified":"2021-03-21T21:03:00","modified_gmt":"2021-03-21T20:03:00","slug":"dr-hab-dorota-imielowska","status":"publish","type":"page","link":"https:\/\/www.amuz.krakow.pl\/en\/wydzialy\/wydzial-ii-instrumentalny\/katedra-wiolonczeli-i-kontrabasu\/pracownicy-katedry\/dr-hab-dorota-imielowska\/","title":{"rendered":"dr hab. Dorota Imie\u0142owska"},"content":{"rendered":"<p><figure id=\"attachment_47006\" aria-describedby=\"caption-attachment-47006\" style=\"width: 230px\" class=\"wp-caption alignleft\"><a href=\"https:\/\/www.amuz.krakow.pl\/letnia-akademia-muzyczna\/wykaz-kursow\/dorota-imielowska-wiolonczela\/dorota-imielowska-a1-fot-marian-curzydlo\/\" rel=\"attachment wp-att-47006\"><img loading=\"lazy\" decoding=\"async\" class=\"size-medium wp-image-47006\" src=\"https:\/\/www.amuz.krakow.pl\/wp-content\/uploads\/2021\/02\/Dorota-Imielowska-A1-fot.-Marian-Curzydlo-230x300.jpg\" alt=\"\" width=\"230\" height=\"300\" srcset=\"https:\/\/www.amuz.krakow.pl\/wp-content\/uploads\/2021\/02\/Dorota-Imielowska-A1-fot.-Marian-Curzydlo-230x300.jpg 230w, https:\/\/www.amuz.krakow.pl\/wp-content\/uploads\/2021\/02\/Dorota-Imielowska-A1-fot.-Marian-Curzydlo.jpg 426w\" sizes=\"auto, (max-width: 230px) 100vw, 230px\" \/><\/a><figcaption id=\"caption-attachment-47006\" class=\"wp-caption-text\">photo by Marian Curzyd\u0142o<\/figcaption><\/figure><\/p>\n<p style=\"text-align: justify;\">Dorota Imie\u0142owska graduated with honors from the Krak\u00f3w Academy of Music, where she studied under prof. Witold Herman. She perfected her skills with such masters as Milo\u0161 Sadl\u03cc, Daniel Shafran, and Michel Schwalb\u00e9. She is a laureate of numerous competitions and received the prestigious <em>Le Ring de Classiqueinfo<\/em> phonographic award for the premiere recording of Marek Stachowski&#8217;s works for solo cello and orchestra. She also received a special prize from the Hochschule f\u00fcr Musik in Cologne for her talent, artistry, and her performance of works by Krzysztof Penderecki.<br \/>\nShe has premiered dozens of solo cello works written especially for her by numerous composers. Leading Polish composers dedicated their works to Dorota Imie\u0142owska, including Krystyna Moszuma\u0144ska-Nazar, Marek Stachowski, Zbigniew Bujarski, Adam Walaci\u0144ski, and Stanis\u0142aw Radwan. She records for TV, radio, and numerous major labels. On Krzysztof Penderecki&#8217;s personal invitation she presented his solo and chamber works at concerts in Germany, Italy, the Czech Republic, and Poland. Her repertoire ranges from masterpieces by J.S. Bach to contemporary works by such composers as Krzysztof Penderecki or Witold Lutos\u0142awski, as well as other genres such as world, jazz, tango, Jewish, Balkan, and many others.<br \/>\nShe has published three solo albums: <em>Cello<\/em>, <em>In Memory<\/em> (with premiere pieces by Polish composers), and <em>Valse Sentimentale<\/em>. Together with Kaja Danczowska and Mariola Cieniawa, she recorded and released an album with trios of Felix Mendelssohn-Bartholdy and Dmitri Shostakovich. She recorded the complete cello works of Marek Stachowski for the record labels Dux and Koch International.<br \/>\nDorota Imie\u0142owska is a valued performer of Jewish music, both traditional as well as classical. She made the Polish premiere performance of Frederick Kaufman\u2019s cello concerto <em>Kaddish<\/em>. In 1994, she appeared as a soloist in the famous concert <em>Hommage \u00e0 Lutos\u0142awski<\/em> at the \u201cWarsaw Autumn\u201d International Festival of Contemporary Music, where she performed Witold Lutos\u0142awski\u2019s <em>Grave<\/em> for cello and string orchestra to a great reception from the audience and to much critical acclaim.<br \/>\nDorota Imie\u0142owska has been performing chamber music with many great artists such as Halina Czerny-Stefa\u0144ska, El\u017cbieta Stefa\u0144ska, Kaja Danczowska, Nigel Kennedy, Jerzy Maksymiuk; at concerts and festivals in many countries of Europe and Asia, and in the United States. During the Chopin Year of 1999, she was the principal cellist of Krystian Zimerman\u2019s <em>Polish Festival Orchestra<\/em> world concert tour. For many years she was also the principal cellist of Sinfonietta Cracovia.<br \/>\nDorota Imie\u0142owska is a member of the faculty at the Krzysztof Penderecki Academy of Music in Krak\u00f3w, where she teaches cello class and pioneers innovative concepts of artistry combined with the best conservatory tradition of the Russian school. Dorota Imie\u0142owska is also the initiator and organizer of numerous artistic as well as charitable projects. She is active in the world of music and in other areas.<br \/>\nIn addition to her performing and recording achievements, Dorota Imie\u0142owska has composed numerous works for solo cello, ensembles, and orchestra. The artist draws from classical, world, jazz, and other musical genres. She is the author of many jazz compositions, written among others for Janusz Muniak, and is also associated with Anna Dymna\u2019s <em>Krakow Poetry Salon<\/em>, where she acts as the <em>Musical Angel of the Salon<\/em>. Dorota Imie\u0142owska\u2019s pieces were performed in Poland, Denmark, Germany, and the USA. Her jazz compositions were presented at concerts in Boston, New York, and Chicago.<br \/>\nHer playing remains an inspiration to many composers such as Marek Stachowski, Krystyna Moszuma\u0144ska-Nazar, Adam Walaci\u0144ski, Stanis\u0142aw Radwan, Pawe\u0142 Sydor; visual artists like W\u0142adys\u0142aw Hasior, Agnieszka Praxmayer, Jerzy Brataniec; or photographers like Marian Curzyd\u0142o. In 2018, Stanis\u0142aw Radwan composed the <em>Concertino Piccolo per Dorothea Im.<\/em> for cello and chamber orchestra, dedicated to Dorota Imie\u0142owska. She also inspired the outstanding Polish jazzman Jarek \u015amietana to write a jazz cello concerto especially for her. Works that were written for her have permanently entered the canon of music literature that is eagerly played and listened to.<br \/>\nDorota Imie\u0142owska perceives art as a world without borders. Music is a space to create new sounds and to discover unknown spaces. The need for freedom and exploration prompted the artist to open up to traditional Jewish music, jazz, as well as world, electronic, and popular music. Dorota Imie\u0142owska creates a unique <em>fusion<\/em>, combining various styles and techniques. She is not only a cellist, but also plays the morin khuur, kamancheh, sarangi, and Bilgoray suka.<\/p>\n<p><a href=\"mailto:dorota.imielowska@amuz.krakow.pl\">dorota.imielowska@amuz.krakow.pl<\/a><\/p>","protected":false},"excerpt":{"rendered":"<p>Dorota Imie\u0142owska graduated with honors from the Krak\u00f3w Academy of Music, where she studied under prof. Witold Herman. She perfected her skills with such masters as Milo\u0161 Sadl\u03cc, Daniel Shafran,&hellip; <a href=\"https:\/\/www.amuz.krakow.pl\/en\/wydzialy\/wydzial-ii-instrumentalny\/katedra-wiolonczeli-i-kontrabasu\/pracownicy-katedry\/dr-hab-dorota-imielowska\/\">Continue reading<\/a><\/p>\n","protected":false},"author":72,"featured_media":0,"parent":2092,"menu_order":4,"comment_status":"closed","ping_status":"closed","template":"","meta":{"footnotes":"","_links_to":"","_links_to_target":""},"class_list":["post-2111","page","type-page","status-publish","hentry"],"yoast_head":"<!-- This site is optimized with the Yoast SEO plugin v27.2 - https:\/\/yoast.com\/product\/yoast-seo-wordpress\/ -->\n<title>AMKP - Akademia Muzyczna im. Krzysztofa Pendereckiego w Krakowie<\/title>\n<meta name=\"robots\" content=\"index, follow, max-snippet:-1, max-image-preview:large, max-video-preview:-1\" \/>\n<link rel=\"canonical\" href=\"https:\/\/www.amuz.krakow.pl\/wydzialy\/wydzial-ii-instrumentalny\/katedra-wiolonczeli-i-kontrabasu\/pracownicy-katedry\/dr-hab-dorota-imielowska\/\" \/>\n<meta property=\"og:locale\" content=\"en_US\" \/>\n<meta property=\"og:type\" content=\"article\" \/>\n<meta property=\"og:title\" content=\"AMKP - Akademia Muzyczna im. Krzysztofa Pendereckiego w Krakowie\" \/>\n<meta property=\"og:description\" content=\"Dorota Imie\u0142owska graduated with honors from the Krak\u00f3w Academy of Music, where she studied under prof. Witold Herman. She perfected her skills with such masters as Milo\u0161 Sadl\u03cc, Daniel Shafran,&hellip; Continue reading\" \/>\n<meta property=\"og:url\" content=\"https:\/\/www.amuz.krakow.pl\/wydzialy\/wydzial-ii-instrumentalny\/katedra-wiolonczeli-i-kontrabasu\/pracownicy-katedry\/dr-hab-dorota-imielowska\/\" \/>\n<meta property=\"og:site_name\" content=\"Akademia Muzyczna im. Krzysztofa Pendereckiego w Krakowie\" \/>\n<meta property=\"article:publisher\" content=\"https:\/\/www.facebook.com\/amuz.krakow\" \/>\n<meta property=\"article:modified_time\" content=\"2021-03-21T20:03:00+00:00\" \/>\n<meta property=\"og:image\" content=\"https:\/\/www.amuz.krakow.pl\/wp-content\/uploads\/2021\/02\/Dorota-Imielowska-A1-fot.-Marian-Curzydlo-230x300.jpg\" \/>\n<meta name=\"twitter:card\" content=\"summary_large_image\" \/>\n<meta name=\"twitter:label1\" content=\"Est. reading time\" \/>\n\t<meta name=\"twitter:data1\" content=\"4 minutes\" \/>\n<script type=\"application\/ld+json\" class=\"yoast-schema-graph\">{\"@context\":\"https:\/\/schema.org\",\"@graph\":[{\"@type\":\"WebPage\",\"@id\":\"https:\/\/www.amuz.krakow.pl\/wydzialy\/wydzial-ii-instrumentalny\/katedra-wiolonczeli-i-kontrabasu\/pracownicy-katedry\/dr-hab-dorota-imielowska\/\",\"url\":\"https:\/\/www.amuz.krakow.pl\/wydzialy\/wydzial-ii-instrumentalny\/katedra-wiolonczeli-i-kontrabasu\/pracownicy-katedry\/dr-hab-dorota-imielowska\/\",\"name\":\"AMKP - Akademia Muzyczna im. Krzysztofa Pendereckiego w Krakowie\",\"isPartOf\":{\"@id\":\"https:\/\/www.amuz.krakow.pl\/#website\"},\"primaryImageOfPage\":{\"@id\":\"https:\/\/www.amuz.krakow.pl\/wydzialy\/wydzial-ii-instrumentalny\/katedra-wiolonczeli-i-kontrabasu\/pracownicy-katedry\/dr-hab-dorota-imielowska\/#primaryimage\"},\"image\":{\"@id\":\"https:\/\/www.amuz.krakow.pl\/wydzialy\/wydzial-ii-instrumentalny\/katedra-wiolonczeli-i-kontrabasu\/pracownicy-katedry\/dr-hab-dorota-imielowska\/#primaryimage\"},\"thumbnailUrl\":\"https:\/\/www.amuz.krakow.pl\/wp-content\/uploads\/2021\/02\/Dorota-Imielowska-A1-fot.-Marian-Curzydlo-230x300.jpg\",\"datePublished\":\"2016-02-16T21:39:51+00:00\",\"dateModified\":\"2021-03-21T20:03:00+00:00\",\"breadcrumb\":{\"@id\":\"https:\/\/www.amuz.krakow.pl\/wydzialy\/wydzial-ii-instrumentalny\/katedra-wiolonczeli-i-kontrabasu\/pracownicy-katedry\/dr-hab-dorota-imielowska\/#breadcrumb\"},\"inLanguage\":\"en-US\",\"potentialAction\":[{\"@type\":\"ReadAction\",\"target\":[\"https:\/\/www.amuz.krakow.pl\/wydzialy\/wydzial-ii-instrumentalny\/katedra-wiolonczeli-i-kontrabasu\/pracownicy-katedry\/dr-hab-dorota-imielowska\/\"]}]},{\"@type\":\"ImageObject\",\"inLanguage\":\"en-US\",\"@id\":\"https:\/\/www.amuz.krakow.pl\/wydzialy\/wydzial-ii-instrumentalny\/katedra-wiolonczeli-i-kontrabasu\/pracownicy-katedry\/dr-hab-dorota-imielowska\/#primaryimage\",\"url\":\"https:\/\/www.amuz.krakow.pl\/wp-content\/uploads\/2021\/02\/Dorota-Imielowska-A1-fot.-Marian-Curzydlo-230x300.jpg\",\"contentUrl\":\"https:\/\/www.amuz.krakow.pl\/wp-content\/uploads\/2021\/02\/Dorota-Imielowska-A1-fot.-Marian-Curzydlo-230x300.jpg\"},{\"@type\":\"BreadcrumbList\",\"@id\":\"https:\/\/www.amuz.krakow.pl\/wydzialy\/wydzial-ii-instrumentalny\/katedra-wiolonczeli-i-kontrabasu\/pracownicy-katedry\/dr-hab-dorota-imielowska\/#breadcrumb\",\"itemListElement\":[{\"@type\":\"ListItem\",\"position\":1,\"name\":\"Strona g\u0142\u00f3wna\",\"item\":\"https:\/\/www.amuz.krakow.pl\/\"},{\"@type\":\"ListItem\",\"position\":2,\"name\":\"WYDZIA\u0141Y\",\"item\":\"https:\/\/www.amuz.krakow.pl\/wydzialy\/\"},{\"@type\":\"ListItem\",\"position\":3,\"name\":\"Wydzia\u0142 Instrumentalny\",\"item\":\"https:\/\/www.amuz.krakow.pl\/wydzialy\/wydzial-ii-instrumentalny\/\"},{\"@type\":\"ListItem\",\"position\":4,\"name\":\"Katedra Wiolonczeli i Kontrabasu\",\"item\":\"https:\/\/www.amuz.krakow.pl\/wydzialy\/wydzial-ii-instrumentalny\/katedra-wiolonczeli-i-kontrabasu\/\"},{\"@type\":\"ListItem\",\"position\":5,\"name\":\"Pracownicy Katedry\",\"item\":\"https:\/\/www.amuz.krakow.pl\/wydzialy\/wydzial-ii-instrumentalny\/katedra-wiolonczeli-i-kontrabasu\/pracownicy-katedry\/\"},{\"@type\":\"ListItem\",\"position\":6,\"name\":\"dr&nbsp;hab. Dorota Imie\u0142owska\"}]},{\"@type\":\"WebSite\",\"@id\":\"https:\/\/www.amuz.krakow.pl\/#website\",\"url\":\"https:\/\/www.amuz.krakow.pl\/\",\"name\":\"Akademia Muzyczna im. Krzysztofa Pendereckiego w Krakowie\",\"description\":\"Oficjalna strona Akademii Muzycznej im. Krzysztofa Pendereckiego w Krakowie (AMKP).\",\"publisher\":{\"@id\":\"https:\/\/www.amuz.krakow.pl\/#organization\"},\"alternateName\":\"AMKP\",\"potentialAction\":[{\"@type\":\"SearchAction\",\"target\":{\"@type\":\"EntryPoint\",\"urlTemplate\":\"https:\/\/www.amuz.krakow.pl\/?s={search_term_string}\"},\"query-input\":{\"@type\":\"PropertyValueSpecification\",\"valueRequired\":true,\"valueName\":\"search_term_string\"}}],\"inLanguage\":\"en-US\"},{\"@type\":\"Organization\",\"@id\":\"https:\/\/www.amuz.krakow.pl\/#organization\",\"name\":\"Akademia Muzyczna im. Krzysztofa Pendereckiego w Krakowie\",\"alternateName\":\"AMKP\",\"url\":\"https:\/\/www.amuz.krakow.pl\/\",\"logo\":{\"@type\":\"ImageObject\",\"inLanguage\":\"en-US\",\"@id\":\"https:\/\/www.amuz.krakow.pl\/#\/schema\/logo\/image\/\",\"url\":\"https:\/\/www.amuz.krakow.pl\/wp-content\/uploads\/2021\/11\/amkp.jpg\",\"contentUrl\":\"https:\/\/www.amuz.krakow.pl\/wp-content\/uploads\/2021\/11\/amkp.jpg\",\"width\":1193,\"height\":591,\"caption\":\"Akademia Muzyczna im. Krzysztofa Pendereckiego w Krakowie\"},\"image\":{\"@id\":\"https:\/\/www.amuz.krakow.pl\/#\/schema\/logo\/image\/\"},\"sameAs\":[\"https:\/\/www.facebook.com\/amuz.krakow\",\"https:\/\/www.instagram.com\/amkpenderecki\/\",\"https:\/\/www.youtube.com\/@amkpenderecki4806\"]}]}<\/script>\n<!-- \/ Yoast SEO plugin. -->","yoast_head_json":{"title":"AMKP - Akademia Muzyczna im. Krzysztofa Pendereckiego w Krakowie","robots":{"index":"index","follow":"follow","max-snippet":"max-snippet:-1","max-image-preview":"max-image-preview:large","max-video-preview":"max-video-preview:-1"},"canonical":"https:\/\/www.amuz.krakow.pl\/wydzialy\/wydzial-ii-instrumentalny\/katedra-wiolonczeli-i-kontrabasu\/pracownicy-katedry\/dr-hab-dorota-imielowska\/","og_locale":"en_US","og_type":"article","og_title":"AMKP - Akademia Muzyczna im. Krzysztofa Pendereckiego w Krakowie","og_description":"Dorota Imie\u0142owska graduated with honors from the Krak\u00f3w Academy of Music, where she studied under prof. Witold Herman. She perfected her skills with such masters as Milo\u0161 Sadl\u03cc, Daniel Shafran,&hellip; Continue reading","og_url":"https:\/\/www.amuz.krakow.pl\/wydzialy\/wydzial-ii-instrumentalny\/katedra-wiolonczeli-i-kontrabasu\/pracownicy-katedry\/dr-hab-dorota-imielowska\/","og_site_name":"Akademia Muzyczna im. Krzysztofa Pendereckiego w Krakowie","article_publisher":"https:\/\/www.facebook.com\/amuz.krakow","article_modified_time":"2021-03-21T20:03:00+00:00","og_image":[{"url":"https:\/\/www.amuz.krakow.pl\/wp-content\/uploads\/2021\/02\/Dorota-Imielowska-A1-fot.-Marian-Curzydlo-230x300.jpg","type":"","width":"","height":""}],"twitter_card":"summary_large_image","twitter_misc":{"Est. reading time":"4 minutes"},"schema":{"@context":"https:\/\/schema.org","@graph":[{"@type":"WebPage","@id":"https:\/\/www.amuz.krakow.pl\/wydzialy\/wydzial-ii-instrumentalny\/katedra-wiolonczeli-i-kontrabasu\/pracownicy-katedry\/dr-hab-dorota-imielowska\/","url":"https:\/\/www.amuz.krakow.pl\/wydzialy\/wydzial-ii-instrumentalny\/katedra-wiolonczeli-i-kontrabasu\/pracownicy-katedry\/dr-hab-dorota-imielowska\/","name":"AMKP - Akademia Muzyczna im. Krzysztofa Pendereckiego w Krakowie","isPartOf":{"@id":"https:\/\/www.amuz.krakow.pl\/#website"},"primaryImageOfPage":{"@id":"https:\/\/www.amuz.krakow.pl\/wydzialy\/wydzial-ii-instrumentalny\/katedra-wiolonczeli-i-kontrabasu\/pracownicy-katedry\/dr-hab-dorota-imielowska\/#primaryimage"},"image":{"@id":"https:\/\/www.amuz.krakow.pl\/wydzialy\/wydzial-ii-instrumentalny\/katedra-wiolonczeli-i-kontrabasu\/pracownicy-katedry\/dr-hab-dorota-imielowska\/#primaryimage"},"thumbnailUrl":"https:\/\/www.amuz.krakow.pl\/wp-content\/uploads\/2021\/02\/Dorota-Imielowska-A1-fot.-Marian-Curzydlo-230x300.jpg","datePublished":"2016-02-16T21:39:51+00:00","dateModified":"2021-03-21T20:03:00+00:00","breadcrumb":{"@id":"https:\/\/www.amuz.krakow.pl\/wydzialy\/wydzial-ii-instrumentalny\/katedra-wiolonczeli-i-kontrabasu\/pracownicy-katedry\/dr-hab-dorota-imielowska\/#breadcrumb"},"inLanguage":"en-US","potentialAction":[{"@type":"ReadAction","target":["https:\/\/www.amuz.krakow.pl\/wydzialy\/wydzial-ii-instrumentalny\/katedra-wiolonczeli-i-kontrabasu\/pracownicy-katedry\/dr-hab-dorota-imielowska\/"]}]},{"@type":"ImageObject","inLanguage":"en-US","@id":"https:\/\/www.amuz.krakow.pl\/wydzialy\/wydzial-ii-instrumentalny\/katedra-wiolonczeli-i-kontrabasu\/pracownicy-katedry\/dr-hab-dorota-imielowska\/#primaryimage","url":"https:\/\/www.amuz.krakow.pl\/wp-content\/uploads\/2021\/02\/Dorota-Imielowska-A1-fot.-Marian-Curzydlo-230x300.jpg","contentUrl":"https:\/\/www.amuz.krakow.pl\/wp-content\/uploads\/2021\/02\/Dorota-Imielowska-A1-fot.-Marian-Curzydlo-230x300.jpg"},{"@type":"BreadcrumbList","@id":"https:\/\/www.amuz.krakow.pl\/wydzialy\/wydzial-ii-instrumentalny\/katedra-wiolonczeli-i-kontrabasu\/pracownicy-katedry\/dr-hab-dorota-imielowska\/#breadcrumb","itemListElement":[{"@type":"ListItem","position":1,"name":"Strona g\u0142\u00f3wna","item":"https:\/\/www.amuz.krakow.pl\/"},{"@type":"ListItem","position":2,"name":"WYDZIA\u0141Y","item":"https:\/\/www.amuz.krakow.pl\/wydzialy\/"},{"@type":"ListItem","position":3,"name":"Wydzia\u0142 Instrumentalny","item":"https:\/\/www.amuz.krakow.pl\/wydzialy\/wydzial-ii-instrumentalny\/"},{"@type":"ListItem","position":4,"name":"Katedra Wiolonczeli i Kontrabasu","item":"https:\/\/www.amuz.krakow.pl\/wydzialy\/wydzial-ii-instrumentalny\/katedra-wiolonczeli-i-kontrabasu\/"},{"@type":"ListItem","position":5,"name":"Pracownicy Katedry","item":"https:\/\/www.amuz.krakow.pl\/wydzialy\/wydzial-ii-instrumentalny\/katedra-wiolonczeli-i-kontrabasu\/pracownicy-katedry\/"},{"@type":"ListItem","position":6,"name":"dr&nbsp;hab. Dorota Imie\u0142owska"}]},{"@type":"WebSite","@id":"https:\/\/www.amuz.krakow.pl\/#website","url":"https:\/\/www.amuz.krakow.pl\/","name":"Akademia Muzyczna im. Krzysztofa Pendereckiego w Krakowie","description":"Oficjalna strona Akademii Muzycznej im. Krzysztofa Pendereckiego w Krakowie (AMKP).","publisher":{"@id":"https:\/\/www.amuz.krakow.pl\/#organization"},"alternateName":"AMKP","potentialAction":[{"@type":"SearchAction","target":{"@type":"EntryPoint","urlTemplate":"https:\/\/www.amuz.krakow.pl\/?s={search_term_string}"},"query-input":{"@type":"PropertyValueSpecification","valueRequired":true,"valueName":"search_term_string"}}],"inLanguage":"en-US"},{"@type":"Organization","@id":"https:\/\/www.amuz.krakow.pl\/#organization","name":"Akademia Muzyczna im. Krzysztofa Pendereckiego w Krakowie","alternateName":"AMKP","url":"https:\/\/www.amuz.krakow.pl\/","logo":{"@type":"ImageObject","inLanguage":"en-US","@id":"https:\/\/www.amuz.krakow.pl\/#\/schema\/logo\/image\/","url":"https:\/\/www.amuz.krakow.pl\/wp-content\/uploads\/2021\/11\/amkp.jpg","contentUrl":"https:\/\/www.amuz.krakow.pl\/wp-content\/uploads\/2021\/11\/amkp.jpg","width":1193,"height":591,"caption":"Akademia Muzyczna im. Krzysztofa Pendereckiego w Krakowie"},"image":{"@id":"https:\/\/www.amuz.krakow.pl\/#\/schema\/logo\/image\/"},"sameAs":["https:\/\/www.facebook.com\/amuz.krakow","https:\/\/www.instagram.com\/amkpenderecki\/","https:\/\/www.youtube.com\/@amkpenderecki4806"]}]}},"_links":{"self":[{"href":"https:\/\/www.amuz.krakow.pl\/en\/wp-json\/wp\/v2\/pages\/2111","targetHints":{"allow":["GET"]}}],"collection":[{"href":"https:\/\/www.amuz.krakow.pl\/en\/wp-json\/wp\/v2\/pages"}],"about":[{"href":"https:\/\/www.amuz.krakow.pl\/en\/wp-json\/wp\/v2\/types\/page"}],"author":[{"embeddable":true,"href":"https:\/\/www.amuz.krakow.pl\/en\/wp-json\/wp\/v2\/users\/72"}],"replies":[{"embeddable":true,"href":"https:\/\/www.amuz.krakow.pl\/en\/wp-json\/wp\/v2\/comments?post=2111"}],"version-history":[{"count":3,"href":"https:\/\/www.amuz.krakow.pl\/en\/wp-json\/wp\/v2\/pages\/2111\/revisions"}],"predecessor-version":[{"id":47008,"href":"https:\/\/www.amuz.krakow.pl\/en\/wp-json\/wp\/v2\/pages\/2111\/revisions\/47008"}],"up":[{"embeddable":true,"href":"https:\/\/www.amuz.krakow.pl\/en\/wp-json\/wp\/v2\/pages\/2092"}],"wp:attachment":[{"href":"https:\/\/www.amuz.krakow.pl\/en\/wp-json\/wp\/v2\/media?parent=2111"}],"curies":[{"name":"wp","href":"https:\/\/api.w.org\/{rel}","templated":true}]}}