{"id":2083,"date":"2016-02-16T22:25:40","date_gmt":"2016-02-16T21:25:40","guid":{"rendered":"http:\/\/strony.amuz.krakow.pl\/?page_id=2083"},"modified":"2025-09-19T11:23:03","modified_gmt":"2025-09-19T09:23:03","slug":"dr-hab-oriana-masternak","status":"publish","type":"page","link":"https:\/\/www.amuz.krakow.pl\/en\/wydzialy\/wydzial-ii-instrumentalny\/katedra-skrzypiec-i-altowki\/pracownicy-katedry\/dr-hab-oriana-masternak\/","title":{"rendered":"prof. dr hab. Oriana Masternak &#8211; HEAD"},"content":{"rendered":"<p><figure id=\"attachment_89931\" aria-describedby=\"caption-attachment-89931\" style=\"width: 254px\" class=\"wp-caption aligncenter\"><a href=\"https:\/\/www.amuz.krakow.pl\/wp-content\/uploads\/2024\/09\/DSC07536-scaled.jpg\" target=\"_blank\" rel=\"noopener\"><img loading=\"lazy\" decoding=\"async\" class=\"wp-image-89931 size-medium\" src=\"https:\/\/www.amuz.krakow.pl\/wp-content\/uploads\/2024\/09\/DSC07536-254x300.jpg\" alt=\"\" width=\"254\" height=\"300\" srcset=\"https:\/\/www.amuz.krakow.pl\/wp-content\/uploads\/2024\/09\/DSC07536-254x300.jpg 254w, https:\/\/www.amuz.krakow.pl\/wp-content\/uploads\/2024\/09\/DSC07536-scaled.jpg 1735w, https:\/\/www.amuz.krakow.pl\/wp-content\/uploads\/2024\/09\/DSC07536-768x906.jpg 768w, https:\/\/www.amuz.krakow.pl\/wp-content\/uploads\/2024\/09\/DSC07536-1302x1536.jpg 1302w\" sizes=\"auto, (max-width: 254px) 100vw, 254px\" \/><\/a><figcaption id=\"caption-attachment-89931\" class=\"wp-caption-text\">fot. Anita W\u0105sik-P\u0142oci\u0144ska<\/figcaption><\/figure><\/p>\n<p>Oriana Masternak &#8211; violinist, chamber musician, artistic curator, Head of the Violin and Viola Department at the Krzysztof Penderecki Academy of Music in Krak\u00f3w, and Professor of Arts (a title she received at the age of 39, as one of the youngest in Poland).<\/p>\n<p>She is a prize-winning interpreter and researcher of Polish music, both forgotten and contemporary. Oriana regularly performs worldwide \u2013 as a soloist and, above all, as a chamber musician \u2013 across Asia, the Americas, and most European countries, presenting a versatile repertoire ranging from masterpieces of all eras to world premieres of works dedicated to her. As critics note, her playing is characterized by \u201ca beautiful tone, extraordinary richness of color, flawless intonation, and natural phrasing.\u201d<\/p>\n<p>To date, she has performed over 700 concerts, including appearances at festivals such as the Norfolk Chamber Music Festival (USA), Festival Pablo Casals (Prades), Mozartiade (Augsburg), Kalkalpen Festival (Grossraming), Pacific Music Festival (Sapporo), 21st Fr\u00fchling Wiener Festival (Konzerthaus, Vienna), Warsaw Autumn, and Sacrum Profanum. In January 2012, she performed at the renowned Musikverein in Vienna, in November 2014 at the Pushkin Museum in Moscow, and in December 2015 at Carnegie Hall in New York. In the autumn of 2019, she was invited to give 13 recitals of Polish music in China\u2019s most prestigious concert halls (with pianist Justyna Danczowska). As a soloist, she has performed with orchestras under the baton of Maciej Tworek, Marek Mo\u015b, Ernst Kovacic, Lilianna Krych, and Maria Bazou, among others. Oriana has given nearly 40 world premieres of contemporary works by Polish and international composers. Since 2014, she has been a co-founder of the Messages Quartet, one of Poland\u2019s leading string quartets.<\/p>\n<p>She has won numerous awards at national and international competitions in Bulgaria, New York, Vienna, the Netherlands, Italy, Krak\u00f3w, and \u0141\u00f3d\u017a. She has received scholarships from organizations including the \u201cYoung Poland\u201d Program, the Polish Ministry of Culture and National Heritage, the European Chamber Music Academy, the Louise Willson Scholarship (Yale University, USA), the Pacific Music Festival (Japan), the Adam Mickiewicz Institute, Thomastik-Infeld, the Ma\u0142opolska Scholarship Foundation \u201cSapere Auso,\u201d and the Krak\u00f3w Creative Scholarship. She has been nominated several times for the Fryderyk Awards. In 2022, together with the Messages Quartet, she received the main prize at the international competition <em>Muzyczne Or\u0142y<\/em> (\u201cMusic Eagles\u201d), and in 2023 the quartet was nominated for the Coryphaeus of Polish Music Award in the Personality of the Year category. In 2023 she was awarded the honorary distinction <em>Meritorious for Polish Culture<\/em>, and in 2024 once again became a laureate of the <em>Muzyczne Or\u0142y.<\/em><\/p>\n<p>She studied at the Academy of Music in Krak\u00f3w (graduating with distinction in Prof. Roman Reiner\u2019s class), the Koninklijk Conservatorium in Brussels, the European Chamber Music Academy, the Yale School of Music (USA), and the University of Music and Performing Arts in Vienna. Her artistic mentors include Johannes Meissl, Katalin Sebestyen, Ma\u0142gorzata Skorupa, Magdalena Szczepanowska, and the Tokyo Quartet.<\/p>\n<p>She has frequently recorded for Polish Radio (including the series \u201cMiejsc\u00f3wka z Dw\u00f3jk\u0105\u201d) and television. She is regularly featured in the media, giving interviews for Polish Radio Channel 2, Radio Krak\u00f3w, Radio Krak\u00f3w Kultura, TV Krak\u00f3w, TV Wroc\u0142aw, and other press outlets. Her discography includes over 15 albums. In 2014, her debut CD with works for violin and piano by Lucien Durosoir (with pianist S\u0142awomir Cierpik) was released by the Academy of Music in Krak\u00f3w. In 2017, she released the album <em>Philipp Scharwenka. Music for Violin and Piano<\/em> (Acte Pr\u00e9alable, with pianist S\u0142awomir Cierpik). She has also recorded for DUX (including the complete string quartets of Szymon Laks with the Messages Quartet, and the album <em>Messages<\/em>), SOLITON, and the Chopin University of Music label. In 2021, DUX released two albums: <em>Parallels<\/em> (with pianist Justyna Danczowska) and the Fryderyk-nominated <em>Bacewicz\/Tansman \u2013 Piano Quintets<\/em> (with Julia Kociuban and Messages Quartet). In 2023, DUX released her recording of Polish clarinet quintets (with clarinetist Piotr Lato and Messages Quartet).<\/p>\n<p>As a curator of musical life, Oriana has organized nearly 30 projects (concerts, academic-artistic sessions, and cultural initiatives). She is the founder and organizer of the cycles <em>Musical Interven<\/em>tions and <em>Young Pre-Spring<\/em>, the conference <em>Faces of the Violin<\/em>, the festival <em>A due<\/em>, and numerous other events. She regularly publishes in the journal <em>Ruch Muzyczny<\/em>. Her research focuses on little-known Polish music and the Krak\u00f3w violin tradition. In 2024, she received the prestigious grant from the National Science Centre (NCN) and began her project <em>The Krak\u00f3w Violin School \u2013 Genesis, Idiom, Development Perspectives<\/em>, which explores almost 140 years of Krak\u00f3w\u2019s violin performance tradition. The project includes source studies, recordings, interviews, and documentation of contemporary violinists\u2019 interpretations, making unique knowledge of the Krak\u00f3w School of Violin accessible to a wide audience.<\/p>\n<p>Oriana Masternak teaches violin at the Krak\u00f3w Academy of Music. She has also served as a juror at the Macroregional Chamber Music Auditions for Secondary Music Schools in Gda\u0144sk, the International Music Interpretation Competition in Krasiczyn, the International Music Competition <em>OPUS<\/em>, the Intercollegiate Violin Competition named after J. Stanienda in Warsaw, the International Violin Competition <em>Janko Muzykant <\/em>in Sochaczew, and the National Competition for Young Instrumentalists in Jas\u0142o. She has given masterclasses in Poland and abroad (including Spain, Georgia, and Brazil). She is a faculty member at the Ma\u0142opolska Academy of Talents in \u0141\u0105cko, the International Music Courses in \u0141a\u0144cut, the Krak\u00f3w Summer Academy of Music, and the <em>Jak Wieniawski<\/em> Courses in Kazimierz.<\/p>\n<p>As both an artist and pedagogue, Oriana Masternak is guided by the conviction that music must be rooted in contemporary life while remaining faithful to its historical contexts. She sees art as a language \u2013 expressive, emotional, yet thoughtful and deliberate. As she emphasizes:<\/p>\n<p><em>\u201cPerformance is responsibility. Our task is to present every piece of music in a way that captivates the listener. I am someone who likes to know. I study treatises and music literature because the more I know, the freer I feel \u2013 and that freedom allows me to convey music in a conscious way, full of expression and faithful to the composer\u2019s true intent.\u201d<\/em><\/p>\n<p>She performs on a 1788 violin by Sebastian Lang.<\/p>\n<p><a href=\"http:\/\/orianamasternak.com\/\">Official website<\/a><\/p>\n<p><a href=\"mailto:oriana.masternak@amuz.krakow.pl\">oriana.masternak@amuz.krakow.pl<\/a><\/p>","protected":false},"excerpt":{"rendered":"<p>Oriana Masternak &#8211; violinist, chamber musician, artistic curator, Head of the Violin and Viola Department at the Krzysztof Penderecki Academy of Music in Krak\u00f3w, and Professor of Arts (a title&hellip; <a href=\"https:\/\/www.amuz.krakow.pl\/en\/wydzialy\/wydzial-ii-instrumentalny\/katedra-skrzypiec-i-altowki\/pracownicy-katedry\/dr-hab-oriana-masternak\/\">Continue reading<\/a><\/p>\n","protected":false},"author":72,"featured_media":89932,"parent":2009,"menu_order":0,"comment_status":"closed","ping_status":"closed","template":"","meta":{"footnotes":"","_links_to":"","_links_to_target":""},"class_list":["post-2083","page","type-page","status-publish","has-post-thumbnail","hentry"],"yoast_head":"<!-- This site is optimized with the Yoast SEO plugin v27.2 - https:\/\/yoast.com\/product\/yoast-seo-wordpress\/ -->\n<title>AMKP - Akademia Muzyczna im. Krzysztofa Pendereckiego w Krakowie<\/title>\n<meta name=\"robots\" content=\"index, follow, max-snippet:-1, max-image-preview:large, max-video-preview:-1\" \/>\n<link rel=\"canonical\" href=\"https:\/\/www.amuz.krakow.pl\/wydzialy\/wydzial-ii-instrumentalny\/katedra-skrzypiec-i-altowki\/pracownicy-katedry\/dr-hab-oriana-masternak\/\" \/>\n<meta property=\"og:locale\" content=\"en_US\" \/>\n<meta property=\"og:type\" content=\"article\" \/>\n<meta property=\"og:title\" content=\"AMKP - Akademia Muzyczna im. Krzysztofa Pendereckiego w Krakowie\" \/>\n<meta property=\"og:description\" content=\"Oriana Masternak &#8211; violinist, chamber musician, artistic curator, Head of the Violin and Viola Department at the Krzysztof Penderecki Academy of Music in Krak\u00f3w, and Professor of Arts (a title&hellip; Continue reading\" \/>\n<meta property=\"og:url\" content=\"https:\/\/www.amuz.krakow.pl\/wydzialy\/wydzial-ii-instrumentalny\/katedra-skrzypiec-i-altowki\/pracownicy-katedry\/dr-hab-oriana-masternak\/\" \/>\n<meta property=\"og:site_name\" content=\"Akademia Muzyczna im. Krzysztofa Pendereckiego w Krakowie\" \/>\n<meta property=\"article:publisher\" content=\"https:\/\/www.facebook.com\/amuz.krakow\" \/>\n<meta property=\"article:modified_time\" content=\"2025-09-19T09:23:03+00:00\" \/>\n<meta property=\"og:image\" content=\"https:\/\/www.amuz.krakow.pl\/wp-content\/uploads\/2024\/09\/Oriana-Masternak_miniatura-scaled.jpg\" \/>\n\t<meta property=\"og:image:width\" content=\"2048\" \/>\n\t<meta property=\"og:image:height\" content=\"1024\" \/>\n\t<meta property=\"og:image:type\" content=\"image\/jpeg\" \/>\n<meta name=\"twitter:card\" content=\"summary_large_image\" \/>\n<meta name=\"twitter:label1\" content=\"Est. reading time\" \/>\n\t<meta name=\"twitter:data1\" content=\"6 minutes\" \/>\n<script type=\"application\/ld+json\" class=\"yoast-schema-graph\">{\"@context\":\"https:\/\/schema.org\",\"@graph\":[{\"@type\":\"WebPage\",\"@id\":\"https:\/\/www.amuz.krakow.pl\/wydzialy\/wydzial-ii-instrumentalny\/katedra-skrzypiec-i-altowki\/pracownicy-katedry\/dr-hab-oriana-masternak\/\",\"url\":\"https:\/\/www.amuz.krakow.pl\/wydzialy\/wydzial-ii-instrumentalny\/katedra-skrzypiec-i-altowki\/pracownicy-katedry\/dr-hab-oriana-masternak\/\",\"name\":\"AMKP - Akademia Muzyczna im. Krzysztofa Pendereckiego w Krakowie\",\"isPartOf\":{\"@id\":\"https:\/\/www.amuz.krakow.pl\/#website\"},\"primaryImageOfPage\":{\"@id\":\"https:\/\/www.amuz.krakow.pl\/wydzialy\/wydzial-ii-instrumentalny\/katedra-skrzypiec-i-altowki\/pracownicy-katedry\/dr-hab-oriana-masternak\/#primaryimage\"},\"image\":{\"@id\":\"https:\/\/www.amuz.krakow.pl\/wydzialy\/wydzial-ii-instrumentalny\/katedra-skrzypiec-i-altowki\/pracownicy-katedry\/dr-hab-oriana-masternak\/#primaryimage\"},\"thumbnailUrl\":\"https:\/\/www.amuz.krakow.pl\/wp-content\/uploads\/2024\/09\/Oriana-Masternak_miniatura-scaled.jpg\",\"datePublished\":\"2016-02-16T21:25:40+00:00\",\"dateModified\":\"2025-09-19T09:23:03+00:00\",\"breadcrumb\":{\"@id\":\"https:\/\/www.amuz.krakow.pl\/wydzialy\/wydzial-ii-instrumentalny\/katedra-skrzypiec-i-altowki\/pracownicy-katedry\/dr-hab-oriana-masternak\/#breadcrumb\"},\"inLanguage\":\"en-US\",\"potentialAction\":[{\"@type\":\"ReadAction\",\"target\":[\"https:\/\/www.amuz.krakow.pl\/wydzialy\/wydzial-ii-instrumentalny\/katedra-skrzypiec-i-altowki\/pracownicy-katedry\/dr-hab-oriana-masternak\/\"]}]},{\"@type\":\"ImageObject\",\"inLanguage\":\"en-US\",\"@id\":\"https:\/\/www.amuz.krakow.pl\/wydzialy\/wydzial-ii-instrumentalny\/katedra-skrzypiec-i-altowki\/pracownicy-katedry\/dr-hab-oriana-masternak\/#primaryimage\",\"url\":\"https:\/\/www.amuz.krakow.pl\/wp-content\/uploads\/2024\/09\/Oriana-Masternak_miniatura-scaled.jpg\",\"contentUrl\":\"https:\/\/www.amuz.krakow.pl\/wp-content\/uploads\/2024\/09\/Oriana-Masternak_miniatura-scaled.jpg\",\"width\":2048,\"height\":1024},{\"@type\":\"BreadcrumbList\",\"@id\":\"https:\/\/www.amuz.krakow.pl\/wydzialy\/wydzial-ii-instrumentalny\/katedra-skrzypiec-i-altowki\/pracownicy-katedry\/dr-hab-oriana-masternak\/#breadcrumb\",\"itemListElement\":[{\"@type\":\"ListItem\",\"position\":1,\"name\":\"Strona g\u0142\u00f3wna\",\"item\":\"https:\/\/www.amuz.krakow.pl\/\"},{\"@type\":\"ListItem\",\"position\":2,\"name\":\"WYDZIA\u0141Y\",\"item\":\"https:\/\/www.amuz.krakow.pl\/wydzialy\/\"},{\"@type\":\"ListItem\",\"position\":3,\"name\":\"Wydzia\u0142 Instrumentalny\",\"item\":\"https:\/\/www.amuz.krakow.pl\/wydzialy\/wydzial-ii-instrumentalny\/\"},{\"@type\":\"ListItem\",\"position\":4,\"name\":\"Katedra Skrzypiec i Alt\u00f3wki\",\"item\":\"https:\/\/www.amuz.krakow.pl\/wydzialy\/wydzial-ii-instrumentalny\/katedra-skrzypiec-i-altowki\/\"},{\"@type\":\"ListItem\",\"position\":5,\"name\":\"Pracownicy Katedry\",\"item\":\"https:\/\/www.amuz.krakow.pl\/wydzialy\/wydzial-ii-instrumentalny\/katedra-skrzypiec-i-altowki\/pracownicy-katedry\/\"},{\"@type\":\"ListItem\",\"position\":6,\"name\":\"prof. dr hab. Oriana Masternak &#8211; Kierownik Katedry\"}]},{\"@type\":\"WebSite\",\"@id\":\"https:\/\/www.amuz.krakow.pl\/#website\",\"url\":\"https:\/\/www.amuz.krakow.pl\/\",\"name\":\"Akademia Muzyczna im. Krzysztofa Pendereckiego w Krakowie\",\"description\":\"Oficjalna strona Akademii Muzycznej im. Krzysztofa Pendereckiego w Krakowie (AMKP).\",\"publisher\":{\"@id\":\"https:\/\/www.amuz.krakow.pl\/#organization\"},\"alternateName\":\"AMKP\",\"potentialAction\":[{\"@type\":\"SearchAction\",\"target\":{\"@type\":\"EntryPoint\",\"urlTemplate\":\"https:\/\/www.amuz.krakow.pl\/?s={search_term_string}\"},\"query-input\":{\"@type\":\"PropertyValueSpecification\",\"valueRequired\":true,\"valueName\":\"search_term_string\"}}],\"inLanguage\":\"en-US\"},{\"@type\":\"Organization\",\"@id\":\"https:\/\/www.amuz.krakow.pl\/#organization\",\"name\":\"Akademia Muzyczna im. Krzysztofa Pendereckiego w Krakowie\",\"alternateName\":\"AMKP\",\"url\":\"https:\/\/www.amuz.krakow.pl\/\",\"logo\":{\"@type\":\"ImageObject\",\"inLanguage\":\"en-US\",\"@id\":\"https:\/\/www.amuz.krakow.pl\/#\/schema\/logo\/image\/\",\"url\":\"https:\/\/www.amuz.krakow.pl\/wp-content\/uploads\/2021\/11\/amkp.jpg\",\"contentUrl\":\"https:\/\/www.amuz.krakow.pl\/wp-content\/uploads\/2021\/11\/amkp.jpg\",\"width\":1193,\"height\":591,\"caption\":\"Akademia Muzyczna im. Krzysztofa Pendereckiego w Krakowie\"},\"image\":{\"@id\":\"https:\/\/www.amuz.krakow.pl\/#\/schema\/logo\/image\/\"},\"sameAs\":[\"https:\/\/www.facebook.com\/amuz.krakow\",\"https:\/\/www.instagram.com\/amkpenderecki\/\",\"https:\/\/www.youtube.com\/@amkpenderecki4806\"]}]}<\/script>\n<!-- \/ Yoast SEO plugin. -->","yoast_head_json":{"title":"AMKP - Akademia Muzyczna im. Krzysztofa Pendereckiego w Krakowie","robots":{"index":"index","follow":"follow","max-snippet":"max-snippet:-1","max-image-preview":"max-image-preview:large","max-video-preview":"max-video-preview:-1"},"canonical":"https:\/\/www.amuz.krakow.pl\/wydzialy\/wydzial-ii-instrumentalny\/katedra-skrzypiec-i-altowki\/pracownicy-katedry\/dr-hab-oriana-masternak\/","og_locale":"en_US","og_type":"article","og_title":"AMKP - Akademia Muzyczna im. Krzysztofa Pendereckiego w Krakowie","og_description":"Oriana Masternak &#8211; violinist, chamber musician, artistic curator, Head of the Violin and Viola Department at the Krzysztof Penderecki Academy of Music in Krak\u00f3w, and Professor of Arts (a title&hellip; Continue reading","og_url":"https:\/\/www.amuz.krakow.pl\/wydzialy\/wydzial-ii-instrumentalny\/katedra-skrzypiec-i-altowki\/pracownicy-katedry\/dr-hab-oriana-masternak\/","og_site_name":"Akademia Muzyczna im. Krzysztofa Pendereckiego w Krakowie","article_publisher":"https:\/\/www.facebook.com\/amuz.krakow","article_modified_time":"2025-09-19T09:23:03+00:00","og_image":[{"width":2048,"height":1024,"url":"https:\/\/www.amuz.krakow.pl\/wp-content\/uploads\/2024\/09\/Oriana-Masternak_miniatura-scaled.jpg","type":"image\/jpeg"}],"twitter_card":"summary_large_image","twitter_misc":{"Est. reading time":"6 minutes"},"schema":{"@context":"https:\/\/schema.org","@graph":[{"@type":"WebPage","@id":"https:\/\/www.amuz.krakow.pl\/wydzialy\/wydzial-ii-instrumentalny\/katedra-skrzypiec-i-altowki\/pracownicy-katedry\/dr-hab-oriana-masternak\/","url":"https:\/\/www.amuz.krakow.pl\/wydzialy\/wydzial-ii-instrumentalny\/katedra-skrzypiec-i-altowki\/pracownicy-katedry\/dr-hab-oriana-masternak\/","name":"AMKP - Akademia Muzyczna im. Krzysztofa Pendereckiego w Krakowie","isPartOf":{"@id":"https:\/\/www.amuz.krakow.pl\/#website"},"primaryImageOfPage":{"@id":"https:\/\/www.amuz.krakow.pl\/wydzialy\/wydzial-ii-instrumentalny\/katedra-skrzypiec-i-altowki\/pracownicy-katedry\/dr-hab-oriana-masternak\/#primaryimage"},"image":{"@id":"https:\/\/www.amuz.krakow.pl\/wydzialy\/wydzial-ii-instrumentalny\/katedra-skrzypiec-i-altowki\/pracownicy-katedry\/dr-hab-oriana-masternak\/#primaryimage"},"thumbnailUrl":"https:\/\/www.amuz.krakow.pl\/wp-content\/uploads\/2024\/09\/Oriana-Masternak_miniatura-scaled.jpg","datePublished":"2016-02-16T21:25:40+00:00","dateModified":"2025-09-19T09:23:03+00:00","breadcrumb":{"@id":"https:\/\/www.amuz.krakow.pl\/wydzialy\/wydzial-ii-instrumentalny\/katedra-skrzypiec-i-altowki\/pracownicy-katedry\/dr-hab-oriana-masternak\/#breadcrumb"},"inLanguage":"en-US","potentialAction":[{"@type":"ReadAction","target":["https:\/\/www.amuz.krakow.pl\/wydzialy\/wydzial-ii-instrumentalny\/katedra-skrzypiec-i-altowki\/pracownicy-katedry\/dr-hab-oriana-masternak\/"]}]},{"@type":"ImageObject","inLanguage":"en-US","@id":"https:\/\/www.amuz.krakow.pl\/wydzialy\/wydzial-ii-instrumentalny\/katedra-skrzypiec-i-altowki\/pracownicy-katedry\/dr-hab-oriana-masternak\/#primaryimage","url":"https:\/\/www.amuz.krakow.pl\/wp-content\/uploads\/2024\/09\/Oriana-Masternak_miniatura-scaled.jpg","contentUrl":"https:\/\/www.amuz.krakow.pl\/wp-content\/uploads\/2024\/09\/Oriana-Masternak_miniatura-scaled.jpg","width":2048,"height":1024},{"@type":"BreadcrumbList","@id":"https:\/\/www.amuz.krakow.pl\/wydzialy\/wydzial-ii-instrumentalny\/katedra-skrzypiec-i-altowki\/pracownicy-katedry\/dr-hab-oriana-masternak\/#breadcrumb","itemListElement":[{"@type":"ListItem","position":1,"name":"Strona g\u0142\u00f3wna","item":"https:\/\/www.amuz.krakow.pl\/"},{"@type":"ListItem","position":2,"name":"WYDZIA\u0141Y","item":"https:\/\/www.amuz.krakow.pl\/wydzialy\/"},{"@type":"ListItem","position":3,"name":"Wydzia\u0142 Instrumentalny","item":"https:\/\/www.amuz.krakow.pl\/wydzialy\/wydzial-ii-instrumentalny\/"},{"@type":"ListItem","position":4,"name":"Katedra Skrzypiec i Alt\u00f3wki","item":"https:\/\/www.amuz.krakow.pl\/wydzialy\/wydzial-ii-instrumentalny\/katedra-skrzypiec-i-altowki\/"},{"@type":"ListItem","position":5,"name":"Pracownicy Katedry","item":"https:\/\/www.amuz.krakow.pl\/wydzialy\/wydzial-ii-instrumentalny\/katedra-skrzypiec-i-altowki\/pracownicy-katedry\/"},{"@type":"ListItem","position":6,"name":"prof. dr hab. Oriana Masternak &#8211; Kierownik Katedry"}]},{"@type":"WebSite","@id":"https:\/\/www.amuz.krakow.pl\/#website","url":"https:\/\/www.amuz.krakow.pl\/","name":"Akademia Muzyczna im. Krzysztofa Pendereckiego w Krakowie","description":"Oficjalna strona Akademii Muzycznej im. Krzysztofa Pendereckiego w Krakowie (AMKP).","publisher":{"@id":"https:\/\/www.amuz.krakow.pl\/#organization"},"alternateName":"AMKP","potentialAction":[{"@type":"SearchAction","target":{"@type":"EntryPoint","urlTemplate":"https:\/\/www.amuz.krakow.pl\/?s={search_term_string}"},"query-input":{"@type":"PropertyValueSpecification","valueRequired":true,"valueName":"search_term_string"}}],"inLanguage":"en-US"},{"@type":"Organization","@id":"https:\/\/www.amuz.krakow.pl\/#organization","name":"Akademia Muzyczna im. Krzysztofa Pendereckiego w Krakowie","alternateName":"AMKP","url":"https:\/\/www.amuz.krakow.pl\/","logo":{"@type":"ImageObject","inLanguage":"en-US","@id":"https:\/\/www.amuz.krakow.pl\/#\/schema\/logo\/image\/","url":"https:\/\/www.amuz.krakow.pl\/wp-content\/uploads\/2021\/11\/amkp.jpg","contentUrl":"https:\/\/www.amuz.krakow.pl\/wp-content\/uploads\/2021\/11\/amkp.jpg","width":1193,"height":591,"caption":"Akademia Muzyczna im. Krzysztofa Pendereckiego w Krakowie"},"image":{"@id":"https:\/\/www.amuz.krakow.pl\/#\/schema\/logo\/image\/"},"sameAs":["https:\/\/www.facebook.com\/amuz.krakow","https:\/\/www.instagram.com\/amkpenderecki\/","https:\/\/www.youtube.com\/@amkpenderecki4806"]}]}},"_links":{"self":[{"href":"https:\/\/www.amuz.krakow.pl\/en\/wp-json\/wp\/v2\/pages\/2083","targetHints":{"allow":["GET"]}}],"collection":[{"href":"https:\/\/www.amuz.krakow.pl\/en\/wp-json\/wp\/v2\/pages"}],"about":[{"href":"https:\/\/www.amuz.krakow.pl\/en\/wp-json\/wp\/v2\/types\/page"}],"author":[{"embeddable":true,"href":"https:\/\/www.amuz.krakow.pl\/en\/wp-json\/wp\/v2\/users\/72"}],"replies":[{"embeddable":true,"href":"https:\/\/www.amuz.krakow.pl\/en\/wp-json\/wp\/v2\/comments?post=2083"}],"version-history":[{"count":15,"href":"https:\/\/www.amuz.krakow.pl\/en\/wp-json\/wp\/v2\/pages\/2083\/revisions"}],"predecessor-version":[{"id":107123,"href":"https:\/\/www.amuz.krakow.pl\/en\/wp-json\/wp\/v2\/pages\/2083\/revisions\/107123"}],"up":[{"embeddable":true,"href":"https:\/\/www.amuz.krakow.pl\/en\/wp-json\/wp\/v2\/pages\/2009"}],"wp:featuredmedia":[{"embeddable":true,"href":"https:\/\/www.amuz.krakow.pl\/en\/wp-json\/wp\/v2\/media\/89932"}],"wp:attachment":[{"href":"https:\/\/www.amuz.krakow.pl\/en\/wp-json\/wp\/v2\/media?parent=2083"}],"curies":[{"name":"wp","href":"https:\/\/api.w.org\/{rel}","templated":true}]}}