{"id":2066,"date":"2016-02-16T22:17:49","date_gmt":"2016-02-16T21:17:49","guid":{"rendered":"http:\/\/strony.amuz.krakow.pl\/?page_id=2066"},"modified":"2024-09-30T10:20:54","modified_gmt":"2024-09-30T08:20:54","slug":"dr-hab-aneta-dumanowska","status":"publish","type":"page","link":"https:\/\/www.amuz.krakow.pl\/en\/wydzialy\/wydzial-ii-instrumentalny\/katedra-skrzypiec-i-altowki\/pracownicy-katedry\/dr-hab-aneta-dumanowska\/","title":{"rendered":"dr hab. Aneta Dumanowska, prof. AMKP"},"content":{"rendered":"<p><figure id=\"attachment_35957\" aria-describedby=\"caption-attachment-35957\" style=\"width: 199px\" class=\"wp-caption alignleft\"><a href=\"https:\/\/www.amuz.krakow.pl\/wp-content\/uploads\/2020\/02\/Aneta-Dumanowska-archiwum-artystki-scaled.jpg\"><img loading=\"lazy\" decoding=\"async\" class=\"wp-image-35957 size-medium\" src=\"https:\/\/www.amuz.krakow.pl\/wp-content\/uploads\/2020\/02\/Aneta-Dumanowska-archiwum-artystki-199x300.jpg\" alt=\"\" width=\"199\" height=\"300\" srcset=\"https:\/\/www.amuz.krakow.pl\/wp-content\/uploads\/2020\/02\/Aneta-Dumanowska-archiwum-artystki-199x300.jpg 199w, https:\/\/www.amuz.krakow.pl\/wp-content\/uploads\/2020\/02\/Aneta-Dumanowska-archiwum-artystki-scaled.jpg 1357w, https:\/\/www.amuz.krakow.pl\/wp-content\/uploads\/2020\/02\/Aneta-Dumanowska-archiwum-artystki-768x1159.jpg 768w, https:\/\/www.amuz.krakow.pl\/wp-content\/uploads\/2020\/02\/Aneta-Dumanowska-archiwum-artystki-1017x1536.jpg 1017w\" sizes=\"auto, (max-width: 199px) 100vw, 199px\" \/><\/a><figcaption id=\"caption-attachment-35957\" class=\"wp-caption-text\">photo by Agata Pa\u0142ys-Suchorab<\/figcaption><\/figure><\/p>\n<p style=\"text-align: justify;\">Born in Krak\u00f3w. Between 1991 and 1996, she studied at the Academy of Music in Krak\u00f3w, in the violin class of professor Mieczys\u0142aw Szlezer. In 1996, she joined the viola class of professor Janusz Pisarski, and she graduated with distinction in 1999. Her artis tic practice includes numerous solo and chamber concerts. As a soloist, she performed with the Radio Symphony Orchestra in Krak\u00f3w, with the Symphony and Chamber Orchestras of the Music Academy in Krak\u00f3w, with Sinfonietta Cracovia and Capella Cracoviensis; also, at many festivals, including \u2018Music in the Old Krak\u00f3w\u2019 International Festival, International Festival of Contemporary Music Krak\u00f3w Composers&#8217; Days, Pablo Casals Festival in Prades (France) and Opera Rara. Since 2004 she has been the violist of the DAFO quartet.<\/p>\n<p style=\"text-align: justify;\">The artistic output of the ensemble includes numerous concerts in Poland and abroad, and its recordings were recognized with awards such as &#8216;Fryderyk&#8217; 2009 for the Speechless Song with the music by Pawe\u0142 Mykietyn, &#8216;Fryderyk&#8217; 2012 and the Gold Disc status for the CD\/DVD live recording of \u0141ukaszewski&#8217;s and Bembinow&#8217;s Carols and Pastorales, and &#8216;Supersonic Pizzicato&#8217; Luxembourg award for the album of Krzysztof Penderecki&#8217;s String Quartets, String Trio, Clarinet Quartet containing all the chamb er music of the composer, with the world premiere recording of the String Quartet No. 3. In 2012-2014 she played in a piano quartet with an outstanding violinist Kaja Danczowska, pianist Justyna Danczowska and cellist Bartosz Koziak, performing in the most important music centres throughout Poland.<\/p>\n<p style=\"text-align: justify;\">In the years 1997-2016 she was a member of the Sinfonietta Cracovia, the Orchestra of the Royal City of Krak\u00f3w. She collaborated also with the Cracow Philharmonic Orchestra, the Capella Cracoviensis, and the Sinfonia Varsovia. Between 2005-2012 she taught at the International Courses of Music Interpretation in Nowy S\u0105cz. She conducts viola workshops for children, teenagers and students. She is a lecturer at the Academy of Music in Krak\u00f3w where in 2013 she received her PhD, and in 2018, post doctoral degree at the Instrumental Music Department.<\/p>\n<p><a href=\"mailto:aneta.dumanowska@amuz.krakow.pl\">aneta.dumanowska@amuz.krakow.pl<\/a><\/p>","protected":false},"excerpt":{"rendered":"<p>Born in Krak\u00f3w. Between 1991 and 1996, she studied at the Academy of Music in Krak\u00f3w, in the violin class of professor Mieczys\u0142aw Szlezer. In 1996, she joined the viola&hellip; <a href=\"https:\/\/www.amuz.krakow.pl\/en\/wydzialy\/wydzial-ii-instrumentalny\/katedra-skrzypiec-i-altowki\/pracownicy-katedry\/dr-hab-aneta-dumanowska\/\">Continue reading<\/a><\/p>\n","protected":false},"author":72,"featured_media":70909,"parent":2009,"menu_order":80,"comment_status":"closed","ping_status":"closed","template":"","meta":{"footnotes":"","_links_to":"","_links_to_target":""},"class_list":["post-2066","page","type-page","status-publish","has-post-thumbnail","hentry"],"yoast_head":"<!-- This site is optimized with the Yoast SEO plugin v27.2 - https:\/\/yoast.com\/product\/yoast-seo-wordpress\/ -->\n<title>AMKP - Akademia Muzyczna im. Krzysztofa Pendereckiego w Krakowie<\/title>\n<meta name=\"robots\" content=\"index, follow, max-snippet:-1, max-image-preview:large, max-video-preview:-1\" \/>\n<link rel=\"canonical\" href=\"https:\/\/www.amuz.krakow.pl\/wydzialy\/wydzial-ii-instrumentalny\/katedra-skrzypiec-i-altowki\/pracownicy-katedry\/dr-hab-aneta-dumanowska\/\" \/>\n<meta property=\"og:locale\" content=\"en_US\" \/>\n<meta property=\"og:type\" content=\"article\" \/>\n<meta property=\"og:title\" content=\"AMKP - Akademia Muzyczna im. Krzysztofa Pendereckiego w Krakowie\" \/>\n<meta property=\"og:description\" content=\"Born in Krak\u00f3w. Between 1991 and 1996, she studied at the Academy of Music in Krak\u00f3w, in the violin class of professor Mieczys\u0142aw Szlezer. In 1996, she joined the viola&hellip; Continue reading\" \/>\n<meta property=\"og:url\" content=\"https:\/\/www.amuz.krakow.pl\/wydzialy\/wydzial-ii-instrumentalny\/katedra-skrzypiec-i-altowki\/pracownicy-katedry\/dr-hab-aneta-dumanowska\/\" \/>\n<meta property=\"og:site_name\" content=\"Akademia Muzyczna im. Krzysztofa Pendereckiego w Krakowie\" \/>\n<meta property=\"article:publisher\" content=\"https:\/\/www.facebook.com\/amuz.krakow\" \/>\n<meta property=\"article:modified_time\" content=\"2024-09-30T08:20:54+00:00\" \/>\n<meta property=\"og:image\" content=\"https:\/\/www.amuz.krakow.pl\/wp-content\/uploads\/2023\/02\/Aneta-Dumanowska-archiwum-artystki_fot.-Agata-Palys-Suchorab_kafelek.jpg\" \/>\n\t<meta property=\"og:image:width\" content=\"1788\" \/>\n\t<meta property=\"og:image:height\" content=\"1059\" \/>\n\t<meta property=\"og:image:type\" content=\"image\/jpeg\" \/>\n<meta name=\"twitter:card\" content=\"summary_large_image\" \/>\n<meta name=\"twitter:label1\" content=\"Est. reading time\" \/>\n\t<meta name=\"twitter:data1\" content=\"3 minutes\" \/>\n<script type=\"application\/ld+json\" class=\"yoast-schema-graph\">{\"@context\":\"https:\/\/schema.org\",\"@graph\":[{\"@type\":\"WebPage\",\"@id\":\"https:\/\/www.amuz.krakow.pl\/wydzialy\/wydzial-ii-instrumentalny\/katedra-skrzypiec-i-altowki\/pracownicy-katedry\/dr-hab-aneta-dumanowska\/\",\"url\":\"https:\/\/www.amuz.krakow.pl\/wydzialy\/wydzial-ii-instrumentalny\/katedra-skrzypiec-i-altowki\/pracownicy-katedry\/dr-hab-aneta-dumanowska\/\",\"name\":\"AMKP - Akademia Muzyczna im. Krzysztofa Pendereckiego w Krakowie\",\"isPartOf\":{\"@id\":\"https:\/\/www.amuz.krakow.pl\/#website\"},\"primaryImageOfPage\":{\"@id\":\"https:\/\/www.amuz.krakow.pl\/wydzialy\/wydzial-ii-instrumentalny\/katedra-skrzypiec-i-altowki\/pracownicy-katedry\/dr-hab-aneta-dumanowska\/#primaryimage\"},\"image\":{\"@id\":\"https:\/\/www.amuz.krakow.pl\/wydzialy\/wydzial-ii-instrumentalny\/katedra-skrzypiec-i-altowki\/pracownicy-katedry\/dr-hab-aneta-dumanowska\/#primaryimage\"},\"thumbnailUrl\":\"https:\/\/www.amuz.krakow.pl\/wp-content\/uploads\/2023\/02\/Aneta-Dumanowska-archiwum-artystki_fot.-Agata-Palys-Suchorab_kafelek.jpg\",\"datePublished\":\"2016-02-16T21:17:49+00:00\",\"dateModified\":\"2024-09-30T08:20:54+00:00\",\"breadcrumb\":{\"@id\":\"https:\/\/www.amuz.krakow.pl\/wydzialy\/wydzial-ii-instrumentalny\/katedra-skrzypiec-i-altowki\/pracownicy-katedry\/dr-hab-aneta-dumanowska\/#breadcrumb\"},\"inLanguage\":\"en-US\",\"potentialAction\":[{\"@type\":\"ReadAction\",\"target\":[\"https:\/\/www.amuz.krakow.pl\/wydzialy\/wydzial-ii-instrumentalny\/katedra-skrzypiec-i-altowki\/pracownicy-katedry\/dr-hab-aneta-dumanowska\/\"]}]},{\"@type\":\"ImageObject\",\"inLanguage\":\"en-US\",\"@id\":\"https:\/\/www.amuz.krakow.pl\/wydzialy\/wydzial-ii-instrumentalny\/katedra-skrzypiec-i-altowki\/pracownicy-katedry\/dr-hab-aneta-dumanowska\/#primaryimage\",\"url\":\"https:\/\/www.amuz.krakow.pl\/wp-content\/uploads\/2023\/02\/Aneta-Dumanowska-archiwum-artystki_fot.-Agata-Palys-Suchorab_kafelek.jpg\",\"contentUrl\":\"https:\/\/www.amuz.krakow.pl\/wp-content\/uploads\/2023\/02\/Aneta-Dumanowska-archiwum-artystki_fot.-Agata-Palys-Suchorab_kafelek.jpg\",\"width\":1788,\"height\":1059},{\"@type\":\"BreadcrumbList\",\"@id\":\"https:\/\/www.amuz.krakow.pl\/wydzialy\/wydzial-ii-instrumentalny\/katedra-skrzypiec-i-altowki\/pracownicy-katedry\/dr-hab-aneta-dumanowska\/#breadcrumb\",\"itemListElement\":[{\"@type\":\"ListItem\",\"position\":1,\"name\":\"Strona g\u0142\u00f3wna\",\"item\":\"https:\/\/www.amuz.krakow.pl\/\"},{\"@type\":\"ListItem\",\"position\":2,\"name\":\"WYDZIA\u0141Y\",\"item\":\"https:\/\/www.amuz.krakow.pl\/wydzialy\/\"},{\"@type\":\"ListItem\",\"position\":3,\"name\":\"Wydzia\u0142 Instrumentalny\",\"item\":\"https:\/\/www.amuz.krakow.pl\/wydzialy\/wydzial-ii-instrumentalny\/\"},{\"@type\":\"ListItem\",\"position\":4,\"name\":\"Katedra Skrzypiec i Alt\u00f3wki\",\"item\":\"https:\/\/www.amuz.krakow.pl\/wydzialy\/wydzial-ii-instrumentalny\/katedra-skrzypiec-i-altowki\/\"},{\"@type\":\"ListItem\",\"position\":5,\"name\":\"Pracownicy Katedry\",\"item\":\"https:\/\/www.amuz.krakow.pl\/wydzialy\/wydzial-ii-instrumentalny\/katedra-skrzypiec-i-altowki\/pracownicy-katedry\/\"},{\"@type\":\"ListItem\",\"position\":6,\"name\":\"dr hab. Aneta Dumanowska, prof. AMKP\"}]},{\"@type\":\"WebSite\",\"@id\":\"https:\/\/www.amuz.krakow.pl\/#website\",\"url\":\"https:\/\/www.amuz.krakow.pl\/\",\"name\":\"Akademia Muzyczna im. Krzysztofa Pendereckiego w Krakowie\",\"description\":\"Oficjalna strona Akademii Muzycznej im. Krzysztofa Pendereckiego w Krakowie (AMKP).\",\"publisher\":{\"@id\":\"https:\/\/www.amuz.krakow.pl\/#organization\"},\"alternateName\":\"AMKP\",\"potentialAction\":[{\"@type\":\"SearchAction\",\"target\":{\"@type\":\"EntryPoint\",\"urlTemplate\":\"https:\/\/www.amuz.krakow.pl\/?s={search_term_string}\"},\"query-input\":{\"@type\":\"PropertyValueSpecification\",\"valueRequired\":true,\"valueName\":\"search_term_string\"}}],\"inLanguage\":\"en-US\"},{\"@type\":\"Organization\",\"@id\":\"https:\/\/www.amuz.krakow.pl\/#organization\",\"name\":\"Akademia Muzyczna im. Krzysztofa Pendereckiego w Krakowie\",\"alternateName\":\"AMKP\",\"url\":\"https:\/\/www.amuz.krakow.pl\/\",\"logo\":{\"@type\":\"ImageObject\",\"inLanguage\":\"en-US\",\"@id\":\"https:\/\/www.amuz.krakow.pl\/#\/schema\/logo\/image\/\",\"url\":\"https:\/\/www.amuz.krakow.pl\/wp-content\/uploads\/2021\/11\/amkp.jpg\",\"contentUrl\":\"https:\/\/www.amuz.krakow.pl\/wp-content\/uploads\/2021\/11\/amkp.jpg\",\"width\":1193,\"height\":591,\"caption\":\"Akademia Muzyczna im. Krzysztofa Pendereckiego w Krakowie\"},\"image\":{\"@id\":\"https:\/\/www.amuz.krakow.pl\/#\/schema\/logo\/image\/\"},\"sameAs\":[\"https:\/\/www.facebook.com\/amuz.krakow\",\"https:\/\/www.instagram.com\/amkpenderecki\/\",\"https:\/\/www.youtube.com\/@amkpenderecki4806\"]}]}<\/script>\n<!-- \/ Yoast SEO plugin. -->","yoast_head_json":{"title":"AMKP - Akademia Muzyczna im. Krzysztofa Pendereckiego w Krakowie","robots":{"index":"index","follow":"follow","max-snippet":"max-snippet:-1","max-image-preview":"max-image-preview:large","max-video-preview":"max-video-preview:-1"},"canonical":"https:\/\/www.amuz.krakow.pl\/wydzialy\/wydzial-ii-instrumentalny\/katedra-skrzypiec-i-altowki\/pracownicy-katedry\/dr-hab-aneta-dumanowska\/","og_locale":"en_US","og_type":"article","og_title":"AMKP - Akademia Muzyczna im. Krzysztofa Pendereckiego w Krakowie","og_description":"Born in Krak\u00f3w. Between 1991 and 1996, she studied at the Academy of Music in Krak\u00f3w, in the violin class of professor Mieczys\u0142aw Szlezer. In 1996, she joined the viola&hellip; Continue reading","og_url":"https:\/\/www.amuz.krakow.pl\/wydzialy\/wydzial-ii-instrumentalny\/katedra-skrzypiec-i-altowki\/pracownicy-katedry\/dr-hab-aneta-dumanowska\/","og_site_name":"Akademia Muzyczna im. Krzysztofa Pendereckiego w Krakowie","article_publisher":"https:\/\/www.facebook.com\/amuz.krakow","article_modified_time":"2024-09-30T08:20:54+00:00","og_image":[{"width":1788,"height":1059,"url":"https:\/\/www.amuz.krakow.pl\/wp-content\/uploads\/2023\/02\/Aneta-Dumanowska-archiwum-artystki_fot.-Agata-Palys-Suchorab_kafelek.jpg","type":"image\/jpeg"}],"twitter_card":"summary_large_image","twitter_misc":{"Est. reading time":"3 minutes"},"schema":{"@context":"https:\/\/schema.org","@graph":[{"@type":"WebPage","@id":"https:\/\/www.amuz.krakow.pl\/wydzialy\/wydzial-ii-instrumentalny\/katedra-skrzypiec-i-altowki\/pracownicy-katedry\/dr-hab-aneta-dumanowska\/","url":"https:\/\/www.amuz.krakow.pl\/wydzialy\/wydzial-ii-instrumentalny\/katedra-skrzypiec-i-altowki\/pracownicy-katedry\/dr-hab-aneta-dumanowska\/","name":"AMKP - Akademia Muzyczna im. Krzysztofa Pendereckiego w Krakowie","isPartOf":{"@id":"https:\/\/www.amuz.krakow.pl\/#website"},"primaryImageOfPage":{"@id":"https:\/\/www.amuz.krakow.pl\/wydzialy\/wydzial-ii-instrumentalny\/katedra-skrzypiec-i-altowki\/pracownicy-katedry\/dr-hab-aneta-dumanowska\/#primaryimage"},"image":{"@id":"https:\/\/www.amuz.krakow.pl\/wydzialy\/wydzial-ii-instrumentalny\/katedra-skrzypiec-i-altowki\/pracownicy-katedry\/dr-hab-aneta-dumanowska\/#primaryimage"},"thumbnailUrl":"https:\/\/www.amuz.krakow.pl\/wp-content\/uploads\/2023\/02\/Aneta-Dumanowska-archiwum-artystki_fot.-Agata-Palys-Suchorab_kafelek.jpg","datePublished":"2016-02-16T21:17:49+00:00","dateModified":"2024-09-30T08:20:54+00:00","breadcrumb":{"@id":"https:\/\/www.amuz.krakow.pl\/wydzialy\/wydzial-ii-instrumentalny\/katedra-skrzypiec-i-altowki\/pracownicy-katedry\/dr-hab-aneta-dumanowska\/#breadcrumb"},"inLanguage":"en-US","potentialAction":[{"@type":"ReadAction","target":["https:\/\/www.amuz.krakow.pl\/wydzialy\/wydzial-ii-instrumentalny\/katedra-skrzypiec-i-altowki\/pracownicy-katedry\/dr-hab-aneta-dumanowska\/"]}]},{"@type":"ImageObject","inLanguage":"en-US","@id":"https:\/\/www.amuz.krakow.pl\/wydzialy\/wydzial-ii-instrumentalny\/katedra-skrzypiec-i-altowki\/pracownicy-katedry\/dr-hab-aneta-dumanowska\/#primaryimage","url":"https:\/\/www.amuz.krakow.pl\/wp-content\/uploads\/2023\/02\/Aneta-Dumanowska-archiwum-artystki_fot.-Agata-Palys-Suchorab_kafelek.jpg","contentUrl":"https:\/\/www.amuz.krakow.pl\/wp-content\/uploads\/2023\/02\/Aneta-Dumanowska-archiwum-artystki_fot.-Agata-Palys-Suchorab_kafelek.jpg","width":1788,"height":1059},{"@type":"BreadcrumbList","@id":"https:\/\/www.amuz.krakow.pl\/wydzialy\/wydzial-ii-instrumentalny\/katedra-skrzypiec-i-altowki\/pracownicy-katedry\/dr-hab-aneta-dumanowska\/#breadcrumb","itemListElement":[{"@type":"ListItem","position":1,"name":"Strona g\u0142\u00f3wna","item":"https:\/\/www.amuz.krakow.pl\/"},{"@type":"ListItem","position":2,"name":"WYDZIA\u0141Y","item":"https:\/\/www.amuz.krakow.pl\/wydzialy\/"},{"@type":"ListItem","position":3,"name":"Wydzia\u0142 Instrumentalny","item":"https:\/\/www.amuz.krakow.pl\/wydzialy\/wydzial-ii-instrumentalny\/"},{"@type":"ListItem","position":4,"name":"Katedra Skrzypiec i Alt\u00f3wki","item":"https:\/\/www.amuz.krakow.pl\/wydzialy\/wydzial-ii-instrumentalny\/katedra-skrzypiec-i-altowki\/"},{"@type":"ListItem","position":5,"name":"Pracownicy Katedry","item":"https:\/\/www.amuz.krakow.pl\/wydzialy\/wydzial-ii-instrumentalny\/katedra-skrzypiec-i-altowki\/pracownicy-katedry\/"},{"@type":"ListItem","position":6,"name":"dr hab. Aneta Dumanowska, prof. AMKP"}]},{"@type":"WebSite","@id":"https:\/\/www.amuz.krakow.pl\/#website","url":"https:\/\/www.amuz.krakow.pl\/","name":"Akademia Muzyczna im. Krzysztofa Pendereckiego w Krakowie","description":"Oficjalna strona Akademii Muzycznej im. Krzysztofa Pendereckiego w Krakowie (AMKP).","publisher":{"@id":"https:\/\/www.amuz.krakow.pl\/#organization"},"alternateName":"AMKP","potentialAction":[{"@type":"SearchAction","target":{"@type":"EntryPoint","urlTemplate":"https:\/\/www.amuz.krakow.pl\/?s={search_term_string}"},"query-input":{"@type":"PropertyValueSpecification","valueRequired":true,"valueName":"search_term_string"}}],"inLanguage":"en-US"},{"@type":"Organization","@id":"https:\/\/www.amuz.krakow.pl\/#organization","name":"Akademia Muzyczna im. Krzysztofa Pendereckiego w Krakowie","alternateName":"AMKP","url":"https:\/\/www.amuz.krakow.pl\/","logo":{"@type":"ImageObject","inLanguage":"en-US","@id":"https:\/\/www.amuz.krakow.pl\/#\/schema\/logo\/image\/","url":"https:\/\/www.amuz.krakow.pl\/wp-content\/uploads\/2021\/11\/amkp.jpg","contentUrl":"https:\/\/www.amuz.krakow.pl\/wp-content\/uploads\/2021\/11\/amkp.jpg","width":1193,"height":591,"caption":"Akademia Muzyczna im. Krzysztofa Pendereckiego w Krakowie"},"image":{"@id":"https:\/\/www.amuz.krakow.pl\/#\/schema\/logo\/image\/"},"sameAs":["https:\/\/www.facebook.com\/amuz.krakow","https:\/\/www.instagram.com\/amkpenderecki\/","https:\/\/www.youtube.com\/@amkpenderecki4806"]}]}},"_links":{"self":[{"href":"https:\/\/www.amuz.krakow.pl\/en\/wp-json\/wp\/v2\/pages\/2066","targetHints":{"allow":["GET"]}}],"collection":[{"href":"https:\/\/www.amuz.krakow.pl\/en\/wp-json\/wp\/v2\/pages"}],"about":[{"href":"https:\/\/www.amuz.krakow.pl\/en\/wp-json\/wp\/v2\/types\/page"}],"author":[{"embeddable":true,"href":"https:\/\/www.amuz.krakow.pl\/en\/wp-json\/wp\/v2\/users\/72"}],"replies":[{"embeddable":true,"href":"https:\/\/www.amuz.krakow.pl\/en\/wp-json\/wp\/v2\/comments?post=2066"}],"version-history":[{"count":9,"href":"https:\/\/www.amuz.krakow.pl\/en\/wp-json\/wp\/v2\/pages\/2066\/revisions"}],"predecessor-version":[{"id":90254,"href":"https:\/\/www.amuz.krakow.pl\/en\/wp-json\/wp\/v2\/pages\/2066\/revisions\/90254"}],"up":[{"embeddable":true,"href":"https:\/\/www.amuz.krakow.pl\/en\/wp-json\/wp\/v2\/pages\/2009"}],"wp:featuredmedia":[{"embeddable":true,"href":"https:\/\/www.amuz.krakow.pl\/en\/wp-json\/wp\/v2\/media\/70909"}],"wp:attachment":[{"href":"https:\/\/www.amuz.krakow.pl\/en\/wp-json\/wp\/v2\/media?parent=2066"}],"curies":[{"name":"wp","href":"https:\/\/api.w.org\/{rel}","templated":true}]}}