{"id":2057,"date":"2016-02-16T22:13:48","date_gmt":"2016-02-16T21:13:48","guid":{"rendered":"http:\/\/strony.amuz.krakow.pl\/?page_id=2057"},"modified":"2024-09-11T15:18:17","modified_gmt":"2024-09-11T13:18:17","slug":"prof-dr-hab-piotr-tarcholik","status":"publish","type":"page","link":"https:\/\/www.amuz.krakow.pl\/en\/wydzialy\/wydzial-ii-instrumentalny\/katedra-skrzypiec-i-altowki\/pracownicy-katedry\/prof-dr-hab-piotr-tarcholik\/","title":{"rendered":"prof. dr hab. Piotr Tarcholik"},"content":{"rendered":"<p><figure id=\"attachment_39232\" aria-describedby=\"caption-attachment-39232\" style=\"width: 193px\" class=\"wp-caption alignleft\"><a href=\"https:\/\/www.amuz.krakow.pl\/wydzialy\/wydzial-ii-instrumentalny\/katedra-skrzypiec-i-altowki\/pracownicy-katedry\/prof-dr-hab-piotr-tarcholik\/piotr-tarcholik-fot-piotr-syndoman\/\" rel=\"attachment wp-att-39232\"><img loading=\"lazy\" decoding=\"async\" class=\" wp-image-39232\" src=\"https:\/\/www.amuz.krakow.pl\/wp-content\/uploads\/2020\/06\/Piotr-Tarcholik-fot.-Piotr-Syndoman-200x300.jpg\" alt=\"\" width=\"193\" height=\"290\" srcset=\"https:\/\/www.amuz.krakow.pl\/wp-content\/uploads\/2020\/06\/Piotr-Tarcholik-fot.-Piotr-Syndoman-200x300.jpg 200w, https:\/\/www.amuz.krakow.pl\/wp-content\/uploads\/2020\/06\/Piotr-Tarcholik-fot.-Piotr-Syndoman-scaled.jpg 1365w, https:\/\/www.amuz.krakow.pl\/wp-content\/uploads\/2020\/06\/Piotr-Tarcholik-fot.-Piotr-Syndoman-768x1152.jpg 768w, https:\/\/www.amuz.krakow.pl\/wp-content\/uploads\/2020\/06\/Piotr-Tarcholik-fot.-Piotr-Syndoman-1024x1536.jpg 1024w\" sizes=\"auto, (max-width: 193px) 100vw, 193px\" \/><\/a><figcaption id=\"caption-attachment-39232\" class=\"wp-caption-text\">Photo by Piotr Syndoman<\/figcaption><\/figure><\/p>\n<p style=\"text-align: justify;\">PIOTR TARCHOLIK &#8211;\u00a0 studied with E. Szubra-Jargo\u0144, Grigori Zhislin and Wies\u0142aw Kwa\u015bny. In 1992 he won the Jeunesse Musicales competition in Weikersheim and the Mozart Competition in Cracow. Piotr Tarcholik cofounded and led the Sinfonietta Cracovia and was also a guest concertmaster of Radio Symphony Orchestra in Cracow. As a solist, he has performed solo concerts with such great orchestras as Sinfonia Varsovia, Polish Radio Symphony Orchestra Katowice, , Polish Chamber Orchestra, Capella Cracoviensis, Sinfonietta Cracovia and others.<br \/>\nDuring his career, Piotr Tarcholik has recorded for Naxos, Dux, CD Accord, Chandos Records and Virgin Classics. From 1998 to 2004 he was the concertmaster of Sinfonia Varsovia, where he got the unique experience of cooperating with such eminent musicians as Lord Yehudi Menuhin, K. Penderecki, S.Mintz, E. Krivin and J. Semkow. With the same orchestra, he performed also as a solist playing Bach&#8217;s, Vivaldi&#8217;s and Mozart&#8217;s concerts during festivals in Warsaw, Nantes, Bilbao, Brno and Bratislava.<br \/>\nThe season of 2002\/2003 brought he was the leader of Polish Chamber Orchestra when the ensemble participated in festivals in Germany, Austria, Switzerland and France.<br \/>\nSince 2004 Piotr Tarcholik has been the first concertmaster of National Polish Radio Symphony Orchestra in Katowice, he made recordings and public performances of Prokofieff\u2019s 2<sup>nd<\/sup> Concerto, Bruch Scotish Fantasy, Barber, Hartmann, Szymanowski and Stravinsky\u2019s Violin Concertos. He has played as a soloist quite with all symphonic orchestras in Poland.<br \/>\nPiotr Tarcholik is a professor at the Academy of Music in Cracow and is frequently invited to hold master classes all over Poland, Italy, Lithuania and Holland.<\/p>\n<p><a href=\"mailto:piotr.tarcholik@amuz.krakow.pl\">piotr.tarcholik@amuz.krakow.pl<\/a><\/p>","protected":false},"excerpt":{"rendered":"<p>PIOTR TARCHOLIK &#8211;\u00a0 studied with E. Szubra-Jargo\u0144, Grigori Zhislin and Wies\u0142aw Kwa\u015bny. In 1992 he won the Jeunesse Musicales competition in Weikersheim and the Mozart Competition in Cracow. Piotr Tarcholik&hellip; <a href=\"https:\/\/www.amuz.krakow.pl\/en\/wydzialy\/wydzial-ii-instrumentalny\/katedra-skrzypiec-i-altowki\/pracownicy-katedry\/prof-dr-hab-piotr-tarcholik\/\">Continue reading<\/a><\/p>\n","protected":false},"author":72,"featured_media":0,"parent":2009,"menu_order":57,"comment_status":"closed","ping_status":"closed","template":"","meta":{"footnotes":"","_links_to":"","_links_to_target":""},"class_list":["post-2057","page","type-page","status-publish","hentry"],"yoast_head":"<!-- This site is optimized with the Yoast SEO plugin v27.2 - https:\/\/yoast.com\/product\/yoast-seo-wordpress\/ -->\n<title>AMKP - Akademia Muzyczna im. Krzysztofa Pendereckiego w Krakowie<\/title>\n<meta name=\"robots\" content=\"index, follow, max-snippet:-1, max-image-preview:large, max-video-preview:-1\" \/>\n<link rel=\"canonical\" href=\"https:\/\/www.amuz.krakow.pl\/wydzialy\/wydzial-ii-instrumentalny\/katedra-skrzypiec-i-altowki\/pracownicy-katedry\/prof-dr-hab-piotr-tarcholik\/\" \/>\n<meta property=\"og:locale\" content=\"en_US\" \/>\n<meta property=\"og:type\" content=\"article\" \/>\n<meta property=\"og:title\" content=\"AMKP - Akademia Muzyczna im. Krzysztofa Pendereckiego w Krakowie\" \/>\n<meta property=\"og:description\" content=\"PIOTR TARCHOLIK &#8211;\u00a0 studied with E. Szubra-Jargo\u0144, Grigori Zhislin and Wies\u0142aw Kwa\u015bny. In 1992 he won the Jeunesse Musicales competition in Weikersheim and the Mozart Competition in Cracow. Piotr Tarcholik&hellip; Continue reading\" \/>\n<meta property=\"og:url\" content=\"https:\/\/www.amuz.krakow.pl\/wydzialy\/wydzial-ii-instrumentalny\/katedra-skrzypiec-i-altowki\/pracownicy-katedry\/prof-dr-hab-piotr-tarcholik\/\" \/>\n<meta property=\"og:site_name\" content=\"Akademia Muzyczna im. Krzysztofa Pendereckiego w Krakowie\" \/>\n<meta property=\"article:publisher\" content=\"https:\/\/www.facebook.com\/amuz.krakow\" \/>\n<meta property=\"article:modified_time\" content=\"2024-09-11T13:18:17+00:00\" \/>\n<meta property=\"og:image\" content=\"https:\/\/www.amuz.krakow.pl\/wp-content\/uploads\/2020\/06\/Piotr-Tarcholik-fot.-Piotr-Syndoman-200x300.jpg\" \/>\n<meta name=\"twitter:card\" content=\"summary_large_image\" \/>\n<meta name=\"twitter:label1\" content=\"Est. reading time\" \/>\n\t<meta name=\"twitter:data1\" content=\"2 minutes\" \/>\n<script type=\"application\/ld+json\" class=\"yoast-schema-graph\">{\"@context\":\"https:\/\/schema.org\",\"@graph\":[{\"@type\":\"WebPage\",\"@id\":\"https:\/\/www.amuz.krakow.pl\/wydzialy\/wydzial-ii-instrumentalny\/katedra-skrzypiec-i-altowki\/pracownicy-katedry\/prof-dr-hab-piotr-tarcholik\/\",\"url\":\"https:\/\/www.amuz.krakow.pl\/wydzialy\/wydzial-ii-instrumentalny\/katedra-skrzypiec-i-altowki\/pracownicy-katedry\/prof-dr-hab-piotr-tarcholik\/\",\"name\":\"AMKP - Akademia Muzyczna im. Krzysztofa Pendereckiego w Krakowie\",\"isPartOf\":{\"@id\":\"https:\/\/www.amuz.krakow.pl\/#website\"},\"primaryImageOfPage\":{\"@id\":\"https:\/\/www.amuz.krakow.pl\/wydzialy\/wydzial-ii-instrumentalny\/katedra-skrzypiec-i-altowki\/pracownicy-katedry\/prof-dr-hab-piotr-tarcholik\/#primaryimage\"},\"image\":{\"@id\":\"https:\/\/www.amuz.krakow.pl\/wydzialy\/wydzial-ii-instrumentalny\/katedra-skrzypiec-i-altowki\/pracownicy-katedry\/prof-dr-hab-piotr-tarcholik\/#primaryimage\"},\"thumbnailUrl\":\"https:\/\/www.amuz.krakow.pl\/wp-content\/uploads\/2020\/06\/Piotr-Tarcholik-fot.-Piotr-Syndoman-200x300.jpg\",\"datePublished\":\"2016-02-16T21:13:48+00:00\",\"dateModified\":\"2024-09-11T13:18:17+00:00\",\"breadcrumb\":{\"@id\":\"https:\/\/www.amuz.krakow.pl\/wydzialy\/wydzial-ii-instrumentalny\/katedra-skrzypiec-i-altowki\/pracownicy-katedry\/prof-dr-hab-piotr-tarcholik\/#breadcrumb\"},\"inLanguage\":\"en-US\",\"potentialAction\":[{\"@type\":\"ReadAction\",\"target\":[\"https:\/\/www.amuz.krakow.pl\/wydzialy\/wydzial-ii-instrumentalny\/katedra-skrzypiec-i-altowki\/pracownicy-katedry\/prof-dr-hab-piotr-tarcholik\/\"]}]},{\"@type\":\"ImageObject\",\"inLanguage\":\"en-US\",\"@id\":\"https:\/\/www.amuz.krakow.pl\/wydzialy\/wydzial-ii-instrumentalny\/katedra-skrzypiec-i-altowki\/pracownicy-katedry\/prof-dr-hab-piotr-tarcholik\/#primaryimage\",\"url\":\"https:\/\/www.amuz.krakow.pl\/wp-content\/uploads\/2020\/06\/Piotr-Tarcholik-fot.-Piotr-Syndoman-200x300.jpg\",\"contentUrl\":\"https:\/\/www.amuz.krakow.pl\/wp-content\/uploads\/2020\/06\/Piotr-Tarcholik-fot.-Piotr-Syndoman-200x300.jpg\"},{\"@type\":\"BreadcrumbList\",\"@id\":\"https:\/\/www.amuz.krakow.pl\/wydzialy\/wydzial-ii-instrumentalny\/katedra-skrzypiec-i-altowki\/pracownicy-katedry\/prof-dr-hab-piotr-tarcholik\/#breadcrumb\",\"itemListElement\":[{\"@type\":\"ListItem\",\"position\":1,\"name\":\"Strona g\u0142\u00f3wna\",\"item\":\"https:\/\/www.amuz.krakow.pl\/\"},{\"@type\":\"ListItem\",\"position\":2,\"name\":\"WYDZIA\u0141Y\",\"item\":\"https:\/\/www.amuz.krakow.pl\/wydzialy\/\"},{\"@type\":\"ListItem\",\"position\":3,\"name\":\"Wydzia\u0142 Instrumentalny\",\"item\":\"https:\/\/www.amuz.krakow.pl\/wydzialy\/wydzial-ii-instrumentalny\/\"},{\"@type\":\"ListItem\",\"position\":4,\"name\":\"Katedra Skrzypiec i Alt\u00f3wki\",\"item\":\"https:\/\/www.amuz.krakow.pl\/wydzialy\/wydzial-ii-instrumentalny\/katedra-skrzypiec-i-altowki\/\"},{\"@type\":\"ListItem\",\"position\":5,\"name\":\"Pracownicy Katedry\",\"item\":\"https:\/\/www.amuz.krakow.pl\/wydzialy\/wydzial-ii-instrumentalny\/katedra-skrzypiec-i-altowki\/pracownicy-katedry\/\"},{\"@type\":\"ListItem\",\"position\":6,\"name\":\"prof. dr hab. Piotr Tarcholik\"}]},{\"@type\":\"WebSite\",\"@id\":\"https:\/\/www.amuz.krakow.pl\/#website\",\"url\":\"https:\/\/www.amuz.krakow.pl\/\",\"name\":\"Akademia Muzyczna im. Krzysztofa Pendereckiego w Krakowie\",\"description\":\"Oficjalna strona Akademii Muzycznej im. Krzysztofa Pendereckiego w Krakowie (AMKP).\",\"publisher\":{\"@id\":\"https:\/\/www.amuz.krakow.pl\/#organization\"},\"alternateName\":\"AMKP\",\"potentialAction\":[{\"@type\":\"SearchAction\",\"target\":{\"@type\":\"EntryPoint\",\"urlTemplate\":\"https:\/\/www.amuz.krakow.pl\/?s={search_term_string}\"},\"query-input\":{\"@type\":\"PropertyValueSpecification\",\"valueRequired\":true,\"valueName\":\"search_term_string\"}}],\"inLanguage\":\"en-US\"},{\"@type\":\"Organization\",\"@id\":\"https:\/\/www.amuz.krakow.pl\/#organization\",\"name\":\"Akademia Muzyczna im. Krzysztofa Pendereckiego w Krakowie\",\"alternateName\":\"AMKP\",\"url\":\"https:\/\/www.amuz.krakow.pl\/\",\"logo\":{\"@type\":\"ImageObject\",\"inLanguage\":\"en-US\",\"@id\":\"https:\/\/www.amuz.krakow.pl\/#\/schema\/logo\/image\/\",\"url\":\"https:\/\/www.amuz.krakow.pl\/wp-content\/uploads\/2021\/11\/amkp.jpg\",\"contentUrl\":\"https:\/\/www.amuz.krakow.pl\/wp-content\/uploads\/2021\/11\/amkp.jpg\",\"width\":1193,\"height\":591,\"caption\":\"Akademia Muzyczna im. Krzysztofa Pendereckiego w Krakowie\"},\"image\":{\"@id\":\"https:\/\/www.amuz.krakow.pl\/#\/schema\/logo\/image\/\"},\"sameAs\":[\"https:\/\/www.facebook.com\/amuz.krakow\",\"https:\/\/www.instagram.com\/amkpenderecki\/\",\"https:\/\/www.youtube.com\/@amkpenderecki4806\"]}]}<\/script>\n<!-- \/ Yoast SEO plugin. -->","yoast_head_json":{"title":"AMKP - Akademia Muzyczna im. Krzysztofa Pendereckiego w Krakowie","robots":{"index":"index","follow":"follow","max-snippet":"max-snippet:-1","max-image-preview":"max-image-preview:large","max-video-preview":"max-video-preview:-1"},"canonical":"https:\/\/www.amuz.krakow.pl\/wydzialy\/wydzial-ii-instrumentalny\/katedra-skrzypiec-i-altowki\/pracownicy-katedry\/prof-dr-hab-piotr-tarcholik\/","og_locale":"en_US","og_type":"article","og_title":"AMKP - Akademia Muzyczna im. Krzysztofa Pendereckiego w Krakowie","og_description":"PIOTR TARCHOLIK &#8211;\u00a0 studied with E. Szubra-Jargo\u0144, Grigori Zhislin and Wies\u0142aw Kwa\u015bny. In 1992 he won the Jeunesse Musicales competition in Weikersheim and the Mozart Competition in Cracow. Piotr Tarcholik&hellip; Continue reading","og_url":"https:\/\/www.amuz.krakow.pl\/wydzialy\/wydzial-ii-instrumentalny\/katedra-skrzypiec-i-altowki\/pracownicy-katedry\/prof-dr-hab-piotr-tarcholik\/","og_site_name":"Akademia Muzyczna im. Krzysztofa Pendereckiego w Krakowie","article_publisher":"https:\/\/www.facebook.com\/amuz.krakow","article_modified_time":"2024-09-11T13:18:17+00:00","og_image":[{"url":"https:\/\/www.amuz.krakow.pl\/wp-content\/uploads\/2020\/06\/Piotr-Tarcholik-fot.-Piotr-Syndoman-200x300.jpg","type":"","width":"","height":""}],"twitter_card":"summary_large_image","twitter_misc":{"Est. reading time":"2 minutes"},"schema":{"@context":"https:\/\/schema.org","@graph":[{"@type":"WebPage","@id":"https:\/\/www.amuz.krakow.pl\/wydzialy\/wydzial-ii-instrumentalny\/katedra-skrzypiec-i-altowki\/pracownicy-katedry\/prof-dr-hab-piotr-tarcholik\/","url":"https:\/\/www.amuz.krakow.pl\/wydzialy\/wydzial-ii-instrumentalny\/katedra-skrzypiec-i-altowki\/pracownicy-katedry\/prof-dr-hab-piotr-tarcholik\/","name":"AMKP - Akademia Muzyczna im. Krzysztofa Pendereckiego w Krakowie","isPartOf":{"@id":"https:\/\/www.amuz.krakow.pl\/#website"},"primaryImageOfPage":{"@id":"https:\/\/www.amuz.krakow.pl\/wydzialy\/wydzial-ii-instrumentalny\/katedra-skrzypiec-i-altowki\/pracownicy-katedry\/prof-dr-hab-piotr-tarcholik\/#primaryimage"},"image":{"@id":"https:\/\/www.amuz.krakow.pl\/wydzialy\/wydzial-ii-instrumentalny\/katedra-skrzypiec-i-altowki\/pracownicy-katedry\/prof-dr-hab-piotr-tarcholik\/#primaryimage"},"thumbnailUrl":"https:\/\/www.amuz.krakow.pl\/wp-content\/uploads\/2020\/06\/Piotr-Tarcholik-fot.-Piotr-Syndoman-200x300.jpg","datePublished":"2016-02-16T21:13:48+00:00","dateModified":"2024-09-11T13:18:17+00:00","breadcrumb":{"@id":"https:\/\/www.amuz.krakow.pl\/wydzialy\/wydzial-ii-instrumentalny\/katedra-skrzypiec-i-altowki\/pracownicy-katedry\/prof-dr-hab-piotr-tarcholik\/#breadcrumb"},"inLanguage":"en-US","potentialAction":[{"@type":"ReadAction","target":["https:\/\/www.amuz.krakow.pl\/wydzialy\/wydzial-ii-instrumentalny\/katedra-skrzypiec-i-altowki\/pracownicy-katedry\/prof-dr-hab-piotr-tarcholik\/"]}]},{"@type":"ImageObject","inLanguage":"en-US","@id":"https:\/\/www.amuz.krakow.pl\/wydzialy\/wydzial-ii-instrumentalny\/katedra-skrzypiec-i-altowki\/pracownicy-katedry\/prof-dr-hab-piotr-tarcholik\/#primaryimage","url":"https:\/\/www.amuz.krakow.pl\/wp-content\/uploads\/2020\/06\/Piotr-Tarcholik-fot.-Piotr-Syndoman-200x300.jpg","contentUrl":"https:\/\/www.amuz.krakow.pl\/wp-content\/uploads\/2020\/06\/Piotr-Tarcholik-fot.-Piotr-Syndoman-200x300.jpg"},{"@type":"BreadcrumbList","@id":"https:\/\/www.amuz.krakow.pl\/wydzialy\/wydzial-ii-instrumentalny\/katedra-skrzypiec-i-altowki\/pracownicy-katedry\/prof-dr-hab-piotr-tarcholik\/#breadcrumb","itemListElement":[{"@type":"ListItem","position":1,"name":"Strona g\u0142\u00f3wna","item":"https:\/\/www.amuz.krakow.pl\/"},{"@type":"ListItem","position":2,"name":"WYDZIA\u0141Y","item":"https:\/\/www.amuz.krakow.pl\/wydzialy\/"},{"@type":"ListItem","position":3,"name":"Wydzia\u0142 Instrumentalny","item":"https:\/\/www.amuz.krakow.pl\/wydzialy\/wydzial-ii-instrumentalny\/"},{"@type":"ListItem","position":4,"name":"Katedra Skrzypiec i Alt\u00f3wki","item":"https:\/\/www.amuz.krakow.pl\/wydzialy\/wydzial-ii-instrumentalny\/katedra-skrzypiec-i-altowki\/"},{"@type":"ListItem","position":5,"name":"Pracownicy Katedry","item":"https:\/\/www.amuz.krakow.pl\/wydzialy\/wydzial-ii-instrumentalny\/katedra-skrzypiec-i-altowki\/pracownicy-katedry\/"},{"@type":"ListItem","position":6,"name":"prof. dr hab. Piotr Tarcholik"}]},{"@type":"WebSite","@id":"https:\/\/www.amuz.krakow.pl\/#website","url":"https:\/\/www.amuz.krakow.pl\/","name":"Akademia Muzyczna im. Krzysztofa Pendereckiego w Krakowie","description":"Oficjalna strona Akademii Muzycznej im. Krzysztofa Pendereckiego w Krakowie (AMKP).","publisher":{"@id":"https:\/\/www.amuz.krakow.pl\/#organization"},"alternateName":"AMKP","potentialAction":[{"@type":"SearchAction","target":{"@type":"EntryPoint","urlTemplate":"https:\/\/www.amuz.krakow.pl\/?s={search_term_string}"},"query-input":{"@type":"PropertyValueSpecification","valueRequired":true,"valueName":"search_term_string"}}],"inLanguage":"en-US"},{"@type":"Organization","@id":"https:\/\/www.amuz.krakow.pl\/#organization","name":"Akademia Muzyczna im. Krzysztofa Pendereckiego w Krakowie","alternateName":"AMKP","url":"https:\/\/www.amuz.krakow.pl\/","logo":{"@type":"ImageObject","inLanguage":"en-US","@id":"https:\/\/www.amuz.krakow.pl\/#\/schema\/logo\/image\/","url":"https:\/\/www.amuz.krakow.pl\/wp-content\/uploads\/2021\/11\/amkp.jpg","contentUrl":"https:\/\/www.amuz.krakow.pl\/wp-content\/uploads\/2021\/11\/amkp.jpg","width":1193,"height":591,"caption":"Akademia Muzyczna im. Krzysztofa Pendereckiego w Krakowie"},"image":{"@id":"https:\/\/www.amuz.krakow.pl\/#\/schema\/logo\/image\/"},"sameAs":["https:\/\/www.facebook.com\/amuz.krakow","https:\/\/www.instagram.com\/amkpenderecki\/","https:\/\/www.youtube.com\/@amkpenderecki4806"]}]}},"_links":{"self":[{"href":"https:\/\/www.amuz.krakow.pl\/en\/wp-json\/wp\/v2\/pages\/2057","targetHints":{"allow":["GET"]}}],"collection":[{"href":"https:\/\/www.amuz.krakow.pl\/en\/wp-json\/wp\/v2\/pages"}],"about":[{"href":"https:\/\/www.amuz.krakow.pl\/en\/wp-json\/wp\/v2\/types\/page"}],"author":[{"embeddable":true,"href":"https:\/\/www.amuz.krakow.pl\/en\/wp-json\/wp\/v2\/users\/72"}],"replies":[{"embeddable":true,"href":"https:\/\/www.amuz.krakow.pl\/en\/wp-json\/wp\/v2\/comments?post=2057"}],"version-history":[{"count":13,"href":"https:\/\/www.amuz.krakow.pl\/en\/wp-json\/wp\/v2\/pages\/2057\/revisions"}],"predecessor-version":[{"id":89816,"href":"https:\/\/www.amuz.krakow.pl\/en\/wp-json\/wp\/v2\/pages\/2057\/revisions\/89816"}],"up":[{"embeddable":true,"href":"https:\/\/www.amuz.krakow.pl\/en\/wp-json\/wp\/v2\/pages\/2009"}],"wp:attachment":[{"href":"https:\/\/www.amuz.krakow.pl\/en\/wp-json\/wp\/v2\/media?parent=2057"}],"curies":[{"name":"wp","href":"https:\/\/api.w.org\/{rel}","templated":true}]}}