{"id":2037,"date":"2016-02-16T22:04:56","date_gmt":"2016-02-16T21:04:56","guid":{"rendered":"http:\/\/strony.amuz.krakow.pl\/?page_id=2037"},"modified":"2021-10-27T22:31:06","modified_gmt":"2021-10-27T20:31:06","slug":"prof-magdalena-szczepanowska","status":"publish","type":"page","link":"https:\/\/www.amuz.krakow.pl\/en\/wydzialy\/wydzial-ii-instrumentalny\/katedra-skrzypiec-i-altowki\/pracownicy-katedry\/prof-magdalena-szczepanowska\/","title":{"rendered":"prof. dr hab. Magdalena Szczepanowska"},"content":{"rendered":"<p><figure id=\"attachment_46995\" aria-describedby=\"caption-attachment-46995\" style=\"width: 217px\" class=\"wp-caption alignleft\"><a href=\"https:\/\/www.amuz.krakow.pl\/wydzialy\/wydzial-ii-instrumentalny\/katedra-skrzypiec-i-altowki\/pracownicy-katedry\/prof-magdalena-szczepanowska\/magdalena-szczepanowska_fot-natalia-reichert\/\" rel=\"attachment wp-att-46995\"><img loading=\"lazy\" decoding=\"async\" class=\"size-medium wp-image-46995\" src=\"https:\/\/www.amuz.krakow.pl\/wp-content\/uploads\/2021\/02\/Magdalena-Szczepanowska_fot.-Natalia-Reichert-217x300.jpg\" alt=\"\" width=\"217\" height=\"300\" srcset=\"https:\/\/www.amuz.krakow.pl\/wp-content\/uploads\/2021\/02\/Magdalena-Szczepanowska_fot.-Natalia-Reichert-217x300.jpg 217w, https:\/\/www.amuz.krakow.pl\/wp-content\/uploads\/2021\/02\/Magdalena-Szczepanowska_fot.-Natalia-Reichert-scaled.jpg 1482w, https:\/\/www.amuz.krakow.pl\/wp-content\/uploads\/2021\/02\/Magdalena-Szczepanowska_fot.-Natalia-Reichert-768x1061.jpg 768w, https:\/\/www.amuz.krakow.pl\/wp-content\/uploads\/2021\/02\/Magdalena-Szczepanowska_fot.-Natalia-Reichert-1112x1536.jpg 1112w\" sizes=\"auto, (max-width: 217px) 100vw, 217px\" \/><\/a><figcaption id=\"caption-attachment-46995\" class=\"wp-caption-text\">photo by Natalia Reichert<\/figcaption><\/figure><\/p>\n<p style=\"text-align: justify;\">Mag\u00addalena Szczepanowska was born in War\u00adsaw in a fam\u00adily of musi\u00adcians. Her father was her first vio\u00adlin teacher. She con\u00adtin\u00adued her stud\u00adies under Jan\u00adina Jarz\u0119b\u00adska, Tadeusz Wro\u0144ski and then Pro\u00adfes\u00adsor Wro\u0144ski\u2019s for\u00admer stu\u00addents, Stanis\u0142aw Kawalla and Mag\u00addalena Rezler, and grad\u00adu\u00adated with hon\u00adours from the Acad\u00ademy of Music in War\u00adsaw. She also worked under Oleg Krysa and Andr\u00e9 Gertler dur\u00ading mas\u00adter courses in inter\u00adpre\u00adta\u00adtion in Weimar. She is a prize-winner of several vio\u00adlin and cham\u00adber music com\u00adpe\u00adti\u00adtions in Poland and abroad, e.g., in Lublin (The Young Vio\u00adlin\u00adists Com\u00adpe\u00adti\u00adtion), Cra\u00adcow (The Con\u00adtem\u00adpo\u00adrary Music Com\u00adpe\u00adti\u00adtion), Gorizia (The Lip\u00adizer Com\u00adpe\u00adti\u00adtion \u2013 special prizes), and Bres\u00adcia (Citt\u00e0 di Brescia).<br \/>\nShe per\u00adforms as a cham\u00adber musi\u00adcian in Poland and abroad. She was a co-founder of a string quar\u00adtet which in the period of 1986\u20132004 gave con\u00adcert with the soprano singer Ste\u00adfa\u00adnia Woy\u00adtow\u00adicz. She coop\u00ader\u00adated with the National Phil\u00adhar\u00admonic Cham\u00adber Ensem\u00adble under Karol Teutsch, the War\u00adsaw Cham\u00adber Opera (recitals, cham\u00adber con\u00adcerts), The War\u00adsaw Music Soci\u00adety and the Pol\u00adish Com\u00adposers\u2019 Asso\u00adci\u00ada\u00adtion. As rep\u00adre\u00adsen\u00adta\u00adtive of the Min\u00adistry of Cul\u00adture she has rep\u00adre\u00adsented Pol\u00adish vio\u00adlin and cham\u00adber music at many con\u00adcerts and fes\u00adti\u00advals abroad.<br \/>\nFor a num\u00adber of years she has been coop\u00ader\u00adat\u00ading with cel\u00adlist Piotr Hausen\u00adplas in a string duo called OTTOCORDE.\u00a0 She per\u00adforms with \u00a0Grze\u00adgorz Gor\u00adczyca, Uki Ovaskainen and Lech Napier\u00ada\u0142a (pianists) Together with Bogu\u00admi\u0142a Gizbert-Studnicka (harp\u00adsi\u00adchord) and Natalia Reichert (viola) she has per\u00adformed in <em>Ensem\u00adble St. Stanis\u00adlas<\/em> since\u00a02009.<br \/>\nMag\u00addalena Szczepanowska is pro\u00adfes\u00adsor of the vio\u00adlin class at the Depart\u00adment of Instru\u00admen\u00adtal Stud\u00adies of the Fry\u00adderyk Chopin Uni\u00adver\u00adsity of Music in War\u00adsaw where she was offered the posi\u00adtion of assis\u00adtant when she was still a stu\u00addent. Since Jan\u00adu\u00adary 2012 she has also been pro\u00adfes\u00adsor at the Acad\u00ademy of Music in Cracow.<br \/>\nShe also teaches the vio\u00adlin and cham\u00adber music at the State Music School Com\u00adplex in War\u00adsaw, Miodowa Street. Her for\u00admer stu\u00addents have won top prizes at many com\u00adpe\u00adti\u00adtions in Poland and abroad.<br \/>\nFrom 1996 on pro\u00adfes\u00adsor Mag\u00addalena Szczepanowska has also taught at sum\u00admer and win\u00adter mas\u00adter courses: in Poland (\u0141a\u0144cut, Nowy S\u0105cz, Ba\u0142oszyce, Kudowa Zdr\u00f3j, Ko\u0142o\u00adbrzeg, Na\u0142\u0119cz\u00f3w) and Slovakia \u2013 <em>Schola Arvenzis<\/em> in Doln\u00fd Kub\u00edn. She is invited to give lec\u00adtures, work\u00adshops and con\u00adsul\u00adta\u00adtions for music school teach\u00aders from dif\u00adfer\u00adent Pol\u00adish cities.<br \/>\nShe also runs edi\u00adto\u00adr\u00adial activ\u00adity, she is an author of the edi\u00adtion of Georg Philipp Telemann\u2019s <em>Fan\u00adtasies for Solo Vio\u00adlin<\/em> and a pub\u00adli\u00adca\u00adtion enti\u00adtled <em>Scales, Pas\u00adsages and Dou\u00adble Stops for Vio\u00adlin<\/em>; the last work was edi\u00adtion of vio\u00adlin and piano pieces by Emil M\u0142y\u00adnarski, together with Lech Napiera\u0142a.<br \/>\nMag\u00addalena Szczepanowska has sat on the juries of many vio\u00adlin and cham\u00adber com\u00adpe\u00adti\u00adtions, among others <em>International Tadeusz Wro\u0144ski Solo Violin Competition<\/em>, <em>Talents for Europe<\/em>, <em>Concorso Internationale di Violino Premio Rodolfo Lipizer<\/em>, <em>International Jeunesses Musicales Competition<\/em>. She holds the func\u00adtions of Con\u00adsul\u00adtant at the Artis\u00adtic Edu\u00adca\u00adtion Cen\u00adtre and Expert for Pro\u00adfes\u00adsional Advancement.<br \/>\nFor her teach\u00ading activ\u00adity she has received awards such\u00a0as: Badge \u201cFor Mer\u00adits as a Cul\u00adture Activist\u201d, Medal <em>Glo\u00adria Artis<\/em>, Award of the Min\u00adis\u00adter of Cul\u00adture and National Her\u00aditage (2007, 2010\u00a02012), Medal of the National Edu\u00adca\u00adtion Com\u00admit\u00adtee.<br \/>\nAfter the suc\u00adcess of her stu\u00addents at the 12<sup>th<\/sup> Inter\u00adna\u00adtional Com\u00adpe\u00adti\u00adtion TALENTS FOR EUROPE Com\u00adpe\u00adti\u00adtion 2008 in Doln\u00fd Kub\u00edn<strong>, <\/strong>Slo\u00adva\u00adkia (four first places in four cat\u00ade\u00adgories, two Grand Prix awards) she was hon\u00adoured with the title of Teacher of the\u00a0Year.<\/p>\n<p><a href=\"mailto:magdalena.szczepanowska@amuz.krakow.pl\">magdalena.szczepanowska@amuz.krakow.pl<\/a><\/p>","protected":false},"excerpt":{"rendered":"<p>Mag\u00addalena Szczepanowska was born in War\u00adsaw in a fam\u00adily of musi\u00adcians. Her father was her first vio\u00adlin teacher. She con\u00adtin\u00adued her stud\u00adies under Jan\u00adina Jarz\u0119b\u00adska, Tadeusz Wro\u0144ski and then Pro\u00adfes\u00adsor&hellip; <a href=\"https:\/\/www.amuz.krakow.pl\/en\/wydzialy\/wydzial-ii-instrumentalny\/katedra-skrzypiec-i-altowki\/pracownicy-katedry\/prof-magdalena-szczepanowska\/\">Continue reading<\/a><\/p>\n","protected":false},"author":72,"featured_media":0,"parent":2009,"menu_order":55,"comment_status":"closed","ping_status":"closed","template":"","meta":{"footnotes":"","_links_to":"","_links_to_target":""},"class_list":["post-2037","page","type-page","status-publish","hentry"],"yoast_head":"<!-- This site is optimized with the Yoast SEO plugin v27.2 - https:\/\/yoast.com\/product\/yoast-seo-wordpress\/ -->\n<title>AMKP - Akademia Muzyczna im. Krzysztofa Pendereckiego w Krakowie<\/title>\n<meta name=\"robots\" content=\"index, follow, max-snippet:-1, max-image-preview:large, max-video-preview:-1\" \/>\n<link rel=\"canonical\" href=\"https:\/\/www.amuz.krakow.pl\/wydzialy\/wydzial-ii-instrumentalny\/katedra-skrzypiec-i-altowki\/pracownicy-katedry\/prof-magdalena-szczepanowska\/\" \/>\n<meta property=\"og:locale\" content=\"en_US\" \/>\n<meta property=\"og:type\" content=\"article\" \/>\n<meta property=\"og:title\" content=\"AMKP - Akademia Muzyczna im. Krzysztofa Pendereckiego w Krakowie\" \/>\n<meta property=\"og:description\" content=\"Mag\u00addalena Szczepanowska was born in War\u00adsaw in a fam\u00adily of musi\u00adcians. Her father was her first vio\u00adlin teacher. She con\u00adtin\u00adued her stud\u00adies under Jan\u00adina Jarz\u0119b\u00adska, Tadeusz Wro\u0144ski and then Pro\u00adfes\u00adsor&hellip; Continue reading\" \/>\n<meta property=\"og:url\" content=\"https:\/\/www.amuz.krakow.pl\/wydzialy\/wydzial-ii-instrumentalny\/katedra-skrzypiec-i-altowki\/pracownicy-katedry\/prof-magdalena-szczepanowska\/\" \/>\n<meta property=\"og:site_name\" content=\"Akademia Muzyczna im. Krzysztofa Pendereckiego w Krakowie\" \/>\n<meta property=\"article:publisher\" content=\"https:\/\/www.facebook.com\/amuz.krakow\" \/>\n<meta property=\"article:modified_time\" content=\"2021-10-27T20:31:06+00:00\" \/>\n<meta property=\"og:image\" content=\"https:\/\/www.amuz.krakow.pl\/wp-content\/uploads\/2021\/02\/Magdalena-Szczepanowska_fot.-Natalia-Reichert-217x300.jpg\" \/>\n<meta name=\"twitter:card\" content=\"summary_large_image\" \/>\n<meta name=\"twitter:label1\" content=\"Est. reading time\" \/>\n\t<meta name=\"twitter:data1\" content=\"2 minutes\" \/>\n<script type=\"application\/ld+json\" class=\"yoast-schema-graph\">{\"@context\":\"https:\/\/schema.org\",\"@graph\":[{\"@type\":\"WebPage\",\"@id\":\"https:\/\/www.amuz.krakow.pl\/wydzialy\/wydzial-ii-instrumentalny\/katedra-skrzypiec-i-altowki\/pracownicy-katedry\/prof-magdalena-szczepanowska\/\",\"url\":\"https:\/\/www.amuz.krakow.pl\/wydzialy\/wydzial-ii-instrumentalny\/katedra-skrzypiec-i-altowki\/pracownicy-katedry\/prof-magdalena-szczepanowska\/\",\"name\":\"AMKP - Akademia Muzyczna im. Krzysztofa Pendereckiego w Krakowie\",\"isPartOf\":{\"@id\":\"https:\/\/www.amuz.krakow.pl\/#website\"},\"primaryImageOfPage\":{\"@id\":\"https:\/\/www.amuz.krakow.pl\/wydzialy\/wydzial-ii-instrumentalny\/katedra-skrzypiec-i-altowki\/pracownicy-katedry\/prof-magdalena-szczepanowska\/#primaryimage\"},\"image\":{\"@id\":\"https:\/\/www.amuz.krakow.pl\/wydzialy\/wydzial-ii-instrumentalny\/katedra-skrzypiec-i-altowki\/pracownicy-katedry\/prof-magdalena-szczepanowska\/#primaryimage\"},\"thumbnailUrl\":\"https:\/\/www.amuz.krakow.pl\/wp-content\/uploads\/2021\/02\/Magdalena-Szczepanowska_fot.-Natalia-Reichert-217x300.jpg\",\"datePublished\":\"2016-02-16T21:04:56+00:00\",\"dateModified\":\"2021-10-27T20:31:06+00:00\",\"breadcrumb\":{\"@id\":\"https:\/\/www.amuz.krakow.pl\/wydzialy\/wydzial-ii-instrumentalny\/katedra-skrzypiec-i-altowki\/pracownicy-katedry\/prof-magdalena-szczepanowska\/#breadcrumb\"},\"inLanguage\":\"en-US\",\"potentialAction\":[{\"@type\":\"ReadAction\",\"target\":[\"https:\/\/www.amuz.krakow.pl\/wydzialy\/wydzial-ii-instrumentalny\/katedra-skrzypiec-i-altowki\/pracownicy-katedry\/prof-magdalena-szczepanowska\/\"]}]},{\"@type\":\"ImageObject\",\"inLanguage\":\"en-US\",\"@id\":\"https:\/\/www.amuz.krakow.pl\/wydzialy\/wydzial-ii-instrumentalny\/katedra-skrzypiec-i-altowki\/pracownicy-katedry\/prof-magdalena-szczepanowska\/#primaryimage\",\"url\":\"https:\/\/www.amuz.krakow.pl\/wp-content\/uploads\/2021\/02\/Magdalena-Szczepanowska_fot.-Natalia-Reichert-217x300.jpg\",\"contentUrl\":\"https:\/\/www.amuz.krakow.pl\/wp-content\/uploads\/2021\/02\/Magdalena-Szczepanowska_fot.-Natalia-Reichert-217x300.jpg\"},{\"@type\":\"BreadcrumbList\",\"@id\":\"https:\/\/www.amuz.krakow.pl\/wydzialy\/wydzial-ii-instrumentalny\/katedra-skrzypiec-i-altowki\/pracownicy-katedry\/prof-magdalena-szczepanowska\/#breadcrumb\",\"itemListElement\":[{\"@type\":\"ListItem\",\"position\":1,\"name\":\"Strona g\u0142\u00f3wna\",\"item\":\"https:\/\/www.amuz.krakow.pl\/\"},{\"@type\":\"ListItem\",\"position\":2,\"name\":\"WYDZIA\u0141Y\",\"item\":\"https:\/\/www.amuz.krakow.pl\/wydzialy\/\"},{\"@type\":\"ListItem\",\"position\":3,\"name\":\"Wydzia\u0142 Instrumentalny\",\"item\":\"https:\/\/www.amuz.krakow.pl\/wydzialy\/wydzial-ii-instrumentalny\/\"},{\"@type\":\"ListItem\",\"position\":4,\"name\":\"Katedra Skrzypiec i Alt\u00f3wki\",\"item\":\"https:\/\/www.amuz.krakow.pl\/wydzialy\/wydzial-ii-instrumentalny\/katedra-skrzypiec-i-altowki\/\"},{\"@type\":\"ListItem\",\"position\":5,\"name\":\"Pracownicy Katedry\",\"item\":\"https:\/\/www.amuz.krakow.pl\/wydzialy\/wydzial-ii-instrumentalny\/katedra-skrzypiec-i-altowki\/pracownicy-katedry\/\"},{\"@type\":\"ListItem\",\"position\":6,\"name\":\"prof. dr hab. Magdalena Szczepanowska\"}]},{\"@type\":\"WebSite\",\"@id\":\"https:\/\/www.amuz.krakow.pl\/#website\",\"url\":\"https:\/\/www.amuz.krakow.pl\/\",\"name\":\"Akademia Muzyczna im. Krzysztofa Pendereckiego w Krakowie\",\"description\":\"Oficjalna strona Akademii Muzycznej im. Krzysztofa Pendereckiego w Krakowie (AMKP).\",\"publisher\":{\"@id\":\"https:\/\/www.amuz.krakow.pl\/#organization\"},\"alternateName\":\"AMKP\",\"potentialAction\":[{\"@type\":\"SearchAction\",\"target\":{\"@type\":\"EntryPoint\",\"urlTemplate\":\"https:\/\/www.amuz.krakow.pl\/?s={search_term_string}\"},\"query-input\":{\"@type\":\"PropertyValueSpecification\",\"valueRequired\":true,\"valueName\":\"search_term_string\"}}],\"inLanguage\":\"en-US\"},{\"@type\":\"Organization\",\"@id\":\"https:\/\/www.amuz.krakow.pl\/#organization\",\"name\":\"Akademia Muzyczna im. Krzysztofa Pendereckiego w Krakowie\",\"alternateName\":\"AMKP\",\"url\":\"https:\/\/www.amuz.krakow.pl\/\",\"logo\":{\"@type\":\"ImageObject\",\"inLanguage\":\"en-US\",\"@id\":\"https:\/\/www.amuz.krakow.pl\/#\/schema\/logo\/image\/\",\"url\":\"https:\/\/www.amuz.krakow.pl\/wp-content\/uploads\/2021\/11\/amkp.jpg\",\"contentUrl\":\"https:\/\/www.amuz.krakow.pl\/wp-content\/uploads\/2021\/11\/amkp.jpg\",\"width\":1193,\"height\":591,\"caption\":\"Akademia Muzyczna im. Krzysztofa Pendereckiego w Krakowie\"},\"image\":{\"@id\":\"https:\/\/www.amuz.krakow.pl\/#\/schema\/logo\/image\/\"},\"sameAs\":[\"https:\/\/www.facebook.com\/amuz.krakow\",\"https:\/\/www.instagram.com\/amkpenderecki\/\",\"https:\/\/www.youtube.com\/@amkpenderecki4806\"]}]}<\/script>\n<!-- \/ Yoast SEO plugin. -->","yoast_head_json":{"title":"AMKP - Akademia Muzyczna im. Krzysztofa Pendereckiego w Krakowie","robots":{"index":"index","follow":"follow","max-snippet":"max-snippet:-1","max-image-preview":"max-image-preview:large","max-video-preview":"max-video-preview:-1"},"canonical":"https:\/\/www.amuz.krakow.pl\/wydzialy\/wydzial-ii-instrumentalny\/katedra-skrzypiec-i-altowki\/pracownicy-katedry\/prof-magdalena-szczepanowska\/","og_locale":"en_US","og_type":"article","og_title":"AMKP - Akademia Muzyczna im. Krzysztofa Pendereckiego w Krakowie","og_description":"Mag\u00addalena Szczepanowska was born in War\u00adsaw in a fam\u00adily of musi\u00adcians. Her father was her first vio\u00adlin teacher. She con\u00adtin\u00adued her stud\u00adies under Jan\u00adina Jarz\u0119b\u00adska, Tadeusz Wro\u0144ski and then Pro\u00adfes\u00adsor&hellip; Continue reading","og_url":"https:\/\/www.amuz.krakow.pl\/wydzialy\/wydzial-ii-instrumentalny\/katedra-skrzypiec-i-altowki\/pracownicy-katedry\/prof-magdalena-szczepanowska\/","og_site_name":"Akademia Muzyczna im. Krzysztofa Pendereckiego w Krakowie","article_publisher":"https:\/\/www.facebook.com\/amuz.krakow","article_modified_time":"2021-10-27T20:31:06+00:00","og_image":[{"url":"https:\/\/www.amuz.krakow.pl\/wp-content\/uploads\/2021\/02\/Magdalena-Szczepanowska_fot.-Natalia-Reichert-217x300.jpg","type":"","width":"","height":""}],"twitter_card":"summary_large_image","twitter_misc":{"Est. reading time":"2 minutes"},"schema":{"@context":"https:\/\/schema.org","@graph":[{"@type":"WebPage","@id":"https:\/\/www.amuz.krakow.pl\/wydzialy\/wydzial-ii-instrumentalny\/katedra-skrzypiec-i-altowki\/pracownicy-katedry\/prof-magdalena-szczepanowska\/","url":"https:\/\/www.amuz.krakow.pl\/wydzialy\/wydzial-ii-instrumentalny\/katedra-skrzypiec-i-altowki\/pracownicy-katedry\/prof-magdalena-szczepanowska\/","name":"AMKP - Akademia Muzyczna im. Krzysztofa Pendereckiego w Krakowie","isPartOf":{"@id":"https:\/\/www.amuz.krakow.pl\/#website"},"primaryImageOfPage":{"@id":"https:\/\/www.amuz.krakow.pl\/wydzialy\/wydzial-ii-instrumentalny\/katedra-skrzypiec-i-altowki\/pracownicy-katedry\/prof-magdalena-szczepanowska\/#primaryimage"},"image":{"@id":"https:\/\/www.amuz.krakow.pl\/wydzialy\/wydzial-ii-instrumentalny\/katedra-skrzypiec-i-altowki\/pracownicy-katedry\/prof-magdalena-szczepanowska\/#primaryimage"},"thumbnailUrl":"https:\/\/www.amuz.krakow.pl\/wp-content\/uploads\/2021\/02\/Magdalena-Szczepanowska_fot.-Natalia-Reichert-217x300.jpg","datePublished":"2016-02-16T21:04:56+00:00","dateModified":"2021-10-27T20:31:06+00:00","breadcrumb":{"@id":"https:\/\/www.amuz.krakow.pl\/wydzialy\/wydzial-ii-instrumentalny\/katedra-skrzypiec-i-altowki\/pracownicy-katedry\/prof-magdalena-szczepanowska\/#breadcrumb"},"inLanguage":"en-US","potentialAction":[{"@type":"ReadAction","target":["https:\/\/www.amuz.krakow.pl\/wydzialy\/wydzial-ii-instrumentalny\/katedra-skrzypiec-i-altowki\/pracownicy-katedry\/prof-magdalena-szczepanowska\/"]}]},{"@type":"ImageObject","inLanguage":"en-US","@id":"https:\/\/www.amuz.krakow.pl\/wydzialy\/wydzial-ii-instrumentalny\/katedra-skrzypiec-i-altowki\/pracownicy-katedry\/prof-magdalena-szczepanowska\/#primaryimage","url":"https:\/\/www.amuz.krakow.pl\/wp-content\/uploads\/2021\/02\/Magdalena-Szczepanowska_fot.-Natalia-Reichert-217x300.jpg","contentUrl":"https:\/\/www.amuz.krakow.pl\/wp-content\/uploads\/2021\/02\/Magdalena-Szczepanowska_fot.-Natalia-Reichert-217x300.jpg"},{"@type":"BreadcrumbList","@id":"https:\/\/www.amuz.krakow.pl\/wydzialy\/wydzial-ii-instrumentalny\/katedra-skrzypiec-i-altowki\/pracownicy-katedry\/prof-magdalena-szczepanowska\/#breadcrumb","itemListElement":[{"@type":"ListItem","position":1,"name":"Strona g\u0142\u00f3wna","item":"https:\/\/www.amuz.krakow.pl\/"},{"@type":"ListItem","position":2,"name":"WYDZIA\u0141Y","item":"https:\/\/www.amuz.krakow.pl\/wydzialy\/"},{"@type":"ListItem","position":3,"name":"Wydzia\u0142 Instrumentalny","item":"https:\/\/www.amuz.krakow.pl\/wydzialy\/wydzial-ii-instrumentalny\/"},{"@type":"ListItem","position":4,"name":"Katedra Skrzypiec i Alt\u00f3wki","item":"https:\/\/www.amuz.krakow.pl\/wydzialy\/wydzial-ii-instrumentalny\/katedra-skrzypiec-i-altowki\/"},{"@type":"ListItem","position":5,"name":"Pracownicy Katedry","item":"https:\/\/www.amuz.krakow.pl\/wydzialy\/wydzial-ii-instrumentalny\/katedra-skrzypiec-i-altowki\/pracownicy-katedry\/"},{"@type":"ListItem","position":6,"name":"prof. dr hab. Magdalena Szczepanowska"}]},{"@type":"WebSite","@id":"https:\/\/www.amuz.krakow.pl\/#website","url":"https:\/\/www.amuz.krakow.pl\/","name":"Akademia Muzyczna im. Krzysztofa Pendereckiego w Krakowie","description":"Oficjalna strona Akademii Muzycznej im. Krzysztofa Pendereckiego w Krakowie (AMKP).","publisher":{"@id":"https:\/\/www.amuz.krakow.pl\/#organization"},"alternateName":"AMKP","potentialAction":[{"@type":"SearchAction","target":{"@type":"EntryPoint","urlTemplate":"https:\/\/www.amuz.krakow.pl\/?s={search_term_string}"},"query-input":{"@type":"PropertyValueSpecification","valueRequired":true,"valueName":"search_term_string"}}],"inLanguage":"en-US"},{"@type":"Organization","@id":"https:\/\/www.amuz.krakow.pl\/#organization","name":"Akademia Muzyczna im. Krzysztofa Pendereckiego w Krakowie","alternateName":"AMKP","url":"https:\/\/www.amuz.krakow.pl\/","logo":{"@type":"ImageObject","inLanguage":"en-US","@id":"https:\/\/www.amuz.krakow.pl\/#\/schema\/logo\/image\/","url":"https:\/\/www.amuz.krakow.pl\/wp-content\/uploads\/2021\/11\/amkp.jpg","contentUrl":"https:\/\/www.amuz.krakow.pl\/wp-content\/uploads\/2021\/11\/amkp.jpg","width":1193,"height":591,"caption":"Akademia Muzyczna im. Krzysztofa Pendereckiego w Krakowie"},"image":{"@id":"https:\/\/www.amuz.krakow.pl\/#\/schema\/logo\/image\/"},"sameAs":["https:\/\/www.facebook.com\/amuz.krakow","https:\/\/www.instagram.com\/amkpenderecki\/","https:\/\/www.youtube.com\/@amkpenderecki4806"]}]}},"_links":{"self":[{"href":"https:\/\/www.amuz.krakow.pl\/en\/wp-json\/wp\/v2\/pages\/2037","targetHints":{"allow":["GET"]}}],"collection":[{"href":"https:\/\/www.amuz.krakow.pl\/en\/wp-json\/wp\/v2\/pages"}],"about":[{"href":"https:\/\/www.amuz.krakow.pl\/en\/wp-json\/wp\/v2\/types\/page"}],"author":[{"embeddable":true,"href":"https:\/\/www.amuz.krakow.pl\/en\/wp-json\/wp\/v2\/users\/72"}],"replies":[{"embeddable":true,"href":"https:\/\/www.amuz.krakow.pl\/en\/wp-json\/wp\/v2\/comments?post=2037"}],"version-history":[{"count":4,"href":"https:\/\/www.amuz.krakow.pl\/en\/wp-json\/wp\/v2\/pages\/2037\/revisions"}],"predecessor-version":[{"id":46996,"href":"https:\/\/www.amuz.krakow.pl\/en\/wp-json\/wp\/v2\/pages\/2037\/revisions\/46996"}],"up":[{"embeddable":true,"href":"https:\/\/www.amuz.krakow.pl\/en\/wp-json\/wp\/v2\/pages\/2009"}],"wp:attachment":[{"href":"https:\/\/www.amuz.krakow.pl\/en\/wp-json\/wp\/v2\/media?parent=2037"}],"curies":[{"name":"wp","href":"https:\/\/api.w.org\/{rel}","templated":true}]}}