{"id":20071,"date":"2017-11-26T21:56:28","date_gmt":"2017-11-26T20:56:28","guid":{"rendered":"https:\/\/www.amuz.krakow.pl\/?page_id=20071"},"modified":"2026-02-05T11:36:33","modified_gmt":"2026-02-05T10:36:33","slug":"dr-hab-agnieszka-swiatkowska","status":"publish","type":"page","link":"https:\/\/www.amuz.krakow.pl\/en\/wydzialy\/wydzial-ii-instrumentalny\/katedra-muzyki-dawnej\/pracownicy-katedry\/dr-hab-agnieszka-swiatkowska\/","title":{"rendered":"dr hab. Agnieszka \u015awi\u0105tkowska"},"content":{"rendered":"<p><figure id=\"attachment_20072\" aria-describedby=\"caption-attachment-20072\" style=\"width: 270px\" class=\"wp-caption alignleft\"><a href=\"https:\/\/www.amuz.krakow.pl\/wp-content\/uploads\/2017\/11\/A.\u015awi\u0105tkowska-pic..jpg\"><img loading=\"lazy\" decoding=\"async\" class=\"wp-image-20072\" src=\"https:\/\/www.amuz.krakow.pl\/wp-content\/uploads\/2017\/11\/A.\u015awi\u0105tkowska-pic.-1024x681.jpg\" alt=\"\" width=\"270\" height=\"180\" srcset=\"https:\/\/www.amuz.krakow.pl\/wp-content\/uploads\/2017\/11\/A.\u015awi\u0105tkowska-pic.-1024x681.jpg 1024w, https:\/\/www.amuz.krakow.pl\/wp-content\/uploads\/2017\/11\/A.\u015awi\u0105tkowska-pic.-300x200.jpg 300w, https:\/\/www.amuz.krakow.pl\/wp-content\/uploads\/2017\/11\/A.\u015awi\u0105tkowska-pic.-768x511.jpg 768w\" sizes=\"auto, (max-width: 270px) 100vw, 270px\" \/><\/a><figcaption id=\"caption-attachment-20072\" class=\"wp-caption-text\">fot. Festival Decus Mundi Caracas<\/figcaption><\/figure><\/p>\n<p style=\"text-align: justify;\">Agnieszka was born in Gda\u0144sk (Poland) and started playing violin at the age of 7. While studying modern violin (class of prof. Ma\u0142gorzata Skorupa) at Gda\u0144sk Academy of Music she discovered her passion for historical performance and moved to Amsterdam to study baroque violin with prof. Lucy van Dael. Graduated Conservatorium van Amsterdam, achieving Bachelor degree in 2008 and Master degree in 2010.<\/p>\n<p style=\"text-align: justify;\">Agnieszka is a laureate of the prestigious awards at early music competitions such as \u201cTelemann Chamber Music Competition\u201d in Magdeburg (3rd prize with ensemble \u201cLa Follia\u201d in 2007) and \u201cVan Wassenaer Chamber Music Competition\u201d in Amsterdam (3rd prize with ensemble \u201cOdyssee\u201d in 2011).<\/p>\n<p style=\"text-align: justify;\">Agnieszka also received scholarships funded by the Mayor of the city of Gda\u0144sk (2003), I Giovanni dell\u2019 Academia Montis Regalis (2008), Orchestra of the Age of the Enlightenment (2010).<\/p>\n<p style=\"text-align: justify;\">Agnieszka has performed widely in Poland, France, Germany, Holland, England, Italy, Switzerland, Georgia, Spain and Venezuela with solo recitals and as a member of such ensembles and orchestras as Orchestra of the Age of the Enlightenment (conducted by V. Jurowski, B. Labadie), Holland Baroque Society, Academia Montis Regalis (A. de Marchi), Capella Cracoviensis (J.T. Adamus, A. Parrot, C. Rousset, P. Goodwin, A. Moccia), Barok Opera Amsterdam, Orquesta Barroca Juvenil Sim\u00f3n Bolivar (A. Bernardini), {oh!} Orkiestra Historyczna, Die K\u00f6lner Akademie.<\/p>\n<p style=\"text-align: justify;\">Agnieszka attended master classes with many artists, among them Enrico Onofri, Rachel Podger, Amandine Beyer, Alessandro Tampieri, Luigi Mangiocavallo, Alfredo Bernardini and since 2011 began to lead master classes in Georgia (Tbilisi), Venezuela (Festival Decus Mundi Caracas) and Poland (\u015awidnica Bach Festival).<br \/>\nAgnieszka has recorded for Hyperion, Pan Classics, Bis Classics and Iteratio<\/p>\n<p><\/p>","protected":false},"excerpt":{"rendered":"<p>Agnieszka was born in Gda\u0144sk (Poland) and started playing violin at the age of 7. While studying modern violin (class of prof. Ma\u0142gorzata Skorupa) at Gda\u0144sk Academy of Music she&hellip; <a href=\"https:\/\/www.amuz.krakow.pl\/en\/wydzialy\/wydzial-ii-instrumentalny\/katedra-muzyki-dawnej\/pracownicy-katedry\/dr-hab-agnieszka-swiatkowska\/\">Continue reading<\/a><\/p>\n","protected":false},"author":72,"featured_media":20072,"parent":1801,"menu_order":40,"comment_status":"closed","ping_status":"closed","template":"","meta":{"footnotes":"","_links_to":"","_links_to_target":""},"class_list":["post-20071","page","type-page","status-publish","has-post-thumbnail","hentry"],"yoast_head":"<!-- This site is optimized with the Yoast SEO plugin v27.4 - https:\/\/yoast.com\/product\/yoast-seo-wordpress\/ -->\n<title>AMKP - Akademia Muzyczna im. Krzysztofa Pendereckiego w Krakowie<\/title>\n<meta name=\"robots\" content=\"index, follow, max-snippet:-1, max-image-preview:large, max-video-preview:-1\" \/>\n<link rel=\"canonical\" href=\"https:\/\/www.amuz.krakow.pl\/wydzialy\/wydzial-ii-instrumentalny\/katedra-muzyki-dawnej\/pracownicy-katedry\/dr-hab-agnieszka-swiatkowska\/\" \/>\n<meta property=\"og:locale\" content=\"en_US\" \/>\n<meta property=\"og:type\" content=\"article\" \/>\n<meta property=\"og:title\" content=\"AMKP - Akademia Muzyczna im. Krzysztofa Pendereckiego w Krakowie\" \/>\n<meta property=\"og:description\" content=\"Agnieszka was born in Gda\u0144sk (Poland) and started playing violin at the age of 7. While studying modern violin (class of prof. Ma\u0142gorzata Skorupa) at Gda\u0144sk Academy of Music she&hellip; Continue reading\" \/>\n<meta property=\"og:url\" content=\"https:\/\/www.amuz.krakow.pl\/wydzialy\/wydzial-ii-instrumentalny\/katedra-muzyki-dawnej\/pracownicy-katedry\/dr-hab-agnieszka-swiatkowska\/\" \/>\n<meta property=\"og:site_name\" content=\"Akademia Muzyczna im. Krzysztofa Pendereckiego w Krakowie\" \/>\n<meta property=\"article:publisher\" content=\"https:\/\/www.facebook.com\/amuz.krakow\" \/>\n<meta property=\"article:modified_time\" content=\"2026-02-05T10:36:33+00:00\" \/>\n<meta property=\"og:image\" content=\"https:\/\/www.amuz.krakow.pl\/wp-content\/uploads\/2017\/11\/A.\u015awi\u0105tkowska-pic..jpg\" \/>\n\t<meta property=\"og:image:width\" content=\"4256\" \/>\n\t<meta property=\"og:image:height\" content=\"2832\" \/>\n\t<meta property=\"og:image:type\" content=\"image\/jpeg\" \/>\n<meta name=\"twitter:card\" content=\"summary_large_image\" \/>\n<meta name=\"twitter:label1\" content=\"Est. reading time\" \/>\n\t<meta name=\"twitter:data1\" content=\"2 minutes\" \/>\n<script type=\"application\/ld+json\" class=\"yoast-schema-graph\">{\"@context\":\"https:\\\/\\\/schema.org\",\"@graph\":[{\"@type\":\"WebPage\",\"@id\":\"https:\\\/\\\/www.amuz.krakow.pl\\\/wydzialy\\\/wydzial-ii-instrumentalny\\\/katedra-muzyki-dawnej\\\/pracownicy-katedry\\\/dr-hab-agnieszka-swiatkowska\\\/\",\"url\":\"https:\\\/\\\/www.amuz.krakow.pl\\\/wydzialy\\\/wydzial-ii-instrumentalny\\\/katedra-muzyki-dawnej\\\/pracownicy-katedry\\\/dr-hab-agnieszka-swiatkowska\\\/\",\"name\":\"AMKP - Akademia Muzyczna im. Krzysztofa Pendereckiego w Krakowie\",\"isPartOf\":{\"@id\":\"https:\\\/\\\/www.amuz.krakow.pl\\\/#website\"},\"primaryImageOfPage\":{\"@id\":\"https:\\\/\\\/www.amuz.krakow.pl\\\/wydzialy\\\/wydzial-ii-instrumentalny\\\/katedra-muzyki-dawnej\\\/pracownicy-katedry\\\/dr-hab-agnieszka-swiatkowska\\\/#primaryimage\"},\"image\":{\"@id\":\"https:\\\/\\\/www.amuz.krakow.pl\\\/wydzialy\\\/wydzial-ii-instrumentalny\\\/katedra-muzyki-dawnej\\\/pracownicy-katedry\\\/dr-hab-agnieszka-swiatkowska\\\/#primaryimage\"},\"thumbnailUrl\":\"https:\\\/\\\/www.amuz.krakow.pl\\\/wp-content\\\/uploads\\\/2017\\\/11\\\/A.\u015awi\u0105tkowska-pic..jpg\",\"datePublished\":\"2017-11-26T20:56:28+00:00\",\"dateModified\":\"2026-02-05T10:36:33+00:00\",\"breadcrumb\":{\"@id\":\"https:\\\/\\\/www.amuz.krakow.pl\\\/wydzialy\\\/wydzial-ii-instrumentalny\\\/katedra-muzyki-dawnej\\\/pracownicy-katedry\\\/dr-hab-agnieszka-swiatkowska\\\/#breadcrumb\"},\"inLanguage\":\"en-US\",\"potentialAction\":[{\"@type\":\"ReadAction\",\"target\":[\"https:\\\/\\\/www.amuz.krakow.pl\\\/wydzialy\\\/wydzial-ii-instrumentalny\\\/katedra-muzyki-dawnej\\\/pracownicy-katedry\\\/dr-hab-agnieszka-swiatkowska\\\/\"]}]},{\"@type\":\"ImageObject\",\"inLanguage\":\"en-US\",\"@id\":\"https:\\\/\\\/www.amuz.krakow.pl\\\/wydzialy\\\/wydzial-ii-instrumentalny\\\/katedra-muzyki-dawnej\\\/pracownicy-katedry\\\/dr-hab-agnieszka-swiatkowska\\\/#primaryimage\",\"url\":\"https:\\\/\\\/www.amuz.krakow.pl\\\/wp-content\\\/uploads\\\/2017\\\/11\\\/A.\u015awi\u0105tkowska-pic..jpg\",\"contentUrl\":\"https:\\\/\\\/www.amuz.krakow.pl\\\/wp-content\\\/uploads\\\/2017\\\/11\\\/A.\u015awi\u0105tkowska-pic..jpg\",\"width\":4256,\"height\":2832},{\"@type\":\"BreadcrumbList\",\"@id\":\"https:\\\/\\\/www.amuz.krakow.pl\\\/wydzialy\\\/wydzial-ii-instrumentalny\\\/katedra-muzyki-dawnej\\\/pracownicy-katedry\\\/dr-hab-agnieszka-swiatkowska\\\/#breadcrumb\",\"itemListElement\":[{\"@type\":\"ListItem\",\"position\":1,\"name\":\"Strona g\u0142\u00f3wna\",\"item\":\"https:\\\/\\\/www.amuz.krakow.pl\\\/\"},{\"@type\":\"ListItem\",\"position\":2,\"name\":\"WYDZIA\u0141Y\",\"item\":\"https:\\\/\\\/www.amuz.krakow.pl\\\/wydzialy\\\/\"},{\"@type\":\"ListItem\",\"position\":3,\"name\":\"Wydzia\u0142 Instrumentalny\",\"item\":\"https:\\\/\\\/www.amuz.krakow.pl\\\/wydzialy\\\/wydzial-ii-instrumentalny\\\/\"},{\"@type\":\"ListItem\",\"position\":4,\"name\":\"Katedra Muzyki Dawnej\",\"item\":\"https:\\\/\\\/www.amuz.krakow.pl\\\/wydzialy\\\/wydzial-ii-instrumentalny\\\/katedra-muzyki-dawnej\\\/\"},{\"@type\":\"ListItem\",\"position\":5,\"name\":\"Pracownicy Katedry\",\"item\":\"https:\\\/\\\/www.amuz.krakow.pl\\\/wydzialy\\\/wydzial-ii-instrumentalny\\\/katedra-muzyki-dawnej\\\/pracownicy-katedry\\\/\"},{\"@type\":\"ListItem\",\"position\":6,\"name\":\"dr hab. Agnieszka \u015awi\u0105tkowska\"}]},{\"@type\":\"WebSite\",\"@id\":\"https:\\\/\\\/www.amuz.krakow.pl\\\/#website\",\"url\":\"https:\\\/\\\/www.amuz.krakow.pl\\\/\",\"name\":\"Akademia Muzyczna im. Krzysztofa Pendereckiego w Krakowie\",\"description\":\"Oficjalna strona Akademii Muzycznej im. Krzysztofa Pendereckiego w Krakowie (AMKP).\",\"publisher\":{\"@id\":\"https:\\\/\\\/www.amuz.krakow.pl\\\/#organization\"},\"alternateName\":\"AMKP\",\"potentialAction\":[{\"@type\":\"SearchAction\",\"target\":{\"@type\":\"EntryPoint\",\"urlTemplate\":\"https:\\\/\\\/www.amuz.krakow.pl\\\/?s={search_term_string}\"},\"query-input\":{\"@type\":\"PropertyValueSpecification\",\"valueRequired\":true,\"valueName\":\"search_term_string\"}}],\"inLanguage\":\"en-US\"},{\"@type\":\"Organization\",\"@id\":\"https:\\\/\\\/www.amuz.krakow.pl\\\/#organization\",\"name\":\"Akademia Muzyczna im. Krzysztofa Pendereckiego w Krakowie\",\"alternateName\":\"AMKP\",\"url\":\"https:\\\/\\\/www.amuz.krakow.pl\\\/\",\"logo\":{\"@type\":\"ImageObject\",\"inLanguage\":\"en-US\",\"@id\":\"https:\\\/\\\/www.amuz.krakow.pl\\\/#\\\/schema\\\/logo\\\/image\\\/\",\"url\":\"https:\\\/\\\/www.amuz.krakow.pl\\\/wp-content\\\/uploads\\\/2021\\\/11\\\/amkp.jpg\",\"contentUrl\":\"https:\\\/\\\/www.amuz.krakow.pl\\\/wp-content\\\/uploads\\\/2021\\\/11\\\/amkp.jpg\",\"width\":1193,\"height\":591,\"caption\":\"Akademia Muzyczna im. Krzysztofa Pendereckiego w Krakowie\"},\"image\":{\"@id\":\"https:\\\/\\\/www.amuz.krakow.pl\\\/#\\\/schema\\\/logo\\\/image\\\/\"},\"sameAs\":[\"https:\\\/\\\/www.facebook.com\\\/amuz.krakow\",\"https:\\\/\\\/www.instagram.com\\\/amkpenderecki\\\/\",\"https:\\\/\\\/www.youtube.com\\\/@amkpenderecki4806\"]}]}<\/script>\n<!-- \/ Yoast SEO plugin. -->","yoast_head_json":{"title":"AMKP - Akademia Muzyczna im. Krzysztofa Pendereckiego w Krakowie","robots":{"index":"index","follow":"follow","max-snippet":"max-snippet:-1","max-image-preview":"max-image-preview:large","max-video-preview":"max-video-preview:-1"},"canonical":"https:\/\/www.amuz.krakow.pl\/wydzialy\/wydzial-ii-instrumentalny\/katedra-muzyki-dawnej\/pracownicy-katedry\/dr-hab-agnieszka-swiatkowska\/","og_locale":"en_US","og_type":"article","og_title":"AMKP - Akademia Muzyczna im. Krzysztofa Pendereckiego w Krakowie","og_description":"Agnieszka was born in Gda\u0144sk (Poland) and started playing violin at the age of 7. While studying modern violin (class of prof. Ma\u0142gorzata Skorupa) at Gda\u0144sk Academy of Music she&hellip; Continue reading","og_url":"https:\/\/www.amuz.krakow.pl\/wydzialy\/wydzial-ii-instrumentalny\/katedra-muzyki-dawnej\/pracownicy-katedry\/dr-hab-agnieszka-swiatkowska\/","og_site_name":"Akademia Muzyczna im. Krzysztofa Pendereckiego w Krakowie","article_publisher":"https:\/\/www.facebook.com\/amuz.krakow","article_modified_time":"2026-02-05T10:36:33+00:00","og_image":[{"width":4256,"height":2832,"url":"https:\/\/www.amuz.krakow.pl\/wp-content\/uploads\/2017\/11\/A.\u015awi\u0105tkowska-pic..jpg","type":"image\/jpeg"}],"twitter_card":"summary_large_image","twitter_misc":{"Est. reading time":"2 minutes"},"schema":{"@context":"https:\/\/schema.org","@graph":[{"@type":"WebPage","@id":"https:\/\/www.amuz.krakow.pl\/wydzialy\/wydzial-ii-instrumentalny\/katedra-muzyki-dawnej\/pracownicy-katedry\/dr-hab-agnieszka-swiatkowska\/","url":"https:\/\/www.amuz.krakow.pl\/wydzialy\/wydzial-ii-instrumentalny\/katedra-muzyki-dawnej\/pracownicy-katedry\/dr-hab-agnieszka-swiatkowska\/","name":"AMKP - Akademia Muzyczna im. Krzysztofa Pendereckiego w Krakowie","isPartOf":{"@id":"https:\/\/www.amuz.krakow.pl\/#website"},"primaryImageOfPage":{"@id":"https:\/\/www.amuz.krakow.pl\/wydzialy\/wydzial-ii-instrumentalny\/katedra-muzyki-dawnej\/pracownicy-katedry\/dr-hab-agnieszka-swiatkowska\/#primaryimage"},"image":{"@id":"https:\/\/www.amuz.krakow.pl\/wydzialy\/wydzial-ii-instrumentalny\/katedra-muzyki-dawnej\/pracownicy-katedry\/dr-hab-agnieszka-swiatkowska\/#primaryimage"},"thumbnailUrl":"https:\/\/www.amuz.krakow.pl\/wp-content\/uploads\/2017\/11\/A.\u015awi\u0105tkowska-pic..jpg","datePublished":"2017-11-26T20:56:28+00:00","dateModified":"2026-02-05T10:36:33+00:00","breadcrumb":{"@id":"https:\/\/www.amuz.krakow.pl\/wydzialy\/wydzial-ii-instrumentalny\/katedra-muzyki-dawnej\/pracownicy-katedry\/dr-hab-agnieszka-swiatkowska\/#breadcrumb"},"inLanguage":"en-US","potentialAction":[{"@type":"ReadAction","target":["https:\/\/www.amuz.krakow.pl\/wydzialy\/wydzial-ii-instrumentalny\/katedra-muzyki-dawnej\/pracownicy-katedry\/dr-hab-agnieszka-swiatkowska\/"]}]},{"@type":"ImageObject","inLanguage":"en-US","@id":"https:\/\/www.amuz.krakow.pl\/wydzialy\/wydzial-ii-instrumentalny\/katedra-muzyki-dawnej\/pracownicy-katedry\/dr-hab-agnieszka-swiatkowska\/#primaryimage","url":"https:\/\/www.amuz.krakow.pl\/wp-content\/uploads\/2017\/11\/A.\u015awi\u0105tkowska-pic..jpg","contentUrl":"https:\/\/www.amuz.krakow.pl\/wp-content\/uploads\/2017\/11\/A.\u015awi\u0105tkowska-pic..jpg","width":4256,"height":2832},{"@type":"BreadcrumbList","@id":"https:\/\/www.amuz.krakow.pl\/wydzialy\/wydzial-ii-instrumentalny\/katedra-muzyki-dawnej\/pracownicy-katedry\/dr-hab-agnieszka-swiatkowska\/#breadcrumb","itemListElement":[{"@type":"ListItem","position":1,"name":"Strona g\u0142\u00f3wna","item":"https:\/\/www.amuz.krakow.pl\/"},{"@type":"ListItem","position":2,"name":"WYDZIA\u0141Y","item":"https:\/\/www.amuz.krakow.pl\/wydzialy\/"},{"@type":"ListItem","position":3,"name":"Wydzia\u0142 Instrumentalny","item":"https:\/\/www.amuz.krakow.pl\/wydzialy\/wydzial-ii-instrumentalny\/"},{"@type":"ListItem","position":4,"name":"Katedra Muzyki Dawnej","item":"https:\/\/www.amuz.krakow.pl\/wydzialy\/wydzial-ii-instrumentalny\/katedra-muzyki-dawnej\/"},{"@type":"ListItem","position":5,"name":"Pracownicy Katedry","item":"https:\/\/www.amuz.krakow.pl\/wydzialy\/wydzial-ii-instrumentalny\/katedra-muzyki-dawnej\/pracownicy-katedry\/"},{"@type":"ListItem","position":6,"name":"dr hab. Agnieszka \u015awi\u0105tkowska"}]},{"@type":"WebSite","@id":"https:\/\/www.amuz.krakow.pl\/#website","url":"https:\/\/www.amuz.krakow.pl\/","name":"Akademia Muzyczna im. Krzysztofa Pendereckiego w Krakowie","description":"Oficjalna strona Akademii Muzycznej im. Krzysztofa Pendereckiego w Krakowie (AMKP).","publisher":{"@id":"https:\/\/www.amuz.krakow.pl\/#organization"},"alternateName":"AMKP","potentialAction":[{"@type":"SearchAction","target":{"@type":"EntryPoint","urlTemplate":"https:\/\/www.amuz.krakow.pl\/?s={search_term_string}"},"query-input":{"@type":"PropertyValueSpecification","valueRequired":true,"valueName":"search_term_string"}}],"inLanguage":"en-US"},{"@type":"Organization","@id":"https:\/\/www.amuz.krakow.pl\/#organization","name":"Akademia Muzyczna im. Krzysztofa Pendereckiego w Krakowie","alternateName":"AMKP","url":"https:\/\/www.amuz.krakow.pl\/","logo":{"@type":"ImageObject","inLanguage":"en-US","@id":"https:\/\/www.amuz.krakow.pl\/#\/schema\/logo\/image\/","url":"https:\/\/www.amuz.krakow.pl\/wp-content\/uploads\/2021\/11\/amkp.jpg","contentUrl":"https:\/\/www.amuz.krakow.pl\/wp-content\/uploads\/2021\/11\/amkp.jpg","width":1193,"height":591,"caption":"Akademia Muzyczna im. Krzysztofa Pendereckiego w Krakowie"},"image":{"@id":"https:\/\/www.amuz.krakow.pl\/#\/schema\/logo\/image\/"},"sameAs":["https:\/\/www.facebook.com\/amuz.krakow","https:\/\/www.instagram.com\/amkpenderecki\/","https:\/\/www.youtube.com\/@amkpenderecki4806"]}]}},"_links":{"self":[{"href":"https:\/\/www.amuz.krakow.pl\/en\/wp-json\/wp\/v2\/pages\/20071","targetHints":{"allow":["GET"]}}],"collection":[{"href":"https:\/\/www.amuz.krakow.pl\/en\/wp-json\/wp\/v2\/pages"}],"about":[{"href":"https:\/\/www.amuz.krakow.pl\/en\/wp-json\/wp\/v2\/types\/page"}],"author":[{"embeddable":true,"href":"https:\/\/www.amuz.krakow.pl\/en\/wp-json\/wp\/v2\/users\/72"}],"replies":[{"embeddable":true,"href":"https:\/\/www.amuz.krakow.pl\/en\/wp-json\/wp\/v2\/comments?post=20071"}],"version-history":[{"count":9,"href":"https:\/\/www.amuz.krakow.pl\/en\/wp-json\/wp\/v2\/pages\/20071\/revisions"}],"predecessor-version":[{"id":114529,"href":"https:\/\/www.amuz.krakow.pl\/en\/wp-json\/wp\/v2\/pages\/20071\/revisions\/114529"}],"up":[{"embeddable":true,"href":"https:\/\/www.amuz.krakow.pl\/en\/wp-json\/wp\/v2\/pages\/1801"}],"wp:featuredmedia":[{"embeddable":true,"href":"https:\/\/www.amuz.krakow.pl\/en\/wp-json\/wp\/v2\/media\/20072"}],"wp:attachment":[{"href":"https:\/\/www.amuz.krakow.pl\/en\/wp-json\/wp\/v2\/media?parent=20071"}],"curies":[{"name":"wp","href":"https:\/\/api.w.org\/{rel}","templated":true}]}}