{"id":1967,"date":"2016-02-16T12:11:05","date_gmt":"2016-02-16T11:11:05","guid":{"rendered":"http:\/\/strony.amuz.krakow.pl\/?page_id=1967"},"modified":"2025-03-03T13:35:44","modified_gmt":"2025-03-03T12:35:44","slug":"dr-milosz-maczynski","status":"publish","type":"page","link":"https:\/\/www.amuz.krakow.pl\/en\/wydzialy\/wydzial-ii-instrumentalny\/katedra-gitary-i-harfy\/pracownicy-katedry\/dr-milosz-maczynski\/","title":{"rendered":"dr hab. Mi\u0142osz M\u0105czy\u0144ski"},"content":{"rendered":"<p><figure id=\"attachment_80733\" aria-describedby=\"caption-attachment-80733\" style=\"width: 400px\" class=\"wp-caption aligncenter\"><a href=\"https:\/\/www.amuz.krakow.pl\/wp-content\/uploads\/2023\/11\/Milosz-Maczynski-fot.-Magdalena-Halas-scaled.jpg\"><img loading=\"lazy\" decoding=\"async\" class=\"wp-image-80733\" src=\"https:\/\/www.amuz.krakow.pl\/wp-content\/uploads\/2023\/11\/Milosz-Maczynski-fot.-Magdalena-Halas-scaled.jpg\" alt=\"\" width=\"400\" height=\"267\" srcset=\"https:\/\/www.amuz.krakow.pl\/wp-content\/uploads\/2023\/11\/Milosz-Maczynski-fot.-Magdalena-Halas-scaled.jpg 2048w, https:\/\/www.amuz.krakow.pl\/wp-content\/uploads\/2023\/11\/Milosz-Maczynski-fot.-Magdalena-Halas-300x200.jpg 300w, https:\/\/www.amuz.krakow.pl\/wp-content\/uploads\/2023\/11\/Milosz-Maczynski-fot.-Magdalena-Halas-768x513.jpg 768w, https:\/\/www.amuz.krakow.pl\/wp-content\/uploads\/2023\/11\/Milosz-Maczynski-fot.-Magdalena-Halas-1536x1025.jpg 1536w\" sizes=\"auto, (max-width: 400px) 100vw, 400px\" \/><\/a><figcaption id=\"caption-attachment-80733\" class=\"wp-caption-text\">photo by Magdalena Ha\u0142as<\/figcaption><\/figure><\/p>\n<p style=\"text-align: justify;\">In 2010, he graduated with honours from the Krzysztof Penderecki Academy of Music in Cracow in the guitar class of Prof. dr hab. Micha\u0142 Nagy. In 2014, he obtained the degree of Doctor of Arts at his alma mater. He has been honing his skills by taking part in numerous masterclasses conducted by, among others, Roberto Aussel, Ricardo Gall\u00e9n, Pablo Garibay, Marcin Dylla, Edin Karamazov, Tilman Hoppstock, and Jan Depreter. As a soloist and chamber musician, Mi\u0142osz has won prizes in international competitions in Montreal, Brno, Gorizia, and many others. He has given concerts in Poland, Austria, France, Germany, Great Britain, Spain, Italy, and Slovakia. As a soloist, the guitarist has performed under the direction of, for example, Szymon Morus, Jacek Rogala, Piotr Su\u0142kowski, George Tchitchinadze, performing concertos by Mario Castelnuovo-Tedesco, Antoine de Lhoyer, and Joaqu\u00edn Rodrigo\u2019s <em>Concierto Andaluz<\/em>. He has performed world premieres and Polish premieres of works by the following composers Romuald Twardowski, Karol Nepelski, Karol Osman, and Maciej Zimka. Since 2016, the artist has been a member of the Cracow Guitar Quartet, with which he performs as part of significant festivals and concert series. In 2022, the quartet\u2019s album entitled Musical Landscapes (DUX record label) was released. As a chamber musician, he has co-operated with, for example, accordionist and composer Maciej Zimka. In 2022, the album <em>Out of the Circle<\/em> was released, featuring the premiere recording of the Sonata for accordion and guitar by Maciej Zimka. The recording received a golden diploma in the Musical Eagles competition. Mi\u0142osz M\u0105czy\u0144ski runs a guitar class at the Krzysztof Penderecki Academy of Music in Cracow. Currently, he is employed as an assistant professor. His pupils and students win prizes in international competitions in Austria, Liechtenstein, the Czech Republic, and Poland. He is a jury member of national guitar competitions and of auditions organised by the Centre for Artistic Education; he lectures at workshops and summer music courses.<\/p>\n<p><a href=\"mailto:milosz.maczynski@amuz.krakow.pl\">milosz.maczynski@amuz.krakow.pl<\/a><\/p>","protected":false},"excerpt":{"rendered":"<p>In 2010, he graduated with honours from the Krzysztof Penderecki Academy of Music in Cracow in the guitar class of Prof. dr hab. Micha\u0142 Nagy. In 2014, he obtained the&hellip; <a href=\"https:\/\/www.amuz.krakow.pl\/en\/wydzialy\/wydzial-ii-instrumentalny\/katedra-gitary-i-harfy\/pracownicy-katedry\/dr-milosz-maczynski\/\">Continue reading<\/a><\/p>\n","protected":false},"author":72,"featured_media":80733,"parent":1945,"menu_order":40,"comment_status":"closed","ping_status":"closed","template":"","meta":{"footnotes":"","_links_to":"","_links_to_target":""},"class_list":["post-1967","page","type-page","status-publish","has-post-thumbnail","hentry"],"yoast_head":"<!-- This site is optimized with the Yoast SEO plugin v27.5 - https:\/\/yoast.com\/product\/yoast-seo-wordpress\/ -->\n<title>AMKP - Akademia Muzyczna im. Krzysztofa Pendereckiego w Krakowie<\/title>\n<meta name=\"robots\" content=\"index, follow, max-snippet:-1, max-image-preview:large, max-video-preview:-1\" \/>\n<link rel=\"canonical\" href=\"https:\/\/www.amuz.krakow.pl\/wydzialy\/wydzial-ii-instrumentalny\/katedra-gitary-i-harfy\/pracownicy-katedry\/dr-milosz-maczynski\/\" \/>\n<meta property=\"og:locale\" content=\"en_US\" \/>\n<meta property=\"og:type\" content=\"article\" \/>\n<meta property=\"og:title\" content=\"AMKP - Akademia Muzyczna im. Krzysztofa Pendereckiego w Krakowie\" \/>\n<meta property=\"og:description\" content=\"In 2010, he graduated with honours from the Krzysztof Penderecki Academy of Music in Cracow in the guitar class of Prof. dr hab. Micha\u0142 Nagy. In 2014, he obtained the&hellip; Continue reading\" \/>\n<meta property=\"og:url\" content=\"https:\/\/www.amuz.krakow.pl\/wydzialy\/wydzial-ii-instrumentalny\/katedra-gitary-i-harfy\/pracownicy-katedry\/dr-milosz-maczynski\/\" \/>\n<meta property=\"og:site_name\" content=\"Akademia Muzyczna im. Krzysztofa Pendereckiego w Krakowie\" \/>\n<meta property=\"article:publisher\" content=\"https:\/\/www.facebook.com\/amuz.krakow\" \/>\n<meta property=\"article:modified_time\" content=\"2025-03-03T12:35:44+00:00\" \/>\n<meta property=\"og:image\" content=\"https:\/\/www.amuz.krakow.pl\/wp-content\/uploads\/2023\/11\/Milosz-Maczynski-fot.-Magdalena-Halas-scaled.jpg\" \/>\n\t<meta property=\"og:image:width\" content=\"2048\" \/>\n\t<meta property=\"og:image:height\" content=\"1367\" \/>\n\t<meta property=\"og:image:type\" content=\"image\/jpeg\" \/>\n<meta name=\"twitter:card\" content=\"summary_large_image\" \/>\n<meta name=\"twitter:label1\" content=\"Est. reading time\" \/>\n\t<meta name=\"twitter:data1\" content=\"3 minutes\" \/>\n<script type=\"application\/ld+json\" class=\"yoast-schema-graph\">{\"@context\":\"https:\\\/\\\/schema.org\",\"@graph\":[{\"@type\":\"WebPage\",\"@id\":\"https:\\\/\\\/www.amuz.krakow.pl\\\/wydzialy\\\/wydzial-ii-instrumentalny\\\/katedra-gitary-i-harfy\\\/pracownicy-katedry\\\/dr-milosz-maczynski\\\/\",\"url\":\"https:\\\/\\\/www.amuz.krakow.pl\\\/wydzialy\\\/wydzial-ii-instrumentalny\\\/katedra-gitary-i-harfy\\\/pracownicy-katedry\\\/dr-milosz-maczynski\\\/\",\"name\":\"AMKP - Akademia Muzyczna im. Krzysztofa Pendereckiego w Krakowie\",\"isPartOf\":{\"@id\":\"https:\\\/\\\/www.amuz.krakow.pl\\\/#website\"},\"primaryImageOfPage\":{\"@id\":\"https:\\\/\\\/www.amuz.krakow.pl\\\/wydzialy\\\/wydzial-ii-instrumentalny\\\/katedra-gitary-i-harfy\\\/pracownicy-katedry\\\/dr-milosz-maczynski\\\/#primaryimage\"},\"image\":{\"@id\":\"https:\\\/\\\/www.amuz.krakow.pl\\\/wydzialy\\\/wydzial-ii-instrumentalny\\\/katedra-gitary-i-harfy\\\/pracownicy-katedry\\\/dr-milosz-maczynski\\\/#primaryimage\"},\"thumbnailUrl\":\"https:\\\/\\\/www.amuz.krakow.pl\\\/wp-content\\\/uploads\\\/2023\\\/11\\\/Milosz-Maczynski-fot.-Magdalena-Halas-scaled.jpg\",\"datePublished\":\"2016-02-16T11:11:05+00:00\",\"dateModified\":\"2025-03-03T12:35:44+00:00\",\"breadcrumb\":{\"@id\":\"https:\\\/\\\/www.amuz.krakow.pl\\\/wydzialy\\\/wydzial-ii-instrumentalny\\\/katedra-gitary-i-harfy\\\/pracownicy-katedry\\\/dr-milosz-maczynski\\\/#breadcrumb\"},\"inLanguage\":\"en-US\",\"potentialAction\":[{\"@type\":\"ReadAction\",\"target\":[\"https:\\\/\\\/www.amuz.krakow.pl\\\/wydzialy\\\/wydzial-ii-instrumentalny\\\/katedra-gitary-i-harfy\\\/pracownicy-katedry\\\/dr-milosz-maczynski\\\/\"]}]},{\"@type\":\"ImageObject\",\"inLanguage\":\"en-US\",\"@id\":\"https:\\\/\\\/www.amuz.krakow.pl\\\/wydzialy\\\/wydzial-ii-instrumentalny\\\/katedra-gitary-i-harfy\\\/pracownicy-katedry\\\/dr-milosz-maczynski\\\/#primaryimage\",\"url\":\"https:\\\/\\\/www.amuz.krakow.pl\\\/wp-content\\\/uploads\\\/2023\\\/11\\\/Milosz-Maczynski-fot.-Magdalena-Halas-scaled.jpg\",\"contentUrl\":\"https:\\\/\\\/www.amuz.krakow.pl\\\/wp-content\\\/uploads\\\/2023\\\/11\\\/Milosz-Maczynski-fot.-Magdalena-Halas-scaled.jpg\",\"width\":2048,\"height\":1367,\"caption\":\"fot. Magdalena Ha\u0142as\"},{\"@type\":\"BreadcrumbList\",\"@id\":\"https:\\\/\\\/www.amuz.krakow.pl\\\/wydzialy\\\/wydzial-ii-instrumentalny\\\/katedra-gitary-i-harfy\\\/pracownicy-katedry\\\/dr-milosz-maczynski\\\/#breadcrumb\",\"itemListElement\":[{\"@type\":\"ListItem\",\"position\":1,\"name\":\"Strona g\u0142\u00f3wna\",\"item\":\"https:\\\/\\\/www.amuz.krakow.pl\\\/\"},{\"@type\":\"ListItem\",\"position\":2,\"name\":\"WYDZIA\u0141Y\",\"item\":\"https:\\\/\\\/www.amuz.krakow.pl\\\/wydzialy\\\/\"},{\"@type\":\"ListItem\",\"position\":3,\"name\":\"Wydzia\u0142 Instrumentalny\",\"item\":\"https:\\\/\\\/www.amuz.krakow.pl\\\/wydzialy\\\/wydzial-ii-instrumentalny\\\/\"},{\"@type\":\"ListItem\",\"position\":4,\"name\":\"Katedra Gitary i Harfy\",\"item\":\"https:\\\/\\\/www.amuz.krakow.pl\\\/wydzialy\\\/wydzial-ii-instrumentalny\\\/katedra-gitary-i-harfy\\\/\"},{\"@type\":\"ListItem\",\"position\":5,\"name\":\"Pracownicy Katedry\",\"item\":\"https:\\\/\\\/www.amuz.krakow.pl\\\/wydzialy\\\/wydzial-ii-instrumentalny\\\/katedra-gitary-i-harfy\\\/pracownicy-katedry\\\/\"},{\"@type\":\"ListItem\",\"position\":6,\"name\":\"dr hab. Mi\u0142osz M\u0105czy\u0144ski\"}]},{\"@type\":\"WebSite\",\"@id\":\"https:\\\/\\\/www.amuz.krakow.pl\\\/#website\",\"url\":\"https:\\\/\\\/www.amuz.krakow.pl\\\/\",\"name\":\"Akademia Muzyczna im. Krzysztofa Pendereckiego w Krakowie\",\"description\":\"Oficjalna strona Akademii Muzycznej im. Krzysztofa Pendereckiego w Krakowie (AMKP).\",\"publisher\":{\"@id\":\"https:\\\/\\\/www.amuz.krakow.pl\\\/#organization\"},\"alternateName\":\"AMKP\",\"potentialAction\":[{\"@type\":\"SearchAction\",\"target\":{\"@type\":\"EntryPoint\",\"urlTemplate\":\"https:\\\/\\\/www.amuz.krakow.pl\\\/?s={search_term_string}\"},\"query-input\":{\"@type\":\"PropertyValueSpecification\",\"valueRequired\":true,\"valueName\":\"search_term_string\"}}],\"inLanguage\":\"en-US\"},{\"@type\":\"Organization\",\"@id\":\"https:\\\/\\\/www.amuz.krakow.pl\\\/#organization\",\"name\":\"Akademia Muzyczna im. Krzysztofa Pendereckiego w Krakowie\",\"alternateName\":\"AMKP\",\"url\":\"https:\\\/\\\/www.amuz.krakow.pl\\\/\",\"logo\":{\"@type\":\"ImageObject\",\"inLanguage\":\"en-US\",\"@id\":\"https:\\\/\\\/www.amuz.krakow.pl\\\/#\\\/schema\\\/logo\\\/image\\\/\",\"url\":\"https:\\\/\\\/www.amuz.krakow.pl\\\/wp-content\\\/uploads\\\/2021\\\/11\\\/amkp.jpg\",\"contentUrl\":\"https:\\\/\\\/www.amuz.krakow.pl\\\/wp-content\\\/uploads\\\/2021\\\/11\\\/amkp.jpg\",\"width\":1193,\"height\":591,\"caption\":\"Akademia Muzyczna im. Krzysztofa Pendereckiego w Krakowie\"},\"image\":{\"@id\":\"https:\\\/\\\/www.amuz.krakow.pl\\\/#\\\/schema\\\/logo\\\/image\\\/\"},\"sameAs\":[\"https:\\\/\\\/www.facebook.com\\\/amuz.krakow\",\"https:\\\/\\\/www.instagram.com\\\/amkpenderecki\\\/\",\"https:\\\/\\\/www.youtube.com\\\/@amkpenderecki4806\"]}]}<\/script>\n<!-- \/ Yoast SEO plugin. -->","yoast_head_json":{"title":"AMKP - Akademia Muzyczna im. Krzysztofa Pendereckiego w Krakowie","robots":{"index":"index","follow":"follow","max-snippet":"max-snippet:-1","max-image-preview":"max-image-preview:large","max-video-preview":"max-video-preview:-1"},"canonical":"https:\/\/www.amuz.krakow.pl\/wydzialy\/wydzial-ii-instrumentalny\/katedra-gitary-i-harfy\/pracownicy-katedry\/dr-milosz-maczynski\/","og_locale":"en_US","og_type":"article","og_title":"AMKP - Akademia Muzyczna im. Krzysztofa Pendereckiego w Krakowie","og_description":"In 2010, he graduated with honours from the Krzysztof Penderecki Academy of Music in Cracow in the guitar class of Prof. dr hab. Micha\u0142 Nagy. In 2014, he obtained the&hellip; Continue reading","og_url":"https:\/\/www.amuz.krakow.pl\/wydzialy\/wydzial-ii-instrumentalny\/katedra-gitary-i-harfy\/pracownicy-katedry\/dr-milosz-maczynski\/","og_site_name":"Akademia Muzyczna im. Krzysztofa Pendereckiego w Krakowie","article_publisher":"https:\/\/www.facebook.com\/amuz.krakow","article_modified_time":"2025-03-03T12:35:44+00:00","og_image":[{"width":2048,"height":1367,"url":"https:\/\/www.amuz.krakow.pl\/wp-content\/uploads\/2023\/11\/Milosz-Maczynski-fot.-Magdalena-Halas-scaled.jpg","type":"image\/jpeg"}],"twitter_card":"summary_large_image","twitter_misc":{"Est. reading time":"3 minutes"},"schema":{"@context":"https:\/\/schema.org","@graph":[{"@type":"WebPage","@id":"https:\/\/www.amuz.krakow.pl\/wydzialy\/wydzial-ii-instrumentalny\/katedra-gitary-i-harfy\/pracownicy-katedry\/dr-milosz-maczynski\/","url":"https:\/\/www.amuz.krakow.pl\/wydzialy\/wydzial-ii-instrumentalny\/katedra-gitary-i-harfy\/pracownicy-katedry\/dr-milosz-maczynski\/","name":"AMKP - Akademia Muzyczna im. Krzysztofa Pendereckiego w Krakowie","isPartOf":{"@id":"https:\/\/www.amuz.krakow.pl\/#website"},"primaryImageOfPage":{"@id":"https:\/\/www.amuz.krakow.pl\/wydzialy\/wydzial-ii-instrumentalny\/katedra-gitary-i-harfy\/pracownicy-katedry\/dr-milosz-maczynski\/#primaryimage"},"image":{"@id":"https:\/\/www.amuz.krakow.pl\/wydzialy\/wydzial-ii-instrumentalny\/katedra-gitary-i-harfy\/pracownicy-katedry\/dr-milosz-maczynski\/#primaryimage"},"thumbnailUrl":"https:\/\/www.amuz.krakow.pl\/wp-content\/uploads\/2023\/11\/Milosz-Maczynski-fot.-Magdalena-Halas-scaled.jpg","datePublished":"2016-02-16T11:11:05+00:00","dateModified":"2025-03-03T12:35:44+00:00","breadcrumb":{"@id":"https:\/\/www.amuz.krakow.pl\/wydzialy\/wydzial-ii-instrumentalny\/katedra-gitary-i-harfy\/pracownicy-katedry\/dr-milosz-maczynski\/#breadcrumb"},"inLanguage":"en-US","potentialAction":[{"@type":"ReadAction","target":["https:\/\/www.amuz.krakow.pl\/wydzialy\/wydzial-ii-instrumentalny\/katedra-gitary-i-harfy\/pracownicy-katedry\/dr-milosz-maczynski\/"]}]},{"@type":"ImageObject","inLanguage":"en-US","@id":"https:\/\/www.amuz.krakow.pl\/wydzialy\/wydzial-ii-instrumentalny\/katedra-gitary-i-harfy\/pracownicy-katedry\/dr-milosz-maczynski\/#primaryimage","url":"https:\/\/www.amuz.krakow.pl\/wp-content\/uploads\/2023\/11\/Milosz-Maczynski-fot.-Magdalena-Halas-scaled.jpg","contentUrl":"https:\/\/www.amuz.krakow.pl\/wp-content\/uploads\/2023\/11\/Milosz-Maczynski-fot.-Magdalena-Halas-scaled.jpg","width":2048,"height":1367,"caption":"fot. Magdalena Ha\u0142as"},{"@type":"BreadcrumbList","@id":"https:\/\/www.amuz.krakow.pl\/wydzialy\/wydzial-ii-instrumentalny\/katedra-gitary-i-harfy\/pracownicy-katedry\/dr-milosz-maczynski\/#breadcrumb","itemListElement":[{"@type":"ListItem","position":1,"name":"Strona g\u0142\u00f3wna","item":"https:\/\/www.amuz.krakow.pl\/"},{"@type":"ListItem","position":2,"name":"WYDZIA\u0141Y","item":"https:\/\/www.amuz.krakow.pl\/wydzialy\/"},{"@type":"ListItem","position":3,"name":"Wydzia\u0142 Instrumentalny","item":"https:\/\/www.amuz.krakow.pl\/wydzialy\/wydzial-ii-instrumentalny\/"},{"@type":"ListItem","position":4,"name":"Katedra Gitary i Harfy","item":"https:\/\/www.amuz.krakow.pl\/wydzialy\/wydzial-ii-instrumentalny\/katedra-gitary-i-harfy\/"},{"@type":"ListItem","position":5,"name":"Pracownicy Katedry","item":"https:\/\/www.amuz.krakow.pl\/wydzialy\/wydzial-ii-instrumentalny\/katedra-gitary-i-harfy\/pracownicy-katedry\/"},{"@type":"ListItem","position":6,"name":"dr hab. Mi\u0142osz M\u0105czy\u0144ski"}]},{"@type":"WebSite","@id":"https:\/\/www.amuz.krakow.pl\/#website","url":"https:\/\/www.amuz.krakow.pl\/","name":"Akademia Muzyczna im. Krzysztofa Pendereckiego w Krakowie","description":"Oficjalna strona Akademii Muzycznej im. Krzysztofa Pendereckiego w Krakowie (AMKP).","publisher":{"@id":"https:\/\/www.amuz.krakow.pl\/#organization"},"alternateName":"AMKP","potentialAction":[{"@type":"SearchAction","target":{"@type":"EntryPoint","urlTemplate":"https:\/\/www.amuz.krakow.pl\/?s={search_term_string}"},"query-input":{"@type":"PropertyValueSpecification","valueRequired":true,"valueName":"search_term_string"}}],"inLanguage":"en-US"},{"@type":"Organization","@id":"https:\/\/www.amuz.krakow.pl\/#organization","name":"Akademia Muzyczna im. Krzysztofa Pendereckiego w Krakowie","alternateName":"AMKP","url":"https:\/\/www.amuz.krakow.pl\/","logo":{"@type":"ImageObject","inLanguage":"en-US","@id":"https:\/\/www.amuz.krakow.pl\/#\/schema\/logo\/image\/","url":"https:\/\/www.amuz.krakow.pl\/wp-content\/uploads\/2021\/11\/amkp.jpg","contentUrl":"https:\/\/www.amuz.krakow.pl\/wp-content\/uploads\/2021\/11\/amkp.jpg","width":1193,"height":591,"caption":"Akademia Muzyczna im. Krzysztofa Pendereckiego w Krakowie"},"image":{"@id":"https:\/\/www.amuz.krakow.pl\/#\/schema\/logo\/image\/"},"sameAs":["https:\/\/www.facebook.com\/amuz.krakow","https:\/\/www.instagram.com\/amkpenderecki\/","https:\/\/www.youtube.com\/@amkpenderecki4806"]}]}},"_links":{"self":[{"href":"https:\/\/www.amuz.krakow.pl\/en\/wp-json\/wp\/v2\/pages\/1967","targetHints":{"allow":["GET"]}}],"collection":[{"href":"https:\/\/www.amuz.krakow.pl\/en\/wp-json\/wp\/v2\/pages"}],"about":[{"href":"https:\/\/www.amuz.krakow.pl\/en\/wp-json\/wp\/v2\/types\/page"}],"author":[{"embeddable":true,"href":"https:\/\/www.amuz.krakow.pl\/en\/wp-json\/wp\/v2\/users\/72"}],"replies":[{"embeddable":true,"href":"https:\/\/www.amuz.krakow.pl\/en\/wp-json\/wp\/v2\/comments?post=1967"}],"version-history":[{"count":14,"href":"https:\/\/www.amuz.krakow.pl\/en\/wp-json\/wp\/v2\/pages\/1967\/revisions"}],"predecessor-version":[{"id":97843,"href":"https:\/\/www.amuz.krakow.pl\/en\/wp-json\/wp\/v2\/pages\/1967\/revisions\/97843"}],"up":[{"embeddable":true,"href":"https:\/\/www.amuz.krakow.pl\/en\/wp-json\/wp\/v2\/pages\/1945"}],"wp:featuredmedia":[{"embeddable":true,"href":"https:\/\/www.amuz.krakow.pl\/en\/wp-json\/wp\/v2\/media\/80733"}],"wp:attachment":[{"href":"https:\/\/www.amuz.krakow.pl\/en\/wp-json\/wp\/v2\/media?parent=1967"}],"curies":[{"name":"wp","href":"https:\/\/api.w.org\/{rel}","templated":true}]}}