{"id":1955,"date":"2016-02-16T11:16:23","date_gmt":"2016-02-16T10:16:23","guid":{"rendered":"http:\/\/strony.amuz.krakow.pl\/?page_id=1955"},"modified":"2023-11-29T14:21:36","modified_gmt":"2023-11-29T13:21:36","slug":"dr-hab-michal-nagy","status":"publish","type":"page","link":"https:\/\/www.amuz.krakow.pl\/en\/wydzialy\/wydzial-ii-instrumentalny\/katedra-gitary-i-harfy\/pracownicy-katedry\/dr-hab-michal-nagy\/","title":{"rendered":"prof. dr hab. Micha\u0142 Nagy &#8211; HEAD"},"content":{"rendered":"<p><figure id=\"attachment_37333\" aria-describedby=\"caption-attachment-37333\" style=\"width: 293px\" class=\"wp-caption alignleft\"><a href=\"https:\/\/www.amuz.krakow.pl\/wp-content\/uploads\/2020\/03\/Micha\u0142-Nagy-fot.-Ewelina-St\u0119pie\u0144.jpg\"><img loading=\"lazy\" decoding=\"async\" class=\"wp-image-37333\" src=\"https:\/\/www.amuz.krakow.pl\/wp-content\/uploads\/2020\/03\/Micha\u0142-Nagy-fot.-Ewelina-St\u0119pie\u0144-300x200.jpg\" alt=\"\" width=\"293\" height=\"195\" srcset=\"https:\/\/www.amuz.krakow.pl\/wp-content\/uploads\/2020\/03\/Micha\u0142-Nagy-fot.-Ewelina-St\u0119pie\u0144-300x200.jpg 300w, https:\/\/www.amuz.krakow.pl\/wp-content\/uploads\/2020\/03\/Micha\u0142-Nagy-fot.-Ewelina-St\u0119pie\u0144-768x513.jpg 768w, https:\/\/www.amuz.krakow.pl\/wp-content\/uploads\/2020\/03\/Micha\u0142-Nagy-fot.-Ewelina-St\u0119pie\u0144-1536x1025.jpg 1536w, https:\/\/www.amuz.krakow.pl\/wp-content\/uploads\/2020\/03\/Micha\u0142-Nagy-fot.-Ewelina-St\u0119pie\u0144.jpg 2048w\" sizes=\"auto, (max-width: 293px) 100vw, 293px\" \/><\/a><figcaption id=\"caption-attachment-37333\" class=\"wp-caption-text\">fot. Ewelina St\u0119pie\u0144<\/figcaption><\/figure><\/p>\n<p style=\"text-align: justify;\">Gives performances both as a soloist and a chamber musician. He has performed at numerous music festivals (such as the Warsaw Autumn, Menuhin Festival Gstaad, Carintischer Sommer, Allegro Vivo, Kwartesencja, Gitarre Wien, the Wroc\u0142aw Guitar Festival). A a soloist he has worked with the orchestras: National Philharmonic Orchestra, the Wroc\u0142aw Vratislavia Chamber Orchestra, Leopoldinum, Concerto Avenna, Capella Bydgostiensis, Camerata Nova, Fresco Sonare, Sinfonietta Cracovia and the Chopin Academia Orchestra. He has also performed together with the National Philharmonic Chamber Musicians, the Royal String Quartet and the Wiener Instrumentalsolisten band, and as a member of New Tango Bridge and New Art Ensemble. He is also the co-founder and a member of an international guitar quartet, Guitar 4mation, specialising in performances of 20th and 21st century music, including a repertoire combining contemporary music and jazz. Since 2015 he is a member of Hirundo Maris, a group founded by Arianna Savall and Petter Udland Johansen ( CD productions: Il Viaggio d\u2019Amore\u201c, \u201cThe Wind Rose\u201d).<\/p>\n<p style=\"text-align: justify;\">Micha\u0142 Nagy also performs duets with Marcin Siatkowski, a guitarist, Robert Kabara, a violinist, Arkadiusz Krupa, an oboist and Klaudiusz Baran, an accordionist and bandeonist. The artist has made some solo recordings for Polish Radio and Television. He is the author of many guitar arrangements, both solo and with chamber orchestras, and also works as an editor for the Polskie Wydawnictwo Muzyczne. He also works with theatre music for the Juliusz S\u0142owacki Theatre in Krakow and has recorded music for the following record companies: Sony Music (the 2002 Fryderyk award for the Piazzolla Tango record), Dux (nominated for the 2000 Fryderyk award for Micropiezas), Polskie Nagrania Edition, Carpe Diem Records and Gramola Vienna.<\/p>\n<p style=\"text-align: justify;\">He is a laureate of international guitar competitions in Fiuggi, Gdansk, Krakow and Tychy. He has been the holder of the Fundacja Kultury scholarship twice. He is the laureate of the Malopolska Region Ars Quaerendi 2010 award for outstanding actions for promotion and popularisation of culture. He has been a teacher at the Academy of Music in Krakow since 1997. Since 2008 he has been the artistic director of Terra Artis Festival in Lanckorona, in the vicinity of Krakow.<\/p>\n<p style=\"text-align: justify;\">Micha\u0142 Nagy is a D\u2019Addario Artist.<\/p>\n<p><a href=\"mailto:michal.nagy@amuz.krakow.pl\">michal.nagy@amuz.krakow.pl<\/a><\/p>","protected":false},"excerpt":{"rendered":"<p>Gives performances both as a soloist and a chamber musician. He has performed at numerous music festivals (such as the Warsaw Autumn, Menuhin Festival Gstaad, Carintischer Sommer, Allegro Vivo, Kwartesencja,&hellip; <a href=\"https:\/\/www.amuz.krakow.pl\/en\/wydzialy\/wydzial-ii-instrumentalny\/katedra-gitary-i-harfy\/pracownicy-katedry\/dr-hab-michal-nagy\/\">Continue reading<\/a><\/p>\n","protected":false},"author":72,"featured_media":37333,"parent":1945,"menu_order":1,"comment_status":"closed","ping_status":"closed","template":"","meta":{"footnotes":"","_links_to":"","_links_to_target":""},"class_list":["post-1955","page","type-page","status-publish","has-post-thumbnail","hentry"],"yoast_head":"<!-- This site is optimized with the Yoast SEO plugin v27.2 - https:\/\/yoast.com\/product\/yoast-seo-wordpress\/ -->\n<title>AMKP - Akademia Muzyczna im. Krzysztofa Pendereckiego w Krakowie<\/title>\n<meta name=\"robots\" content=\"index, follow, max-snippet:-1, max-image-preview:large, max-video-preview:-1\" \/>\n<link rel=\"canonical\" href=\"https:\/\/www.amuz.krakow.pl\/wydzialy\/wydzial-ii-instrumentalny\/katedra-gitary-i-harfy\/pracownicy-katedry\/dr-hab-michal-nagy\/\" \/>\n<meta property=\"og:locale\" content=\"en_US\" \/>\n<meta property=\"og:type\" content=\"article\" \/>\n<meta property=\"og:title\" content=\"AMKP - Akademia Muzyczna im. Krzysztofa Pendereckiego w Krakowie\" \/>\n<meta property=\"og:description\" content=\"Gives performances both as a soloist and a chamber musician. He has performed at numerous music festivals (such as the Warsaw Autumn, Menuhin Festival Gstaad, Carintischer Sommer, Allegro Vivo, Kwartesencja,&hellip; Continue reading\" \/>\n<meta property=\"og:url\" content=\"https:\/\/www.amuz.krakow.pl\/wydzialy\/wydzial-ii-instrumentalny\/katedra-gitary-i-harfy\/pracownicy-katedry\/dr-hab-michal-nagy\/\" \/>\n<meta property=\"og:site_name\" content=\"Akademia Muzyczna im. Krzysztofa Pendereckiego w Krakowie\" \/>\n<meta property=\"article:publisher\" content=\"https:\/\/www.facebook.com\/amuz.krakow\" \/>\n<meta property=\"article:modified_time\" content=\"2023-11-29T13:21:36+00:00\" \/>\n<meta property=\"og:image\" content=\"https:\/\/www.amuz.krakow.pl\/wp-content\/uploads\/2020\/03\/Micha\u0142-Nagy-fot.-Ewelina-St\u0119pie\u0144.jpg\" \/>\n\t<meta property=\"og:image:width\" content=\"2048\" \/>\n\t<meta property=\"og:image:height\" content=\"1367\" \/>\n\t<meta property=\"og:image:type\" content=\"image\/jpeg\" \/>\n<meta name=\"twitter:card\" content=\"summary_large_image\" \/>\n<meta name=\"twitter:label1\" content=\"Est. reading time\" \/>\n\t<meta name=\"twitter:data1\" content=\"4 minutes\" \/>\n<script type=\"application\/ld+json\" class=\"yoast-schema-graph\">{\"@context\":\"https:\/\/schema.org\",\"@graph\":[{\"@type\":\"WebPage\",\"@id\":\"https:\/\/www.amuz.krakow.pl\/wydzialy\/wydzial-ii-instrumentalny\/katedra-gitary-i-harfy\/pracownicy-katedry\/dr-hab-michal-nagy\/\",\"url\":\"https:\/\/www.amuz.krakow.pl\/wydzialy\/wydzial-ii-instrumentalny\/katedra-gitary-i-harfy\/pracownicy-katedry\/dr-hab-michal-nagy\/\",\"name\":\"AMKP - Akademia Muzyczna im. Krzysztofa Pendereckiego w Krakowie\",\"isPartOf\":{\"@id\":\"https:\/\/www.amuz.krakow.pl\/#website\"},\"primaryImageOfPage\":{\"@id\":\"https:\/\/www.amuz.krakow.pl\/wydzialy\/wydzial-ii-instrumentalny\/katedra-gitary-i-harfy\/pracownicy-katedry\/dr-hab-michal-nagy\/#primaryimage\"},\"image\":{\"@id\":\"https:\/\/www.amuz.krakow.pl\/wydzialy\/wydzial-ii-instrumentalny\/katedra-gitary-i-harfy\/pracownicy-katedry\/dr-hab-michal-nagy\/#primaryimage\"},\"thumbnailUrl\":\"https:\/\/www.amuz.krakow.pl\/wp-content\/uploads\/2020\/03\/Micha\u0142-Nagy-fot.-Ewelina-St\u0119pie\u0144.jpg\",\"datePublished\":\"2016-02-16T10:16:23+00:00\",\"dateModified\":\"2023-11-29T13:21:36+00:00\",\"breadcrumb\":{\"@id\":\"https:\/\/www.amuz.krakow.pl\/wydzialy\/wydzial-ii-instrumentalny\/katedra-gitary-i-harfy\/pracownicy-katedry\/dr-hab-michal-nagy\/#breadcrumb\"},\"inLanguage\":\"en-US\",\"potentialAction\":[{\"@type\":\"ReadAction\",\"target\":[\"https:\/\/www.amuz.krakow.pl\/wydzialy\/wydzial-ii-instrumentalny\/katedra-gitary-i-harfy\/pracownicy-katedry\/dr-hab-michal-nagy\/\"]}]},{\"@type\":\"ImageObject\",\"inLanguage\":\"en-US\",\"@id\":\"https:\/\/www.amuz.krakow.pl\/wydzialy\/wydzial-ii-instrumentalny\/katedra-gitary-i-harfy\/pracownicy-katedry\/dr-hab-michal-nagy\/#primaryimage\",\"url\":\"https:\/\/www.amuz.krakow.pl\/wp-content\/uploads\/2020\/03\/Micha\u0142-Nagy-fot.-Ewelina-St\u0119pie\u0144.jpg\",\"contentUrl\":\"https:\/\/www.amuz.krakow.pl\/wp-content\/uploads\/2020\/03\/Micha\u0142-Nagy-fot.-Ewelina-St\u0119pie\u0144.jpg\",\"width\":2048,\"height\":1367,\"caption\":\"fot. Ewelina St\u0119pie\u0144\"},{\"@type\":\"BreadcrumbList\",\"@id\":\"https:\/\/www.amuz.krakow.pl\/wydzialy\/wydzial-ii-instrumentalny\/katedra-gitary-i-harfy\/pracownicy-katedry\/dr-hab-michal-nagy\/#breadcrumb\",\"itemListElement\":[{\"@type\":\"ListItem\",\"position\":1,\"name\":\"Strona g\u0142\u00f3wna\",\"item\":\"https:\/\/www.amuz.krakow.pl\/\"},{\"@type\":\"ListItem\",\"position\":2,\"name\":\"WYDZIA\u0141Y\",\"item\":\"https:\/\/www.amuz.krakow.pl\/wydzialy\/\"},{\"@type\":\"ListItem\",\"position\":3,\"name\":\"Wydzia\u0142 Instrumentalny\",\"item\":\"https:\/\/www.amuz.krakow.pl\/wydzialy\/wydzial-ii-instrumentalny\/\"},{\"@type\":\"ListItem\",\"position\":4,\"name\":\"Katedra Gitary i Harfy\",\"item\":\"https:\/\/www.amuz.krakow.pl\/wydzialy\/wydzial-ii-instrumentalny\/katedra-gitary-i-harfy\/\"},{\"@type\":\"ListItem\",\"position\":5,\"name\":\"Pracownicy Katedry\",\"item\":\"https:\/\/www.amuz.krakow.pl\/wydzialy\/wydzial-ii-instrumentalny\/katedra-gitary-i-harfy\/pracownicy-katedry\/\"},{\"@type\":\"ListItem\",\"position\":6,\"name\":\"prof. dr hab. Micha\u0142 Nagy &#8211; Kierownik Katedry\"}]},{\"@type\":\"WebSite\",\"@id\":\"https:\/\/www.amuz.krakow.pl\/#website\",\"url\":\"https:\/\/www.amuz.krakow.pl\/\",\"name\":\"Akademia Muzyczna im. Krzysztofa Pendereckiego w Krakowie\",\"description\":\"Oficjalna strona Akademii Muzycznej im. Krzysztofa Pendereckiego w Krakowie (AMKP).\",\"publisher\":{\"@id\":\"https:\/\/www.amuz.krakow.pl\/#organization\"},\"alternateName\":\"AMKP\",\"potentialAction\":[{\"@type\":\"SearchAction\",\"target\":{\"@type\":\"EntryPoint\",\"urlTemplate\":\"https:\/\/www.amuz.krakow.pl\/?s={search_term_string}\"},\"query-input\":{\"@type\":\"PropertyValueSpecification\",\"valueRequired\":true,\"valueName\":\"search_term_string\"}}],\"inLanguage\":\"en-US\"},{\"@type\":\"Organization\",\"@id\":\"https:\/\/www.amuz.krakow.pl\/#organization\",\"name\":\"Akademia Muzyczna im. Krzysztofa Pendereckiego w Krakowie\",\"alternateName\":\"AMKP\",\"url\":\"https:\/\/www.amuz.krakow.pl\/\",\"logo\":{\"@type\":\"ImageObject\",\"inLanguage\":\"en-US\",\"@id\":\"https:\/\/www.amuz.krakow.pl\/#\/schema\/logo\/image\/\",\"url\":\"https:\/\/www.amuz.krakow.pl\/wp-content\/uploads\/2021\/11\/amkp.jpg\",\"contentUrl\":\"https:\/\/www.amuz.krakow.pl\/wp-content\/uploads\/2021\/11\/amkp.jpg\",\"width\":1193,\"height\":591,\"caption\":\"Akademia Muzyczna im. Krzysztofa Pendereckiego w Krakowie\"},\"image\":{\"@id\":\"https:\/\/www.amuz.krakow.pl\/#\/schema\/logo\/image\/\"},\"sameAs\":[\"https:\/\/www.facebook.com\/amuz.krakow\",\"https:\/\/www.instagram.com\/amkpenderecki\/\",\"https:\/\/www.youtube.com\/@amkpenderecki4806\"]}]}<\/script>\n<!-- \/ Yoast SEO plugin. -->","yoast_head_json":{"title":"AMKP - Akademia Muzyczna im. Krzysztofa Pendereckiego w Krakowie","robots":{"index":"index","follow":"follow","max-snippet":"max-snippet:-1","max-image-preview":"max-image-preview:large","max-video-preview":"max-video-preview:-1"},"canonical":"https:\/\/www.amuz.krakow.pl\/wydzialy\/wydzial-ii-instrumentalny\/katedra-gitary-i-harfy\/pracownicy-katedry\/dr-hab-michal-nagy\/","og_locale":"en_US","og_type":"article","og_title":"AMKP - Akademia Muzyczna im. Krzysztofa Pendereckiego w Krakowie","og_description":"Gives performances both as a soloist and a chamber musician. He has performed at numerous music festivals (such as the Warsaw Autumn, Menuhin Festival Gstaad, Carintischer Sommer, Allegro Vivo, Kwartesencja,&hellip; Continue reading","og_url":"https:\/\/www.amuz.krakow.pl\/wydzialy\/wydzial-ii-instrumentalny\/katedra-gitary-i-harfy\/pracownicy-katedry\/dr-hab-michal-nagy\/","og_site_name":"Akademia Muzyczna im. Krzysztofa Pendereckiego w Krakowie","article_publisher":"https:\/\/www.facebook.com\/amuz.krakow","article_modified_time":"2023-11-29T13:21:36+00:00","og_image":[{"width":2048,"height":1367,"url":"https:\/\/www.amuz.krakow.pl\/wp-content\/uploads\/2020\/03\/Micha\u0142-Nagy-fot.-Ewelina-St\u0119pie\u0144.jpg","type":"image\/jpeg"}],"twitter_card":"summary_large_image","twitter_misc":{"Est. reading time":"4 minutes"},"schema":{"@context":"https:\/\/schema.org","@graph":[{"@type":"WebPage","@id":"https:\/\/www.amuz.krakow.pl\/wydzialy\/wydzial-ii-instrumentalny\/katedra-gitary-i-harfy\/pracownicy-katedry\/dr-hab-michal-nagy\/","url":"https:\/\/www.amuz.krakow.pl\/wydzialy\/wydzial-ii-instrumentalny\/katedra-gitary-i-harfy\/pracownicy-katedry\/dr-hab-michal-nagy\/","name":"AMKP - Akademia Muzyczna im. Krzysztofa Pendereckiego w Krakowie","isPartOf":{"@id":"https:\/\/www.amuz.krakow.pl\/#website"},"primaryImageOfPage":{"@id":"https:\/\/www.amuz.krakow.pl\/wydzialy\/wydzial-ii-instrumentalny\/katedra-gitary-i-harfy\/pracownicy-katedry\/dr-hab-michal-nagy\/#primaryimage"},"image":{"@id":"https:\/\/www.amuz.krakow.pl\/wydzialy\/wydzial-ii-instrumentalny\/katedra-gitary-i-harfy\/pracownicy-katedry\/dr-hab-michal-nagy\/#primaryimage"},"thumbnailUrl":"https:\/\/www.amuz.krakow.pl\/wp-content\/uploads\/2020\/03\/Micha\u0142-Nagy-fot.-Ewelina-St\u0119pie\u0144.jpg","datePublished":"2016-02-16T10:16:23+00:00","dateModified":"2023-11-29T13:21:36+00:00","breadcrumb":{"@id":"https:\/\/www.amuz.krakow.pl\/wydzialy\/wydzial-ii-instrumentalny\/katedra-gitary-i-harfy\/pracownicy-katedry\/dr-hab-michal-nagy\/#breadcrumb"},"inLanguage":"en-US","potentialAction":[{"@type":"ReadAction","target":["https:\/\/www.amuz.krakow.pl\/wydzialy\/wydzial-ii-instrumentalny\/katedra-gitary-i-harfy\/pracownicy-katedry\/dr-hab-michal-nagy\/"]}]},{"@type":"ImageObject","inLanguage":"en-US","@id":"https:\/\/www.amuz.krakow.pl\/wydzialy\/wydzial-ii-instrumentalny\/katedra-gitary-i-harfy\/pracownicy-katedry\/dr-hab-michal-nagy\/#primaryimage","url":"https:\/\/www.amuz.krakow.pl\/wp-content\/uploads\/2020\/03\/Micha\u0142-Nagy-fot.-Ewelina-St\u0119pie\u0144.jpg","contentUrl":"https:\/\/www.amuz.krakow.pl\/wp-content\/uploads\/2020\/03\/Micha\u0142-Nagy-fot.-Ewelina-St\u0119pie\u0144.jpg","width":2048,"height":1367,"caption":"fot. Ewelina St\u0119pie\u0144"},{"@type":"BreadcrumbList","@id":"https:\/\/www.amuz.krakow.pl\/wydzialy\/wydzial-ii-instrumentalny\/katedra-gitary-i-harfy\/pracownicy-katedry\/dr-hab-michal-nagy\/#breadcrumb","itemListElement":[{"@type":"ListItem","position":1,"name":"Strona g\u0142\u00f3wna","item":"https:\/\/www.amuz.krakow.pl\/"},{"@type":"ListItem","position":2,"name":"WYDZIA\u0141Y","item":"https:\/\/www.amuz.krakow.pl\/wydzialy\/"},{"@type":"ListItem","position":3,"name":"Wydzia\u0142 Instrumentalny","item":"https:\/\/www.amuz.krakow.pl\/wydzialy\/wydzial-ii-instrumentalny\/"},{"@type":"ListItem","position":4,"name":"Katedra Gitary i Harfy","item":"https:\/\/www.amuz.krakow.pl\/wydzialy\/wydzial-ii-instrumentalny\/katedra-gitary-i-harfy\/"},{"@type":"ListItem","position":5,"name":"Pracownicy Katedry","item":"https:\/\/www.amuz.krakow.pl\/wydzialy\/wydzial-ii-instrumentalny\/katedra-gitary-i-harfy\/pracownicy-katedry\/"},{"@type":"ListItem","position":6,"name":"prof. dr hab. Micha\u0142 Nagy &#8211; Kierownik Katedry"}]},{"@type":"WebSite","@id":"https:\/\/www.amuz.krakow.pl\/#website","url":"https:\/\/www.amuz.krakow.pl\/","name":"Akademia Muzyczna im. Krzysztofa Pendereckiego w Krakowie","description":"Oficjalna strona Akademii Muzycznej im. Krzysztofa Pendereckiego w Krakowie (AMKP).","publisher":{"@id":"https:\/\/www.amuz.krakow.pl\/#organization"},"alternateName":"AMKP","potentialAction":[{"@type":"SearchAction","target":{"@type":"EntryPoint","urlTemplate":"https:\/\/www.amuz.krakow.pl\/?s={search_term_string}"},"query-input":{"@type":"PropertyValueSpecification","valueRequired":true,"valueName":"search_term_string"}}],"inLanguage":"en-US"},{"@type":"Organization","@id":"https:\/\/www.amuz.krakow.pl\/#organization","name":"Akademia Muzyczna im. Krzysztofa Pendereckiego w Krakowie","alternateName":"AMKP","url":"https:\/\/www.amuz.krakow.pl\/","logo":{"@type":"ImageObject","inLanguage":"en-US","@id":"https:\/\/www.amuz.krakow.pl\/#\/schema\/logo\/image\/","url":"https:\/\/www.amuz.krakow.pl\/wp-content\/uploads\/2021\/11\/amkp.jpg","contentUrl":"https:\/\/www.amuz.krakow.pl\/wp-content\/uploads\/2021\/11\/amkp.jpg","width":1193,"height":591,"caption":"Akademia Muzyczna im. Krzysztofa Pendereckiego w Krakowie"},"image":{"@id":"https:\/\/www.amuz.krakow.pl\/#\/schema\/logo\/image\/"},"sameAs":["https:\/\/www.facebook.com\/amuz.krakow","https:\/\/www.instagram.com\/amkpenderecki\/","https:\/\/www.youtube.com\/@amkpenderecki4806"]}]}},"_links":{"self":[{"href":"https:\/\/www.amuz.krakow.pl\/en\/wp-json\/wp\/v2\/pages\/1955","targetHints":{"allow":["GET"]}}],"collection":[{"href":"https:\/\/www.amuz.krakow.pl\/en\/wp-json\/wp\/v2\/pages"}],"about":[{"href":"https:\/\/www.amuz.krakow.pl\/en\/wp-json\/wp\/v2\/types\/page"}],"author":[{"embeddable":true,"href":"https:\/\/www.amuz.krakow.pl\/en\/wp-json\/wp\/v2\/users\/72"}],"replies":[{"embeddable":true,"href":"https:\/\/www.amuz.krakow.pl\/en\/wp-json\/wp\/v2\/comments?post=1955"}],"version-history":[{"count":13,"href":"https:\/\/www.amuz.krakow.pl\/en\/wp-json\/wp\/v2\/pages\/1955\/revisions"}],"predecessor-version":[{"id":80741,"href":"https:\/\/www.amuz.krakow.pl\/en\/wp-json\/wp\/v2\/pages\/1955\/revisions\/80741"}],"up":[{"embeddable":true,"href":"https:\/\/www.amuz.krakow.pl\/en\/wp-json\/wp\/v2\/pages\/1945"}],"wp:featuredmedia":[{"embeddable":true,"href":"https:\/\/www.amuz.krakow.pl\/en\/wp-json\/wp\/v2\/media\/37333"}],"wp:attachment":[{"href":"https:\/\/www.amuz.krakow.pl\/en\/wp-json\/wp\/v2\/media?parent=1955"}],"curies":[{"name":"wp","href":"https:\/\/api.w.org\/{rel}","templated":true}]}}