{"id":19329,"date":"2017-10-16T22:05:37","date_gmt":"2017-10-16T20:05:37","guid":{"rendered":"https:\/\/www.amuz.krakow.pl\/?page_id=19329"},"modified":"2024-10-09T15:09:40","modified_gmt":"2024-10-09T13:09:40","slug":"dr-hab-katarzyna-suska","status":"publish","type":"page","link":"https:\/\/www.amuz.krakow.pl\/en\/wydzialy\/wydzial-iii-wokalno-aktorski\/katedra-wokalistyki\/pracownicy-katedry\/dr-hab-katarzyna-suska\/","title":{"rendered":"prof. dr hab. Katarzyna Suska-Zag\u00f3rska &#8211; HEAD"},"content":{"rendered":"<p><\/p>\n<p style=\"text-align: justify;\"><a href=\"https:\/\/www.amuz.krakow.pl\/wp-content\/uploads\/2017\/10\/Suska-Katarzyna.jpg\"><img loading=\"lazy\" decoding=\"async\" class=\"alignleft wp-image-19332\" src=\"https:\/\/www.amuz.krakow.pl\/wp-content\/uploads\/2017\/10\/Suska-Katarzyna-697x1024.jpg\" alt=\"\" width=\"204\" height=\"300\" srcset=\"https:\/\/www.amuz.krakow.pl\/wp-content\/uploads\/2017\/10\/Suska-Katarzyna-697x1024.jpg 697w, https:\/\/www.amuz.krakow.pl\/wp-content\/uploads\/2017\/10\/Suska-Katarzyna-204x300.jpg 204w, https:\/\/www.amuz.krakow.pl\/wp-content\/uploads\/2017\/10\/Suska-Katarzyna-768x1128.jpg 768w, https:\/\/www.amuz.krakow.pl\/wp-content\/uploads\/2017\/10\/Suska-Katarzyna.jpg 1603w\" sizes=\"auto, (max-width: 204px) 100vw, 204px\" \/><\/a>Graduated from the Faculty of Philology of the Jagiellonian University and from the Department of Voice and Drama of the Academy of Music in Cracow, started vocal education under the supervision of Izabella Jasi\u0144ska-Buszewicz, and continued under the supervision of Aida Filevi in Milan. She sang her debut in Antwerpen, holding the grant from the Alex de Vries Foundation (1985). Besides, Katarzyna Suska received\u00a0 grants from the Belgium Radio in 1986, participating in the European Centre for the Vocal and Opera Art in Alden Biesen, from the Association Musicale de Villecroze (France, 1987), from the Polish Ministry of Culture and Art (1986), and from the Government of Italy (Milan, 1988).<\/p>\n<p style=\"text-align: justify;\">A laureate of the first prize and three special prizes at the Ada Sari Vocal Art Competition in Nowy S\u0105cz (1986, Poland) and a finalist of the Luciano Pavarotti competition in Philadelphia (1988, the USA), Kararzyna Suska won the Golden Mask, a prize granted by musical and stage critics, for her role as Carmen in the staging of George Bizet\u2019s opera at the Silesian Opera House in Bytom in 1988.\u00a0 Soon, the artist\u2019s become one of the most popular Polish singers in the role of Carmen, performing it at\u00a0 \u0141\u00f3d\u017a Opera, Polish National Opera, Cracow Opera, as well as other theatres in Poland and abroad. In 1994 Katarzyna Suska received the Prize of the President of Cz\u0119stochowa for her achievements as vocal artist, and in 1999 she won the Golden Record for her performance as Zofia in Stanis\u0142aw Moniuszko\u2019s <em>Halka\u00a0 <\/em>at the stage of Polish National Opera in Warsaw. In 2015 she received Medal Deserved Culture\u00a0 &#8211; <em>Gloria Artis<\/em> .<\/p>\n<p style=\"text-align: justify;\">Since the 1995\/1996 season the artist has been affiliated with Polish National Opera, where she has been appearing in a number of mezzo soprano parts, including G. Bizet\u2019s <em>Carmen<\/em>, R. Strauss\u2019s <em>Der Rosen Kavalier<\/em> (as Octavian), G. Rossini\u2019s <em>Il Barbiere di Sevilla<\/em> <em>(<\/em>as Rosina) and <em>Tankredi (<\/em>as Isaura), W.A. Mozart\u2019s <em>Don Giovanni<\/em> (as Zerlina), G. Puccini\u2019s <em>Madama Butterfly <\/em>(as Suzuki). Besides, she has been invited as a guest singer by opera houses in Ankara, Lisbon, Brussels, Buffalo, Luxemburg, and Lyon. She sung more than 400 spetacles at this stage up till now.<\/p>\n<p style=\"text-align: justify;\">The artist has won special acclaim as performer of oratories. Her repertoire includes about\u00a0 80 pieces, from Vivaldi\u2019s <em>Stabat mater, <\/em>\u00a0Bach\u2019s passions and masses, to Mozart\u2019s <em>Requiem, Mass in C-minor<\/em>,\u00a0 Verdi\u2019s <em>Requiem<\/em>, Rossini\u2019s <em>Petite Messe Solenelle <\/em>and<em> Stabat Mater<\/em>, Mahler\u2019s <em>IV and VIII Symphony<\/em>, Beethoven\u2019s <em>\u00a0IX Symphony<\/em>, Dvorak\u2019s\u00a0 <em>Stabat Mater<\/em>, Prokofiev\u2019s Cantata <em>Alexander Nevski <\/em>, to contemporary works, such as Penderecki\u2019s <em>Te Deum <\/em>and<em> Credo<\/em>, Maksymiuk\u2019s <em>Arbor Vitae,<\/em> and Kilar\u2019s <em>Missa pro pace<\/em>. She sang these pieces to the accompaniment of outstanding Polish and foreign orchestras, such as Sinfonia Varsovia, the National Philharmonic Orchestra, Dusseldorpher Symphoniker, Stuttgarter Kammerorchester.<\/p>\n<p style=\"text-align: justify;\">Katarzyna Suska has also performed a number of song recitals in theatres all over Europe, including Antwerpen, Amsterdam, Bergen, Koln and Lourdes. She has released 15\u00a0 CDs, mostly with oratories. Two of them are recitals of songs with the pianist Maciej Zag\u00f3rski: <em>Debussy, Szymanowski, Satie<\/em> 2007, <em>Schubert, Hensel, Brahms<\/em> 2015. Both of them including first polish registration of songs of Erik Satie and Fanny Hensel.<\/p>\n<p style=\"text-align: justify;\">The artist is a member of Jury in some international singing contests and she is publishing articles about opera, history of theatre\u00a0 and vocal art. She is leading vocal mastercourses in Poland and abroad.<\/p>\n<p><a href=\"mailto:katarzyna.suska.zagorska@amuz.krakow.pl\">katarzyna.suska.zagorska@amuz.krakow.pl<\/a><\/p>\n<p>&nbsp;<\/p>","protected":false},"excerpt":{"rendered":"<p>Graduated from the Faculty of Philology of the Jagiellonian University and from the Department of Voice and Drama of the Academy of Music in Cracow, started vocal education under the&hellip; <a href=\"https:\/\/www.amuz.krakow.pl\/en\/wydzialy\/wydzial-iii-wokalno-aktorski\/katedra-wokalistyki\/pracownicy-katedry\/dr-hab-katarzyna-suska\/\">Continue reading<\/a><\/p>\n","protected":false},"author":72,"featured_media":19332,"parent":3238,"menu_order":-1,"comment_status":"closed","ping_status":"closed","template":"","meta":{"footnotes":"","_links_to":"","_links_to_target":""},"class_list":["post-19329","page","type-page","status-publish","has-post-thumbnail","hentry"],"yoast_head":"<!-- This site is optimized with the Yoast SEO plugin v27.2 - https:\/\/yoast.com\/product\/yoast-seo-wordpress\/ -->\n<title>AMKP - Akademia Muzyczna im. Krzysztofa Pendereckiego w Krakowie<\/title>\n<meta name=\"robots\" content=\"index, follow, max-snippet:-1, max-image-preview:large, max-video-preview:-1\" \/>\n<link rel=\"canonical\" href=\"https:\/\/www.amuz.krakow.pl\/wydzialy\/wydzial-iii-wokalno-aktorski\/katedra-wokalistyki\/pracownicy-katedry\/dr-hab-katarzyna-suska\/\" \/>\n<meta property=\"og:locale\" content=\"en_US\" \/>\n<meta property=\"og:type\" content=\"article\" \/>\n<meta property=\"og:title\" content=\"AMKP - Akademia Muzyczna im. Krzysztofa Pendereckiego w Krakowie\" \/>\n<meta property=\"og:description\" content=\"Graduated from the Faculty of Philology of the Jagiellonian University and from the Department of Voice and Drama of the Academy of Music in Cracow, started vocal education under the&hellip; Continue reading\" \/>\n<meta property=\"og:url\" content=\"https:\/\/www.amuz.krakow.pl\/wydzialy\/wydzial-iii-wokalno-aktorski\/katedra-wokalistyki\/pracownicy-katedry\/dr-hab-katarzyna-suska\/\" \/>\n<meta property=\"og:site_name\" content=\"Akademia Muzyczna im. Krzysztofa Pendereckiego w Krakowie\" \/>\n<meta property=\"article:publisher\" content=\"https:\/\/www.facebook.com\/amuz.krakow\" \/>\n<meta property=\"article:modified_time\" content=\"2024-10-09T13:09:40+00:00\" \/>\n<meta property=\"og:image\" content=\"https:\/\/www.amuz.krakow.pl\/wp-content\/uploads\/2017\/10\/Suska-Katarzyna.jpg\" \/>\n\t<meta property=\"og:image:width\" content=\"1603\" \/>\n\t<meta property=\"og:image:height\" content=\"2355\" \/>\n\t<meta property=\"og:image:type\" content=\"image\/jpeg\" \/>\n<meta name=\"twitter:card\" content=\"summary_large_image\" \/>\n<meta name=\"twitter:label1\" content=\"Est. reading time\" \/>\n\t<meta name=\"twitter:data1\" content=\"6 minutes\" \/>\n<script type=\"application\/ld+json\" class=\"yoast-schema-graph\">{\"@context\":\"https:\/\/schema.org\",\"@graph\":[{\"@type\":\"WebPage\",\"@id\":\"https:\/\/www.amuz.krakow.pl\/wydzialy\/wydzial-iii-wokalno-aktorski\/katedra-wokalistyki\/pracownicy-katedry\/dr-hab-katarzyna-suska\/\",\"url\":\"https:\/\/www.amuz.krakow.pl\/wydzialy\/wydzial-iii-wokalno-aktorski\/katedra-wokalistyki\/pracownicy-katedry\/dr-hab-katarzyna-suska\/\",\"name\":\"AMKP - Akademia Muzyczna im. Krzysztofa Pendereckiego w Krakowie\",\"isPartOf\":{\"@id\":\"https:\/\/www.amuz.krakow.pl\/#website\"},\"primaryImageOfPage\":{\"@id\":\"https:\/\/www.amuz.krakow.pl\/wydzialy\/wydzial-iii-wokalno-aktorski\/katedra-wokalistyki\/pracownicy-katedry\/dr-hab-katarzyna-suska\/#primaryimage\"},\"image\":{\"@id\":\"https:\/\/www.amuz.krakow.pl\/wydzialy\/wydzial-iii-wokalno-aktorski\/katedra-wokalistyki\/pracownicy-katedry\/dr-hab-katarzyna-suska\/#primaryimage\"},\"thumbnailUrl\":\"https:\/\/www.amuz.krakow.pl\/wp-content\/uploads\/2017\/10\/Suska-Katarzyna.jpg\",\"datePublished\":\"2017-10-16T20:05:37+00:00\",\"dateModified\":\"2024-10-09T13:09:40+00:00\",\"breadcrumb\":{\"@id\":\"https:\/\/www.amuz.krakow.pl\/wydzialy\/wydzial-iii-wokalno-aktorski\/katedra-wokalistyki\/pracownicy-katedry\/dr-hab-katarzyna-suska\/#breadcrumb\"},\"inLanguage\":\"en-US\",\"potentialAction\":[{\"@type\":\"ReadAction\",\"target\":[\"https:\/\/www.amuz.krakow.pl\/wydzialy\/wydzial-iii-wokalno-aktorski\/katedra-wokalistyki\/pracownicy-katedry\/dr-hab-katarzyna-suska\/\"]}]},{\"@type\":\"ImageObject\",\"inLanguage\":\"en-US\",\"@id\":\"https:\/\/www.amuz.krakow.pl\/wydzialy\/wydzial-iii-wokalno-aktorski\/katedra-wokalistyki\/pracownicy-katedry\/dr-hab-katarzyna-suska\/#primaryimage\",\"url\":\"https:\/\/www.amuz.krakow.pl\/wp-content\/uploads\/2017\/10\/Suska-Katarzyna.jpg\",\"contentUrl\":\"https:\/\/www.amuz.krakow.pl\/wp-content\/uploads\/2017\/10\/Suska-Katarzyna.jpg\",\"width\":1603,\"height\":2355},{\"@type\":\"BreadcrumbList\",\"@id\":\"https:\/\/www.amuz.krakow.pl\/wydzialy\/wydzial-iii-wokalno-aktorski\/katedra-wokalistyki\/pracownicy-katedry\/dr-hab-katarzyna-suska\/#breadcrumb\",\"itemListElement\":[{\"@type\":\"ListItem\",\"position\":1,\"name\":\"Strona g\u0142\u00f3wna\",\"item\":\"https:\/\/www.amuz.krakow.pl\/\"},{\"@type\":\"ListItem\",\"position\":2,\"name\":\"WYDZIA\u0141Y\",\"item\":\"https:\/\/www.amuz.krakow.pl\/wydzialy\/\"},{\"@type\":\"ListItem\",\"position\":3,\"name\":\"Wydzia\u0142 Wokalno-Aktorski\",\"item\":\"https:\/\/www.amuz.krakow.pl\/wydzialy\/wydzial-iii-wokalno-aktorski\/\"},{\"@type\":\"ListItem\",\"position\":4,\"name\":\"Katedra Wokalistyki\",\"item\":\"https:\/\/www.amuz.krakow.pl\/wydzialy\/wydzial-iii-wokalno-aktorski\/katedra-wokalistyki\/\"},{\"@type\":\"ListItem\",\"position\":5,\"name\":\"Pracownicy Katedry\",\"item\":\"https:\/\/www.amuz.krakow.pl\/wydzialy\/wydzial-iii-wokalno-aktorski\/katedra-wokalistyki\/pracownicy-katedry\/\"},{\"@type\":\"ListItem\",\"position\":6,\"name\":\"prof. dr hab. Katarzyna Suska-Zag\u00f3rska &#8211; Kierownik Katedry\"}]},{\"@type\":\"WebSite\",\"@id\":\"https:\/\/www.amuz.krakow.pl\/#website\",\"url\":\"https:\/\/www.amuz.krakow.pl\/\",\"name\":\"Akademia Muzyczna im. Krzysztofa Pendereckiego w Krakowie\",\"description\":\"Oficjalna strona Akademii Muzycznej im. Krzysztofa Pendereckiego w Krakowie (AMKP).\",\"publisher\":{\"@id\":\"https:\/\/www.amuz.krakow.pl\/#organization\"},\"alternateName\":\"AMKP\",\"potentialAction\":[{\"@type\":\"SearchAction\",\"target\":{\"@type\":\"EntryPoint\",\"urlTemplate\":\"https:\/\/www.amuz.krakow.pl\/?s={search_term_string}\"},\"query-input\":{\"@type\":\"PropertyValueSpecification\",\"valueRequired\":true,\"valueName\":\"search_term_string\"}}],\"inLanguage\":\"en-US\"},{\"@type\":\"Organization\",\"@id\":\"https:\/\/www.amuz.krakow.pl\/#organization\",\"name\":\"Akademia Muzyczna im. Krzysztofa Pendereckiego w Krakowie\",\"alternateName\":\"AMKP\",\"url\":\"https:\/\/www.amuz.krakow.pl\/\",\"logo\":{\"@type\":\"ImageObject\",\"inLanguage\":\"en-US\",\"@id\":\"https:\/\/www.amuz.krakow.pl\/#\/schema\/logo\/image\/\",\"url\":\"https:\/\/www.amuz.krakow.pl\/wp-content\/uploads\/2021\/11\/amkp.jpg\",\"contentUrl\":\"https:\/\/www.amuz.krakow.pl\/wp-content\/uploads\/2021\/11\/amkp.jpg\",\"width\":1193,\"height\":591,\"caption\":\"Akademia Muzyczna im. Krzysztofa Pendereckiego w Krakowie\"},\"image\":{\"@id\":\"https:\/\/www.amuz.krakow.pl\/#\/schema\/logo\/image\/\"},\"sameAs\":[\"https:\/\/www.facebook.com\/amuz.krakow\",\"https:\/\/www.instagram.com\/amkpenderecki\/\",\"https:\/\/www.youtube.com\/@amkpenderecki4806\"]}]}<\/script>\n<!-- \/ Yoast SEO plugin. -->","yoast_head_json":{"title":"AMKP - Akademia Muzyczna im. Krzysztofa Pendereckiego w Krakowie","robots":{"index":"index","follow":"follow","max-snippet":"max-snippet:-1","max-image-preview":"max-image-preview:large","max-video-preview":"max-video-preview:-1"},"canonical":"https:\/\/www.amuz.krakow.pl\/wydzialy\/wydzial-iii-wokalno-aktorski\/katedra-wokalistyki\/pracownicy-katedry\/dr-hab-katarzyna-suska\/","og_locale":"en_US","og_type":"article","og_title":"AMKP - Akademia Muzyczna im. Krzysztofa Pendereckiego w Krakowie","og_description":"Graduated from the Faculty of Philology of the Jagiellonian University and from the Department of Voice and Drama of the Academy of Music in Cracow, started vocal education under the&hellip; Continue reading","og_url":"https:\/\/www.amuz.krakow.pl\/wydzialy\/wydzial-iii-wokalno-aktorski\/katedra-wokalistyki\/pracownicy-katedry\/dr-hab-katarzyna-suska\/","og_site_name":"Akademia Muzyczna im. Krzysztofa Pendereckiego w Krakowie","article_publisher":"https:\/\/www.facebook.com\/amuz.krakow","article_modified_time":"2024-10-09T13:09:40+00:00","og_image":[{"width":1603,"height":2355,"url":"https:\/\/www.amuz.krakow.pl\/wp-content\/uploads\/2017\/10\/Suska-Katarzyna.jpg","type":"image\/jpeg"}],"twitter_card":"summary_large_image","twitter_misc":{"Est. reading time":"6 minutes"},"schema":{"@context":"https:\/\/schema.org","@graph":[{"@type":"WebPage","@id":"https:\/\/www.amuz.krakow.pl\/wydzialy\/wydzial-iii-wokalno-aktorski\/katedra-wokalistyki\/pracownicy-katedry\/dr-hab-katarzyna-suska\/","url":"https:\/\/www.amuz.krakow.pl\/wydzialy\/wydzial-iii-wokalno-aktorski\/katedra-wokalistyki\/pracownicy-katedry\/dr-hab-katarzyna-suska\/","name":"AMKP - Akademia Muzyczna im. Krzysztofa Pendereckiego w Krakowie","isPartOf":{"@id":"https:\/\/www.amuz.krakow.pl\/#website"},"primaryImageOfPage":{"@id":"https:\/\/www.amuz.krakow.pl\/wydzialy\/wydzial-iii-wokalno-aktorski\/katedra-wokalistyki\/pracownicy-katedry\/dr-hab-katarzyna-suska\/#primaryimage"},"image":{"@id":"https:\/\/www.amuz.krakow.pl\/wydzialy\/wydzial-iii-wokalno-aktorski\/katedra-wokalistyki\/pracownicy-katedry\/dr-hab-katarzyna-suska\/#primaryimage"},"thumbnailUrl":"https:\/\/www.amuz.krakow.pl\/wp-content\/uploads\/2017\/10\/Suska-Katarzyna.jpg","datePublished":"2017-10-16T20:05:37+00:00","dateModified":"2024-10-09T13:09:40+00:00","breadcrumb":{"@id":"https:\/\/www.amuz.krakow.pl\/wydzialy\/wydzial-iii-wokalno-aktorski\/katedra-wokalistyki\/pracownicy-katedry\/dr-hab-katarzyna-suska\/#breadcrumb"},"inLanguage":"en-US","potentialAction":[{"@type":"ReadAction","target":["https:\/\/www.amuz.krakow.pl\/wydzialy\/wydzial-iii-wokalno-aktorski\/katedra-wokalistyki\/pracownicy-katedry\/dr-hab-katarzyna-suska\/"]}]},{"@type":"ImageObject","inLanguage":"en-US","@id":"https:\/\/www.amuz.krakow.pl\/wydzialy\/wydzial-iii-wokalno-aktorski\/katedra-wokalistyki\/pracownicy-katedry\/dr-hab-katarzyna-suska\/#primaryimage","url":"https:\/\/www.amuz.krakow.pl\/wp-content\/uploads\/2017\/10\/Suska-Katarzyna.jpg","contentUrl":"https:\/\/www.amuz.krakow.pl\/wp-content\/uploads\/2017\/10\/Suska-Katarzyna.jpg","width":1603,"height":2355},{"@type":"BreadcrumbList","@id":"https:\/\/www.amuz.krakow.pl\/wydzialy\/wydzial-iii-wokalno-aktorski\/katedra-wokalistyki\/pracownicy-katedry\/dr-hab-katarzyna-suska\/#breadcrumb","itemListElement":[{"@type":"ListItem","position":1,"name":"Strona g\u0142\u00f3wna","item":"https:\/\/www.amuz.krakow.pl\/"},{"@type":"ListItem","position":2,"name":"WYDZIA\u0141Y","item":"https:\/\/www.amuz.krakow.pl\/wydzialy\/"},{"@type":"ListItem","position":3,"name":"Wydzia\u0142 Wokalno-Aktorski","item":"https:\/\/www.amuz.krakow.pl\/wydzialy\/wydzial-iii-wokalno-aktorski\/"},{"@type":"ListItem","position":4,"name":"Katedra Wokalistyki","item":"https:\/\/www.amuz.krakow.pl\/wydzialy\/wydzial-iii-wokalno-aktorski\/katedra-wokalistyki\/"},{"@type":"ListItem","position":5,"name":"Pracownicy Katedry","item":"https:\/\/www.amuz.krakow.pl\/wydzialy\/wydzial-iii-wokalno-aktorski\/katedra-wokalistyki\/pracownicy-katedry\/"},{"@type":"ListItem","position":6,"name":"prof. dr hab. Katarzyna Suska-Zag\u00f3rska &#8211; Kierownik Katedry"}]},{"@type":"WebSite","@id":"https:\/\/www.amuz.krakow.pl\/#website","url":"https:\/\/www.amuz.krakow.pl\/","name":"Akademia Muzyczna im. Krzysztofa Pendereckiego w Krakowie","description":"Oficjalna strona Akademii Muzycznej im. Krzysztofa Pendereckiego w Krakowie (AMKP).","publisher":{"@id":"https:\/\/www.amuz.krakow.pl\/#organization"},"alternateName":"AMKP","potentialAction":[{"@type":"SearchAction","target":{"@type":"EntryPoint","urlTemplate":"https:\/\/www.amuz.krakow.pl\/?s={search_term_string}"},"query-input":{"@type":"PropertyValueSpecification","valueRequired":true,"valueName":"search_term_string"}}],"inLanguage":"en-US"},{"@type":"Organization","@id":"https:\/\/www.amuz.krakow.pl\/#organization","name":"Akademia Muzyczna im. Krzysztofa Pendereckiego w Krakowie","alternateName":"AMKP","url":"https:\/\/www.amuz.krakow.pl\/","logo":{"@type":"ImageObject","inLanguage":"en-US","@id":"https:\/\/www.amuz.krakow.pl\/#\/schema\/logo\/image\/","url":"https:\/\/www.amuz.krakow.pl\/wp-content\/uploads\/2021\/11\/amkp.jpg","contentUrl":"https:\/\/www.amuz.krakow.pl\/wp-content\/uploads\/2021\/11\/amkp.jpg","width":1193,"height":591,"caption":"Akademia Muzyczna im. Krzysztofa Pendereckiego w Krakowie"},"image":{"@id":"https:\/\/www.amuz.krakow.pl\/#\/schema\/logo\/image\/"},"sameAs":["https:\/\/www.facebook.com\/amuz.krakow","https:\/\/www.instagram.com\/amkpenderecki\/","https:\/\/www.youtube.com\/@amkpenderecki4806"]}]}},"_links":{"self":[{"href":"https:\/\/www.amuz.krakow.pl\/en\/wp-json\/wp\/v2\/pages\/19329","targetHints":{"allow":["GET"]}}],"collection":[{"href":"https:\/\/www.amuz.krakow.pl\/en\/wp-json\/wp\/v2\/pages"}],"about":[{"href":"https:\/\/www.amuz.krakow.pl\/en\/wp-json\/wp\/v2\/types\/page"}],"author":[{"embeddable":true,"href":"https:\/\/www.amuz.krakow.pl\/en\/wp-json\/wp\/v2\/users\/72"}],"replies":[{"embeddable":true,"href":"https:\/\/www.amuz.krakow.pl\/en\/wp-json\/wp\/v2\/comments?post=19329"}],"version-history":[{"count":14,"href":"https:\/\/www.amuz.krakow.pl\/en\/wp-json\/wp\/v2\/pages\/19329\/revisions"}],"predecessor-version":[{"id":90870,"href":"https:\/\/www.amuz.krakow.pl\/en\/wp-json\/wp\/v2\/pages\/19329\/revisions\/90870"}],"up":[{"embeddable":true,"href":"https:\/\/www.amuz.krakow.pl\/en\/wp-json\/wp\/v2\/pages\/3238"}],"wp:featuredmedia":[{"embeddable":true,"href":"https:\/\/www.amuz.krakow.pl\/en\/wp-json\/wp\/v2\/media\/19332"}],"wp:attachment":[{"href":"https:\/\/www.amuz.krakow.pl\/en\/wp-json\/wp\/v2\/media?parent=19329"}],"curies":[{"name":"wp","href":"https:\/\/api.w.org\/{rel}","templated":true}]}}