{"id":1925,"date":"2016-02-15T23:54:44","date_gmt":"2016-02-15T22:54:44","guid":{"rendered":"http:\/\/strony.amuz.krakow.pl\/?page_id=1925"},"modified":"2026-02-05T11:48:09","modified_gmt":"2026-02-05T10:48:09","slug":"mgr-romana-maciuk-agnel-taniec-historyczny","status":"publish","type":"page","link":"https:\/\/www.amuz.krakow.pl\/en\/wydzialy\/wydzial-ii-instrumentalny\/katedra-muzyki-dawnej\/wspolpracownicy\/mgr-romana-maciuk-agnel-taniec-historyczny\/","title":{"rendered":"mgr Romana Maciuk-Agnel"},"content":{"rendered":"<p><\/p>\n<p style=\"text-align: justify;\"><a href=\"https:\/\/www.amuz.krakow.pl\/wp-content\/uploads\/2016\/02\/maciuk.jpg\" target=\"_blank\" rel=\"noopener\"><img loading=\"lazy\" decoding=\"async\" class=\"alignleft wp-image-1926 size-medium\" src=\"https:\/\/www.amuz.krakow.pl\/wp-content\/uploads\/2016\/02\/maciuk-200x300.jpg\" alt=\"Maciuk-Agnel Romana\" width=\"200\" height=\"300\" srcset=\"https:\/\/www.amuz.krakow.pl\/wp-content\/uploads\/2016\/02\/maciuk-200x300.jpg 200w, https:\/\/www.amuz.krakow.pl\/wp-content\/uploads\/2016\/02\/maciuk.jpg 354w\" sizes=\"auto, (max-width: 200px) 100vw, 200px\" \/><\/a>Historical dance.<\/p>\n<p style=\"text-align: justify;\">Romana Agnel is a\u00a0dancer, choreographer, dance teacher, art historian, and founder of \u2018Cracovia Danza\u2019, the only professional Court Ballet in Poland (formerly known as \u2018Ardente Sole\u2019), a\u00a0Municipal Institution of Culture in Krakow, where she is Executive and Artistic Director.<\/p>\n<p style=\"text-align: justify;\">She is an alumna of the Community Ballet School (studio of Prof. Marta Mirocka) in Krakow. She completed a degree in Art History at the Sorbonne in Paris. In France she became acquainted with the dance of several dozen nations of the world and acquired her specializations in the areas of character dance and historic dance (\u2018Le Ballet L\u00e9gendaire d\u2019Ile de France\u2019, \u2018Le Bal Par\u00e9\u2019, the 7th conservatory in Paris, \u2018Th\u00e9atre Baroque de France\u2019).<br \/>\nShe is also a\u00a0dancer of the Bharata Natyam classical Indian dance which she learnt from Smt. M. K. Saroja in Madras.<\/p>\n<p style=\"text-align: justify;\">Romana Agnel has had many occasions to work with illustrious personalities of the music and ballet worlds. She created choreographies for numerous Baroque, classical, and Old Polish operas staged in Poland and abroad. She has participated in the production of performances under the direction of Jean-Claude Malgoire. She has also presented historical dance with the accompaniment of superb soloists: E. Stafa\u0144ska, U. Bartkiewicz, harpsichordist K. Weiss, and Baroque cello virtuoso J. Ter Linden.<\/p>\n<p style=\"text-align: justify;\">Romana Agnel created the choreography of the performances staged in many theatres ( e.g. The Juliusz S\u0142owacki Theatre, Krakow, Poland; The STU Theatre, Krakow, Poland; The &#8216;Ludowy&#8217; Theatre, Krakow, Poland; The &#8216;Groteska&#8217; Theatre, Krakow, Poland; The Kazimierz Dejmek New Theatre of \u0141\u00f3d\u017a, Poland; The &#8216;Rampa&#8217; Theatre of Warsaw, Poland) as well as in opera houses and music theatres (e.g. Atelier Lyrique Theatre of Tourcoimg; Champs Elys\u00e9es Theatre of Paris, France; &#8216;Konserwatorium&#8217; Theatre of Oberlin, USA; &#8216;Concertgebouw&#8217; concert hall in Amsterdam, Netherlands; The Margravial Opera House of Bayreuth, Germany; &#8216;Pod Palmovkom&#8217; Theatre of Prague, Czech Republic; Warsaw Chamber Opera, Poland; The Krakow Opera, Poland).<\/p>\n<p style=\"text-align: justify;\">She also cooperated with the outstanding musicians and conductors (e.g. E. Stefa\u0144ska, U.Bartkiewicz, M. Pomianowska, K. Baumann, T. Karolak, W\u0142. K\u0142osiewicz, V. de Kort, J. \u2013 C. Makgoir, J. Ter Linden, S. Stadler, S. Standag, K. Weiss) as well as the directors (J. Stokalska, L. Adamik, A. Carr\u00e9, K. Dejmek, W\u0142. Nurkowski, J.Polewka, R. Peryt, A. Weltsch, G. Wi\u015bniewski, K. Zanussi).<\/p>\n<p style=\"text-align: justify;\">Romana Agnel is the creator of the great majority of the choreographies of &#8216;Cracovia Danza&#8217; Court Ballet performances. She is also the originator and the artistic director of &#8216;Cracovia Danza&#8217; Court Dance Festival, which is held yearly in August in Krakow, Poland.<\/p>\n<p style=\"text-align: justify;\">Besides, she regularly conducts the dance classes at the Academy of Music in Krakow and the Academy of Music in \u0141\u00f3d\u017a as well as courses and lectures within her specializations.<br \/>\nThe artist has been promoting for years the classical Indian dance Bharatha Natyam in Poland and abroad and she is also the ambassador of Polish and European dance in India.<\/p>\n<p style=\"text-align: justify;\">She is also author of a\u00a0few publications on the subject of historical dance, amongst others:<br \/>\n1. \u2018The Importance and Meaning of Gesture in the Opera and Ballet of the 17th and 18th centuries\u2019 [in:] Improvisation in the music of the Baroque, ed. M. Zieli\u0144ski, the Academy of Music in Bydgoszcz, Bydgoszcz 2004.;<br \/>\n2. \u2018The Basic Forms of Court Dance in the Baroque\u2019 [in:] Around Baroque Dance, ed. P. Grajter, the G. and K. Bacewicz Academy of Music in \u0141\u00f3d\u017a, \u0141\u00f3d\u017a 2007.;<br \/>\n3. &#8216;Several remarks on the Wawel Castle court dance during the Golden Age&#8217; [in:] catalogue of the &#8216;Dance in Krakow&#8217; exhibition prepared by &#8216;Cracovia Danza&#8217; Court Ballet as a\u00a0part of celebration of 750th anniversary of the location of the City of Krakow that took place during the 13th &#8216;Cracovia Danza&#8217; Court Dance Festival, ed. H. Pietrzak, Krakow, 2007.<br \/>\n4. \u2018The Origins and the Symbolism of the Polonaise\u2019 [in:] Vom Sch\u00e4feridyll zur Revolution. Europ\u00e4ische Tanzkultur im 18. Jahrhundert. 2. Rothenfelster Tanzsymposion ed. U. Schlotterm\u00fcller, H.Weiner, M. Richter, Freiburg 2008.<\/p>\n<p style=\"text-align: justify;\">Romana Agnel received 2nd Prize at the Parisian \u2018La Sc\u00e9ne Fran\u00e7aise\u2019 competition in the area of character dance technique and was honored with the Zofia Rayzacher Prize at the 9th Early Music Festival at the Royal Castle in Warsaw. In 2009 she was distinguished by the Minister of Culture and National Heritage with the \u2018Merit of Polish Culture\u2019 award and the Medal of the National Education Commission by the Chief Education Officer in the Ma\u0142opolskie Region. In 2010 she received the \u2018Honoris Gratia\u2019 award for meritorious service to the City of Krakow and its inhabitants from the Mayor of the City of Krakow. In 2014 she received the Silver Cross of Merit, awarded by the President of the Polish Republic.<\/p>\n<p><a href=\"mailto:romana.maciuk.agnel@amuz.krakow.pl\">romana.maciuk.agnel@amuz.krakow.pl<\/a><\/p>","protected":false},"excerpt":{"rendered":"<p>Historical dance. Romana Agnel is a\u00a0dancer, choreographer, dance teacher, art historian, and founder of \u2018Cracovia Danza\u2019, the only professional Court Ballet in Poland (formerly known as \u2018Ardente Sole\u2019), a\u00a0Municipal Institution&hellip; <a href=\"https:\/\/www.amuz.krakow.pl\/en\/wydzialy\/wydzial-ii-instrumentalny\/katedra-muzyki-dawnej\/wspolpracownicy\/mgr-romana-maciuk-agnel-taniec-historyczny\/\">Continue reading<\/a><\/p>\n","protected":false},"author":72,"featured_media":114557,"parent":43885,"menu_order":8,"comment_status":"closed","ping_status":"closed","template":"","meta":{"footnotes":"","_links_to":"","_links_to_target":""},"class_list":["post-1925","page","type-page","status-publish","has-post-thumbnail","hentry"],"yoast_head":"<!-- This site is optimized with the Yoast SEO plugin v27.4 - https:\/\/yoast.com\/product\/yoast-seo-wordpress\/ -->\n<title>AMKP - Akademia Muzyczna im. Krzysztofa Pendereckiego w Krakowie<\/title>\n<meta name=\"robots\" content=\"index, follow, max-snippet:-1, max-image-preview:large, max-video-preview:-1\" \/>\n<link rel=\"canonical\" href=\"https:\/\/www.amuz.krakow.pl\/wydzialy\/wydzial-ii-instrumentalny\/katedra-muzyki-dawnej\/wspolpracownicy\/mgr-romana-maciuk-agnel-taniec-historyczny\/\" \/>\n<meta property=\"og:locale\" content=\"en_US\" \/>\n<meta property=\"og:type\" content=\"article\" \/>\n<meta property=\"og:title\" content=\"AMKP - Akademia Muzyczna im. Krzysztofa Pendereckiego w Krakowie\" \/>\n<meta property=\"og:description\" content=\"Historical dance. Romana Agnel is a\u00a0dancer, choreographer, dance teacher, art historian, and founder of \u2018Cracovia Danza\u2019, the only professional Court Ballet in Poland (formerly known as \u2018Ardente Sole\u2019), a\u00a0Municipal Institution&hellip; Continue reading\" \/>\n<meta property=\"og:url\" content=\"https:\/\/www.amuz.krakow.pl\/wydzialy\/wydzial-ii-instrumentalny\/katedra-muzyki-dawnej\/wspolpracownicy\/mgr-romana-maciuk-agnel-taniec-historyczny\/\" \/>\n<meta property=\"og:site_name\" content=\"Akademia Muzyczna im. Krzysztofa Pendereckiego w Krakowie\" \/>\n<meta property=\"article:publisher\" content=\"https:\/\/www.facebook.com\/amuz.krakow\" \/>\n<meta property=\"article:modified_time\" content=\"2026-02-05T10:48:09+00:00\" \/>\n<meta property=\"og:image\" content=\"https:\/\/www.amuz.krakow.pl\/wp-content\/uploads\/2026\/02\/maciuk.jpg\" \/>\n\t<meta property=\"og:image:width\" content=\"354\" \/>\n\t<meta property=\"og:image:height\" content=\"177\" \/>\n\t<meta property=\"og:image:type\" content=\"image\/jpeg\" \/>\n<meta name=\"twitter:card\" content=\"summary_large_image\" \/>\n<meta name=\"twitter:label1\" content=\"Est. reading time\" \/>\n\t<meta name=\"twitter:data1\" content=\"9 minutes\" \/>\n<script type=\"application\/ld+json\" class=\"yoast-schema-graph\">{\"@context\":\"https:\\\/\\\/schema.org\",\"@graph\":[{\"@type\":\"WebPage\",\"@id\":\"https:\\\/\\\/www.amuz.krakow.pl\\\/wydzialy\\\/wydzial-ii-instrumentalny\\\/katedra-muzyki-dawnej\\\/wspolpracownicy\\\/mgr-romana-maciuk-agnel-taniec-historyczny\\\/\",\"url\":\"https:\\\/\\\/www.amuz.krakow.pl\\\/wydzialy\\\/wydzial-ii-instrumentalny\\\/katedra-muzyki-dawnej\\\/wspolpracownicy\\\/mgr-romana-maciuk-agnel-taniec-historyczny\\\/\",\"name\":\"AMKP - Akademia Muzyczna im. Krzysztofa Pendereckiego w Krakowie\",\"isPartOf\":{\"@id\":\"https:\\\/\\\/www.amuz.krakow.pl\\\/#website\"},\"primaryImageOfPage\":{\"@id\":\"https:\\\/\\\/www.amuz.krakow.pl\\\/wydzialy\\\/wydzial-ii-instrumentalny\\\/katedra-muzyki-dawnej\\\/wspolpracownicy\\\/mgr-romana-maciuk-agnel-taniec-historyczny\\\/#primaryimage\"},\"image\":{\"@id\":\"https:\\\/\\\/www.amuz.krakow.pl\\\/wydzialy\\\/wydzial-ii-instrumentalny\\\/katedra-muzyki-dawnej\\\/wspolpracownicy\\\/mgr-romana-maciuk-agnel-taniec-historyczny\\\/#primaryimage\"},\"thumbnailUrl\":\"https:\\\/\\\/www.amuz.krakow.pl\\\/wp-content\\\/uploads\\\/2026\\\/02\\\/maciuk.jpg\",\"datePublished\":\"2016-02-15T22:54:44+00:00\",\"dateModified\":\"2026-02-05T10:48:09+00:00\",\"breadcrumb\":{\"@id\":\"https:\\\/\\\/www.amuz.krakow.pl\\\/wydzialy\\\/wydzial-ii-instrumentalny\\\/katedra-muzyki-dawnej\\\/wspolpracownicy\\\/mgr-romana-maciuk-agnel-taniec-historyczny\\\/#breadcrumb\"},\"inLanguage\":\"en-US\",\"potentialAction\":[{\"@type\":\"ReadAction\",\"target\":[\"https:\\\/\\\/www.amuz.krakow.pl\\\/wydzialy\\\/wydzial-ii-instrumentalny\\\/katedra-muzyki-dawnej\\\/wspolpracownicy\\\/mgr-romana-maciuk-agnel-taniec-historyczny\\\/\"]}]},{\"@type\":\"ImageObject\",\"inLanguage\":\"en-US\",\"@id\":\"https:\\\/\\\/www.amuz.krakow.pl\\\/wydzialy\\\/wydzial-ii-instrumentalny\\\/katedra-muzyki-dawnej\\\/wspolpracownicy\\\/mgr-romana-maciuk-agnel-taniec-historyczny\\\/#primaryimage\",\"url\":\"https:\\\/\\\/www.amuz.krakow.pl\\\/wp-content\\\/uploads\\\/2026\\\/02\\\/maciuk.jpg\",\"contentUrl\":\"https:\\\/\\\/www.amuz.krakow.pl\\\/wp-content\\\/uploads\\\/2026\\\/02\\\/maciuk.jpg\",\"width\":354,\"height\":177},{\"@type\":\"BreadcrumbList\",\"@id\":\"https:\\\/\\\/www.amuz.krakow.pl\\\/wydzialy\\\/wydzial-ii-instrumentalny\\\/katedra-muzyki-dawnej\\\/wspolpracownicy\\\/mgr-romana-maciuk-agnel-taniec-historyczny\\\/#breadcrumb\",\"itemListElement\":[{\"@type\":\"ListItem\",\"position\":1,\"name\":\"Strona g\u0142\u00f3wna\",\"item\":\"https:\\\/\\\/www.amuz.krakow.pl\\\/\"},{\"@type\":\"ListItem\",\"position\":2,\"name\":\"WYDZIA\u0141Y\",\"item\":\"https:\\\/\\\/www.amuz.krakow.pl\\\/wydzialy\\\/\"},{\"@type\":\"ListItem\",\"position\":3,\"name\":\"Wydzia\u0142 Instrumentalny\",\"item\":\"https:\\\/\\\/www.amuz.krakow.pl\\\/wydzialy\\\/wydzial-ii-instrumentalny\\\/\"},{\"@type\":\"ListItem\",\"position\":4,\"name\":\"Katedra Muzyki Dawnej\",\"item\":\"https:\\\/\\\/www.amuz.krakow.pl\\\/wydzialy\\\/wydzial-ii-instrumentalny\\\/katedra-muzyki-dawnej\\\/\"},{\"@type\":\"ListItem\",\"position\":5,\"name\":\"Wsp\u00f3\u0142pracownicy\",\"item\":\"https:\\\/\\\/www.amuz.krakow.pl\\\/wydzialy\\\/wydzial-ii-instrumentalny\\\/katedra-muzyki-dawnej\\\/wspolpracownicy\\\/\"},{\"@type\":\"ListItem\",\"position\":6,\"name\":\"mgr Romana Maciuk-Agnel\"}]},{\"@type\":\"WebSite\",\"@id\":\"https:\\\/\\\/www.amuz.krakow.pl\\\/#website\",\"url\":\"https:\\\/\\\/www.amuz.krakow.pl\\\/\",\"name\":\"Akademia Muzyczna im. Krzysztofa Pendereckiego w Krakowie\",\"description\":\"Oficjalna strona Akademii Muzycznej im. Krzysztofa Pendereckiego w Krakowie (AMKP).\",\"publisher\":{\"@id\":\"https:\\\/\\\/www.amuz.krakow.pl\\\/#organization\"},\"alternateName\":\"AMKP\",\"potentialAction\":[{\"@type\":\"SearchAction\",\"target\":{\"@type\":\"EntryPoint\",\"urlTemplate\":\"https:\\\/\\\/www.amuz.krakow.pl\\\/?s={search_term_string}\"},\"query-input\":{\"@type\":\"PropertyValueSpecification\",\"valueRequired\":true,\"valueName\":\"search_term_string\"}}],\"inLanguage\":\"en-US\"},{\"@type\":\"Organization\",\"@id\":\"https:\\\/\\\/www.amuz.krakow.pl\\\/#organization\",\"name\":\"Akademia Muzyczna im. Krzysztofa Pendereckiego w Krakowie\",\"alternateName\":\"AMKP\",\"url\":\"https:\\\/\\\/www.amuz.krakow.pl\\\/\",\"logo\":{\"@type\":\"ImageObject\",\"inLanguage\":\"en-US\",\"@id\":\"https:\\\/\\\/www.amuz.krakow.pl\\\/#\\\/schema\\\/logo\\\/image\\\/\",\"url\":\"https:\\\/\\\/www.amuz.krakow.pl\\\/wp-content\\\/uploads\\\/2021\\\/11\\\/amkp.jpg\",\"contentUrl\":\"https:\\\/\\\/www.amuz.krakow.pl\\\/wp-content\\\/uploads\\\/2021\\\/11\\\/amkp.jpg\",\"width\":1193,\"height\":591,\"caption\":\"Akademia Muzyczna im. Krzysztofa Pendereckiego w Krakowie\"},\"image\":{\"@id\":\"https:\\\/\\\/www.amuz.krakow.pl\\\/#\\\/schema\\\/logo\\\/image\\\/\"},\"sameAs\":[\"https:\\\/\\\/www.facebook.com\\\/amuz.krakow\",\"https:\\\/\\\/www.instagram.com\\\/amkpenderecki\\\/\",\"https:\\\/\\\/www.youtube.com\\\/@amkpenderecki4806\"]}]}<\/script>\n<!-- \/ Yoast SEO plugin. -->","yoast_head_json":{"title":"AMKP - Akademia Muzyczna im. Krzysztofa Pendereckiego w Krakowie","robots":{"index":"index","follow":"follow","max-snippet":"max-snippet:-1","max-image-preview":"max-image-preview:large","max-video-preview":"max-video-preview:-1"},"canonical":"https:\/\/www.amuz.krakow.pl\/wydzialy\/wydzial-ii-instrumentalny\/katedra-muzyki-dawnej\/wspolpracownicy\/mgr-romana-maciuk-agnel-taniec-historyczny\/","og_locale":"en_US","og_type":"article","og_title":"AMKP - Akademia Muzyczna im. Krzysztofa Pendereckiego w Krakowie","og_description":"Historical dance. Romana Agnel is a\u00a0dancer, choreographer, dance teacher, art historian, and founder of \u2018Cracovia Danza\u2019, the only professional Court Ballet in Poland (formerly known as \u2018Ardente Sole\u2019), a\u00a0Municipal Institution&hellip; Continue reading","og_url":"https:\/\/www.amuz.krakow.pl\/wydzialy\/wydzial-ii-instrumentalny\/katedra-muzyki-dawnej\/wspolpracownicy\/mgr-romana-maciuk-agnel-taniec-historyczny\/","og_site_name":"Akademia Muzyczna im. Krzysztofa Pendereckiego w Krakowie","article_publisher":"https:\/\/www.facebook.com\/amuz.krakow","article_modified_time":"2026-02-05T10:48:09+00:00","og_image":[{"width":354,"height":177,"url":"https:\/\/www.amuz.krakow.pl\/wp-content\/uploads\/2026\/02\/maciuk.jpg","type":"image\/jpeg"}],"twitter_card":"summary_large_image","twitter_misc":{"Est. reading time":"9 minutes"},"schema":{"@context":"https:\/\/schema.org","@graph":[{"@type":"WebPage","@id":"https:\/\/www.amuz.krakow.pl\/wydzialy\/wydzial-ii-instrumentalny\/katedra-muzyki-dawnej\/wspolpracownicy\/mgr-romana-maciuk-agnel-taniec-historyczny\/","url":"https:\/\/www.amuz.krakow.pl\/wydzialy\/wydzial-ii-instrumentalny\/katedra-muzyki-dawnej\/wspolpracownicy\/mgr-romana-maciuk-agnel-taniec-historyczny\/","name":"AMKP - Akademia Muzyczna im. Krzysztofa Pendereckiego w Krakowie","isPartOf":{"@id":"https:\/\/www.amuz.krakow.pl\/#website"},"primaryImageOfPage":{"@id":"https:\/\/www.amuz.krakow.pl\/wydzialy\/wydzial-ii-instrumentalny\/katedra-muzyki-dawnej\/wspolpracownicy\/mgr-romana-maciuk-agnel-taniec-historyczny\/#primaryimage"},"image":{"@id":"https:\/\/www.amuz.krakow.pl\/wydzialy\/wydzial-ii-instrumentalny\/katedra-muzyki-dawnej\/wspolpracownicy\/mgr-romana-maciuk-agnel-taniec-historyczny\/#primaryimage"},"thumbnailUrl":"https:\/\/www.amuz.krakow.pl\/wp-content\/uploads\/2026\/02\/maciuk.jpg","datePublished":"2016-02-15T22:54:44+00:00","dateModified":"2026-02-05T10:48:09+00:00","breadcrumb":{"@id":"https:\/\/www.amuz.krakow.pl\/wydzialy\/wydzial-ii-instrumentalny\/katedra-muzyki-dawnej\/wspolpracownicy\/mgr-romana-maciuk-agnel-taniec-historyczny\/#breadcrumb"},"inLanguage":"en-US","potentialAction":[{"@type":"ReadAction","target":["https:\/\/www.amuz.krakow.pl\/wydzialy\/wydzial-ii-instrumentalny\/katedra-muzyki-dawnej\/wspolpracownicy\/mgr-romana-maciuk-agnel-taniec-historyczny\/"]}]},{"@type":"ImageObject","inLanguage":"en-US","@id":"https:\/\/www.amuz.krakow.pl\/wydzialy\/wydzial-ii-instrumentalny\/katedra-muzyki-dawnej\/wspolpracownicy\/mgr-romana-maciuk-agnel-taniec-historyczny\/#primaryimage","url":"https:\/\/www.amuz.krakow.pl\/wp-content\/uploads\/2026\/02\/maciuk.jpg","contentUrl":"https:\/\/www.amuz.krakow.pl\/wp-content\/uploads\/2026\/02\/maciuk.jpg","width":354,"height":177},{"@type":"BreadcrumbList","@id":"https:\/\/www.amuz.krakow.pl\/wydzialy\/wydzial-ii-instrumentalny\/katedra-muzyki-dawnej\/wspolpracownicy\/mgr-romana-maciuk-agnel-taniec-historyczny\/#breadcrumb","itemListElement":[{"@type":"ListItem","position":1,"name":"Strona g\u0142\u00f3wna","item":"https:\/\/www.amuz.krakow.pl\/"},{"@type":"ListItem","position":2,"name":"WYDZIA\u0141Y","item":"https:\/\/www.amuz.krakow.pl\/wydzialy\/"},{"@type":"ListItem","position":3,"name":"Wydzia\u0142 Instrumentalny","item":"https:\/\/www.amuz.krakow.pl\/wydzialy\/wydzial-ii-instrumentalny\/"},{"@type":"ListItem","position":4,"name":"Katedra Muzyki Dawnej","item":"https:\/\/www.amuz.krakow.pl\/wydzialy\/wydzial-ii-instrumentalny\/katedra-muzyki-dawnej\/"},{"@type":"ListItem","position":5,"name":"Wsp\u00f3\u0142pracownicy","item":"https:\/\/www.amuz.krakow.pl\/wydzialy\/wydzial-ii-instrumentalny\/katedra-muzyki-dawnej\/wspolpracownicy\/"},{"@type":"ListItem","position":6,"name":"mgr Romana Maciuk-Agnel"}]},{"@type":"WebSite","@id":"https:\/\/www.amuz.krakow.pl\/#website","url":"https:\/\/www.amuz.krakow.pl\/","name":"Akademia Muzyczna im. Krzysztofa Pendereckiego w Krakowie","description":"Oficjalna strona Akademii Muzycznej im. Krzysztofa Pendereckiego w Krakowie (AMKP).","publisher":{"@id":"https:\/\/www.amuz.krakow.pl\/#organization"},"alternateName":"AMKP","potentialAction":[{"@type":"SearchAction","target":{"@type":"EntryPoint","urlTemplate":"https:\/\/www.amuz.krakow.pl\/?s={search_term_string}"},"query-input":{"@type":"PropertyValueSpecification","valueRequired":true,"valueName":"search_term_string"}}],"inLanguage":"en-US"},{"@type":"Organization","@id":"https:\/\/www.amuz.krakow.pl\/#organization","name":"Akademia Muzyczna im. Krzysztofa Pendereckiego w Krakowie","alternateName":"AMKP","url":"https:\/\/www.amuz.krakow.pl\/","logo":{"@type":"ImageObject","inLanguage":"en-US","@id":"https:\/\/www.amuz.krakow.pl\/#\/schema\/logo\/image\/","url":"https:\/\/www.amuz.krakow.pl\/wp-content\/uploads\/2021\/11\/amkp.jpg","contentUrl":"https:\/\/www.amuz.krakow.pl\/wp-content\/uploads\/2021\/11\/amkp.jpg","width":1193,"height":591,"caption":"Akademia Muzyczna im. Krzysztofa Pendereckiego w Krakowie"},"image":{"@id":"https:\/\/www.amuz.krakow.pl\/#\/schema\/logo\/image\/"},"sameAs":["https:\/\/www.facebook.com\/amuz.krakow","https:\/\/www.instagram.com\/amkpenderecki\/","https:\/\/www.youtube.com\/@amkpenderecki4806"]}]}},"_links":{"self":[{"href":"https:\/\/www.amuz.krakow.pl\/en\/wp-json\/wp\/v2\/pages\/1925","targetHints":{"allow":["GET"]}}],"collection":[{"href":"https:\/\/www.amuz.krakow.pl\/en\/wp-json\/wp\/v2\/pages"}],"about":[{"href":"https:\/\/www.amuz.krakow.pl\/en\/wp-json\/wp\/v2\/types\/page"}],"author":[{"embeddable":true,"href":"https:\/\/www.amuz.krakow.pl\/en\/wp-json\/wp\/v2\/users\/72"}],"replies":[{"embeddable":true,"href":"https:\/\/www.amuz.krakow.pl\/en\/wp-json\/wp\/v2\/comments?post=1925"}],"version-history":[{"count":8,"href":"https:\/\/www.amuz.krakow.pl\/en\/wp-json\/wp\/v2\/pages\/1925\/revisions"}],"predecessor-version":[{"id":114556,"href":"https:\/\/www.amuz.krakow.pl\/en\/wp-json\/wp\/v2\/pages\/1925\/revisions\/114556"}],"up":[{"embeddable":true,"href":"https:\/\/www.amuz.krakow.pl\/en\/wp-json\/wp\/v2\/pages\/43885"}],"wp:featuredmedia":[{"embeddable":true,"href":"https:\/\/www.amuz.krakow.pl\/en\/wp-json\/wp\/v2\/media\/114557"}],"wp:attachment":[{"href":"https:\/\/www.amuz.krakow.pl\/en\/wp-json\/wp\/v2\/media?parent=1925"}],"curies":[{"name":"wp","href":"https:\/\/api.w.org\/{rel}","templated":true}]}}