{"id":19186,"date":"2017-10-11T22:05:21","date_gmt":"2017-10-11T20:05:21","guid":{"rendered":"https:\/\/www.amuz.krakow.pl\/?page_id=19186"},"modified":"2024-10-09T12:08:10","modified_gmt":"2024-10-09T10:08:10","slug":"dr-hab-maciej-jablonski","status":"publish","type":"page","link":"https:\/\/www.amuz.krakow.pl\/en\/wydzialy\/wydzial-i-tworczosci-interpretacji-i-edukacji-muzycznej\/katedra-kompozycji\/pracownicy\/dr-hab-maciej-jablonski\/","title":{"rendered":"dr hab. Maciej Jab\u0142o\u0144ski, prof. AMKP"},"content":{"rendered":"<p><figure id=\"attachment_88694\" aria-describedby=\"caption-attachment-88694\" style=\"width: 179px\" class=\"wp-caption alignleft\"><a href=\"https:\/\/www.amuz.krakow.pl\/wp-content\/uploads\/2024\/07\/Maciej-Jablonski-scaled.jpg\" target=\"_blank\" rel=\"noopener\"><img loading=\"lazy\" decoding=\"async\" class=\"wp-image-88694 \" src=\"https:\/\/www.amuz.krakow.pl\/wp-content\/uploads\/2024\/07\/Maciej-Jablonski-215x300.jpg\" alt=\"\" width=\"179\" height=\"250\" srcset=\"https:\/\/www.amuz.krakow.pl\/wp-content\/uploads\/2024\/07\/Maciej-Jablonski-215x300.jpg 215w, https:\/\/www.amuz.krakow.pl\/wp-content\/uploads\/2024\/07\/Maciej-Jablonski-scaled.jpg 1465w, https:\/\/www.amuz.krakow.pl\/wp-content\/uploads\/2024\/07\/Maciej-Jablonski-768x1074.jpg 768w, https:\/\/www.amuz.krakow.pl\/wp-content\/uploads\/2024\/07\/Maciej-Jablonski-1099x1536.jpg 1099w\" sizes=\"auto, (max-width: 179px) 100vw, 179px\" \/><\/a><figcaption id=\"caption-attachment-88694\" class=\"wp-caption-text\">photo by \u0141ukasz Zakrzewski<\/figcaption><\/figure><\/p>\n<p>Maciej Jab\u0142o\u0144ski, a composer, born 29th July 1974, Golub Dobrzyn. 1993-98 studied composition with prof. Marek Stachowski at the Music Academy in Krakow, Poland (from which he graduated with honours). Since 1998 he has been faculty member of the Music Academy in Krakow, since 2004 as Assistant Professor (with PhD degree), since 2024 \u2013 as a professor. Since 2015 he has his own composition class. He cooperates with PWM Edition. In October 2019 he received the Bronze Cross of Merit and the Honorary Medal \u201cMerit for Polish Culture\u201d, in 2023 \u2013 Special Medal \u201eMerit for Polish Education\u201d.<\/p>\n<p>His skills developped during international composer\u2019s workshops: in 1997 \u2013 Young Composers Meeting, Apeldoorn (with Rodney Sherman, Robert HP Platz, Louis Andriessen), Sommerkurse f\u00fcr Neue und Computermusik in Stuttgart, International Summer Composer\u2019s Workshop in Radziejowice (with Peter Michael Hamel, Alejandro Iglesias Rossi, Paul Patterson); in 1998 \u2013 Buckower Sommerwerkstatt in Buckow; in 2006 Internationale Sommerkurse Darmstadt (with Helmut Lachenmann and Georges Aperghis).<\/p>\n<p>He collaborates with orchestras (such as Polish Radio National Symphony Orchestra, National Philharmonic Choir and Orchestra, Polish Radio Orchestra, AUKSO \u2013 Chamber Orchestra of the Town of Tychy, Amadeus String Orchestra, Beethoven Academy Orchestra, Krakow Music Academy Symphony Orchestra, Orchestra of the Silesian Opera House, Tarnow Chamber Orchestra), conductors (such as Tomasz Bugaj, Wojciech Czepiel, Agnieszka Duczmal, Micha\u0142 Dworzy\u0144ski, Przemys\u0142aw Fiugajski, Jos\u00e9 Maria Flor\u00eancio, Marek Mo\u015b, Marcin Na\u0142\u0119cz-Niesio\u0142owski, Pawe\u0142 Przytocki, Tomasz Tokarczyk, Maciej Tworek, Piotr Warzecha, Antoni Wit, S\u0142awek A. Wr\u00f3blewski); chamber ensembles (Kwartludium, Krakow Duo, Ensemble Nordlys, Das Neue Ensemble, Lutoslawski Piano Duo, Kwadrofonik) and artists (Pawe\u0142 Cie\u015blak, Anna Pehlken, Bartosz Gaudyn, Udo Grimm, Jan Kalinowski, Gajusz K\u0119ska, Micha\u0142 Knot, Barbara Krzekotowska, Jaros\u0142aw Malanowicz, Christine Michaela Pryn, Andrzej Rzymkowski, Marian Sobula, Piotr T. Szczepanik, Marek Szlezer). His works were performed in Poland, Germany, Slovakia, Danemark, Sweden, Austria.<\/p>\n<p>As an author he cooperates with PWM Edition, Krakow Philharmonic Orchestra, magazines Ruch Muzyczny, Glissando, and Dwutygodnik. He is one of authors of the Concert Music Guide (PWM 2003).<\/p>\n<p><a href=\"mailto:maciej.jablonski@amuz.krakow.pl\">maciej.jablonski@amuz.krakow.pl<\/a><\/p>","protected":false},"excerpt":{"rendered":"<p>Maciej Jab\u0142o\u0144ski, a composer, born 29th July 1974, Golub Dobrzyn. 1993-98 studied composition with prof. Marek Stachowski at the Music Academy in Krakow, Poland (from which he graduated with honours).&hellip; <a href=\"https:\/\/www.amuz.krakow.pl\/en\/wydzialy\/wydzial-i-tworczosci-interpretacji-i-edukacji-muzycznej\/katedra-kompozycji\/pracownicy\/dr-hab-maciej-jablonski\/\">Continue reading<\/a><\/p>\n","protected":false},"author":72,"featured_media":88695,"parent":33605,"menu_order":9,"comment_status":"closed","ping_status":"closed","template":"","meta":{"footnotes":"","_links_to":"","_links_to_target":""},"class_list":["post-19186","page","type-page","status-publish","has-post-thumbnail","hentry"],"yoast_head":"<!-- This site is optimized with the Yoast SEO plugin v27.2 - https:\/\/yoast.com\/product\/yoast-seo-wordpress\/ -->\n<title>AMKP - Akademia Muzyczna im. Krzysztofa Pendereckiego w Krakowie<\/title>\n<meta name=\"robots\" content=\"index, follow, max-snippet:-1, max-image-preview:large, max-video-preview:-1\" \/>\n<link rel=\"canonical\" href=\"https:\/\/www.amuz.krakow.pl\/wydzialy\/wydzial-i-tworczosci-interpretacji-i-edukacji-muzycznej\/katedra-kompozycji\/pracownicy\/dr-hab-maciej-jablonski\/\" \/>\n<meta property=\"og:locale\" content=\"en_US\" \/>\n<meta property=\"og:type\" content=\"article\" \/>\n<meta property=\"og:title\" content=\"AMKP - Akademia Muzyczna im. Krzysztofa Pendereckiego w Krakowie\" \/>\n<meta property=\"og:description\" content=\"Maciej Jab\u0142o\u0144ski, a composer, born 29th July 1974, Golub Dobrzyn. 1993-98 studied composition with prof. Marek Stachowski at the Music Academy in Krakow, Poland (from which he graduated with honours).&hellip; Continue reading\" \/>\n<meta property=\"og:url\" content=\"https:\/\/www.amuz.krakow.pl\/wydzialy\/wydzial-i-tworczosci-interpretacji-i-edukacji-muzycznej\/katedra-kompozycji\/pracownicy\/dr-hab-maciej-jablonski\/\" \/>\n<meta property=\"og:site_name\" content=\"Akademia Muzyczna im. Krzysztofa Pendereckiego w Krakowie\" \/>\n<meta property=\"article:publisher\" content=\"https:\/\/www.facebook.com\/amuz.krakow\" \/>\n<meta property=\"article:modified_time\" content=\"2024-10-09T10:08:10+00:00\" \/>\n<meta property=\"og:image\" content=\"https:\/\/www.amuz.krakow.pl\/wp-content\/uploads\/2024\/07\/Maciej-Jablonski_miniatura.jpg\" \/>\n\t<meta property=\"og:image:width\" content=\"1695\" \/>\n\t<meta property=\"og:image:height\" content=\"848\" \/>\n\t<meta property=\"og:image:type\" content=\"image\/jpeg\" \/>\n<meta name=\"twitter:card\" content=\"summary_large_image\" \/>\n<meta name=\"twitter:label1\" content=\"Est. reading time\" \/>\n\t<meta name=\"twitter:data1\" content=\"3 minutes\" \/>\n<script type=\"application\/ld+json\" class=\"yoast-schema-graph\">{\"@context\":\"https:\/\/schema.org\",\"@graph\":[{\"@type\":\"WebPage\",\"@id\":\"https:\/\/www.amuz.krakow.pl\/wydzialy\/wydzial-i-tworczosci-interpretacji-i-edukacji-muzycznej\/katedra-kompozycji\/pracownicy\/dr-hab-maciej-jablonski\/\",\"url\":\"https:\/\/www.amuz.krakow.pl\/wydzialy\/wydzial-i-tworczosci-interpretacji-i-edukacji-muzycznej\/katedra-kompozycji\/pracownicy\/dr-hab-maciej-jablonski\/\",\"name\":\"AMKP - Akademia Muzyczna im. Krzysztofa Pendereckiego w Krakowie\",\"isPartOf\":{\"@id\":\"https:\/\/www.amuz.krakow.pl\/#website\"},\"primaryImageOfPage\":{\"@id\":\"https:\/\/www.amuz.krakow.pl\/wydzialy\/wydzial-i-tworczosci-interpretacji-i-edukacji-muzycznej\/katedra-kompozycji\/pracownicy\/dr-hab-maciej-jablonski\/#primaryimage\"},\"image\":{\"@id\":\"https:\/\/www.amuz.krakow.pl\/wydzialy\/wydzial-i-tworczosci-interpretacji-i-edukacji-muzycznej\/katedra-kompozycji\/pracownicy\/dr-hab-maciej-jablonski\/#primaryimage\"},\"thumbnailUrl\":\"https:\/\/www.amuz.krakow.pl\/wp-content\/uploads\/2024\/07\/Maciej-Jablonski_miniatura.jpg\",\"datePublished\":\"2017-10-11T20:05:21+00:00\",\"dateModified\":\"2024-10-09T10:08:10+00:00\",\"breadcrumb\":{\"@id\":\"https:\/\/www.amuz.krakow.pl\/wydzialy\/wydzial-i-tworczosci-interpretacji-i-edukacji-muzycznej\/katedra-kompozycji\/pracownicy\/dr-hab-maciej-jablonski\/#breadcrumb\"},\"inLanguage\":\"en-US\",\"potentialAction\":[{\"@type\":\"ReadAction\",\"target\":[\"https:\/\/www.amuz.krakow.pl\/wydzialy\/wydzial-i-tworczosci-interpretacji-i-edukacji-muzycznej\/katedra-kompozycji\/pracownicy\/dr-hab-maciej-jablonski\/\"]}]},{\"@type\":\"ImageObject\",\"inLanguage\":\"en-US\",\"@id\":\"https:\/\/www.amuz.krakow.pl\/wydzialy\/wydzial-i-tworczosci-interpretacji-i-edukacji-muzycznej\/katedra-kompozycji\/pracownicy\/dr-hab-maciej-jablonski\/#primaryimage\",\"url\":\"https:\/\/www.amuz.krakow.pl\/wp-content\/uploads\/2024\/07\/Maciej-Jablonski_miniatura.jpg\",\"contentUrl\":\"https:\/\/www.amuz.krakow.pl\/wp-content\/uploads\/2024\/07\/Maciej-Jablonski_miniatura.jpg\",\"width\":1695,\"height\":848},{\"@type\":\"BreadcrumbList\",\"@id\":\"https:\/\/www.amuz.krakow.pl\/wydzialy\/wydzial-i-tworczosci-interpretacji-i-edukacji-muzycznej\/katedra-kompozycji\/pracownicy\/dr-hab-maciej-jablonski\/#breadcrumb\",\"itemListElement\":[{\"@type\":\"ListItem\",\"position\":1,\"name\":\"Strona g\u0142\u00f3wna\",\"item\":\"https:\/\/www.amuz.krakow.pl\/\"},{\"@type\":\"ListItem\",\"position\":2,\"name\":\"WYDZIA\u0141Y\",\"item\":\"https:\/\/www.amuz.krakow.pl\/wydzialy\/\"},{\"@type\":\"ListItem\",\"position\":3,\"name\":\"Wydzia\u0142 Tw\u00f3rczo\u015bci, Interpretacji i Edukacji Muzycznej\",\"item\":\"https:\/\/www.amuz.krakow.pl\/wydzialy\/wydzial-i-tworczosci-interpretacji-i-edukacji-muzycznej\/\"},{\"@type\":\"ListItem\",\"position\":4,\"name\":\"Katedra Kompozycji\",\"item\":\"https:\/\/www.amuz.krakow.pl\/wydzialy\/wydzial-i-tworczosci-interpretacji-i-edukacji-muzycznej\/katedra-kompozycji\/\"},{\"@type\":\"ListItem\",\"position\":5,\"name\":\"Pracownicy Katedry\",\"item\":\"https:\/\/www.amuz.krakow.pl\/wydzialy\/wydzial-i-tworczosci-interpretacji-i-edukacji-muzycznej\/katedra-kompozycji\/pracownicy\/\"},{\"@type\":\"ListItem\",\"position\":6,\"name\":\"dr hab. Maciej Jab\u0142o\u0144ski, prof. AMKP\"}]},{\"@type\":\"WebSite\",\"@id\":\"https:\/\/www.amuz.krakow.pl\/#website\",\"url\":\"https:\/\/www.amuz.krakow.pl\/\",\"name\":\"Akademia Muzyczna im. Krzysztofa Pendereckiego w Krakowie\",\"description\":\"Oficjalna strona Akademii Muzycznej im. Krzysztofa Pendereckiego w Krakowie (AMKP).\",\"publisher\":{\"@id\":\"https:\/\/www.amuz.krakow.pl\/#organization\"},\"alternateName\":\"AMKP\",\"potentialAction\":[{\"@type\":\"SearchAction\",\"target\":{\"@type\":\"EntryPoint\",\"urlTemplate\":\"https:\/\/www.amuz.krakow.pl\/?s={search_term_string}\"},\"query-input\":{\"@type\":\"PropertyValueSpecification\",\"valueRequired\":true,\"valueName\":\"search_term_string\"}}],\"inLanguage\":\"en-US\"},{\"@type\":\"Organization\",\"@id\":\"https:\/\/www.amuz.krakow.pl\/#organization\",\"name\":\"Akademia Muzyczna im. Krzysztofa Pendereckiego w Krakowie\",\"alternateName\":\"AMKP\",\"url\":\"https:\/\/www.amuz.krakow.pl\/\",\"logo\":{\"@type\":\"ImageObject\",\"inLanguage\":\"en-US\",\"@id\":\"https:\/\/www.amuz.krakow.pl\/#\/schema\/logo\/image\/\",\"url\":\"https:\/\/www.amuz.krakow.pl\/wp-content\/uploads\/2021\/11\/amkp.jpg\",\"contentUrl\":\"https:\/\/www.amuz.krakow.pl\/wp-content\/uploads\/2021\/11\/amkp.jpg\",\"width\":1193,\"height\":591,\"caption\":\"Akademia Muzyczna im. Krzysztofa Pendereckiego w Krakowie\"},\"image\":{\"@id\":\"https:\/\/www.amuz.krakow.pl\/#\/schema\/logo\/image\/\"},\"sameAs\":[\"https:\/\/www.facebook.com\/amuz.krakow\",\"https:\/\/www.instagram.com\/amkpenderecki\/\",\"https:\/\/www.youtube.com\/@amkpenderecki4806\"]}]}<\/script>\n<!-- \/ Yoast SEO plugin. -->","yoast_head_json":{"title":"AMKP - Akademia Muzyczna im. Krzysztofa Pendereckiego w Krakowie","robots":{"index":"index","follow":"follow","max-snippet":"max-snippet:-1","max-image-preview":"max-image-preview:large","max-video-preview":"max-video-preview:-1"},"canonical":"https:\/\/www.amuz.krakow.pl\/wydzialy\/wydzial-i-tworczosci-interpretacji-i-edukacji-muzycznej\/katedra-kompozycji\/pracownicy\/dr-hab-maciej-jablonski\/","og_locale":"en_US","og_type":"article","og_title":"AMKP - Akademia Muzyczna im. Krzysztofa Pendereckiego w Krakowie","og_description":"Maciej Jab\u0142o\u0144ski, a composer, born 29th July 1974, Golub Dobrzyn. 1993-98 studied composition with prof. Marek Stachowski at the Music Academy in Krakow, Poland (from which he graduated with honours).&hellip; Continue reading","og_url":"https:\/\/www.amuz.krakow.pl\/wydzialy\/wydzial-i-tworczosci-interpretacji-i-edukacji-muzycznej\/katedra-kompozycji\/pracownicy\/dr-hab-maciej-jablonski\/","og_site_name":"Akademia Muzyczna im. Krzysztofa Pendereckiego w Krakowie","article_publisher":"https:\/\/www.facebook.com\/amuz.krakow","article_modified_time":"2024-10-09T10:08:10+00:00","og_image":[{"width":1695,"height":848,"url":"https:\/\/www.amuz.krakow.pl\/wp-content\/uploads\/2024\/07\/Maciej-Jablonski_miniatura.jpg","type":"image\/jpeg"}],"twitter_card":"summary_large_image","twitter_misc":{"Est. reading time":"3 minutes"},"schema":{"@context":"https:\/\/schema.org","@graph":[{"@type":"WebPage","@id":"https:\/\/www.amuz.krakow.pl\/wydzialy\/wydzial-i-tworczosci-interpretacji-i-edukacji-muzycznej\/katedra-kompozycji\/pracownicy\/dr-hab-maciej-jablonski\/","url":"https:\/\/www.amuz.krakow.pl\/wydzialy\/wydzial-i-tworczosci-interpretacji-i-edukacji-muzycznej\/katedra-kompozycji\/pracownicy\/dr-hab-maciej-jablonski\/","name":"AMKP - Akademia Muzyczna im. Krzysztofa Pendereckiego w Krakowie","isPartOf":{"@id":"https:\/\/www.amuz.krakow.pl\/#website"},"primaryImageOfPage":{"@id":"https:\/\/www.amuz.krakow.pl\/wydzialy\/wydzial-i-tworczosci-interpretacji-i-edukacji-muzycznej\/katedra-kompozycji\/pracownicy\/dr-hab-maciej-jablonski\/#primaryimage"},"image":{"@id":"https:\/\/www.amuz.krakow.pl\/wydzialy\/wydzial-i-tworczosci-interpretacji-i-edukacji-muzycznej\/katedra-kompozycji\/pracownicy\/dr-hab-maciej-jablonski\/#primaryimage"},"thumbnailUrl":"https:\/\/www.amuz.krakow.pl\/wp-content\/uploads\/2024\/07\/Maciej-Jablonski_miniatura.jpg","datePublished":"2017-10-11T20:05:21+00:00","dateModified":"2024-10-09T10:08:10+00:00","breadcrumb":{"@id":"https:\/\/www.amuz.krakow.pl\/wydzialy\/wydzial-i-tworczosci-interpretacji-i-edukacji-muzycznej\/katedra-kompozycji\/pracownicy\/dr-hab-maciej-jablonski\/#breadcrumb"},"inLanguage":"en-US","potentialAction":[{"@type":"ReadAction","target":["https:\/\/www.amuz.krakow.pl\/wydzialy\/wydzial-i-tworczosci-interpretacji-i-edukacji-muzycznej\/katedra-kompozycji\/pracownicy\/dr-hab-maciej-jablonski\/"]}]},{"@type":"ImageObject","inLanguage":"en-US","@id":"https:\/\/www.amuz.krakow.pl\/wydzialy\/wydzial-i-tworczosci-interpretacji-i-edukacji-muzycznej\/katedra-kompozycji\/pracownicy\/dr-hab-maciej-jablonski\/#primaryimage","url":"https:\/\/www.amuz.krakow.pl\/wp-content\/uploads\/2024\/07\/Maciej-Jablonski_miniatura.jpg","contentUrl":"https:\/\/www.amuz.krakow.pl\/wp-content\/uploads\/2024\/07\/Maciej-Jablonski_miniatura.jpg","width":1695,"height":848},{"@type":"BreadcrumbList","@id":"https:\/\/www.amuz.krakow.pl\/wydzialy\/wydzial-i-tworczosci-interpretacji-i-edukacji-muzycznej\/katedra-kompozycji\/pracownicy\/dr-hab-maciej-jablonski\/#breadcrumb","itemListElement":[{"@type":"ListItem","position":1,"name":"Strona g\u0142\u00f3wna","item":"https:\/\/www.amuz.krakow.pl\/"},{"@type":"ListItem","position":2,"name":"WYDZIA\u0141Y","item":"https:\/\/www.amuz.krakow.pl\/wydzialy\/"},{"@type":"ListItem","position":3,"name":"Wydzia\u0142 Tw\u00f3rczo\u015bci, Interpretacji i Edukacji Muzycznej","item":"https:\/\/www.amuz.krakow.pl\/wydzialy\/wydzial-i-tworczosci-interpretacji-i-edukacji-muzycznej\/"},{"@type":"ListItem","position":4,"name":"Katedra Kompozycji","item":"https:\/\/www.amuz.krakow.pl\/wydzialy\/wydzial-i-tworczosci-interpretacji-i-edukacji-muzycznej\/katedra-kompozycji\/"},{"@type":"ListItem","position":5,"name":"Pracownicy Katedry","item":"https:\/\/www.amuz.krakow.pl\/wydzialy\/wydzial-i-tworczosci-interpretacji-i-edukacji-muzycznej\/katedra-kompozycji\/pracownicy\/"},{"@type":"ListItem","position":6,"name":"dr hab. Maciej Jab\u0142o\u0144ski, prof. AMKP"}]},{"@type":"WebSite","@id":"https:\/\/www.amuz.krakow.pl\/#website","url":"https:\/\/www.amuz.krakow.pl\/","name":"Akademia Muzyczna im. Krzysztofa Pendereckiego w Krakowie","description":"Oficjalna strona Akademii Muzycznej im. Krzysztofa Pendereckiego w Krakowie (AMKP).","publisher":{"@id":"https:\/\/www.amuz.krakow.pl\/#organization"},"alternateName":"AMKP","potentialAction":[{"@type":"SearchAction","target":{"@type":"EntryPoint","urlTemplate":"https:\/\/www.amuz.krakow.pl\/?s={search_term_string}"},"query-input":{"@type":"PropertyValueSpecification","valueRequired":true,"valueName":"search_term_string"}}],"inLanguage":"en-US"},{"@type":"Organization","@id":"https:\/\/www.amuz.krakow.pl\/#organization","name":"Akademia Muzyczna im. Krzysztofa Pendereckiego w Krakowie","alternateName":"AMKP","url":"https:\/\/www.amuz.krakow.pl\/","logo":{"@type":"ImageObject","inLanguage":"en-US","@id":"https:\/\/www.amuz.krakow.pl\/#\/schema\/logo\/image\/","url":"https:\/\/www.amuz.krakow.pl\/wp-content\/uploads\/2021\/11\/amkp.jpg","contentUrl":"https:\/\/www.amuz.krakow.pl\/wp-content\/uploads\/2021\/11\/amkp.jpg","width":1193,"height":591,"caption":"Akademia Muzyczna im. Krzysztofa Pendereckiego w Krakowie"},"image":{"@id":"https:\/\/www.amuz.krakow.pl\/#\/schema\/logo\/image\/"},"sameAs":["https:\/\/www.facebook.com\/amuz.krakow","https:\/\/www.instagram.com\/amkpenderecki\/","https:\/\/www.youtube.com\/@amkpenderecki4806"]}]}},"_links":{"self":[{"href":"https:\/\/www.amuz.krakow.pl\/en\/wp-json\/wp\/v2\/pages\/19186","targetHints":{"allow":["GET"]}}],"collection":[{"href":"https:\/\/www.amuz.krakow.pl\/en\/wp-json\/wp\/v2\/pages"}],"about":[{"href":"https:\/\/www.amuz.krakow.pl\/en\/wp-json\/wp\/v2\/types\/page"}],"author":[{"embeddable":true,"href":"https:\/\/www.amuz.krakow.pl\/en\/wp-json\/wp\/v2\/users\/72"}],"replies":[{"embeddable":true,"href":"https:\/\/www.amuz.krakow.pl\/en\/wp-json\/wp\/v2\/comments?post=19186"}],"version-history":[{"count":8,"href":"https:\/\/www.amuz.krakow.pl\/en\/wp-json\/wp\/v2\/pages\/19186\/revisions"}],"predecessor-version":[{"id":88697,"href":"https:\/\/www.amuz.krakow.pl\/en\/wp-json\/wp\/v2\/pages\/19186\/revisions\/88697"}],"up":[{"embeddable":true,"href":"https:\/\/www.amuz.krakow.pl\/en\/wp-json\/wp\/v2\/pages\/33605"}],"wp:featuredmedia":[{"embeddable":true,"href":"https:\/\/www.amuz.krakow.pl\/en\/wp-json\/wp\/v2\/media\/88695"}],"wp:attachment":[{"href":"https:\/\/www.amuz.krakow.pl\/en\/wp-json\/wp\/v2\/media?parent=19186"}],"curies":[{"name":"wp","href":"https:\/\/api.w.org\/{rel}","templated":true}]}}