{"id":1917,"date":"2016-02-15T23:50:45","date_gmt":"2016-02-15T22:50:45","guid":{"rendered":"http:\/\/strony.amuz.krakow.pl\/?page_id=1917"},"modified":"2026-02-05T11:37:31","modified_gmt":"2026-02-05T10:37:31","slug":"dr-katarzyna-drogosz-klawesyn-fortepian","status":"publish","type":"page","link":"https:\/\/www.amuz.krakow.pl\/en\/wydzialy\/wydzial-ii-instrumentalny\/katedra-muzyki-dawnej\/pracownicy-katedry\/dr-katarzyna-drogosz-klawesyn-fortepian\/","title":{"rendered":"dr Katarzyna Drogosz"},"content":{"rendered":"<p><figure id=\"attachment_37453\" aria-describedby=\"caption-attachment-37453\" style=\"width: 276px\" class=\"wp-caption alignleft\"><a href=\"https:\/\/www.amuz.krakow.pl\/wp-content\/uploads\/2020\/03\/Katarzyna-Drogosz-fot.-Magdalena-Ha\u0142as.jpg\" target=\"_blank\" rel=\"noopener\"><img loading=\"lazy\" decoding=\"async\" class=\"wp-image-37453\" src=\"https:\/\/www.amuz.krakow.pl\/wp-content\/uploads\/2020\/03\/Katarzyna-Drogosz-fot.-Magdalena-Ha\u0142as-300x284.jpg\" alt=\"\" width=\"276\" height=\"261\" srcset=\"https:\/\/www.amuz.krakow.pl\/wp-content\/uploads\/2020\/03\/Katarzyna-Drogosz-fot.-Magdalena-Ha\u0142as-300x284.jpg 300w, https:\/\/www.amuz.krakow.pl\/wp-content\/uploads\/2020\/03\/Katarzyna-Drogosz-fot.-Magdalena-Ha\u0142as-768x728.jpg 768w, https:\/\/www.amuz.krakow.pl\/wp-content\/uploads\/2020\/03\/Katarzyna-Drogosz-fot.-Magdalena-Ha\u0142as-1536x1455.jpg 1536w, https:\/\/www.amuz.krakow.pl\/wp-content\/uploads\/2020\/03\/Katarzyna-Drogosz-fot.-Magdalena-Ha\u0142as.jpg 1975w\" sizes=\"auto, (max-width: 276px) 100vw, 276px\" \/><\/a><figcaption id=\"caption-attachment-37453\" class=\"wp-caption-text\">photo by Magdalena Ha\u0142as<\/figcaption><\/figure><\/p>\n<p style=\"text-align: justify;\">Katarzyna Drogosz has been a faculty member of the Academy of Music in Krak\u00f3w since 2013. She has taught a fortepiano class with Petra Matejova since 2018.<\/p>\n<p style=\"text-align: justify;\">Her field of expertise is performance on historical instruments. Besides interpretation, she is interested in the history and construction of early keyboard instruments. She was a finalist of the <em>Musica Antiqua<\/em> competition 2007 in Bruges.<\/p>\n<p style=\"text-align: justify;\">As well as solo recitals, Katarzyna Drogosz performs in chamber and orchestral music. She is a member of <em>Trio Lafamme<\/em> and the <em>Arte dei Suonatori Piano Quartet<\/em>.\u00a0 She also forms a fortepiano duet with Geoffrey Govier. As a soloist, she has appeared with <em>Musicae Antiquae<\/em> <em>Collegium Varsoviense, Capella Cracoviensis<\/em>, and the <em>Wroc\u0142aw Baroque Orchestra<\/em>.<\/p>\n<p style=\"text-align: justify;\">Her recordings include chamber music by Ludwig van Beethoven, Fryderyk Chopin, Carl Czerny, Carl Maria von Weber, and Friedrich Kuhlau, on the CD Accord\/ NFM, Fryderyk Chopin Institute and Coviello Classics labels. Recently she has published a solo CD of piano works by Franz Xaver Wolfgang Mozart (CD Accord, 2019).<\/p>\n<p style=\"text-align: justify;\">Katarzyna Drogosz studied piano with Aleksandra Kowalik and Teresa Manasterska at the Fryderyk Chopin Academy of Music in Warsaw, fortepiano with Stanley Hoogland at the Conservatorium van Amsterdam and harpsichord with Robert Hill at the Hochschule fu\u0308r Musik Freiburg. Masterclasses with Karl-Heinz Ka\u0308mmerling, Andreas Staier and W\u0142adys\u0142aw K\u0142osiewicz were also important turning points in her musical development. She obtained a PhD degree in 2017.<\/p>\n<p><a href=\"mailto:katarzyna.drogosz@amuz.krakow.pl\">katarzyna.drogosz@amuz.krakow.pl<\/a><\/p>\n<p style=\"text-align: justify;\">\n<p><\/p>","protected":false},"excerpt":{"rendered":"<p>Katarzyna Drogosz has been a faculty member of the Academy of Music in Krak\u00f3w since 2013. She has taught a fortepiano class with Petra Matejova since 2018. Her field of&hellip; <a href=\"https:\/\/www.amuz.krakow.pl\/en\/wydzialy\/wydzial-ii-instrumentalny\/katedra-muzyki-dawnej\/pracownicy-katedry\/dr-katarzyna-drogosz-klawesyn-fortepian\/\">Continue reading<\/a><\/p>\n","protected":false},"author":72,"featured_media":37453,"parent":1801,"menu_order":45,"comment_status":"closed","ping_status":"closed","template":"","meta":{"footnotes":"","_links_to":"","_links_to_target":""},"class_list":["post-1917","page","type-page","status-publish","has-post-thumbnail","hentry"],"yoast_head":"<!-- This site is optimized with the Yoast SEO plugin v27.4 - https:\/\/yoast.com\/product\/yoast-seo-wordpress\/ -->\n<title>AMKP - Akademia Muzyczna im. Krzysztofa Pendereckiego w Krakowie<\/title>\n<meta name=\"robots\" content=\"index, follow, max-snippet:-1, max-image-preview:large, max-video-preview:-1\" \/>\n<link rel=\"canonical\" href=\"https:\/\/www.amuz.krakow.pl\/wydzialy\/wydzial-ii-instrumentalny\/katedra-muzyki-dawnej\/pracownicy-katedry\/dr-katarzyna-drogosz-klawesyn-fortepian\/\" \/>\n<meta property=\"og:locale\" content=\"en_US\" \/>\n<meta property=\"og:type\" content=\"article\" \/>\n<meta property=\"og:title\" content=\"AMKP - Akademia Muzyczna im. Krzysztofa Pendereckiego w Krakowie\" \/>\n<meta property=\"og:description\" content=\"Katarzyna Drogosz has been a faculty member of the Academy of Music in Krak\u00f3w since 2013. She has taught a fortepiano class with Petra Matejova since 2018. Her field of&hellip; Continue reading\" \/>\n<meta property=\"og:url\" content=\"https:\/\/www.amuz.krakow.pl\/wydzialy\/wydzial-ii-instrumentalny\/katedra-muzyki-dawnej\/pracownicy-katedry\/dr-katarzyna-drogosz-klawesyn-fortepian\/\" \/>\n<meta property=\"og:site_name\" content=\"Akademia Muzyczna im. Krzysztofa Pendereckiego w Krakowie\" \/>\n<meta property=\"article:publisher\" content=\"https:\/\/www.facebook.com\/amuz.krakow\" \/>\n<meta property=\"article:modified_time\" content=\"2026-02-05T10:37:31+00:00\" \/>\n<meta property=\"og:image\" content=\"https:\/\/www.amuz.krakow.pl\/wp-content\/uploads\/2020\/03\/Katarzyna-Drogosz-fot.-Magdalena-Ha\u0142as.jpg\" \/>\n\t<meta property=\"og:image:width\" content=\"1975\" \/>\n\t<meta property=\"og:image:height\" content=\"1871\" \/>\n\t<meta property=\"og:image:type\" content=\"image\/jpeg\" \/>\n<meta name=\"twitter:card\" content=\"summary_large_image\" \/>\n<meta name=\"twitter:label1\" content=\"Est. reading time\" \/>\n\t<meta name=\"twitter:data1\" content=\"3 minutes\" \/>\n<script type=\"application\/ld+json\" class=\"yoast-schema-graph\">{\"@context\":\"https:\\\/\\\/schema.org\",\"@graph\":[{\"@type\":\"WebPage\",\"@id\":\"https:\\\/\\\/www.amuz.krakow.pl\\\/wydzialy\\\/wydzial-ii-instrumentalny\\\/katedra-muzyki-dawnej\\\/pracownicy-katedry\\\/dr-katarzyna-drogosz-klawesyn-fortepian\\\/\",\"url\":\"https:\\\/\\\/www.amuz.krakow.pl\\\/wydzialy\\\/wydzial-ii-instrumentalny\\\/katedra-muzyki-dawnej\\\/pracownicy-katedry\\\/dr-katarzyna-drogosz-klawesyn-fortepian\\\/\",\"name\":\"AMKP - Akademia Muzyczna im. Krzysztofa Pendereckiego w Krakowie\",\"isPartOf\":{\"@id\":\"https:\\\/\\\/www.amuz.krakow.pl\\\/#website\"},\"primaryImageOfPage\":{\"@id\":\"https:\\\/\\\/www.amuz.krakow.pl\\\/wydzialy\\\/wydzial-ii-instrumentalny\\\/katedra-muzyki-dawnej\\\/pracownicy-katedry\\\/dr-katarzyna-drogosz-klawesyn-fortepian\\\/#primaryimage\"},\"image\":{\"@id\":\"https:\\\/\\\/www.amuz.krakow.pl\\\/wydzialy\\\/wydzial-ii-instrumentalny\\\/katedra-muzyki-dawnej\\\/pracownicy-katedry\\\/dr-katarzyna-drogosz-klawesyn-fortepian\\\/#primaryimage\"},\"thumbnailUrl\":\"https:\\\/\\\/www.amuz.krakow.pl\\\/wp-content\\\/uploads\\\/2020\\\/03\\\/Katarzyna-Drogosz-fot.-Magdalena-Ha\u0142as.jpg\",\"datePublished\":\"2016-02-15T22:50:45+00:00\",\"dateModified\":\"2026-02-05T10:37:31+00:00\",\"breadcrumb\":{\"@id\":\"https:\\\/\\\/www.amuz.krakow.pl\\\/wydzialy\\\/wydzial-ii-instrumentalny\\\/katedra-muzyki-dawnej\\\/pracownicy-katedry\\\/dr-katarzyna-drogosz-klawesyn-fortepian\\\/#breadcrumb\"},\"inLanguage\":\"en-US\",\"potentialAction\":[{\"@type\":\"ReadAction\",\"target\":[\"https:\\\/\\\/www.amuz.krakow.pl\\\/wydzialy\\\/wydzial-ii-instrumentalny\\\/katedra-muzyki-dawnej\\\/pracownicy-katedry\\\/dr-katarzyna-drogosz-klawesyn-fortepian\\\/\"]}]},{\"@type\":\"ImageObject\",\"inLanguage\":\"en-US\",\"@id\":\"https:\\\/\\\/www.amuz.krakow.pl\\\/wydzialy\\\/wydzial-ii-instrumentalny\\\/katedra-muzyki-dawnej\\\/pracownicy-katedry\\\/dr-katarzyna-drogosz-klawesyn-fortepian\\\/#primaryimage\",\"url\":\"https:\\\/\\\/www.amuz.krakow.pl\\\/wp-content\\\/uploads\\\/2020\\\/03\\\/Katarzyna-Drogosz-fot.-Magdalena-Ha\u0142as.jpg\",\"contentUrl\":\"https:\\\/\\\/www.amuz.krakow.pl\\\/wp-content\\\/uploads\\\/2020\\\/03\\\/Katarzyna-Drogosz-fot.-Magdalena-Ha\u0142as.jpg\",\"width\":1975,\"height\":1871,\"caption\":\"fot. Magdalena Ha\u0142as\"},{\"@type\":\"BreadcrumbList\",\"@id\":\"https:\\\/\\\/www.amuz.krakow.pl\\\/wydzialy\\\/wydzial-ii-instrumentalny\\\/katedra-muzyki-dawnej\\\/pracownicy-katedry\\\/dr-katarzyna-drogosz-klawesyn-fortepian\\\/#breadcrumb\",\"itemListElement\":[{\"@type\":\"ListItem\",\"position\":1,\"name\":\"Strona g\u0142\u00f3wna\",\"item\":\"https:\\\/\\\/www.amuz.krakow.pl\\\/\"},{\"@type\":\"ListItem\",\"position\":2,\"name\":\"WYDZIA\u0141Y\",\"item\":\"https:\\\/\\\/www.amuz.krakow.pl\\\/wydzialy\\\/\"},{\"@type\":\"ListItem\",\"position\":3,\"name\":\"Wydzia\u0142 Instrumentalny\",\"item\":\"https:\\\/\\\/www.amuz.krakow.pl\\\/wydzialy\\\/wydzial-ii-instrumentalny\\\/\"},{\"@type\":\"ListItem\",\"position\":4,\"name\":\"Katedra Muzyki Dawnej\",\"item\":\"https:\\\/\\\/www.amuz.krakow.pl\\\/wydzialy\\\/wydzial-ii-instrumentalny\\\/katedra-muzyki-dawnej\\\/\"},{\"@type\":\"ListItem\",\"position\":5,\"name\":\"Pracownicy Katedry\",\"item\":\"https:\\\/\\\/www.amuz.krakow.pl\\\/wydzialy\\\/wydzial-ii-instrumentalny\\\/katedra-muzyki-dawnej\\\/pracownicy-katedry\\\/\"},{\"@type\":\"ListItem\",\"position\":6,\"name\":\"dr Katarzyna Drogosz\"}]},{\"@type\":\"WebSite\",\"@id\":\"https:\\\/\\\/www.amuz.krakow.pl\\\/#website\",\"url\":\"https:\\\/\\\/www.amuz.krakow.pl\\\/\",\"name\":\"Akademia Muzyczna im. Krzysztofa Pendereckiego w Krakowie\",\"description\":\"Oficjalna strona Akademii Muzycznej im. Krzysztofa Pendereckiego w Krakowie (AMKP).\",\"publisher\":{\"@id\":\"https:\\\/\\\/www.amuz.krakow.pl\\\/#organization\"},\"alternateName\":\"AMKP\",\"potentialAction\":[{\"@type\":\"SearchAction\",\"target\":{\"@type\":\"EntryPoint\",\"urlTemplate\":\"https:\\\/\\\/www.amuz.krakow.pl\\\/?s={search_term_string}\"},\"query-input\":{\"@type\":\"PropertyValueSpecification\",\"valueRequired\":true,\"valueName\":\"search_term_string\"}}],\"inLanguage\":\"en-US\"},{\"@type\":\"Organization\",\"@id\":\"https:\\\/\\\/www.amuz.krakow.pl\\\/#organization\",\"name\":\"Akademia Muzyczna im. Krzysztofa Pendereckiego w Krakowie\",\"alternateName\":\"AMKP\",\"url\":\"https:\\\/\\\/www.amuz.krakow.pl\\\/\",\"logo\":{\"@type\":\"ImageObject\",\"inLanguage\":\"en-US\",\"@id\":\"https:\\\/\\\/www.amuz.krakow.pl\\\/#\\\/schema\\\/logo\\\/image\\\/\",\"url\":\"https:\\\/\\\/www.amuz.krakow.pl\\\/wp-content\\\/uploads\\\/2021\\\/11\\\/amkp.jpg\",\"contentUrl\":\"https:\\\/\\\/www.amuz.krakow.pl\\\/wp-content\\\/uploads\\\/2021\\\/11\\\/amkp.jpg\",\"width\":1193,\"height\":591,\"caption\":\"Akademia Muzyczna im. Krzysztofa Pendereckiego w Krakowie\"},\"image\":{\"@id\":\"https:\\\/\\\/www.amuz.krakow.pl\\\/#\\\/schema\\\/logo\\\/image\\\/\"},\"sameAs\":[\"https:\\\/\\\/www.facebook.com\\\/amuz.krakow\",\"https:\\\/\\\/www.instagram.com\\\/amkpenderecki\\\/\",\"https:\\\/\\\/www.youtube.com\\\/@amkpenderecki4806\"]}]}<\/script>\n<!-- \/ Yoast SEO plugin. -->","yoast_head_json":{"title":"AMKP - Akademia Muzyczna im. Krzysztofa Pendereckiego w Krakowie","robots":{"index":"index","follow":"follow","max-snippet":"max-snippet:-1","max-image-preview":"max-image-preview:large","max-video-preview":"max-video-preview:-1"},"canonical":"https:\/\/www.amuz.krakow.pl\/wydzialy\/wydzial-ii-instrumentalny\/katedra-muzyki-dawnej\/pracownicy-katedry\/dr-katarzyna-drogosz-klawesyn-fortepian\/","og_locale":"en_US","og_type":"article","og_title":"AMKP - Akademia Muzyczna im. Krzysztofa Pendereckiego w Krakowie","og_description":"Katarzyna Drogosz has been a faculty member of the Academy of Music in Krak\u00f3w since 2013. She has taught a fortepiano class with Petra Matejova since 2018. Her field of&hellip; Continue reading","og_url":"https:\/\/www.amuz.krakow.pl\/wydzialy\/wydzial-ii-instrumentalny\/katedra-muzyki-dawnej\/pracownicy-katedry\/dr-katarzyna-drogosz-klawesyn-fortepian\/","og_site_name":"Akademia Muzyczna im. Krzysztofa Pendereckiego w Krakowie","article_publisher":"https:\/\/www.facebook.com\/amuz.krakow","article_modified_time":"2026-02-05T10:37:31+00:00","og_image":[{"url":"https:\/\/www.amuz.krakow.pl\/wp-content\/uploads\/2020\/03\/Katarzyna-Drogosz-fot.-Magdalena-Ha\u0142as.jpg","width":1975,"height":1871,"type":"image\/jpeg"}],"twitter_card":"summary_large_image","twitter_misc":{"Est. reading time":"3 minutes"},"schema":{"@context":"https:\/\/schema.org","@graph":[{"@type":"WebPage","@id":"https:\/\/www.amuz.krakow.pl\/wydzialy\/wydzial-ii-instrumentalny\/katedra-muzyki-dawnej\/pracownicy-katedry\/dr-katarzyna-drogosz-klawesyn-fortepian\/","url":"https:\/\/www.amuz.krakow.pl\/wydzialy\/wydzial-ii-instrumentalny\/katedra-muzyki-dawnej\/pracownicy-katedry\/dr-katarzyna-drogosz-klawesyn-fortepian\/","name":"AMKP - Akademia Muzyczna im. Krzysztofa Pendereckiego w Krakowie","isPartOf":{"@id":"https:\/\/www.amuz.krakow.pl\/#website"},"primaryImageOfPage":{"@id":"https:\/\/www.amuz.krakow.pl\/wydzialy\/wydzial-ii-instrumentalny\/katedra-muzyki-dawnej\/pracownicy-katedry\/dr-katarzyna-drogosz-klawesyn-fortepian\/#primaryimage"},"image":{"@id":"https:\/\/www.amuz.krakow.pl\/wydzialy\/wydzial-ii-instrumentalny\/katedra-muzyki-dawnej\/pracownicy-katedry\/dr-katarzyna-drogosz-klawesyn-fortepian\/#primaryimage"},"thumbnailUrl":"https:\/\/www.amuz.krakow.pl\/wp-content\/uploads\/2020\/03\/Katarzyna-Drogosz-fot.-Magdalena-Ha\u0142as.jpg","datePublished":"2016-02-15T22:50:45+00:00","dateModified":"2026-02-05T10:37:31+00:00","breadcrumb":{"@id":"https:\/\/www.amuz.krakow.pl\/wydzialy\/wydzial-ii-instrumentalny\/katedra-muzyki-dawnej\/pracownicy-katedry\/dr-katarzyna-drogosz-klawesyn-fortepian\/#breadcrumb"},"inLanguage":"en-US","potentialAction":[{"@type":"ReadAction","target":["https:\/\/www.amuz.krakow.pl\/wydzialy\/wydzial-ii-instrumentalny\/katedra-muzyki-dawnej\/pracownicy-katedry\/dr-katarzyna-drogosz-klawesyn-fortepian\/"]}]},{"@type":"ImageObject","inLanguage":"en-US","@id":"https:\/\/www.amuz.krakow.pl\/wydzialy\/wydzial-ii-instrumentalny\/katedra-muzyki-dawnej\/pracownicy-katedry\/dr-katarzyna-drogosz-klawesyn-fortepian\/#primaryimage","url":"https:\/\/www.amuz.krakow.pl\/wp-content\/uploads\/2020\/03\/Katarzyna-Drogosz-fot.-Magdalena-Ha\u0142as.jpg","contentUrl":"https:\/\/www.amuz.krakow.pl\/wp-content\/uploads\/2020\/03\/Katarzyna-Drogosz-fot.-Magdalena-Ha\u0142as.jpg","width":1975,"height":1871,"caption":"fot. Magdalena Ha\u0142as"},{"@type":"BreadcrumbList","@id":"https:\/\/www.amuz.krakow.pl\/wydzialy\/wydzial-ii-instrumentalny\/katedra-muzyki-dawnej\/pracownicy-katedry\/dr-katarzyna-drogosz-klawesyn-fortepian\/#breadcrumb","itemListElement":[{"@type":"ListItem","position":1,"name":"Strona g\u0142\u00f3wna","item":"https:\/\/www.amuz.krakow.pl\/"},{"@type":"ListItem","position":2,"name":"WYDZIA\u0141Y","item":"https:\/\/www.amuz.krakow.pl\/wydzialy\/"},{"@type":"ListItem","position":3,"name":"Wydzia\u0142 Instrumentalny","item":"https:\/\/www.amuz.krakow.pl\/wydzialy\/wydzial-ii-instrumentalny\/"},{"@type":"ListItem","position":4,"name":"Katedra Muzyki Dawnej","item":"https:\/\/www.amuz.krakow.pl\/wydzialy\/wydzial-ii-instrumentalny\/katedra-muzyki-dawnej\/"},{"@type":"ListItem","position":5,"name":"Pracownicy Katedry","item":"https:\/\/www.amuz.krakow.pl\/wydzialy\/wydzial-ii-instrumentalny\/katedra-muzyki-dawnej\/pracownicy-katedry\/"},{"@type":"ListItem","position":6,"name":"dr Katarzyna Drogosz"}]},{"@type":"WebSite","@id":"https:\/\/www.amuz.krakow.pl\/#website","url":"https:\/\/www.amuz.krakow.pl\/","name":"Akademia Muzyczna im. Krzysztofa Pendereckiego w Krakowie","description":"Oficjalna strona Akademii Muzycznej im. Krzysztofa Pendereckiego w Krakowie (AMKP).","publisher":{"@id":"https:\/\/www.amuz.krakow.pl\/#organization"},"alternateName":"AMKP","potentialAction":[{"@type":"SearchAction","target":{"@type":"EntryPoint","urlTemplate":"https:\/\/www.amuz.krakow.pl\/?s={search_term_string}"},"query-input":{"@type":"PropertyValueSpecification","valueRequired":true,"valueName":"search_term_string"}}],"inLanguage":"en-US"},{"@type":"Organization","@id":"https:\/\/www.amuz.krakow.pl\/#organization","name":"Akademia Muzyczna im. Krzysztofa Pendereckiego w Krakowie","alternateName":"AMKP","url":"https:\/\/www.amuz.krakow.pl\/","logo":{"@type":"ImageObject","inLanguage":"en-US","@id":"https:\/\/www.amuz.krakow.pl\/#\/schema\/logo\/image\/","url":"https:\/\/www.amuz.krakow.pl\/wp-content\/uploads\/2021\/11\/amkp.jpg","contentUrl":"https:\/\/www.amuz.krakow.pl\/wp-content\/uploads\/2021\/11\/amkp.jpg","width":1193,"height":591,"caption":"Akademia Muzyczna im. Krzysztofa Pendereckiego w Krakowie"},"image":{"@id":"https:\/\/www.amuz.krakow.pl\/#\/schema\/logo\/image\/"},"sameAs":["https:\/\/www.facebook.com\/amuz.krakow","https:\/\/www.instagram.com\/amkpenderecki\/","https:\/\/www.youtube.com\/@amkpenderecki4806"]}]}},"_links":{"self":[{"href":"https:\/\/www.amuz.krakow.pl\/en\/wp-json\/wp\/v2\/pages\/1917","targetHints":{"allow":["GET"]}}],"collection":[{"href":"https:\/\/www.amuz.krakow.pl\/en\/wp-json\/wp\/v2\/pages"}],"about":[{"href":"https:\/\/www.amuz.krakow.pl\/en\/wp-json\/wp\/v2\/types\/page"}],"author":[{"embeddable":true,"href":"https:\/\/www.amuz.krakow.pl\/en\/wp-json\/wp\/v2\/users\/72"}],"replies":[{"embeddable":true,"href":"https:\/\/www.amuz.krakow.pl\/en\/wp-json\/wp\/v2\/comments?post=1917"}],"version-history":[{"count":4,"href":"https:\/\/www.amuz.krakow.pl\/en\/wp-json\/wp\/v2\/pages\/1917\/revisions"}],"predecessor-version":[{"id":114541,"href":"https:\/\/www.amuz.krakow.pl\/en\/wp-json\/wp\/v2\/pages\/1917\/revisions\/114541"}],"up":[{"embeddable":true,"href":"https:\/\/www.amuz.krakow.pl\/en\/wp-json\/wp\/v2\/pages\/1801"}],"wp:featuredmedia":[{"embeddable":true,"href":"https:\/\/www.amuz.krakow.pl\/en\/wp-json\/wp\/v2\/media\/37453"}],"wp:attachment":[{"href":"https:\/\/www.amuz.krakow.pl\/en\/wp-json\/wp\/v2\/media?parent=1917"}],"curies":[{"name":"wp","href":"https:\/\/api.w.org\/{rel}","templated":true}]}}