{"id":1834,"date":"2016-02-15T23:01:56","date_gmt":"2016-02-15T22:01:56","guid":{"rendered":"http:\/\/strony.amuz.krakow.pl\/?page_id=1834"},"modified":"2026-02-05T11:35:44","modified_gmt":"2026-02-05T10:35:44","slug":"dr-hab-ewa-mrowca-kosciukiewicz","status":"publish","type":"page","link":"https:\/\/www.amuz.krakow.pl\/en\/wydzialy\/wydzial-ii-instrumentalny\/katedra-muzyki-dawnej\/pracownicy-katedry\/dr-hab-ewa-mrowca-kosciukiewicz\/","title":{"rendered":"prof. dr hab. Ewa Mrowca-Ko\u015bciukiewicz"},"content":{"rendered":"<p><figure id=\"attachment_91081\" aria-describedby=\"caption-attachment-91081\" style=\"width: 300px\" class=\"wp-caption aligncenter\"><a href=\"https:\/\/www.amuz.krakow.pl\/wp-content\/uploads\/2024\/10\/Ewa-Mrowca-fot.-Bogna-bohdanowicz-jpg-scaled.jpeg\" target=\"_blank\" rel=\"noopener\"><img loading=\"lazy\" decoding=\"async\" class=\"wp-image-91081 size-medium\" src=\"https:\/\/www.amuz.krakow.pl\/wp-content\/uploads\/2024\/10\/Ewa-Mrowca-fot.-Bogna-bohdanowicz-jpg-300x200.jpeg\" alt=\"\" width=\"300\" height=\"200\" srcset=\"https:\/\/www.amuz.krakow.pl\/wp-content\/uploads\/2024\/10\/Ewa-Mrowca-fot.-Bogna-bohdanowicz-jpg-300x200.jpeg 300w, https:\/\/www.amuz.krakow.pl\/wp-content\/uploads\/2024\/10\/Ewa-Mrowca-fot.-Bogna-bohdanowicz-jpg-scaled.jpeg 2048w, https:\/\/www.amuz.krakow.pl\/wp-content\/uploads\/2024\/10\/Ewa-Mrowca-fot.-Bogna-bohdanowicz-jpg-768x511.jpeg 768w, https:\/\/www.amuz.krakow.pl\/wp-content\/uploads\/2024\/10\/Ewa-Mrowca-fot.-Bogna-bohdanowicz-jpg-1536x1022.jpeg 1536w\" sizes=\"auto, (max-width: 300px) 100vw, 300px\" \/><\/a><figcaption id=\"caption-attachment-91081\" class=\"wp-caption-text\">photo by Bogna Bohdanowicz<\/figcaption><\/figure><\/p>\n<p style=\"text-align: justify;\">Born in Krakow, Poland. In 2002 she graduated with distinction from the Academy of Music in Krakow, studying under Prof. El\u017cbieta Stefa\u0144ska. She is also a\u00a0graduate from the Guildhall School of Music &amp; Drama in London with MMus degree, studying with Nicholas Parle. In years 2003-2006 she continued her post graduate study at the Schola Cantorum Basiliensis in Basel studying with J\u00f6rg Andreas B\u00f6tticher. In 2009 she received PhD degree from the \u0141\u00f3d\u017a Music Academy with dissertation <i>Thorough Bass in German Secular Music in the First Half of the XVIII Century at the harpsichord<\/i>. In 2014 Ewa was granted a\u00a0tenure at the \u0141\u00f3d\u017a Music Academy based on her work on <i>Manuscript R\u00e9s. 475<\/i> with<i>Pieces de clavessin<\/i> by Jean Nicolas Geoffroy (1633-1694) from Biblioth\u00e8que Nationale de France.<\/p>\n<p style=\"text-align: justify;\">She started to develop her interests in original harpsichords influenced by great harpsichord player Kenneth Gilberth. She is a recipient of many fellowships and diplomas. In 2003 she received distinction at the <i>VI Broadwood Harpsichord Competition<\/i> in London. In 1999 she was awarded with <i>Diploma di Merito<\/i> from the Accademia Musicale Chigiana in Siena.<\/p>\n<p style=\"text-align: justify;\">In 2012 she received a distinction from the Council of Science and Higher Education of \u0141\u00f3d\u017a.<\/p>\n<p style=\"text-align: justify;\">She obtained fellowships from Polish Culture Minister, Ministry of Science and Higher Education, Swiss Government, Accademia Musicale Chigiana and Guildhall School of Music&amp;Drama. Ewa has taken part in many harpsichord masterclasses led by Kenneth Gilbert, (Accademia Musicale Chigiana), Christophe Rousset, Jesper Christensen, Elisabeth Joy\u00e9, Pierre Hantai.<\/p>\n<p style=\"text-align: justify;\">She has played with many baroque ensembles and has performed as a soloist and continuo player in Poland, France, Germany, UK and USA. In 2009 with Olga Pasichnyk and <i>Nova Casa<\/i> Ensemble, she prepared the monodram <i>Tre Donne &#8211;\u00a0Tre Destini <\/i>with Music by G. F. H\u00e4ndel for Chamber Opera in Warsaw. She continues to perform in Poland and abroad.<\/p>\n<p style=\"text-align: justify;\">Currently, Ewa teaches at the Academy of Music in Krakow and Academy of Music in \u0141\u00f3d\u017a too. Her first solo CD with Pieces de clavessin by Jean Nicolas Geoffroy (Dux 0137) got great reviews from <i>Pizzicato magazine, Bayerische Rundfunk<\/i> and <i>Ruch Muzyczny<\/i>. This CD was nominated to <i>International Classical Music Award <\/i>2013. In March 2014 got <i>5 du Diapason<\/i>.<\/p>\n<p><a href=\"mailto:ewa.mrowca.kosciukiewicz@amuz.krakow.pl\">ewa.mrowca.kosciukiewicz@amuz.krakow.pl<\/a><\/p>","protected":false},"excerpt":{"rendered":"<p>Born in Krakow, Poland. In 2002 she graduated with distinction from the Academy of Music in Krakow, studying under Prof. El\u017cbieta Stefa\u0144ska. She is also a\u00a0graduate from the Guildhall School&hellip; <a href=\"https:\/\/www.amuz.krakow.pl\/en\/wydzialy\/wydzial-ii-instrumentalny\/katedra-muzyki-dawnej\/pracownicy-katedry\/dr-hab-ewa-mrowca-kosciukiewicz\/\">Continue reading<\/a><\/p>\n","protected":false},"author":72,"featured_media":91081,"parent":1801,"menu_order":10,"comment_status":"closed","ping_status":"closed","template":"","meta":{"footnotes":"","_links_to":"","_links_to_target":""},"class_list":["post-1834","page","type-page","status-publish","has-post-thumbnail","hentry"],"yoast_head":"<!-- This site is optimized with the Yoast SEO plugin v27.4 - https:\/\/yoast.com\/product\/yoast-seo-wordpress\/ -->\n<title>AMKP - Akademia Muzyczna im. Krzysztofa Pendereckiego w Krakowie<\/title>\n<meta name=\"robots\" content=\"index, follow, max-snippet:-1, max-image-preview:large, max-video-preview:-1\" \/>\n<link rel=\"canonical\" href=\"https:\/\/www.amuz.krakow.pl\/wydzialy\/wydzial-ii-instrumentalny\/katedra-muzyki-dawnej\/pracownicy-katedry\/dr-hab-ewa-mrowca-kosciukiewicz\/\" \/>\n<meta property=\"og:locale\" content=\"en_US\" \/>\n<meta property=\"og:type\" content=\"article\" \/>\n<meta property=\"og:title\" content=\"AMKP - Akademia Muzyczna im. Krzysztofa Pendereckiego w Krakowie\" \/>\n<meta property=\"og:description\" content=\"Born in Krakow, Poland. In 2002 she graduated with distinction from the Academy of Music in Krakow, studying under Prof. El\u017cbieta Stefa\u0144ska. She is also a\u00a0graduate from the Guildhall School&hellip; Continue reading\" \/>\n<meta property=\"og:url\" content=\"https:\/\/www.amuz.krakow.pl\/wydzialy\/wydzial-ii-instrumentalny\/katedra-muzyki-dawnej\/pracownicy-katedry\/dr-hab-ewa-mrowca-kosciukiewicz\/\" \/>\n<meta property=\"og:site_name\" content=\"Akademia Muzyczna im. Krzysztofa Pendereckiego w Krakowie\" \/>\n<meta property=\"article:publisher\" content=\"https:\/\/www.facebook.com\/amuz.krakow\" \/>\n<meta property=\"article:modified_time\" content=\"2026-02-05T10:35:44+00:00\" \/>\n<meta property=\"og:image\" content=\"https:\/\/www.amuz.krakow.pl\/wp-content\/uploads\/2024\/10\/Ewa-Mrowca-fot.-Bogna-bohdanowicz-jpg-scaled.jpeg\" \/>\n\t<meta property=\"og:image:width\" content=\"2048\" \/>\n\t<meta property=\"og:image:height\" content=\"1363\" \/>\n\t<meta property=\"og:image:type\" content=\"image\/jpeg\" \/>\n<meta name=\"twitter:card\" content=\"summary_large_image\" \/>\n<meta name=\"twitter:label1\" content=\"Est. reading time\" \/>\n\t<meta name=\"twitter:data1\" content=\"5 minutes\" \/>\n<script type=\"application\/ld+json\" class=\"yoast-schema-graph\">{\"@context\":\"https:\\\/\\\/schema.org\",\"@graph\":[{\"@type\":\"WebPage\",\"@id\":\"https:\\\/\\\/www.amuz.krakow.pl\\\/wydzialy\\\/wydzial-ii-instrumentalny\\\/katedra-muzyki-dawnej\\\/pracownicy-katedry\\\/dr-hab-ewa-mrowca-kosciukiewicz\\\/\",\"url\":\"https:\\\/\\\/www.amuz.krakow.pl\\\/wydzialy\\\/wydzial-ii-instrumentalny\\\/katedra-muzyki-dawnej\\\/pracownicy-katedry\\\/dr-hab-ewa-mrowca-kosciukiewicz\\\/\",\"name\":\"AMKP - Akademia Muzyczna im. Krzysztofa Pendereckiego w Krakowie\",\"isPartOf\":{\"@id\":\"https:\\\/\\\/www.amuz.krakow.pl\\\/#website\"},\"primaryImageOfPage\":{\"@id\":\"https:\\\/\\\/www.amuz.krakow.pl\\\/wydzialy\\\/wydzial-ii-instrumentalny\\\/katedra-muzyki-dawnej\\\/pracownicy-katedry\\\/dr-hab-ewa-mrowca-kosciukiewicz\\\/#primaryimage\"},\"image\":{\"@id\":\"https:\\\/\\\/www.amuz.krakow.pl\\\/wydzialy\\\/wydzial-ii-instrumentalny\\\/katedra-muzyki-dawnej\\\/pracownicy-katedry\\\/dr-hab-ewa-mrowca-kosciukiewicz\\\/#primaryimage\"},\"thumbnailUrl\":\"https:\\\/\\\/www.amuz.krakow.pl\\\/wp-content\\\/uploads\\\/2024\\\/10\\\/Ewa-Mrowca-fot.-Bogna-bohdanowicz-jpg-scaled.jpeg\",\"datePublished\":\"2016-02-15T22:01:56+00:00\",\"dateModified\":\"2026-02-05T10:35:44+00:00\",\"breadcrumb\":{\"@id\":\"https:\\\/\\\/www.amuz.krakow.pl\\\/wydzialy\\\/wydzial-ii-instrumentalny\\\/katedra-muzyki-dawnej\\\/pracownicy-katedry\\\/dr-hab-ewa-mrowca-kosciukiewicz\\\/#breadcrumb\"},\"inLanguage\":\"en-US\",\"potentialAction\":[{\"@type\":\"ReadAction\",\"target\":[\"https:\\\/\\\/www.amuz.krakow.pl\\\/wydzialy\\\/wydzial-ii-instrumentalny\\\/katedra-muzyki-dawnej\\\/pracownicy-katedry\\\/dr-hab-ewa-mrowca-kosciukiewicz\\\/\"]}]},{\"@type\":\"ImageObject\",\"inLanguage\":\"en-US\",\"@id\":\"https:\\\/\\\/www.amuz.krakow.pl\\\/wydzialy\\\/wydzial-ii-instrumentalny\\\/katedra-muzyki-dawnej\\\/pracownicy-katedry\\\/dr-hab-ewa-mrowca-kosciukiewicz\\\/#primaryimage\",\"url\":\"https:\\\/\\\/www.amuz.krakow.pl\\\/wp-content\\\/uploads\\\/2024\\\/10\\\/Ewa-Mrowca-fot.-Bogna-bohdanowicz-jpg-scaled.jpeg\",\"contentUrl\":\"https:\\\/\\\/www.amuz.krakow.pl\\\/wp-content\\\/uploads\\\/2024\\\/10\\\/Ewa-Mrowca-fot.-Bogna-bohdanowicz-jpg-scaled.jpeg\",\"width\":2048,\"height\":1363,\"caption\":\"fot. Bogna Bohdanowicz\"},{\"@type\":\"BreadcrumbList\",\"@id\":\"https:\\\/\\\/www.amuz.krakow.pl\\\/wydzialy\\\/wydzial-ii-instrumentalny\\\/katedra-muzyki-dawnej\\\/pracownicy-katedry\\\/dr-hab-ewa-mrowca-kosciukiewicz\\\/#breadcrumb\",\"itemListElement\":[{\"@type\":\"ListItem\",\"position\":1,\"name\":\"Strona g\u0142\u00f3wna\",\"item\":\"https:\\\/\\\/www.amuz.krakow.pl\\\/\"},{\"@type\":\"ListItem\",\"position\":2,\"name\":\"WYDZIA\u0141Y\",\"item\":\"https:\\\/\\\/www.amuz.krakow.pl\\\/wydzialy\\\/\"},{\"@type\":\"ListItem\",\"position\":3,\"name\":\"Wydzia\u0142 Instrumentalny\",\"item\":\"https:\\\/\\\/www.amuz.krakow.pl\\\/wydzialy\\\/wydzial-ii-instrumentalny\\\/\"},{\"@type\":\"ListItem\",\"position\":4,\"name\":\"Katedra Muzyki Dawnej\",\"item\":\"https:\\\/\\\/www.amuz.krakow.pl\\\/wydzialy\\\/wydzial-ii-instrumentalny\\\/katedra-muzyki-dawnej\\\/\"},{\"@type\":\"ListItem\",\"position\":5,\"name\":\"Pracownicy Katedry\",\"item\":\"https:\\\/\\\/www.amuz.krakow.pl\\\/wydzialy\\\/wydzial-ii-instrumentalny\\\/katedra-muzyki-dawnej\\\/pracownicy-katedry\\\/\"},{\"@type\":\"ListItem\",\"position\":6,\"name\":\"prof. dr hab. Ewa Mrowca-Ko\u015bciukiewicz\"}]},{\"@type\":\"WebSite\",\"@id\":\"https:\\\/\\\/www.amuz.krakow.pl\\\/#website\",\"url\":\"https:\\\/\\\/www.amuz.krakow.pl\\\/\",\"name\":\"Akademia Muzyczna im. Krzysztofa Pendereckiego w Krakowie\",\"description\":\"Oficjalna strona Akademii Muzycznej im. Krzysztofa Pendereckiego w Krakowie (AMKP).\",\"publisher\":{\"@id\":\"https:\\\/\\\/www.amuz.krakow.pl\\\/#organization\"},\"alternateName\":\"AMKP\",\"potentialAction\":[{\"@type\":\"SearchAction\",\"target\":{\"@type\":\"EntryPoint\",\"urlTemplate\":\"https:\\\/\\\/www.amuz.krakow.pl\\\/?s={search_term_string}\"},\"query-input\":{\"@type\":\"PropertyValueSpecification\",\"valueRequired\":true,\"valueName\":\"search_term_string\"}}],\"inLanguage\":\"en-US\"},{\"@type\":\"Organization\",\"@id\":\"https:\\\/\\\/www.amuz.krakow.pl\\\/#organization\",\"name\":\"Akademia Muzyczna im. Krzysztofa Pendereckiego w Krakowie\",\"alternateName\":\"AMKP\",\"url\":\"https:\\\/\\\/www.amuz.krakow.pl\\\/\",\"logo\":{\"@type\":\"ImageObject\",\"inLanguage\":\"en-US\",\"@id\":\"https:\\\/\\\/www.amuz.krakow.pl\\\/#\\\/schema\\\/logo\\\/image\\\/\",\"url\":\"https:\\\/\\\/www.amuz.krakow.pl\\\/wp-content\\\/uploads\\\/2021\\\/11\\\/amkp.jpg\",\"contentUrl\":\"https:\\\/\\\/www.amuz.krakow.pl\\\/wp-content\\\/uploads\\\/2021\\\/11\\\/amkp.jpg\",\"width\":1193,\"height\":591,\"caption\":\"Akademia Muzyczna im. Krzysztofa Pendereckiego w Krakowie\"},\"image\":{\"@id\":\"https:\\\/\\\/www.amuz.krakow.pl\\\/#\\\/schema\\\/logo\\\/image\\\/\"},\"sameAs\":[\"https:\\\/\\\/www.facebook.com\\\/amuz.krakow\",\"https:\\\/\\\/www.instagram.com\\\/amkpenderecki\\\/\",\"https:\\\/\\\/www.youtube.com\\\/@amkpenderecki4806\"]}]}<\/script>\n<!-- \/ Yoast SEO plugin. -->","yoast_head_json":{"title":"AMKP - Akademia Muzyczna im. Krzysztofa Pendereckiego w Krakowie","robots":{"index":"index","follow":"follow","max-snippet":"max-snippet:-1","max-image-preview":"max-image-preview:large","max-video-preview":"max-video-preview:-1"},"canonical":"https:\/\/www.amuz.krakow.pl\/wydzialy\/wydzial-ii-instrumentalny\/katedra-muzyki-dawnej\/pracownicy-katedry\/dr-hab-ewa-mrowca-kosciukiewicz\/","og_locale":"en_US","og_type":"article","og_title":"AMKP - Akademia Muzyczna im. Krzysztofa Pendereckiego w Krakowie","og_description":"Born in Krakow, Poland. In 2002 she graduated with distinction from the Academy of Music in Krakow, studying under Prof. El\u017cbieta Stefa\u0144ska. She is also a\u00a0graduate from the Guildhall School&hellip; Continue reading","og_url":"https:\/\/www.amuz.krakow.pl\/wydzialy\/wydzial-ii-instrumentalny\/katedra-muzyki-dawnej\/pracownicy-katedry\/dr-hab-ewa-mrowca-kosciukiewicz\/","og_site_name":"Akademia Muzyczna im. Krzysztofa Pendereckiego w Krakowie","article_publisher":"https:\/\/www.facebook.com\/amuz.krakow","article_modified_time":"2026-02-05T10:35:44+00:00","og_image":[{"width":2048,"height":1363,"url":"https:\/\/www.amuz.krakow.pl\/wp-content\/uploads\/2024\/10\/Ewa-Mrowca-fot.-Bogna-bohdanowicz-jpg-scaled.jpeg","type":"image\/jpeg"}],"twitter_card":"summary_large_image","twitter_misc":{"Est. reading time":"5 minutes"},"schema":{"@context":"https:\/\/schema.org","@graph":[{"@type":"WebPage","@id":"https:\/\/www.amuz.krakow.pl\/wydzialy\/wydzial-ii-instrumentalny\/katedra-muzyki-dawnej\/pracownicy-katedry\/dr-hab-ewa-mrowca-kosciukiewicz\/","url":"https:\/\/www.amuz.krakow.pl\/wydzialy\/wydzial-ii-instrumentalny\/katedra-muzyki-dawnej\/pracownicy-katedry\/dr-hab-ewa-mrowca-kosciukiewicz\/","name":"AMKP - Akademia Muzyczna im. Krzysztofa Pendereckiego w Krakowie","isPartOf":{"@id":"https:\/\/www.amuz.krakow.pl\/#website"},"primaryImageOfPage":{"@id":"https:\/\/www.amuz.krakow.pl\/wydzialy\/wydzial-ii-instrumentalny\/katedra-muzyki-dawnej\/pracownicy-katedry\/dr-hab-ewa-mrowca-kosciukiewicz\/#primaryimage"},"image":{"@id":"https:\/\/www.amuz.krakow.pl\/wydzialy\/wydzial-ii-instrumentalny\/katedra-muzyki-dawnej\/pracownicy-katedry\/dr-hab-ewa-mrowca-kosciukiewicz\/#primaryimage"},"thumbnailUrl":"https:\/\/www.amuz.krakow.pl\/wp-content\/uploads\/2024\/10\/Ewa-Mrowca-fot.-Bogna-bohdanowicz-jpg-scaled.jpeg","datePublished":"2016-02-15T22:01:56+00:00","dateModified":"2026-02-05T10:35:44+00:00","breadcrumb":{"@id":"https:\/\/www.amuz.krakow.pl\/wydzialy\/wydzial-ii-instrumentalny\/katedra-muzyki-dawnej\/pracownicy-katedry\/dr-hab-ewa-mrowca-kosciukiewicz\/#breadcrumb"},"inLanguage":"en-US","potentialAction":[{"@type":"ReadAction","target":["https:\/\/www.amuz.krakow.pl\/wydzialy\/wydzial-ii-instrumentalny\/katedra-muzyki-dawnej\/pracownicy-katedry\/dr-hab-ewa-mrowca-kosciukiewicz\/"]}]},{"@type":"ImageObject","inLanguage":"en-US","@id":"https:\/\/www.amuz.krakow.pl\/wydzialy\/wydzial-ii-instrumentalny\/katedra-muzyki-dawnej\/pracownicy-katedry\/dr-hab-ewa-mrowca-kosciukiewicz\/#primaryimage","url":"https:\/\/www.amuz.krakow.pl\/wp-content\/uploads\/2024\/10\/Ewa-Mrowca-fot.-Bogna-bohdanowicz-jpg-scaled.jpeg","contentUrl":"https:\/\/www.amuz.krakow.pl\/wp-content\/uploads\/2024\/10\/Ewa-Mrowca-fot.-Bogna-bohdanowicz-jpg-scaled.jpeg","width":2048,"height":1363,"caption":"fot. Bogna Bohdanowicz"},{"@type":"BreadcrumbList","@id":"https:\/\/www.amuz.krakow.pl\/wydzialy\/wydzial-ii-instrumentalny\/katedra-muzyki-dawnej\/pracownicy-katedry\/dr-hab-ewa-mrowca-kosciukiewicz\/#breadcrumb","itemListElement":[{"@type":"ListItem","position":1,"name":"Strona g\u0142\u00f3wna","item":"https:\/\/www.amuz.krakow.pl\/"},{"@type":"ListItem","position":2,"name":"WYDZIA\u0141Y","item":"https:\/\/www.amuz.krakow.pl\/wydzialy\/"},{"@type":"ListItem","position":3,"name":"Wydzia\u0142 Instrumentalny","item":"https:\/\/www.amuz.krakow.pl\/wydzialy\/wydzial-ii-instrumentalny\/"},{"@type":"ListItem","position":4,"name":"Katedra Muzyki Dawnej","item":"https:\/\/www.amuz.krakow.pl\/wydzialy\/wydzial-ii-instrumentalny\/katedra-muzyki-dawnej\/"},{"@type":"ListItem","position":5,"name":"Pracownicy Katedry","item":"https:\/\/www.amuz.krakow.pl\/wydzialy\/wydzial-ii-instrumentalny\/katedra-muzyki-dawnej\/pracownicy-katedry\/"},{"@type":"ListItem","position":6,"name":"prof. dr hab. Ewa Mrowca-Ko\u015bciukiewicz"}]},{"@type":"WebSite","@id":"https:\/\/www.amuz.krakow.pl\/#website","url":"https:\/\/www.amuz.krakow.pl\/","name":"Akademia Muzyczna im. Krzysztofa Pendereckiego w Krakowie","description":"Oficjalna strona Akademii Muzycznej im. Krzysztofa Pendereckiego w Krakowie (AMKP).","publisher":{"@id":"https:\/\/www.amuz.krakow.pl\/#organization"},"alternateName":"AMKP","potentialAction":[{"@type":"SearchAction","target":{"@type":"EntryPoint","urlTemplate":"https:\/\/www.amuz.krakow.pl\/?s={search_term_string}"},"query-input":{"@type":"PropertyValueSpecification","valueRequired":true,"valueName":"search_term_string"}}],"inLanguage":"en-US"},{"@type":"Organization","@id":"https:\/\/www.amuz.krakow.pl\/#organization","name":"Akademia Muzyczna im. Krzysztofa Pendereckiego w Krakowie","alternateName":"AMKP","url":"https:\/\/www.amuz.krakow.pl\/","logo":{"@type":"ImageObject","inLanguage":"en-US","@id":"https:\/\/www.amuz.krakow.pl\/#\/schema\/logo\/image\/","url":"https:\/\/www.amuz.krakow.pl\/wp-content\/uploads\/2021\/11\/amkp.jpg","contentUrl":"https:\/\/www.amuz.krakow.pl\/wp-content\/uploads\/2021\/11\/amkp.jpg","width":1193,"height":591,"caption":"Akademia Muzyczna im. Krzysztofa Pendereckiego w Krakowie"},"image":{"@id":"https:\/\/www.amuz.krakow.pl\/#\/schema\/logo\/image\/"},"sameAs":["https:\/\/www.facebook.com\/amuz.krakow","https:\/\/www.instagram.com\/amkpenderecki\/","https:\/\/www.youtube.com\/@amkpenderecki4806"]}]}},"_links":{"self":[{"href":"https:\/\/www.amuz.krakow.pl\/en\/wp-json\/wp\/v2\/pages\/1834","targetHints":{"allow":["GET"]}}],"collection":[{"href":"https:\/\/www.amuz.krakow.pl\/en\/wp-json\/wp\/v2\/pages"}],"about":[{"href":"https:\/\/www.amuz.krakow.pl\/en\/wp-json\/wp\/v2\/types\/page"}],"author":[{"embeddable":true,"href":"https:\/\/www.amuz.krakow.pl\/en\/wp-json\/wp\/v2\/users\/72"}],"replies":[{"embeddable":true,"href":"https:\/\/www.amuz.krakow.pl\/en\/wp-json\/wp\/v2\/comments?post=1834"}],"version-history":[{"count":7,"href":"https:\/\/www.amuz.krakow.pl\/en\/wp-json\/wp\/v2\/pages\/1834\/revisions"}],"predecessor-version":[{"id":114524,"href":"https:\/\/www.amuz.krakow.pl\/en\/wp-json\/wp\/v2\/pages\/1834\/revisions\/114524"}],"up":[{"embeddable":true,"href":"https:\/\/www.amuz.krakow.pl\/en\/wp-json\/wp\/v2\/pages\/1801"}],"wp:featuredmedia":[{"embeddable":true,"href":"https:\/\/www.amuz.krakow.pl\/en\/wp-json\/wp\/v2\/media\/91081"}],"wp:attachment":[{"href":"https:\/\/www.amuz.krakow.pl\/en\/wp-json\/wp\/v2\/media?parent=1834"}],"curies":[{"name":"wp","href":"https:\/\/api.w.org\/{rel}","templated":true}]}}