{"id":1691,"date":"2016-02-15T11:03:34","date_gmt":"2016-02-15T10:03:34","guid":{"rendered":"http:\/\/strony.amuz.krakow.pl\/?page_id=1691"},"modified":"2024-10-09T13:43:29","modified_gmt":"2024-10-09T11:43:29","slug":"dr-hab-milena-kedra","status":"publish","type":"page","link":"https:\/\/www.amuz.krakow.pl\/en\/wydzialy\/wydzial-ii-instrumentalny\/katedra-fortepianu\/pracownicy-katedry\/dr-hab-milena-kedra\/","title":{"rendered":"dr hab. Milena K\u0119dra, prof. AMKP"},"content":{"rendered":"<p><figure id=\"attachment_83976\" aria-describedby=\"caption-attachment-83976\" style=\"width: 235px\" class=\"wp-caption alignleft\"><a href=\"https:\/\/www.amuz.krakow.pl\/wp-content\/uploads\/2024\/03\/Milena-Kedra-fot.-Fotografia-Paheli-scaled.jpg\" target=\"_blank\" rel=\"noopener\"><img loading=\"lazy\" decoding=\"async\" class=\"wp-image-83976 size-medium\" src=\"https:\/\/www.amuz.krakow.pl\/wp-content\/uploads\/2024\/03\/Milena-Kedra-fot.-Fotografia-Paheli-235x300.jpg\" alt=\"\" width=\"235\" height=\"300\" srcset=\"https:\/\/www.amuz.krakow.pl\/wp-content\/uploads\/2024\/03\/Milena-Kedra-fot.-Fotografia-Paheli-235x300.jpg 235w, https:\/\/www.amuz.krakow.pl\/wp-content\/uploads\/2024\/03\/Milena-Kedra-fot.-Fotografia-Paheli-scaled.jpg 1606w, https:\/\/www.amuz.krakow.pl\/wp-content\/uploads\/2024\/03\/Milena-Kedra-fot.-Fotografia-Paheli-768x979.jpg 768w, https:\/\/www.amuz.krakow.pl\/wp-content\/uploads\/2024\/03\/Milena-Kedra-fot.-Fotografia-Paheli-1204x1536.jpg 1204w\" sizes=\"auto, (max-width: 235px) 100vw, 235px\" \/><\/a><figcaption id=\"caption-attachment-83976\" class=\"wp-caption-text\">photo by Fotografia Paheli<\/figcaption><\/figure><\/p>\n<p>Pianist, chamber musician and teacher. In 1999 Milena K\u0119dra graduated with honours from the Cracow Music Academy in the piano class of professor Andrzej Pikul. In 1998 she completed an assistant traineeship in the Department of Contemporary Music of Music Academy in Cracow under the academic supervision of professor Adam Kaczy\u0144ski.During her studies at the Krakow university, she worked in a chamber class under the guidance of prof. Maria Szmyd-Dormus, winning prizes and distinctions at chamber competitions with trio MK3. In 2001 she completed postgraduate studies in the class of Piotr Paleczny at Chopin Music University in Warsaw.<\/p>\n<p>Milena K\u0119dra perfected her skills in solo and chamber music by taking part in numerous master classes and consultations led, among others, by: Halina Czerny-Stefa\u0144ska, Jan Ekier, Kevin Kenner, Gerardo Vila, Jean-Paul Sevilla, Karl Heinz K\u00e4mmerling, Paul Badura-Skoda, Bernard Ringeissen, Elza Kolodin, Andriej Or\u0142owiecki, Silesian String Quarter, Michael Strauss, Bernard Greenhause, Mark Lubotsky, Andrzej Tatarski i Marian Lapsansky.<\/p>\n<p>Milena K\u0119dra has been an award winner of Polish and international piano and chamber music competitions. In 1997 Milena K\u0119dra received the art scholarship of the Polish Minister of Art and Culture. She recorded for Polish Radio Opole, Radio Krakow, Krakow Television, BBC and NHK. She has been frequently invited to take part in festivals in Poland and abroad. She has given concerts in Poland, The Netherlands, Germany, Spain, Switzerland, Austria, Romania, Moldova, Slovenia, Austria and Portugal.<\/p>\n<p>After graduation from Music Academy in Cracow, she began her pedagogical career as an research and teaching assistant in the Piano Department of Music Academy in Cracow. Since 2005 she has led the piano class in Chopin Music High School in Cracow.<\/p>\n<p>In May 2008 Milena K\u0119dra received a degree of Doctor (PhD) of Art and a position of assistant professor at the Piano Department of Cracow Music Academy. Since 2008 she has led her own piano class at the Cracow Music Academy. Her students have been winners over 150 prizes at numerous Polish and international competitions. Milena K\u0119dra also works as a piano competitions juror and conducts open classes and piano workshops for children and young pianists.<br \/>\nFrom 2013 \u2013 2019 she was the Head of the Inter-Faculty Piano Department at the Academy of Music in Krakow. In November 2013, together with dr hab. Barbara \u0141ypik \u2013 Sobaniec, she founded the Ma\u0142opolska Manufaktura Sztuki Association, which is the organizer of festivals \u2013 Music in Stare Balice, Hebdow Meetings with Art and the concert cycle \u201cMOSTY\u201d co-organized with the Academy of Music in Krakow. Since 2016, he has been the artistic director of the Summer Manufactory of Art in Niepo\u0142omice. In 2018 she obtained a postdoctoral degree. From 2019 she is the Head of the Piano Departament of Chopin State High School of Music in Cracow. She is the Artistic Director od the Cracow Young Pianist Festival.<\/p>\n<p>In 2020 she received the Award of the Minister of Culture and Art for outstanding achievements in didactic and artistic work, twice the individual award of the Director of the Centre for Artistic Education for a special contribution to the development of artistic education in Poland, and in 2022 she received the Merit for Polish Culture award.<\/p>\n<p><a href=\"mailto:milena.kedra@amuz.krakow.pl\">milena.kedra@amuz.krakow.pl<\/a><\/p>","protected":false},"excerpt":{"rendered":"<p>Pianist, chamber musician and teacher. In 1999 Milena K\u0119dra graduated with honours from the Cracow Music Academy in the piano class of professor Andrzej Pikul. In 1998 she completed an&hellip; <a href=\"https:\/\/www.amuz.krakow.pl\/en\/wydzialy\/wydzial-ii-instrumentalny\/katedra-fortepianu\/pracownicy-katedry\/dr-hab-milena-kedra\/\">Continue reading<\/a><\/p>\n","protected":false},"author":72,"featured_media":83977,"parent":1641,"menu_order":70,"comment_status":"closed","ping_status":"closed","template":"","meta":{"footnotes":"","_links_to":"","_links_to_target":""},"class_list":["post-1691","page","type-page","status-publish","has-post-thumbnail","hentry"],"yoast_head":"<!-- This site is optimized with the Yoast SEO plugin v27.2 - https:\/\/yoast.com\/product\/yoast-seo-wordpress\/ -->\n<title>AMKP - Akademia Muzyczna im. Krzysztofa Pendereckiego w Krakowie<\/title>\n<meta name=\"robots\" content=\"index, follow, max-snippet:-1, max-image-preview:large, max-video-preview:-1\" \/>\n<link rel=\"canonical\" href=\"https:\/\/www.amuz.krakow.pl\/wydzialy\/wydzial-ii-instrumentalny\/katedra-fortepianu\/pracownicy-katedry\/dr-hab-milena-kedra\/\" \/>\n<meta property=\"og:locale\" content=\"en_US\" \/>\n<meta property=\"og:type\" content=\"article\" \/>\n<meta property=\"og:title\" content=\"AMKP - Akademia Muzyczna im. Krzysztofa Pendereckiego w Krakowie\" \/>\n<meta property=\"og:description\" content=\"Pianist, chamber musician and teacher. In 1999 Milena K\u0119dra graduated with honours from the Cracow Music Academy in the piano class of professor Andrzej Pikul. In 1998 she completed an&hellip; Continue reading\" \/>\n<meta property=\"og:url\" content=\"https:\/\/www.amuz.krakow.pl\/wydzialy\/wydzial-ii-instrumentalny\/katedra-fortepianu\/pracownicy-katedry\/dr-hab-milena-kedra\/\" \/>\n<meta property=\"og:site_name\" content=\"Akademia Muzyczna im. Krzysztofa Pendereckiego w Krakowie\" \/>\n<meta property=\"article:publisher\" content=\"https:\/\/www.facebook.com\/amuz.krakow\" \/>\n<meta property=\"article:modified_time\" content=\"2024-10-09T11:43:29+00:00\" \/>\n<meta property=\"og:image\" content=\"https:\/\/www.amuz.krakow.pl\/wp-content\/uploads\/2024\/03\/Milena-Kedra_kafelek-fot.-Fotografia-Paheli-scaled.jpg\" \/>\n\t<meta property=\"og:image:width\" content=\"2048\" \/>\n\t<meta property=\"og:image:height\" content=\"1024\" \/>\n\t<meta property=\"og:image:type\" content=\"image\/jpeg\" \/>\n<meta name=\"twitter:card\" content=\"summary_large_image\" \/>\n<meta name=\"twitter:label1\" content=\"Est. reading time\" \/>\n\t<meta name=\"twitter:data1\" content=\"4 minutes\" \/>\n<script type=\"application\/ld+json\" class=\"yoast-schema-graph\">{\"@context\":\"https:\/\/schema.org\",\"@graph\":[{\"@type\":\"WebPage\",\"@id\":\"https:\/\/www.amuz.krakow.pl\/wydzialy\/wydzial-ii-instrumentalny\/katedra-fortepianu\/pracownicy-katedry\/dr-hab-milena-kedra\/\",\"url\":\"https:\/\/www.amuz.krakow.pl\/wydzialy\/wydzial-ii-instrumentalny\/katedra-fortepianu\/pracownicy-katedry\/dr-hab-milena-kedra\/\",\"name\":\"AMKP - Akademia Muzyczna im. Krzysztofa Pendereckiego w Krakowie\",\"isPartOf\":{\"@id\":\"https:\/\/www.amuz.krakow.pl\/#website\"},\"primaryImageOfPage\":{\"@id\":\"https:\/\/www.amuz.krakow.pl\/wydzialy\/wydzial-ii-instrumentalny\/katedra-fortepianu\/pracownicy-katedry\/dr-hab-milena-kedra\/#primaryimage\"},\"image\":{\"@id\":\"https:\/\/www.amuz.krakow.pl\/wydzialy\/wydzial-ii-instrumentalny\/katedra-fortepianu\/pracownicy-katedry\/dr-hab-milena-kedra\/#primaryimage\"},\"thumbnailUrl\":\"https:\/\/www.amuz.krakow.pl\/wp-content\/uploads\/2024\/03\/Milena-Kedra_kafelek-fot.-Fotografia-Paheli-scaled.jpg\",\"datePublished\":\"2016-02-15T10:03:34+00:00\",\"dateModified\":\"2024-10-09T11:43:29+00:00\",\"breadcrumb\":{\"@id\":\"https:\/\/www.amuz.krakow.pl\/wydzialy\/wydzial-ii-instrumentalny\/katedra-fortepianu\/pracownicy-katedry\/dr-hab-milena-kedra\/#breadcrumb\"},\"inLanguage\":\"en-US\",\"potentialAction\":[{\"@type\":\"ReadAction\",\"target\":[\"https:\/\/www.amuz.krakow.pl\/wydzialy\/wydzial-ii-instrumentalny\/katedra-fortepianu\/pracownicy-katedry\/dr-hab-milena-kedra\/\"]}]},{\"@type\":\"ImageObject\",\"inLanguage\":\"en-US\",\"@id\":\"https:\/\/www.amuz.krakow.pl\/wydzialy\/wydzial-ii-instrumentalny\/katedra-fortepianu\/pracownicy-katedry\/dr-hab-milena-kedra\/#primaryimage\",\"url\":\"https:\/\/www.amuz.krakow.pl\/wp-content\/uploads\/2024\/03\/Milena-Kedra_kafelek-fot.-Fotografia-Paheli-scaled.jpg\",\"contentUrl\":\"https:\/\/www.amuz.krakow.pl\/wp-content\/uploads\/2024\/03\/Milena-Kedra_kafelek-fot.-Fotografia-Paheli-scaled.jpg\",\"width\":2048,\"height\":1024},{\"@type\":\"BreadcrumbList\",\"@id\":\"https:\/\/www.amuz.krakow.pl\/wydzialy\/wydzial-ii-instrumentalny\/katedra-fortepianu\/pracownicy-katedry\/dr-hab-milena-kedra\/#breadcrumb\",\"itemListElement\":[{\"@type\":\"ListItem\",\"position\":1,\"name\":\"Strona g\u0142\u00f3wna\",\"item\":\"https:\/\/www.amuz.krakow.pl\/\"},{\"@type\":\"ListItem\",\"position\":2,\"name\":\"WYDZIA\u0141Y\",\"item\":\"https:\/\/www.amuz.krakow.pl\/wydzialy\/\"},{\"@type\":\"ListItem\",\"position\":3,\"name\":\"Wydzia\u0142 Instrumentalny\",\"item\":\"https:\/\/www.amuz.krakow.pl\/wydzialy\/wydzial-ii-instrumentalny\/\"},{\"@type\":\"ListItem\",\"position\":4,\"name\":\"Katedra Fortepianu\",\"item\":\"https:\/\/www.amuz.krakow.pl\/wydzialy\/wydzial-ii-instrumentalny\/katedra-fortepianu\/\"},{\"@type\":\"ListItem\",\"position\":5,\"name\":\"Pracownicy Katedry\",\"item\":\"https:\/\/www.amuz.krakow.pl\/wydzialy\/wydzial-ii-instrumentalny\/katedra-fortepianu\/pracownicy-katedry\/\"},{\"@type\":\"ListItem\",\"position\":6,\"name\":\"dr hab. Milena K\u0119dra, prof. AMKP\"}]},{\"@type\":\"WebSite\",\"@id\":\"https:\/\/www.amuz.krakow.pl\/#website\",\"url\":\"https:\/\/www.amuz.krakow.pl\/\",\"name\":\"Akademia Muzyczna im. Krzysztofa Pendereckiego w Krakowie\",\"description\":\"Oficjalna strona Akademii Muzycznej im. Krzysztofa Pendereckiego w Krakowie (AMKP).\",\"publisher\":{\"@id\":\"https:\/\/www.amuz.krakow.pl\/#organization\"},\"alternateName\":\"AMKP\",\"potentialAction\":[{\"@type\":\"SearchAction\",\"target\":{\"@type\":\"EntryPoint\",\"urlTemplate\":\"https:\/\/www.amuz.krakow.pl\/?s={search_term_string}\"},\"query-input\":{\"@type\":\"PropertyValueSpecification\",\"valueRequired\":true,\"valueName\":\"search_term_string\"}}],\"inLanguage\":\"en-US\"},{\"@type\":\"Organization\",\"@id\":\"https:\/\/www.amuz.krakow.pl\/#organization\",\"name\":\"Akademia Muzyczna im. Krzysztofa Pendereckiego w Krakowie\",\"alternateName\":\"AMKP\",\"url\":\"https:\/\/www.amuz.krakow.pl\/\",\"logo\":{\"@type\":\"ImageObject\",\"inLanguage\":\"en-US\",\"@id\":\"https:\/\/www.amuz.krakow.pl\/#\/schema\/logo\/image\/\",\"url\":\"https:\/\/www.amuz.krakow.pl\/wp-content\/uploads\/2021\/11\/amkp.jpg\",\"contentUrl\":\"https:\/\/www.amuz.krakow.pl\/wp-content\/uploads\/2021\/11\/amkp.jpg\",\"width\":1193,\"height\":591,\"caption\":\"Akademia Muzyczna im. Krzysztofa Pendereckiego w Krakowie\"},\"image\":{\"@id\":\"https:\/\/www.amuz.krakow.pl\/#\/schema\/logo\/image\/\"},\"sameAs\":[\"https:\/\/www.facebook.com\/amuz.krakow\",\"https:\/\/www.instagram.com\/amkpenderecki\/\",\"https:\/\/www.youtube.com\/@amkpenderecki4806\"]}]}<\/script>\n<!-- \/ Yoast SEO plugin. -->","yoast_head_json":{"title":"AMKP - Akademia Muzyczna im. Krzysztofa Pendereckiego w Krakowie","robots":{"index":"index","follow":"follow","max-snippet":"max-snippet:-1","max-image-preview":"max-image-preview:large","max-video-preview":"max-video-preview:-1"},"canonical":"https:\/\/www.amuz.krakow.pl\/wydzialy\/wydzial-ii-instrumentalny\/katedra-fortepianu\/pracownicy-katedry\/dr-hab-milena-kedra\/","og_locale":"en_US","og_type":"article","og_title":"AMKP - Akademia Muzyczna im. Krzysztofa Pendereckiego w Krakowie","og_description":"Pianist, chamber musician and teacher. In 1999 Milena K\u0119dra graduated with honours from the Cracow Music Academy in the piano class of professor Andrzej Pikul. In 1998 she completed an&hellip; Continue reading","og_url":"https:\/\/www.amuz.krakow.pl\/wydzialy\/wydzial-ii-instrumentalny\/katedra-fortepianu\/pracownicy-katedry\/dr-hab-milena-kedra\/","og_site_name":"Akademia Muzyczna im. Krzysztofa Pendereckiego w Krakowie","article_publisher":"https:\/\/www.facebook.com\/amuz.krakow","article_modified_time":"2024-10-09T11:43:29+00:00","og_image":[{"width":2048,"height":1024,"url":"https:\/\/www.amuz.krakow.pl\/wp-content\/uploads\/2024\/03\/Milena-Kedra_kafelek-fot.-Fotografia-Paheli-scaled.jpg","type":"image\/jpeg"}],"twitter_card":"summary_large_image","twitter_misc":{"Est. reading time":"4 minutes"},"schema":{"@context":"https:\/\/schema.org","@graph":[{"@type":"WebPage","@id":"https:\/\/www.amuz.krakow.pl\/wydzialy\/wydzial-ii-instrumentalny\/katedra-fortepianu\/pracownicy-katedry\/dr-hab-milena-kedra\/","url":"https:\/\/www.amuz.krakow.pl\/wydzialy\/wydzial-ii-instrumentalny\/katedra-fortepianu\/pracownicy-katedry\/dr-hab-milena-kedra\/","name":"AMKP - Akademia Muzyczna im. Krzysztofa Pendereckiego w Krakowie","isPartOf":{"@id":"https:\/\/www.amuz.krakow.pl\/#website"},"primaryImageOfPage":{"@id":"https:\/\/www.amuz.krakow.pl\/wydzialy\/wydzial-ii-instrumentalny\/katedra-fortepianu\/pracownicy-katedry\/dr-hab-milena-kedra\/#primaryimage"},"image":{"@id":"https:\/\/www.amuz.krakow.pl\/wydzialy\/wydzial-ii-instrumentalny\/katedra-fortepianu\/pracownicy-katedry\/dr-hab-milena-kedra\/#primaryimage"},"thumbnailUrl":"https:\/\/www.amuz.krakow.pl\/wp-content\/uploads\/2024\/03\/Milena-Kedra_kafelek-fot.-Fotografia-Paheli-scaled.jpg","datePublished":"2016-02-15T10:03:34+00:00","dateModified":"2024-10-09T11:43:29+00:00","breadcrumb":{"@id":"https:\/\/www.amuz.krakow.pl\/wydzialy\/wydzial-ii-instrumentalny\/katedra-fortepianu\/pracownicy-katedry\/dr-hab-milena-kedra\/#breadcrumb"},"inLanguage":"en-US","potentialAction":[{"@type":"ReadAction","target":["https:\/\/www.amuz.krakow.pl\/wydzialy\/wydzial-ii-instrumentalny\/katedra-fortepianu\/pracownicy-katedry\/dr-hab-milena-kedra\/"]}]},{"@type":"ImageObject","inLanguage":"en-US","@id":"https:\/\/www.amuz.krakow.pl\/wydzialy\/wydzial-ii-instrumentalny\/katedra-fortepianu\/pracownicy-katedry\/dr-hab-milena-kedra\/#primaryimage","url":"https:\/\/www.amuz.krakow.pl\/wp-content\/uploads\/2024\/03\/Milena-Kedra_kafelek-fot.-Fotografia-Paheli-scaled.jpg","contentUrl":"https:\/\/www.amuz.krakow.pl\/wp-content\/uploads\/2024\/03\/Milena-Kedra_kafelek-fot.-Fotografia-Paheli-scaled.jpg","width":2048,"height":1024},{"@type":"BreadcrumbList","@id":"https:\/\/www.amuz.krakow.pl\/wydzialy\/wydzial-ii-instrumentalny\/katedra-fortepianu\/pracownicy-katedry\/dr-hab-milena-kedra\/#breadcrumb","itemListElement":[{"@type":"ListItem","position":1,"name":"Strona g\u0142\u00f3wna","item":"https:\/\/www.amuz.krakow.pl\/"},{"@type":"ListItem","position":2,"name":"WYDZIA\u0141Y","item":"https:\/\/www.amuz.krakow.pl\/wydzialy\/"},{"@type":"ListItem","position":3,"name":"Wydzia\u0142 Instrumentalny","item":"https:\/\/www.amuz.krakow.pl\/wydzialy\/wydzial-ii-instrumentalny\/"},{"@type":"ListItem","position":4,"name":"Katedra Fortepianu","item":"https:\/\/www.amuz.krakow.pl\/wydzialy\/wydzial-ii-instrumentalny\/katedra-fortepianu\/"},{"@type":"ListItem","position":5,"name":"Pracownicy Katedry","item":"https:\/\/www.amuz.krakow.pl\/wydzialy\/wydzial-ii-instrumentalny\/katedra-fortepianu\/pracownicy-katedry\/"},{"@type":"ListItem","position":6,"name":"dr hab. Milena K\u0119dra, prof. AMKP"}]},{"@type":"WebSite","@id":"https:\/\/www.amuz.krakow.pl\/#website","url":"https:\/\/www.amuz.krakow.pl\/","name":"Akademia Muzyczna im. Krzysztofa Pendereckiego w Krakowie","description":"Oficjalna strona Akademii Muzycznej im. Krzysztofa Pendereckiego w Krakowie (AMKP).","publisher":{"@id":"https:\/\/www.amuz.krakow.pl\/#organization"},"alternateName":"AMKP","potentialAction":[{"@type":"SearchAction","target":{"@type":"EntryPoint","urlTemplate":"https:\/\/www.amuz.krakow.pl\/?s={search_term_string}"},"query-input":{"@type":"PropertyValueSpecification","valueRequired":true,"valueName":"search_term_string"}}],"inLanguage":"en-US"},{"@type":"Organization","@id":"https:\/\/www.amuz.krakow.pl\/#organization","name":"Akademia Muzyczna im. Krzysztofa Pendereckiego w Krakowie","alternateName":"AMKP","url":"https:\/\/www.amuz.krakow.pl\/","logo":{"@type":"ImageObject","inLanguage":"en-US","@id":"https:\/\/www.amuz.krakow.pl\/#\/schema\/logo\/image\/","url":"https:\/\/www.amuz.krakow.pl\/wp-content\/uploads\/2021\/11\/amkp.jpg","contentUrl":"https:\/\/www.amuz.krakow.pl\/wp-content\/uploads\/2021\/11\/amkp.jpg","width":1193,"height":591,"caption":"Akademia Muzyczna im. Krzysztofa Pendereckiego w Krakowie"},"image":{"@id":"https:\/\/www.amuz.krakow.pl\/#\/schema\/logo\/image\/"},"sameAs":["https:\/\/www.facebook.com\/amuz.krakow","https:\/\/www.instagram.com\/amkpenderecki\/","https:\/\/www.youtube.com\/@amkpenderecki4806"]}]}},"_links":{"self":[{"href":"https:\/\/www.amuz.krakow.pl\/en\/wp-json\/wp\/v2\/pages\/1691","targetHints":{"allow":["GET"]}}],"collection":[{"href":"https:\/\/www.amuz.krakow.pl\/en\/wp-json\/wp\/v2\/pages"}],"about":[{"href":"https:\/\/www.amuz.krakow.pl\/en\/wp-json\/wp\/v2\/types\/page"}],"author":[{"embeddable":true,"href":"https:\/\/www.amuz.krakow.pl\/en\/wp-json\/wp\/v2\/users\/72"}],"replies":[{"embeddable":true,"href":"https:\/\/www.amuz.krakow.pl\/en\/wp-json\/wp\/v2\/comments?post=1691"}],"version-history":[{"count":7,"href":"https:\/\/www.amuz.krakow.pl\/en\/wp-json\/wp\/v2\/pages\/1691\/revisions"}],"predecessor-version":[{"id":90842,"href":"https:\/\/www.amuz.krakow.pl\/en\/wp-json\/wp\/v2\/pages\/1691\/revisions\/90842"}],"up":[{"embeddable":true,"href":"https:\/\/www.amuz.krakow.pl\/en\/wp-json\/wp\/v2\/pages\/1641"}],"wp:featuredmedia":[{"embeddable":true,"href":"https:\/\/www.amuz.krakow.pl\/en\/wp-json\/wp\/v2\/media\/83977"}],"wp:attachment":[{"href":"https:\/\/www.amuz.krakow.pl\/en\/wp-json\/wp\/v2\/media?parent=1691"}],"curies":[{"name":"wp","href":"https:\/\/api.w.org\/{rel}","templated":true}]}}