{"id":1659,"date":"2016-02-15T10:38:51","date_gmt":"2016-02-15T09:38:51","guid":{"rendered":"http:\/\/strony.amuz.krakow.pl\/?page_id=1659"},"modified":"2025-07-10T12:57:49","modified_gmt":"2025-07-10T10:57:49","slug":"prof-dr-hab-mariola-cieniawa-puchala","status":"publish","type":"page","link":"https:\/\/www.amuz.krakow.pl\/en\/wydzialy\/wydzial-ii-instrumentalny\/katedra-fortepianu\/pracownicy-katedry\/prof-dr-hab-mariola-cieniawa-puchala\/","title":{"rendered":"prof. dr hab. Mariola Cieniawa-Pucha\u0142a"},"content":{"rendered":"<p><\/p>\n<p style=\"text-align: justify;\"><a href=\"https:\/\/www.amuz.krakow.pl\/wp-content\/uploads\/2016\/02\/cieniawa.jpg\"><img loading=\"lazy\" decoding=\"async\" class=\"alignleft wp-image-1660 size-full\" src=\"https:\/\/www.amuz.krakow.pl\/wp-content\/uploads\/2016\/02\/cieniawa.jpg\" alt=\"Cieniawa-Pucha\u0142a Mariola\" width=\"200\" height=\"130\" \/><\/a>Outstanding Polish pianist, chamber musician and teacher. Professor at the Piano Department of the Krzysztof Penderecki Academy of Music in Cracow. In 2020-2022 the Head of the Piano Department.<\/p>\n<p style=\"text-align: justify;\">Graduate of Academy of Music in Krak\u00f3w in a class specializing in piano under the tutelage of professor Tadeusz \u017bmudzi\u0144ski. She is postgraduate of the Academy of Music in Warsaw under the direction of professor Andrzej Jasi\u0144ski, and later under the direction of Karl-Heinz Kammerling in piano soloist class of the Hochschule of Music and Theatre in Hanover (Germany).<\/p>\n<p style=\"text-align: justify;\">She won the first prize and the special award in the piano competition of the First Polish Karol Szymanowski\u2019s Piano Competition in \u0141\u00f3d\u017a (1983). Mariola Cieniawa was also granted the Frederic Chopin Artistic Scholarship twice, in a competition organized by Frederic Chopin Association in Warsaw (1983, 1984). In 1985 she represented Poland at the XI International Frederic Chopin Piano Competition in Warsaw. In 1989 she received the special Jury prize in the 3rd International Piano Competition in Palm Beach &#8211; Florida \u2013 USA (for the winners of piano competitions). In 1990 she took 2nd prize at the 5th International Frederic Chopin Piano Competition in Palma de Mallorca (Spain). She took 3rd prize at the National German Chopin Piano Competition in Cologne (1991).<\/p>\n<p style=\"text-align: justify;\">As a solist she has been performing at numerous Polish and international music festivals, among other: International Chopin Festivals in Naples, Marianske Lazne, Duszniki, &#8220;Settembre Musica&#8221; Festival in Turin, International Art Festival in Phenian, International Piano Marathon Madrid-Bilbao.<\/p>\n<p style=\"text-align: justify;\">In 1994 she initated Piano Master Classes in Krynica (Poland). She was the artistic director and teacher together with the famous american pianist &#8211; Kevin Kenner. In years 2002 \u2013 2012 she has been the artistic director of the Summer Music Festival in Krynica. In 2025 Mariola Cieniawa was made the Artistic Director of the Janusz Olejniczak\u2019s Festival &#8216;Chopin in Ojc\u00f3w&#8217;.<\/p>\n<p style=\"text-align: justify;\">Mariola Cieniawa has been giving public concerts all over the world; Austria, Italy, Hungary, Germany, Finland, Sweden, Russia, Spain, North Korea, USA, Egypt.<\/p>\n<p style=\"text-align: justify;\">The pianist recorded for the Polish Radio, Polish Television and \u201ePolish Records\u201c. She has also recorded numerous CD-s:<br \/>\n&#8211; &#8220;Danza Iberica&#8221;- solo CD with the Spanish Music (&#8220;Castello&#8221; &#8211; 2008)<br \/>\n&#8211; Trios of Mendelssohn and Shostakowich &#8211; Kaja Danczowska &#8211; violin, Dorota Imie\u0142owska &#8211; cello<br \/>\n(&#8220;CD Accord&#8221; &#8211; 2003) &#8211; nominated to the &#8220;Fryderyk&#8221; Prize<br \/>\n&#8211; two CD-s with the modern 20th-century chamber music &#8211; with Dorota Imie\u0142owska &#8211; cello<br \/>\n(&#8220;Koch Classics&#8221; \u2013 2001 )<\/p>\n<p style=\"text-align: justify;\">In 2007 Mariola Cieniawa won the special prize \u201eMosty Starosty\u201c for an outstanding achievements in piano playing and popularization of music culture. She got many state awards from: Polish Ministry of Education. Polish Ministry of Culture and Heritage, President of Polish Republic.<\/p>\n<p style=\"text-align: justify;\">Mariola Cieniawa is very active teacher. She conducted many piano master courses in Poland and abroad.<\/p>\n<p style=\"text-align: justify;\">She is invited to be the head or the member of the jury of many piano and chamber music competitions in Poland and abroad (among others &#8211; juror of the Egyptian Chopin Piano Competition in Cairo (Egypt)<\/p>\n<p style=\"text-align: justify;\">Since 1986 she has been running her own piano class in the Piano Department in the Academy of Music in Krak\u00f3w.<\/p>\n<p style=\"text-align: justify;\">Godmother of the Polish train \u201cNikifor\u201d running on the relation: Krak\u00f3w &#8211; Krynica-Zdr\u00f3j.<\/p>\n<p><a href=\"mailto:mariola.cieniawa.puchala@amuz.krakow.pl\">mariola.cieniawa.puchala@amuz.krakow.pl<\/a><\/p>","protected":false},"excerpt":{"rendered":"<p>Outstanding Polish pianist, chamber musician and teacher. Professor at the Piano Department of the Krzysztof Penderecki Academy of Music in Cracow. In 2020-2022 the Head of the Piano Department. Graduate&hellip; <a href=\"https:\/\/www.amuz.krakow.pl\/en\/wydzialy\/wydzial-ii-instrumentalny\/katedra-fortepianu\/pracownicy-katedry\/prof-dr-hab-mariola-cieniawa-puchala\/\">Continue reading<\/a><\/p>\n","protected":false},"author":72,"featured_media":1660,"parent":1641,"menu_order":2,"comment_status":"closed","ping_status":"closed","template":"","meta":{"footnotes":"","_links_to":"","_links_to_target":""},"class_list":["post-1659","page","type-page","status-publish","has-post-thumbnail","hentry"],"yoast_head":"<!-- This site is optimized with the Yoast SEO plugin v27.2 - https:\/\/yoast.com\/product\/yoast-seo-wordpress\/ -->\n<title>AMKP - Akademia Muzyczna im. Krzysztofa Pendereckiego w Krakowie<\/title>\n<meta name=\"robots\" content=\"index, follow, max-snippet:-1, max-image-preview:large, max-video-preview:-1\" \/>\n<link rel=\"canonical\" href=\"https:\/\/www.amuz.krakow.pl\/wydzialy\/wydzial-ii-instrumentalny\/katedra-fortepianu\/pracownicy-katedry\/prof-dr-hab-mariola-cieniawa-puchala\/\" \/>\n<meta property=\"og:locale\" content=\"en_US\" \/>\n<meta property=\"og:type\" content=\"article\" \/>\n<meta property=\"og:title\" content=\"AMKP - Akademia Muzyczna im. Krzysztofa Pendereckiego w Krakowie\" \/>\n<meta property=\"og:description\" content=\"Outstanding Polish pianist, chamber musician and teacher. Professor at the Piano Department of the Krzysztof Penderecki Academy of Music in Cracow. In 2020-2022 the Head of the Piano Department. Graduate&hellip; Continue reading\" \/>\n<meta property=\"og:url\" content=\"https:\/\/www.amuz.krakow.pl\/wydzialy\/wydzial-ii-instrumentalny\/katedra-fortepianu\/pracownicy-katedry\/prof-dr-hab-mariola-cieniawa-puchala\/\" \/>\n<meta property=\"og:site_name\" content=\"Akademia Muzyczna im. Krzysztofa Pendereckiego w Krakowie\" \/>\n<meta property=\"article:publisher\" content=\"https:\/\/www.facebook.com\/amuz.krakow\" \/>\n<meta property=\"article:modified_time\" content=\"2025-07-10T10:57:49+00:00\" \/>\n<meta property=\"og:image\" content=\"https:\/\/www.amuz.krakow.pl\/wp-content\/uploads\/2016\/02\/cieniawa.jpg\" \/>\n\t<meta property=\"og:image:width\" content=\"200\" \/>\n\t<meta property=\"og:image:height\" content=\"130\" \/>\n\t<meta property=\"og:image:type\" content=\"image\/jpeg\" \/>\n<meta name=\"twitter:card\" content=\"summary_large_image\" \/>\n<meta name=\"twitter:label1\" content=\"Est. reading time\" \/>\n\t<meta name=\"twitter:data1\" content=\"4 minutes\" \/>\n<script type=\"application\/ld+json\" class=\"yoast-schema-graph\">{\"@context\":\"https:\/\/schema.org\",\"@graph\":[{\"@type\":\"WebPage\",\"@id\":\"https:\/\/www.amuz.krakow.pl\/wydzialy\/wydzial-ii-instrumentalny\/katedra-fortepianu\/pracownicy-katedry\/prof-dr-hab-mariola-cieniawa-puchala\/\",\"url\":\"https:\/\/www.amuz.krakow.pl\/wydzialy\/wydzial-ii-instrumentalny\/katedra-fortepianu\/pracownicy-katedry\/prof-dr-hab-mariola-cieniawa-puchala\/\",\"name\":\"AMKP - Akademia Muzyczna im. Krzysztofa Pendereckiego w Krakowie\",\"isPartOf\":{\"@id\":\"https:\/\/www.amuz.krakow.pl\/#website\"},\"primaryImageOfPage\":{\"@id\":\"https:\/\/www.amuz.krakow.pl\/wydzialy\/wydzial-ii-instrumentalny\/katedra-fortepianu\/pracownicy-katedry\/prof-dr-hab-mariola-cieniawa-puchala\/#primaryimage\"},\"image\":{\"@id\":\"https:\/\/www.amuz.krakow.pl\/wydzialy\/wydzial-ii-instrumentalny\/katedra-fortepianu\/pracownicy-katedry\/prof-dr-hab-mariola-cieniawa-puchala\/#primaryimage\"},\"thumbnailUrl\":\"https:\/\/www.amuz.krakow.pl\/wp-content\/uploads\/2016\/02\/cieniawa.jpg\",\"datePublished\":\"2016-02-15T09:38:51+00:00\",\"dateModified\":\"2025-07-10T10:57:49+00:00\",\"breadcrumb\":{\"@id\":\"https:\/\/www.amuz.krakow.pl\/wydzialy\/wydzial-ii-instrumentalny\/katedra-fortepianu\/pracownicy-katedry\/prof-dr-hab-mariola-cieniawa-puchala\/#breadcrumb\"},\"inLanguage\":\"en-US\",\"potentialAction\":[{\"@type\":\"ReadAction\",\"target\":[\"https:\/\/www.amuz.krakow.pl\/wydzialy\/wydzial-ii-instrumentalny\/katedra-fortepianu\/pracownicy-katedry\/prof-dr-hab-mariola-cieniawa-puchala\/\"]}]},{\"@type\":\"ImageObject\",\"inLanguage\":\"en-US\",\"@id\":\"https:\/\/www.amuz.krakow.pl\/wydzialy\/wydzial-ii-instrumentalny\/katedra-fortepianu\/pracownicy-katedry\/prof-dr-hab-mariola-cieniawa-puchala\/#primaryimage\",\"url\":\"https:\/\/www.amuz.krakow.pl\/wp-content\/uploads\/2016\/02\/cieniawa.jpg\",\"contentUrl\":\"https:\/\/www.amuz.krakow.pl\/wp-content\/uploads\/2016\/02\/cieniawa.jpg\",\"width\":200,\"height\":130},{\"@type\":\"BreadcrumbList\",\"@id\":\"https:\/\/www.amuz.krakow.pl\/wydzialy\/wydzial-ii-instrumentalny\/katedra-fortepianu\/pracownicy-katedry\/prof-dr-hab-mariola-cieniawa-puchala\/#breadcrumb\",\"itemListElement\":[{\"@type\":\"ListItem\",\"position\":1,\"name\":\"Strona g\u0142\u00f3wna\",\"item\":\"https:\/\/www.amuz.krakow.pl\/\"},{\"@type\":\"ListItem\",\"position\":2,\"name\":\"WYDZIA\u0141Y\",\"item\":\"https:\/\/www.amuz.krakow.pl\/wydzialy\/\"},{\"@type\":\"ListItem\",\"position\":3,\"name\":\"Wydzia\u0142 Instrumentalny\",\"item\":\"https:\/\/www.amuz.krakow.pl\/wydzialy\/wydzial-ii-instrumentalny\/\"},{\"@type\":\"ListItem\",\"position\":4,\"name\":\"Katedra Fortepianu\",\"item\":\"https:\/\/www.amuz.krakow.pl\/wydzialy\/wydzial-ii-instrumentalny\/katedra-fortepianu\/\"},{\"@type\":\"ListItem\",\"position\":5,\"name\":\"Pracownicy Katedry\",\"item\":\"https:\/\/www.amuz.krakow.pl\/wydzialy\/wydzial-ii-instrumentalny\/katedra-fortepianu\/pracownicy-katedry\/\"},{\"@type\":\"ListItem\",\"position\":6,\"name\":\"prof. dr hab. Mariola Cieniawa-Pucha\u0142a\"}]},{\"@type\":\"WebSite\",\"@id\":\"https:\/\/www.amuz.krakow.pl\/#website\",\"url\":\"https:\/\/www.amuz.krakow.pl\/\",\"name\":\"Akademia Muzyczna im. Krzysztofa Pendereckiego w Krakowie\",\"description\":\"Oficjalna strona Akademii Muzycznej im. Krzysztofa Pendereckiego w Krakowie (AMKP).\",\"publisher\":{\"@id\":\"https:\/\/www.amuz.krakow.pl\/#organization\"},\"alternateName\":\"AMKP\",\"potentialAction\":[{\"@type\":\"SearchAction\",\"target\":{\"@type\":\"EntryPoint\",\"urlTemplate\":\"https:\/\/www.amuz.krakow.pl\/?s={search_term_string}\"},\"query-input\":{\"@type\":\"PropertyValueSpecification\",\"valueRequired\":true,\"valueName\":\"search_term_string\"}}],\"inLanguage\":\"en-US\"},{\"@type\":\"Organization\",\"@id\":\"https:\/\/www.amuz.krakow.pl\/#organization\",\"name\":\"Akademia Muzyczna im. Krzysztofa Pendereckiego w Krakowie\",\"alternateName\":\"AMKP\",\"url\":\"https:\/\/www.amuz.krakow.pl\/\",\"logo\":{\"@type\":\"ImageObject\",\"inLanguage\":\"en-US\",\"@id\":\"https:\/\/www.amuz.krakow.pl\/#\/schema\/logo\/image\/\",\"url\":\"https:\/\/www.amuz.krakow.pl\/wp-content\/uploads\/2021\/11\/amkp.jpg\",\"contentUrl\":\"https:\/\/www.amuz.krakow.pl\/wp-content\/uploads\/2021\/11\/amkp.jpg\",\"width\":1193,\"height\":591,\"caption\":\"Akademia Muzyczna im. Krzysztofa Pendereckiego w Krakowie\"},\"image\":{\"@id\":\"https:\/\/www.amuz.krakow.pl\/#\/schema\/logo\/image\/\"},\"sameAs\":[\"https:\/\/www.facebook.com\/amuz.krakow\",\"https:\/\/www.instagram.com\/amkpenderecki\/\",\"https:\/\/www.youtube.com\/@amkpenderecki4806\"]}]}<\/script>\n<!-- \/ Yoast SEO plugin. -->","yoast_head_json":{"title":"AMKP - Akademia Muzyczna im. Krzysztofa Pendereckiego w Krakowie","robots":{"index":"index","follow":"follow","max-snippet":"max-snippet:-1","max-image-preview":"max-image-preview:large","max-video-preview":"max-video-preview:-1"},"canonical":"https:\/\/www.amuz.krakow.pl\/wydzialy\/wydzial-ii-instrumentalny\/katedra-fortepianu\/pracownicy-katedry\/prof-dr-hab-mariola-cieniawa-puchala\/","og_locale":"en_US","og_type":"article","og_title":"AMKP - Akademia Muzyczna im. Krzysztofa Pendereckiego w Krakowie","og_description":"Outstanding Polish pianist, chamber musician and teacher. Professor at the Piano Department of the Krzysztof Penderecki Academy of Music in Cracow. In 2020-2022 the Head of the Piano Department. Graduate&hellip; Continue reading","og_url":"https:\/\/www.amuz.krakow.pl\/wydzialy\/wydzial-ii-instrumentalny\/katedra-fortepianu\/pracownicy-katedry\/prof-dr-hab-mariola-cieniawa-puchala\/","og_site_name":"Akademia Muzyczna im. Krzysztofa Pendereckiego w Krakowie","article_publisher":"https:\/\/www.facebook.com\/amuz.krakow","article_modified_time":"2025-07-10T10:57:49+00:00","og_image":[{"width":200,"height":130,"url":"https:\/\/www.amuz.krakow.pl\/wp-content\/uploads\/2016\/02\/cieniawa.jpg","type":"image\/jpeg"}],"twitter_card":"summary_large_image","twitter_misc":{"Est. reading time":"4 minutes"},"schema":{"@context":"https:\/\/schema.org","@graph":[{"@type":"WebPage","@id":"https:\/\/www.amuz.krakow.pl\/wydzialy\/wydzial-ii-instrumentalny\/katedra-fortepianu\/pracownicy-katedry\/prof-dr-hab-mariola-cieniawa-puchala\/","url":"https:\/\/www.amuz.krakow.pl\/wydzialy\/wydzial-ii-instrumentalny\/katedra-fortepianu\/pracownicy-katedry\/prof-dr-hab-mariola-cieniawa-puchala\/","name":"AMKP - Akademia Muzyczna im. Krzysztofa Pendereckiego w Krakowie","isPartOf":{"@id":"https:\/\/www.amuz.krakow.pl\/#website"},"primaryImageOfPage":{"@id":"https:\/\/www.amuz.krakow.pl\/wydzialy\/wydzial-ii-instrumentalny\/katedra-fortepianu\/pracownicy-katedry\/prof-dr-hab-mariola-cieniawa-puchala\/#primaryimage"},"image":{"@id":"https:\/\/www.amuz.krakow.pl\/wydzialy\/wydzial-ii-instrumentalny\/katedra-fortepianu\/pracownicy-katedry\/prof-dr-hab-mariola-cieniawa-puchala\/#primaryimage"},"thumbnailUrl":"https:\/\/www.amuz.krakow.pl\/wp-content\/uploads\/2016\/02\/cieniawa.jpg","datePublished":"2016-02-15T09:38:51+00:00","dateModified":"2025-07-10T10:57:49+00:00","breadcrumb":{"@id":"https:\/\/www.amuz.krakow.pl\/wydzialy\/wydzial-ii-instrumentalny\/katedra-fortepianu\/pracownicy-katedry\/prof-dr-hab-mariola-cieniawa-puchala\/#breadcrumb"},"inLanguage":"en-US","potentialAction":[{"@type":"ReadAction","target":["https:\/\/www.amuz.krakow.pl\/wydzialy\/wydzial-ii-instrumentalny\/katedra-fortepianu\/pracownicy-katedry\/prof-dr-hab-mariola-cieniawa-puchala\/"]}]},{"@type":"ImageObject","inLanguage":"en-US","@id":"https:\/\/www.amuz.krakow.pl\/wydzialy\/wydzial-ii-instrumentalny\/katedra-fortepianu\/pracownicy-katedry\/prof-dr-hab-mariola-cieniawa-puchala\/#primaryimage","url":"https:\/\/www.amuz.krakow.pl\/wp-content\/uploads\/2016\/02\/cieniawa.jpg","contentUrl":"https:\/\/www.amuz.krakow.pl\/wp-content\/uploads\/2016\/02\/cieniawa.jpg","width":200,"height":130},{"@type":"BreadcrumbList","@id":"https:\/\/www.amuz.krakow.pl\/wydzialy\/wydzial-ii-instrumentalny\/katedra-fortepianu\/pracownicy-katedry\/prof-dr-hab-mariola-cieniawa-puchala\/#breadcrumb","itemListElement":[{"@type":"ListItem","position":1,"name":"Strona g\u0142\u00f3wna","item":"https:\/\/www.amuz.krakow.pl\/"},{"@type":"ListItem","position":2,"name":"WYDZIA\u0141Y","item":"https:\/\/www.amuz.krakow.pl\/wydzialy\/"},{"@type":"ListItem","position":3,"name":"Wydzia\u0142 Instrumentalny","item":"https:\/\/www.amuz.krakow.pl\/wydzialy\/wydzial-ii-instrumentalny\/"},{"@type":"ListItem","position":4,"name":"Katedra Fortepianu","item":"https:\/\/www.amuz.krakow.pl\/wydzialy\/wydzial-ii-instrumentalny\/katedra-fortepianu\/"},{"@type":"ListItem","position":5,"name":"Pracownicy Katedry","item":"https:\/\/www.amuz.krakow.pl\/wydzialy\/wydzial-ii-instrumentalny\/katedra-fortepianu\/pracownicy-katedry\/"},{"@type":"ListItem","position":6,"name":"prof. dr hab. Mariola Cieniawa-Pucha\u0142a"}]},{"@type":"WebSite","@id":"https:\/\/www.amuz.krakow.pl\/#website","url":"https:\/\/www.amuz.krakow.pl\/","name":"Akademia Muzyczna im. Krzysztofa Pendereckiego w Krakowie","description":"Oficjalna strona Akademii Muzycznej im. Krzysztofa Pendereckiego w Krakowie (AMKP).","publisher":{"@id":"https:\/\/www.amuz.krakow.pl\/#organization"},"alternateName":"AMKP","potentialAction":[{"@type":"SearchAction","target":{"@type":"EntryPoint","urlTemplate":"https:\/\/www.amuz.krakow.pl\/?s={search_term_string}"},"query-input":{"@type":"PropertyValueSpecification","valueRequired":true,"valueName":"search_term_string"}}],"inLanguage":"en-US"},{"@type":"Organization","@id":"https:\/\/www.amuz.krakow.pl\/#organization","name":"Akademia Muzyczna im. Krzysztofa Pendereckiego w Krakowie","alternateName":"AMKP","url":"https:\/\/www.amuz.krakow.pl\/","logo":{"@type":"ImageObject","inLanguage":"en-US","@id":"https:\/\/www.amuz.krakow.pl\/#\/schema\/logo\/image\/","url":"https:\/\/www.amuz.krakow.pl\/wp-content\/uploads\/2021\/11\/amkp.jpg","contentUrl":"https:\/\/www.amuz.krakow.pl\/wp-content\/uploads\/2021\/11\/amkp.jpg","width":1193,"height":591,"caption":"Akademia Muzyczna im. Krzysztofa Pendereckiego w Krakowie"},"image":{"@id":"https:\/\/www.amuz.krakow.pl\/#\/schema\/logo\/image\/"},"sameAs":["https:\/\/www.facebook.com\/amuz.krakow","https:\/\/www.instagram.com\/amkpenderecki\/","https:\/\/www.youtube.com\/@amkpenderecki4806"]}]}},"_links":{"self":[{"href":"https:\/\/www.amuz.krakow.pl\/en\/wp-json\/wp\/v2\/pages\/1659","targetHints":{"allow":["GET"]}}],"collection":[{"href":"https:\/\/www.amuz.krakow.pl\/en\/wp-json\/wp\/v2\/pages"}],"about":[{"href":"https:\/\/www.amuz.krakow.pl\/en\/wp-json\/wp\/v2\/types\/page"}],"author":[{"embeddable":true,"href":"https:\/\/www.amuz.krakow.pl\/en\/wp-json\/wp\/v2\/users\/72"}],"replies":[{"embeddable":true,"href":"https:\/\/www.amuz.krakow.pl\/en\/wp-json\/wp\/v2\/comments?post=1659"}],"version-history":[{"count":21,"href":"https:\/\/www.amuz.krakow.pl\/en\/wp-json\/wp\/v2\/pages\/1659\/revisions"}],"predecessor-version":[{"id":105986,"href":"https:\/\/www.amuz.krakow.pl\/en\/wp-json\/wp\/v2\/pages\/1659\/revisions\/105986"}],"up":[{"embeddable":true,"href":"https:\/\/www.amuz.krakow.pl\/en\/wp-json\/wp\/v2\/pages\/1641"}],"wp:featuredmedia":[{"embeddable":true,"href":"https:\/\/www.amuz.krakow.pl\/en\/wp-json\/wp\/v2\/media\/1660"}],"wp:attachment":[{"href":"https:\/\/www.amuz.krakow.pl\/en\/wp-json\/wp\/v2\/media?parent=1659"}],"curies":[{"name":"wp","href":"https:\/\/api.w.org\/{rel}","templated":true}]}}