{"id":1648,"date":"2016-02-15T10:32:21","date_gmt":"2016-02-15T09:32:21","guid":{"rendered":"http:\/\/strony.amuz.krakow.pl\/?page_id=1648"},"modified":"2025-04-28T10:45:57","modified_gmt":"2025-04-28T08:45:57","slug":"prof-dr-hab-andrzej-pikul","status":"publish","type":"page","link":"https:\/\/www.amuz.krakow.pl\/en\/wydzialy\/wydzial-ii-instrumentalny\/katedra-fortepianu\/pracownicy-katedry\/prof-dr-hab-andrzej-pikul\/","title":{"rendered":"prof. dr hab. Andrzej Pikul"},"content":{"rendered":"<p><figure id=\"attachment_84995\" aria-describedby=\"caption-attachment-84995\" style=\"width: 300px\" class=\"wp-caption aligncenter\"><a href=\"https:\/\/www.amuz.krakow.pl\/wp-content\/uploads\/2024\/04\/AP-foto--scaled.jpg\" target=\"_blank\" rel=\"noopener\"><img loading=\"lazy\" decoding=\"async\" class=\"wp-image-84995 size-medium\" src=\"https:\/\/www.amuz.krakow.pl\/wp-content\/uploads\/2024\/04\/AP-foto--300x200.jpg\" alt=\"\" width=\"300\" height=\"200\" srcset=\"https:\/\/www.amuz.krakow.pl\/wp-content\/uploads\/2024\/04\/AP-foto--300x200.jpg 300w, https:\/\/www.amuz.krakow.pl\/wp-content\/uploads\/2024\/04\/AP-foto--scaled.jpg 2048w, https:\/\/www.amuz.krakow.pl\/wp-content\/uploads\/2024\/04\/AP-foto--768x513.jpg 768w, https:\/\/www.amuz.krakow.pl\/wp-content\/uploads\/2024\/04\/AP-foto--1536x1025.jpg 1536w\" sizes=\"auto, (max-width: 300px) 100vw, 300px\" \/><\/a><figcaption id=\"caption-attachment-84995\" class=\"wp-caption-text\">photo form private archive<\/figcaption><\/figure><\/p>\n<p style=\"text-align: justify;\">Andrzej Pikul graduated from the piano class of Prof. Tadeusz \u017bmudzi\u0144ski at the Academy of Music in Krak\u00f3w (1980). He continued his studies I the master class of Prof. Paul Badura-Skoda at the Hochschule f\u00fcr Musik in Vienna (1981\u20131983). He also participated in many other master courses taught by eminent pianists (including A. Jenner, V. Perlemuter, G. Agosti, T. Vasary).<\/p>\n<p style=\"text-align: justify;\">He is a laureate of the Polish Piano Festival in S\u0142upsk (1981), the International Competition Foundation Cziffrra in Senlis (1983), the European Broadcasting Competition in Bratislava (1985).<\/p>\n<p style=\"text-align: justify;\">He began his international artistic career with a successful performance at the festival Szene der Jugend in Salzburg (1982). Since that time, he gave many performances in prestigious concert-halls (such as the Brahms-Saal and the Beethoven-Saal in Vienna, the Wigmore Hall in London, the Norsk Opera in Oslo, the Izumi Hall in Osaka, the National Theater in Brasilia and African Forum Theater in Pretoria). He has already appeared in almost all European countries, Australia, Brazil, China, Chile, Columbia, Israeal, Japan, USA, the New Zealand and Republic of South Africa.<\/p>\n<p style=\"text-align: justify;\">He has participated in numerous festivals, including the Polish Piano Festival, Vratislavia Cantans, Bydgoszcz Music Festival, Music in Old Krak\u00f3w, International Days of Krak\u00f3w Composers, Encuentro de Musica International de La Serena (Chile) Festival of Music in Bucamaranga (Columbia), Leipziger Chopin Tage, Kosicka Hudobna Jar (Slovakia), Sofia Music Weeks (Bulgaria), Sollertinski Festival in Vitebsk (Belarus) and the International Music Festival in Kiev.<\/p>\n<p style=\"text-align: justify;\">He has made numerous recordings for Polish Radio and Television, Osterreichische Rundfunk und Fernsehen, Radio Suisse Romande, and several CD albums (including Dux 0320: K. Szymanowski: Symphonie concertante op. 60, A. Tansman: suite for 2 pianos and orchestra and Dux 0552\/3 A. Ginastera The complete music for piano, Dux 0929 F. Liszt Italy and Dux 0927\/0928 F. Chopin Polonaises). He has also performed premieres of the 20th and 21th century pieces. He has been the dedicatee of music by many contemporary composers (including Krystyna Muszuma\u0144ska-Nazar\u2019s Apigram). He has taught master courses for pianists in Australia, Chile, Israel, Japan, Brazil, Germany, New Zeeland, Portugal, Republic of South Africa and Spain, and sat on juries of Polish and international music competitions (among others in Andorra, Barcelona, Fushan, Hongkong Jaen, Orbetello and Osaka). He was a visiting professor in Kobe College Japan (2002\/2003) and at Johannes Gutenberg University in Mainz (2011\/2012).<\/p>\n<p style=\"text-align: justify;\">He is Professor of Piano at the Krzysztof Penderecki Academy of Music in Krakow.<\/p>\n<p style=\"text-align: justify;\">More details can be found at his website: <a href=\"http:\/\/www.andrzejpikul.art.pl\">www.andrzejpikul.art.pl.<\/a><\/p>\n<p><a href=\"mailto:andrzej.pikul@amuz.krakow.pl\">andrzej.pikul@amuz.krakow.pl<\/a><\/p>","protected":false},"excerpt":{"rendered":"<p>Andrzej Pikul graduated from the piano class of Prof. Tadeusz \u017bmudzi\u0144ski at the Academy of Music in Krak\u00f3w (1980). He continued his studies I the master class of Prof. Paul&hellip; <a href=\"https:\/\/www.amuz.krakow.pl\/en\/wydzialy\/wydzial-ii-instrumentalny\/katedra-fortepianu\/pracownicy-katedry\/prof-dr-hab-andrzej-pikul\/\">Continue reading<\/a><\/p>\n","protected":false},"author":72,"featured_media":85002,"parent":1641,"menu_order":20,"comment_status":"closed","ping_status":"closed","template":"","meta":{"footnotes":"","_links_to":"","_links_to_target":""},"class_list":["post-1648","page","type-page","status-publish","has-post-thumbnail","hentry"],"yoast_head":"<!-- This site is optimized with the Yoast SEO plugin v27.2 - https:\/\/yoast.com\/product\/yoast-seo-wordpress\/ -->\n<title>AMKP - Akademia Muzyczna im. Krzysztofa Pendereckiego w Krakowie<\/title>\n<meta name=\"robots\" content=\"index, follow, max-snippet:-1, max-image-preview:large, max-video-preview:-1\" \/>\n<link rel=\"canonical\" href=\"https:\/\/www.amuz.krakow.pl\/wydzialy\/wydzial-ii-instrumentalny\/katedra-fortepianu\/pracownicy-katedry\/prof-dr-hab-andrzej-pikul\/\" \/>\n<meta property=\"og:locale\" content=\"en_US\" \/>\n<meta property=\"og:type\" content=\"article\" \/>\n<meta property=\"og:title\" content=\"AMKP - Akademia Muzyczna im. Krzysztofa Pendereckiego w Krakowie\" \/>\n<meta property=\"og:description\" content=\"Andrzej Pikul graduated from the piano class of Prof. Tadeusz \u017bmudzi\u0144ski at the Academy of Music in Krak\u00f3w (1980). He continued his studies I the master class of Prof. Paul&hellip; Continue reading\" \/>\n<meta property=\"og:url\" content=\"https:\/\/www.amuz.krakow.pl\/wydzialy\/wydzial-ii-instrumentalny\/katedra-fortepianu\/pracownicy-katedry\/prof-dr-hab-andrzej-pikul\/\" \/>\n<meta property=\"og:site_name\" content=\"Akademia Muzyczna im. Krzysztofa Pendereckiego w Krakowie\" \/>\n<meta property=\"article:publisher\" content=\"https:\/\/www.facebook.com\/amuz.krakow\" \/>\n<meta property=\"article:modified_time\" content=\"2025-04-28T08:45:57+00:00\" \/>\n<meta property=\"og:image\" content=\"https:\/\/www.amuz.krakow.pl\/wp-content\/uploads\/2024\/04\/Andrzej-Pikul_foto_kafel-scaled.jpg\" \/>\n\t<meta property=\"og:image:width\" content=\"2048\" \/>\n\t<meta property=\"og:image:height\" content=\"1024\" \/>\n\t<meta property=\"og:image:type\" content=\"image\/jpeg\" \/>\n<meta name=\"twitter:card\" content=\"summary_large_image\" \/>\n<meta name=\"twitter:label1\" content=\"Est. reading time\" \/>\n\t<meta name=\"twitter:data1\" content=\"4 minutes\" \/>\n<script type=\"application\/ld+json\" class=\"yoast-schema-graph\">{\"@context\":\"https:\/\/schema.org\",\"@graph\":[{\"@type\":\"WebPage\",\"@id\":\"https:\/\/www.amuz.krakow.pl\/wydzialy\/wydzial-ii-instrumentalny\/katedra-fortepianu\/pracownicy-katedry\/prof-dr-hab-andrzej-pikul\/\",\"url\":\"https:\/\/www.amuz.krakow.pl\/wydzialy\/wydzial-ii-instrumentalny\/katedra-fortepianu\/pracownicy-katedry\/prof-dr-hab-andrzej-pikul\/\",\"name\":\"AMKP - Akademia Muzyczna im. Krzysztofa Pendereckiego w Krakowie\",\"isPartOf\":{\"@id\":\"https:\/\/www.amuz.krakow.pl\/#website\"},\"primaryImageOfPage\":{\"@id\":\"https:\/\/www.amuz.krakow.pl\/wydzialy\/wydzial-ii-instrumentalny\/katedra-fortepianu\/pracownicy-katedry\/prof-dr-hab-andrzej-pikul\/#primaryimage\"},\"image\":{\"@id\":\"https:\/\/www.amuz.krakow.pl\/wydzialy\/wydzial-ii-instrumentalny\/katedra-fortepianu\/pracownicy-katedry\/prof-dr-hab-andrzej-pikul\/#primaryimage\"},\"thumbnailUrl\":\"https:\/\/www.amuz.krakow.pl\/wp-content\/uploads\/2024\/04\/Andrzej-Pikul_foto_kafel-scaled.jpg\",\"datePublished\":\"2016-02-15T09:32:21+00:00\",\"dateModified\":\"2025-04-28T08:45:57+00:00\",\"breadcrumb\":{\"@id\":\"https:\/\/www.amuz.krakow.pl\/wydzialy\/wydzial-ii-instrumentalny\/katedra-fortepianu\/pracownicy-katedry\/prof-dr-hab-andrzej-pikul\/#breadcrumb\"},\"inLanguage\":\"en-US\",\"potentialAction\":[{\"@type\":\"ReadAction\",\"target\":[\"https:\/\/www.amuz.krakow.pl\/wydzialy\/wydzial-ii-instrumentalny\/katedra-fortepianu\/pracownicy-katedry\/prof-dr-hab-andrzej-pikul\/\"]}]},{\"@type\":\"ImageObject\",\"inLanguage\":\"en-US\",\"@id\":\"https:\/\/www.amuz.krakow.pl\/wydzialy\/wydzial-ii-instrumentalny\/katedra-fortepianu\/pracownicy-katedry\/prof-dr-hab-andrzej-pikul\/#primaryimage\",\"url\":\"https:\/\/www.amuz.krakow.pl\/wp-content\/uploads\/2024\/04\/Andrzej-Pikul_foto_kafel-scaled.jpg\",\"contentUrl\":\"https:\/\/www.amuz.krakow.pl\/wp-content\/uploads\/2024\/04\/Andrzej-Pikul_foto_kafel-scaled.jpg\",\"width\":2048,\"height\":1024},{\"@type\":\"BreadcrumbList\",\"@id\":\"https:\/\/www.amuz.krakow.pl\/wydzialy\/wydzial-ii-instrumentalny\/katedra-fortepianu\/pracownicy-katedry\/prof-dr-hab-andrzej-pikul\/#breadcrumb\",\"itemListElement\":[{\"@type\":\"ListItem\",\"position\":1,\"name\":\"Strona g\u0142\u00f3wna\",\"item\":\"https:\/\/www.amuz.krakow.pl\/\"},{\"@type\":\"ListItem\",\"position\":2,\"name\":\"WYDZIA\u0141Y\",\"item\":\"https:\/\/www.amuz.krakow.pl\/wydzialy\/\"},{\"@type\":\"ListItem\",\"position\":3,\"name\":\"Wydzia\u0142 Instrumentalny\",\"item\":\"https:\/\/www.amuz.krakow.pl\/wydzialy\/wydzial-ii-instrumentalny\/\"},{\"@type\":\"ListItem\",\"position\":4,\"name\":\"Katedra Fortepianu\",\"item\":\"https:\/\/www.amuz.krakow.pl\/wydzialy\/wydzial-ii-instrumentalny\/katedra-fortepianu\/\"},{\"@type\":\"ListItem\",\"position\":5,\"name\":\"Pracownicy Katedry\",\"item\":\"https:\/\/www.amuz.krakow.pl\/wydzialy\/wydzial-ii-instrumentalny\/katedra-fortepianu\/pracownicy-katedry\/\"},{\"@type\":\"ListItem\",\"position\":6,\"name\":\"prof. dr hab. Andrzej Pikul\"}]},{\"@type\":\"WebSite\",\"@id\":\"https:\/\/www.amuz.krakow.pl\/#website\",\"url\":\"https:\/\/www.amuz.krakow.pl\/\",\"name\":\"Akademia Muzyczna im. Krzysztofa Pendereckiego w Krakowie\",\"description\":\"Oficjalna strona Akademii Muzycznej im. Krzysztofa Pendereckiego w Krakowie (AMKP).\",\"publisher\":{\"@id\":\"https:\/\/www.amuz.krakow.pl\/#organization\"},\"alternateName\":\"AMKP\",\"potentialAction\":[{\"@type\":\"SearchAction\",\"target\":{\"@type\":\"EntryPoint\",\"urlTemplate\":\"https:\/\/www.amuz.krakow.pl\/?s={search_term_string}\"},\"query-input\":{\"@type\":\"PropertyValueSpecification\",\"valueRequired\":true,\"valueName\":\"search_term_string\"}}],\"inLanguage\":\"en-US\"},{\"@type\":\"Organization\",\"@id\":\"https:\/\/www.amuz.krakow.pl\/#organization\",\"name\":\"Akademia Muzyczna im. Krzysztofa Pendereckiego w Krakowie\",\"alternateName\":\"AMKP\",\"url\":\"https:\/\/www.amuz.krakow.pl\/\",\"logo\":{\"@type\":\"ImageObject\",\"inLanguage\":\"en-US\",\"@id\":\"https:\/\/www.amuz.krakow.pl\/#\/schema\/logo\/image\/\",\"url\":\"https:\/\/www.amuz.krakow.pl\/wp-content\/uploads\/2021\/11\/amkp.jpg\",\"contentUrl\":\"https:\/\/www.amuz.krakow.pl\/wp-content\/uploads\/2021\/11\/amkp.jpg\",\"width\":1193,\"height\":591,\"caption\":\"Akademia Muzyczna im. Krzysztofa Pendereckiego w Krakowie\"},\"image\":{\"@id\":\"https:\/\/www.amuz.krakow.pl\/#\/schema\/logo\/image\/\"},\"sameAs\":[\"https:\/\/www.facebook.com\/amuz.krakow\",\"https:\/\/www.instagram.com\/amkpenderecki\/\",\"https:\/\/www.youtube.com\/@amkpenderecki4806\"]}]}<\/script>\n<!-- \/ Yoast SEO plugin. -->","yoast_head_json":{"title":"AMKP - Akademia Muzyczna im. Krzysztofa Pendereckiego w Krakowie","robots":{"index":"index","follow":"follow","max-snippet":"max-snippet:-1","max-image-preview":"max-image-preview:large","max-video-preview":"max-video-preview:-1"},"canonical":"https:\/\/www.amuz.krakow.pl\/wydzialy\/wydzial-ii-instrumentalny\/katedra-fortepianu\/pracownicy-katedry\/prof-dr-hab-andrzej-pikul\/","og_locale":"en_US","og_type":"article","og_title":"AMKP - Akademia Muzyczna im. Krzysztofa Pendereckiego w Krakowie","og_description":"Andrzej Pikul graduated from the piano class of Prof. Tadeusz \u017bmudzi\u0144ski at the Academy of Music in Krak\u00f3w (1980). He continued his studies I the master class of Prof. Paul&hellip; Continue reading","og_url":"https:\/\/www.amuz.krakow.pl\/wydzialy\/wydzial-ii-instrumentalny\/katedra-fortepianu\/pracownicy-katedry\/prof-dr-hab-andrzej-pikul\/","og_site_name":"Akademia Muzyczna im. Krzysztofa Pendereckiego w Krakowie","article_publisher":"https:\/\/www.facebook.com\/amuz.krakow","article_modified_time":"2025-04-28T08:45:57+00:00","og_image":[{"width":2048,"height":1024,"url":"https:\/\/www.amuz.krakow.pl\/wp-content\/uploads\/2024\/04\/Andrzej-Pikul_foto_kafel-scaled.jpg","type":"image\/jpeg"}],"twitter_card":"summary_large_image","twitter_misc":{"Est. reading time":"4 minutes"},"schema":{"@context":"https:\/\/schema.org","@graph":[{"@type":"WebPage","@id":"https:\/\/www.amuz.krakow.pl\/wydzialy\/wydzial-ii-instrumentalny\/katedra-fortepianu\/pracownicy-katedry\/prof-dr-hab-andrzej-pikul\/","url":"https:\/\/www.amuz.krakow.pl\/wydzialy\/wydzial-ii-instrumentalny\/katedra-fortepianu\/pracownicy-katedry\/prof-dr-hab-andrzej-pikul\/","name":"AMKP - Akademia Muzyczna im. Krzysztofa Pendereckiego w Krakowie","isPartOf":{"@id":"https:\/\/www.amuz.krakow.pl\/#website"},"primaryImageOfPage":{"@id":"https:\/\/www.amuz.krakow.pl\/wydzialy\/wydzial-ii-instrumentalny\/katedra-fortepianu\/pracownicy-katedry\/prof-dr-hab-andrzej-pikul\/#primaryimage"},"image":{"@id":"https:\/\/www.amuz.krakow.pl\/wydzialy\/wydzial-ii-instrumentalny\/katedra-fortepianu\/pracownicy-katedry\/prof-dr-hab-andrzej-pikul\/#primaryimage"},"thumbnailUrl":"https:\/\/www.amuz.krakow.pl\/wp-content\/uploads\/2024\/04\/Andrzej-Pikul_foto_kafel-scaled.jpg","datePublished":"2016-02-15T09:32:21+00:00","dateModified":"2025-04-28T08:45:57+00:00","breadcrumb":{"@id":"https:\/\/www.amuz.krakow.pl\/wydzialy\/wydzial-ii-instrumentalny\/katedra-fortepianu\/pracownicy-katedry\/prof-dr-hab-andrzej-pikul\/#breadcrumb"},"inLanguage":"en-US","potentialAction":[{"@type":"ReadAction","target":["https:\/\/www.amuz.krakow.pl\/wydzialy\/wydzial-ii-instrumentalny\/katedra-fortepianu\/pracownicy-katedry\/prof-dr-hab-andrzej-pikul\/"]}]},{"@type":"ImageObject","inLanguage":"en-US","@id":"https:\/\/www.amuz.krakow.pl\/wydzialy\/wydzial-ii-instrumentalny\/katedra-fortepianu\/pracownicy-katedry\/prof-dr-hab-andrzej-pikul\/#primaryimage","url":"https:\/\/www.amuz.krakow.pl\/wp-content\/uploads\/2024\/04\/Andrzej-Pikul_foto_kafel-scaled.jpg","contentUrl":"https:\/\/www.amuz.krakow.pl\/wp-content\/uploads\/2024\/04\/Andrzej-Pikul_foto_kafel-scaled.jpg","width":2048,"height":1024},{"@type":"BreadcrumbList","@id":"https:\/\/www.amuz.krakow.pl\/wydzialy\/wydzial-ii-instrumentalny\/katedra-fortepianu\/pracownicy-katedry\/prof-dr-hab-andrzej-pikul\/#breadcrumb","itemListElement":[{"@type":"ListItem","position":1,"name":"Strona g\u0142\u00f3wna","item":"https:\/\/www.amuz.krakow.pl\/"},{"@type":"ListItem","position":2,"name":"WYDZIA\u0141Y","item":"https:\/\/www.amuz.krakow.pl\/wydzialy\/"},{"@type":"ListItem","position":3,"name":"Wydzia\u0142 Instrumentalny","item":"https:\/\/www.amuz.krakow.pl\/wydzialy\/wydzial-ii-instrumentalny\/"},{"@type":"ListItem","position":4,"name":"Katedra Fortepianu","item":"https:\/\/www.amuz.krakow.pl\/wydzialy\/wydzial-ii-instrumentalny\/katedra-fortepianu\/"},{"@type":"ListItem","position":5,"name":"Pracownicy Katedry","item":"https:\/\/www.amuz.krakow.pl\/wydzialy\/wydzial-ii-instrumentalny\/katedra-fortepianu\/pracownicy-katedry\/"},{"@type":"ListItem","position":6,"name":"prof. dr hab. Andrzej Pikul"}]},{"@type":"WebSite","@id":"https:\/\/www.amuz.krakow.pl\/#website","url":"https:\/\/www.amuz.krakow.pl\/","name":"Akademia Muzyczna im. Krzysztofa Pendereckiego w Krakowie","description":"Oficjalna strona Akademii Muzycznej im. Krzysztofa Pendereckiego w Krakowie (AMKP).","publisher":{"@id":"https:\/\/www.amuz.krakow.pl\/#organization"},"alternateName":"AMKP","potentialAction":[{"@type":"SearchAction","target":{"@type":"EntryPoint","urlTemplate":"https:\/\/www.amuz.krakow.pl\/?s={search_term_string}"},"query-input":{"@type":"PropertyValueSpecification","valueRequired":true,"valueName":"search_term_string"}}],"inLanguage":"en-US"},{"@type":"Organization","@id":"https:\/\/www.amuz.krakow.pl\/#organization","name":"Akademia Muzyczna im. Krzysztofa Pendereckiego w Krakowie","alternateName":"AMKP","url":"https:\/\/www.amuz.krakow.pl\/","logo":{"@type":"ImageObject","inLanguage":"en-US","@id":"https:\/\/www.amuz.krakow.pl\/#\/schema\/logo\/image\/","url":"https:\/\/www.amuz.krakow.pl\/wp-content\/uploads\/2021\/11\/amkp.jpg","contentUrl":"https:\/\/www.amuz.krakow.pl\/wp-content\/uploads\/2021\/11\/amkp.jpg","width":1193,"height":591,"caption":"Akademia Muzyczna im. Krzysztofa Pendereckiego w Krakowie"},"image":{"@id":"https:\/\/www.amuz.krakow.pl\/#\/schema\/logo\/image\/"},"sameAs":["https:\/\/www.facebook.com\/amuz.krakow","https:\/\/www.instagram.com\/amkpenderecki\/","https:\/\/www.youtube.com\/@amkpenderecki4806"]}]}},"_links":{"self":[{"href":"https:\/\/www.amuz.krakow.pl\/en\/wp-json\/wp\/v2\/pages\/1648","targetHints":{"allow":["GET"]}}],"collection":[{"href":"https:\/\/www.amuz.krakow.pl\/en\/wp-json\/wp\/v2\/pages"}],"about":[{"href":"https:\/\/www.amuz.krakow.pl\/en\/wp-json\/wp\/v2\/types\/page"}],"author":[{"embeddable":true,"href":"https:\/\/www.amuz.krakow.pl\/en\/wp-json\/wp\/v2\/users\/72"}],"replies":[{"embeddable":true,"href":"https:\/\/www.amuz.krakow.pl\/en\/wp-json\/wp\/v2\/comments?post=1648"}],"version-history":[{"count":18,"href":"https:\/\/www.amuz.krakow.pl\/en\/wp-json\/wp\/v2\/pages\/1648\/revisions"}],"predecessor-version":[{"id":102111,"href":"https:\/\/www.amuz.krakow.pl\/en\/wp-json\/wp\/v2\/pages\/1648\/revisions\/102111"}],"up":[{"embeddable":true,"href":"https:\/\/www.amuz.krakow.pl\/en\/wp-json\/wp\/v2\/pages\/1641"}],"wp:featuredmedia":[{"embeddable":true,"href":"https:\/\/www.amuz.krakow.pl\/en\/wp-json\/wp\/v2\/media\/85002"}],"wp:attachment":[{"href":"https:\/\/www.amuz.krakow.pl\/en\/wp-json\/wp\/v2\/media?parent=1648"}],"curies":[{"name":"wp","href":"https:\/\/api.w.org\/{rel}","templated":true}]}}