{"id":15324,"date":"2017-03-10T22:28:14","date_gmt":"2017-03-10T21:28:14","guid":{"rendered":"https:\/\/www.amuz.krakow.pl\/?page_id=15324"},"modified":"2026-04-08T13:38:00","modified_gmt":"2026-04-08T11:38:00","slug":"tomasz-kudyk-trabka-jazzowa","status":"publish","type":"page","link":"https:\/\/www.amuz.krakow.pl\/en\/letnia-akademia-muzyczna\/wykaz-kursow\/jazz\/tomasz-kudyk-trabka-jazzowa\/","title":{"rendered":"Tomasz Kudyk &#8211; jazz trumpet"},"content":{"rendered":"<p><figure id=\"attachment_44702\" aria-describedby=\"caption-attachment-44702\" style=\"width: 300px\" class=\"wp-caption alignleft\"><a href=\"https:\/\/www.amuz.krakow.pl\/wydzialy\/wydzial-ii-instrumentalny\/katedra-jazzu\/pracownicy-katedry\/dr-hab-tomasz-kudyk\/tomasz-kudyk-2\/\" rel=\"attachment wp-att-44702\"><img loading=\"lazy\" decoding=\"async\" class=\"size-medium wp-image-44702\" src=\"https:\/\/www.amuz.krakow.pl\/wp-content\/uploads\/2020\/11\/Tomasz-Kudyk-300x212.jpg\" alt=\"\" width=\"300\" height=\"212\" srcset=\"https:\/\/www.amuz.krakow.pl\/wp-content\/uploads\/2020\/11\/Tomasz-Kudyk-300x212.jpg 300w, https:\/\/www.amuz.krakow.pl\/wp-content\/uploads\/2020\/11\/Tomasz-Kudyk-scaled.jpg 2048w, https:\/\/www.amuz.krakow.pl\/wp-content\/uploads\/2020\/11\/Tomasz-Kudyk-768x543.jpg 768w, https:\/\/www.amuz.krakow.pl\/wp-content\/uploads\/2020\/11\/Tomasz-Kudyk-1536x1086.jpg 1536w\" sizes=\"auto, (max-width: 300px) 100vw, 300px\" \/><\/a><figcaption id=\"caption-attachment-44702\" class=\"wp-caption-text\">photo &#8211; private archive<\/figcaption><\/figure><\/p>\n<p style=\"text-align: justify;\">Trumpeter, composer, graduale of the Music Academy in Krak\u00f3w. Jazz has become his passion already in high school, surely under the influence of his father Jan Kudyk ( the leader of Jazz Band Ball Orchestra ). He gained experience from what he studied at home, as well as from the participation in jazz workshops and contact with the music ambience. In 1996 he founded, along with his friends, a quintet New Bone with which he recorded five albums among three author\u2019s: \u201cSomething for now\u201d \u2013 2004 , \u201cIt\u2019s not easy\u201d \u2013 2009, \u201cDestined\u201d \u2013 2012, \u201cFollow me\u201d \u2013 2014 and album \u201cOdjazzdowo\u201d which was published in January 2015.<br \/>\nTomasz Kudyk is the author of the most compositions performed by the band. Until now he had a possibility to collaborate witch such musicians as: Janusz Muniak, Maciej Sika\u0142a, Jarek \u015amietana, Wojciech Karolak, Piotr Baron, Arek Skolik, Joachim Mencel, Jan Pilch, Marek Stryszowski, Leszel Ku\u0142akowski, Adam Piero\u0144czyk. In 2011 he gained the title of Ph.D. in music arts in the instrumental studies discipline. He gained his doctoral habilitation in 2015 at the Music Academy in Krak\u00f3w. Currently he works as an adjunct at the Faculty of Modern Music, Jazz and Percussion at the Music Academy in Krak\u00f3w.<\/p>\n<p><\/p>","protected":false},"excerpt":{"rendered":"<p>Trumpeter, composer, graduale of the Music Academy in Krak\u00f3w. Jazz has become his passion already in high school, surely under the influence of his father Jan Kudyk ( the leader&hellip; <a href=\"https:\/\/www.amuz.krakow.pl\/en\/letnia-akademia-muzyczna\/wykaz-kursow\/jazz\/tomasz-kudyk-trabka-jazzowa\/\">Continue reading<\/a><\/p>\n","protected":false},"author":72,"featured_media":44702,"parent":47061,"menu_order":7,"comment_status":"closed","ping_status":"closed","template":"","meta":{"footnotes":"","_links_to":"","_links_to_target":""},"class_list":["post-15324","page","type-page","status-publish","has-post-thumbnail","hentry"],"yoast_head":"<!-- This site is optimized with the Yoast SEO plugin v27.2 - https:\/\/yoast.com\/product\/yoast-seo-wordpress\/ -->\n<title>AMKP - Akademia Muzyczna im. Krzysztofa Pendereckiego w Krakowie<\/title>\n<meta name=\"robots\" content=\"index, follow, max-snippet:-1, max-image-preview:large, max-video-preview:-1\" \/>\n<link rel=\"canonical\" href=\"https:\/\/www.amuz.krakow.pl\/letnia-akademia-muzyczna\/wykaz-kursow\/jazz\/tomasz-kudyk-trabka-jazzowa\/\" \/>\n<meta property=\"og:locale\" content=\"en_US\" \/>\n<meta property=\"og:type\" content=\"article\" \/>\n<meta property=\"og:title\" content=\"Tomasz Kudyk - tr\u0105bka jazzowa\" \/>\n<meta property=\"og:description\" content=\"Tr\u0119bacz, kompozytor, absolwent Akademii Muzycznej w Krakowie. Jazz sta\u0142 si\u0119 jego pasj\u0105 ju\u017c w szkole \u015bredniej, na co niew\u0105tpliwie mia\u0142 wp\u0142yw jego ojciec Jan Kudyk (lider Jazz Band Ball Orchestra). Zdobywa\u0142 do\u015bwiadczenie poprzez nauk\u0119 wyniesion\u0105 z domu, udzia\u0142 w warsztatach jazzowych i kontakt ze \u015brodowiskiem muzycznym. W 1996 roku powo\u0142a\u0142 do \u017cycia kwintet jazzowy New Bone, z kt\u00f3rym nagra\u0142 pi\u0119\u0107 p\u0142yt, w tym trzy autorskie : \u201eSomething for now\u201d (2004), \u201eIt\u2019s not easy\u201d (2009) i \u201eDestined\u201d (2012), oraz album - \u201eFollow me\u201d - mia\u0142 swoj\u0105 premier\u0119 w 2014 roku i na specjalnie zam\u00f3wienie Teatru Witkacego p\u0142yt\u0119 \u201eOdjazzdowo\u201d ( 2015) Tomasz Kudyk jest autorem wi\u0119kszo\u015bci kompozycji wykonywanych przez zesp\u00f3\u0142 New Bone. Do tej pory mia\u0142 okazj\u0119 wsp\u00f3\u0142pracowa\u0107 mi\u0119dzy innymi z takimi muzykami, jak: Janusz Muniak, Maciej Sika\u0142a, Jarek \u015amietana, Wojciech Karolak, Arek Skolik, Joachim Mencel, Andrzej Cudzich, Jan Pilch, Marek Stryszowski, Leszek Ku\u0142akowski, Adam Piero\u0144czyk. W 2011 roku uzyska\u0142 tytu\u0142 doktora sztuk muzycznych w dyscyplinie instrumentalistyka, a w styczniu 2015 roku nadano mu tytu\u0142 doktora habilitowanego sztuk muzycznych. Aktualnie pracuje na stanowisku adiunkta w Katedrze Muzyki Wsp\u00f3\u0142czesnej, Jazzu i Perkusji w Akademii Muzycznej w Krakowie, gdzie prowadzi klas\u0119 tr\u0105bki jazzowej. Koncertowa\u0142 na wielu znacz\u0105cych festiwalach w kraju i zagranic\u0105.\" \/>\n<meta property=\"og:url\" content=\"https:\/\/www.amuz.krakow.pl\/letnia-akademia-muzyczna\/wykaz-kursow\/jazz\/tomasz-kudyk-trabka-jazzowa\/\" \/>\n<meta property=\"og:site_name\" content=\"Akademia Muzyczna im. Krzysztofa Pendereckiego w Krakowie\" \/>\n<meta property=\"article:publisher\" content=\"https:\/\/www.facebook.com\/amuz.krakow\" \/>\n<meta property=\"article:modified_time\" content=\"2026-04-08T11:38:00+00:00\" \/>\n<meta property=\"og:image\" content=\"https:\/\/www.amuz.krakow.pl\/wp-content\/uploads\/2016\/02\/Kudyk-Tomasz.jpg\" \/>\n\t<meta property=\"og:image:width\" content=\"1669\" \/>\n\t<meta property=\"og:image:height\" content=\"2500\" \/>\n\t<meta property=\"og:image:type\" content=\"image\/jpeg\" \/>\n<meta name=\"twitter:card\" content=\"summary_large_image\" \/>\n<meta name=\"twitter:label1\" content=\"Est. reading time\" \/>\n\t<meta name=\"twitter:data1\" content=\"4 minutes\" \/>\n<script type=\"application\/ld+json\" class=\"yoast-schema-graph\">{\"@context\":\"https:\/\/schema.org\",\"@graph\":[{\"@type\":\"WebPage\",\"@id\":\"https:\/\/www.amuz.krakow.pl\/letnia-akademia-muzyczna\/wykaz-kursow\/jazz\/tomasz-kudyk-trabka-jazzowa\/\",\"url\":\"https:\/\/www.amuz.krakow.pl\/letnia-akademia-muzyczna\/wykaz-kursow\/jazz\/tomasz-kudyk-trabka-jazzowa\/\",\"name\":\"AMKP - Akademia Muzyczna im. Krzysztofa Pendereckiego w Krakowie\",\"isPartOf\":{\"@id\":\"https:\/\/www.amuz.krakow.pl\/#website\"},\"primaryImageOfPage\":{\"@id\":\"https:\/\/www.amuz.krakow.pl\/letnia-akademia-muzyczna\/wykaz-kursow\/jazz\/tomasz-kudyk-trabka-jazzowa\/#primaryimage\"},\"image\":{\"@id\":\"https:\/\/www.amuz.krakow.pl\/letnia-akademia-muzyczna\/wykaz-kursow\/jazz\/tomasz-kudyk-trabka-jazzowa\/#primaryimage\"},\"thumbnailUrl\":\"https:\/\/www.amuz.krakow.pl\/wp-content\/uploads\/2020\/11\/Tomasz-Kudyk-scaled.jpg\",\"datePublished\":\"2017-03-10T21:28:14+00:00\",\"dateModified\":\"2026-04-08T11:38:00+00:00\",\"breadcrumb\":{\"@id\":\"https:\/\/www.amuz.krakow.pl\/letnia-akademia-muzyczna\/wykaz-kursow\/jazz\/tomasz-kudyk-trabka-jazzowa\/#breadcrumb\"},\"inLanguage\":\"en-US\",\"potentialAction\":[{\"@type\":\"ReadAction\",\"target\":[\"https:\/\/www.amuz.krakow.pl\/letnia-akademia-muzyczna\/wykaz-kursow\/jazz\/tomasz-kudyk-trabka-jazzowa\/\"]}]},{\"@type\":\"ImageObject\",\"inLanguage\":\"en-US\",\"@id\":\"https:\/\/www.amuz.krakow.pl\/letnia-akademia-muzyczna\/wykaz-kursow\/jazz\/tomasz-kudyk-trabka-jazzowa\/#primaryimage\",\"url\":\"https:\/\/www.amuz.krakow.pl\/wp-content\/uploads\/2020\/11\/Tomasz-Kudyk-scaled.jpg\",\"contentUrl\":\"https:\/\/www.amuz.krakow.pl\/wp-content\/uploads\/2020\/11\/Tomasz-Kudyk-scaled.jpg\",\"width\":2048,\"height\":1448,\"caption\":\"photo - private archive\"},{\"@type\":\"BreadcrumbList\",\"@id\":\"https:\/\/www.amuz.krakow.pl\/letnia-akademia-muzyczna\/wykaz-kursow\/jazz\/tomasz-kudyk-trabka-jazzowa\/#breadcrumb\",\"itemListElement\":[{\"@type\":\"ListItem\",\"position\":1,\"name\":\"Strona g\u0142\u00f3wna\",\"item\":\"https:\/\/www.amuz.krakow.pl\/\"},{\"@type\":\"ListItem\",\"position\":2,\"name\":\"Letnia Akademia Muzyczna\",\"item\":\"https:\/\/www.amuz.krakow.pl\/letnia-akademia-muzyczna\/\"},{\"@type\":\"ListItem\",\"position\":3,\"name\":\"Wykaz kurs\u00f3w\",\"item\":\"https:\/\/www.amuz.krakow.pl\/letnia-akademia-muzyczna\/wykaz-kursow\/\"},{\"@type\":\"ListItem\",\"position\":4,\"name\":\"Jazz\",\"item\":\"https:\/\/www.amuz.krakow.pl\/letnia-akademia-muzyczna\/wykaz-kursow\/jazz\/\"},{\"@type\":\"ListItem\",\"position\":5,\"name\":\"Tomasz Kudyk &#8211; tr\u0105bka jazzowa\"}]},{\"@type\":\"WebSite\",\"@id\":\"https:\/\/www.amuz.krakow.pl\/#website\",\"url\":\"https:\/\/www.amuz.krakow.pl\/\",\"name\":\"Akademia Muzyczna im. Krzysztofa Pendereckiego w Krakowie\",\"description\":\"Oficjalna strona Akademii Muzycznej im. Krzysztofa Pendereckiego w Krakowie (AMKP).\",\"publisher\":{\"@id\":\"https:\/\/www.amuz.krakow.pl\/#organization\"},\"alternateName\":\"AMKP\",\"potentialAction\":[{\"@type\":\"SearchAction\",\"target\":{\"@type\":\"EntryPoint\",\"urlTemplate\":\"https:\/\/www.amuz.krakow.pl\/?s={search_term_string}\"},\"query-input\":{\"@type\":\"PropertyValueSpecification\",\"valueRequired\":true,\"valueName\":\"search_term_string\"}}],\"inLanguage\":\"en-US\"},{\"@type\":\"Organization\",\"@id\":\"https:\/\/www.amuz.krakow.pl\/#organization\",\"name\":\"Akademia Muzyczna im. Krzysztofa Pendereckiego w Krakowie\",\"alternateName\":\"AMKP\",\"url\":\"https:\/\/www.amuz.krakow.pl\/\",\"logo\":{\"@type\":\"ImageObject\",\"inLanguage\":\"en-US\",\"@id\":\"https:\/\/www.amuz.krakow.pl\/#\/schema\/logo\/image\/\",\"url\":\"https:\/\/www.amuz.krakow.pl\/wp-content\/uploads\/2021\/11\/amkp.jpg\",\"contentUrl\":\"https:\/\/www.amuz.krakow.pl\/wp-content\/uploads\/2021\/11\/amkp.jpg\",\"width\":1193,\"height\":591,\"caption\":\"Akademia Muzyczna im. Krzysztofa Pendereckiego w Krakowie\"},\"image\":{\"@id\":\"https:\/\/www.amuz.krakow.pl\/#\/schema\/logo\/image\/\"},\"sameAs\":[\"https:\/\/www.facebook.com\/amuz.krakow\",\"https:\/\/www.instagram.com\/amkpenderecki\/\",\"https:\/\/www.youtube.com\/@amkpenderecki4806\"]}]}<\/script>\n<!-- \/ Yoast SEO plugin. -->","yoast_head_json":{"title":"AMKP - Akademia Muzyczna im. Krzysztofa Pendereckiego w Krakowie","robots":{"index":"index","follow":"follow","max-snippet":"max-snippet:-1","max-image-preview":"max-image-preview:large","max-video-preview":"max-video-preview:-1"},"canonical":"https:\/\/www.amuz.krakow.pl\/letnia-akademia-muzyczna\/wykaz-kursow\/jazz\/tomasz-kudyk-trabka-jazzowa\/","og_locale":"en_US","og_type":"article","og_title":"Tomasz Kudyk - tr\u0105bka jazzowa","og_description":"Tr\u0119bacz, kompozytor, absolwent Akademii Muzycznej w Krakowie. Jazz sta\u0142 si\u0119 jego pasj\u0105 ju\u017c w szkole \u015bredniej, na co niew\u0105tpliwie mia\u0142 wp\u0142yw jego ojciec Jan Kudyk (lider Jazz Band Ball Orchestra). Zdobywa\u0142 do\u015bwiadczenie poprzez nauk\u0119 wyniesion\u0105 z domu, udzia\u0142 w warsztatach jazzowych i kontakt ze \u015brodowiskiem muzycznym. W 1996 roku powo\u0142a\u0142 do \u017cycia kwintet jazzowy New Bone, z kt\u00f3rym nagra\u0142 pi\u0119\u0107 p\u0142yt, w tym trzy autorskie : \u201eSomething for now\u201d (2004), \u201eIt\u2019s not easy\u201d (2009) i \u201eDestined\u201d (2012), oraz album - \u201eFollow me\u201d - mia\u0142 swoj\u0105 premier\u0119 w 2014 roku i na specjalnie zam\u00f3wienie Teatru Witkacego p\u0142yt\u0119 \u201eOdjazzdowo\u201d ( 2015) Tomasz Kudyk jest autorem wi\u0119kszo\u015bci kompozycji wykonywanych przez zesp\u00f3\u0142 New Bone. Do tej pory mia\u0142 okazj\u0119 wsp\u00f3\u0142pracowa\u0107 mi\u0119dzy innymi z takimi muzykami, jak: Janusz Muniak, Maciej Sika\u0142a, Jarek \u015amietana, Wojciech Karolak, Arek Skolik, Joachim Mencel, Andrzej Cudzich, Jan Pilch, Marek Stryszowski, Leszek Ku\u0142akowski, Adam Piero\u0144czyk. W 2011 roku uzyska\u0142 tytu\u0142 doktora sztuk muzycznych w dyscyplinie instrumentalistyka, a w styczniu 2015 roku nadano mu tytu\u0142 doktora habilitowanego sztuk muzycznych. Aktualnie pracuje na stanowisku adiunkta w Katedrze Muzyki Wsp\u00f3\u0142czesnej, Jazzu i Perkusji w Akademii Muzycznej w Krakowie, gdzie prowadzi klas\u0119 tr\u0105bki jazzowej. Koncertowa\u0142 na wielu znacz\u0105cych festiwalach w kraju i zagranic\u0105.","og_url":"https:\/\/www.amuz.krakow.pl\/letnia-akademia-muzyczna\/wykaz-kursow\/jazz\/tomasz-kudyk-trabka-jazzowa\/","og_site_name":"Akademia Muzyczna im. Krzysztofa Pendereckiego w Krakowie","article_publisher":"https:\/\/www.facebook.com\/amuz.krakow","article_modified_time":"2026-04-08T11:38:00+00:00","og_image":[{"width":1669,"height":2500,"url":"https:\/\/www.amuz.krakow.pl\/wp-content\/uploads\/2016\/02\/Kudyk-Tomasz.jpg","type":"image\/jpeg"}],"twitter_card":"summary_large_image","twitter_misc":{"Est. reading time":"4 minutes"},"schema":{"@context":"https:\/\/schema.org","@graph":[{"@type":"WebPage","@id":"https:\/\/www.amuz.krakow.pl\/letnia-akademia-muzyczna\/wykaz-kursow\/jazz\/tomasz-kudyk-trabka-jazzowa\/","url":"https:\/\/www.amuz.krakow.pl\/letnia-akademia-muzyczna\/wykaz-kursow\/jazz\/tomasz-kudyk-trabka-jazzowa\/","name":"AMKP - Akademia Muzyczna im. Krzysztofa Pendereckiego w Krakowie","isPartOf":{"@id":"https:\/\/www.amuz.krakow.pl\/#website"},"primaryImageOfPage":{"@id":"https:\/\/www.amuz.krakow.pl\/letnia-akademia-muzyczna\/wykaz-kursow\/jazz\/tomasz-kudyk-trabka-jazzowa\/#primaryimage"},"image":{"@id":"https:\/\/www.amuz.krakow.pl\/letnia-akademia-muzyczna\/wykaz-kursow\/jazz\/tomasz-kudyk-trabka-jazzowa\/#primaryimage"},"thumbnailUrl":"https:\/\/www.amuz.krakow.pl\/wp-content\/uploads\/2020\/11\/Tomasz-Kudyk-scaled.jpg","datePublished":"2017-03-10T21:28:14+00:00","dateModified":"2026-04-08T11:38:00+00:00","breadcrumb":{"@id":"https:\/\/www.amuz.krakow.pl\/letnia-akademia-muzyczna\/wykaz-kursow\/jazz\/tomasz-kudyk-trabka-jazzowa\/#breadcrumb"},"inLanguage":"en-US","potentialAction":[{"@type":"ReadAction","target":["https:\/\/www.amuz.krakow.pl\/letnia-akademia-muzyczna\/wykaz-kursow\/jazz\/tomasz-kudyk-trabka-jazzowa\/"]}]},{"@type":"ImageObject","inLanguage":"en-US","@id":"https:\/\/www.amuz.krakow.pl\/letnia-akademia-muzyczna\/wykaz-kursow\/jazz\/tomasz-kudyk-trabka-jazzowa\/#primaryimage","url":"https:\/\/www.amuz.krakow.pl\/wp-content\/uploads\/2020\/11\/Tomasz-Kudyk-scaled.jpg","contentUrl":"https:\/\/www.amuz.krakow.pl\/wp-content\/uploads\/2020\/11\/Tomasz-Kudyk-scaled.jpg","width":2048,"height":1448,"caption":"photo - private archive"},{"@type":"BreadcrumbList","@id":"https:\/\/www.amuz.krakow.pl\/letnia-akademia-muzyczna\/wykaz-kursow\/jazz\/tomasz-kudyk-trabka-jazzowa\/#breadcrumb","itemListElement":[{"@type":"ListItem","position":1,"name":"Strona g\u0142\u00f3wna","item":"https:\/\/www.amuz.krakow.pl\/"},{"@type":"ListItem","position":2,"name":"Letnia Akademia Muzyczna","item":"https:\/\/www.amuz.krakow.pl\/letnia-akademia-muzyczna\/"},{"@type":"ListItem","position":3,"name":"Wykaz kurs\u00f3w","item":"https:\/\/www.amuz.krakow.pl\/letnia-akademia-muzyczna\/wykaz-kursow\/"},{"@type":"ListItem","position":4,"name":"Jazz","item":"https:\/\/www.amuz.krakow.pl\/letnia-akademia-muzyczna\/wykaz-kursow\/jazz\/"},{"@type":"ListItem","position":5,"name":"Tomasz Kudyk &#8211; tr\u0105bka jazzowa"}]},{"@type":"WebSite","@id":"https:\/\/www.amuz.krakow.pl\/#website","url":"https:\/\/www.amuz.krakow.pl\/","name":"Akademia Muzyczna im. Krzysztofa Pendereckiego w Krakowie","description":"Oficjalna strona Akademii Muzycznej im. Krzysztofa Pendereckiego w Krakowie (AMKP).","publisher":{"@id":"https:\/\/www.amuz.krakow.pl\/#organization"},"alternateName":"AMKP","potentialAction":[{"@type":"SearchAction","target":{"@type":"EntryPoint","urlTemplate":"https:\/\/www.amuz.krakow.pl\/?s={search_term_string}"},"query-input":{"@type":"PropertyValueSpecification","valueRequired":true,"valueName":"search_term_string"}}],"inLanguage":"en-US"},{"@type":"Organization","@id":"https:\/\/www.amuz.krakow.pl\/#organization","name":"Akademia Muzyczna im. Krzysztofa Pendereckiego w Krakowie","alternateName":"AMKP","url":"https:\/\/www.amuz.krakow.pl\/","logo":{"@type":"ImageObject","inLanguage":"en-US","@id":"https:\/\/www.amuz.krakow.pl\/#\/schema\/logo\/image\/","url":"https:\/\/www.amuz.krakow.pl\/wp-content\/uploads\/2021\/11\/amkp.jpg","contentUrl":"https:\/\/www.amuz.krakow.pl\/wp-content\/uploads\/2021\/11\/amkp.jpg","width":1193,"height":591,"caption":"Akademia Muzyczna im. Krzysztofa Pendereckiego w Krakowie"},"image":{"@id":"https:\/\/www.amuz.krakow.pl\/#\/schema\/logo\/image\/"},"sameAs":["https:\/\/www.facebook.com\/amuz.krakow","https:\/\/www.instagram.com\/amkpenderecki\/","https:\/\/www.youtube.com\/@amkpenderecki4806"]}]}},"_links":{"self":[{"href":"https:\/\/www.amuz.krakow.pl\/en\/wp-json\/wp\/v2\/pages\/15324","targetHints":{"allow":["GET"]}}],"collection":[{"href":"https:\/\/www.amuz.krakow.pl\/en\/wp-json\/wp\/v2\/pages"}],"about":[{"href":"https:\/\/www.amuz.krakow.pl\/en\/wp-json\/wp\/v2\/types\/page"}],"author":[{"embeddable":true,"href":"https:\/\/www.amuz.krakow.pl\/en\/wp-json\/wp\/v2\/users\/72"}],"replies":[{"embeddable":true,"href":"https:\/\/www.amuz.krakow.pl\/en\/wp-json\/wp\/v2\/comments?post=15324"}],"version-history":[{"count":6,"href":"https:\/\/www.amuz.krakow.pl\/en\/wp-json\/wp\/v2\/pages\/15324\/revisions"}],"predecessor-version":[{"id":71458,"href":"https:\/\/www.amuz.krakow.pl\/en\/wp-json\/wp\/v2\/pages\/15324\/revisions\/71458"}],"up":[{"embeddable":true,"href":"https:\/\/www.amuz.krakow.pl\/en\/wp-json\/wp\/v2\/pages\/47061"}],"wp:featuredmedia":[{"embeddable":true,"href":"https:\/\/www.amuz.krakow.pl\/en\/wp-json\/wp\/v2\/media\/44702"}],"wp:attachment":[{"href":"https:\/\/www.amuz.krakow.pl\/en\/wp-json\/wp\/v2\/media?parent=15324"}],"curies":[{"name":"wp","href":"https:\/\/api.w.org\/{rel}","templated":true}]}}