{"id":15322,"date":"2017-03-10T22:26:50","date_gmt":"2017-03-10T21:26:50","guid":{"rendered":"https:\/\/www.amuz.krakow.pl\/?page_id=15322"},"modified":"2026-04-08T13:37:49","modified_gmt":"2026-04-08T11:37:49","slug":"maciej-adamczak-kontrabas-jazzowy","status":"publish","type":"page","link":"https:\/\/www.amuz.krakow.pl\/en\/letnia-akademia-muzyczna\/wykaz-kursow\/jazz\/maciej-adamczak-kontrabas-jazzowy\/","title":{"rendered":"Maciej Adamczak &#8211; jazz double bass"},"content":{"rendered":"<p><figure id=\"attachment_44686\" aria-describedby=\"caption-attachment-44686\" style=\"width: 200px\" class=\"wp-caption alignleft\"><a href=\"https:\/\/www.amuz.krakow.pl\/wydzialy\/wydzial-ii-instrumentalny\/katedra-jazzu\/pracownicy-katedry\/dr-maciej-adamczak\/maciej-adamczak\/\" rel=\"attachment wp-att-44686\"><img loading=\"lazy\" decoding=\"async\" class=\"size-medium wp-image-44686\" src=\"https:\/\/www.amuz.krakow.pl\/wp-content\/uploads\/2020\/11\/Maciej-Adamczak-200x300.jpg\" alt=\"\" width=\"200\" height=\"300\" srcset=\"https:\/\/www.amuz.krakow.pl\/wp-content\/uploads\/2020\/11\/Maciej-Adamczak-200x300.jpg 200w, https:\/\/www.amuz.krakow.pl\/wp-content\/uploads\/2020\/11\/Maciej-Adamczak-scaled.jpg 1367w, https:\/\/www.amuz.krakow.pl\/wp-content\/uploads\/2020\/11\/Maciej-Adamczak-768x1150.jpg 768w, https:\/\/www.amuz.krakow.pl\/wp-content\/uploads\/2020\/11\/Maciej-Adamczak-1025x1536.jpg 1025w\" sizes=\"auto, (max-width: 200px) 100vw, 200px\" \/><\/a><figcaption id=\"caption-attachment-44686\" class=\"wp-caption-text\">photo &#8211; private archive<\/figcaption><\/figure><\/p>\n<p style=\"text-align: justify;\"><span style=\"text-align: justify;\">Graduated from Jazz and Contemporary Music Department of the Academy of Music in Katowice, in the class of professor Jacek Niedziela (1998). <\/span><\/p>\n<p style=\"text-align: justify;\"><span style=\"text-align: justify;\">He has worked and recorded with musicians such as: Janusz Muniak, Tomasz Szukalski, Piotr Baron, Andrzej Olejniczak, Jan Jarczyk, Joachim Mencel, Pawe\u0142 Kaczmarczyk, Jarek Bester. He has <\/span><span style=\"text-align: justify;\">performed at many concerts and festivals in Poland and several countries around the world. Since 2007 he has taught double bass class at Contemporary Music, Jazz and Percussion Department of the Academy of Music in Krakow.<\/span><\/p>\n<p><\/p>","protected":false},"excerpt":{"rendered":"<p>Graduated from Jazz and Contemporary Music Department of the Academy of Music in Katowice, in the class of professor Jacek Niedziela (1998). He has worked and recorded with musicians such&hellip; <a href=\"https:\/\/www.amuz.krakow.pl\/en\/letnia-akademia-muzyczna\/wykaz-kursow\/jazz\/maciej-adamczak-kontrabas-jazzowy\/\">Continue reading<\/a><\/p>\n","protected":false},"author":72,"featured_media":84128,"parent":47061,"menu_order":5,"comment_status":"closed","ping_status":"closed","template":"","meta":{"footnotes":"","_links_to":"","_links_to_target":""},"class_list":["post-15322","page","type-page","status-publish","has-post-thumbnail","hentry"],"yoast_head":"<!-- This site is optimized with the Yoast SEO plugin v27.2 - https:\/\/yoast.com\/product\/yoast-seo-wordpress\/ -->\n<title>AMKP - Akademia Muzyczna im. Krzysztofa Pendereckiego w Krakowie<\/title>\n<meta name=\"robots\" content=\"index, follow, max-snippet:-1, max-image-preview:large, max-video-preview:-1\" \/>\n<link rel=\"canonical\" href=\"https:\/\/www.amuz.krakow.pl\/letnia-akademia-muzyczna\/wykaz-kursow\/jazz\/maciej-adamczak-kontrabas-jazzowy\/\" \/>\n<meta property=\"og:locale\" content=\"en_US\" \/>\n<meta property=\"og:type\" content=\"article\" \/>\n<meta property=\"og:title\" content=\"Maciej Adamczak - kontrabas jazzowy\" \/>\n<meta property=\"og:description\" content=\"Absolwent Wydzia\u0142u Jazzu i\u00a0Muzyki Rozrywkowej AM w\u00a0Katowicach, w\u00a0klasie kontrabasu prof. Jacka Niedzieli (1998). Wraz z zespo\u0142em Marcin \u017bupa\u0144ski Quartet by\u0142 laureatem pierwszej nagrody konkursu Jazz Juniors w Krakowie w 1997 roku. Wsp\u00f3\u0142pracowa\u0142 i nagrywa\u0142 z muzykami takimi jak: Janusz Muniak, Piotr Baron, Andrzej Olejniczak, Adam Kawo\u0144czyk, Jan Jarczyk, Kazimierz Jonkisz, Jarek Bester i Pawe\u0142 Kaczmarczyk. Wyst\u0119powa\u0142 na wielu koncertach i\u00a0festiwalach w\u00a0Polsce oraz kilkunastu krajach \u015bwiata. Od roku 2007 prowadzi klas\u0119 kontrabasu w\u00a0Katedrze Muzyki Wsp\u00f3\u0142czesnej, Jazzu i Perkusji Akademii Muzycznej w\u00a0Krakowie.\" \/>\n<meta property=\"og:url\" content=\"https:\/\/www.amuz.krakow.pl\/letnia-akademia-muzyczna\/wykaz-kursow\/jazz\/maciej-adamczak-kontrabas-jazzowy\/\" \/>\n<meta property=\"og:site_name\" content=\"Akademia Muzyczna im. Krzysztofa Pendereckiego w Krakowie\" \/>\n<meta property=\"article:publisher\" content=\"https:\/\/www.facebook.com\/amuz.krakow\" \/>\n<meta property=\"article:modified_time\" content=\"2026-04-08T11:37:49+00:00\" \/>\n<meta property=\"og:image\" content=\"https:\/\/www.amuz.krakow.pl\/wp-content\/uploads\/2016\/02\/Adamczak-Maciej.jpg\" \/>\n\t<meta property=\"og:image:width\" content=\"600\" \/>\n\t<meta property=\"og:image:height\" content=\"900\" \/>\n\t<meta property=\"og:image:type\" content=\"image\/jpeg\" \/>\n<meta name=\"twitter:card\" content=\"summary_large_image\" \/>\n<meta name=\"twitter:label1\" content=\"Est. reading time\" \/>\n\t<meta name=\"twitter:data1\" content=\"1 minute\" \/>\n<script type=\"application\/ld+json\" class=\"yoast-schema-graph\">{\"@context\":\"https:\/\/schema.org\",\"@graph\":[{\"@type\":\"WebPage\",\"@id\":\"https:\/\/www.amuz.krakow.pl\/letnia-akademia-muzyczna\/wykaz-kursow\/jazz\/maciej-adamczak-kontrabas-jazzowy\/\",\"url\":\"https:\/\/www.amuz.krakow.pl\/letnia-akademia-muzyczna\/wykaz-kursow\/jazz\/maciej-adamczak-kontrabas-jazzowy\/\",\"name\":\"AMKP - Akademia Muzyczna im. Krzysztofa Pendereckiego w Krakowie\",\"isPartOf\":{\"@id\":\"https:\/\/www.amuz.krakow.pl\/#website\"},\"primaryImageOfPage\":{\"@id\":\"https:\/\/www.amuz.krakow.pl\/letnia-akademia-muzyczna\/wykaz-kursow\/jazz\/maciej-adamczak-kontrabas-jazzowy\/#primaryimage\"},\"image\":{\"@id\":\"https:\/\/www.amuz.krakow.pl\/letnia-akademia-muzyczna\/wykaz-kursow\/jazz\/maciej-adamczak-kontrabas-jazzowy\/#primaryimage\"},\"thumbnailUrl\":\"https:\/\/www.amuz.krakow.pl\/wp-content\/uploads\/2024\/03\/Maciej-Adamczak_kafel-scaled.jpg\",\"datePublished\":\"2017-03-10T21:26:50+00:00\",\"dateModified\":\"2026-04-08T11:37:49+00:00\",\"breadcrumb\":{\"@id\":\"https:\/\/www.amuz.krakow.pl\/letnia-akademia-muzyczna\/wykaz-kursow\/jazz\/maciej-adamczak-kontrabas-jazzowy\/#breadcrumb\"},\"inLanguage\":\"en-US\",\"potentialAction\":[{\"@type\":\"ReadAction\",\"target\":[\"https:\/\/www.amuz.krakow.pl\/letnia-akademia-muzyczna\/wykaz-kursow\/jazz\/maciej-adamczak-kontrabas-jazzowy\/\"]}]},{\"@type\":\"ImageObject\",\"inLanguage\":\"en-US\",\"@id\":\"https:\/\/www.amuz.krakow.pl\/letnia-akademia-muzyczna\/wykaz-kursow\/jazz\/maciej-adamczak-kontrabas-jazzowy\/#primaryimage\",\"url\":\"https:\/\/www.amuz.krakow.pl\/wp-content\/uploads\/2024\/03\/Maciej-Adamczak_kafel-scaled.jpg\",\"contentUrl\":\"https:\/\/www.amuz.krakow.pl\/wp-content\/uploads\/2024\/03\/Maciej-Adamczak_kafel-scaled.jpg\",\"width\":2048,\"height\":1024},{\"@type\":\"BreadcrumbList\",\"@id\":\"https:\/\/www.amuz.krakow.pl\/letnia-akademia-muzyczna\/wykaz-kursow\/jazz\/maciej-adamczak-kontrabas-jazzowy\/#breadcrumb\",\"itemListElement\":[{\"@type\":\"ListItem\",\"position\":1,\"name\":\"Strona g\u0142\u00f3wna\",\"item\":\"https:\/\/www.amuz.krakow.pl\/\"},{\"@type\":\"ListItem\",\"position\":2,\"name\":\"Letnia Akademia Muzyczna\",\"item\":\"https:\/\/www.amuz.krakow.pl\/letnia-akademia-muzyczna\/\"},{\"@type\":\"ListItem\",\"position\":3,\"name\":\"Wykaz kurs\u00f3w\",\"item\":\"https:\/\/www.amuz.krakow.pl\/letnia-akademia-muzyczna\/wykaz-kursow\/\"},{\"@type\":\"ListItem\",\"position\":4,\"name\":\"Jazz\",\"item\":\"https:\/\/www.amuz.krakow.pl\/letnia-akademia-muzyczna\/wykaz-kursow\/jazz\/\"},{\"@type\":\"ListItem\",\"position\":5,\"name\":\"Maciej Adamczak &#8211; kontrabas jazzowy\"}]},{\"@type\":\"WebSite\",\"@id\":\"https:\/\/www.amuz.krakow.pl\/#website\",\"url\":\"https:\/\/www.amuz.krakow.pl\/\",\"name\":\"Akademia Muzyczna im. Krzysztofa Pendereckiego w Krakowie\",\"description\":\"Oficjalna strona Akademii Muzycznej im. Krzysztofa Pendereckiego w Krakowie (AMKP).\",\"publisher\":{\"@id\":\"https:\/\/www.amuz.krakow.pl\/#organization\"},\"alternateName\":\"AMKP\",\"potentialAction\":[{\"@type\":\"SearchAction\",\"target\":{\"@type\":\"EntryPoint\",\"urlTemplate\":\"https:\/\/www.amuz.krakow.pl\/?s={search_term_string}\"},\"query-input\":{\"@type\":\"PropertyValueSpecification\",\"valueRequired\":true,\"valueName\":\"search_term_string\"}}],\"inLanguage\":\"en-US\"},{\"@type\":\"Organization\",\"@id\":\"https:\/\/www.amuz.krakow.pl\/#organization\",\"name\":\"Akademia Muzyczna im. Krzysztofa Pendereckiego w Krakowie\",\"alternateName\":\"AMKP\",\"url\":\"https:\/\/www.amuz.krakow.pl\/\",\"logo\":{\"@type\":\"ImageObject\",\"inLanguage\":\"en-US\",\"@id\":\"https:\/\/www.amuz.krakow.pl\/#\/schema\/logo\/image\/\",\"url\":\"https:\/\/www.amuz.krakow.pl\/wp-content\/uploads\/2021\/11\/amkp.jpg\",\"contentUrl\":\"https:\/\/www.amuz.krakow.pl\/wp-content\/uploads\/2021\/11\/amkp.jpg\",\"width\":1193,\"height\":591,\"caption\":\"Akademia Muzyczna im. Krzysztofa Pendereckiego w Krakowie\"},\"image\":{\"@id\":\"https:\/\/www.amuz.krakow.pl\/#\/schema\/logo\/image\/\"},\"sameAs\":[\"https:\/\/www.facebook.com\/amuz.krakow\",\"https:\/\/www.instagram.com\/amkpenderecki\/\",\"https:\/\/www.youtube.com\/@amkpenderecki4806\"]}]}<\/script>\n<!-- \/ Yoast SEO plugin. -->","yoast_head_json":{"title":"AMKP - Akademia Muzyczna im. Krzysztofa Pendereckiego w Krakowie","robots":{"index":"index","follow":"follow","max-snippet":"max-snippet:-1","max-image-preview":"max-image-preview:large","max-video-preview":"max-video-preview:-1"},"canonical":"https:\/\/www.amuz.krakow.pl\/letnia-akademia-muzyczna\/wykaz-kursow\/jazz\/maciej-adamczak-kontrabas-jazzowy\/","og_locale":"en_US","og_type":"article","og_title":"Maciej Adamczak - kontrabas jazzowy","og_description":"Absolwent Wydzia\u0142u Jazzu i\u00a0Muzyki Rozrywkowej AM w\u00a0Katowicach, w\u00a0klasie kontrabasu prof. Jacka Niedzieli (1998). Wraz z zespo\u0142em Marcin \u017bupa\u0144ski Quartet by\u0142 laureatem pierwszej nagrody konkursu Jazz Juniors w Krakowie w 1997 roku. Wsp\u00f3\u0142pracowa\u0142 i nagrywa\u0142 z muzykami takimi jak: Janusz Muniak, Piotr Baron, Andrzej Olejniczak, Adam Kawo\u0144czyk, Jan Jarczyk, Kazimierz Jonkisz, Jarek Bester i Pawe\u0142 Kaczmarczyk. Wyst\u0119powa\u0142 na wielu koncertach i\u00a0festiwalach w\u00a0Polsce oraz kilkunastu krajach \u015bwiata. Od roku 2007 prowadzi klas\u0119 kontrabasu w\u00a0Katedrze Muzyki Wsp\u00f3\u0142czesnej, Jazzu i Perkusji Akademii Muzycznej w\u00a0Krakowie.","og_url":"https:\/\/www.amuz.krakow.pl\/letnia-akademia-muzyczna\/wykaz-kursow\/jazz\/maciej-adamczak-kontrabas-jazzowy\/","og_site_name":"Akademia Muzyczna im. Krzysztofa Pendereckiego w Krakowie","article_publisher":"https:\/\/www.facebook.com\/amuz.krakow","article_modified_time":"2026-04-08T11:37:49+00:00","og_image":[{"width":600,"height":900,"url":"https:\/\/www.amuz.krakow.pl\/wp-content\/uploads\/2016\/02\/Adamczak-Maciej.jpg","type":"image\/jpeg"}],"twitter_card":"summary_large_image","twitter_misc":{"Est. reading time":"1 minute"},"schema":{"@context":"https:\/\/schema.org","@graph":[{"@type":"WebPage","@id":"https:\/\/www.amuz.krakow.pl\/letnia-akademia-muzyczna\/wykaz-kursow\/jazz\/maciej-adamczak-kontrabas-jazzowy\/","url":"https:\/\/www.amuz.krakow.pl\/letnia-akademia-muzyczna\/wykaz-kursow\/jazz\/maciej-adamczak-kontrabas-jazzowy\/","name":"AMKP - Akademia Muzyczna im. Krzysztofa Pendereckiego w Krakowie","isPartOf":{"@id":"https:\/\/www.amuz.krakow.pl\/#website"},"primaryImageOfPage":{"@id":"https:\/\/www.amuz.krakow.pl\/letnia-akademia-muzyczna\/wykaz-kursow\/jazz\/maciej-adamczak-kontrabas-jazzowy\/#primaryimage"},"image":{"@id":"https:\/\/www.amuz.krakow.pl\/letnia-akademia-muzyczna\/wykaz-kursow\/jazz\/maciej-adamczak-kontrabas-jazzowy\/#primaryimage"},"thumbnailUrl":"https:\/\/www.amuz.krakow.pl\/wp-content\/uploads\/2024\/03\/Maciej-Adamczak_kafel-scaled.jpg","datePublished":"2017-03-10T21:26:50+00:00","dateModified":"2026-04-08T11:37:49+00:00","breadcrumb":{"@id":"https:\/\/www.amuz.krakow.pl\/letnia-akademia-muzyczna\/wykaz-kursow\/jazz\/maciej-adamczak-kontrabas-jazzowy\/#breadcrumb"},"inLanguage":"en-US","potentialAction":[{"@type":"ReadAction","target":["https:\/\/www.amuz.krakow.pl\/letnia-akademia-muzyczna\/wykaz-kursow\/jazz\/maciej-adamczak-kontrabas-jazzowy\/"]}]},{"@type":"ImageObject","inLanguage":"en-US","@id":"https:\/\/www.amuz.krakow.pl\/letnia-akademia-muzyczna\/wykaz-kursow\/jazz\/maciej-adamczak-kontrabas-jazzowy\/#primaryimage","url":"https:\/\/www.amuz.krakow.pl\/wp-content\/uploads\/2024\/03\/Maciej-Adamczak_kafel-scaled.jpg","contentUrl":"https:\/\/www.amuz.krakow.pl\/wp-content\/uploads\/2024\/03\/Maciej-Adamczak_kafel-scaled.jpg","width":2048,"height":1024},{"@type":"BreadcrumbList","@id":"https:\/\/www.amuz.krakow.pl\/letnia-akademia-muzyczna\/wykaz-kursow\/jazz\/maciej-adamczak-kontrabas-jazzowy\/#breadcrumb","itemListElement":[{"@type":"ListItem","position":1,"name":"Strona g\u0142\u00f3wna","item":"https:\/\/www.amuz.krakow.pl\/"},{"@type":"ListItem","position":2,"name":"Letnia Akademia Muzyczna","item":"https:\/\/www.amuz.krakow.pl\/letnia-akademia-muzyczna\/"},{"@type":"ListItem","position":3,"name":"Wykaz kurs\u00f3w","item":"https:\/\/www.amuz.krakow.pl\/letnia-akademia-muzyczna\/wykaz-kursow\/"},{"@type":"ListItem","position":4,"name":"Jazz","item":"https:\/\/www.amuz.krakow.pl\/letnia-akademia-muzyczna\/wykaz-kursow\/jazz\/"},{"@type":"ListItem","position":5,"name":"Maciej Adamczak &#8211; kontrabas jazzowy"}]},{"@type":"WebSite","@id":"https:\/\/www.amuz.krakow.pl\/#website","url":"https:\/\/www.amuz.krakow.pl\/","name":"Akademia Muzyczna im. Krzysztofa Pendereckiego w Krakowie","description":"Oficjalna strona Akademii Muzycznej im. Krzysztofa Pendereckiego w Krakowie (AMKP).","publisher":{"@id":"https:\/\/www.amuz.krakow.pl\/#organization"},"alternateName":"AMKP","potentialAction":[{"@type":"SearchAction","target":{"@type":"EntryPoint","urlTemplate":"https:\/\/www.amuz.krakow.pl\/?s={search_term_string}"},"query-input":{"@type":"PropertyValueSpecification","valueRequired":true,"valueName":"search_term_string"}}],"inLanguage":"en-US"},{"@type":"Organization","@id":"https:\/\/www.amuz.krakow.pl\/#organization","name":"Akademia Muzyczna im. Krzysztofa Pendereckiego w Krakowie","alternateName":"AMKP","url":"https:\/\/www.amuz.krakow.pl\/","logo":{"@type":"ImageObject","inLanguage":"en-US","@id":"https:\/\/www.amuz.krakow.pl\/#\/schema\/logo\/image\/","url":"https:\/\/www.amuz.krakow.pl\/wp-content\/uploads\/2021\/11\/amkp.jpg","contentUrl":"https:\/\/www.amuz.krakow.pl\/wp-content\/uploads\/2021\/11\/amkp.jpg","width":1193,"height":591,"caption":"Akademia Muzyczna im. Krzysztofa Pendereckiego w Krakowie"},"image":{"@id":"https:\/\/www.amuz.krakow.pl\/#\/schema\/logo\/image\/"},"sameAs":["https:\/\/www.facebook.com\/amuz.krakow","https:\/\/www.instagram.com\/amkpenderecki\/","https:\/\/www.youtube.com\/@amkpenderecki4806"]}]}},"_links":{"self":[{"href":"https:\/\/www.amuz.krakow.pl\/en\/wp-json\/wp\/v2\/pages\/15322","targetHints":{"allow":["GET"]}}],"collection":[{"href":"https:\/\/www.amuz.krakow.pl\/en\/wp-json\/wp\/v2\/pages"}],"about":[{"href":"https:\/\/www.amuz.krakow.pl\/en\/wp-json\/wp\/v2\/types\/page"}],"author":[{"embeddable":true,"href":"https:\/\/www.amuz.krakow.pl\/en\/wp-json\/wp\/v2\/users\/72"}],"replies":[{"embeddable":true,"href":"https:\/\/www.amuz.krakow.pl\/en\/wp-json\/wp\/v2\/comments?post=15322"}],"version-history":[{"count":7,"href":"https:\/\/www.amuz.krakow.pl\/en\/wp-json\/wp\/v2\/pages\/15322\/revisions"}],"predecessor-version":[{"id":118043,"href":"https:\/\/www.amuz.krakow.pl\/en\/wp-json\/wp\/v2\/pages\/15322\/revisions\/118043"}],"up":[{"embeddable":true,"href":"https:\/\/www.amuz.krakow.pl\/en\/wp-json\/wp\/v2\/pages\/47061"}],"wp:featuredmedia":[{"embeddable":true,"href":"https:\/\/www.amuz.krakow.pl\/en\/wp-json\/wp\/v2\/media\/84128"}],"wp:attachment":[{"href":"https:\/\/www.amuz.krakow.pl\/en\/wp-json\/wp\/v2\/media?parent=15322"}],"curies":[{"name":"wp","href":"https:\/\/api.w.org\/{rel}","templated":true}]}}