{"id":15320,"date":"2017-03-10T22:24:18","date_gmt":"2017-03-10T21:24:18","guid":{"rendered":"https:\/\/www.amuz.krakow.pl\/?page_id=15320"},"modified":"2026-04-08T13:38:11","modified_gmt":"2026-04-08T11:38:11","slug":"piotr-wylezol-fortepian-jazzowy","status":"publish","type":"page","link":"https:\/\/www.amuz.krakow.pl\/en\/letnia-akademia-muzyczna\/wykaz-kursow\/jazz\/piotr-wylezol-fortepian-jazzowy\/","title":{"rendered":"Piotr Wyle\u017co\u0142 &#8211; jazz piano"},"content":{"rendered":"<p><\/p>\n<div id=\"v1replybody1\">\n<div>\n<figure id=\"attachment_44741\" aria-describedby=\"caption-attachment-44741\" style=\"width: 270px\" class=\"wp-caption aligncenter\"><a href=\"https:\/\/www.amuz.krakow.pl\/wydzialy\/wydzial-ii-instrumentalny\/katedra-jazzu\/pracownicy-katedry\/dr-hab-piotr-wylezol\/piotr-wylezol-fot-alicja-dybowska\/\" target=\"_blank\" rel=\"attachment noopener wp-att-44741\"><img loading=\"lazy\" decoding=\"async\" class=\"wp-image-44741\" src=\"https:\/\/www.amuz.krakow.pl\/wp-content\/uploads\/2020\/11\/Piotr-Wylezol-fot.-Alicja-Dybowska-300x300.jpg\" alt=\"\" width=\"270\" height=\"270\" srcset=\"https:\/\/www.amuz.krakow.pl\/wp-content\/uploads\/2020\/11\/Piotr-Wylezol-fot.-Alicja-Dybowska-300x300.jpg 300w, https:\/\/www.amuz.krakow.pl\/wp-content\/uploads\/2020\/11\/Piotr-Wylezol-fot.-Alicja-Dybowska-scaled.jpg 2048w, https:\/\/www.amuz.krakow.pl\/wp-content\/uploads\/2020\/11\/Piotr-Wylezol-fot.-Alicja-Dybowska-150x150.jpg 150w, https:\/\/www.amuz.krakow.pl\/wp-content\/uploads\/2020\/11\/Piotr-Wylezol-fot.-Alicja-Dybowska-768x768.jpg 768w, https:\/\/www.amuz.krakow.pl\/wp-content\/uploads\/2020\/11\/Piotr-Wylezol-fot.-Alicja-Dybowska-1536x1536.jpg 1536w\" sizes=\"auto, (max-width: 270px) 100vw, 270px\" \/><\/a><figcaption id=\"caption-attachment-44741\" class=\"wp-caption-text\">photo by Alicja Dybowska<\/figcaption><\/figure>\n<p style=\"text-align: justify;\">Piotr Wyle\u017co\u0142 is an outstanding, multi-award winning Polish jazz pianist, composer, band leader, \u201cone of Europe\u2019s most prodigiously talented pianist\u201d (by British \u201eBlues&amp;Soul\u201d Amrys Baird), and one of the most creative and important pianists on the Polish jazz scene.<br \/>\nHis last album \u201cHuman Things\u201d was released in March 2018 by the most important and legendary series in Polish jazz history, \u201cPolish Jazz\u201d.<br \/>\nPiotr was born December 6<sup>th<\/sup>, 1976 and, as a child, was already winning awards at national piano competitions in Poland. He was called the \u201egolden child\u201c when at 10 and 11 years old, he performed Mozart and Beethoven piano concertos with the Philharmonic Orchestras.<br \/>\nPiotr Wyle\u017co\u0142 is regularly performing all over the world with his own music, and also many great artists.<br \/>\nHe graduated from the Jazz Department in the Academy of Music in Katowice. As a student Piotr started to co-operate with legends of Polish jazz like Janusz Muniak, or Jarek Smietana and others. Wyle\u017co\u0142 was also the laureate of the individual award at the International Jazz Improvisation Competition, as well as many other jazz competitions with several groups.<br \/>\nPiotr Wyle\u017co\u0142 is leading bands playing his original music since beginning his activity as an artist. He recorded 9 albums as leader and several dozen with other artists. His last Trio album: \u201cChildren&#8217;s Episodes\u201d released by Fresh Sound Records label, was nominated for a Fryderyk Award (Poland&#8217;s equivalent of a Grammy Award), in the Jazz Album of The Year category.<br \/>\nSince 2007 Piotr Wyle\u017co\u0142 has been leading the Jazz Piano Class at the Krakow Academy of Music.<\/p>\n<p><a href=\"http:\/\/www.piotrwylezol.com\">www.piotrwylezol.com<\/a><\/p>\n<\/div>\n<\/div>\n<p><\/p>","protected":false},"excerpt":{"rendered":"<p>Piotr Wyle\u017co\u0142 is an outstanding, multi-award winning Polish jazz pianist, composer, band leader, \u201cone of Europe\u2019s most prodigiously talented pianist\u201d (by British \u201eBlues&amp;Soul\u201d Amrys Baird), and one of the most&hellip; <a href=\"https:\/\/www.amuz.krakow.pl\/en\/letnia-akademia-muzyczna\/wykaz-kursow\/jazz\/piotr-wylezol-fortepian-jazzowy\/\">Continue reading<\/a><\/p>\n","protected":false},"author":72,"featured_media":71456,"parent":47061,"menu_order":18,"comment_status":"closed","ping_status":"closed","template":"","meta":{"footnotes":"","_links_to":"","_links_to_target":""},"class_list":["post-15320","page","type-page","status-publish","has-post-thumbnail","hentry"],"yoast_head":"<!-- This site is optimized with the Yoast SEO plugin v27.2 - https:\/\/yoast.com\/product\/yoast-seo-wordpress\/ -->\n<title>AMKP - Akademia Muzyczna im. Krzysztofa Pendereckiego w Krakowie<\/title>\n<meta name=\"robots\" content=\"index, follow, max-snippet:-1, max-image-preview:large, max-video-preview:-1\" \/>\n<link rel=\"canonical\" href=\"https:\/\/www.amuz.krakow.pl\/letnia-akademia-muzyczna\/wykaz-kursow\/jazz\/piotr-wylezol-fortepian-jazzowy\/\" \/>\n<meta property=\"og:locale\" content=\"en_US\" \/>\n<meta property=\"og:type\" content=\"article\" \/>\n<meta property=\"og:title\" content=\"Piotr Wyle\u017co\u0142 - fortepian jazzowy\" \/>\n<meta property=\"og:description\" content=\"Pianista, kompozytor, improwizator; ur. 06.12.1976 r. Ju\u017c jako dziecko zdobywa\u0142 nagrody na og\u00f3lnopolskich konkursach pianistycznych i koncertowa\u0142 z repertuarem klasycznym. W wieku 10\u00a0 i 11 lat z towarzyszeniem orkiestry Filharmonii w Rybniku\u00a0 wykonywa\u0142 koncerty fortepianowe Haydna i Beethovena. Od lat uznanawy jako jeden z najwybitniejszych polskich pianist\u00f3w jazzowych. Karier\u0119 na scenie jazzowej rozpocz\u0105\u0142 jeszcze w okresie studi\u00f3w, w zespo\u0142ach m.in. Janusza Muniaka, Jarka \u015amietany i Marka Ba\u0142aty. Jako student r\u00f3wnie\u017c by\u0142 laureatem licznych konkurs\u00f3w i festiwali jazzowych: Jazz Juniors w Krakowie (I nagroda), Festiwal Standard\u00f3w Jazzowych w Siedlcach (I nagroda), \u201eKlucz do Kariery\u201d \u2013 Pomorska Jesie\u0144 Jazzowa, Jazz nad Odr\u0105 we Wroc\u0142awiu (nagroda indywidualna dla najlepszego instrumentalisty), Mi\u0119dzynarodowy Konkurs Improwizacji Jazzowej (Katowice). Od pocz\u0105tku swojej dzia\u0142alno\u015bci artystycznej lider w\u0142asnego trio. W 2001 roku ukaza\u0142a si\u0119 pierwsza autorska p\u0142yta pianisty \u201eYearning\u201c nagrana wsp\u00f3lnie z Adamem Kowalewskim na kontrabasie i \u0141ukaszem \u017byt\u0105 na perkusji. Ju\u017c wtedy prasa nie szcz\u0119dzi\u0142a ciep\u0142ych s\u0142\u00f3w: \u201eTo jeden z najciekawszych debiutanckich album\u00f3w. Trio z\u0142o\u017cone z m\u0142odych polskich muzyk\u00f3w zbudowa\u0142o nastr\u00f3j godny najwi\u0119kszych osi\u0105gni\u0119\u0107 w swym gatunku\u201d (Jazz Forum 11.2001). W 2006 roku ukaza\u0142a si\u0119 druga p\u0142yta \u201ePiano Trio\u201d (z \u0141ukaszem \u017byt\u0105 na perkusji i Micha\u0142em Bara\u0144skim na kontrabasie). W pa\u017adzierniku 2009 roku nak\u0142adem renomowanej wytw\u00f3rni Fresh Sound Records ukaza\u0142a si\u0119 trzecia, najnowsza p\u0142yta tria pianisty zatytu\u0142owana \u201eChildren\u2019s Episodes\u201d. P\u0142yta wydana zosta\u0142a w serii New Talent, w kt\u00f3rej mo\u017cna znale\u017a\u0107 takie nazwiska, jak Brad Mehldau, Kurt Rosenwinkel czy Chris Cheek. Warto nadmieni\u0107, \u017ce Piotr Wyle\u017co\u0142 jest pierwszym Polakiem, kt\u00f3ry dosta\u0142 si\u0119 do tego zaszczytnego grona. P\u0142yta ta zosta\u0142a r\u00f3wnie\u017c nominowana do nagrody Fryderyk 2010 w kategorii Jazzowy Album Roku. W dyskografii Piotra Wyle\u017co\u0142a jako lidera, poza studyjnymi p\u0142ytami tria, znajduj\u0105 si\u0119 r\u00f3wnie\u017c dwa albumy koncertowe. Pierwszy to \u201eQuintet Live\u201c, kt\u00f3ry ukaza\u0142 si\u0119 w 2010 roku z\u00a0go\u015bcinnym udzia\u0142em Adama Piero\u0144czyka (sax) oraz Davida Doruzki (git.), oraz zarejestrowany podczas festiwalu Jazz w Gdyni recital na dwa fortepiany ze S\u0142awkiem Jasku\u0142ke i wydany pod nazw\u0105 \u201eDuoDram\u201d. Ostatni autorski album pianisty zosta\u0142 wydany nak\u0142adem wydawnictwa Hevhetia w 2014 roku. Nosi tytu\u0142 \u201cImproludes\u201d i jest pierwszym albumem solo piano w dorobku artysty. Piotr Wyle\u017co\u0142 podczas dotychczasowej obecno\u015bci na profesjonalnej scenie jazzowej mia\u0142 okazj\u0119 wsp\u00f3\u0142pracowa\u0107 z wieloma jej osobisto\u015bciami, w\u015br\u00f3d kt\u00f3rych znajdziemy takie nazwiska jak: Billy Hart, Janusz Muniak, Tomasz Szukalski, Jaros\u0142aw \u015amietana, Tomasz Sta\u0144ko, Jan Ptaszyn Wr\u00f3blewski, Grzegorz Nag\u00f3rski, Andrzej Cudzich, Adam Piero\u0144czyk, Gary Bartz, John Purcell, Urszula Dudziak, Mika Urbaniak, Marek Ba\u0142ata, Ewa Bem, Piotr Baron, Antymos Apostolis, Nigel Kennedy, Steve Logan, Monty Watters, Bennie Maupin, Janis Siegel, Stephen Riley i inni. W latach 2005 - 2012 regularnie wsp\u00f3\u0142pracowa\u0142 z Nigelem Kennedy\u2019m, bior\u0105c udzia\u0142 w jego autorskich projektach, a tak\u017ce koncertach muzyki klasycznej, m.in. jako klawesynista w repertuarze J.S.Bacha czy A.Vivaldiego. Do dnia dzisiejszego Piotr Wyle\u017co\u0142 wyst\u0119powa\u0142 na wielu koncertach i festiwalach w Polsce oraz kilkudziesi\u0119ciu krajach \u015bwiata. Poza p\u0142ytami nagranymi jako lider i wsp\u00f3\u0142lider,\u00a0 uczestniczy\u0142 w nagraniach kilkudziesi\u0119ciu album\u00f3w z innymi artystami i liczba ta stale ro\u015bnie. Od pa\u017adziernika 2007 prowadzi klas\u0119 fortepianu w Katedrze Jazzu i Muzyki Wsp\u00f3\u0142czesnej Akademii Muzycznej w Krakowie. Na tej\u017ce uczelni w 2011 roku uzyska\u0142 tytu\u0142 doktora sztuki. Strona oficjalna\" \/>\n<meta property=\"og:url\" content=\"https:\/\/www.amuz.krakow.pl\/letnia-akademia-muzyczna\/wykaz-kursow\/jazz\/piotr-wylezol-fortepian-jazzowy\/\" \/>\n<meta property=\"og:site_name\" content=\"Akademia Muzyczna im. Krzysztofa Pendereckiego w Krakowie\" \/>\n<meta property=\"article:publisher\" content=\"https:\/\/www.facebook.com\/amuz.krakow\" \/>\n<meta property=\"article:modified_time\" content=\"2026-04-08T11:38:11+00:00\" \/>\n<meta property=\"og:image\" content=\"https:\/\/www.amuz.krakow.pl\/wp-content\/uploads\/2016\/02\/Wyle\u017co\u0142-Piotr.jpg\" \/>\n\t<meta property=\"og:image:width\" content=\"2947\" \/>\n\t<meta property=\"og:image:height\" content=\"2079\" \/>\n\t<meta property=\"og:image:type\" content=\"image\/jpeg\" \/>\n<meta name=\"twitter:card\" content=\"summary_large_image\" \/>\n<meta name=\"twitter:label1\" content=\"Est. reading time\" \/>\n\t<meta name=\"twitter:data1\" content=\"3 minutes\" \/>\n<script type=\"application\/ld+json\" class=\"yoast-schema-graph\">{\"@context\":\"https:\/\/schema.org\",\"@graph\":[{\"@type\":\"WebPage\",\"@id\":\"https:\/\/www.amuz.krakow.pl\/letnia-akademia-muzyczna\/wykaz-kursow\/jazz\/piotr-wylezol-fortepian-jazzowy\/\",\"url\":\"https:\/\/www.amuz.krakow.pl\/letnia-akademia-muzyczna\/wykaz-kursow\/jazz\/piotr-wylezol-fortepian-jazzowy\/\",\"name\":\"AMKP - Akademia Muzyczna im. Krzysztofa Pendereckiego w Krakowie\",\"isPartOf\":{\"@id\":\"https:\/\/www.amuz.krakow.pl\/#website\"},\"primaryImageOfPage\":{\"@id\":\"https:\/\/www.amuz.krakow.pl\/letnia-akademia-muzyczna\/wykaz-kursow\/jazz\/piotr-wylezol-fortepian-jazzowy\/#primaryimage\"},\"image\":{\"@id\":\"https:\/\/www.amuz.krakow.pl\/letnia-akademia-muzyczna\/wykaz-kursow\/jazz\/piotr-wylezol-fortepian-jazzowy\/#primaryimage\"},\"thumbnailUrl\":\"https:\/\/www.amuz.krakow.pl\/wp-content\/uploads\/2023\/02\/Piotr-Wylezol-fot.-Alicja-Dybowska_kafelek-scaled.jpg\",\"datePublished\":\"2017-03-10T21:24:18+00:00\",\"dateModified\":\"2026-04-08T11:38:11+00:00\",\"breadcrumb\":{\"@id\":\"https:\/\/www.amuz.krakow.pl\/letnia-akademia-muzyczna\/wykaz-kursow\/jazz\/piotr-wylezol-fortepian-jazzowy\/#breadcrumb\"},\"inLanguage\":\"en-US\",\"potentialAction\":[{\"@type\":\"ReadAction\",\"target\":[\"https:\/\/www.amuz.krakow.pl\/letnia-akademia-muzyczna\/wykaz-kursow\/jazz\/piotr-wylezol-fortepian-jazzowy\/\"]}]},{\"@type\":\"ImageObject\",\"inLanguage\":\"en-US\",\"@id\":\"https:\/\/www.amuz.krakow.pl\/letnia-akademia-muzyczna\/wykaz-kursow\/jazz\/piotr-wylezol-fortepian-jazzowy\/#primaryimage\",\"url\":\"https:\/\/www.amuz.krakow.pl\/wp-content\/uploads\/2023\/02\/Piotr-Wylezol-fot.-Alicja-Dybowska_kafelek-scaled.jpg\",\"contentUrl\":\"https:\/\/www.amuz.krakow.pl\/wp-content\/uploads\/2023\/02\/Piotr-Wylezol-fot.-Alicja-Dybowska_kafelek-scaled.jpg\",\"width\":2048,\"height\":1236},{\"@type\":\"BreadcrumbList\",\"@id\":\"https:\/\/www.amuz.krakow.pl\/letnia-akademia-muzyczna\/wykaz-kursow\/jazz\/piotr-wylezol-fortepian-jazzowy\/#breadcrumb\",\"itemListElement\":[{\"@type\":\"ListItem\",\"position\":1,\"name\":\"Strona g\u0142\u00f3wna\",\"item\":\"https:\/\/www.amuz.krakow.pl\/\"},{\"@type\":\"ListItem\",\"position\":2,\"name\":\"Letnia Akademia Muzyczna\",\"item\":\"https:\/\/www.amuz.krakow.pl\/letnia-akademia-muzyczna\/\"},{\"@type\":\"ListItem\",\"position\":3,\"name\":\"Wykaz kurs\u00f3w\",\"item\":\"https:\/\/www.amuz.krakow.pl\/letnia-akademia-muzyczna\/wykaz-kursow\/\"},{\"@type\":\"ListItem\",\"position\":4,\"name\":\"Jazz\",\"item\":\"https:\/\/www.amuz.krakow.pl\/letnia-akademia-muzyczna\/wykaz-kursow\/jazz\/\"},{\"@type\":\"ListItem\",\"position\":5,\"name\":\"Piotr Wyle\u017co\u0142 &#8211; fortepian jazzowy\"}]},{\"@type\":\"WebSite\",\"@id\":\"https:\/\/www.amuz.krakow.pl\/#website\",\"url\":\"https:\/\/www.amuz.krakow.pl\/\",\"name\":\"Akademia Muzyczna im. Krzysztofa Pendereckiego w Krakowie\",\"description\":\"Oficjalna strona Akademii Muzycznej im. Krzysztofa Pendereckiego w Krakowie (AMKP).\",\"publisher\":{\"@id\":\"https:\/\/www.amuz.krakow.pl\/#organization\"},\"alternateName\":\"AMKP\",\"potentialAction\":[{\"@type\":\"SearchAction\",\"target\":{\"@type\":\"EntryPoint\",\"urlTemplate\":\"https:\/\/www.amuz.krakow.pl\/?s={search_term_string}\"},\"query-input\":{\"@type\":\"PropertyValueSpecification\",\"valueRequired\":true,\"valueName\":\"search_term_string\"}}],\"inLanguage\":\"en-US\"},{\"@type\":\"Organization\",\"@id\":\"https:\/\/www.amuz.krakow.pl\/#organization\",\"name\":\"Akademia Muzyczna im. Krzysztofa Pendereckiego w Krakowie\",\"alternateName\":\"AMKP\",\"url\":\"https:\/\/www.amuz.krakow.pl\/\",\"logo\":{\"@type\":\"ImageObject\",\"inLanguage\":\"en-US\",\"@id\":\"https:\/\/www.amuz.krakow.pl\/#\/schema\/logo\/image\/\",\"url\":\"https:\/\/www.amuz.krakow.pl\/wp-content\/uploads\/2021\/11\/amkp.jpg\",\"contentUrl\":\"https:\/\/www.amuz.krakow.pl\/wp-content\/uploads\/2021\/11\/amkp.jpg\",\"width\":1193,\"height\":591,\"caption\":\"Akademia Muzyczna im. Krzysztofa Pendereckiego w Krakowie\"},\"image\":{\"@id\":\"https:\/\/www.amuz.krakow.pl\/#\/schema\/logo\/image\/\"},\"sameAs\":[\"https:\/\/www.facebook.com\/amuz.krakow\",\"https:\/\/www.instagram.com\/amkpenderecki\/\",\"https:\/\/www.youtube.com\/@amkpenderecki4806\"]}]}<\/script>\n<!-- \/ Yoast SEO plugin. -->","yoast_head_json":{"title":"AMKP - Akademia Muzyczna im. Krzysztofa Pendereckiego w Krakowie","robots":{"index":"index","follow":"follow","max-snippet":"max-snippet:-1","max-image-preview":"max-image-preview:large","max-video-preview":"max-video-preview:-1"},"canonical":"https:\/\/www.amuz.krakow.pl\/letnia-akademia-muzyczna\/wykaz-kursow\/jazz\/piotr-wylezol-fortepian-jazzowy\/","og_locale":"en_US","og_type":"article","og_title":"Piotr Wyle\u017co\u0142 - fortepian jazzowy","og_description":"Pianista, kompozytor, improwizator; ur. 06.12.1976 r. Ju\u017c jako dziecko zdobywa\u0142 nagrody na og\u00f3lnopolskich konkursach pianistycznych i koncertowa\u0142 z repertuarem klasycznym. W wieku 10\u00a0 i 11 lat z towarzyszeniem orkiestry Filharmonii w Rybniku\u00a0 wykonywa\u0142 koncerty fortepianowe Haydna i Beethovena. Od lat uznanawy jako jeden z najwybitniejszych polskich pianist\u00f3w jazzowych. Karier\u0119 na scenie jazzowej rozpocz\u0105\u0142 jeszcze w okresie studi\u00f3w, w zespo\u0142ach m.in. Janusza Muniaka, Jarka \u015amietany i Marka Ba\u0142aty. Jako student r\u00f3wnie\u017c by\u0142 laureatem licznych konkurs\u00f3w i festiwali jazzowych: Jazz Juniors w Krakowie (I nagroda), Festiwal Standard\u00f3w Jazzowych w Siedlcach (I nagroda), \u201eKlucz do Kariery\u201d \u2013 Pomorska Jesie\u0144 Jazzowa, Jazz nad Odr\u0105 we Wroc\u0142awiu (nagroda indywidualna dla najlepszego instrumentalisty), Mi\u0119dzynarodowy Konkurs Improwizacji Jazzowej (Katowice). Od pocz\u0105tku swojej dzia\u0142alno\u015bci artystycznej lider w\u0142asnego trio. W 2001 roku ukaza\u0142a si\u0119 pierwsza autorska p\u0142yta pianisty \u201eYearning\u201c nagrana wsp\u00f3lnie z Adamem Kowalewskim na kontrabasie i \u0141ukaszem \u017byt\u0105 na perkusji. Ju\u017c wtedy prasa nie szcz\u0119dzi\u0142a ciep\u0142ych s\u0142\u00f3w: \u201eTo jeden z najciekawszych debiutanckich album\u00f3w. Trio z\u0142o\u017cone z m\u0142odych polskich muzyk\u00f3w zbudowa\u0142o nastr\u00f3j godny najwi\u0119kszych osi\u0105gni\u0119\u0107 w swym gatunku\u201d (Jazz Forum 11.2001). W 2006 roku ukaza\u0142a si\u0119 druga p\u0142yta \u201ePiano Trio\u201d (z \u0141ukaszem \u017byt\u0105 na perkusji i Micha\u0142em Bara\u0144skim na kontrabasie). W pa\u017adzierniku 2009 roku nak\u0142adem renomowanej wytw\u00f3rni Fresh Sound Records ukaza\u0142a si\u0119 trzecia, najnowsza p\u0142yta tria pianisty zatytu\u0142owana \u201eChildren\u2019s Episodes\u201d. P\u0142yta wydana zosta\u0142a w serii New Talent, w kt\u00f3rej mo\u017cna znale\u017a\u0107 takie nazwiska, jak Brad Mehldau, Kurt Rosenwinkel czy Chris Cheek. Warto nadmieni\u0107, \u017ce Piotr Wyle\u017co\u0142 jest pierwszym Polakiem, kt\u00f3ry dosta\u0142 si\u0119 do tego zaszczytnego grona. P\u0142yta ta zosta\u0142a r\u00f3wnie\u017c nominowana do nagrody Fryderyk 2010 w kategorii Jazzowy Album Roku. W dyskografii Piotra Wyle\u017co\u0142a jako lidera, poza studyjnymi p\u0142ytami tria, znajduj\u0105 si\u0119 r\u00f3wnie\u017c dwa albumy koncertowe. Pierwszy to \u201eQuintet Live\u201c, kt\u00f3ry ukaza\u0142 si\u0119 w 2010 roku z\u00a0go\u015bcinnym udzia\u0142em Adama Piero\u0144czyka (sax) oraz Davida Doruzki (git.), oraz zarejestrowany podczas festiwalu Jazz w Gdyni recital na dwa fortepiany ze S\u0142awkiem Jasku\u0142ke i wydany pod nazw\u0105 \u201eDuoDram\u201d. Ostatni autorski album pianisty zosta\u0142 wydany nak\u0142adem wydawnictwa Hevhetia w 2014 roku. Nosi tytu\u0142 \u201cImproludes\u201d i jest pierwszym albumem solo piano w dorobku artysty. Piotr Wyle\u017co\u0142 podczas dotychczasowej obecno\u015bci na profesjonalnej scenie jazzowej mia\u0142 okazj\u0119 wsp\u00f3\u0142pracowa\u0107 z wieloma jej osobisto\u015bciami, w\u015br\u00f3d kt\u00f3rych znajdziemy takie nazwiska jak: Billy Hart, Janusz Muniak, Tomasz Szukalski, Jaros\u0142aw \u015amietana, Tomasz Sta\u0144ko, Jan Ptaszyn Wr\u00f3blewski, Grzegorz Nag\u00f3rski, Andrzej Cudzich, Adam Piero\u0144czyk, Gary Bartz, John Purcell, Urszula Dudziak, Mika Urbaniak, Marek Ba\u0142ata, Ewa Bem, Piotr Baron, Antymos Apostolis, Nigel Kennedy, Steve Logan, Monty Watters, Bennie Maupin, Janis Siegel, Stephen Riley i inni. W latach 2005 - 2012 regularnie wsp\u00f3\u0142pracowa\u0142 z Nigelem Kennedy\u2019m, bior\u0105c udzia\u0142 w jego autorskich projektach, a tak\u017ce koncertach muzyki klasycznej, m.in. jako klawesynista w repertuarze J.S.Bacha czy A.Vivaldiego. Do dnia dzisiejszego Piotr Wyle\u017co\u0142 wyst\u0119powa\u0142 na wielu koncertach i festiwalach w Polsce oraz kilkudziesi\u0119ciu krajach \u015bwiata. Poza p\u0142ytami nagranymi jako lider i wsp\u00f3\u0142lider,\u00a0 uczestniczy\u0142 w nagraniach kilkudziesi\u0119ciu album\u00f3w z innymi artystami i liczba ta stale ro\u015bnie. Od pa\u017adziernika 2007 prowadzi klas\u0119 fortepianu w Katedrze Jazzu i Muzyki Wsp\u00f3\u0142czesnej Akademii Muzycznej w Krakowie. Na tej\u017ce uczelni w 2011 roku uzyska\u0142 tytu\u0142 doktora sztuki. Strona oficjalna","og_url":"https:\/\/www.amuz.krakow.pl\/letnia-akademia-muzyczna\/wykaz-kursow\/jazz\/piotr-wylezol-fortepian-jazzowy\/","og_site_name":"Akademia Muzyczna im. Krzysztofa Pendereckiego w Krakowie","article_publisher":"https:\/\/www.facebook.com\/amuz.krakow","article_modified_time":"2026-04-08T11:38:11+00:00","og_image":[{"width":2947,"height":2079,"url":"https:\/\/www.amuz.krakow.pl\/wp-content\/uploads\/2016\/02\/Wyle\u017co\u0142-Piotr.jpg","type":"image\/jpeg"}],"twitter_card":"summary_large_image","twitter_misc":{"Est. reading time":"3 minutes"},"schema":{"@context":"https:\/\/schema.org","@graph":[{"@type":"WebPage","@id":"https:\/\/www.amuz.krakow.pl\/letnia-akademia-muzyczna\/wykaz-kursow\/jazz\/piotr-wylezol-fortepian-jazzowy\/","url":"https:\/\/www.amuz.krakow.pl\/letnia-akademia-muzyczna\/wykaz-kursow\/jazz\/piotr-wylezol-fortepian-jazzowy\/","name":"AMKP - Akademia Muzyczna im. Krzysztofa Pendereckiego w Krakowie","isPartOf":{"@id":"https:\/\/www.amuz.krakow.pl\/#website"},"primaryImageOfPage":{"@id":"https:\/\/www.amuz.krakow.pl\/letnia-akademia-muzyczna\/wykaz-kursow\/jazz\/piotr-wylezol-fortepian-jazzowy\/#primaryimage"},"image":{"@id":"https:\/\/www.amuz.krakow.pl\/letnia-akademia-muzyczna\/wykaz-kursow\/jazz\/piotr-wylezol-fortepian-jazzowy\/#primaryimage"},"thumbnailUrl":"https:\/\/www.amuz.krakow.pl\/wp-content\/uploads\/2023\/02\/Piotr-Wylezol-fot.-Alicja-Dybowska_kafelek-scaled.jpg","datePublished":"2017-03-10T21:24:18+00:00","dateModified":"2026-04-08T11:38:11+00:00","breadcrumb":{"@id":"https:\/\/www.amuz.krakow.pl\/letnia-akademia-muzyczna\/wykaz-kursow\/jazz\/piotr-wylezol-fortepian-jazzowy\/#breadcrumb"},"inLanguage":"en-US","potentialAction":[{"@type":"ReadAction","target":["https:\/\/www.amuz.krakow.pl\/letnia-akademia-muzyczna\/wykaz-kursow\/jazz\/piotr-wylezol-fortepian-jazzowy\/"]}]},{"@type":"ImageObject","inLanguage":"en-US","@id":"https:\/\/www.amuz.krakow.pl\/letnia-akademia-muzyczna\/wykaz-kursow\/jazz\/piotr-wylezol-fortepian-jazzowy\/#primaryimage","url":"https:\/\/www.amuz.krakow.pl\/wp-content\/uploads\/2023\/02\/Piotr-Wylezol-fot.-Alicja-Dybowska_kafelek-scaled.jpg","contentUrl":"https:\/\/www.amuz.krakow.pl\/wp-content\/uploads\/2023\/02\/Piotr-Wylezol-fot.-Alicja-Dybowska_kafelek-scaled.jpg","width":2048,"height":1236},{"@type":"BreadcrumbList","@id":"https:\/\/www.amuz.krakow.pl\/letnia-akademia-muzyczna\/wykaz-kursow\/jazz\/piotr-wylezol-fortepian-jazzowy\/#breadcrumb","itemListElement":[{"@type":"ListItem","position":1,"name":"Strona g\u0142\u00f3wna","item":"https:\/\/www.amuz.krakow.pl\/"},{"@type":"ListItem","position":2,"name":"Letnia Akademia Muzyczna","item":"https:\/\/www.amuz.krakow.pl\/letnia-akademia-muzyczna\/"},{"@type":"ListItem","position":3,"name":"Wykaz kurs\u00f3w","item":"https:\/\/www.amuz.krakow.pl\/letnia-akademia-muzyczna\/wykaz-kursow\/"},{"@type":"ListItem","position":4,"name":"Jazz","item":"https:\/\/www.amuz.krakow.pl\/letnia-akademia-muzyczna\/wykaz-kursow\/jazz\/"},{"@type":"ListItem","position":5,"name":"Piotr Wyle\u017co\u0142 &#8211; fortepian jazzowy"}]},{"@type":"WebSite","@id":"https:\/\/www.amuz.krakow.pl\/#website","url":"https:\/\/www.amuz.krakow.pl\/","name":"Akademia Muzyczna im. Krzysztofa Pendereckiego w Krakowie","description":"Oficjalna strona Akademii Muzycznej im. Krzysztofa Pendereckiego w Krakowie (AMKP).","publisher":{"@id":"https:\/\/www.amuz.krakow.pl\/#organization"},"alternateName":"AMKP","potentialAction":[{"@type":"SearchAction","target":{"@type":"EntryPoint","urlTemplate":"https:\/\/www.amuz.krakow.pl\/?s={search_term_string}"},"query-input":{"@type":"PropertyValueSpecification","valueRequired":true,"valueName":"search_term_string"}}],"inLanguage":"en-US"},{"@type":"Organization","@id":"https:\/\/www.amuz.krakow.pl\/#organization","name":"Akademia Muzyczna im. Krzysztofa Pendereckiego w Krakowie","alternateName":"AMKP","url":"https:\/\/www.amuz.krakow.pl\/","logo":{"@type":"ImageObject","inLanguage":"en-US","@id":"https:\/\/www.amuz.krakow.pl\/#\/schema\/logo\/image\/","url":"https:\/\/www.amuz.krakow.pl\/wp-content\/uploads\/2021\/11\/amkp.jpg","contentUrl":"https:\/\/www.amuz.krakow.pl\/wp-content\/uploads\/2021\/11\/amkp.jpg","width":1193,"height":591,"caption":"Akademia Muzyczna im. Krzysztofa Pendereckiego w Krakowie"},"image":{"@id":"https:\/\/www.amuz.krakow.pl\/#\/schema\/logo\/image\/"},"sameAs":["https:\/\/www.facebook.com\/amuz.krakow","https:\/\/www.instagram.com\/amkpenderecki\/","https:\/\/www.youtube.com\/@amkpenderecki4806"]}]}},"_links":{"self":[{"href":"https:\/\/www.amuz.krakow.pl\/en\/wp-json\/wp\/v2\/pages\/15320","targetHints":{"allow":["GET"]}}],"collection":[{"href":"https:\/\/www.amuz.krakow.pl\/en\/wp-json\/wp\/v2\/pages"}],"about":[{"href":"https:\/\/www.amuz.krakow.pl\/en\/wp-json\/wp\/v2\/types\/page"}],"author":[{"embeddable":true,"href":"https:\/\/www.amuz.krakow.pl\/en\/wp-json\/wp\/v2\/users\/72"}],"replies":[{"embeddable":true,"href":"https:\/\/www.amuz.krakow.pl\/en\/wp-json\/wp\/v2\/comments?post=15320"}],"version-history":[{"count":8,"href":"https:\/\/www.amuz.krakow.pl\/en\/wp-json\/wp\/v2\/pages\/15320\/revisions"}],"predecessor-version":[{"id":71557,"href":"https:\/\/www.amuz.krakow.pl\/en\/wp-json\/wp\/v2\/pages\/15320\/revisions\/71557"}],"up":[{"embeddable":true,"href":"https:\/\/www.amuz.krakow.pl\/en\/wp-json\/wp\/v2\/pages\/47061"}],"wp:featuredmedia":[{"embeddable":true,"href":"https:\/\/www.amuz.krakow.pl\/en\/wp-json\/wp\/v2\/media\/71456"}],"wp:attachment":[{"href":"https:\/\/www.amuz.krakow.pl\/en\/wp-json\/wp\/v2\/media?parent=15320"}],"curies":[{"name":"wp","href":"https:\/\/api.w.org\/{rel}","templated":true}]}}