{"id":1508,"date":"2016-02-14T23:33:57","date_gmt":"2016-02-14T22:33:57","guid":{"rendered":"http:\/\/strony.amuz.krakow.pl\/?page_id=1508"},"modified":"2020-09-27T17:05:50","modified_gmt":"2020-09-27T15:05:50","slug":"mgr-klaudia-romek","status":"publish","type":"page","link":"https:\/\/www.amuz.krakow.pl\/en\/wydzialy\/wydzial-i-tworczosci-interpretacji-i-edukacji-muzycznej\/katedra-choralistyki\/pracownicy\/mgr-klaudia-romek\/","title":{"rendered":"mgr Klaudia Romek"},"content":{"rendered":"<p><\/p>\n<p style=\"text-align: justify;\"><a href=\"https:\/\/www.amuz.krakow.pl\/wp-content\/uploads\/2016\/02\/Klaudia-Romek-zdj\u0119cie-do-CV-Akademii-Muzycznej.jpg\"><img loading=\"lazy\" decoding=\"async\" class=\"alignleft wp-image-7996 \" src=\"https:\/\/www.amuz.krakow.pl\/wp-content\/uploads\/2016\/02\/Klaudia-Romek-zdj\u0119cie-do-CV-Akademii-Muzycznej-270x300.jpg\" alt=\"Romek Klaudia\" width=\"200\" height=\"222\" srcset=\"https:\/\/www.amuz.krakow.pl\/wp-content\/uploads\/2016\/02\/Klaudia-Romek-zdj\u0119cie-do-CV-Akademii-Muzycznej-270x300.jpg 270w, https:\/\/www.amuz.krakow.pl\/wp-content\/uploads\/2016\/02\/Klaudia-Romek-zdj\u0119cie-do-CV-Akademii-Muzycznej-768x852.jpg 768w, https:\/\/www.amuz.krakow.pl\/wp-content\/uploads\/2016\/02\/Klaudia-Romek-zdj\u0119cie-do-CV-Akademii-Muzycznej-923x1024.jpg 923w, https:\/\/www.amuz.krakow.pl\/wp-content\/uploads\/2016\/02\/Klaudia-Romek-zdj\u0119cie-do-CV-Akademii-Muzycznej.jpg 1794w\" sizes=\"auto, (max-width: 200px) 100vw, 200px\" \/><\/a>Alumna of the Karol Lipi\u0144ski Academy of Music in Wroc\u0142aw. Romek was studying in the Vocal Faculty, in the master-class of professor Irena Torbus.<\/p>\n<p style=\"text-align: justify;\">After finishing her studies she became a member of the Capella Cracoviensis Madrigalists Ensemble, then she started to collaborate with Krakow Philharmonic Choir. As a member of this two companies she took part in numerous tours around Europe (inter alia: Germany, Italy, France, Swiss, England), USA and Japan.<\/p>\n<p style=\"text-align: justify;\">Romek specializes in oratorio and cantata music and often performs solo parts in pieces such \u201cSt John Passion\u201d, \u201cChristmas Oratorio\u201d, \u201cMass in B-minor\u201d (by J. S. Bach), \u201cRequiem\u201d by W. A. Mozart, \u201cMessiah\u201d by G.\u00a0F\u00a0 Handel and many others. Collaborating with conductors like V. Ponkin, T. Struga\u0142a, St. Ga\u0142o\u0144ski, St. Krawczy\u0144ski, R. Bader, Romek had an opportunity to perform in many important concert halls, like Wigmore Hall in London.<\/p>\n<p style=\"text-align: justify;\">In 1992 she performed Susanna in \u201cThe Marriage of Figaro\u201d by Mozart, staged by Capella Cracoviensis Ensemble. The opera was shown on the stage of the Krakow Opera, and later during the USA tour.<\/p>\n<p style=\"text-align: justify;\">She participated also in numerous music festivals, inter alia: Wratislavia Cantans, Muzyka w Starym Krakowie, Musica Antiqua Festival in Stary S\u0105cz, Telemann Festival in Magdeburg, Bach Festival in Wroc\u0142aw.<\/p>\n<p style=\"text-align: justify;\">Romek has also been recording in the studio, radio and television. She took part, among others, in recording the album with music by D. Milhaud, as a soloist. The disc was awarded with two prestige prizes: Grand Prix du Disque and Diapason d\u2019Or.<\/p>\n<p style=\"text-align: justify;\">Besides work in the ensembles Romek gives concerts individually.<\/p>\n<p style=\"text-align: justify;\">In 2005 she was honoured with the Silver Cross of Merit by the President of Polish Republic, for her music activity.<\/p>\n<p style=\"text-align: justify;\">Romek works as a teacher of voice emission in the Institute of Choral Conducting, Music Education and Dalcroze Technique in Krakow Music Academy, being the Head of Voice Emission Theachers Team.<\/p>\n<p><a href=\"mailto:klaudia.romek@amuz.krakow.pl\">klaudia.romek@amuz.krakow.pl<\/a><\/p>","protected":false},"excerpt":{"rendered":"<p>Alumna of the Karol Lipi\u0144ski Academy of Music in Wroc\u0142aw. Romek was studying in the Vocal Faculty, in the master-class of professor Irena Torbus. After finishing her studies she became&hellip; <a href=\"https:\/\/www.amuz.krakow.pl\/en\/wydzialy\/wydzial-i-tworczosci-interpretacji-i-edukacji-muzycznej\/katedra-choralistyki\/pracownicy\/mgr-klaudia-romek\/\">Continue reading<\/a><\/p>\n","protected":false},"author":72,"featured_media":0,"parent":33645,"menu_order":34,"comment_status":"closed","ping_status":"closed","template":"","meta":{"footnotes":"","_links_to":"","_links_to_target":""},"class_list":["post-1508","page","type-page","status-publish","hentry"],"yoast_head":"<!-- This site is optimized with the Yoast SEO plugin v27.2 - https:\/\/yoast.com\/product\/yoast-seo-wordpress\/ -->\n<title>AMKP - Akademia Muzyczna im. Krzysztofa Pendereckiego w Krakowie<\/title>\n<meta name=\"robots\" content=\"index, follow, max-snippet:-1, max-image-preview:large, max-video-preview:-1\" \/>\n<link rel=\"canonical\" href=\"https:\/\/www.amuz.krakow.pl\/wydzialy\/wydzial-i-tworczosci-interpretacji-i-edukacji-muzycznej\/katedra-choralistyki\/pracownicy\/mgr-klaudia-romek\/\" \/>\n<meta property=\"og:locale\" content=\"en_US\" \/>\n<meta property=\"og:type\" content=\"article\" \/>\n<meta property=\"og:title\" content=\"AMKP - Akademia Muzyczna im. Krzysztofa Pendereckiego w Krakowie\" \/>\n<meta property=\"og:description\" content=\"Alumna of the Karol Lipi\u0144ski Academy of Music in Wroc\u0142aw. Romek was studying in the Vocal Faculty, in the master-class of professor Irena Torbus. After finishing her studies she became&hellip; Continue reading\" \/>\n<meta property=\"og:url\" content=\"https:\/\/www.amuz.krakow.pl\/wydzialy\/wydzial-i-tworczosci-interpretacji-i-edukacji-muzycznej\/katedra-choralistyki\/pracownicy\/mgr-klaudia-romek\/\" \/>\n<meta property=\"og:site_name\" content=\"Akademia Muzyczna im. Krzysztofa Pendereckiego w Krakowie\" \/>\n<meta property=\"article:publisher\" content=\"https:\/\/www.facebook.com\/amuz.krakow\" \/>\n<meta property=\"article:modified_time\" content=\"2020-09-27T15:05:50+00:00\" \/>\n<meta property=\"og:image\" content=\"https:\/\/www.amuz.krakow.pl\/wp-content\/uploads\/2021\/11\/amkp.jpg\" \/>\n\t<meta property=\"og:image:width\" content=\"1193\" \/>\n\t<meta property=\"og:image:height\" content=\"591\" \/>\n\t<meta property=\"og:image:type\" content=\"image\/jpeg\" \/>\n<meta name=\"twitter:card\" content=\"summary_large_image\" \/>\n<meta name=\"twitter:label1\" content=\"Est. reading time\" \/>\n\t<meta name=\"twitter:data1\" content=\"3 minutes\" \/>\n<script type=\"application\/ld+json\" class=\"yoast-schema-graph\">{\"@context\":\"https:\/\/schema.org\",\"@graph\":[{\"@type\":\"WebPage\",\"@id\":\"https:\/\/www.amuz.krakow.pl\/wydzialy\/wydzial-i-tworczosci-interpretacji-i-edukacji-muzycznej\/katedra-choralistyki\/pracownicy\/mgr-klaudia-romek\/\",\"url\":\"https:\/\/www.amuz.krakow.pl\/wydzialy\/wydzial-i-tworczosci-interpretacji-i-edukacji-muzycznej\/katedra-choralistyki\/pracownicy\/mgr-klaudia-romek\/\",\"name\":\"AMKP - Akademia Muzyczna im. Krzysztofa Pendereckiego w Krakowie\",\"isPartOf\":{\"@id\":\"https:\/\/www.amuz.krakow.pl\/#website\"},\"datePublished\":\"2016-02-14T22:33:57+00:00\",\"dateModified\":\"2020-09-27T15:05:50+00:00\",\"breadcrumb\":{\"@id\":\"https:\/\/www.amuz.krakow.pl\/wydzialy\/wydzial-i-tworczosci-interpretacji-i-edukacji-muzycznej\/katedra-choralistyki\/pracownicy\/mgr-klaudia-romek\/#breadcrumb\"},\"inLanguage\":\"en-US\",\"potentialAction\":[{\"@type\":\"ReadAction\",\"target\":[\"https:\/\/www.amuz.krakow.pl\/wydzialy\/wydzial-i-tworczosci-interpretacji-i-edukacji-muzycznej\/katedra-choralistyki\/pracownicy\/mgr-klaudia-romek\/\"]}]},{\"@type\":\"BreadcrumbList\",\"@id\":\"https:\/\/www.amuz.krakow.pl\/wydzialy\/wydzial-i-tworczosci-interpretacji-i-edukacji-muzycznej\/katedra-choralistyki\/pracownicy\/mgr-klaudia-romek\/#breadcrumb\",\"itemListElement\":[{\"@type\":\"ListItem\",\"position\":1,\"name\":\"Strona g\u0142\u00f3wna\",\"item\":\"https:\/\/www.amuz.krakow.pl\/\"},{\"@type\":\"ListItem\",\"position\":2,\"name\":\"WYDZIA\u0141Y\",\"item\":\"https:\/\/www.amuz.krakow.pl\/wydzialy\/\"},{\"@type\":\"ListItem\",\"position\":3,\"name\":\"Wydzia\u0142 Tw\u00f3rczo\u015bci, Interpretacji i Edukacji Muzycznej\",\"item\":\"https:\/\/www.amuz.krakow.pl\/wydzialy\/wydzial-i-tworczosci-interpretacji-i-edukacji-muzycznej\/\"},{\"@type\":\"ListItem\",\"position\":4,\"name\":\"Katedra Ch\u00f3ralistyki\",\"item\":\"https:\/\/www.amuz.krakow.pl\/wydzialy\/wydzial-i-tworczosci-interpretacji-i-edukacji-muzycznej\/katedra-choralistyki\/\"},{\"@type\":\"ListItem\",\"position\":5,\"name\":\"Pracownicy Katedry\",\"item\":\"https:\/\/www.amuz.krakow.pl\/wydzialy\/wydzial-i-tworczosci-interpretacji-i-edukacji-muzycznej\/katedra-choralistyki\/pracownicy\/\"},{\"@type\":\"ListItem\",\"position\":6,\"name\":\"mgr Klaudia Romek\"}]},{\"@type\":\"WebSite\",\"@id\":\"https:\/\/www.amuz.krakow.pl\/#website\",\"url\":\"https:\/\/www.amuz.krakow.pl\/\",\"name\":\"Akademia Muzyczna im. Krzysztofa Pendereckiego w Krakowie\",\"description\":\"Oficjalna strona Akademii Muzycznej im. Krzysztofa Pendereckiego w Krakowie (AMKP).\",\"publisher\":{\"@id\":\"https:\/\/www.amuz.krakow.pl\/#organization\"},\"alternateName\":\"AMKP\",\"potentialAction\":[{\"@type\":\"SearchAction\",\"target\":{\"@type\":\"EntryPoint\",\"urlTemplate\":\"https:\/\/www.amuz.krakow.pl\/?s={search_term_string}\"},\"query-input\":{\"@type\":\"PropertyValueSpecification\",\"valueRequired\":true,\"valueName\":\"search_term_string\"}}],\"inLanguage\":\"en-US\"},{\"@type\":\"Organization\",\"@id\":\"https:\/\/www.amuz.krakow.pl\/#organization\",\"name\":\"Akademia Muzyczna im. Krzysztofa Pendereckiego w Krakowie\",\"alternateName\":\"AMKP\",\"url\":\"https:\/\/www.amuz.krakow.pl\/\",\"logo\":{\"@type\":\"ImageObject\",\"inLanguage\":\"en-US\",\"@id\":\"https:\/\/www.amuz.krakow.pl\/#\/schema\/logo\/image\/\",\"url\":\"https:\/\/www.amuz.krakow.pl\/wp-content\/uploads\/2021\/11\/amkp.jpg\",\"contentUrl\":\"https:\/\/www.amuz.krakow.pl\/wp-content\/uploads\/2021\/11\/amkp.jpg\",\"width\":1193,\"height\":591,\"caption\":\"Akademia Muzyczna im. Krzysztofa Pendereckiego w Krakowie\"},\"image\":{\"@id\":\"https:\/\/www.amuz.krakow.pl\/#\/schema\/logo\/image\/\"},\"sameAs\":[\"https:\/\/www.facebook.com\/amuz.krakow\",\"https:\/\/www.instagram.com\/amkpenderecki\/\",\"https:\/\/www.youtube.com\/@amkpenderecki4806\"]}]}<\/script>\n<!-- \/ Yoast SEO plugin. -->","yoast_head_json":{"title":"AMKP - Akademia Muzyczna im. Krzysztofa Pendereckiego w Krakowie","robots":{"index":"index","follow":"follow","max-snippet":"max-snippet:-1","max-image-preview":"max-image-preview:large","max-video-preview":"max-video-preview:-1"},"canonical":"https:\/\/www.amuz.krakow.pl\/wydzialy\/wydzial-i-tworczosci-interpretacji-i-edukacji-muzycznej\/katedra-choralistyki\/pracownicy\/mgr-klaudia-romek\/","og_locale":"en_US","og_type":"article","og_title":"AMKP - Akademia Muzyczna im. Krzysztofa Pendereckiego w Krakowie","og_description":"Alumna of the Karol Lipi\u0144ski Academy of Music in Wroc\u0142aw. Romek was studying in the Vocal Faculty, in the master-class of professor Irena Torbus. After finishing her studies she became&hellip; Continue reading","og_url":"https:\/\/www.amuz.krakow.pl\/wydzialy\/wydzial-i-tworczosci-interpretacji-i-edukacji-muzycznej\/katedra-choralistyki\/pracownicy\/mgr-klaudia-romek\/","og_site_name":"Akademia Muzyczna im. Krzysztofa Pendereckiego w Krakowie","article_publisher":"https:\/\/www.facebook.com\/amuz.krakow","article_modified_time":"2020-09-27T15:05:50+00:00","og_image":[{"width":1193,"height":591,"url":"https:\/\/www.amuz.krakow.pl\/wp-content\/uploads\/2021\/11\/amkp.jpg","type":"image\/jpeg"}],"twitter_card":"summary_large_image","twitter_misc":{"Est. reading time":"3 minutes"},"schema":{"@context":"https:\/\/schema.org","@graph":[{"@type":"WebPage","@id":"https:\/\/www.amuz.krakow.pl\/wydzialy\/wydzial-i-tworczosci-interpretacji-i-edukacji-muzycznej\/katedra-choralistyki\/pracownicy\/mgr-klaudia-romek\/","url":"https:\/\/www.amuz.krakow.pl\/wydzialy\/wydzial-i-tworczosci-interpretacji-i-edukacji-muzycznej\/katedra-choralistyki\/pracownicy\/mgr-klaudia-romek\/","name":"AMKP - Akademia Muzyczna im. Krzysztofa Pendereckiego w Krakowie","isPartOf":{"@id":"https:\/\/www.amuz.krakow.pl\/#website"},"datePublished":"2016-02-14T22:33:57+00:00","dateModified":"2020-09-27T15:05:50+00:00","breadcrumb":{"@id":"https:\/\/www.amuz.krakow.pl\/wydzialy\/wydzial-i-tworczosci-interpretacji-i-edukacji-muzycznej\/katedra-choralistyki\/pracownicy\/mgr-klaudia-romek\/#breadcrumb"},"inLanguage":"en-US","potentialAction":[{"@type":"ReadAction","target":["https:\/\/www.amuz.krakow.pl\/wydzialy\/wydzial-i-tworczosci-interpretacji-i-edukacji-muzycznej\/katedra-choralistyki\/pracownicy\/mgr-klaudia-romek\/"]}]},{"@type":"BreadcrumbList","@id":"https:\/\/www.amuz.krakow.pl\/wydzialy\/wydzial-i-tworczosci-interpretacji-i-edukacji-muzycznej\/katedra-choralistyki\/pracownicy\/mgr-klaudia-romek\/#breadcrumb","itemListElement":[{"@type":"ListItem","position":1,"name":"Strona g\u0142\u00f3wna","item":"https:\/\/www.amuz.krakow.pl\/"},{"@type":"ListItem","position":2,"name":"WYDZIA\u0141Y","item":"https:\/\/www.amuz.krakow.pl\/wydzialy\/"},{"@type":"ListItem","position":3,"name":"Wydzia\u0142 Tw\u00f3rczo\u015bci, Interpretacji i Edukacji Muzycznej","item":"https:\/\/www.amuz.krakow.pl\/wydzialy\/wydzial-i-tworczosci-interpretacji-i-edukacji-muzycznej\/"},{"@type":"ListItem","position":4,"name":"Katedra Ch\u00f3ralistyki","item":"https:\/\/www.amuz.krakow.pl\/wydzialy\/wydzial-i-tworczosci-interpretacji-i-edukacji-muzycznej\/katedra-choralistyki\/"},{"@type":"ListItem","position":5,"name":"Pracownicy Katedry","item":"https:\/\/www.amuz.krakow.pl\/wydzialy\/wydzial-i-tworczosci-interpretacji-i-edukacji-muzycznej\/katedra-choralistyki\/pracownicy\/"},{"@type":"ListItem","position":6,"name":"mgr Klaudia Romek"}]},{"@type":"WebSite","@id":"https:\/\/www.amuz.krakow.pl\/#website","url":"https:\/\/www.amuz.krakow.pl\/","name":"Akademia Muzyczna im. Krzysztofa Pendereckiego w Krakowie","description":"Oficjalna strona Akademii Muzycznej im. Krzysztofa Pendereckiego w Krakowie (AMKP).","publisher":{"@id":"https:\/\/www.amuz.krakow.pl\/#organization"},"alternateName":"AMKP","potentialAction":[{"@type":"SearchAction","target":{"@type":"EntryPoint","urlTemplate":"https:\/\/www.amuz.krakow.pl\/?s={search_term_string}"},"query-input":{"@type":"PropertyValueSpecification","valueRequired":true,"valueName":"search_term_string"}}],"inLanguage":"en-US"},{"@type":"Organization","@id":"https:\/\/www.amuz.krakow.pl\/#organization","name":"Akademia Muzyczna im. Krzysztofa Pendereckiego w Krakowie","alternateName":"AMKP","url":"https:\/\/www.amuz.krakow.pl\/","logo":{"@type":"ImageObject","inLanguage":"en-US","@id":"https:\/\/www.amuz.krakow.pl\/#\/schema\/logo\/image\/","url":"https:\/\/www.amuz.krakow.pl\/wp-content\/uploads\/2021\/11\/amkp.jpg","contentUrl":"https:\/\/www.amuz.krakow.pl\/wp-content\/uploads\/2021\/11\/amkp.jpg","width":1193,"height":591,"caption":"Akademia Muzyczna im. Krzysztofa Pendereckiego w Krakowie"},"image":{"@id":"https:\/\/www.amuz.krakow.pl\/#\/schema\/logo\/image\/"},"sameAs":["https:\/\/www.facebook.com\/amuz.krakow","https:\/\/www.instagram.com\/amkpenderecki\/","https:\/\/www.youtube.com\/@amkpenderecki4806"]}]}},"_links":{"self":[{"href":"https:\/\/www.amuz.krakow.pl\/en\/wp-json\/wp\/v2\/pages\/1508","targetHints":{"allow":["GET"]}}],"collection":[{"href":"https:\/\/www.amuz.krakow.pl\/en\/wp-json\/wp\/v2\/pages"}],"about":[{"href":"https:\/\/www.amuz.krakow.pl\/en\/wp-json\/wp\/v2\/types\/page"}],"author":[{"embeddable":true,"href":"https:\/\/www.amuz.krakow.pl\/en\/wp-json\/wp\/v2\/users\/72"}],"replies":[{"embeddable":true,"href":"https:\/\/www.amuz.krakow.pl\/en\/wp-json\/wp\/v2\/comments?post=1508"}],"version-history":[{"count":2,"href":"https:\/\/www.amuz.krakow.pl\/en\/wp-json\/wp\/v2\/pages\/1508\/revisions"}],"predecessor-version":[{"id":41361,"href":"https:\/\/www.amuz.krakow.pl\/en\/wp-json\/wp\/v2\/pages\/1508\/revisions\/41361"}],"up":[{"embeddable":true,"href":"https:\/\/www.amuz.krakow.pl\/en\/wp-json\/wp\/v2\/pages\/33645"}],"wp:attachment":[{"href":"https:\/\/www.amuz.krakow.pl\/en\/wp-json\/wp\/v2\/media?parent=1508"}],"curies":[{"name":"wp","href":"https:\/\/api.w.org\/{rel}","templated":true}]}}