{"id":15047,"date":"2017-03-01T22:15:26","date_gmt":"2017-03-01T21:15:26","guid":{"rendered":"https:\/\/www.amuz.krakow.pl\/?page_id=15047"},"modified":"2026-04-01T16:10:10","modified_gmt":"2026-04-01T14:10:10","slug":"wladislaw-winokurow-skrzypce","status":"publish","type":"page","link":"https:\/\/www.amuz.krakow.pl\/en\/letnia-akademia-muzyczna\/wykaz-kursow\/instrumenty-smyczkowe\/wladislaw-winokurow-skrzypce\/","title":{"rendered":"Wladislaw Winokurow &#8211; violin"},"content":{"rendered":"<p><\/p>\n<p style=\"text-align: justify;\"><a href=\"https:\/\/www.amuz.krakow.pl\/wp-content\/uploads\/2017\/03\/036.jpg\"><img loading=\"lazy\" decoding=\"async\" class=\"alignleft wp-image-15048\" src=\"https:\/\/www.amuz.krakow.pl\/wp-content\/uploads\/2017\/03\/036-200x300.jpg\" alt=\"\" width=\"191\" height=\"287\" srcset=\"https:\/\/www.amuz.krakow.pl\/wp-content\/uploads\/2017\/03\/036-200x300.jpg 200w, https:\/\/www.amuz.krakow.pl\/wp-content\/uploads\/2017\/03\/036.jpg 599w\" sizes=\"auto, (max-width: 191px) 100vw, 191px\" \/><\/a><\/p>\n<p style=\"text-align: justify;\">Wladislaw Winokurow (born in 1980 in Kiew, Ukrain) came into contact with music at a very young age: he was born into a family of musicians and received his first musical education through his father at the age of five. At the age of ten he gained important experience as a soloist with the Kiev Chamber Orchestra.<\/p>\n<p style=\"text-align: justify;\">In 1991 he moved to Austria where he studied at the University of Music and Performing Arts in Vienna in the class of Prof. Boris Kuschnir, graduating with distinction.<\/p>\n<p style=\"text-align: justify;\">Wladislaw Winokurow is the founder and the first violin of the Gliere String Quartet. After having been rewarded a first prize at the International Beethoven Competition in 2012 he has been invited to numerous international festivals and has an active concert schedule.<\/p>\n<p style=\"text-align: justify;\">Regular cooperation with the Vienna Symphony Orchestra, Vienna Concert-Verein (Ensemble of the Vienna Symphony Orchestra), Vienna Classical Players (Ensemble of the Vienna Symphony Orchestra), Vienna String Soloists (Ensemble of the Vienna Philharmonic Orchestra), Strauss Festival Orchestra, etc.<\/p>\n<p style=\"text-align: justify;\">In 2010 he was appointed as a teacher at the School of Music Margareten where he teaches violin classes. From 2012 until 2013 he was a Senior Lecturer (substitute for preparatory class) at the University of Music and Performing Arts in Graz. Successes since 2010 include first prizes at numerous national and international competitions, such as Bravo Concours (Concours Grumiaux, Belgium), Vasa Prihoda Competition (Czech Republic), Vienna Festival (Austria), Prima La Musica (Solo and Chamber Music) etc. Teaching activity at national and international master classes, such as the Wieniawski Society Masterclasses (Poland). Jury member at Prima La Musica.<\/p>\n<p style=\"text-align: justify;\">Founder and chairman of the Art and Culture Association which focuses on the promotion of music among youths.<\/p>\n<p style=\"text-align: justify;\">Artistic director of the self-initiated master class \u201cCultural Worlds Master Class\u201d.<\/p>\n<p style=\"text-align: justify;\">Since 2015 speaker of the specialist group for high strings at the School of Music Vienna.<\/p>\n<p><\/p>","protected":false},"excerpt":{"rendered":"<p>Wladislaw Winokurow (born in 1980 in Kiew, Ukrain) came into contact with music at a very young age: he was born into a family of musicians and received his first&hellip; <a href=\"https:\/\/www.amuz.krakow.pl\/en\/letnia-akademia-muzyczna\/wykaz-kursow\/instrumenty-smyczkowe\/wladislaw-winokurow-skrzypce\/\">Continue reading<\/a><\/p>\n","protected":false},"author":72,"featured_media":0,"parent":47052,"menu_order":8,"comment_status":"closed","ping_status":"closed","template":"","meta":{"footnotes":"","_links_to":"","_links_to_target":""},"class_list":["post-15047","page","type-page","status-publish","hentry"],"yoast_head":"<!-- This site is optimized with the Yoast SEO plugin v27.4 - https:\/\/yoast.com\/product\/yoast-seo-wordpress\/ -->\n<title>AMKP - Akademia Muzyczna im. Krzysztofa Pendereckiego w Krakowie<\/title>\n<meta name=\"robots\" content=\"index, follow, max-snippet:-1, max-image-preview:large, max-video-preview:-1\" \/>\n<link rel=\"canonical\" href=\"https:\/\/www.amuz.krakow.pl\/letnia-akademia-muzyczna\/wykaz-kursow\/instrumenty-smyczkowe\/wladislaw-winokurow-skrzypce\/\" \/>\n<meta property=\"og:locale\" content=\"en_US\" \/>\n<meta property=\"og:type\" content=\"article\" \/>\n<meta property=\"og:title\" content=\"Wladislaw Winokurow - skrzypce\" \/>\n<meta property=\"og:description\" content=\"Wladislaw Winokurow (urodzony w 1980 roku w Kijowie, na Ukrainie) mia\u0142 kontakt z muzyk\u0105 od najm\u0142odszych lat: urodzi\u0142 si\u0119 w rodzinie muzyk\u00f3w i dzi\u0119ki swojemu ojcu rozpocz\u0105\u0142 nauk\u0119 muzyki w wieku pi\u0119ciu lat. Kiedy mia\u0142 dziesi\u0119\u0107 lat zdoby\u0142 cenne do\u015bwiadczenie jako solista w Kijowskiej Orkiestrze Kameralnej. W roku 1991 przeni\u00f3s\u0142 si\u0119 do Austrii, gdzie studiowa\u0142 na University of Music and Performing Arts w Wiedniu w klasie profesora Borisa Kuschnira i uko\u0144czy\u0142 t\u0119 uczelni\u0119 z wyr\u00f3\u017cnieniem. Wladislaw Winokurow jest za\u0142o\u017cycielem i pierwszym skrzypkiem kwartetu smyczkowego Gliere String Quartet. Od czasu zdobycia pierwszej nagrody na Mi\u0119dzynarodowym Konkursie Beethovenowskim w roku 2012 jest zapraszany na liczne festiwale mi\u0119dzynarodowe i ma wype\u0142niony grafik koncertowy. Regularnie wsp\u00f3\u0142pracuje z Wiede\u0144sk\u0105 Orkiestr\u0105 Symfoniczn\u0105, Vienna Concert-Verein (Zespo\u0142em Wiede\u0144skiej Orkiestry Symfonicznej), Wiede\u0144skimi Muzykami Klasycznymi (Zespo\u0142em Wiede\u0144skiej Orkiestry Symfonicznej), Wiede\u0144skimi Solistami Smyczkowymi (Zespo\u0142em Orkiestry Filharmonik\u00f3w Wiede\u0144skich), Strauss Festival Orchestra, itp. W 2010 roku zosta\u0142 wyk\u0142adowc\u0105 Szko\u0142y Muzycznej Margareten, gdzie prowadzi zaj\u0119cia ze skrzypiec. Od 2012 do 2013 roku by\u0142 starszym wyk\u0142adowc\u0105 (zast\u0119pc\u0105 na zaj\u0119ciach przygotowawczych) na University of Music and Performing Arts w Grazu. Od roku 2010 ma na swoim koncie wiele sukces\u00f3w, w tym pierwsze nagrody na licznych konkursach krajowych i mi\u0119dzynarodowych, takich jak Bravo Concours (Concours Grumiaux, Belgia), Vasa Prihoda Competition (Czechy), Vienna Festival (Austria), Prima La Musica (Muzyka Solowa i Kameralna), itp. Prowadzi kursy mistrzowskie na poziomie krajowym i mi\u0119dzynarodowym, na przyk\u0142ad w Towarzystwie im. Wieniawskiego (Polska). Cz\u0142onek jury na Prima La Musica. Za\u0142o\u017cyciel i przewodnicz\u0105cy Towarzystwa Artystyczno-Kulturalnego zajmuj\u0105cego si\u0119 promocj\u0105 muzyki w\u015br\u00f3d m\u0142odzie\u017cy. Dyrektor artystyczny uruchomionego przez siebie kursu mistrzowskiego \u201cCultural Worlds Master Class\u201d. Od roku 2015 jest wyk\u0142adowc\u0105 w specjalistycznej grupie smyczkowej w Szkole Muzyki w Wiedniu.\" \/>\n<meta property=\"og:url\" content=\"https:\/\/www.amuz.krakow.pl\/letnia-akademia-muzyczna\/wykaz-kursow\/instrumenty-smyczkowe\/wladislaw-winokurow-skrzypce\/\" \/>\n<meta property=\"og:site_name\" content=\"Akademia Muzyczna im. Krzysztofa Pendereckiego w Krakowie\" \/>\n<meta property=\"article:publisher\" content=\"https:\/\/www.facebook.com\/amuz.krakow\" \/>\n<meta property=\"article:modified_time\" content=\"2026-04-01T14:10:10+00:00\" \/>\n<meta property=\"og:image\" content=\"https:\/\/www.amuz.krakow.pl\/wp-content\/uploads\/2019\/07\/Wladislaw-Winokurow.jpg\" \/>\n\t<meta property=\"og:image:width\" content=\"599\" \/>\n\t<meta property=\"og:image:height\" content=\"900\" \/>\n\t<meta property=\"og:image:type\" content=\"image\/jpeg\" \/>\n<meta name=\"twitter:card\" content=\"summary_large_image\" \/>\n<meta name=\"twitter:label1\" content=\"Est. reading time\" \/>\n\t<meta name=\"twitter:data1\" content=\"2 minutes\" \/>\n<script type=\"application\/ld+json\" class=\"yoast-schema-graph\">{\"@context\":\"https:\\\/\\\/schema.org\",\"@graph\":[{\"@type\":\"WebPage\",\"@id\":\"https:\\\/\\\/www.amuz.krakow.pl\\\/letnia-akademia-muzyczna\\\/wykaz-kursow\\\/instrumenty-smyczkowe\\\/wladislaw-winokurow-skrzypce\\\/\",\"url\":\"https:\\\/\\\/www.amuz.krakow.pl\\\/letnia-akademia-muzyczna\\\/wykaz-kursow\\\/instrumenty-smyczkowe\\\/wladislaw-winokurow-skrzypce\\\/\",\"name\":\"AMKP - Akademia Muzyczna im. Krzysztofa Pendereckiego w Krakowie\",\"isPartOf\":{\"@id\":\"https:\\\/\\\/www.amuz.krakow.pl\\\/#website\"},\"primaryImageOfPage\":{\"@id\":\"https:\\\/\\\/www.amuz.krakow.pl\\\/letnia-akademia-muzyczna\\\/wykaz-kursow\\\/instrumenty-smyczkowe\\\/wladislaw-winokurow-skrzypce\\\/#primaryimage\"},\"image\":{\"@id\":\"https:\\\/\\\/www.amuz.krakow.pl\\\/letnia-akademia-muzyczna\\\/wykaz-kursow\\\/instrumenty-smyczkowe\\\/wladislaw-winokurow-skrzypce\\\/#primaryimage\"},\"thumbnailUrl\":\"https:\\\/\\\/www.amuz.krakow.pl\\\/wp-content\\\/uploads\\\/2019\\\/07\\\/Wladislaw-Winokurow-200x300.jpg\",\"datePublished\":\"2017-03-01T21:15:26+00:00\",\"dateModified\":\"2026-04-01T14:10:10+00:00\",\"breadcrumb\":{\"@id\":\"https:\\\/\\\/www.amuz.krakow.pl\\\/letnia-akademia-muzyczna\\\/wykaz-kursow\\\/instrumenty-smyczkowe\\\/wladislaw-winokurow-skrzypce\\\/#breadcrumb\"},\"inLanguage\":\"en-US\",\"potentialAction\":[{\"@type\":\"ReadAction\",\"target\":[\"https:\\\/\\\/www.amuz.krakow.pl\\\/letnia-akademia-muzyczna\\\/wykaz-kursow\\\/instrumenty-smyczkowe\\\/wladislaw-winokurow-skrzypce\\\/\"]}]},{\"@type\":\"ImageObject\",\"inLanguage\":\"en-US\",\"@id\":\"https:\\\/\\\/www.amuz.krakow.pl\\\/letnia-akademia-muzyczna\\\/wykaz-kursow\\\/instrumenty-smyczkowe\\\/wladislaw-winokurow-skrzypce\\\/#primaryimage\",\"url\":\"https:\\\/\\\/www.amuz.krakow.pl\\\/wp-content\\\/uploads\\\/2019\\\/07\\\/Wladislaw-Winokurow-200x300.jpg\",\"contentUrl\":\"https:\\\/\\\/www.amuz.krakow.pl\\\/wp-content\\\/uploads\\\/2019\\\/07\\\/Wladislaw-Winokurow-200x300.jpg\"},{\"@type\":\"BreadcrumbList\",\"@id\":\"https:\\\/\\\/www.amuz.krakow.pl\\\/letnia-akademia-muzyczna\\\/wykaz-kursow\\\/instrumenty-smyczkowe\\\/wladislaw-winokurow-skrzypce\\\/#breadcrumb\",\"itemListElement\":[{\"@type\":\"ListItem\",\"position\":1,\"name\":\"Strona g\u0142\u00f3wna\",\"item\":\"https:\\\/\\\/www.amuz.krakow.pl\\\/\"},{\"@type\":\"ListItem\",\"position\":2,\"name\":\"Letnia Akademia Muzyczna\",\"item\":\"https:\\\/\\\/www.amuz.krakow.pl\\\/letnia-akademia-muzyczna\\\/\"},{\"@type\":\"ListItem\",\"position\":3,\"name\":\"Wykaz kurs\u00f3w\",\"item\":\"https:\\\/\\\/www.amuz.krakow.pl\\\/letnia-akademia-muzyczna\\\/wykaz-kursow\\\/\"},{\"@type\":\"ListItem\",\"position\":4,\"name\":\"Instrumenty strunowe\",\"item\":\"https:\\\/\\\/www.amuz.krakow.pl\\\/letnia-akademia-muzyczna\\\/wykaz-kursow\\\/instrumenty-smyczkowe\\\/\"},{\"@type\":\"ListItem\",\"position\":5,\"name\":\"Wladislaw Winokurow &#8211; skrzypce\"}]},{\"@type\":\"WebSite\",\"@id\":\"https:\\\/\\\/www.amuz.krakow.pl\\\/#website\",\"url\":\"https:\\\/\\\/www.amuz.krakow.pl\\\/\",\"name\":\"Akademia Muzyczna im. Krzysztofa Pendereckiego w Krakowie\",\"description\":\"Oficjalna strona Akademii Muzycznej im. Krzysztofa Pendereckiego w Krakowie (AMKP).\",\"publisher\":{\"@id\":\"https:\\\/\\\/www.amuz.krakow.pl\\\/#organization\"},\"alternateName\":\"AMKP\",\"potentialAction\":[{\"@type\":\"SearchAction\",\"target\":{\"@type\":\"EntryPoint\",\"urlTemplate\":\"https:\\\/\\\/www.amuz.krakow.pl\\\/?s={search_term_string}\"},\"query-input\":{\"@type\":\"PropertyValueSpecification\",\"valueRequired\":true,\"valueName\":\"search_term_string\"}}],\"inLanguage\":\"en-US\"},{\"@type\":\"Organization\",\"@id\":\"https:\\\/\\\/www.amuz.krakow.pl\\\/#organization\",\"name\":\"Akademia Muzyczna im. Krzysztofa Pendereckiego w Krakowie\",\"alternateName\":\"AMKP\",\"url\":\"https:\\\/\\\/www.amuz.krakow.pl\\\/\",\"logo\":{\"@type\":\"ImageObject\",\"inLanguage\":\"en-US\",\"@id\":\"https:\\\/\\\/www.amuz.krakow.pl\\\/#\\\/schema\\\/logo\\\/image\\\/\",\"url\":\"https:\\\/\\\/www.amuz.krakow.pl\\\/wp-content\\\/uploads\\\/2021\\\/11\\\/amkp.jpg\",\"contentUrl\":\"https:\\\/\\\/www.amuz.krakow.pl\\\/wp-content\\\/uploads\\\/2021\\\/11\\\/amkp.jpg\",\"width\":1193,\"height\":591,\"caption\":\"Akademia Muzyczna im. Krzysztofa Pendereckiego w Krakowie\"},\"image\":{\"@id\":\"https:\\\/\\\/www.amuz.krakow.pl\\\/#\\\/schema\\\/logo\\\/image\\\/\"},\"sameAs\":[\"https:\\\/\\\/www.facebook.com\\\/amuz.krakow\",\"https:\\\/\\\/www.instagram.com\\\/amkpenderecki\\\/\",\"https:\\\/\\\/www.youtube.com\\\/@amkpenderecki4806\"]}]}<\/script>\n<!-- \/ Yoast SEO plugin. -->","yoast_head_json":{"title":"AMKP - Akademia Muzyczna im. Krzysztofa Pendereckiego w Krakowie","robots":{"index":"index","follow":"follow","max-snippet":"max-snippet:-1","max-image-preview":"max-image-preview:large","max-video-preview":"max-video-preview:-1"},"canonical":"https:\/\/www.amuz.krakow.pl\/letnia-akademia-muzyczna\/wykaz-kursow\/instrumenty-smyczkowe\/wladislaw-winokurow-skrzypce\/","og_locale":"en_US","og_type":"article","og_title":"Wladislaw Winokurow - skrzypce","og_description":"Wladislaw Winokurow (urodzony w 1980 roku w Kijowie, na Ukrainie) mia\u0142 kontakt z muzyk\u0105 od najm\u0142odszych lat: urodzi\u0142 si\u0119 w rodzinie muzyk\u00f3w i dzi\u0119ki swojemu ojcu rozpocz\u0105\u0142 nauk\u0119 muzyki w wieku pi\u0119ciu lat. Kiedy mia\u0142 dziesi\u0119\u0107 lat zdoby\u0142 cenne do\u015bwiadczenie jako solista w Kijowskiej Orkiestrze Kameralnej. W roku 1991 przeni\u00f3s\u0142 si\u0119 do Austrii, gdzie studiowa\u0142 na University of Music and Performing Arts w Wiedniu w klasie profesora Borisa Kuschnira i uko\u0144czy\u0142 t\u0119 uczelni\u0119 z wyr\u00f3\u017cnieniem. Wladislaw Winokurow jest za\u0142o\u017cycielem i pierwszym skrzypkiem kwartetu smyczkowego Gliere String Quartet. Od czasu zdobycia pierwszej nagrody na Mi\u0119dzynarodowym Konkursie Beethovenowskim w roku 2012 jest zapraszany na liczne festiwale mi\u0119dzynarodowe i ma wype\u0142niony grafik koncertowy. Regularnie wsp\u00f3\u0142pracuje z Wiede\u0144sk\u0105 Orkiestr\u0105 Symfoniczn\u0105, Vienna Concert-Verein (Zespo\u0142em Wiede\u0144skiej Orkiestry Symfonicznej), Wiede\u0144skimi Muzykami Klasycznymi (Zespo\u0142em Wiede\u0144skiej Orkiestry Symfonicznej), Wiede\u0144skimi Solistami Smyczkowymi (Zespo\u0142em Orkiestry Filharmonik\u00f3w Wiede\u0144skich), Strauss Festival Orchestra, itp. W 2010 roku zosta\u0142 wyk\u0142adowc\u0105 Szko\u0142y Muzycznej Margareten, gdzie prowadzi zaj\u0119cia ze skrzypiec. Od 2012 do 2013 roku by\u0142 starszym wyk\u0142adowc\u0105 (zast\u0119pc\u0105 na zaj\u0119ciach przygotowawczych) na University of Music and Performing Arts w Grazu. Od roku 2010 ma na swoim koncie wiele sukces\u00f3w, w tym pierwsze nagrody na licznych konkursach krajowych i mi\u0119dzynarodowych, takich jak Bravo Concours (Concours Grumiaux, Belgia), Vasa Prihoda Competition (Czechy), Vienna Festival (Austria), Prima La Musica (Muzyka Solowa i Kameralna), itp. Prowadzi kursy mistrzowskie na poziomie krajowym i mi\u0119dzynarodowym, na przyk\u0142ad w Towarzystwie im. Wieniawskiego (Polska). Cz\u0142onek jury na Prima La Musica. Za\u0142o\u017cyciel i przewodnicz\u0105cy Towarzystwa Artystyczno-Kulturalnego zajmuj\u0105cego si\u0119 promocj\u0105 muzyki w\u015br\u00f3d m\u0142odzie\u017cy. Dyrektor artystyczny uruchomionego przez siebie kursu mistrzowskiego \u201cCultural Worlds Master Class\u201d. Od roku 2015 jest wyk\u0142adowc\u0105 w specjalistycznej grupie smyczkowej w Szkole Muzyki w Wiedniu.","og_url":"https:\/\/www.amuz.krakow.pl\/letnia-akademia-muzyczna\/wykaz-kursow\/instrumenty-smyczkowe\/wladislaw-winokurow-skrzypce\/","og_site_name":"Akademia Muzyczna im. Krzysztofa Pendereckiego w Krakowie","article_publisher":"https:\/\/www.facebook.com\/amuz.krakow","article_modified_time":"2026-04-01T14:10:10+00:00","og_image":[{"width":599,"height":900,"url":"https:\/\/www.amuz.krakow.pl\/wp-content\/uploads\/2019\/07\/Wladislaw-Winokurow.jpg","type":"image\/jpeg"}],"twitter_card":"summary_large_image","twitter_misc":{"Est. reading time":"2 minutes"},"schema":{"@context":"https:\/\/schema.org","@graph":[{"@type":"WebPage","@id":"https:\/\/www.amuz.krakow.pl\/letnia-akademia-muzyczna\/wykaz-kursow\/instrumenty-smyczkowe\/wladislaw-winokurow-skrzypce\/","url":"https:\/\/www.amuz.krakow.pl\/letnia-akademia-muzyczna\/wykaz-kursow\/instrumenty-smyczkowe\/wladislaw-winokurow-skrzypce\/","name":"AMKP - Akademia Muzyczna im. Krzysztofa Pendereckiego w Krakowie","isPartOf":{"@id":"https:\/\/www.amuz.krakow.pl\/#website"},"primaryImageOfPage":{"@id":"https:\/\/www.amuz.krakow.pl\/letnia-akademia-muzyczna\/wykaz-kursow\/instrumenty-smyczkowe\/wladislaw-winokurow-skrzypce\/#primaryimage"},"image":{"@id":"https:\/\/www.amuz.krakow.pl\/letnia-akademia-muzyczna\/wykaz-kursow\/instrumenty-smyczkowe\/wladislaw-winokurow-skrzypce\/#primaryimage"},"thumbnailUrl":"https:\/\/www.amuz.krakow.pl\/wp-content\/uploads\/2019\/07\/Wladislaw-Winokurow-200x300.jpg","datePublished":"2017-03-01T21:15:26+00:00","dateModified":"2026-04-01T14:10:10+00:00","breadcrumb":{"@id":"https:\/\/www.amuz.krakow.pl\/letnia-akademia-muzyczna\/wykaz-kursow\/instrumenty-smyczkowe\/wladislaw-winokurow-skrzypce\/#breadcrumb"},"inLanguage":"en-US","potentialAction":[{"@type":"ReadAction","target":["https:\/\/www.amuz.krakow.pl\/letnia-akademia-muzyczna\/wykaz-kursow\/instrumenty-smyczkowe\/wladislaw-winokurow-skrzypce\/"]}]},{"@type":"ImageObject","inLanguage":"en-US","@id":"https:\/\/www.amuz.krakow.pl\/letnia-akademia-muzyczna\/wykaz-kursow\/instrumenty-smyczkowe\/wladislaw-winokurow-skrzypce\/#primaryimage","url":"https:\/\/www.amuz.krakow.pl\/wp-content\/uploads\/2019\/07\/Wladislaw-Winokurow-200x300.jpg","contentUrl":"https:\/\/www.amuz.krakow.pl\/wp-content\/uploads\/2019\/07\/Wladislaw-Winokurow-200x300.jpg"},{"@type":"BreadcrumbList","@id":"https:\/\/www.amuz.krakow.pl\/letnia-akademia-muzyczna\/wykaz-kursow\/instrumenty-smyczkowe\/wladislaw-winokurow-skrzypce\/#breadcrumb","itemListElement":[{"@type":"ListItem","position":1,"name":"Strona g\u0142\u00f3wna","item":"https:\/\/www.amuz.krakow.pl\/"},{"@type":"ListItem","position":2,"name":"Letnia Akademia Muzyczna","item":"https:\/\/www.amuz.krakow.pl\/letnia-akademia-muzyczna\/"},{"@type":"ListItem","position":3,"name":"Wykaz kurs\u00f3w","item":"https:\/\/www.amuz.krakow.pl\/letnia-akademia-muzyczna\/wykaz-kursow\/"},{"@type":"ListItem","position":4,"name":"Instrumenty strunowe","item":"https:\/\/www.amuz.krakow.pl\/letnia-akademia-muzyczna\/wykaz-kursow\/instrumenty-smyczkowe\/"},{"@type":"ListItem","position":5,"name":"Wladislaw Winokurow &#8211; skrzypce"}]},{"@type":"WebSite","@id":"https:\/\/www.amuz.krakow.pl\/#website","url":"https:\/\/www.amuz.krakow.pl\/","name":"Akademia Muzyczna im. Krzysztofa Pendereckiego w Krakowie","description":"Oficjalna strona Akademii Muzycznej im. Krzysztofa Pendereckiego w Krakowie (AMKP).","publisher":{"@id":"https:\/\/www.amuz.krakow.pl\/#organization"},"alternateName":"AMKP","potentialAction":[{"@type":"SearchAction","target":{"@type":"EntryPoint","urlTemplate":"https:\/\/www.amuz.krakow.pl\/?s={search_term_string}"},"query-input":{"@type":"PropertyValueSpecification","valueRequired":true,"valueName":"search_term_string"}}],"inLanguage":"en-US"},{"@type":"Organization","@id":"https:\/\/www.amuz.krakow.pl\/#organization","name":"Akademia Muzyczna im. Krzysztofa Pendereckiego w Krakowie","alternateName":"AMKP","url":"https:\/\/www.amuz.krakow.pl\/","logo":{"@type":"ImageObject","inLanguage":"en-US","@id":"https:\/\/www.amuz.krakow.pl\/#\/schema\/logo\/image\/","url":"https:\/\/www.amuz.krakow.pl\/wp-content\/uploads\/2021\/11\/amkp.jpg","contentUrl":"https:\/\/www.amuz.krakow.pl\/wp-content\/uploads\/2021\/11\/amkp.jpg","width":1193,"height":591,"caption":"Akademia Muzyczna im. Krzysztofa Pendereckiego w Krakowie"},"image":{"@id":"https:\/\/www.amuz.krakow.pl\/#\/schema\/logo\/image\/"},"sameAs":["https:\/\/www.facebook.com\/amuz.krakow","https:\/\/www.instagram.com\/amkpenderecki\/","https:\/\/www.youtube.com\/@amkpenderecki4806"]}]}},"_links":{"self":[{"href":"https:\/\/www.amuz.krakow.pl\/en\/wp-json\/wp\/v2\/pages\/15047","targetHints":{"allow":["GET"]}}],"collection":[{"href":"https:\/\/www.amuz.krakow.pl\/en\/wp-json\/wp\/v2\/pages"}],"about":[{"href":"https:\/\/www.amuz.krakow.pl\/en\/wp-json\/wp\/v2\/types\/page"}],"author":[{"embeddable":true,"href":"https:\/\/www.amuz.krakow.pl\/en\/wp-json\/wp\/v2\/users\/72"}],"replies":[{"embeddable":true,"href":"https:\/\/www.amuz.krakow.pl\/en\/wp-json\/wp\/v2\/comments?post=15047"}],"version-history":[{"count":5,"href":"https:\/\/www.amuz.krakow.pl\/en\/wp-json\/wp\/v2\/pages\/15047\/revisions"}],"predecessor-version":[{"id":117713,"href":"https:\/\/www.amuz.krakow.pl\/en\/wp-json\/wp\/v2\/pages\/15047\/revisions\/117713"}],"up":[{"embeddable":true,"href":"https:\/\/www.amuz.krakow.pl\/en\/wp-json\/wp\/v2\/pages\/47052"}],"wp:attachment":[{"href":"https:\/\/www.amuz.krakow.pl\/en\/wp-json\/wp\/v2\/media?parent=15047"}],"curies":[{"name":"wp","href":"https:\/\/api.w.org\/{rel}","templated":true}]}}