{"id":1460,"date":"2016-02-14T23:16:33","date_gmt":"2016-02-14T22:16:33","guid":{"rendered":"http:\/\/strony.amuz.krakow.pl\/?page_id=1460"},"modified":"2024-10-31T09:45:22","modified_gmt":"2024-10-31T08:45:22","slug":"dr-hab-maciej-tworek","status":"publish","type":"page","link":"https:\/\/www.amuz.krakow.pl\/en\/wydzialy\/wydzial-i-tworczosci-interpretacji-i-edukacji-muzycznej\/katedra-dyrygentury\/pracownicy\/dr-hab-maciej-tworek\/","title":{"rendered":"prof. dr hab. Maciej Tworek"},"content":{"rendered":"<p><figure id=\"attachment_48019\" aria-describedby=\"caption-attachment-48019\" style=\"width: 300px\" class=\"wp-caption alignleft\"><a href=\"https:\/\/www.amuz.krakow.pl\/wp-content\/uploads\/2021\/03\/MACIEJ_TWOREK_68-zmn-fot.-Bartek-Barczyk-scaled.jpg\" target=\"_blank\" rel=\"attachment noopener wp-att-48019\"><img loading=\"lazy\" decoding=\"async\" class=\"wp-image-48019 size-medium\" src=\"https:\/\/www.amuz.krakow.pl\/wp-content\/uploads\/2021\/03\/MACIEJ_TWOREK_68-zmn-fot.-Bartek-Barczyk-300x200.jpg\" alt=\"\" width=\"300\" height=\"200\" srcset=\"https:\/\/www.amuz.krakow.pl\/wp-content\/uploads\/2021\/03\/MACIEJ_TWOREK_68-zmn-fot.-Bartek-Barczyk-300x200.jpg 300w, https:\/\/www.amuz.krakow.pl\/wp-content\/uploads\/2021\/03\/MACIEJ_TWOREK_68-zmn-fot.-Bartek-Barczyk-scaled.jpg 2048w, https:\/\/www.amuz.krakow.pl\/wp-content\/uploads\/2021\/03\/MACIEJ_TWOREK_68-zmn-fot.-Bartek-Barczyk-768x512.jpg 768w, https:\/\/www.amuz.krakow.pl\/wp-content\/uploads\/2021\/03\/MACIEJ_TWOREK_68-zmn-fot.-Bartek-Barczyk-1536x1024.jpg 1536w\" sizes=\"auto, (max-width: 300px) 100vw, 300px\" \/><\/a><figcaption id=\"caption-attachment-48019\" class=\"wp-caption-text\">photo by Bartek Barczyk<\/figcaption><\/figure><\/p>\n<p style=\"text-align: justify;\">Maciej Tworek studied piano under prof. Jan Hoffman and choral studies and conducting under prof. J\u00f3zef Radwan at the Academy of Music in Krak\u00f3w. A participant in master classes by conductors such as Helmuth Rilling, Roger Norrington and Kurt Masur, he was assistant conductor to Valery Gergiev and Lorin Maazel.<\/p>\n<p style=\"text-align: justify;\">In 2005-12, Maciej Tworek conducted the Capella Cracoviensis. In 2002 he began a conducting collaboration with Krzysztof Penderecki, which lasts to this day. It has come to fruition in numerous projects, including the recording of Penderecki&#8217;s complete symphonies and instrumental concerts with the Sinfonia Iuventus Orchestra, conducting the Violin Concerto No. 2 &#8220;Metamorphosen&#8221; with soloist Anne-Sophie Mutter and the Rundfunk-Sinfonieorchester Berlin in 2018, and the ensuing tour of China with Anne-Sophie Mutter and Sinfonia Varsovia orchestra.<\/p>\n<p style=\"text-align: justify;\">Tworek has performed in Europe, Asia, and both North and South America, conducting the Hilliard Ensemble, the Polish National Radio Symphony Orchestra in Katowice, Deutsche Radio Philharmonie, NDR Radiophilharmonie, MDR Sinfonieorchester, Orquesta Sinfonica de Galicia, Czech Radio Symphony Orchestra, New Russia State Symphony Orchestra, Orquesta Sinfonica Simon Bol\u00edvar de Venezuela, Orquesta Sinf\u00f3nica de Bogot\u00e1<em>, <\/em>and Brno Philharmonic.<br \/>\nIn 2019 Mr. Tworek conducted two important concerts with the music of Krzysztof Penderecki: \u201cPolish Requiem\u201d on 1 September 2019, on the occasion of the 80th anniversary of the outbreak of the Second World War, in the presence of the Presidents of Poland and Germany and Vice President of the United States of America, and the Korean premiere of \u201cSt. Luke Passion\u201d \u2013 at the Seoul International Music Festival in October 2019. Recently Maciej Tworek conducted Tonhalle Z\u00fcrich, Dresdner Philharmonie, Oxford Philharmonic Orchestra, Tokyo Metropolitan Symphony Orchestra, Romanian National Radio Orchestra (Enescu Festival), Russian Philharmonic Orchestra, Jerusalem Symphony Orchestra, and KBS Symphony Orchestra.<br \/>\n<em>Maciej Tworek has been represented by the Ludwig van Beethoven Association Artist Management since 2010.<\/em><\/p>\n<p><a href=\"mailto:maciej.tworek@amuz.krakow.pl\">maciej.tworek@amuz.krakow.pl<\/a><\/p>","protected":false},"excerpt":{"rendered":"<p>Maciej Tworek studied piano under prof. Jan Hoffman and choral studies and conducting under prof. J\u00f3zef Radwan at the Academy of Music in Krak\u00f3w. A participant in master classes by&hellip; <a href=\"https:\/\/www.amuz.krakow.pl\/en\/wydzialy\/wydzial-i-tworczosci-interpretacji-i-edukacji-muzycznej\/katedra-dyrygentury\/pracownicy\/dr-hab-maciej-tworek\/\">Continue reading<\/a><\/p>\n","protected":false},"author":72,"featured_media":48019,"parent":33615,"menu_order":-1,"comment_status":"closed","ping_status":"closed","template":"","meta":{"footnotes":"","_links_to":"","_links_to_target":""},"class_list":["post-1460","page","type-page","status-publish","has-post-thumbnail","hentry"],"yoast_head":"<!-- This site is optimized with the Yoast SEO plugin v27.2 - https:\/\/yoast.com\/product\/yoast-seo-wordpress\/ -->\n<title>AMKP - Akademia Muzyczna im. Krzysztofa Pendereckiego w Krakowie<\/title>\n<meta name=\"robots\" content=\"index, follow, max-snippet:-1, max-image-preview:large, max-video-preview:-1\" \/>\n<link rel=\"canonical\" href=\"https:\/\/www.amuz.krakow.pl\/wydzialy\/wydzial-i-tworczosci-interpretacji-i-edukacji-muzycznej\/katedra-dyrygentury\/pracownicy\/dr-hab-maciej-tworek\/\" \/>\n<meta property=\"og:locale\" content=\"en_US\" \/>\n<meta property=\"og:type\" content=\"article\" \/>\n<meta property=\"og:title\" content=\"AMKP - Akademia Muzyczna im. Krzysztofa Pendereckiego w Krakowie\" \/>\n<meta property=\"og:description\" content=\"Maciej Tworek studied piano under prof. Jan Hoffman and choral studies and conducting under prof. J\u00f3zef Radwan at the Academy of Music in Krak\u00f3w. A participant in master classes by&hellip; Continue reading\" \/>\n<meta property=\"og:url\" content=\"https:\/\/www.amuz.krakow.pl\/wydzialy\/wydzial-i-tworczosci-interpretacji-i-edukacji-muzycznej\/katedra-dyrygentury\/pracownicy\/dr-hab-maciej-tworek\/\" \/>\n<meta property=\"og:site_name\" content=\"Akademia Muzyczna im. Krzysztofa Pendereckiego w Krakowie\" \/>\n<meta property=\"article:publisher\" content=\"https:\/\/www.facebook.com\/amuz.krakow\" \/>\n<meta property=\"article:modified_time\" content=\"2024-10-31T08:45:22+00:00\" \/>\n<meta property=\"og:image\" content=\"https:\/\/www.amuz.krakow.pl\/wp-content\/uploads\/2021\/03\/MACIEJ_TWOREK_68-zmn-fot.-Bartek-Barczyk-scaled.jpg\" \/>\n\t<meta property=\"og:image:width\" content=\"2048\" \/>\n\t<meta property=\"og:image:height\" content=\"1365\" \/>\n\t<meta property=\"og:image:type\" content=\"image\/jpeg\" \/>\n<meta name=\"twitter:card\" content=\"summary_large_image\" \/>\n<meta name=\"twitter:label1\" content=\"Est. reading time\" \/>\n\t<meta name=\"twitter:data1\" content=\"3 minutes\" \/>\n<script type=\"application\/ld+json\" class=\"yoast-schema-graph\">{\"@context\":\"https:\/\/schema.org\",\"@graph\":[{\"@type\":\"WebPage\",\"@id\":\"https:\/\/www.amuz.krakow.pl\/wydzialy\/wydzial-i-tworczosci-interpretacji-i-edukacji-muzycznej\/katedra-dyrygentury\/pracownicy\/dr-hab-maciej-tworek\/\",\"url\":\"https:\/\/www.amuz.krakow.pl\/wydzialy\/wydzial-i-tworczosci-interpretacji-i-edukacji-muzycznej\/katedra-dyrygentury\/pracownicy\/dr-hab-maciej-tworek\/\",\"name\":\"AMKP - Akademia Muzyczna im. Krzysztofa Pendereckiego w Krakowie\",\"isPartOf\":{\"@id\":\"https:\/\/www.amuz.krakow.pl\/#website\"},\"primaryImageOfPage\":{\"@id\":\"https:\/\/www.amuz.krakow.pl\/wydzialy\/wydzial-i-tworczosci-interpretacji-i-edukacji-muzycznej\/katedra-dyrygentury\/pracownicy\/dr-hab-maciej-tworek\/#primaryimage\"},\"image\":{\"@id\":\"https:\/\/www.amuz.krakow.pl\/wydzialy\/wydzial-i-tworczosci-interpretacji-i-edukacji-muzycznej\/katedra-dyrygentury\/pracownicy\/dr-hab-maciej-tworek\/#primaryimage\"},\"thumbnailUrl\":\"https:\/\/www.amuz.krakow.pl\/wp-content\/uploads\/2021\/03\/MACIEJ_TWOREK_68-zmn-fot.-Bartek-Barczyk-scaled.jpg\",\"datePublished\":\"2016-02-14T22:16:33+00:00\",\"dateModified\":\"2024-10-31T08:45:22+00:00\",\"breadcrumb\":{\"@id\":\"https:\/\/www.amuz.krakow.pl\/wydzialy\/wydzial-i-tworczosci-interpretacji-i-edukacji-muzycznej\/katedra-dyrygentury\/pracownicy\/dr-hab-maciej-tworek\/#breadcrumb\"},\"inLanguage\":\"en-US\",\"potentialAction\":[{\"@type\":\"ReadAction\",\"target\":[\"https:\/\/www.amuz.krakow.pl\/wydzialy\/wydzial-i-tworczosci-interpretacji-i-edukacji-muzycznej\/katedra-dyrygentury\/pracownicy\/dr-hab-maciej-tworek\/\"]}]},{\"@type\":\"ImageObject\",\"inLanguage\":\"en-US\",\"@id\":\"https:\/\/www.amuz.krakow.pl\/wydzialy\/wydzial-i-tworczosci-interpretacji-i-edukacji-muzycznej\/katedra-dyrygentury\/pracownicy\/dr-hab-maciej-tworek\/#primaryimage\",\"url\":\"https:\/\/www.amuz.krakow.pl\/wp-content\/uploads\/2021\/03\/MACIEJ_TWOREK_68-zmn-fot.-Bartek-Barczyk-scaled.jpg\",\"contentUrl\":\"https:\/\/www.amuz.krakow.pl\/wp-content\/uploads\/2021\/03\/MACIEJ_TWOREK_68-zmn-fot.-Bartek-Barczyk-scaled.jpg\",\"width\":2048,\"height\":1365,\"caption\":\"photo by Bartek Barczyk\"},{\"@type\":\"BreadcrumbList\",\"@id\":\"https:\/\/www.amuz.krakow.pl\/wydzialy\/wydzial-i-tworczosci-interpretacji-i-edukacji-muzycznej\/katedra-dyrygentury\/pracownicy\/dr-hab-maciej-tworek\/#breadcrumb\",\"itemListElement\":[{\"@type\":\"ListItem\",\"position\":1,\"name\":\"Strona g\u0142\u00f3wna\",\"item\":\"https:\/\/www.amuz.krakow.pl\/\"},{\"@type\":\"ListItem\",\"position\":2,\"name\":\"WYDZIA\u0141Y\",\"item\":\"https:\/\/www.amuz.krakow.pl\/wydzialy\/\"},{\"@type\":\"ListItem\",\"position\":3,\"name\":\"Wydzia\u0142 Tw\u00f3rczo\u015bci, Interpretacji i Edukacji Muzycznej\",\"item\":\"https:\/\/www.amuz.krakow.pl\/wydzialy\/wydzial-i-tworczosci-interpretacji-i-edukacji-muzycznej\/\"},{\"@type\":\"ListItem\",\"position\":4,\"name\":\"Department of Conducting\",\"item\":\"https:\/\/www.amuz.krakow.pl\/wydzialy\/wydzial-i-tworczosci-interpretacji-i-edukacji-muzycznej\/katedra-dyrygentury\/\"},{\"@type\":\"ListItem\",\"position\":5,\"name\":\"Academic Staff\",\"item\":\"https:\/\/www.amuz.krakow.pl\/wydzialy\/wydzial-i-tworczosci-interpretacji-i-edukacji-muzycznej\/katedra-dyrygentury\/pracownicy\/\"},{\"@type\":\"ListItem\",\"position\":6,\"name\":\"prof. dr hab. Maciej Tworek\"}]},{\"@type\":\"WebSite\",\"@id\":\"https:\/\/www.amuz.krakow.pl\/#website\",\"url\":\"https:\/\/www.amuz.krakow.pl\/\",\"name\":\"Akademia Muzyczna im. Krzysztofa Pendereckiego w Krakowie\",\"description\":\"Oficjalna strona Akademii Muzycznej im. Krzysztofa Pendereckiego w Krakowie (AMKP).\",\"publisher\":{\"@id\":\"https:\/\/www.amuz.krakow.pl\/#organization\"},\"alternateName\":\"AMKP\",\"potentialAction\":[{\"@type\":\"SearchAction\",\"target\":{\"@type\":\"EntryPoint\",\"urlTemplate\":\"https:\/\/www.amuz.krakow.pl\/?s={search_term_string}\"},\"query-input\":{\"@type\":\"PropertyValueSpecification\",\"valueRequired\":true,\"valueName\":\"search_term_string\"}}],\"inLanguage\":\"en-US\"},{\"@type\":\"Organization\",\"@id\":\"https:\/\/www.amuz.krakow.pl\/#organization\",\"name\":\"Akademia Muzyczna im. Krzysztofa Pendereckiego w Krakowie\",\"alternateName\":\"AMKP\",\"url\":\"https:\/\/www.amuz.krakow.pl\/\",\"logo\":{\"@type\":\"ImageObject\",\"inLanguage\":\"en-US\",\"@id\":\"https:\/\/www.amuz.krakow.pl\/#\/schema\/logo\/image\/\",\"url\":\"https:\/\/www.amuz.krakow.pl\/wp-content\/uploads\/2021\/11\/amkp.jpg\",\"contentUrl\":\"https:\/\/www.amuz.krakow.pl\/wp-content\/uploads\/2021\/11\/amkp.jpg\",\"width\":1193,\"height\":591,\"caption\":\"Akademia Muzyczna im. Krzysztofa Pendereckiego w Krakowie\"},\"image\":{\"@id\":\"https:\/\/www.amuz.krakow.pl\/#\/schema\/logo\/image\/\"},\"sameAs\":[\"https:\/\/www.facebook.com\/amuz.krakow\",\"https:\/\/www.instagram.com\/amkpenderecki\/\",\"https:\/\/www.youtube.com\/@amkpenderecki4806\"]}]}<\/script>\n<!-- \/ Yoast SEO plugin. -->","yoast_head_json":{"title":"AMKP - Akademia Muzyczna im. Krzysztofa Pendereckiego w Krakowie","robots":{"index":"index","follow":"follow","max-snippet":"max-snippet:-1","max-image-preview":"max-image-preview:large","max-video-preview":"max-video-preview:-1"},"canonical":"https:\/\/www.amuz.krakow.pl\/wydzialy\/wydzial-i-tworczosci-interpretacji-i-edukacji-muzycznej\/katedra-dyrygentury\/pracownicy\/dr-hab-maciej-tworek\/","og_locale":"en_US","og_type":"article","og_title":"AMKP - Akademia Muzyczna im. Krzysztofa Pendereckiego w Krakowie","og_description":"Maciej Tworek studied piano under prof. Jan Hoffman and choral studies and conducting under prof. J\u00f3zef Radwan at the Academy of Music in Krak\u00f3w. A participant in master classes by&hellip; Continue reading","og_url":"https:\/\/www.amuz.krakow.pl\/wydzialy\/wydzial-i-tworczosci-interpretacji-i-edukacji-muzycznej\/katedra-dyrygentury\/pracownicy\/dr-hab-maciej-tworek\/","og_site_name":"Akademia Muzyczna im. Krzysztofa Pendereckiego w Krakowie","article_publisher":"https:\/\/www.facebook.com\/amuz.krakow","article_modified_time":"2024-10-31T08:45:22+00:00","og_image":[{"width":2048,"height":1365,"url":"https:\/\/www.amuz.krakow.pl\/wp-content\/uploads\/2021\/03\/MACIEJ_TWOREK_68-zmn-fot.-Bartek-Barczyk-scaled.jpg","type":"image\/jpeg"}],"twitter_card":"summary_large_image","twitter_misc":{"Est. reading time":"3 minutes"},"schema":{"@context":"https:\/\/schema.org","@graph":[{"@type":"WebPage","@id":"https:\/\/www.amuz.krakow.pl\/wydzialy\/wydzial-i-tworczosci-interpretacji-i-edukacji-muzycznej\/katedra-dyrygentury\/pracownicy\/dr-hab-maciej-tworek\/","url":"https:\/\/www.amuz.krakow.pl\/wydzialy\/wydzial-i-tworczosci-interpretacji-i-edukacji-muzycznej\/katedra-dyrygentury\/pracownicy\/dr-hab-maciej-tworek\/","name":"AMKP - Akademia Muzyczna im. Krzysztofa Pendereckiego w Krakowie","isPartOf":{"@id":"https:\/\/www.amuz.krakow.pl\/#website"},"primaryImageOfPage":{"@id":"https:\/\/www.amuz.krakow.pl\/wydzialy\/wydzial-i-tworczosci-interpretacji-i-edukacji-muzycznej\/katedra-dyrygentury\/pracownicy\/dr-hab-maciej-tworek\/#primaryimage"},"image":{"@id":"https:\/\/www.amuz.krakow.pl\/wydzialy\/wydzial-i-tworczosci-interpretacji-i-edukacji-muzycznej\/katedra-dyrygentury\/pracownicy\/dr-hab-maciej-tworek\/#primaryimage"},"thumbnailUrl":"https:\/\/www.amuz.krakow.pl\/wp-content\/uploads\/2021\/03\/MACIEJ_TWOREK_68-zmn-fot.-Bartek-Barczyk-scaled.jpg","datePublished":"2016-02-14T22:16:33+00:00","dateModified":"2024-10-31T08:45:22+00:00","breadcrumb":{"@id":"https:\/\/www.amuz.krakow.pl\/wydzialy\/wydzial-i-tworczosci-interpretacji-i-edukacji-muzycznej\/katedra-dyrygentury\/pracownicy\/dr-hab-maciej-tworek\/#breadcrumb"},"inLanguage":"en-US","potentialAction":[{"@type":"ReadAction","target":["https:\/\/www.amuz.krakow.pl\/wydzialy\/wydzial-i-tworczosci-interpretacji-i-edukacji-muzycznej\/katedra-dyrygentury\/pracownicy\/dr-hab-maciej-tworek\/"]}]},{"@type":"ImageObject","inLanguage":"en-US","@id":"https:\/\/www.amuz.krakow.pl\/wydzialy\/wydzial-i-tworczosci-interpretacji-i-edukacji-muzycznej\/katedra-dyrygentury\/pracownicy\/dr-hab-maciej-tworek\/#primaryimage","url":"https:\/\/www.amuz.krakow.pl\/wp-content\/uploads\/2021\/03\/MACIEJ_TWOREK_68-zmn-fot.-Bartek-Barczyk-scaled.jpg","contentUrl":"https:\/\/www.amuz.krakow.pl\/wp-content\/uploads\/2021\/03\/MACIEJ_TWOREK_68-zmn-fot.-Bartek-Barczyk-scaled.jpg","width":2048,"height":1365,"caption":"photo by Bartek Barczyk"},{"@type":"BreadcrumbList","@id":"https:\/\/www.amuz.krakow.pl\/wydzialy\/wydzial-i-tworczosci-interpretacji-i-edukacji-muzycznej\/katedra-dyrygentury\/pracownicy\/dr-hab-maciej-tworek\/#breadcrumb","itemListElement":[{"@type":"ListItem","position":1,"name":"Strona g\u0142\u00f3wna","item":"https:\/\/www.amuz.krakow.pl\/"},{"@type":"ListItem","position":2,"name":"WYDZIA\u0141Y","item":"https:\/\/www.amuz.krakow.pl\/wydzialy\/"},{"@type":"ListItem","position":3,"name":"Wydzia\u0142 Tw\u00f3rczo\u015bci, Interpretacji i Edukacji Muzycznej","item":"https:\/\/www.amuz.krakow.pl\/wydzialy\/wydzial-i-tworczosci-interpretacji-i-edukacji-muzycznej\/"},{"@type":"ListItem","position":4,"name":"Department of Conducting","item":"https:\/\/www.amuz.krakow.pl\/wydzialy\/wydzial-i-tworczosci-interpretacji-i-edukacji-muzycznej\/katedra-dyrygentury\/"},{"@type":"ListItem","position":5,"name":"Academic Staff","item":"https:\/\/www.amuz.krakow.pl\/wydzialy\/wydzial-i-tworczosci-interpretacji-i-edukacji-muzycznej\/katedra-dyrygentury\/pracownicy\/"},{"@type":"ListItem","position":6,"name":"prof. dr hab. Maciej Tworek"}]},{"@type":"WebSite","@id":"https:\/\/www.amuz.krakow.pl\/#website","url":"https:\/\/www.amuz.krakow.pl\/","name":"Akademia Muzyczna im. Krzysztofa Pendereckiego w Krakowie","description":"Oficjalna strona Akademii Muzycznej im. Krzysztofa Pendereckiego w Krakowie (AMKP).","publisher":{"@id":"https:\/\/www.amuz.krakow.pl\/#organization"},"alternateName":"AMKP","potentialAction":[{"@type":"SearchAction","target":{"@type":"EntryPoint","urlTemplate":"https:\/\/www.amuz.krakow.pl\/?s={search_term_string}"},"query-input":{"@type":"PropertyValueSpecification","valueRequired":true,"valueName":"search_term_string"}}],"inLanguage":"en-US"},{"@type":"Organization","@id":"https:\/\/www.amuz.krakow.pl\/#organization","name":"Akademia Muzyczna im. Krzysztofa Pendereckiego w Krakowie","alternateName":"AMKP","url":"https:\/\/www.amuz.krakow.pl\/","logo":{"@type":"ImageObject","inLanguage":"en-US","@id":"https:\/\/www.amuz.krakow.pl\/#\/schema\/logo\/image\/","url":"https:\/\/www.amuz.krakow.pl\/wp-content\/uploads\/2021\/11\/amkp.jpg","contentUrl":"https:\/\/www.amuz.krakow.pl\/wp-content\/uploads\/2021\/11\/amkp.jpg","width":1193,"height":591,"caption":"Akademia Muzyczna im. Krzysztofa Pendereckiego w Krakowie"},"image":{"@id":"https:\/\/www.amuz.krakow.pl\/#\/schema\/logo\/image\/"},"sameAs":["https:\/\/www.facebook.com\/amuz.krakow","https:\/\/www.instagram.com\/amkpenderecki\/","https:\/\/www.youtube.com\/@amkpenderecki4806"]}]}},"_links":{"self":[{"href":"https:\/\/www.amuz.krakow.pl\/en\/wp-json\/wp\/v2\/pages\/1460","targetHints":{"allow":["GET"]}}],"collection":[{"href":"https:\/\/www.amuz.krakow.pl\/en\/wp-json\/wp\/v2\/pages"}],"about":[{"href":"https:\/\/www.amuz.krakow.pl\/en\/wp-json\/wp\/v2\/types\/page"}],"author":[{"embeddable":true,"href":"https:\/\/www.amuz.krakow.pl\/en\/wp-json\/wp\/v2\/users\/72"}],"replies":[{"embeddable":true,"href":"https:\/\/www.amuz.krakow.pl\/en\/wp-json\/wp\/v2\/comments?post=1460"}],"version-history":[{"count":12,"href":"https:\/\/www.amuz.krakow.pl\/en\/wp-json\/wp\/v2\/pages\/1460\/revisions"}],"predecessor-version":[{"id":91780,"href":"https:\/\/www.amuz.krakow.pl\/en\/wp-json\/wp\/v2\/pages\/1460\/revisions\/91780"}],"up":[{"embeddable":true,"href":"https:\/\/www.amuz.krakow.pl\/en\/wp-json\/wp\/v2\/pages\/33615"}],"wp:featuredmedia":[{"embeddable":true,"href":"https:\/\/www.amuz.krakow.pl\/en\/wp-json\/wp\/v2\/media\/48019"}],"wp:attachment":[{"href":"https:\/\/www.amuz.krakow.pl\/en\/wp-json\/wp\/v2\/media?parent=1460"}],"curies":[{"name":"wp","href":"https:\/\/api.w.org\/{rel}","templated":true}]}}