{"id":14147,"date":"2017-01-24T22:29:45","date_gmt":"2017-01-24T21:29:45","guid":{"rendered":"https:\/\/www.amuz.krakow.pl\/?page_id=14147"},"modified":"2026-04-01T16:05:18","modified_gmt":"2026-04-01T14:05:18","slug":"marek-toporowski-klawesyn","status":"publish","type":"page","link":"https:\/\/www.amuz.krakow.pl\/en\/letnia-akademia-muzyczna\/wykaz-kursow\/instrumenty-klawiszowe\/marek-toporowski-klawesyn\/","title":{"rendered":"Marek Toporowski \u2013 harpsichord"},"content":{"rendered":"<p><figure id=\"attachment_14255\" aria-describedby=\"caption-attachment-14255\" style=\"width: 300px\" class=\"wp-caption aligncenter\"><a href=\"https:\/\/www.amuz.krakow.pl\/wp-content\/uploads\/2017\/01\/DSC_1918.jpg\" target=\"_blank\" rel=\"noopener\"><img loading=\"lazy\" decoding=\"async\" class=\"wp-image-14255 size-medium\" src=\"https:\/\/www.amuz.krakow.pl\/wp-content\/uploads\/2017\/01\/DSC_1918-300x200.jpg\" alt=\"\" width=\"300\" height=\"200\" srcset=\"https:\/\/www.amuz.krakow.pl\/wp-content\/uploads\/2017\/01\/DSC_1918-300x200.jpg 300w, https:\/\/www.amuz.krakow.pl\/wp-content\/uploads\/2017\/01\/DSC_1918-768x513.jpg 768w, https:\/\/www.amuz.krakow.pl\/wp-content\/uploads\/2017\/01\/DSC_1918-1024x684.jpg 1024w\" sizes=\"auto, (max-width: 300px) 100vw, 300px\" \/><\/a><figcaption id=\"caption-attachment-14255\" class=\"wp-caption-text\">photo by Magdalena Ha\u0142as<\/figcaption><\/figure><\/p>\n<p style=\"text-align: justify;\">Among his activities Marek Toporowski is a musician who is active in very many, often extremely diverse, spheres of the musical universe. He is a distinguished soloist of the harpsichord and organ and a chamber musician and conductor. He also performs on the clavichord and historic pianos. Marek graduated from the Academy of Music in Warsaw (organ \u2013 J\u00f3zef Serafin and harpsichord \u2013 Leszek K\u0119dracki). Next he furthered his studies in France (Strasbourg), Germany (Saarbr\u00fccken), and Holland (Amsterdam) under the direction of Aline Zylberajch and Bob van Asperen (harpsichord) and Daniel Roth (organ). He was awarded First Prize of the Conservatory in Strasbourg for organ and harpsichord and the Concert Diploma of the Musikhochschule des Saarlandes for organ. He also owes much to his encounters with the excellent pianist, Kajetan Mochtak. He was awarded 1st prize in the 1st Wanda Landowska National Harpsichord Competition in Krak\u00f3w. In 1991 he founded Concerto Polacco, the group specialising in historical performance. In Warsaw he initiated a regular cycle of Oratorio concerts performed in accordance with historical practice. Many Early Polish musical works have received their first performances and recordings under his direction (the opera \u201eAgatka\u201d by J.D. Holland, the oratorio \u201eChristiani poenitentes ad sepulchrum Domini\u201d by J.T. \u017bebrowski , works by Wronowicz, Cichoszewski and many more). He is the creator of the Silesian Centre for the Preservation of Keyboard Instruments \u2013 FORTEPIANARIUM. For 20 years he has been the co-organiser of the summer course for the Interpretation of Organ Music in Koszalin. He performs in Poland and abroad and has made very many CD recordings in Poland, Germany and France.<\/p>\n<p><\/p>","protected":false},"excerpt":{"rendered":"<p>Among his activities Marek Toporowski is a musician who is active in very many, often extremely diverse, spheres of the musical universe. He is a distinguished soloist of the harpsichord&hellip; <a href=\"https:\/\/www.amuz.krakow.pl\/en\/letnia-akademia-muzyczna\/wykaz-kursow\/instrumenty-klawiszowe\/marek-toporowski-klawesyn\/\">Continue reading<\/a><\/p>\n","protected":false},"author":72,"featured_media":14255,"parent":47050,"menu_order":33,"comment_status":"closed","ping_status":"closed","template":"","meta":{"footnotes":"","_links_to":"","_links_to_target":""},"class_list":["post-14147","page","type-page","status-publish","has-post-thumbnail","hentry"],"yoast_head":"<!-- This site is optimized with the Yoast SEO plugin v27.4 - https:\/\/yoast.com\/product\/yoast-seo-wordpress\/ -->\n<title>AMKP - Akademia Muzyczna im. Krzysztofa Pendereckiego w Krakowie<\/title>\n<meta name=\"robots\" content=\"index, follow, max-snippet:-1, max-image-preview:large, max-video-preview:-1\" \/>\n<link rel=\"canonical\" href=\"https:\/\/www.amuz.krakow.pl\/letnia-akademia-muzyczna\/wykaz-kursow\/instrumenty-klawiszowe\/marek-toporowski-klawesyn\/\" \/>\n<meta property=\"og:locale\" content=\"en_US\" \/>\n<meta property=\"og:type\" content=\"article\" \/>\n<meta property=\"og:title\" content=\"Marek Toporowski - klawesyn\" \/>\n<meta property=\"og:description\" content=\"Marek Toporowski harmonijnie \u0142\u0105czy w swojej dzia\u0142alno\u015bci r\u00f3\u017cne, cz\u0119sto pozornie odleg\u0142e obszary muzyki.\u00a0 Jest cenionym solist\u0105 \u2013 klawesynist\u0105 i organist\u0105, kameralist\u0105 i dyrygentem. Koncertuje r\u00f3wnie\u017c na klawikordzie i historycznych fortepianach. Studia uko\u0144czy\u0142 w Akademii Muzycznej w Warszawie (organy - J\u00f3zef Serafin, klawesyn - Leszek K\u0119dracki). Nast\u0119pnie doskonali\u0142 swe umiej\u0119tno\u015bci we Francji (Strasbourg), Niemczech (Saarbr\u00fccken), i Holandii (Amsterdam) pracuj\u0105c pod kierunkiem Aline Zylberajch i Boba van Asperena (klawesyn) oraz Daniela Rotha (organy). Otrzyma\u0142 Pierwsze Nagrody\u00a0 Konserwatorium w Strasbourgu w dziedzinie organ\u00f3w i klawesynu oraz Dyplom Koncertowy Musikhochschule des Saarlandes (organy). Wiele zawdzi\u0119cza r\u00f3wnie\u017c kontaktowi ze znakomitym pianist\u0105 \u2013 Kajetanem Mochtakiem. Jest laureatem I nagrody I Og\u00f3lnopolskiego Konkursu Klawesynowego im. Wandy Landowskiej w Krakowie (1985). W roku 1991 utworzy\u0142 specjalizuj\u0105cy si\u0119 w historycznym wykonawstwie zesp\u00f3\u0142 Concerto Polacco. Zainicjowa\u0142 w Warszawie regularny cykl koncert\u00f3w muzyki oratoryjnej wykonywanej zgodnie z historyczn\u0105 praktyk\u0105 wykonawcz\u0105. Wiele utwor\u00f3w muzyki staropolskiej zosta\u0142o po raz pierwszy wykonanych b\u0105d\u017a nagranych pod jego batut\u0105 (opera \u201eAgatka\u201d J.D.Hollanda, oratorium \u201eChristiani poenitentes ad sepulchrum Domini\u201d J.T.\u017bebrowskiego , utwory Wronowicza, Cichoszewskiego i in.). Czterokrotnie otrzymywa\u0142 Nagrod\u0119 Fryderyka, a wiele innych p\u0142yt otrzymywa\u0142o nominacje do tej nagrody. Jest tw\u00f3rc\u0105 \u201e\u015al\u0105skiego Centrum Ochrony Instrument\u00f3w Klawiszowych \u2013 FORTEPIANARIUM\u201d. Przez okres 20 lat wsp\u00f3\u0142organizowa\u0142 letni Kurs Interpretacji Muzyki Organowej w Koszalinie. Koncertuje w Polsce i za granic\u0105, dokona\u0142 kilkudziesi\u0119ciu nagra\u0144 p\u0142ytowych w Polsce, Niemczech i we Francji. Jego dzia\u0142alno\u015b\u0107 dydaktyczna przez wiele lat (od 1991 r.) zwi\u0105zana by\u0142a z Akademi\u0105 Muzyczn\u0105 w Katowicach. W uczelni tej stworzy\u0142 klas\u0119 klawesynu zapocz\u0105tkowuj\u0105c w ten spos\u00f3b profesjonaln\u0105 tradycj\u0119 gry na tym instrumencie na G\u00f3rnym \u015al\u0105sku. W latach 2008-12 pe\u0142ni\u0142 funkcj\u0119 prorektora tej uczelni, nast\u0119pnie kierowa\u0142 stworzon\u0105 przez siebie Katedr\u0105 Historycznych Praktyk Wykonawczych (2012-2015). Od 2016 roku zwi\u0105zany jest z Akademi\u0105 Muzyczn\u0105 w Krakowie \u2013 obecnie jako kierownik Katedry Muzyki Dawnej.\" \/>\n<meta property=\"og:url\" content=\"https:\/\/www.amuz.krakow.pl\/letnia-akademia-muzyczna\/wykaz-kursow\/instrumenty-klawiszowe\/marek-toporowski-klawesyn\/\" \/>\n<meta property=\"og:site_name\" content=\"Akademia Muzyczna im. Krzysztofa Pendereckiego w Krakowie\" \/>\n<meta property=\"article:publisher\" content=\"https:\/\/www.facebook.com\/amuz.krakow\" \/>\n<meta property=\"article:modified_time\" content=\"2026-04-01T14:05:18+00:00\" \/>\n<meta property=\"og:image\" content=\"https:\/\/www.amuz.krakow.pl\/wp-content\/uploads\/2017\/01\/DSC_1918-1024x684.jpg\" \/>\n\t<meta property=\"og:image:width\" content=\"1024\" \/>\n\t<meta property=\"og:image:height\" content=\"684\" \/>\n\t<meta property=\"og:image:type\" content=\"image\/jpeg\" \/>\n<meta name=\"twitter:card\" content=\"summary_large_image\" \/>\n<meta name=\"twitter:label1\" content=\"Est. reading time\" \/>\n\t<meta name=\"twitter:data1\" content=\"3 minutes\" \/>\n<script type=\"application\/ld+json\" class=\"yoast-schema-graph\">{\"@context\":\"https:\\\/\\\/schema.org\",\"@graph\":[{\"@type\":\"WebPage\",\"@id\":\"https:\\\/\\\/www.amuz.krakow.pl\\\/letnia-akademia-muzyczna\\\/wykaz-kursow\\\/instrumenty-klawiszowe\\\/marek-toporowski-klawesyn\\\/\",\"url\":\"https:\\\/\\\/www.amuz.krakow.pl\\\/letnia-akademia-muzyczna\\\/wykaz-kursow\\\/instrumenty-klawiszowe\\\/marek-toporowski-klawesyn\\\/\",\"name\":\"AMKP - Akademia Muzyczna im. Krzysztofa Pendereckiego w Krakowie\",\"isPartOf\":{\"@id\":\"https:\\\/\\\/www.amuz.krakow.pl\\\/#website\"},\"primaryImageOfPage\":{\"@id\":\"https:\\\/\\\/www.amuz.krakow.pl\\\/letnia-akademia-muzyczna\\\/wykaz-kursow\\\/instrumenty-klawiszowe\\\/marek-toporowski-klawesyn\\\/#primaryimage\"},\"image\":{\"@id\":\"https:\\\/\\\/www.amuz.krakow.pl\\\/letnia-akademia-muzyczna\\\/wykaz-kursow\\\/instrumenty-klawiszowe\\\/marek-toporowski-klawesyn\\\/#primaryimage\"},\"thumbnailUrl\":\"https:\\\/\\\/www.amuz.krakow.pl\\\/wp-content\\\/uploads\\\/2017\\\/01\\\/DSC_1918.jpg\",\"datePublished\":\"2017-01-24T21:29:45+00:00\",\"dateModified\":\"2026-04-01T14:05:18+00:00\",\"breadcrumb\":{\"@id\":\"https:\\\/\\\/www.amuz.krakow.pl\\\/letnia-akademia-muzyczna\\\/wykaz-kursow\\\/instrumenty-klawiszowe\\\/marek-toporowski-klawesyn\\\/#breadcrumb\"},\"inLanguage\":\"en-US\",\"potentialAction\":[{\"@type\":\"ReadAction\",\"target\":[\"https:\\\/\\\/www.amuz.krakow.pl\\\/letnia-akademia-muzyczna\\\/wykaz-kursow\\\/instrumenty-klawiszowe\\\/marek-toporowski-klawesyn\\\/\"]}]},{\"@type\":\"ImageObject\",\"inLanguage\":\"en-US\",\"@id\":\"https:\\\/\\\/www.amuz.krakow.pl\\\/letnia-akademia-muzyczna\\\/wykaz-kursow\\\/instrumenty-klawiszowe\\\/marek-toporowski-klawesyn\\\/#primaryimage\",\"url\":\"https:\\\/\\\/www.amuz.krakow.pl\\\/wp-content\\\/uploads\\\/2017\\\/01\\\/DSC_1918.jpg\",\"contentUrl\":\"https:\\\/\\\/www.amuz.krakow.pl\\\/wp-content\\\/uploads\\\/2017\\\/01\\\/DSC_1918.jpg\",\"width\":6016,\"height\":4016},{\"@type\":\"BreadcrumbList\",\"@id\":\"https:\\\/\\\/www.amuz.krakow.pl\\\/letnia-akademia-muzyczna\\\/wykaz-kursow\\\/instrumenty-klawiszowe\\\/marek-toporowski-klawesyn\\\/#breadcrumb\",\"itemListElement\":[{\"@type\":\"ListItem\",\"position\":1,\"name\":\"Strona g\u0142\u00f3wna\",\"item\":\"https:\\\/\\\/www.amuz.krakow.pl\\\/\"},{\"@type\":\"ListItem\",\"position\":2,\"name\":\"Letnia Akademia Muzyczna\",\"item\":\"https:\\\/\\\/www.amuz.krakow.pl\\\/letnia-akademia-muzyczna\\\/\"},{\"@type\":\"ListItem\",\"position\":3,\"name\":\"Wykaz kurs\u00f3w\",\"item\":\"https:\\\/\\\/www.amuz.krakow.pl\\\/letnia-akademia-muzyczna\\\/wykaz-kursow\\\/\"},{\"@type\":\"ListItem\",\"position\":4,\"name\":\"Instrumenty klawiszowe\",\"item\":\"https:\\\/\\\/www.amuz.krakow.pl\\\/letnia-akademia-muzyczna\\\/wykaz-kursow\\\/instrumenty-klawiszowe\\\/\"},{\"@type\":\"ListItem\",\"position\":5,\"name\":\"Marek Toporowski &#8211; klawesyn\"}]},{\"@type\":\"WebSite\",\"@id\":\"https:\\\/\\\/www.amuz.krakow.pl\\\/#website\",\"url\":\"https:\\\/\\\/www.amuz.krakow.pl\\\/\",\"name\":\"Akademia Muzyczna im. Krzysztofa Pendereckiego w Krakowie\",\"description\":\"Oficjalna strona Akademii Muzycznej im. Krzysztofa Pendereckiego w Krakowie (AMKP).\",\"publisher\":{\"@id\":\"https:\\\/\\\/www.amuz.krakow.pl\\\/#organization\"},\"alternateName\":\"AMKP\",\"potentialAction\":[{\"@type\":\"SearchAction\",\"target\":{\"@type\":\"EntryPoint\",\"urlTemplate\":\"https:\\\/\\\/www.amuz.krakow.pl\\\/?s={search_term_string}\"},\"query-input\":{\"@type\":\"PropertyValueSpecification\",\"valueRequired\":true,\"valueName\":\"search_term_string\"}}],\"inLanguage\":\"en-US\"},{\"@type\":\"Organization\",\"@id\":\"https:\\\/\\\/www.amuz.krakow.pl\\\/#organization\",\"name\":\"Akademia Muzyczna im. Krzysztofa Pendereckiego w Krakowie\",\"alternateName\":\"AMKP\",\"url\":\"https:\\\/\\\/www.amuz.krakow.pl\\\/\",\"logo\":{\"@type\":\"ImageObject\",\"inLanguage\":\"en-US\",\"@id\":\"https:\\\/\\\/www.amuz.krakow.pl\\\/#\\\/schema\\\/logo\\\/image\\\/\",\"url\":\"https:\\\/\\\/www.amuz.krakow.pl\\\/wp-content\\\/uploads\\\/2021\\\/11\\\/amkp.jpg\",\"contentUrl\":\"https:\\\/\\\/www.amuz.krakow.pl\\\/wp-content\\\/uploads\\\/2021\\\/11\\\/amkp.jpg\",\"width\":1193,\"height\":591,\"caption\":\"Akademia Muzyczna im. Krzysztofa Pendereckiego w Krakowie\"},\"image\":{\"@id\":\"https:\\\/\\\/www.amuz.krakow.pl\\\/#\\\/schema\\\/logo\\\/image\\\/\"},\"sameAs\":[\"https:\\\/\\\/www.facebook.com\\\/amuz.krakow\",\"https:\\\/\\\/www.instagram.com\\\/amkpenderecki\\\/\",\"https:\\\/\\\/www.youtube.com\\\/@amkpenderecki4806\"]}]}<\/script>\n<!-- \/ Yoast SEO plugin. -->","yoast_head_json":{"title":"AMKP - Akademia Muzyczna im. Krzysztofa Pendereckiego w Krakowie","robots":{"index":"index","follow":"follow","max-snippet":"max-snippet:-1","max-image-preview":"max-image-preview:large","max-video-preview":"max-video-preview:-1"},"canonical":"https:\/\/www.amuz.krakow.pl\/letnia-akademia-muzyczna\/wykaz-kursow\/instrumenty-klawiszowe\/marek-toporowski-klawesyn\/","og_locale":"en_US","og_type":"article","og_title":"Marek Toporowski - klawesyn","og_description":"Marek Toporowski harmonijnie \u0142\u0105czy w swojej dzia\u0142alno\u015bci r\u00f3\u017cne, cz\u0119sto pozornie odleg\u0142e obszary muzyki.\u00a0 Jest cenionym solist\u0105 \u2013 klawesynist\u0105 i organist\u0105, kameralist\u0105 i dyrygentem. Koncertuje r\u00f3wnie\u017c na klawikordzie i historycznych fortepianach. Studia uko\u0144czy\u0142 w Akademii Muzycznej w Warszawie (organy - J\u00f3zef Serafin, klawesyn - Leszek K\u0119dracki). Nast\u0119pnie doskonali\u0142 swe umiej\u0119tno\u015bci we Francji (Strasbourg), Niemczech (Saarbr\u00fccken), i Holandii (Amsterdam) pracuj\u0105c pod kierunkiem Aline Zylberajch i Boba van Asperena (klawesyn) oraz Daniela Rotha (organy). Otrzyma\u0142 Pierwsze Nagrody\u00a0 Konserwatorium w Strasbourgu w dziedzinie organ\u00f3w i klawesynu oraz Dyplom Koncertowy Musikhochschule des Saarlandes (organy). Wiele zawdzi\u0119cza r\u00f3wnie\u017c kontaktowi ze znakomitym pianist\u0105 \u2013 Kajetanem Mochtakiem. Jest laureatem I nagrody I Og\u00f3lnopolskiego Konkursu Klawesynowego im. Wandy Landowskiej w Krakowie (1985). W roku 1991 utworzy\u0142 specjalizuj\u0105cy si\u0119 w historycznym wykonawstwie zesp\u00f3\u0142 Concerto Polacco. Zainicjowa\u0142 w Warszawie regularny cykl koncert\u00f3w muzyki oratoryjnej wykonywanej zgodnie z historyczn\u0105 praktyk\u0105 wykonawcz\u0105. Wiele utwor\u00f3w muzyki staropolskiej zosta\u0142o po raz pierwszy wykonanych b\u0105d\u017a nagranych pod jego batut\u0105 (opera \u201eAgatka\u201d J.D.Hollanda, oratorium \u201eChristiani poenitentes ad sepulchrum Domini\u201d J.T.\u017bebrowskiego , utwory Wronowicza, Cichoszewskiego i in.). Czterokrotnie otrzymywa\u0142 Nagrod\u0119 Fryderyka, a wiele innych p\u0142yt otrzymywa\u0142o nominacje do tej nagrody. Jest tw\u00f3rc\u0105 \u201e\u015al\u0105skiego Centrum Ochrony Instrument\u00f3w Klawiszowych \u2013 FORTEPIANARIUM\u201d. Przez okres 20 lat wsp\u00f3\u0142organizowa\u0142 letni Kurs Interpretacji Muzyki Organowej w Koszalinie. Koncertuje w Polsce i za granic\u0105, dokona\u0142 kilkudziesi\u0119ciu nagra\u0144 p\u0142ytowych w Polsce, Niemczech i we Francji. Jego dzia\u0142alno\u015b\u0107 dydaktyczna przez wiele lat (od 1991 r.) zwi\u0105zana by\u0142a z Akademi\u0105 Muzyczn\u0105 w Katowicach. W uczelni tej stworzy\u0142 klas\u0119 klawesynu zapocz\u0105tkowuj\u0105c w ten spos\u00f3b profesjonaln\u0105 tradycj\u0119 gry na tym instrumencie na G\u00f3rnym \u015al\u0105sku. W latach 2008-12 pe\u0142ni\u0142 funkcj\u0119 prorektora tej uczelni, nast\u0119pnie kierowa\u0142 stworzon\u0105 przez siebie Katedr\u0105 Historycznych Praktyk Wykonawczych (2012-2015). Od 2016 roku zwi\u0105zany jest z Akademi\u0105 Muzyczn\u0105 w Krakowie \u2013 obecnie jako kierownik Katedry Muzyki Dawnej.","og_url":"https:\/\/www.amuz.krakow.pl\/letnia-akademia-muzyczna\/wykaz-kursow\/instrumenty-klawiszowe\/marek-toporowski-klawesyn\/","og_site_name":"Akademia Muzyczna im. Krzysztofa Pendereckiego w Krakowie","article_publisher":"https:\/\/www.facebook.com\/amuz.krakow","article_modified_time":"2026-04-01T14:05:18+00:00","og_image":[{"width":1024,"height":684,"url":"https:\/\/www.amuz.krakow.pl\/wp-content\/uploads\/2017\/01\/DSC_1918-1024x684.jpg","type":"image\/jpeg"}],"twitter_card":"summary_large_image","twitter_misc":{"Est. reading time":"3 minutes"},"schema":{"@context":"https:\/\/schema.org","@graph":[{"@type":"WebPage","@id":"https:\/\/www.amuz.krakow.pl\/letnia-akademia-muzyczna\/wykaz-kursow\/instrumenty-klawiszowe\/marek-toporowski-klawesyn\/","url":"https:\/\/www.amuz.krakow.pl\/letnia-akademia-muzyczna\/wykaz-kursow\/instrumenty-klawiszowe\/marek-toporowski-klawesyn\/","name":"AMKP - Akademia Muzyczna im. Krzysztofa Pendereckiego w Krakowie","isPartOf":{"@id":"https:\/\/www.amuz.krakow.pl\/#website"},"primaryImageOfPage":{"@id":"https:\/\/www.amuz.krakow.pl\/letnia-akademia-muzyczna\/wykaz-kursow\/instrumenty-klawiszowe\/marek-toporowski-klawesyn\/#primaryimage"},"image":{"@id":"https:\/\/www.amuz.krakow.pl\/letnia-akademia-muzyczna\/wykaz-kursow\/instrumenty-klawiszowe\/marek-toporowski-klawesyn\/#primaryimage"},"thumbnailUrl":"https:\/\/www.amuz.krakow.pl\/wp-content\/uploads\/2017\/01\/DSC_1918.jpg","datePublished":"2017-01-24T21:29:45+00:00","dateModified":"2026-04-01T14:05:18+00:00","breadcrumb":{"@id":"https:\/\/www.amuz.krakow.pl\/letnia-akademia-muzyczna\/wykaz-kursow\/instrumenty-klawiszowe\/marek-toporowski-klawesyn\/#breadcrumb"},"inLanguage":"en-US","potentialAction":[{"@type":"ReadAction","target":["https:\/\/www.amuz.krakow.pl\/letnia-akademia-muzyczna\/wykaz-kursow\/instrumenty-klawiszowe\/marek-toporowski-klawesyn\/"]}]},{"@type":"ImageObject","inLanguage":"en-US","@id":"https:\/\/www.amuz.krakow.pl\/letnia-akademia-muzyczna\/wykaz-kursow\/instrumenty-klawiszowe\/marek-toporowski-klawesyn\/#primaryimage","url":"https:\/\/www.amuz.krakow.pl\/wp-content\/uploads\/2017\/01\/DSC_1918.jpg","contentUrl":"https:\/\/www.amuz.krakow.pl\/wp-content\/uploads\/2017\/01\/DSC_1918.jpg","width":6016,"height":4016},{"@type":"BreadcrumbList","@id":"https:\/\/www.amuz.krakow.pl\/letnia-akademia-muzyczna\/wykaz-kursow\/instrumenty-klawiszowe\/marek-toporowski-klawesyn\/#breadcrumb","itemListElement":[{"@type":"ListItem","position":1,"name":"Strona g\u0142\u00f3wna","item":"https:\/\/www.amuz.krakow.pl\/"},{"@type":"ListItem","position":2,"name":"Letnia Akademia Muzyczna","item":"https:\/\/www.amuz.krakow.pl\/letnia-akademia-muzyczna\/"},{"@type":"ListItem","position":3,"name":"Wykaz kurs\u00f3w","item":"https:\/\/www.amuz.krakow.pl\/letnia-akademia-muzyczna\/wykaz-kursow\/"},{"@type":"ListItem","position":4,"name":"Instrumenty klawiszowe","item":"https:\/\/www.amuz.krakow.pl\/letnia-akademia-muzyczna\/wykaz-kursow\/instrumenty-klawiszowe\/"},{"@type":"ListItem","position":5,"name":"Marek Toporowski &#8211; klawesyn"}]},{"@type":"WebSite","@id":"https:\/\/www.amuz.krakow.pl\/#website","url":"https:\/\/www.amuz.krakow.pl\/","name":"Akademia Muzyczna im. Krzysztofa Pendereckiego w Krakowie","description":"Oficjalna strona Akademii Muzycznej im. Krzysztofa Pendereckiego w Krakowie (AMKP).","publisher":{"@id":"https:\/\/www.amuz.krakow.pl\/#organization"},"alternateName":"AMKP","potentialAction":[{"@type":"SearchAction","target":{"@type":"EntryPoint","urlTemplate":"https:\/\/www.amuz.krakow.pl\/?s={search_term_string}"},"query-input":{"@type":"PropertyValueSpecification","valueRequired":true,"valueName":"search_term_string"}}],"inLanguage":"en-US"},{"@type":"Organization","@id":"https:\/\/www.amuz.krakow.pl\/#organization","name":"Akademia Muzyczna im. Krzysztofa Pendereckiego w Krakowie","alternateName":"AMKP","url":"https:\/\/www.amuz.krakow.pl\/","logo":{"@type":"ImageObject","inLanguage":"en-US","@id":"https:\/\/www.amuz.krakow.pl\/#\/schema\/logo\/image\/","url":"https:\/\/www.amuz.krakow.pl\/wp-content\/uploads\/2021\/11\/amkp.jpg","contentUrl":"https:\/\/www.amuz.krakow.pl\/wp-content\/uploads\/2021\/11\/amkp.jpg","width":1193,"height":591,"caption":"Akademia Muzyczna im. Krzysztofa Pendereckiego w Krakowie"},"image":{"@id":"https:\/\/www.amuz.krakow.pl\/#\/schema\/logo\/image\/"},"sameAs":["https:\/\/www.facebook.com\/amuz.krakow","https:\/\/www.instagram.com\/amkpenderecki\/","https:\/\/www.youtube.com\/@amkpenderecki4806"]}]}},"_links":{"self":[{"href":"https:\/\/www.amuz.krakow.pl\/en\/wp-json\/wp\/v2\/pages\/14147","targetHints":{"allow":["GET"]}}],"collection":[{"href":"https:\/\/www.amuz.krakow.pl\/en\/wp-json\/wp\/v2\/pages"}],"about":[{"href":"https:\/\/www.amuz.krakow.pl\/en\/wp-json\/wp\/v2\/types\/page"}],"author":[{"embeddable":true,"href":"https:\/\/www.amuz.krakow.pl\/en\/wp-json\/wp\/v2\/users\/72"}],"replies":[{"embeddable":true,"href":"https:\/\/www.amuz.krakow.pl\/en\/wp-json\/wp\/v2\/comments?post=14147"}],"version-history":[{"count":5,"href":"https:\/\/www.amuz.krakow.pl\/en\/wp-json\/wp\/v2\/pages\/14147\/revisions"}],"predecessor-version":[{"id":116280,"href":"https:\/\/www.amuz.krakow.pl\/en\/wp-json\/wp\/v2\/pages\/14147\/revisions\/116280"}],"up":[{"embeddable":true,"href":"https:\/\/www.amuz.krakow.pl\/en\/wp-json\/wp\/v2\/pages\/47050"}],"wp:featuredmedia":[{"embeddable":true,"href":"https:\/\/www.amuz.krakow.pl\/en\/wp-json\/wp\/v2\/media\/14255"}],"wp:attachment":[{"href":"https:\/\/www.amuz.krakow.pl\/en\/wp-json\/wp\/v2\/media?parent=14147"}],"curies":[{"name":"wp","href":"https:\/\/api.w.org\/{rel}","templated":true}]}}