{"id":1411,"date":"2016-02-14T22:38:19","date_gmt":"2016-02-14T21:38:19","guid":{"rendered":"http:\/\/strony.amuz.krakow.pl\/?page_id=1411"},"modified":"2024-10-09T13:33:44","modified_gmt":"2024-10-09T11:33:44","slug":"mgr-barbara-bialko","status":"publish","type":"page","link":"https:\/\/www.amuz.krakow.pl\/en\/wydzialy\/wydzial-i-tworczosci-interpretacji-i-edukacji-muzycznej\/katedra-badan-muzyczno-edukacyjnych\/wspolpracownicy\/mgr-barbara-bialko\/","title":{"rendered":"mgr Barbara Bia\u0142ko"},"content":{"rendered":"<p><figure id=\"attachment_30765\" aria-describedby=\"caption-attachment-30765\" style=\"width: 205px\" class=\"wp-caption alignleft\"><a href=\"https:\/\/www.amuz.krakow.pl\/wp-content\/uploads\/2019\/05\/Barbara.jpg\"><img loading=\"lazy\" decoding=\"async\" class=\"wp-image-30765\" src=\"https:\/\/www.amuz.krakow.pl\/wp-content\/uploads\/2019\/05\/Barbara.jpg\" alt=\"\" width=\"205\" height=\"294\" srcset=\"https:\/\/www.amuz.krakow.pl\/wp-content\/uploads\/2019\/05\/Barbara.jpg 527w, https:\/\/www.amuz.krakow.pl\/wp-content\/uploads\/2019\/05\/Barbara-209x300.jpg 209w\" sizes=\"auto, (max-width: 205px) 100vw, 205px\" \/><\/a><figcaption id=\"caption-attachment-30765\" class=\"wp-caption-text\">Photo by Arkadiusz S\u0119dek<\/figcaption><\/figure><\/p>\n<p style=\"text-align: justify;\">Barbara Bia\u0142ko is a teacher with over 35 years of experience. She graduated from the State Secondary Music School in Krak\u00f3w (rhythmics, piano) and the Faculty of Music Education of the Academy of Music in Krak\u00f3w. Since 1984 she has been associated with the W\u0142adys\u0142aw \u017bele\u0144ski State Secondary School of Music in Krak\u00f3w, where she teaches rhythmics, improvisation and methodology of teaching rhythmics. Since 2000, she has been an academic teacher (senior lecturer) at the AST National Academy of Theatre Arts in Krak\u00f3w, where she teaches rhythmics and solfedge at the Faculty of Acting and also (since 2006) the Academy of Music in Krak\u00f3w, where as senior lecturer she conducts classes of rhythmics, improvisation, methodological subjects with students specializing in rhythmics as well as methodology of conducting music and movement classes at the Faculty of Art Education in the field of musical art. She expands and constantly develops her knowledge and skills by participating in courses, seminars, workshops and scientcsessions, among others at the Jaques-Dalcroze Institute in Geneva, the UMFC in Warsaw, the Music Academies in \u0141\u00f3d\u017a, Pozna\u0144 and Katowice, led by outstanding personalities from the world of rhythmics. She is the initiator of numerous scientific-artistic and educational projects, among them the International Seminar for Teachers of Rhythmics in Krak\u00f3w (7 editions since 2006), musical performances for children of Krak\u00f3w kindergartens, schools, educational and childcare centers and centers for disabled children, scientific sessions on various aspects of the rhythmic method, and also annual concerts promoting the rhythmics.<br \/>\nFor many years of artistic and pedagogical activity, she received the Medal of the National Education Commission, the honorary distinction &#8220;Zas\u0142u\u017cony dla Kultury Polskiej&#8221; and the Gold Medal &#8220;For Many Years of Service&#8221;.<\/p>\n<p><a href=\"mailto:barbara.bialko@amuz.krakow.pl\">barbara.bialko@amuz.krakow.pl<\/a><\/p>","protected":false},"excerpt":{"rendered":"<p>Barbara Bia\u0142ko is a teacher with over 35 years of experience. She graduated from the State Secondary Music School in Krak\u00f3w (rhythmics, piano) and the Faculty of Music Education of&hellip; <a href=\"https:\/\/www.amuz.krakow.pl\/en\/wydzialy\/wydzial-i-tworczosci-interpretacji-i-edukacji-muzycznej\/katedra-badan-muzyczno-edukacyjnych\/wspolpracownicy\/mgr-barbara-bialko\/\">Continue reading<\/a><\/p>\n","protected":false},"author":72,"featured_media":0,"parent":44389,"menu_order":0,"comment_status":"closed","ping_status":"closed","template":"","meta":{"footnotes":"","_links_to":"","_links_to_target":""},"class_list":["post-1411","page","type-page","status-publish","hentry"],"yoast_head":"<!-- This site is optimized with the Yoast SEO plugin v27.2 - https:\/\/yoast.com\/product\/yoast-seo-wordpress\/ -->\n<title>AMKP - Akademia Muzyczna im. Krzysztofa Pendereckiego w Krakowie<\/title>\n<meta name=\"robots\" content=\"index, follow, max-snippet:-1, max-image-preview:large, max-video-preview:-1\" \/>\n<link rel=\"canonical\" href=\"https:\/\/www.amuz.krakow.pl\/wydzialy\/wydzial-i-tworczosci-interpretacji-i-edukacji-muzycznej\/katedra-badan-muzyczno-edukacyjnych\/wspolpracownicy\/mgr-barbara-bialko\/\" \/>\n<meta property=\"og:locale\" content=\"en_US\" \/>\n<meta property=\"og:type\" content=\"article\" \/>\n<meta property=\"og:title\" content=\"AMKP - Akademia Muzyczna im. Krzysztofa Pendereckiego w Krakowie\" \/>\n<meta property=\"og:description\" content=\"Barbara Bia\u0142ko is a teacher with over 35 years of experience. She graduated from the State Secondary Music School in Krak\u00f3w (rhythmics, piano) and the Faculty of Music Education of&hellip; Continue reading\" \/>\n<meta property=\"og:url\" content=\"https:\/\/www.amuz.krakow.pl\/wydzialy\/wydzial-i-tworczosci-interpretacji-i-edukacji-muzycznej\/katedra-badan-muzyczno-edukacyjnych\/wspolpracownicy\/mgr-barbara-bialko\/\" \/>\n<meta property=\"og:site_name\" content=\"Akademia Muzyczna im. Krzysztofa Pendereckiego w Krakowie\" \/>\n<meta property=\"article:publisher\" content=\"https:\/\/www.facebook.com\/amuz.krakow\" \/>\n<meta property=\"article:modified_time\" content=\"2024-10-09T11:33:44+00:00\" \/>\n<meta property=\"og:image\" content=\"https:\/\/www.amuz.krakow.pl\/wp-content\/uploads\/2019\/05\/Barbara.jpg\" \/>\n<meta name=\"twitter:card\" content=\"summary_large_image\" \/>\n<meta name=\"twitter:label1\" content=\"Est. reading time\" \/>\n\t<meta name=\"twitter:data1\" content=\"3 minutes\" \/>\n<script type=\"application\/ld+json\" class=\"yoast-schema-graph\">{\"@context\":\"https:\/\/schema.org\",\"@graph\":[{\"@type\":\"WebPage\",\"@id\":\"https:\/\/www.amuz.krakow.pl\/wydzialy\/wydzial-i-tworczosci-interpretacji-i-edukacji-muzycznej\/katedra-badan-muzyczno-edukacyjnych\/wspolpracownicy\/mgr-barbara-bialko\/\",\"url\":\"https:\/\/www.amuz.krakow.pl\/wydzialy\/wydzial-i-tworczosci-interpretacji-i-edukacji-muzycznej\/katedra-badan-muzyczno-edukacyjnych\/wspolpracownicy\/mgr-barbara-bialko\/\",\"name\":\"AMKP - Akademia Muzyczna im. Krzysztofa Pendereckiego w Krakowie\",\"isPartOf\":{\"@id\":\"https:\/\/www.amuz.krakow.pl\/#website\"},\"primaryImageOfPage\":{\"@id\":\"https:\/\/www.amuz.krakow.pl\/wydzialy\/wydzial-i-tworczosci-interpretacji-i-edukacji-muzycznej\/katedra-badan-muzyczno-edukacyjnych\/wspolpracownicy\/mgr-barbara-bialko\/#primaryimage\"},\"image\":{\"@id\":\"https:\/\/www.amuz.krakow.pl\/wydzialy\/wydzial-i-tworczosci-interpretacji-i-edukacji-muzycznej\/katedra-badan-muzyczno-edukacyjnych\/wspolpracownicy\/mgr-barbara-bialko\/#primaryimage\"},\"thumbnailUrl\":\"https:\/\/www.amuz.krakow.pl\/wp-content\/uploads\/2019\/05\/Barbara.jpg\",\"datePublished\":\"2016-02-14T21:38:19+00:00\",\"dateModified\":\"2024-10-09T11:33:44+00:00\",\"breadcrumb\":{\"@id\":\"https:\/\/www.amuz.krakow.pl\/wydzialy\/wydzial-i-tworczosci-interpretacji-i-edukacji-muzycznej\/katedra-badan-muzyczno-edukacyjnych\/wspolpracownicy\/mgr-barbara-bialko\/#breadcrumb\"},\"inLanguage\":\"en-US\",\"potentialAction\":[{\"@type\":\"ReadAction\",\"target\":[\"https:\/\/www.amuz.krakow.pl\/wydzialy\/wydzial-i-tworczosci-interpretacji-i-edukacji-muzycznej\/katedra-badan-muzyczno-edukacyjnych\/wspolpracownicy\/mgr-barbara-bialko\/\"]}]},{\"@type\":\"ImageObject\",\"inLanguage\":\"en-US\",\"@id\":\"https:\/\/www.amuz.krakow.pl\/wydzialy\/wydzial-i-tworczosci-interpretacji-i-edukacji-muzycznej\/katedra-badan-muzyczno-edukacyjnych\/wspolpracownicy\/mgr-barbara-bialko\/#primaryimage\",\"url\":\"https:\/\/www.amuz.krakow.pl\/wp-content\/uploads\/2019\/05\/Barbara.jpg\",\"contentUrl\":\"https:\/\/www.amuz.krakow.pl\/wp-content\/uploads\/2019\/05\/Barbara.jpg\"},{\"@type\":\"BreadcrumbList\",\"@id\":\"https:\/\/www.amuz.krakow.pl\/wydzialy\/wydzial-i-tworczosci-interpretacji-i-edukacji-muzycznej\/katedra-badan-muzyczno-edukacyjnych\/wspolpracownicy\/mgr-barbara-bialko\/#breadcrumb\",\"itemListElement\":[{\"@type\":\"ListItem\",\"position\":1,\"name\":\"Strona g\u0142\u00f3wna\",\"item\":\"https:\/\/www.amuz.krakow.pl\/\"},{\"@type\":\"ListItem\",\"position\":2,\"name\":\"WYDZIA\u0141Y\",\"item\":\"https:\/\/www.amuz.krakow.pl\/wydzialy\/\"},{\"@type\":\"ListItem\",\"position\":3,\"name\":\"Wydzia\u0142 Tw\u00f3rczo\u015bci, Interpretacji i Edukacji Muzycznej\",\"item\":\"https:\/\/www.amuz.krakow.pl\/wydzialy\/wydzial-i-tworczosci-interpretacji-i-edukacji-muzycznej\/\"},{\"@type\":\"ListItem\",\"position\":4,\"name\":\"Katedra Bada\u0144 Muzyczno-Edukacyjnych\",\"item\":\"https:\/\/www.amuz.krakow.pl\/wydzialy\/wydzial-i-tworczosci-interpretacji-i-edukacji-muzycznej\/katedra-badan-muzyczno-edukacyjnych\/\"},{\"@type\":\"ListItem\",\"position\":5,\"name\":\"Wsp\u00f3\u0142pracownicy\",\"item\":\"https:\/\/www.amuz.krakow.pl\/wydzialy\/wydzial-i-tworczosci-interpretacji-i-edukacji-muzycznej\/katedra-badan-muzyczno-edukacyjnych\/wspolpracownicy\/\"},{\"@type\":\"ListItem\",\"position\":6,\"name\":\"mgr Barbara Bia\u0142ko\"}]},{\"@type\":\"WebSite\",\"@id\":\"https:\/\/www.amuz.krakow.pl\/#website\",\"url\":\"https:\/\/www.amuz.krakow.pl\/\",\"name\":\"Akademia Muzyczna im. Krzysztofa Pendereckiego w Krakowie\",\"description\":\"Oficjalna strona Akademii Muzycznej im. Krzysztofa Pendereckiego w Krakowie (AMKP).\",\"publisher\":{\"@id\":\"https:\/\/www.amuz.krakow.pl\/#organization\"},\"alternateName\":\"AMKP\",\"potentialAction\":[{\"@type\":\"SearchAction\",\"target\":{\"@type\":\"EntryPoint\",\"urlTemplate\":\"https:\/\/www.amuz.krakow.pl\/?s={search_term_string}\"},\"query-input\":{\"@type\":\"PropertyValueSpecification\",\"valueRequired\":true,\"valueName\":\"search_term_string\"}}],\"inLanguage\":\"en-US\"},{\"@type\":\"Organization\",\"@id\":\"https:\/\/www.amuz.krakow.pl\/#organization\",\"name\":\"Akademia Muzyczna im. Krzysztofa Pendereckiego w Krakowie\",\"alternateName\":\"AMKP\",\"url\":\"https:\/\/www.amuz.krakow.pl\/\",\"logo\":{\"@type\":\"ImageObject\",\"inLanguage\":\"en-US\",\"@id\":\"https:\/\/www.amuz.krakow.pl\/#\/schema\/logo\/image\/\",\"url\":\"https:\/\/www.amuz.krakow.pl\/wp-content\/uploads\/2021\/11\/amkp.jpg\",\"contentUrl\":\"https:\/\/www.amuz.krakow.pl\/wp-content\/uploads\/2021\/11\/amkp.jpg\",\"width\":1193,\"height\":591,\"caption\":\"Akademia Muzyczna im. Krzysztofa Pendereckiego w Krakowie\"},\"image\":{\"@id\":\"https:\/\/www.amuz.krakow.pl\/#\/schema\/logo\/image\/\"},\"sameAs\":[\"https:\/\/www.facebook.com\/amuz.krakow\",\"https:\/\/www.instagram.com\/amkpenderecki\/\",\"https:\/\/www.youtube.com\/@amkpenderecki4806\"]}]}<\/script>\n<!-- \/ Yoast SEO plugin. -->","yoast_head_json":{"title":"AMKP - Akademia Muzyczna im. Krzysztofa Pendereckiego w Krakowie","robots":{"index":"index","follow":"follow","max-snippet":"max-snippet:-1","max-image-preview":"max-image-preview:large","max-video-preview":"max-video-preview:-1"},"canonical":"https:\/\/www.amuz.krakow.pl\/wydzialy\/wydzial-i-tworczosci-interpretacji-i-edukacji-muzycznej\/katedra-badan-muzyczno-edukacyjnych\/wspolpracownicy\/mgr-barbara-bialko\/","og_locale":"en_US","og_type":"article","og_title":"AMKP - Akademia Muzyczna im. Krzysztofa Pendereckiego w Krakowie","og_description":"Barbara Bia\u0142ko is a teacher with over 35 years of experience. She graduated from the State Secondary Music School in Krak\u00f3w (rhythmics, piano) and the Faculty of Music Education of&hellip; Continue reading","og_url":"https:\/\/www.amuz.krakow.pl\/wydzialy\/wydzial-i-tworczosci-interpretacji-i-edukacji-muzycznej\/katedra-badan-muzyczno-edukacyjnych\/wspolpracownicy\/mgr-barbara-bialko\/","og_site_name":"Akademia Muzyczna im. Krzysztofa Pendereckiego w Krakowie","article_publisher":"https:\/\/www.facebook.com\/amuz.krakow","article_modified_time":"2024-10-09T11:33:44+00:00","og_image":[{"url":"https:\/\/www.amuz.krakow.pl\/wp-content\/uploads\/2019\/05\/Barbara.jpg","type":"","width":"","height":""}],"twitter_card":"summary_large_image","twitter_misc":{"Est. reading time":"3 minutes"},"schema":{"@context":"https:\/\/schema.org","@graph":[{"@type":"WebPage","@id":"https:\/\/www.amuz.krakow.pl\/wydzialy\/wydzial-i-tworczosci-interpretacji-i-edukacji-muzycznej\/katedra-badan-muzyczno-edukacyjnych\/wspolpracownicy\/mgr-barbara-bialko\/","url":"https:\/\/www.amuz.krakow.pl\/wydzialy\/wydzial-i-tworczosci-interpretacji-i-edukacji-muzycznej\/katedra-badan-muzyczno-edukacyjnych\/wspolpracownicy\/mgr-barbara-bialko\/","name":"AMKP - Akademia Muzyczna im. Krzysztofa Pendereckiego w Krakowie","isPartOf":{"@id":"https:\/\/www.amuz.krakow.pl\/#website"},"primaryImageOfPage":{"@id":"https:\/\/www.amuz.krakow.pl\/wydzialy\/wydzial-i-tworczosci-interpretacji-i-edukacji-muzycznej\/katedra-badan-muzyczno-edukacyjnych\/wspolpracownicy\/mgr-barbara-bialko\/#primaryimage"},"image":{"@id":"https:\/\/www.amuz.krakow.pl\/wydzialy\/wydzial-i-tworczosci-interpretacji-i-edukacji-muzycznej\/katedra-badan-muzyczno-edukacyjnych\/wspolpracownicy\/mgr-barbara-bialko\/#primaryimage"},"thumbnailUrl":"https:\/\/www.amuz.krakow.pl\/wp-content\/uploads\/2019\/05\/Barbara.jpg","datePublished":"2016-02-14T21:38:19+00:00","dateModified":"2024-10-09T11:33:44+00:00","breadcrumb":{"@id":"https:\/\/www.amuz.krakow.pl\/wydzialy\/wydzial-i-tworczosci-interpretacji-i-edukacji-muzycznej\/katedra-badan-muzyczno-edukacyjnych\/wspolpracownicy\/mgr-barbara-bialko\/#breadcrumb"},"inLanguage":"en-US","potentialAction":[{"@type":"ReadAction","target":["https:\/\/www.amuz.krakow.pl\/wydzialy\/wydzial-i-tworczosci-interpretacji-i-edukacji-muzycznej\/katedra-badan-muzyczno-edukacyjnych\/wspolpracownicy\/mgr-barbara-bialko\/"]}]},{"@type":"ImageObject","inLanguage":"en-US","@id":"https:\/\/www.amuz.krakow.pl\/wydzialy\/wydzial-i-tworczosci-interpretacji-i-edukacji-muzycznej\/katedra-badan-muzyczno-edukacyjnych\/wspolpracownicy\/mgr-barbara-bialko\/#primaryimage","url":"https:\/\/www.amuz.krakow.pl\/wp-content\/uploads\/2019\/05\/Barbara.jpg","contentUrl":"https:\/\/www.amuz.krakow.pl\/wp-content\/uploads\/2019\/05\/Barbara.jpg"},{"@type":"BreadcrumbList","@id":"https:\/\/www.amuz.krakow.pl\/wydzialy\/wydzial-i-tworczosci-interpretacji-i-edukacji-muzycznej\/katedra-badan-muzyczno-edukacyjnych\/wspolpracownicy\/mgr-barbara-bialko\/#breadcrumb","itemListElement":[{"@type":"ListItem","position":1,"name":"Strona g\u0142\u00f3wna","item":"https:\/\/www.amuz.krakow.pl\/"},{"@type":"ListItem","position":2,"name":"WYDZIA\u0141Y","item":"https:\/\/www.amuz.krakow.pl\/wydzialy\/"},{"@type":"ListItem","position":3,"name":"Wydzia\u0142 Tw\u00f3rczo\u015bci, Interpretacji i Edukacji Muzycznej","item":"https:\/\/www.amuz.krakow.pl\/wydzialy\/wydzial-i-tworczosci-interpretacji-i-edukacji-muzycznej\/"},{"@type":"ListItem","position":4,"name":"Katedra Bada\u0144 Muzyczno-Edukacyjnych","item":"https:\/\/www.amuz.krakow.pl\/wydzialy\/wydzial-i-tworczosci-interpretacji-i-edukacji-muzycznej\/katedra-badan-muzyczno-edukacyjnych\/"},{"@type":"ListItem","position":5,"name":"Wsp\u00f3\u0142pracownicy","item":"https:\/\/www.amuz.krakow.pl\/wydzialy\/wydzial-i-tworczosci-interpretacji-i-edukacji-muzycznej\/katedra-badan-muzyczno-edukacyjnych\/wspolpracownicy\/"},{"@type":"ListItem","position":6,"name":"mgr Barbara Bia\u0142ko"}]},{"@type":"WebSite","@id":"https:\/\/www.amuz.krakow.pl\/#website","url":"https:\/\/www.amuz.krakow.pl\/","name":"Akademia Muzyczna im. Krzysztofa Pendereckiego w Krakowie","description":"Oficjalna strona Akademii Muzycznej im. Krzysztofa Pendereckiego w Krakowie (AMKP).","publisher":{"@id":"https:\/\/www.amuz.krakow.pl\/#organization"},"alternateName":"AMKP","potentialAction":[{"@type":"SearchAction","target":{"@type":"EntryPoint","urlTemplate":"https:\/\/www.amuz.krakow.pl\/?s={search_term_string}"},"query-input":{"@type":"PropertyValueSpecification","valueRequired":true,"valueName":"search_term_string"}}],"inLanguage":"en-US"},{"@type":"Organization","@id":"https:\/\/www.amuz.krakow.pl\/#organization","name":"Akademia Muzyczna im. Krzysztofa Pendereckiego w Krakowie","alternateName":"AMKP","url":"https:\/\/www.amuz.krakow.pl\/","logo":{"@type":"ImageObject","inLanguage":"en-US","@id":"https:\/\/www.amuz.krakow.pl\/#\/schema\/logo\/image\/","url":"https:\/\/www.amuz.krakow.pl\/wp-content\/uploads\/2021\/11\/amkp.jpg","contentUrl":"https:\/\/www.amuz.krakow.pl\/wp-content\/uploads\/2021\/11\/amkp.jpg","width":1193,"height":591,"caption":"Akademia Muzyczna im. Krzysztofa Pendereckiego w Krakowie"},"image":{"@id":"https:\/\/www.amuz.krakow.pl\/#\/schema\/logo\/image\/"},"sameAs":["https:\/\/www.facebook.com\/amuz.krakow","https:\/\/www.instagram.com\/amkpenderecki\/","https:\/\/www.youtube.com\/@amkpenderecki4806"]}]}},"_links":{"self":[{"href":"https:\/\/www.amuz.krakow.pl\/en\/wp-json\/wp\/v2\/pages\/1411","targetHints":{"allow":["GET"]}}],"collection":[{"href":"https:\/\/www.amuz.krakow.pl\/en\/wp-json\/wp\/v2\/pages"}],"about":[{"href":"https:\/\/www.amuz.krakow.pl\/en\/wp-json\/wp\/v2\/types\/page"}],"author":[{"embeddable":true,"href":"https:\/\/www.amuz.krakow.pl\/en\/wp-json\/wp\/v2\/users\/72"}],"replies":[{"embeddable":true,"href":"https:\/\/www.amuz.krakow.pl\/en\/wp-json\/wp\/v2\/comments?post=1411"}],"version-history":[{"count":6,"href":"https:\/\/www.amuz.krakow.pl\/en\/wp-json\/wp\/v2\/pages\/1411\/revisions"}],"predecessor-version":[{"id":90838,"href":"https:\/\/www.amuz.krakow.pl\/en\/wp-json\/wp\/v2\/pages\/1411\/revisions\/90838"}],"up":[{"embeddable":true,"href":"https:\/\/www.amuz.krakow.pl\/en\/wp-json\/wp\/v2\/pages\/44389"}],"wp:attachment":[{"href":"https:\/\/www.amuz.krakow.pl\/en\/wp-json\/wp\/v2\/media?parent=1411"}],"curies":[{"name":"wp","href":"https:\/\/api.w.org\/{rel}","templated":true}]}}