{"id":1383,"date":"2016-02-14T22:23:52","date_gmt":"2016-02-14T21:23:52","guid":{"rendered":"http:\/\/strony.amuz.krakow.pl\/?page_id=1383"},"modified":"2026-03-16T14:13:03","modified_gmt":"2026-03-16T13:13:03","slug":"prof-dr-hab-jan-jazownik","status":"publish","type":"page","link":"https:\/\/www.amuz.krakow.pl\/en\/wydzialy\/wydzial-i-tworczosci-interpretacji-i-edukacji-muzycznej\/katedra-badan-muzyczno-edukacyjnych\/pracownicy\/prof-dr-hab-jan-jazownik\/","title":{"rendered":"prof. dr hab. Jan Jazownik"},"content":{"rendered":"<p><figure id=\"attachment_7921\" aria-describedby=\"caption-attachment-7921\" style=\"width: 284px\" class=\"wp-caption alignleft\"><a href=\"https:\/\/www.amuz.krakow.pl\/wp-content\/uploads\/2016\/02\/Jan-Jazownik.jpg\"><img loading=\"lazy\" decoding=\"async\" class=\"wp-image-7921\" src=\"https:\/\/www.amuz.krakow.pl\/wp-content\/uploads\/2016\/02\/Jan-Jazownik-300x211.jpg\" alt=\"Jazownik Jan\" width=\"284\" height=\"200\" srcset=\"https:\/\/www.amuz.krakow.pl\/wp-content\/uploads\/2016\/02\/Jan-Jazownik-300x211.jpg 300w, https:\/\/www.amuz.krakow.pl\/wp-content\/uploads\/2016\/02\/Jan-Jazownik-768x540.jpg 768w, https:\/\/www.amuz.krakow.pl\/wp-content\/uploads\/2016\/02\/Jan-Jazownik-1024x721.jpg 1024w\" sizes=\"auto, (max-width: 284px) 100vw, 284px\" \/><\/a><figcaption id=\"caption-attachment-7921\" class=\"wp-caption-text\">Photo by Zbigniew Piotr Burda<\/figcaption><\/figure><\/p>\n<p style=\"text-align: justify;\">Jan Jazownik is a Polish conductor and university teacher, born in Krakow. He was graduated of two faculties at the Academy of Music in Krakow: choral conducting (in the class led by prof. Ludwik Wisniowski \u2013 1985) and symphony conducting (in the class led by prof. Jerzy Katlewicz \u2013 1989). \u00a0He took part in master courses: Internationale Bachakademie Stuttgart \u2013\u00a0prof. H. Rilling (Krakow 1990, 1998), interpretation courses of the baroque music \u2013 Paul Esswood (Krakow 1994, 1995, 2002, 2003). During his studies, he started cooperation with professor Adam Kaczynski in the Contemporary Music Interpretation Department leading orchestras and chamber ensembles.<\/p>\n<p style=\"text-align: justify;\">Jan Jazownik was conducted of the many chamber and symphony Polish orchestras (in Krak\u00f3w, Katowice, Bialystok, Szczecin, Rzeszow, Czestochowa, Kielce, Kalisz, Torun). He was invited to perform during festivals: Krakowska Wiosna Muzyki, Dni Muzyki Kompozytor\u00f3w Krakowskich, Dni Muzyki Oliviera Messiaen\u2019a, Muzyka w Starym Krakowie, L\u2019estate Teatrale, Dni Krakowa w Kijowie, Dni Krakowa w Sztokholmie, Jaworskie Koncerty Pokoju, Festiwal Nauki w Krakowie, \u015awi\u0119to Muzyki w Cz\u0119stochowie.<\/p>\n<p style=\"text-align: justify;\">Jan Jazownik was employed at the post of artistic head of Jelenia Gora Philharmonic (1990\/91), Music Theatre in Gliwice (1997\/98), Opera at the Castle in Szczecin (1998-2000). He cooperated with Polish Radio Orchestra in Krakow (1992), Music Theatre in Gliwice (1998\u20131999), Opera at the Castle in Szczecin (2000\u20132002). Since 2009 he has been cooperating with the Krakow Opera. He perform with orchestras and choirs as a guest conductor.<\/p>\n<p><a href=\"mailto:jan.jazownik@amuz.krakow.pl\">jan.jazownik@amuz.krakow.pl<\/a><\/p>","protected":false},"excerpt":{"rendered":"<p>Jan Jazownik is a Polish conductor and university teacher, born in Krakow. He was graduated of two faculties at the Academy of Music in Krakow: choral conducting (in the class&hellip; <a href=\"https:\/\/www.amuz.krakow.pl\/en\/wydzialy\/wydzial-i-tworczosci-interpretacji-i-edukacji-muzycznej\/katedra-badan-muzyczno-edukacyjnych\/pracownicy\/prof-dr-hab-jan-jazownik\/\">Continue reading<\/a><\/p>\n","protected":false},"author":72,"featured_media":7921,"parent":33637,"menu_order":0,"comment_status":"closed","ping_status":"closed","template":"","meta":{"footnotes":"","_links_to":"","_links_to_target":""},"class_list":["post-1383","page","type-page","status-publish","has-post-thumbnail","hentry"],"yoast_head":"<!-- This site is optimized with the Yoast SEO plugin v27.2 - https:\/\/yoast.com\/product\/yoast-seo-wordpress\/ -->\n<title>AMKP - Akademia Muzyczna im. Krzysztofa Pendereckiego w Krakowie<\/title>\n<meta name=\"robots\" content=\"index, follow, max-snippet:-1, max-image-preview:large, max-video-preview:-1\" \/>\n<link rel=\"canonical\" href=\"https:\/\/www.amuz.krakow.pl\/wydzialy\/wydzial-i-tworczosci-interpretacji-i-edukacji-muzycznej\/katedra-badan-muzyczno-edukacyjnych\/pracownicy\/prof-dr-hab-jan-jazownik\/\" \/>\n<meta property=\"og:locale\" content=\"en_US\" \/>\n<meta property=\"og:type\" content=\"article\" \/>\n<meta property=\"og:title\" content=\"AMKP - Akademia Muzyczna im. Krzysztofa Pendereckiego w Krakowie\" \/>\n<meta property=\"og:description\" content=\"Jan Jazownik is a Polish conductor and university teacher, born in Krakow. He was graduated of two faculties at the Academy of Music in Krakow: choral conducting (in the class&hellip; Continue reading\" \/>\n<meta property=\"og:url\" content=\"https:\/\/www.amuz.krakow.pl\/wydzialy\/wydzial-i-tworczosci-interpretacji-i-edukacji-muzycznej\/katedra-badan-muzyczno-edukacyjnych\/pracownicy\/prof-dr-hab-jan-jazownik\/\" \/>\n<meta property=\"og:site_name\" content=\"Akademia Muzyczna im. Krzysztofa Pendereckiego w Krakowie\" \/>\n<meta property=\"article:publisher\" content=\"https:\/\/www.facebook.com\/amuz.krakow\" \/>\n<meta property=\"article:modified_time\" content=\"2026-03-16T13:13:03+00:00\" \/>\n<meta property=\"og:image\" content=\"https:\/\/www.amuz.krakow.pl\/wp-content\/uploads\/2016\/02\/Jan-Jazownik.jpg\" \/>\n\t<meta property=\"og:image:width\" content=\"2551\" \/>\n\t<meta property=\"og:image:height\" content=\"1795\" \/>\n\t<meta property=\"og:image:type\" content=\"image\/jpeg\" \/>\n<meta name=\"twitter:card\" content=\"summary_large_image\" \/>\n<meta name=\"twitter:label1\" content=\"Est. reading time\" \/>\n\t<meta name=\"twitter:data1\" content=\"2 minutes\" \/>\n<script type=\"application\/ld+json\" class=\"yoast-schema-graph\">{\"@context\":\"https:\/\/schema.org\",\"@graph\":[{\"@type\":\"WebPage\",\"@id\":\"https:\/\/www.amuz.krakow.pl\/wydzialy\/wydzial-i-tworczosci-interpretacji-i-edukacji-muzycznej\/katedra-badan-muzyczno-edukacyjnych\/pracownicy\/prof-dr-hab-jan-jazownik\/\",\"url\":\"https:\/\/www.amuz.krakow.pl\/wydzialy\/wydzial-i-tworczosci-interpretacji-i-edukacji-muzycznej\/katedra-badan-muzyczno-edukacyjnych\/pracownicy\/prof-dr-hab-jan-jazownik\/\",\"name\":\"AMKP - Akademia Muzyczna im. Krzysztofa Pendereckiego w Krakowie\",\"isPartOf\":{\"@id\":\"https:\/\/www.amuz.krakow.pl\/#website\"},\"primaryImageOfPage\":{\"@id\":\"https:\/\/www.amuz.krakow.pl\/wydzialy\/wydzial-i-tworczosci-interpretacji-i-edukacji-muzycznej\/katedra-badan-muzyczno-edukacyjnych\/pracownicy\/prof-dr-hab-jan-jazownik\/#primaryimage\"},\"image\":{\"@id\":\"https:\/\/www.amuz.krakow.pl\/wydzialy\/wydzial-i-tworczosci-interpretacji-i-edukacji-muzycznej\/katedra-badan-muzyczno-edukacyjnych\/pracownicy\/prof-dr-hab-jan-jazownik\/#primaryimage\"},\"thumbnailUrl\":\"https:\/\/www.amuz.krakow.pl\/wp-content\/uploads\/2016\/02\/Jan-Jazownik.jpg\",\"datePublished\":\"2016-02-14T21:23:52+00:00\",\"dateModified\":\"2026-03-16T13:13:03+00:00\",\"breadcrumb\":{\"@id\":\"https:\/\/www.amuz.krakow.pl\/wydzialy\/wydzial-i-tworczosci-interpretacji-i-edukacji-muzycznej\/katedra-badan-muzyczno-edukacyjnych\/pracownicy\/prof-dr-hab-jan-jazownik\/#breadcrumb\"},\"inLanguage\":\"en-US\",\"potentialAction\":[{\"@type\":\"ReadAction\",\"target\":[\"https:\/\/www.amuz.krakow.pl\/wydzialy\/wydzial-i-tworczosci-interpretacji-i-edukacji-muzycznej\/katedra-badan-muzyczno-edukacyjnych\/pracownicy\/prof-dr-hab-jan-jazownik\/\"]}]},{\"@type\":\"ImageObject\",\"inLanguage\":\"en-US\",\"@id\":\"https:\/\/www.amuz.krakow.pl\/wydzialy\/wydzial-i-tworczosci-interpretacji-i-edukacji-muzycznej\/katedra-badan-muzyczno-edukacyjnych\/pracownicy\/prof-dr-hab-jan-jazownik\/#primaryimage\",\"url\":\"https:\/\/www.amuz.krakow.pl\/wp-content\/uploads\/2016\/02\/Jan-Jazownik.jpg\",\"contentUrl\":\"https:\/\/www.amuz.krakow.pl\/wp-content\/uploads\/2016\/02\/Jan-Jazownik.jpg\",\"width\":2551,\"height\":1795},{\"@type\":\"BreadcrumbList\",\"@id\":\"https:\/\/www.amuz.krakow.pl\/wydzialy\/wydzial-i-tworczosci-interpretacji-i-edukacji-muzycznej\/katedra-badan-muzyczno-edukacyjnych\/pracownicy\/prof-dr-hab-jan-jazownik\/#breadcrumb\",\"itemListElement\":[{\"@type\":\"ListItem\",\"position\":1,\"name\":\"Strona g\u0142\u00f3wna\",\"item\":\"https:\/\/www.amuz.krakow.pl\/\"},{\"@type\":\"ListItem\",\"position\":2,\"name\":\"WYDZIA\u0141Y\",\"item\":\"https:\/\/www.amuz.krakow.pl\/wydzialy\/\"},{\"@type\":\"ListItem\",\"position\":3,\"name\":\"Wydzia\u0142 Tw\u00f3rczo\u015bci, Interpretacji i Edukacji Muzycznej\",\"item\":\"https:\/\/www.amuz.krakow.pl\/wydzialy\/wydzial-i-tworczosci-interpretacji-i-edukacji-muzycznej\/\"},{\"@type\":\"ListItem\",\"position\":4,\"name\":\"Katedra Bada\u0144 Muzyczno-Edukacyjnych\",\"item\":\"https:\/\/www.amuz.krakow.pl\/wydzialy\/wydzial-i-tworczosci-interpretacji-i-edukacji-muzycznej\/katedra-badan-muzyczno-edukacyjnych\/\"},{\"@type\":\"ListItem\",\"position\":5,\"name\":\"Pracownicy Katedry\",\"item\":\"https:\/\/www.amuz.krakow.pl\/wydzialy\/wydzial-i-tworczosci-interpretacji-i-edukacji-muzycznej\/katedra-badan-muzyczno-edukacyjnych\/pracownicy\/\"},{\"@type\":\"ListItem\",\"position\":6,\"name\":\"prof. dr hab. Jan Jazownik\"}]},{\"@type\":\"WebSite\",\"@id\":\"https:\/\/www.amuz.krakow.pl\/#website\",\"url\":\"https:\/\/www.amuz.krakow.pl\/\",\"name\":\"Akademia Muzyczna im. Krzysztofa Pendereckiego w Krakowie\",\"description\":\"Oficjalna strona Akademii Muzycznej im. Krzysztofa Pendereckiego w Krakowie (AMKP).\",\"publisher\":{\"@id\":\"https:\/\/www.amuz.krakow.pl\/#organization\"},\"alternateName\":\"AMKP\",\"potentialAction\":[{\"@type\":\"SearchAction\",\"target\":{\"@type\":\"EntryPoint\",\"urlTemplate\":\"https:\/\/www.amuz.krakow.pl\/?s={search_term_string}\"},\"query-input\":{\"@type\":\"PropertyValueSpecification\",\"valueRequired\":true,\"valueName\":\"search_term_string\"}}],\"inLanguage\":\"en-US\"},{\"@type\":\"Organization\",\"@id\":\"https:\/\/www.amuz.krakow.pl\/#organization\",\"name\":\"Akademia Muzyczna im. Krzysztofa Pendereckiego w Krakowie\",\"alternateName\":\"AMKP\",\"url\":\"https:\/\/www.amuz.krakow.pl\/\",\"logo\":{\"@type\":\"ImageObject\",\"inLanguage\":\"en-US\",\"@id\":\"https:\/\/www.amuz.krakow.pl\/#\/schema\/logo\/image\/\",\"url\":\"https:\/\/www.amuz.krakow.pl\/wp-content\/uploads\/2021\/11\/amkp.jpg\",\"contentUrl\":\"https:\/\/www.amuz.krakow.pl\/wp-content\/uploads\/2021\/11\/amkp.jpg\",\"width\":1193,\"height\":591,\"caption\":\"Akademia Muzyczna im. Krzysztofa Pendereckiego w Krakowie\"},\"image\":{\"@id\":\"https:\/\/www.amuz.krakow.pl\/#\/schema\/logo\/image\/\"},\"sameAs\":[\"https:\/\/www.facebook.com\/amuz.krakow\",\"https:\/\/www.instagram.com\/amkpenderecki\/\",\"https:\/\/www.youtube.com\/@amkpenderecki4806\"]}]}<\/script>\n<!-- \/ Yoast SEO plugin. -->","yoast_head_json":{"title":"AMKP - Akademia Muzyczna im. Krzysztofa Pendereckiego w Krakowie","robots":{"index":"index","follow":"follow","max-snippet":"max-snippet:-1","max-image-preview":"max-image-preview:large","max-video-preview":"max-video-preview:-1"},"canonical":"https:\/\/www.amuz.krakow.pl\/wydzialy\/wydzial-i-tworczosci-interpretacji-i-edukacji-muzycznej\/katedra-badan-muzyczno-edukacyjnych\/pracownicy\/prof-dr-hab-jan-jazownik\/","og_locale":"en_US","og_type":"article","og_title":"AMKP - Akademia Muzyczna im. Krzysztofa Pendereckiego w Krakowie","og_description":"Jan Jazownik is a Polish conductor and university teacher, born in Krakow. He was graduated of two faculties at the Academy of Music in Krakow: choral conducting (in the class&hellip; Continue reading","og_url":"https:\/\/www.amuz.krakow.pl\/wydzialy\/wydzial-i-tworczosci-interpretacji-i-edukacji-muzycznej\/katedra-badan-muzyczno-edukacyjnych\/pracownicy\/prof-dr-hab-jan-jazownik\/","og_site_name":"Akademia Muzyczna im. Krzysztofa Pendereckiego w Krakowie","article_publisher":"https:\/\/www.facebook.com\/amuz.krakow","article_modified_time":"2026-03-16T13:13:03+00:00","og_image":[{"width":2551,"height":1795,"url":"https:\/\/www.amuz.krakow.pl\/wp-content\/uploads\/2016\/02\/Jan-Jazownik.jpg","type":"image\/jpeg"}],"twitter_card":"summary_large_image","twitter_misc":{"Est. reading time":"2 minutes"},"schema":{"@context":"https:\/\/schema.org","@graph":[{"@type":"WebPage","@id":"https:\/\/www.amuz.krakow.pl\/wydzialy\/wydzial-i-tworczosci-interpretacji-i-edukacji-muzycznej\/katedra-badan-muzyczno-edukacyjnych\/pracownicy\/prof-dr-hab-jan-jazownik\/","url":"https:\/\/www.amuz.krakow.pl\/wydzialy\/wydzial-i-tworczosci-interpretacji-i-edukacji-muzycznej\/katedra-badan-muzyczno-edukacyjnych\/pracownicy\/prof-dr-hab-jan-jazownik\/","name":"AMKP - Akademia Muzyczna im. Krzysztofa Pendereckiego w Krakowie","isPartOf":{"@id":"https:\/\/www.amuz.krakow.pl\/#website"},"primaryImageOfPage":{"@id":"https:\/\/www.amuz.krakow.pl\/wydzialy\/wydzial-i-tworczosci-interpretacji-i-edukacji-muzycznej\/katedra-badan-muzyczno-edukacyjnych\/pracownicy\/prof-dr-hab-jan-jazownik\/#primaryimage"},"image":{"@id":"https:\/\/www.amuz.krakow.pl\/wydzialy\/wydzial-i-tworczosci-interpretacji-i-edukacji-muzycznej\/katedra-badan-muzyczno-edukacyjnych\/pracownicy\/prof-dr-hab-jan-jazownik\/#primaryimage"},"thumbnailUrl":"https:\/\/www.amuz.krakow.pl\/wp-content\/uploads\/2016\/02\/Jan-Jazownik.jpg","datePublished":"2016-02-14T21:23:52+00:00","dateModified":"2026-03-16T13:13:03+00:00","breadcrumb":{"@id":"https:\/\/www.amuz.krakow.pl\/wydzialy\/wydzial-i-tworczosci-interpretacji-i-edukacji-muzycznej\/katedra-badan-muzyczno-edukacyjnych\/pracownicy\/prof-dr-hab-jan-jazownik\/#breadcrumb"},"inLanguage":"en-US","potentialAction":[{"@type":"ReadAction","target":["https:\/\/www.amuz.krakow.pl\/wydzialy\/wydzial-i-tworczosci-interpretacji-i-edukacji-muzycznej\/katedra-badan-muzyczno-edukacyjnych\/pracownicy\/prof-dr-hab-jan-jazownik\/"]}]},{"@type":"ImageObject","inLanguage":"en-US","@id":"https:\/\/www.amuz.krakow.pl\/wydzialy\/wydzial-i-tworczosci-interpretacji-i-edukacji-muzycznej\/katedra-badan-muzyczno-edukacyjnych\/pracownicy\/prof-dr-hab-jan-jazownik\/#primaryimage","url":"https:\/\/www.amuz.krakow.pl\/wp-content\/uploads\/2016\/02\/Jan-Jazownik.jpg","contentUrl":"https:\/\/www.amuz.krakow.pl\/wp-content\/uploads\/2016\/02\/Jan-Jazownik.jpg","width":2551,"height":1795},{"@type":"BreadcrumbList","@id":"https:\/\/www.amuz.krakow.pl\/wydzialy\/wydzial-i-tworczosci-interpretacji-i-edukacji-muzycznej\/katedra-badan-muzyczno-edukacyjnych\/pracownicy\/prof-dr-hab-jan-jazownik\/#breadcrumb","itemListElement":[{"@type":"ListItem","position":1,"name":"Strona g\u0142\u00f3wna","item":"https:\/\/www.amuz.krakow.pl\/"},{"@type":"ListItem","position":2,"name":"WYDZIA\u0141Y","item":"https:\/\/www.amuz.krakow.pl\/wydzialy\/"},{"@type":"ListItem","position":3,"name":"Wydzia\u0142 Tw\u00f3rczo\u015bci, Interpretacji i Edukacji Muzycznej","item":"https:\/\/www.amuz.krakow.pl\/wydzialy\/wydzial-i-tworczosci-interpretacji-i-edukacji-muzycznej\/"},{"@type":"ListItem","position":4,"name":"Katedra Bada\u0144 Muzyczno-Edukacyjnych","item":"https:\/\/www.amuz.krakow.pl\/wydzialy\/wydzial-i-tworczosci-interpretacji-i-edukacji-muzycznej\/katedra-badan-muzyczno-edukacyjnych\/"},{"@type":"ListItem","position":5,"name":"Pracownicy Katedry","item":"https:\/\/www.amuz.krakow.pl\/wydzialy\/wydzial-i-tworczosci-interpretacji-i-edukacji-muzycznej\/katedra-badan-muzyczno-edukacyjnych\/pracownicy\/"},{"@type":"ListItem","position":6,"name":"prof. dr hab. Jan Jazownik"}]},{"@type":"WebSite","@id":"https:\/\/www.amuz.krakow.pl\/#website","url":"https:\/\/www.amuz.krakow.pl\/","name":"Akademia Muzyczna im. Krzysztofa Pendereckiego w Krakowie","description":"Oficjalna strona Akademii Muzycznej im. Krzysztofa Pendereckiego w Krakowie (AMKP).","publisher":{"@id":"https:\/\/www.amuz.krakow.pl\/#organization"},"alternateName":"AMKP","potentialAction":[{"@type":"SearchAction","target":{"@type":"EntryPoint","urlTemplate":"https:\/\/www.amuz.krakow.pl\/?s={search_term_string}"},"query-input":{"@type":"PropertyValueSpecification","valueRequired":true,"valueName":"search_term_string"}}],"inLanguage":"en-US"},{"@type":"Organization","@id":"https:\/\/www.amuz.krakow.pl\/#organization","name":"Akademia Muzyczna im. Krzysztofa Pendereckiego w Krakowie","alternateName":"AMKP","url":"https:\/\/www.amuz.krakow.pl\/","logo":{"@type":"ImageObject","inLanguage":"en-US","@id":"https:\/\/www.amuz.krakow.pl\/#\/schema\/logo\/image\/","url":"https:\/\/www.amuz.krakow.pl\/wp-content\/uploads\/2021\/11\/amkp.jpg","contentUrl":"https:\/\/www.amuz.krakow.pl\/wp-content\/uploads\/2021\/11\/amkp.jpg","width":1193,"height":591,"caption":"Akademia Muzyczna im. Krzysztofa Pendereckiego w Krakowie"},"image":{"@id":"https:\/\/www.amuz.krakow.pl\/#\/schema\/logo\/image\/"},"sameAs":["https:\/\/www.facebook.com\/amuz.krakow","https:\/\/www.instagram.com\/amkpenderecki\/","https:\/\/www.youtube.com\/@amkpenderecki4806"]}]}},"_links":{"self":[{"href":"https:\/\/www.amuz.krakow.pl\/en\/wp-json\/wp\/v2\/pages\/1383","targetHints":{"allow":["GET"]}}],"collection":[{"href":"https:\/\/www.amuz.krakow.pl\/en\/wp-json\/wp\/v2\/pages"}],"about":[{"href":"https:\/\/www.amuz.krakow.pl\/en\/wp-json\/wp\/v2\/types\/page"}],"author":[{"embeddable":true,"href":"https:\/\/www.amuz.krakow.pl\/en\/wp-json\/wp\/v2\/users\/72"}],"replies":[{"embeddable":true,"href":"https:\/\/www.amuz.krakow.pl\/en\/wp-json\/wp\/v2\/comments?post=1383"}],"version-history":[{"count":9,"href":"https:\/\/www.amuz.krakow.pl\/en\/wp-json\/wp\/v2\/pages\/1383\/revisions"}],"predecessor-version":[{"id":116362,"href":"https:\/\/www.amuz.krakow.pl\/en\/wp-json\/wp\/v2\/pages\/1383\/revisions\/116362"}],"up":[{"embeddable":true,"href":"https:\/\/www.amuz.krakow.pl\/en\/wp-json\/wp\/v2\/pages\/33637"}],"wp:featuredmedia":[{"embeddable":true,"href":"https:\/\/www.amuz.krakow.pl\/en\/wp-json\/wp\/v2\/media\/7921"}],"wp:attachment":[{"href":"https:\/\/www.amuz.krakow.pl\/en\/wp-json\/wp\/v2\/media?parent=1383"}],"curies":[{"name":"wp","href":"https:\/\/api.w.org\/{rel}","templated":true}]}}