{"id":13771,"date":"2017-01-10T22:46:52","date_gmt":"2017-01-10T21:46:52","guid":{"rendered":"https:\/\/www.amuz.krakow.pl\/?page_id=13771"},"modified":"2026-03-17T13:16:34","modified_gmt":"2026-03-17T12:16:34","slug":"michael-wessel-fortepian","status":"publish","type":"page","link":"https:\/\/www.amuz.krakow.pl\/en\/letnia-akademia-muzyczna\/wykaz-kursow\/instrumenty-klawiszowe\/michael-wessel-fortepian\/","title":{"rendered":"Michael Wessel &#8211; piano"},"content":{"rendered":"<p><\/p>\n<p style=\"text-align: justify;\"><a href=\"https:\/\/www.amuz.krakow.pl\/wp-content\/uploads\/2017\/01\/Wessel-Michael-1.jpg\"><img loading=\"lazy\" decoding=\"async\" class=\"alignleft wp-image-13773\" src=\"https:\/\/www.amuz.krakow.pl\/wp-content\/uploads\/2017\/01\/Wessel-Michael-1.jpg\" alt=\"\" width=\"139\" height=\"209\" srcset=\"https:\/\/www.amuz.krakow.pl\/wp-content\/uploads\/2017\/01\/Wessel-Michael-1.jpg 400w, https:\/\/www.amuz.krakow.pl\/wp-content\/uploads\/2017\/01\/Wessel-Michael-1-200x300.jpg 200w\" sizes=\"auto, (max-width: 139px) 100vw, 139px\" \/><\/a>Michael Wessel is piano, accompaniment and medodics professor at Hochschule f\u00fcr Evangelische Kirchenmusik Bayreuth. He studies piano, composition, harmony, counterpoint and music education at the Academies of Music of Detmold and Stuttgart: piano with Hanns-Ulrich Kunze, J\u00fcrgen Uhde and Elisabeth Leonskaja, and composition with Helmut Lachenmann. During his studies with H. Lachenmann, he received a scholarship for young scientists from Baden-W\u00fcrttemberg. His repertoire includes all music epochs important for piano music. As a soloist, chamber musician and accompanist he performs in many European countries and in the Middle East. As a soloist he has collaborated with numerous orchestras, inclusing the SWR Radio Symphony Orchestra. He eagerly participates in concerts combined with lectures on compositions and music interpretation or with poem reciting with such actors as Christoph Bantzer and Heikko Deutschmann. He performs with renown chamber musicians, including Tilmann Wicke, Daniel Gaede and Jan Schroeder, and famous song performers (Kai Wessel). Numerous recordings for the radio and recording companies (SWR, Animato) testify to his broad artistic activity. He is the author of the book Die Kunst des \u00dcbens \u2013 Wegweiser zu inspiriertem \u00dcben und Interpretieren (The Art of Practicing \u2013 guidelines fof stimulated excersising and interpreting, Wilhelmshaven 2007), which received very good reviews in professional press and the radio. In Septemner 2012, his new book was published by the B\u00e4renreiterverlag publishing house \u00dcben-Proben-Karriere \u2013 12 Interpreten im Gespr\u00e4ch (Exercising-Rehearsass-Career \u2013 interviews with 12 music interpreters) where the author speaks to such people as Paul Badura-Skoda, Pierre-Laurent Aimard, Christian Tetzlaff, Tabea Zimmermann, Annette Dasch and J\u00f6rg Widmann). On the occasion of the Wagner Year of 2013, he released an album with works by Wagner Liszt-Wagner and Julius Reubke (Animato), which also received excellent reviews. He sits on the juries of national and international music competitions (including the Franz-Liszt-Wettbewerb Weimar, the Academic Piano Competition of Italian Music Conservatoires). He also conducts regularly master classes at conservatoires at home and abroad (e.g. Conservatorio G. Puccini La Spezia, music schools in Munich and Nuremberg, Bundesakademie Trossingen, ABA Muscat Oman).<\/p>\n<p><\/p>","protected":false},"excerpt":{"rendered":"<p>Michael Wessel is piano, accompaniment and medodics professor at Hochschule f\u00fcr Evangelische Kirchenmusik Bayreuth. He studies piano, composition, harmony, counterpoint and music education at the Academies of Music of Detmold&hellip; <a href=\"https:\/\/www.amuz.krakow.pl\/en\/letnia-akademia-muzyczna\/wykaz-kursow\/instrumenty-klawiszowe\/michael-wessel-fortepian\/\">Continue reading<\/a><\/p>\n","protected":false},"author":72,"featured_media":0,"parent":47050,"menu_order":2,"comment_status":"closed","ping_status":"closed","template":"","meta":{"footnotes":"","_links_to":"","_links_to_target":""},"class_list":["post-13771","page","type-page","status-publish","hentry"],"yoast_head":"<!-- This site is optimized with the Yoast SEO plugin v27.2 - https:\/\/yoast.com\/product\/yoast-seo-wordpress\/ -->\n<title>AMKP - Akademia Muzyczna im. Krzysztofa Pendereckiego w Krakowie<\/title>\n<meta name=\"robots\" content=\"index, follow, max-snippet:-1, max-image-preview:large, max-video-preview:-1\" \/>\n<link rel=\"canonical\" href=\"https:\/\/www.amuz.krakow.pl\/letnia-akademia-muzyczna\/wykaz-kursow\/instrumenty-klawiszowe\/michael-wessel-fortepian\/\" \/>\n<meta property=\"og:locale\" content=\"en_US\" \/>\n<meta property=\"og:type\" content=\"article\" \/>\n<meta property=\"og:title\" content=\"Michael Wessel - fortepian\" \/>\n<meta property=\"og:description\" content=\"Jest profesorem w klasie fortepianu, akompaniamentu i metodyki w Hochschule f\u00fcr Evangelische Kirchenmusik Bayreuth. Studiowa\u0142 fortepian, kompozycj\u0119, harmoni\u0119 i kontrapunkt oraz edukacj\u0119 muzyczn\u0105 na uczelniach muzycznych w Detmold i Stuttgarcie; fortepian w klasach Hannsa-Ulricha Kunze, J\u00fcrgena Uhde i Elisabeth Leonskaja, a kompozycj\u0119 w klasie Helmuta Lachenmanna. Podczas odbywania studi\u00f3w u H. Lachenmanna otrzyma\u0142 stypendium dla m\u0142odych naukowc\u00f3w kraju zwi\u0105zkowego Baden-W\u00fcrttemberg. Jego repertuar obejmuje wszystkie wa\u017cne dla tw\u00f3rczo\u015bci fortepianowej epoki muzyczne. Jako solista, kameralista i akompaniator koncertuje w wielu krajach europejskich i na Bliskim Wschodzie. Wsp\u00f3\u0142pracowa\u0142 jako solista z wieloma orkiestrami (m.in. z Radiow\u0105 Orkiestr\u0105 Symfoniczn\u0105 rozg\u0142o\u015bni SWR). Ch\u0119tnie uczestniczy w koncertach po\u0142\u0105czonych z prelekcjami na temat kompozycji i interpretacji muzyki lub z recytacj\u0105 utwor\u00f3w lirycznych m. in. z udzia\u0142em aktor\u00f3w: Christopha Bantzera i Heikko Deutschmanna. Koncertuje z renomowanymi kameralistami (m.in. z Tilmannem Wicke, Danielem Gaede i Janem Schroederem) oraz znanymi wykonawcami pie\u015bni (m.in. z Kai Wessel). \u015awiadectwem jego szerokiej dzia\u0142alno\u015bci artystycznej s\u0105 liczne nagrania radiowe i wydania p\u0142ytowe (SWR, \u201eAnimato\u201d). Jest autorem ksi\u0105\u017cki pt. Die Kunst des \u00dcbens \u2013 Wegweiser zu inspiriertem \u00dcben und Interpretieren (Sztuka \u0107wiczenia \u2013 wskaz\u00f3wki do stymulowanego \u0107wiczenia i interpretowania, Wilhelmshaven 2007), kt\u00f3ra otrzyma\u0142a znakomite recenzje w fachowej prasie i w radiu. We wrze\u015bniu 2012 r. ukaza\u0142a si\u0119 w wydawnictwie B\u00e4renreiterverlag nowa ksi\u0105\u017cka jego autorstwa pt. \u00dcben-Proben-Karriere \u2013 12 Interpreten im Gespr\u00e4ch (\u0106wiczenie-Pr\u00f3by-Kariera - wywiady z 12 interpretatorami muzyki, rozm\u00f3wcami s\u0105 m.in. Paul Badura-Skoda, Pierre-Laurent Aimard, Christian Tetzlaff, Tabea Zimmermann, Annette Dasch i J\u00f6rg Widmann). Z okazji Roku Wagnerowskiego 2013 wyda\u0142 p\u0142yt\u0119 CD z utworami Wagnera, Liszta-Wagnera i Juliusa Reubke (nagran\u0105 dla wytw\u00f3rni Animato), kt\u00f3ra tak\u017ce zebra\u0142a doskona\u0142e recenzje. Jest jurorem krajowych i zagranicznych konkurs\u00f3w muzycznych (m.in. Franz-Liszt-Wettbewerb Weimar, Akademicki Konkurs Pianistyczny W\u0142oskich Konserwatori\u00f3w Muzycznych). Regularnie prowadzi te\u017c kursy mistrzowskie na uczelniach w kraju i za granic\u0105 (m.in. Conservatorio G. Puccini La Spezia, uczelnie muzyczne w Monachium i Norymberdze, Bundesakademie Trossingen, ABA Muscat Oman).\" \/>\n<meta property=\"og:url\" content=\"https:\/\/www.amuz.krakow.pl\/letnia-akademia-muzyczna\/wykaz-kursow\/instrumenty-klawiszowe\/michael-wessel-fortepian\/\" \/>\n<meta property=\"og:site_name\" content=\"Akademia Muzyczna im. Krzysztofa Pendereckiego w Krakowie\" \/>\n<meta property=\"article:publisher\" content=\"https:\/\/www.facebook.com\/amuz.krakow\" \/>\n<meta property=\"article:modified_time\" content=\"2026-03-17T12:16:34+00:00\" \/>\n<meta property=\"og:image\" content=\"https:\/\/www.amuz.krakow.pl\/wp-content\/uploads\/2017\/01\/Wessel-Michael-1.jpg\" \/>\n\t<meta property=\"og:image:width\" content=\"400\" \/>\n\t<meta property=\"og:image:height\" content=\"600\" \/>\n\t<meta property=\"og:image:type\" content=\"image\/jpeg\" \/>\n<meta name=\"twitter:card\" content=\"summary_large_image\" \/>\n<meta name=\"twitter:label1\" content=\"Est. reading time\" \/>\n\t<meta name=\"twitter:data1\" content=\"3 minutes\" \/>\n<script type=\"application\/ld+json\" class=\"yoast-schema-graph\">{\"@context\":\"https:\/\/schema.org\",\"@graph\":[{\"@type\":\"WebPage\",\"@id\":\"https:\/\/www.amuz.krakow.pl\/letnia-akademia-muzyczna\/wykaz-kursow\/instrumenty-klawiszowe\/michael-wessel-fortepian\/\",\"url\":\"https:\/\/www.amuz.krakow.pl\/letnia-akademia-muzyczna\/wykaz-kursow\/instrumenty-klawiszowe\/michael-wessel-fortepian\/\",\"name\":\"AMKP - Akademia Muzyczna im. Krzysztofa Pendereckiego w Krakowie\",\"isPartOf\":{\"@id\":\"https:\/\/www.amuz.krakow.pl\/#website\"},\"primaryImageOfPage\":{\"@id\":\"https:\/\/www.amuz.krakow.pl\/letnia-akademia-muzyczna\/wykaz-kursow\/instrumenty-klawiszowe\/michael-wessel-fortepian\/#primaryimage\"},\"image\":{\"@id\":\"https:\/\/www.amuz.krakow.pl\/letnia-akademia-muzyczna\/wykaz-kursow\/instrumenty-klawiszowe\/michael-wessel-fortepian\/#primaryimage\"},\"thumbnailUrl\":\"https:\/\/www.amuz.krakow.pl\/wp-content\/uploads\/2017\/01\/Wessel-Michael.jpg\",\"datePublished\":\"2017-01-10T21:46:52+00:00\",\"dateModified\":\"2026-03-17T12:16:34+00:00\",\"breadcrumb\":{\"@id\":\"https:\/\/www.amuz.krakow.pl\/letnia-akademia-muzyczna\/wykaz-kursow\/instrumenty-klawiszowe\/michael-wessel-fortepian\/#breadcrumb\"},\"inLanguage\":\"en-US\",\"potentialAction\":[{\"@type\":\"ReadAction\",\"target\":[\"https:\/\/www.amuz.krakow.pl\/letnia-akademia-muzyczna\/wykaz-kursow\/instrumenty-klawiszowe\/michael-wessel-fortepian\/\"]}]},{\"@type\":\"ImageObject\",\"inLanguage\":\"en-US\",\"@id\":\"https:\/\/www.amuz.krakow.pl\/letnia-akademia-muzyczna\/wykaz-kursow\/instrumenty-klawiszowe\/michael-wessel-fortepian\/#primaryimage\",\"url\":\"https:\/\/www.amuz.krakow.pl\/wp-content\/uploads\/2017\/01\/Wessel-Michael.jpg\",\"contentUrl\":\"https:\/\/www.amuz.krakow.pl\/wp-content\/uploads\/2017\/01\/Wessel-Michael.jpg\"},{\"@type\":\"BreadcrumbList\",\"@id\":\"https:\/\/www.amuz.krakow.pl\/letnia-akademia-muzyczna\/wykaz-kursow\/instrumenty-klawiszowe\/michael-wessel-fortepian\/#breadcrumb\",\"itemListElement\":[{\"@type\":\"ListItem\",\"position\":1,\"name\":\"Strona g\u0142\u00f3wna\",\"item\":\"https:\/\/www.amuz.krakow.pl\/\"},{\"@type\":\"ListItem\",\"position\":2,\"name\":\"Letnia Akademia Muzyczna\",\"item\":\"https:\/\/www.amuz.krakow.pl\/letnia-akademia-muzyczna\/\"},{\"@type\":\"ListItem\",\"position\":3,\"name\":\"Wykaz kurs\u00f3w\",\"item\":\"https:\/\/www.amuz.krakow.pl\/letnia-akademia-muzyczna\/wykaz-kursow\/\"},{\"@type\":\"ListItem\",\"position\":4,\"name\":\"Instrumenty klawiszowe\",\"item\":\"https:\/\/www.amuz.krakow.pl\/letnia-akademia-muzyczna\/wykaz-kursow\/instrumenty-klawiszowe\/\"},{\"@type\":\"ListItem\",\"position\":5,\"name\":\"Michael Wessel &#8211; fortepian\"}]},{\"@type\":\"WebSite\",\"@id\":\"https:\/\/www.amuz.krakow.pl\/#website\",\"url\":\"https:\/\/www.amuz.krakow.pl\/\",\"name\":\"Akademia Muzyczna im. Krzysztofa Pendereckiego w Krakowie\",\"description\":\"Oficjalna strona Akademii Muzycznej im. Krzysztofa Pendereckiego w Krakowie (AMKP).\",\"publisher\":{\"@id\":\"https:\/\/www.amuz.krakow.pl\/#organization\"},\"alternateName\":\"AMKP\",\"potentialAction\":[{\"@type\":\"SearchAction\",\"target\":{\"@type\":\"EntryPoint\",\"urlTemplate\":\"https:\/\/www.amuz.krakow.pl\/?s={search_term_string}\"},\"query-input\":{\"@type\":\"PropertyValueSpecification\",\"valueRequired\":true,\"valueName\":\"search_term_string\"}}],\"inLanguage\":\"en-US\"},{\"@type\":\"Organization\",\"@id\":\"https:\/\/www.amuz.krakow.pl\/#organization\",\"name\":\"Akademia Muzyczna im. Krzysztofa Pendereckiego w Krakowie\",\"alternateName\":\"AMKP\",\"url\":\"https:\/\/www.amuz.krakow.pl\/\",\"logo\":{\"@type\":\"ImageObject\",\"inLanguage\":\"en-US\",\"@id\":\"https:\/\/www.amuz.krakow.pl\/#\/schema\/logo\/image\/\",\"url\":\"https:\/\/www.amuz.krakow.pl\/wp-content\/uploads\/2021\/11\/amkp.jpg\",\"contentUrl\":\"https:\/\/www.amuz.krakow.pl\/wp-content\/uploads\/2021\/11\/amkp.jpg\",\"width\":1193,\"height\":591,\"caption\":\"Akademia Muzyczna im. Krzysztofa Pendereckiego w Krakowie\"},\"image\":{\"@id\":\"https:\/\/www.amuz.krakow.pl\/#\/schema\/logo\/image\/\"},\"sameAs\":[\"https:\/\/www.facebook.com\/amuz.krakow\",\"https:\/\/www.instagram.com\/amkpenderecki\/\",\"https:\/\/www.youtube.com\/@amkpenderecki4806\"]}]}<\/script>\n<!-- \/ Yoast SEO plugin. -->","yoast_head_json":{"title":"AMKP - Akademia Muzyczna im. Krzysztofa Pendereckiego w Krakowie","robots":{"index":"index","follow":"follow","max-snippet":"max-snippet:-1","max-image-preview":"max-image-preview:large","max-video-preview":"max-video-preview:-1"},"canonical":"https:\/\/www.amuz.krakow.pl\/letnia-akademia-muzyczna\/wykaz-kursow\/instrumenty-klawiszowe\/michael-wessel-fortepian\/","og_locale":"en_US","og_type":"article","og_title":"Michael Wessel - fortepian","og_description":"Jest profesorem w klasie fortepianu, akompaniamentu i metodyki w Hochschule f\u00fcr Evangelische Kirchenmusik Bayreuth. Studiowa\u0142 fortepian, kompozycj\u0119, harmoni\u0119 i kontrapunkt oraz edukacj\u0119 muzyczn\u0105 na uczelniach muzycznych w Detmold i Stuttgarcie; fortepian w klasach Hannsa-Ulricha Kunze, J\u00fcrgena Uhde i Elisabeth Leonskaja, a kompozycj\u0119 w klasie Helmuta Lachenmanna. Podczas odbywania studi\u00f3w u H. Lachenmanna otrzyma\u0142 stypendium dla m\u0142odych naukowc\u00f3w kraju zwi\u0105zkowego Baden-W\u00fcrttemberg. Jego repertuar obejmuje wszystkie wa\u017cne dla tw\u00f3rczo\u015bci fortepianowej epoki muzyczne. Jako solista, kameralista i akompaniator koncertuje w wielu krajach europejskich i na Bliskim Wschodzie. Wsp\u00f3\u0142pracowa\u0142 jako solista z wieloma orkiestrami (m.in. z Radiow\u0105 Orkiestr\u0105 Symfoniczn\u0105 rozg\u0142o\u015bni SWR). Ch\u0119tnie uczestniczy w koncertach po\u0142\u0105czonych z prelekcjami na temat kompozycji i interpretacji muzyki lub z recytacj\u0105 utwor\u00f3w lirycznych m. in. z udzia\u0142em aktor\u00f3w: Christopha Bantzera i Heikko Deutschmanna. Koncertuje z renomowanymi kameralistami (m.in. z Tilmannem Wicke, Danielem Gaede i Janem Schroederem) oraz znanymi wykonawcami pie\u015bni (m.in. z Kai Wessel). \u015awiadectwem jego szerokiej dzia\u0142alno\u015bci artystycznej s\u0105 liczne nagrania radiowe i wydania p\u0142ytowe (SWR, \u201eAnimato\u201d). Jest autorem ksi\u0105\u017cki pt. Die Kunst des \u00dcbens \u2013 Wegweiser zu inspiriertem \u00dcben und Interpretieren (Sztuka \u0107wiczenia \u2013 wskaz\u00f3wki do stymulowanego \u0107wiczenia i interpretowania, Wilhelmshaven 2007), kt\u00f3ra otrzyma\u0142a znakomite recenzje w fachowej prasie i w radiu. We wrze\u015bniu 2012 r. ukaza\u0142a si\u0119 w wydawnictwie B\u00e4renreiterverlag nowa ksi\u0105\u017cka jego autorstwa pt. \u00dcben-Proben-Karriere \u2013 12 Interpreten im Gespr\u00e4ch (\u0106wiczenie-Pr\u00f3by-Kariera - wywiady z 12 interpretatorami muzyki, rozm\u00f3wcami s\u0105 m.in. Paul Badura-Skoda, Pierre-Laurent Aimard, Christian Tetzlaff, Tabea Zimmermann, Annette Dasch i J\u00f6rg Widmann). Z okazji Roku Wagnerowskiego 2013 wyda\u0142 p\u0142yt\u0119 CD z utworami Wagnera, Liszta-Wagnera i Juliusa Reubke (nagran\u0105 dla wytw\u00f3rni Animato), kt\u00f3ra tak\u017ce zebra\u0142a doskona\u0142e recenzje. Jest jurorem krajowych i zagranicznych konkurs\u00f3w muzycznych (m.in. Franz-Liszt-Wettbewerb Weimar, Akademicki Konkurs Pianistyczny W\u0142oskich Konserwatori\u00f3w Muzycznych). Regularnie prowadzi te\u017c kursy mistrzowskie na uczelniach w kraju i za granic\u0105 (m.in. Conservatorio G. Puccini La Spezia, uczelnie muzyczne w Monachium i Norymberdze, Bundesakademie Trossingen, ABA Muscat Oman).","og_url":"https:\/\/www.amuz.krakow.pl\/letnia-akademia-muzyczna\/wykaz-kursow\/instrumenty-klawiszowe\/michael-wessel-fortepian\/","og_site_name":"Akademia Muzyczna im. Krzysztofa Pendereckiego w Krakowie","article_publisher":"https:\/\/www.facebook.com\/amuz.krakow","article_modified_time":"2026-03-17T12:16:34+00:00","og_image":[{"width":400,"height":600,"url":"https:\/\/www.amuz.krakow.pl\/wp-content\/uploads\/2017\/01\/Wessel-Michael-1.jpg","type":"image\/jpeg"}],"twitter_card":"summary_large_image","twitter_misc":{"Est. reading time":"3 minutes"},"schema":{"@context":"https:\/\/schema.org","@graph":[{"@type":"WebPage","@id":"https:\/\/www.amuz.krakow.pl\/letnia-akademia-muzyczna\/wykaz-kursow\/instrumenty-klawiszowe\/michael-wessel-fortepian\/","url":"https:\/\/www.amuz.krakow.pl\/letnia-akademia-muzyczna\/wykaz-kursow\/instrumenty-klawiszowe\/michael-wessel-fortepian\/","name":"AMKP - Akademia Muzyczna im. Krzysztofa Pendereckiego w Krakowie","isPartOf":{"@id":"https:\/\/www.amuz.krakow.pl\/#website"},"primaryImageOfPage":{"@id":"https:\/\/www.amuz.krakow.pl\/letnia-akademia-muzyczna\/wykaz-kursow\/instrumenty-klawiszowe\/michael-wessel-fortepian\/#primaryimage"},"image":{"@id":"https:\/\/www.amuz.krakow.pl\/letnia-akademia-muzyczna\/wykaz-kursow\/instrumenty-klawiszowe\/michael-wessel-fortepian\/#primaryimage"},"thumbnailUrl":"https:\/\/www.amuz.krakow.pl\/wp-content\/uploads\/2017\/01\/Wessel-Michael.jpg","datePublished":"2017-01-10T21:46:52+00:00","dateModified":"2026-03-17T12:16:34+00:00","breadcrumb":{"@id":"https:\/\/www.amuz.krakow.pl\/letnia-akademia-muzyczna\/wykaz-kursow\/instrumenty-klawiszowe\/michael-wessel-fortepian\/#breadcrumb"},"inLanguage":"en-US","potentialAction":[{"@type":"ReadAction","target":["https:\/\/www.amuz.krakow.pl\/letnia-akademia-muzyczna\/wykaz-kursow\/instrumenty-klawiszowe\/michael-wessel-fortepian\/"]}]},{"@type":"ImageObject","inLanguage":"en-US","@id":"https:\/\/www.amuz.krakow.pl\/letnia-akademia-muzyczna\/wykaz-kursow\/instrumenty-klawiszowe\/michael-wessel-fortepian\/#primaryimage","url":"https:\/\/www.amuz.krakow.pl\/wp-content\/uploads\/2017\/01\/Wessel-Michael.jpg","contentUrl":"https:\/\/www.amuz.krakow.pl\/wp-content\/uploads\/2017\/01\/Wessel-Michael.jpg"},{"@type":"BreadcrumbList","@id":"https:\/\/www.amuz.krakow.pl\/letnia-akademia-muzyczna\/wykaz-kursow\/instrumenty-klawiszowe\/michael-wessel-fortepian\/#breadcrumb","itemListElement":[{"@type":"ListItem","position":1,"name":"Strona g\u0142\u00f3wna","item":"https:\/\/www.amuz.krakow.pl\/"},{"@type":"ListItem","position":2,"name":"Letnia Akademia Muzyczna","item":"https:\/\/www.amuz.krakow.pl\/letnia-akademia-muzyczna\/"},{"@type":"ListItem","position":3,"name":"Wykaz kurs\u00f3w","item":"https:\/\/www.amuz.krakow.pl\/letnia-akademia-muzyczna\/wykaz-kursow\/"},{"@type":"ListItem","position":4,"name":"Instrumenty klawiszowe","item":"https:\/\/www.amuz.krakow.pl\/letnia-akademia-muzyczna\/wykaz-kursow\/instrumenty-klawiszowe\/"},{"@type":"ListItem","position":5,"name":"Michael Wessel &#8211; fortepian"}]},{"@type":"WebSite","@id":"https:\/\/www.amuz.krakow.pl\/#website","url":"https:\/\/www.amuz.krakow.pl\/","name":"Akademia Muzyczna im. Krzysztofa Pendereckiego w Krakowie","description":"Oficjalna strona Akademii Muzycznej im. Krzysztofa Pendereckiego w Krakowie (AMKP).","publisher":{"@id":"https:\/\/www.amuz.krakow.pl\/#organization"},"alternateName":"AMKP","potentialAction":[{"@type":"SearchAction","target":{"@type":"EntryPoint","urlTemplate":"https:\/\/www.amuz.krakow.pl\/?s={search_term_string}"},"query-input":{"@type":"PropertyValueSpecification","valueRequired":true,"valueName":"search_term_string"}}],"inLanguage":"en-US"},{"@type":"Organization","@id":"https:\/\/www.amuz.krakow.pl\/#organization","name":"Akademia Muzyczna im. Krzysztofa Pendereckiego w Krakowie","alternateName":"AMKP","url":"https:\/\/www.amuz.krakow.pl\/","logo":{"@type":"ImageObject","inLanguage":"en-US","@id":"https:\/\/www.amuz.krakow.pl\/#\/schema\/logo\/image\/","url":"https:\/\/www.amuz.krakow.pl\/wp-content\/uploads\/2021\/11\/amkp.jpg","contentUrl":"https:\/\/www.amuz.krakow.pl\/wp-content\/uploads\/2021\/11\/amkp.jpg","width":1193,"height":591,"caption":"Akademia Muzyczna im. Krzysztofa Pendereckiego w Krakowie"},"image":{"@id":"https:\/\/www.amuz.krakow.pl\/#\/schema\/logo\/image\/"},"sameAs":["https:\/\/www.facebook.com\/amuz.krakow","https:\/\/www.instagram.com\/amkpenderecki\/","https:\/\/www.youtube.com\/@amkpenderecki4806"]}]}},"_links":{"self":[{"href":"https:\/\/www.amuz.krakow.pl\/en\/wp-json\/wp\/v2\/pages\/13771","targetHints":{"allow":["GET"]}}],"collection":[{"href":"https:\/\/www.amuz.krakow.pl\/en\/wp-json\/wp\/v2\/pages"}],"about":[{"href":"https:\/\/www.amuz.krakow.pl\/en\/wp-json\/wp\/v2\/types\/page"}],"author":[{"embeddable":true,"href":"https:\/\/www.amuz.krakow.pl\/en\/wp-json\/wp\/v2\/users\/72"}],"replies":[{"embeddable":true,"href":"https:\/\/www.amuz.krakow.pl\/en\/wp-json\/wp\/v2\/comments?post=13771"}],"version-history":[{"count":3,"href":"https:\/\/www.amuz.krakow.pl\/en\/wp-json\/wp\/v2\/pages\/13771\/revisions"}],"predecessor-version":[{"id":57949,"href":"https:\/\/www.amuz.krakow.pl\/en\/wp-json\/wp\/v2\/pages\/13771\/revisions\/57949"}],"up":[{"embeddable":true,"href":"https:\/\/www.amuz.krakow.pl\/en\/wp-json\/wp\/v2\/pages\/47050"}],"wp:attachment":[{"href":"https:\/\/www.amuz.krakow.pl\/en\/wp-json\/wp\/v2\/media?parent=13771"}],"curies":[{"name":"wp","href":"https:\/\/api.w.org\/{rel}","templated":true}]}}