{"id":1353,"date":"2016-02-14T22:01:27","date_gmt":"2016-02-14T21:01:27","guid":{"rendered":"http:\/\/strony.amuz.krakow.pl\/?page_id=1353"},"modified":"2025-07-11T10:18:14","modified_gmt":"2025-07-11T08:18:14","slug":"dr-ilona-iwanska","status":"publish","type":"page","link":"https:\/\/www.amuz.krakow.pl\/en\/wydzialy\/wydzial-i-tworczosci-interpretacji-i-edukacji-muzycznej\/katedra-teorii-i-interpretacji-dziela-muzycznego\/pracownicy\/dr-ilona-iwanska\/","title":{"rendered":"dr Ilona Iwa\u0144ska"},"content":{"rendered":"<p><figure id=\"attachment_105997\" aria-describedby=\"caption-attachment-105997\" style=\"width: 200px\" class=\"wp-caption alignleft\"><a href=\"https:\/\/www.amuz.krakow.pl\/wp-content\/uploads\/2025\/07\/Ilona-Iwanska-fot.-Malgorzata-Domagala.jpg\" target=\"_blank\" rel=\"noopener\"><img loading=\"lazy\" decoding=\"async\" class=\"wp-image-105997 size-medium\" src=\"https:\/\/www.amuz.krakow.pl\/wp-content\/uploads\/2025\/07\/Ilona-Iwanska-fot.-Malgorzata-Domagala-200x300.jpg\" alt=\"\" width=\"200\" height=\"300\" srcset=\"https:\/\/www.amuz.krakow.pl\/wp-content\/uploads\/2025\/07\/Ilona-Iwanska-fot.-Malgorzata-Domagala-200x300.jpg 200w, https:\/\/www.amuz.krakow.pl\/wp-content\/uploads\/2025\/07\/Ilona-Iwanska-fot.-Malgorzata-Domagala.jpg 548w\" sizes=\"auto, (max-width: 200px) 100vw, 200px\" \/><\/a><figcaption id=\"caption-attachment-105997\" class=\"wp-caption-text\">photo by Ma\u0142gorzata Domaga\u0142a<\/figcaption><\/figure><\/p>\n<p>In 2009, she graduated with honours from the Academy of Music in Krakow, where she studied Theory of Music, spending one semester at the Royal Birmingham Conservatoire in the United Kingdom (2008). Both her MA and PhD theses were prepared under the supervision of prof. M. Tomaszewski. She also pursued Comparative Studies at the Faculty of Polish Studies, Jagiellonian University.<\/p>\n<p>Her research interests focus on music from the turn of the 19th and 20th centuries to the present day. She is particularly interested in tonal and harmonic issues (including the neo-Riemannian approach), expression and word-tone relationships (especially in art song repertoire), and is currently working on a project concerning Polish art songs after 1937.<\/p>\n<p>Iwa\u0144ska has taken part in numerous Polish and international musicological conferences in Poland and abroad, and published one book (<em>Tonality \u2013 Expression \u2013 Semantics. Studies on the Song of the Time of Modernism<\/em>, 2020) and several dozen articles, essays, interviews and concert programme notes in Polish and English.<\/p>\n<p>Since 2009, she has been working at the Chair of Theory and Analysis of Musical Work at the Krzysztof Penderecki Academy of Music in Krakow (currently as an assistant professor), where she teaches, among others, Functional and Modern Harmony (in Polish and English), Music Analysis, Research Methodology (including at the doctoral level), and undergraduate and graduate seminars. Since 2009 she has been an editorial board member of <em>Teoria Muzyki. Studia. Interpretacje. Dokumentacje<\/em> journal. Her doctoral dissertation was rewarded by the Polish Composers&#8217; Union (2018).<\/p>\n<p><strong>Selected Publications<\/strong><\/p>\n<p><em>Tonalno\u015b\u0107 \u2013 ekspresja \u2013 semantyka. Studia nad pie\u015bni\u0105 czasu modernizmu<\/em> [<em>Tonality \u2013 Expression \u2013 Semantics. Studies On the Song of Modernism<\/em>], Academy of Music in Krakow, 2020<\/p>\n<p><strong>Book Chapters and<\/strong> <strong>Journal Articles (selection)<\/strong><\/p>\n<p><em>\u201eZrozumie\u0107 tonalno\u015b\u0107 na nowo\u201d: wok\u00f3\u0142 ksi\u0105\u017cki Dmitriego Tymoczki \u201eA Geometry of Music. Harmony and Counterpoint in the Extended Common Practice\u201d (Oxford University Press, 2011)<\/em> [\u201eTo understand tonality afresh\u201d<em>: On Dmitri Tymoczko\u2019s Book \u201eA Geometry of Music. Harmony and Counterpoint in the Extended Common Practice\u201d (Oxford University Press, 2011)<\/em>, \u201cRes Facta Nova\u201d 2024, no. 34 (25)<\/p>\n<p><em>Na tropie odwiecznych tajemnic. Alexandra Zemlinsky\u2019ego Sze\u015b\u0107 pie\u015bni op. 13 do s\u0142\u00f3w Maurice\u2019a Maeterlincka<\/em> [<em>On the Trail of Eternal Mysteries. Alexander Zemlinsky\u2019s Six Songs, Op. 13 to Poems by Maurice Maeterlinck<\/em>], \u201eTeoria Muzyki. Studia, interpretacje, dokumentacje\u201d 2024, no. 21, pp. 75-107<\/p>\n<p><em>Cadential Mode and Alternating Mode, or Two Parallel Worlds of the Major-Minor Harmonic System<\/em> [in:] <em>Re-Interpreting Music. Mieczys\u0142aw Tomaszewski&#8217;s Krak\u00f3w School of Music Theory. Studies \u2013 Syntheses \u2013 Constructs<\/em>, ed. by K. Kiwa\u0142a, AMKP w Krakowie, Krakow 2022, pp. 515-531<\/p>\n<p><em>\u201cKindertotenlieder\u201d by Gustav Mahler: Towards Major Consolation<\/em> [in:] <em>Beethoven 8. Studies and Interpretations<\/em>, ed. by M. Chrenkoff, AMKP w Krakowie, Krakow 2021, pp. 263-278<\/p>\n<p><em>Major-Minor Polarity and Its Expressive-Semantic Faces. Songs by Kar\u0142owicz, Mahler and Berg<\/em>, \u201cInterdisciplinary Studies in Musicology\u201d 2018, no. 18, pp. 23-35<\/p>\n<p><em>Jasno\u015b\u0107 i ciemno\u015b\u0107, czyli tonacje krzy\u017cykowe i bemolowe<\/em> [<em>Lightness and Darkness: Sharp and Flat Keys<\/em>], \u201cTeoria Muzyki. Studia, Interpretacje, Dokumentacje\u201d 2018, no. 12, pp. 104-124<\/p>\n<p><em>Modus kadencyjny i modus alternacyjny, czyli dwa r\u00f3wnoleg\u0142e \u015bwiaty harmoniki dur\u2013moll<\/em> [<em>Cadential Mode and Alternative Mode, or Two Parallel Worlds of Major-Minor Harmonics<\/em>] [in:] \u201cForum Muzykologiczne\u201d 2017-2018, pp. 44-57<\/p>\n<p><em>Ekspresywno-semantyczny aspekt tonalno\u015bci. W kr\u0119gu liryki wokalnej modernizmu<\/em> [<em>The Expressive and Semantic Aspect of Tonality. In the Circle of Modernist Vocal Lyricism<\/em>], \u201cTeoria Muzyki. Studia, Interpretacje, Dokumentacje\u201d 2017, no. 10, pp. 125-131<\/p>\n<p><em>\u201cMust a song always be a song!\u201d On the Genre\u2019s Antipodes or Charles Ives\u2019s Songs <\/em>[in:] <em>Music: Function And Value<\/em>, eds. T. Malecka, M. Paw\u0142owska, Akademia Muzyczna w Krakowie, Musica Iagellonica, Krakow 2013, pp. 569-582<\/p>\n<p><em>Pie\u015bni Charlesa Ivesa inspirowane poezj\u0105 angloj\u0119zyczn\u0105<\/em> [<em>Charles Ives&#8217; Songs Inspired by English-language Poetry<\/em>], \u201eTeoria Muzyki. Studia, interpretacje, dokumentacje\u201d 2012, no. 1, pp. 159-163<\/p>\n<p><em>Romantyk\u00f3w hommage dla Bacha: Schumanna, Mendelssohna i Liszta muzyka organowa<\/em> [<em>Romantics&#8217; Homage to Bach: Organ Music by Schumann, Mendelssohn and Liszt<\/em>] [in:] <em>S\u0142owo \u2013 D\u017awi\u0119k \u2013 Muzyka<\/em>, Studia Pro Musica Sacra t. VIII, Wydawnictwo Naukowe UPJPII, Krak\u00f3w 2010, pp. 83-94<\/p>\n<p><a href=\"mailto:ilona.iwanska@amuz.krakow.pl\">ilona.iwanska@amuz.krakow.pl<\/a><\/p>","protected":false},"excerpt":{"rendered":"<p>In 2009, she graduated with honours from the Academy of Music in Krakow, where she studied Theory of Music, spending one semester at the Royal Birmingham Conservatoire in the United&hellip; <a href=\"https:\/\/www.amuz.krakow.pl\/en\/wydzialy\/wydzial-i-tworczosci-interpretacji-i-edukacji-muzycznej\/katedra-teorii-i-interpretacji-dziela-muzycznego\/pracownicy\/dr-ilona-iwanska\/\">Continue reading<\/a><\/p>\n","protected":false},"author":72,"featured_media":105998,"parent":33630,"menu_order":5,"comment_status":"closed","ping_status":"closed","template":"","meta":{"footnotes":"","_links_to":"","_links_to_target":""},"class_list":["post-1353","page","type-page","status-publish","has-post-thumbnail","hentry"],"yoast_head":"<!-- This site is optimized with the Yoast SEO plugin v27.2 - https:\/\/yoast.com\/product\/yoast-seo-wordpress\/ -->\n<title>AMKP - Akademia Muzyczna im. Krzysztofa Pendereckiego w Krakowie<\/title>\n<meta name=\"robots\" content=\"index, follow, max-snippet:-1, max-image-preview:large, max-video-preview:-1\" \/>\n<link rel=\"canonical\" href=\"https:\/\/www.amuz.krakow.pl\/wydzialy\/wydzial-i-tworczosci-interpretacji-i-edukacji-muzycznej\/katedra-teorii-i-interpretacji-dziela-muzycznego\/pracownicy\/dr-ilona-iwanska\/\" \/>\n<meta property=\"og:locale\" content=\"en_US\" \/>\n<meta property=\"og:type\" content=\"article\" \/>\n<meta property=\"og:title\" content=\"AMKP - Akademia Muzyczna im. Krzysztofa Pendereckiego w Krakowie\" \/>\n<meta property=\"og:description\" content=\"In 2009, she graduated with honours from the Academy of Music in Krakow, where she studied Theory of Music, spending one semester at the Royal Birmingham Conservatoire in the United&hellip; Continue reading\" \/>\n<meta property=\"og:url\" content=\"https:\/\/www.amuz.krakow.pl\/wydzialy\/wydzial-i-tworczosci-interpretacji-i-edukacji-muzycznej\/katedra-teorii-i-interpretacji-dziela-muzycznego\/pracownicy\/dr-ilona-iwanska\/\" \/>\n<meta property=\"og:site_name\" content=\"Akademia Muzyczna im. Krzysztofa Pendereckiego w Krakowie\" \/>\n<meta property=\"article:publisher\" content=\"https:\/\/www.facebook.com\/amuz.krakow\" \/>\n<meta property=\"article:modified_time\" content=\"2025-07-11T08:18:14+00:00\" \/>\n<meta property=\"og:image\" content=\"https:\/\/www.amuz.krakow.pl\/wp-content\/uploads\/2025\/07\/Ilona-Iwanska-fot.-Malgorzata-Domagala-1.jpg\" \/>\n\t<meta property=\"og:image:width\" content=\"548\" \/>\n\t<meta property=\"og:image:height\" content=\"274\" \/>\n\t<meta property=\"og:image:type\" content=\"image\/jpeg\" \/>\n<meta name=\"twitter:card\" content=\"summary_large_image\" \/>\n<meta name=\"twitter:label1\" content=\"Est. reading time\" \/>\n\t<meta name=\"twitter:data1\" content=\"5 minutes\" \/>\n<script type=\"application\/ld+json\" class=\"yoast-schema-graph\">{\"@context\":\"https:\/\/schema.org\",\"@graph\":[{\"@type\":\"WebPage\",\"@id\":\"https:\/\/www.amuz.krakow.pl\/wydzialy\/wydzial-i-tworczosci-interpretacji-i-edukacji-muzycznej\/katedra-teorii-i-interpretacji-dziela-muzycznego\/pracownicy\/dr-ilona-iwanska\/\",\"url\":\"https:\/\/www.amuz.krakow.pl\/wydzialy\/wydzial-i-tworczosci-interpretacji-i-edukacji-muzycznej\/katedra-teorii-i-interpretacji-dziela-muzycznego\/pracownicy\/dr-ilona-iwanska\/\",\"name\":\"AMKP - Akademia Muzyczna im. Krzysztofa Pendereckiego w Krakowie\",\"isPartOf\":{\"@id\":\"https:\/\/www.amuz.krakow.pl\/#website\"},\"primaryImageOfPage\":{\"@id\":\"https:\/\/www.amuz.krakow.pl\/wydzialy\/wydzial-i-tworczosci-interpretacji-i-edukacji-muzycznej\/katedra-teorii-i-interpretacji-dziela-muzycznego\/pracownicy\/dr-ilona-iwanska\/#primaryimage\"},\"image\":{\"@id\":\"https:\/\/www.amuz.krakow.pl\/wydzialy\/wydzial-i-tworczosci-interpretacji-i-edukacji-muzycznej\/katedra-teorii-i-interpretacji-dziela-muzycznego\/pracownicy\/dr-ilona-iwanska\/#primaryimage\"},\"thumbnailUrl\":\"https:\/\/www.amuz.krakow.pl\/wp-content\/uploads\/2025\/07\/Ilona-Iwanska-fot.-Malgorzata-Domagala-1.jpg\",\"datePublished\":\"2016-02-14T21:01:27+00:00\",\"dateModified\":\"2025-07-11T08:18:14+00:00\",\"breadcrumb\":{\"@id\":\"https:\/\/www.amuz.krakow.pl\/wydzialy\/wydzial-i-tworczosci-interpretacji-i-edukacji-muzycznej\/katedra-teorii-i-interpretacji-dziela-muzycznego\/pracownicy\/dr-ilona-iwanska\/#breadcrumb\"},\"inLanguage\":\"en-US\",\"potentialAction\":[{\"@type\":\"ReadAction\",\"target\":[\"https:\/\/www.amuz.krakow.pl\/wydzialy\/wydzial-i-tworczosci-interpretacji-i-edukacji-muzycznej\/katedra-teorii-i-interpretacji-dziela-muzycznego\/pracownicy\/dr-ilona-iwanska\/\"]}]},{\"@type\":\"ImageObject\",\"inLanguage\":\"en-US\",\"@id\":\"https:\/\/www.amuz.krakow.pl\/wydzialy\/wydzial-i-tworczosci-interpretacji-i-edukacji-muzycznej\/katedra-teorii-i-interpretacji-dziela-muzycznego\/pracownicy\/dr-ilona-iwanska\/#primaryimage\",\"url\":\"https:\/\/www.amuz.krakow.pl\/wp-content\/uploads\/2025\/07\/Ilona-Iwanska-fot.-Malgorzata-Domagala-1.jpg\",\"contentUrl\":\"https:\/\/www.amuz.krakow.pl\/wp-content\/uploads\/2025\/07\/Ilona-Iwanska-fot.-Malgorzata-Domagala-1.jpg\",\"width\":548,\"height\":274},{\"@type\":\"BreadcrumbList\",\"@id\":\"https:\/\/www.amuz.krakow.pl\/wydzialy\/wydzial-i-tworczosci-interpretacji-i-edukacji-muzycznej\/katedra-teorii-i-interpretacji-dziela-muzycznego\/pracownicy\/dr-ilona-iwanska\/#breadcrumb\",\"itemListElement\":[{\"@type\":\"ListItem\",\"position\":1,\"name\":\"Strona g\u0142\u00f3wna\",\"item\":\"https:\/\/www.amuz.krakow.pl\/\"},{\"@type\":\"ListItem\",\"position\":2,\"name\":\"WYDZIA\u0141Y\",\"item\":\"https:\/\/www.amuz.krakow.pl\/wydzialy\/\"},{\"@type\":\"ListItem\",\"position\":3,\"name\":\"Wydzia\u0142 Tw\u00f3rczo\u015bci, Interpretacji i Edukacji Muzycznej\",\"item\":\"https:\/\/www.amuz.krakow.pl\/wydzialy\/wydzial-i-tworczosci-interpretacji-i-edukacji-muzycznej\/\"},{\"@type\":\"ListItem\",\"position\":4,\"name\":\"Katedra Teorii i Interpretacji Dzie\u0142a Muzycznego\",\"item\":\"https:\/\/www.amuz.krakow.pl\/wydzialy\/wydzial-i-tworczosci-interpretacji-i-edukacji-muzycznej\/katedra-teorii-i-interpretacji-dziela-muzycznego\/\"},{\"@type\":\"ListItem\",\"position\":5,\"name\":\"Pracownicy Katedry\",\"item\":\"https:\/\/www.amuz.krakow.pl\/wydzialy\/wydzial-i-tworczosci-interpretacji-i-edukacji-muzycznej\/katedra-teorii-i-interpretacji-dziela-muzycznego\/pracownicy\/\"},{\"@type\":\"ListItem\",\"position\":6,\"name\":\"dr Ilona Iwa\u0144ska\"}]},{\"@type\":\"WebSite\",\"@id\":\"https:\/\/www.amuz.krakow.pl\/#website\",\"url\":\"https:\/\/www.amuz.krakow.pl\/\",\"name\":\"Akademia Muzyczna im. Krzysztofa Pendereckiego w Krakowie\",\"description\":\"Oficjalna strona Akademii Muzycznej im. Krzysztofa Pendereckiego w Krakowie (AMKP).\",\"publisher\":{\"@id\":\"https:\/\/www.amuz.krakow.pl\/#organization\"},\"alternateName\":\"AMKP\",\"potentialAction\":[{\"@type\":\"SearchAction\",\"target\":{\"@type\":\"EntryPoint\",\"urlTemplate\":\"https:\/\/www.amuz.krakow.pl\/?s={search_term_string}\"},\"query-input\":{\"@type\":\"PropertyValueSpecification\",\"valueRequired\":true,\"valueName\":\"search_term_string\"}}],\"inLanguage\":\"en-US\"},{\"@type\":\"Organization\",\"@id\":\"https:\/\/www.amuz.krakow.pl\/#organization\",\"name\":\"Akademia Muzyczna im. Krzysztofa Pendereckiego w Krakowie\",\"alternateName\":\"AMKP\",\"url\":\"https:\/\/www.amuz.krakow.pl\/\",\"logo\":{\"@type\":\"ImageObject\",\"inLanguage\":\"en-US\",\"@id\":\"https:\/\/www.amuz.krakow.pl\/#\/schema\/logo\/image\/\",\"url\":\"https:\/\/www.amuz.krakow.pl\/wp-content\/uploads\/2021\/11\/amkp.jpg\",\"contentUrl\":\"https:\/\/www.amuz.krakow.pl\/wp-content\/uploads\/2021\/11\/amkp.jpg\",\"width\":1193,\"height\":591,\"caption\":\"Akademia Muzyczna im. Krzysztofa Pendereckiego w Krakowie\"},\"image\":{\"@id\":\"https:\/\/www.amuz.krakow.pl\/#\/schema\/logo\/image\/\"},\"sameAs\":[\"https:\/\/www.facebook.com\/amuz.krakow\",\"https:\/\/www.instagram.com\/amkpenderecki\/\",\"https:\/\/www.youtube.com\/@amkpenderecki4806\"]}]}<\/script>\n<!-- \/ Yoast SEO plugin. -->","yoast_head_json":{"title":"AMKP - Akademia Muzyczna im. Krzysztofa Pendereckiego w Krakowie","robots":{"index":"index","follow":"follow","max-snippet":"max-snippet:-1","max-image-preview":"max-image-preview:large","max-video-preview":"max-video-preview:-1"},"canonical":"https:\/\/www.amuz.krakow.pl\/wydzialy\/wydzial-i-tworczosci-interpretacji-i-edukacji-muzycznej\/katedra-teorii-i-interpretacji-dziela-muzycznego\/pracownicy\/dr-ilona-iwanska\/","og_locale":"en_US","og_type":"article","og_title":"AMKP - Akademia Muzyczna im. Krzysztofa Pendereckiego w Krakowie","og_description":"In 2009, she graduated with honours from the Academy of Music in Krakow, where she studied Theory of Music, spending one semester at the Royal Birmingham Conservatoire in the United&hellip; Continue reading","og_url":"https:\/\/www.amuz.krakow.pl\/wydzialy\/wydzial-i-tworczosci-interpretacji-i-edukacji-muzycznej\/katedra-teorii-i-interpretacji-dziela-muzycznego\/pracownicy\/dr-ilona-iwanska\/","og_site_name":"Akademia Muzyczna im. Krzysztofa Pendereckiego w Krakowie","article_publisher":"https:\/\/www.facebook.com\/amuz.krakow","article_modified_time":"2025-07-11T08:18:14+00:00","og_image":[{"width":548,"height":274,"url":"https:\/\/www.amuz.krakow.pl\/wp-content\/uploads\/2025\/07\/Ilona-Iwanska-fot.-Malgorzata-Domagala-1.jpg","type":"image\/jpeg"}],"twitter_card":"summary_large_image","twitter_misc":{"Est. reading time":"5 minutes"},"schema":{"@context":"https:\/\/schema.org","@graph":[{"@type":"WebPage","@id":"https:\/\/www.amuz.krakow.pl\/wydzialy\/wydzial-i-tworczosci-interpretacji-i-edukacji-muzycznej\/katedra-teorii-i-interpretacji-dziela-muzycznego\/pracownicy\/dr-ilona-iwanska\/","url":"https:\/\/www.amuz.krakow.pl\/wydzialy\/wydzial-i-tworczosci-interpretacji-i-edukacji-muzycznej\/katedra-teorii-i-interpretacji-dziela-muzycznego\/pracownicy\/dr-ilona-iwanska\/","name":"AMKP - Akademia Muzyczna im. Krzysztofa Pendereckiego w Krakowie","isPartOf":{"@id":"https:\/\/www.amuz.krakow.pl\/#website"},"primaryImageOfPage":{"@id":"https:\/\/www.amuz.krakow.pl\/wydzialy\/wydzial-i-tworczosci-interpretacji-i-edukacji-muzycznej\/katedra-teorii-i-interpretacji-dziela-muzycznego\/pracownicy\/dr-ilona-iwanska\/#primaryimage"},"image":{"@id":"https:\/\/www.amuz.krakow.pl\/wydzialy\/wydzial-i-tworczosci-interpretacji-i-edukacji-muzycznej\/katedra-teorii-i-interpretacji-dziela-muzycznego\/pracownicy\/dr-ilona-iwanska\/#primaryimage"},"thumbnailUrl":"https:\/\/www.amuz.krakow.pl\/wp-content\/uploads\/2025\/07\/Ilona-Iwanska-fot.-Malgorzata-Domagala-1.jpg","datePublished":"2016-02-14T21:01:27+00:00","dateModified":"2025-07-11T08:18:14+00:00","breadcrumb":{"@id":"https:\/\/www.amuz.krakow.pl\/wydzialy\/wydzial-i-tworczosci-interpretacji-i-edukacji-muzycznej\/katedra-teorii-i-interpretacji-dziela-muzycznego\/pracownicy\/dr-ilona-iwanska\/#breadcrumb"},"inLanguage":"en-US","potentialAction":[{"@type":"ReadAction","target":["https:\/\/www.amuz.krakow.pl\/wydzialy\/wydzial-i-tworczosci-interpretacji-i-edukacji-muzycznej\/katedra-teorii-i-interpretacji-dziela-muzycznego\/pracownicy\/dr-ilona-iwanska\/"]}]},{"@type":"ImageObject","inLanguage":"en-US","@id":"https:\/\/www.amuz.krakow.pl\/wydzialy\/wydzial-i-tworczosci-interpretacji-i-edukacji-muzycznej\/katedra-teorii-i-interpretacji-dziela-muzycznego\/pracownicy\/dr-ilona-iwanska\/#primaryimage","url":"https:\/\/www.amuz.krakow.pl\/wp-content\/uploads\/2025\/07\/Ilona-Iwanska-fot.-Malgorzata-Domagala-1.jpg","contentUrl":"https:\/\/www.amuz.krakow.pl\/wp-content\/uploads\/2025\/07\/Ilona-Iwanska-fot.-Malgorzata-Domagala-1.jpg","width":548,"height":274},{"@type":"BreadcrumbList","@id":"https:\/\/www.amuz.krakow.pl\/wydzialy\/wydzial-i-tworczosci-interpretacji-i-edukacji-muzycznej\/katedra-teorii-i-interpretacji-dziela-muzycznego\/pracownicy\/dr-ilona-iwanska\/#breadcrumb","itemListElement":[{"@type":"ListItem","position":1,"name":"Strona g\u0142\u00f3wna","item":"https:\/\/www.amuz.krakow.pl\/"},{"@type":"ListItem","position":2,"name":"WYDZIA\u0141Y","item":"https:\/\/www.amuz.krakow.pl\/wydzialy\/"},{"@type":"ListItem","position":3,"name":"Wydzia\u0142 Tw\u00f3rczo\u015bci, Interpretacji i Edukacji Muzycznej","item":"https:\/\/www.amuz.krakow.pl\/wydzialy\/wydzial-i-tworczosci-interpretacji-i-edukacji-muzycznej\/"},{"@type":"ListItem","position":4,"name":"Katedra Teorii i Interpretacji Dzie\u0142a Muzycznego","item":"https:\/\/www.amuz.krakow.pl\/wydzialy\/wydzial-i-tworczosci-interpretacji-i-edukacji-muzycznej\/katedra-teorii-i-interpretacji-dziela-muzycznego\/"},{"@type":"ListItem","position":5,"name":"Pracownicy Katedry","item":"https:\/\/www.amuz.krakow.pl\/wydzialy\/wydzial-i-tworczosci-interpretacji-i-edukacji-muzycznej\/katedra-teorii-i-interpretacji-dziela-muzycznego\/pracownicy\/"},{"@type":"ListItem","position":6,"name":"dr Ilona Iwa\u0144ska"}]},{"@type":"WebSite","@id":"https:\/\/www.amuz.krakow.pl\/#website","url":"https:\/\/www.amuz.krakow.pl\/","name":"Akademia Muzyczna im. Krzysztofa Pendereckiego w Krakowie","description":"Oficjalna strona Akademii Muzycznej im. Krzysztofa Pendereckiego w Krakowie (AMKP).","publisher":{"@id":"https:\/\/www.amuz.krakow.pl\/#organization"},"alternateName":"AMKP","potentialAction":[{"@type":"SearchAction","target":{"@type":"EntryPoint","urlTemplate":"https:\/\/www.amuz.krakow.pl\/?s={search_term_string}"},"query-input":{"@type":"PropertyValueSpecification","valueRequired":true,"valueName":"search_term_string"}}],"inLanguage":"en-US"},{"@type":"Organization","@id":"https:\/\/www.amuz.krakow.pl\/#organization","name":"Akademia Muzyczna im. Krzysztofa Pendereckiego w Krakowie","alternateName":"AMKP","url":"https:\/\/www.amuz.krakow.pl\/","logo":{"@type":"ImageObject","inLanguage":"en-US","@id":"https:\/\/www.amuz.krakow.pl\/#\/schema\/logo\/image\/","url":"https:\/\/www.amuz.krakow.pl\/wp-content\/uploads\/2021\/11\/amkp.jpg","contentUrl":"https:\/\/www.amuz.krakow.pl\/wp-content\/uploads\/2021\/11\/amkp.jpg","width":1193,"height":591,"caption":"Akademia Muzyczna im. Krzysztofa Pendereckiego w Krakowie"},"image":{"@id":"https:\/\/www.amuz.krakow.pl\/#\/schema\/logo\/image\/"},"sameAs":["https:\/\/www.facebook.com\/amuz.krakow","https:\/\/www.instagram.com\/amkpenderecki\/","https:\/\/www.youtube.com\/@amkpenderecki4806"]}]}},"_links":{"self":[{"href":"https:\/\/www.amuz.krakow.pl\/en\/wp-json\/wp\/v2\/pages\/1353","targetHints":{"allow":["GET"]}}],"collection":[{"href":"https:\/\/www.amuz.krakow.pl\/en\/wp-json\/wp\/v2\/pages"}],"about":[{"href":"https:\/\/www.amuz.krakow.pl\/en\/wp-json\/wp\/v2\/types\/page"}],"author":[{"embeddable":true,"href":"https:\/\/www.amuz.krakow.pl\/en\/wp-json\/wp\/v2\/users\/72"}],"replies":[{"embeddable":true,"href":"https:\/\/www.amuz.krakow.pl\/en\/wp-json\/wp\/v2\/comments?post=1353"}],"version-history":[{"count":8,"href":"https:\/\/www.amuz.krakow.pl\/en\/wp-json\/wp\/v2\/pages\/1353\/revisions"}],"predecessor-version":[{"id":105999,"href":"https:\/\/www.amuz.krakow.pl\/en\/wp-json\/wp\/v2\/pages\/1353\/revisions\/105999"}],"up":[{"embeddable":true,"href":"https:\/\/www.amuz.krakow.pl\/en\/wp-json\/wp\/v2\/pages\/33630"}],"wp:featuredmedia":[{"embeddable":true,"href":"https:\/\/www.amuz.krakow.pl\/en\/wp-json\/wp\/v2\/media\/105998"}],"wp:attachment":[{"href":"https:\/\/www.amuz.krakow.pl\/en\/wp-json\/wp\/v2\/media?parent=1353"}],"curies":[{"name":"wp","href":"https:\/\/api.w.org\/{rel}","templated":true}]}}